{"id":11832,"date":"2025-11-26T05:03:37","date_gmt":"2025-11-26T05:03:37","guid":{"rendered":"https:\/\/www.electroluxprofessional.com\/pl\/?page_id=11832"},"modified":"2025-12-03T00:52:15","modified_gmt":"2025-12-03T00:52:15","slug":"flexy-drop-in","status":"publish","type":"page","link":"https:\/\/www.electroluxprofessional.com\/pl\/flexy-drop-in\/","title":{"rendered":"Flexy do zabudowy"},"content":{"rendered":"<p>[vc_row full_width=&#8221;electroluxpro-full-width-no-padding&#8221;][vc_column][elx_image_block background_image=&#8221;11825&#8243; minimum_height=&#8221;400px&#8221;][vc_empty_space][\/vc_column][\/vc_row][vc_row][vc_column][elx_text_image tag_title=&#8221;h1&#8243; style_image=&#8221;image_square&#8221; title_position=&#8221;top&#8221; bg_row=&#8221;bg-download-white&#8221; lists=&#8221;%5B%7B%7D%5D&#8221; values=&#8221;%5B%7B%22icon_electroluxpro%22%3A%20%22elx-icon%20icon-circle-hot-function%22%2C%22title_icon%22%3A%20%22Serwowanie%20na%20gor%C4%85co%22%2C%22text_icon%22%3A%20%22Wentylowane%20bemary%20s%C4%85%20trwa%C5%82e%20i%20op%C5%82acalne.%22%7D%2C%7B%22icon_electroluxpro%22%3A%20%22elx-icon%20icon-circle-cold-function%22%2C%22title_icon%22%3A%20%22Serwowanie%20na%20zimno%22%2C%22text_icon%22%3A%20%22Zachowaj%20%C5%9Bwie%C5%BCo%C5%9B%C4%87%20%C5%BCywno%C5%9Bci%20dzi%C4%99ki%20szerokiej%20gamie%20wyposa%C5%BCenia%20do%20serwowania%20%C5%BCywno%C5%9Bci%20na%20zimno.%22%7D%5D&#8221; single_image=&#8221;11830&#8243; title=&#8221;Flexy do zabudowy&#8221;]<span style=\"font-weight: 400;\">Dzi\u0119ki <\/span><b>12 funkcjom w 6 rozmiarach<\/b><span style=\"font-weight: 400;\"> Twoja firma ma nieograniczone mo\u017cliwo\u015bci. Gor\u0105ce i zimne \u2013 niezale\u017cnie od potrzeb klient\u00f3w mamy dla nich rozwi\u0105zanie.<\/span>[\/elx_text_image][elx_o2000_contact_us text_color=&#8221;#14133B&#8221; button_mode=&#8221;true&#8221; button_style=&#8221;secondary-bordered&#8221; postion_button=&#8221;text-left&#8221; postion_button_mobile=&#8221;text-left-mobile&#8221; text_btn_contact=&#8221;Skontaktuj si\u0119 z nami&#8221;][vc_empty_space][\/vc_column][\/vc_row][vc_row custom_color_row=&#8221;bg-row-light-blue&#8221;][vc_column][elx_features_download title=&#8221;&#8221; title_discover=&#8221;Discover also&#8221; bg_discover_color=&#8221;bg-download-white&#8221; link_discover_color=&#8221;download-text-blue&#8221; bg_row=&#8221;bg-row-light-blue&#8221; values=&#8221;%5B%7B%22select_type%22%3A%22link%22%2C%22link_download%22%3A%22url%3Ahttps%253A%252F%252Fwww.electroluxprofessional.com%252Fwp-content%252Fuploads%252F2021%252F11%252FEPR-servery-leaflet-FlexyDrop-in-EN-20210225_LR.pdf%7Ctitle%3AFlexy%2520Drop-in%2520brochure%7Ctarget%3A_blank%22%2C%22label_pride_document%22%3A%22Download%20the%20Flexy%20Drop-in%20Brochure%22%2C%22document_type%22%3A%22brochures%22%7D%5D&#8221; discover=&#8221;%5B%7B%22link_discover%22%3A%22url%3Ahttps%253A%252F%252Fwww.electroluxprofessional.com%252Fpl%252Fflexy-style%252F%7Ctitle%3AFlexy%2520Style%7Ctarget%3A_blank%22%7D%2C%7B%22link_discover%22%3A%22url%3Ahttps%253A%252F%252Fwww.electroluxprofessional.com%252Fpl%252Fflexy-compact%252F%7Ctitle%3AFlexy%2520Compact%7Ctarget%3A_blank%22%7D%5D&#8221; features=&#8221;%5B%7B%22tag_icon_title%22%3A%22h4%22%7D%5D&#8221;]<\/p>\n<h3>Odkryj wszystkie mo\u017cliwo\u015bci<\/h3>\n<p><span style=\"font-weight: 400;\">Oszcz\u0119dzaj energi\u0119 i koszty, ale nie oszcz\u0119dzaj na wyborze opcji Flexy do zabudowy.<\/span>[\/elx_features_download][\/vc_column][\/vc_row][vc_row][vc_column][vc_empty_space height=&#8221;45px&#8221;][elx_text_image style_image=&#8221;image_square&#8221; bg_row=&#8221;bg-download-white&#8221; title=&#8221;Serwowanie na gor\u0105co&#8221; lists=&#8221;%5B%7B%7D%5D&#8221; values=&#8221;%5B%7B%7D%5D&#8221; single_image=&#8221;11831&#8243;]<span style=\"font-weight: 400;\">Wentylowane bemary s\u0105 trwa\u0142e i op\u0142acalne.<\/span><\/p>\n<p><b>Nigdy wi\u0119cej wody<\/b><br \/>\n<span style=\"font-weight: 400;\">Bemary, jakich nigdy wcze\u015bniej nie widziano. Wentylowane bemary oznaczaj\u0105 brak gromadz\u0105cej si\u0119 wody! W ten spos\u00f3b obni\u017casz koszty u\u017cywania &amp; instalacji, a konserwacja jest \u0142atwiejsza.<\/span><\/p>\n<p><b>B\u0142yskawiczne nagrzewanie<\/b><br \/>\n<span style=\"font-weight: 400;\">Zmniejsz zu\u017cycie energii i czas nagrzewania. Wystarczy zaledwie <\/span><b>16 minut<\/b><span style=\"font-weight: 400;\">, a urz\u0105dzenie b\u0119dzie gotowe do pracy!<\/span>[\/elx_text_image][\/vc_column][\/vc_row][vc_row full_width=&#8221;electroluxpro-container-no-padding&#8221; css=&#8221;.vc_custom_1747733751415{background-color: #c4d69a !important;}&#8221; el_id=&#8221;energy_savings&#8221;][vc_column][elx_features_download title=&#8221;Oszcz\u0119dno\u015b\u0107 dzi\u0119ki wentylowanym bemarom&#8221; tag_title=&#8221;h3&#8243; class_title=&#8221;h3&#8243; title_position=&#8221;top&#8221; bg_row=&#8221;bg-row-sustainability-green&#8221; values=&#8221;%5B%7B%22select_type%22%3A%22link%22%7D%5D&#8221; discover=&#8221;%5B%7B%7D%5D&#8221; features=&#8221;%5B%7B%22icon_electroluxpro%22%3A%20%22elx-icon%20icon-circle-savings-green-blue%22%2C%22title_icon%22%3A%20%22Oszcz%C4%99dzaj%20nawet%20407%20EUR%2F%20rok%2A%22%2C%22text_icon%22%3A%20%22Ciesz%20si%C4%99%20oszcz%C4%99dno%C5%9Bciami%20energii%2C%20pieni%C4%99dzy%20i%20czasu.%3Cp%20style%3D%5C%22font-size%3A%2014px%3B%20line-height%3A%2017px%3B%5C%22%3E%2AObliczenia%20na%20podstawie%20koszt%C3%B3w%20bie%C5%BC%C4%85cych%2C%20zgodnie%20z%20procedur%C4%85%20testow%C4%85%20Afnor.%20Dane%20dost%C4%99pne%20w%20kwietniu%202020%20r.%20%28%C5%9Aredni%20koszt%20energii%20w%20UE%20wynosi%200%2C21%20EUR%2FkWh%29.%3C%2Fp%3E%22%7D%5D&#8221;][\/elx_features_download][\/vc_column][vc_column][vc_empty_space][\/vc_column][\/vc_row][vc_row full_width=&#8221;electroluxpro-container-no-padding&#8221; disable_element=&#8221;yes&#8221; css=&#8221;.vc_custom_1753174532099{background-color: #c4d69a !important;}&#8221;][vc_column][vc_empty_space][elx_heading font_container=&#8221;h3&#8243; text_color=&#8221;inherit&#8221; text_align=&#8221;text-center&#8221;]Oszcz\u0119dno\u015b\u0107 dzi\u0119ki wentylowanym bemarom[\/elx_heading][vc_empty_space][\/vc_column][vc_column width=&#8221;1\/3&#8243;][vc_row_inner][vc_column_inner width=&#8221;3\/12&#8243;][vc_empty_space height=&#8221;15px&#8221;][elx_icons icon_size=&#8221;elx-icon-medium&#8221; icon_electroluxpro=&#8221;elx-icon icon-90-energy-saving&#8221;][\/vc_column_inner][vc_column_inner width=&#8221;1\/12&#8243;][vc_empty_space][\/vc_column_inner][vc_column_inner width=&#8221;8\/12&#8243;][vc_column_text]<\/p>\n<h4>Oszcz\u0119dzaj nawet 90% energii<\/h4>\n<p>podczas rozgrzewania[\/vc_column_text][\/vc_column_inner][\/vc_row_inner][\/vc_column][vc_column width=&#8221;1\/3&#8243;][vc_row_inner][vc_column_inner width=&#8221;3\/12&#8243;][vc_empty_space height=&#8221;15px&#8221;][elx_icons icon_size=&#8221;elx-icon-medium&#8221; icon_electroluxpro=&#8221;elx-icon icon-35-energy-saving&#8221;][\/vc_column_inner][vc_column_inner width=&#8221;1\/12&#8243;][vc_empty_space][\/vc_column_inner][vc_column_inner width=&#8221;8\/12&#8243;][vc_column_text]<\/p>\n<h4>Oszcz\u0119dzaj nawet 35% energii<\/h4>\n<p>podczas pracy[\/vc_column_text][\/vc_column_inner][\/vc_row_inner][\/vc_column][vc_column width=&#8221;1\/3&#8243;][vc_row_inner][vc_column_inner width=&#8221;3\/12&#8243;][vc_empty_space height=&#8221;15px&#8221;][elx_icons icon_size=&#8221;elx-icon-medium&#8221; icon_electroluxpro=&#8221;elx-icon icon-circle-savings-green-blue&#8221;][\/vc_column_inner][vc_column_inner width=&#8221;1\/12&#8243;][vc_empty_space][\/vc_column_inner][vc_column_inner width=&#8221;8\/12&#8243;][vc_column_text]<\/p>\n<h4>Oszcz\u0119dzaj nawet 407 EUR\/ rok*<\/h4>\n<p>Ciesz si\u0119 oszcz\u0119dno\u015bciami energii, pieni\u0119dzy i czasu.<\/p>\n<p style=\"font-size: 14px; line-height: 17px;\">*Obliczenia na podstawie koszt\u00f3w bie\u017c\u0105cych, zgodnie z procedur\u0105 testow\u0105 Afnor.<br \/>\nDane dost\u0119pne w kwietniu 2020 r. (\u015aredni koszt energii w UE wynosi 0,21 EUR\/kWh).<\/p>\n<p>[\/vc_column_text][\/vc_column_inner][\/vc_row_inner][\/vc_column][vc_column][vc_empty_space][\/vc_column][\/vc_row][vc_row][vc_column][vc_empty_space][\/vc_column][\/vc_row][vc_row full_width=&#8221;electroluxpro-container-no-padding&#8221; disable_element=&#8221;yes&#8221; css=&#8221;.vc_custom_1747411482025{background-color: #aedcb0 !important;}&#8221;][vc_column][vc_empty_space][elx_heading font_container=&#8221;h3&#8243; text_color=&#8221;inherit&#8221; text_align=&#8221;text-center&#8221;]Oszcz\u0119dno\u015b\u0107 dzi\u0119ki wentylowanym bemarom[\/elx_heading][vc_empty_space][\/vc_column][vc_column width=&#8221;1\/3&#8243;][elx_icons icon_size=&#8221;elx-icon-medium&#8221; icon_electroluxpro=&#8221;elx-icon icon-circle-arrow-down-blue&#8221;][vc_empty_space height=&#8221;10px&#8221;][vc_column_text]<\/p>\n<h4 style=\"text-align: center;\">Oszcz\u0119dzaj nawet 90% energii<\/h4>\n<p style=\"text-align: center;\">podczas rozgrzewania<\/p>\n<p>[\/vc_column_text][\/vc_column][vc_column width=&#8221;1\/3&#8243;][elx_icons icon_size=&#8221;elx-icon-medium&#8221; icon_electroluxpro=&#8221;elx-icon icon-circle-arrow-down-blue&#8221;][vc_empty_space height=&#8221;10px&#8221;][vc_column_text]<\/p>\n<h4 style=\"text-align: center;\">Oszcz\u0119dzaj nawet 35% energii<\/h4>\n<p style=\"text-align: center;\">podczas pracy<\/p>\n<p>[\/vc_column_text][\/vc_column][vc_column width=&#8221;1\/3&#8243;][elx_icons icon_size=&#8221;elx-icon-medium&#8221; icon_electroluxpro=&#8221;elx-icon icon-circle-savings-green-blue&#8221;][vc_empty_space height=&#8221;10px&#8221;][vc_column_text]<\/p>\n<h4 style=\"text-align: center;\">Oszcz\u0119dzaj nawet 407 EUR\/ rok*<\/h4>\n<p style=\"text-align: center;\">Ciesz si\u0119 oszcz\u0119dno\u015bciami energii, pieni\u0119dzy i czasu.<\/p>\n<p>[\/vc_column_text][\/vc_column][vc_column][vc_empty_space][vc_column_text]<\/p>\n<p style=\"font-size: 14px; line-height: 17px;\">*Obliczenia na podstawie koszt\u00f3w bie\u017c\u0105cych, zgodnie z procedur\u0105 testow\u0105 Afnor. Dane dost\u0119pne w kwietniu 2020 r. (\u015aredni koszt energii w UE wynosi 0,21 EUR\/kWh).<\/p>\n<p>[\/vc_column_text][vc_empty_space][\/vc_column][\/vc_row][vc_row][vc_column][vc_empty_space][vc_column_text]<\/p>\n<h2><b>Serwowanie na zimno<\/b><\/h2>\n<p><span style=\"font-weight: 400;\">Zachowaj \u015bwie\u017co\u015b\u0107 \u017cywno\u015bci dzi\u0119ki szerokiej gamie wyposa\u017cenia do serwowania \u017cywno\u015bci na zimno \u2013 od sa\u0142atek i ser\u00f3w po w\u0119dliny i owoce.<\/span>[\/vc_column_text][vc_empty_space][\/vc_column][vc_column width=&#8221;1\/2&#8243;][vc_single_image image=&#8221;11826&#8243; img_size=&#8221;500&#215;375&#8243; alignment=&#8221;center&#8221;][vc_column_text]<\/p>\n<h3><b>Szafy do serwowania jedzenia na zimno<\/b><\/h3>\n<p><span style=\"font-weight: 400;\">Wybierz p\u00f3\u0142ki nachylone pod k\u0105tem, aby zapewni\u0107 optymaln\u0105 widoczno\u015b\u0107.<\/span>[\/vc_column_text][vc_empty_space height=&#8221;15px&#8221;][\/vc_column][vc_column width=&#8221;1\/2&#8243;][vc_single_image image=&#8221;11827&#8243; img_size=&#8221;500&#215;375&#8243; alignment=&#8221;center&#8221;][vc_column_text]<\/p>\n<h3><b>Lady do serwowania jedzenia na zimno<\/b><\/h3>\n<p><span style=\"font-weight: 400;\">Zapewniaj\u0105 &amp; sta\u0142y, r\u00f3wnomierny rozk\u0142ad niskiej temperatury.<\/span>[\/vc_column_text][vc_empty_space height=&#8221;15px&#8221;][\/vc_column][\/vc_row][vc_row][vc_column][vc_empty_space][\/vc_column][\/vc_row][vc_row][vc_column width=&#8221;1\/5&#8243;][vc_empty_space][\/vc_column][vc_column width=&#8221;1\/5&#8243;][vc_empty_space][\/vc_column][vc_column width=&#8221;1\/5&#8243;][elx_button button_text=&#8221;PRZEJD\u0179 DO PRODUKT\u00d3W&#8221; button_link=&#8221;url:%23products&#8221;][\/vc_column][vc_column width=&#8221;1\/5&#8243;][\/vc_column][vc_column width=&#8221;1\/5&#8243;][\/vc_column][\/vc_row][vc_row][vc_column][vc_empty_space height=&#8221;45px&#8221;][\/vc_column][\/vc_row][vc_row full_width=&#8221;electroluxpro-full-width-no-padding&#8221;][vc_column][elx_features_download title=&#8221;&#8221; title_position=&#8221;top&#8221; bg_row=&#8221;bg-row-sustainability-green&#8221; values=&#8221;%5B%7B%22select_type%22%3A%22link%22%7D%5D&#8221; discover=&#8221;%5B%7B%7D%5D&#8221; features=&#8221;%5B%7B%22icon_electroluxpro%22%3A%20%22elx-icon%20icon-circle-green-blue%22%2C%22title_icon%22%3A%20%22Bardziej%20zr%C3%B3wnowa%C5%BCone%20z%20R290%22%2C%22text_icon%22%3A%20%22Gaz%20R290%20ma%20mniejszy%20wp%C5%82yw%20na%20%C5%9Brodowisko%20i%20mniej%20agresywny%20wp%C5%82yw%20na%20podzespo%C5%82y%20lod%C3%B3wki%20ni%C5%BC%20gaz%20tradycyjny.%22%7D%5D&#8221;][\/elx_features_download][\/vc_column][\/vc_row][vc_row][vc_column][vc_empty_space height=&#8221;50px&#8221;][vc_column_text]<\/p>\n<h2><b>Wybierz Flexy Line, kt\u00f3ra spe\u0142ni Twoje potrzeby<\/b><\/h2>\n<p>[\/vc_column_text][vc_empty_space][\/vc_column][vc_column width=&#8221;1\/2&#8243;][vc_single_image image=&#8221;11828&#8243; img_size=&#8221;full&#8221; alignment=&#8221;center&#8221;][vc_column_text]<\/p>\n<h3>Flexy Style &amp; Style<sup>JR<\/sup><\/h3>\n<p><span style=\"font-weight: 400;\">Posi\u0142ki poza domem s\u0105 nie tylko chwil\u0105 relaksu, ale te\u017c uczt\u0105 dozna\u0144.Spe\u0142nij wszystkie \u017cyczenia swoich klient\u00f3w, wykorzystuj\u0105c nowe trendy kulinarne i zr\u00f3wnowa\u017cony rozw\u00f3j, bez kompromis\u00f3w.<\/span>[\/vc_column_text][vc_empty_space height=&#8221;15px&#8221;][elx_button button_text=&#8221;ODKRYJ FLEXY STYLE&#8221; button_style=&#8221;secondary-bordered&#8221; button_link=&#8221;url:https%3A%2F%2Fwww.electroluxprofessional.com%2Fpl%2Fflexy-style%2F|title:Flexy%20Style&#8221;][\/vc_column][vc_column width=&#8221;1\/2&#8243;][vc_single_image image=&#8221;11829&#8243; img_size=&#8221;full&#8221; alignment=&#8221;center&#8221;][vc_column_text]<\/p>\n<h3>Flexy Compact &amp; Compact<sup>JR<\/sup><\/h3>\n<p><span style=\"font-weight: 400;\">Kompaktowo\u015b\u0107 i wielofunkcyjno\u015b\u0107, dla idealnego dopasowania \u2013 Electrolux Professional stworzy\u0142a elastyczn\u0105 lini\u0119 idealnych rozwi\u0105za\u0144 w zakresie serwowania, aby spe\u0142ni\u0107 potrzeby Twojej firmy.<\/span>[\/vc_column_text][vc_empty_space height=&#8221;15px&#8221;][elx_button button_text=&#8221;ODKRYJ FLEXY COMPACT&#8221; button_style=&#8221;secondary-bordered&#8221; button_link=&#8221;url:https%3A%2F%2Fwww.electroluxprofessional.com%2Fpl%2Fflexy-compact%2F|title:Flexy%20Compact&#8221;][\/vc_column][vc_column][vc_empty_space height=&#8221;50px&#8221;][\/vc_column][\/vc_row][vc_row][vc_column][vc_empty_space][elx_heading text_color=&#8221;inherit&#8221; text_align=&#8221;text-center&#8221;]Skontaktuj si\u0119 z nami, aby otrzyma\u0107 wi\u0119cej informacji na temat rozwi\u0105za\u0144 Flexy do zabudowy[\/elx_heading][vc_empty_space][elx_o2000_contact_us][\/vc_column][\/vc_row][vc_row el_id=&#8221;products&#8221;][vc_column][vc_empty_space][\/vc_column][\/vc_row]<\/p>\n","protected":false},"excerpt":{"rendered":"<p>[vc_row full_width=&#8221;electroluxpro-full-width-no-padding&#8221;][vc_column][elx_image_block background_image=&#8221;11825&#8243; minimum_height=&#8221;400px&#8221;][vc_empty_space][\/vc_column][\/vc_row][vc_row][vc_column][elx_text_image tag_title=&#8221;h1&#8243; style_image=&#8221;image_square&#8221; title_position=&#8221;top&#8221; bg_row=&#8221;bg-download-white&#8221; lists=&#8221;%5B%7B%7D%5D&#8221; values=&#8221;%5B%7B%22icon_electroluxpro%22%3A%20%22elx-icon%20icon-circle-hot-function%22%2C%22title_icon%22%3A%20%22Serwowanie%20na%20gor%C4%85co%22%2C%22text_icon%22%3A%20%22Wentylowane%20bemary%20s%C4%85%20trwa%C5%82e%20i%20op%C5%82acalne.%22%7D%2C%7B%22icon_electroluxpro%22%3A%20%22elx-icon%20icon-circle-cold-function%22%2C%22title_icon%22%3A%20%22Serwowanie%20na%20zimno%22%2C%22text_icon%22%3A%20%22Zachowaj%20%C5%9Bwie%C5%BCo%C5%9B%C4%87%20%C5%BCywno%C5%9Bci%20dzi%C4%99ki%20szerokiej%20gamie%20wyposa%C5%BCenia%20do%20serwowania%20%C5%BCywno%C5%9Bci%20na%20zimno.%22%7D%5D&#8221; single_image=&#8221;11830&#8243; title=&#8221;Flexy do zabudowy&#8221;]Dzi\u0119ki 12 funkcjom w 6 rozmiarach Twoja firma ma nieograniczone mo\u017cliwo\u015bci. Gor\u0105ce i zimne \u2013 niezale\u017cnie od potrzeb klient\u00f3w mamy dla nich rozwi\u0105zanie.[\/elx_text_image][elx_o2000_contact_us text_color=&#8221;#14133B&#8221; button_mode=&#8221;true&#8221; button_style=&#8221;secondary-bordered&#8221; postion_button=&#8221;text-left&#8221; postion_button_mobile=&#8221;text-left-mobile&#8221; text_btn_contact=&#8221;Skontaktuj si\u0119 z nami&#8221;][vc_empty_space][\/vc_column][\/vc_row][vc_row custom_color_row=&#8221;bg-row-light-blue&#8221;][vc_column][elx_features_download title=&#8221;&#8221; title_discover=&#8221;Discover also&#8221; bg_discover_color=&#8221;bg-download-white&#8221; link_discover_color=&#8221;download-text-blue&#8221; bg_row=&#8221;bg-row-light-blue&#8221; values=&#8221;%5B%7B%22select_type%22%3A%22link%22%2C%22link_download%22%3A%22url%3Ahttps%253A%252F%252Fwww.electroluxprofessional.com%252Fwp-content%252Fuploads%252F2021%252F11%252FEPR-servery-leaflet-FlexyDrop-in-EN-20210225_LR.pdf%7Ctitle%3AFlexy%2520Drop-in%2520brochure%7Ctarget%3A_blank%22%2C%22label_pride_document%22%3A%22Download%20the%20Flexy%20Drop-in%20Brochure%22%2C%22document_type%22%3A%22brochures%22%7D%5D&#8221; discover=&#8221;%5B%7B%22link_discover%22%3A%22url%3Ahttps%253A%252F%252Fwww.electroluxprofessional.com%252Fpl%252Fflexy-style%252F%7Ctitle%3AFlexy%2520Style%7Ctarget%3A_blank%22%7D%2C%7B%22link_discover%22%3A%22url%3Ahttps%253A%252F%252Fwww.electroluxprofessional.com%252Fpl%252Fflexy-compact%252F%7Ctitle%3AFlexy%2520Compact%7Ctarget%3A_blank%22%7D%5D&#8221; features=&#8221;%5B%7B%22tag_icon_title%22%3A%22h4%22%7D%5D&#8221;] [&hellip;]<\/p>\n","protected":false},"author":120,"featured_media":11824,"parent":0,"menu_order":0,"comment_status":"closed","ping_status":"closed","template":"","meta":{"footnotes":""},"class_list":["post-11832","page","type-page","status-publish","has-post-thumbnail","hentry"],"acf":[],"yoast_head":"<!-- This site is optimized with the Yoast SEO plugin v23.3 - https:\/\/yoast.com\/wordpress\/plugins\/seo\/ -->\n<title>Flexy do zabudowy - Electrolux Professional Polska<\/title>\n<meta name=\"description\" content=\"Flexy Drop-in. Deliciously adaptable flexible servery solutions. 12 functions in 6 sizes. Hot, cold and hybrid \u2013 whatever your clients\u2019 needs we have the solution. Unlimited possibilities for your business.\" \/>\n<meta name=\"robots\" content=\"index, follow, max-snippet:-1, max-image-preview:large, max-video-preview:-1\" \/>\n<link rel=\"canonical\" href=\"https:\/\/www.electroluxprofessional.com\/pl\/flexy-drop-in\/\" \/>\n<meta property=\"og:locale\" content=\"pl_PL\" \/>\n<meta property=\"og:type\" content=\"article\" \/>\n<meta property=\"og:title\" content=\"Flexy do zabudowy - Electrolux Professional Polska\" \/>\n<meta property=\"og:description\" content=\"Flexy Drop-in. Deliciously adaptable flexible servery solutions. 12 functions in 6 sizes. Hot, cold and hybrid \u2013 whatever your clients\u2019 needs we have the solution. Unlimited possibilities for your business.\" \/>\n<meta property=\"og:url\" content=\"https:\/\/www.electroluxprofessional.com\/pl\/flexy-drop-in\/\" \/>\n<meta property=\"og:site_name\" content=\"Electrolux Professional Polska\" \/>\n<meta property=\"article:modified_time\" content=\"2025-12-03T00:52:15+00:00\" \/>\n<meta property=\"og:image\" content=\"https:\/\/www.electroluxprofessional.com\/pl\/wp-content\/uploads\/2025\/11\/791B8083.jpg\" \/>\n\t<meta property=\"og:image:width\" content=\"2000\" \/>\n\t<meta property=\"og:image:height\" content=\"702\" \/>\n\t<meta property=\"og:image:type\" content=\"image\/jpeg\" \/>\n<meta name=\"twitter:card\" content=\"summary_large_image\" \/>\n<meta name=\"twitter:label1\" content=\"Szacowany czas czytania\" \/>\n\t<meta name=\"twitter:data1\" content=\"4 minuty\" \/>\n<script type=\"application\/ld+json\" class=\"yoast-schema-graph\">{\"@context\":\"https:\/\/schema.org\",\"@graph\":[{\"@type\":\"WebPage\",\"@id\":\"https:\/\/www.electroluxprofessional.com\/pl\/flexy-drop-in\/\",\"url\":\"https:\/\/www.electroluxprofessional.com\/pl\/flexy-drop-in\/\",\"name\":\"Flexy do zabudowy - Electrolux Professional Polska\",\"isPartOf\":{\"@id\":\"https:\/\/www.electroluxprofessional.com\/pl\/#website\"},\"primaryImageOfPage\":{\"@id\":\"https:\/\/www.electroluxprofessional.com\/pl\/flexy-drop-in\/#primaryimage\"},\"image\":{\"@id\":\"https:\/\/www.electroluxprofessional.com\/pl\/flexy-drop-in\/#primaryimage\"},\"thumbnailUrl\":\"https:\/\/www.electroluxprofessional.com\/pl\/wp-content\/uploads\/2025\/11\/791B8083.jpg\",\"datePublished\":\"2025-11-26T05:03:37+00:00\",\"dateModified\":\"2025-12-03T00:52:15+00:00\",\"description\":\"Flexy Drop-in. Deliciously adaptable flexible servery solutions. 12 functions in 6 sizes. Hot, cold and hybrid \u2013 whatever your clients\u2019 needs we have the solution. Unlimited possibilities for your business.\",\"breadcrumb\":{\"@id\":\"https:\/\/www.electroluxprofessional.com\/pl\/flexy-drop-in\/#breadcrumb\"},\"inLanguage\":\"pl-PL\",\"potentialAction\":[{\"@type\":\"ReadAction\",\"target\":[\"https:\/\/www.electroluxprofessional.com\/pl\/flexy-drop-in\/\"]}]},{\"@type\":\"ImageObject\",\"inLanguage\":\"pl-PL\",\"@id\":\"https:\/\/www.electroluxprofessional.com\/pl\/flexy-drop-in\/#primaryimage\",\"url\":\"https:\/\/www.electroluxprofessional.com\/pl\/wp-content\/uploads\/2025\/11\/791B8083.jpg\",\"contentUrl\":\"https:\/\/www.electroluxprofessional.com\/pl\/wp-content\/uploads\/2025\/11\/791B8083.jpg\",\"width\":2000,\"height\":702},{\"@type\":\"BreadcrumbList\",\"@id\":\"https:\/\/www.electroluxprofessional.com\/pl\/flexy-drop-in\/#breadcrumb\",\"itemListElement\":[{\"@type\":\"ListItem\",\"position\":1,\"name\":\"Strona g\u0142\u00f3wna\",\"item\":\"https:\/\/www.electroluxprofessional.com\/pl\/\"},{\"@type\":\"ListItem\",\"position\":2,\"name\":\"Flexy do zabudowy\"}]},{\"@type\":\"WebSite\",\"@id\":\"https:\/\/www.electroluxprofessional.com\/pl\/#website\",\"url\":\"https:\/\/www.electroluxprofessional.com\/pl\/\",\"name\":\"Electrolux Professional Polska\",\"description\":\"\",\"potentialAction\":[{\"@type\":\"SearchAction\",\"target\":{\"@type\":\"EntryPoint\",\"urlTemplate\":\"https:\/\/www.electroluxprofessional.com\/pl\/?src={search_term_string}\"},\"query-input\":\"required name=search_term_string\"}],\"inLanguage\":\"pl-PL\"}]}<\/script>\n<!-- \/ Yoast SEO plugin. -->","yoast_head_json":{"title":"Flexy do zabudowy - Electrolux Professional Polska","description":"Flexy Drop-in. Deliciously adaptable flexible servery solutions. 12 functions in 6 sizes. Hot, cold and hybrid \u2013 whatever your clients\u2019 needs we have the solution. Unlimited possibilities for your business.","robots":{"index":"index","follow":"follow","max-snippet":"max-snippet:-1","max-image-preview":"max-image-preview:large","max-video-preview":"max-video-preview:-1"},"canonical":"https:\/\/www.electroluxprofessional.com\/pl\/flexy-drop-in\/","og_locale":"pl_PL","og_type":"article","og_title":"Flexy do zabudowy - Electrolux Professional Polska","og_description":"Flexy Drop-in. Deliciously adaptable flexible servery solutions. 12 functions in 6 sizes. Hot, cold and hybrid \u2013 whatever your clients\u2019 needs we have the solution. Unlimited possibilities for your business.","og_url":"https:\/\/www.electroluxprofessional.com\/pl\/flexy-drop-in\/","og_site_name":"Electrolux Professional Polska","article_modified_time":"2025-12-03T00:52:15+00:00","og_image":[{"width":2000,"height":702,"url":"https:\/\/www.electroluxprofessional.com\/pl\/wp-content\/uploads\/2025\/11\/791B8083.jpg","type":"image\/jpeg"}],"twitter_card":"summary_large_image","twitter_misc":{"Szacowany czas czytania":"4 minuty"},"schema":{"@context":"https:\/\/schema.org","@graph":[{"@type":"WebPage","@id":"https:\/\/www.electroluxprofessional.com\/pl\/flexy-drop-in\/","url":"https:\/\/www.electroluxprofessional.com\/pl\/flexy-drop-in\/","name":"Flexy do zabudowy - Electrolux Professional Polska","isPartOf":{"@id":"https:\/\/www.electroluxprofessional.com\/pl\/#website"},"primaryImageOfPage":{"@id":"https:\/\/www.electroluxprofessional.com\/pl\/flexy-drop-in\/#primaryimage"},"image":{"@id":"https:\/\/www.electroluxprofessional.com\/pl\/flexy-drop-in\/#primaryimage"},"thumbnailUrl":"https:\/\/www.electroluxprofessional.com\/pl\/wp-content\/uploads\/2025\/11\/791B8083.jpg","datePublished":"2025-11-26T05:03:37+00:00","dateModified":"2025-12-03T00:52:15+00:00","description":"Flexy Drop-in. Deliciously adaptable flexible servery solutions. 12 functions in 6 sizes. Hot, cold and hybrid \u2013 whatever your clients\u2019 needs we have the solution. Unlimited possibilities for your business.","breadcrumb":{"@id":"https:\/\/www.electroluxprofessional.com\/pl\/flexy-drop-in\/#breadcrumb"},"inLanguage":"pl-PL","potentialAction":[{"@type":"ReadAction","target":["https:\/\/www.electroluxprofessional.com\/pl\/flexy-drop-in\/"]}]},{"@type":"ImageObject","inLanguage":"pl-PL","@id":"https:\/\/www.electroluxprofessional.com\/pl\/flexy-drop-in\/#primaryimage","url":"https:\/\/www.electroluxprofessional.com\/pl\/wp-content\/uploads\/2025\/11\/791B8083.jpg","contentUrl":"https:\/\/www.electroluxprofessional.com\/pl\/wp-content\/uploads\/2025\/11\/791B8083.jpg","width":2000,"height":702},{"@type":"BreadcrumbList","@id":"https:\/\/www.electroluxprofessional.com\/pl\/flexy-drop-in\/#breadcrumb","itemListElement":[{"@type":"ListItem","position":1,"name":"Strona g\u0142\u00f3wna","item":"https:\/\/www.electroluxprofessional.com\/pl\/"},{"@type":"ListItem","position":2,"name":"Flexy do zabudowy"}]},{"@type":"WebSite","@id":"https:\/\/www.electroluxprofessional.com\/pl\/#website","url":"https:\/\/www.electroluxprofessional.com\/pl\/","name":"Electrolux Professional Polska","description":"","potentialAction":[{"@type":"SearchAction","target":{"@type":"EntryPoint","urlTemplate":"https:\/\/www.electroluxprofessional.com\/pl\/?src={search_term_string}"},"query-input":"required name=search_term_string"}],"inLanguage":"pl-PL"}]}},"_links":{"self":[{"href":"https:\/\/www.electroluxprofessional.com\/pl\/wp-json\/wp\/v2\/pages\/11832"}],"collection":[{"href":"https:\/\/www.electroluxprofessional.com\/pl\/wp-json\/wp\/v2\/pages"}],"about":[{"href":"https:\/\/www.electroluxprofessional.com\/pl\/wp-json\/wp\/v2\/types\/page"}],"author":[{"embeddable":true,"href":"https:\/\/www.electroluxprofessional.com\/pl\/wp-json\/wp\/v2\/users\/120"}],"replies":[{"embeddable":true,"href":"https:\/\/www.electroluxprofessional.com\/pl\/wp-json\/wp\/v2\/comments?post=11832"}],"version-history":[{"count":3,"href":"https:\/\/www.electroluxprofessional.com\/pl\/wp-json\/wp\/v2\/pages\/11832\/revisions"}],"predecessor-version":[{"id":11885,"href":"https:\/\/www.electroluxprofessional.com\/pl\/wp-json\/wp\/v2\/pages\/11832\/revisions\/11885"}],"wp:featuredmedia":[{"embeddable":true,"href":"https:\/\/www.electroluxprofessional.com\/pl\/wp-json\/wp\/v2\/media\/11824"}],"wp:attachment":[{"href":"https:\/\/www.electroluxprofessional.com\/pl\/wp-json\/wp\/v2\/media?parent=11832"}],"curies":[{"name":"wp","href":"https:\/\/api.w.org\/{rel}","templated":true}]}}