{"id":11794,"date":"2025-11-26T05:00:17","date_gmt":"2025-11-26T05:00:17","guid":{"rendered":"https:\/\/www.electroluxprofessional.com\/pl\/?page_id=11794"},"modified":"2025-12-03T00:55:21","modified_gmt":"2025-12-03T00:55:21","slug":"flexy-line","status":"publish","type":"page","link":"https:\/\/www.electroluxprofessional.com\/pl\/flexy-line\/","title":{"rendered":"Flexy Line"},"content":{"rendered":"<p>[vc_row full_width=&#8221;electroluxpro-full-width-no-padding&#8221;][vc_column][vc_single_image image=&#8221;11790&#8243; img_size=&#8221;full&#8221;][vc_empty_space][\/vc_column][\/vc_row][vc_row][vc_column][vc_empty_space][vc_column_text]<\/p>\n<h1>Flexy Line: Elastyczne rozwi\u0105zania do serwowania potraw<\/h1>\n<p>&nbsp;<\/p>\n<p><span style=\"font-weight: 400;\">Zamie\u0144 swoje potrzeby w projekt na zam\u00f3wienie i spraw, aby Twoi go\u015bcie poczuli si\u0119 swobodnie. Bez wzgl\u0119du na to, czy mowa o <\/span><b>hotelu<\/b><span style=\"font-weight: 400;\">,<\/span><b> szkole <\/b><span style=\"font-weight: 400;\">czy innej<\/span><b> firmie<\/b><span style=\"font-weight: 400;\">, wyobra\u017a sobie, \u017ce prezentujesz swoim go\u015bciom niezapomniane wra\u017cenia z jedzenia w inspiruj\u0105cym otoczeniu.<\/span>[\/vc_column_text][vc_empty_space][elx_o2000_contact_us form_alignment=&#8221;left&#8221; button_mode=&#8221;true&#8221; button_style=&#8221;secondary-bordered&#8221; postion_button=&#8221;text-left&#8221; postion_button_mobile=&#8221;text-left-mobile&#8221; text_btn_contact=&#8221;skontaktuj si\u0119 z nami&#8221;][vc_empty_space][\/vc_column][\/vc_row][vc_row custom_color_row=&#8221;bg-row-light-blue&#8221; css=&#8221;.vc_custom_1743688957954{background-color: #e9eff5 !important;}&#8221;][vc_column][elx_features_download title=&#8221;&#8221; title_position=&#8221;top&#8221; bg_row=&#8221;bg-row-light-blue&#8221; values=&#8221;%5B%7B%22select_type%22%3A%22link%22%7D%5D&#8221; discover=&#8221;%5B%7B%7D%5D&#8221; features=&#8221;%5B%7B%22icon_electroluxpro%22%3A%20%22elx-icon%20icon-circle-measurements-blue%22%2C%22title_icon%22%3A%20%22BOHATER%20w%20projektowaniu%20i%20elastyczno%C5%9Bci%22%2C%22text_icon%22%3A%20%22Proste%20linie%2C%20nieograniczone%20wyko%C5%84czenie%20i%20jasne%20%C5%9Bwiat%C5%82a%20eksponuj%C4%85%20jedzenie%20bez%20utraty%20funkcjonalno%C5%9Bci.%22%7D%2C%7B%22icon_electroluxpro%22%3A%20%22elx-icon%20icon-circle-food-quality-blue%22%2C%22title_icon%22%3A%20%22BOHATER%20w%20zakresie%20prezentacji%20i%20widoczno%C5%9Bci%20potraw%22%2C%22text_icon%22%3A%20%22Dzi%C4%99ki%20technologii%20o%C5%9Bwietlenia%20LED%20%C5%9Bwie%C5%BCo%C5%9B%C4%87%20i%20pi%C4%99kno%20potraw%20s%C4%85%20jeszcze%20bardziej%20atrakcyjne.%22%7D%2C%7B%22icon_electroluxpro%22%3A%20%22elx-icon%20icon-circle-safe-blue%22%2C%22title_icon%22%3A%20%22BOHATER%20w%20zakresie%20higieny%20i%20czyszczenia%22%2C%22text_icon%22%3A%20%22Minimalistyczna%20konstrukcja%20zapewnia%20optymalne%20czyszczenie%20i%20higien%C4%99%20ka%C5%BCdego%20dnia.%22%7D%2C%7B%22icon_electroluxpro%22%3A%20%22elx-icon%20icon-circle-savings-green-blue%22%2C%22title_icon%22%3A%20%22BOHATER%20zr%C3%B3wnowa%C5%BConego%20rozwoju%22%2C%22text_icon%22%3A%20%22Zr%C3%B3wnowa%C5%BCony%20rozw%C3%B3j%20jest%20zawsze%20na%20szczycie%20naszych%20priorytet%C3%B3w%2C%20tak%20samo%2C%20jak%20d%C5%82ugoterminowe%20oszcz%C4%99dno%C5%9Bci%20naszych%20klient%C3%B3w.%22%7D%5D&#8221;][\/elx_features_download][\/vc_column][\/vc_row][vc_row disable_element=&#8221;yes&#8221;][vc_column][vc_empty_space][elx_multiple_columns_features number_columns=&#8221;2&#8243; bg_row=&#8221;bg-download-white&#8221; title_position=&#8221;top&#8221; values=&#8221;%5B%7B%22icon_electroluxpro%22%3A%20%22elx-icon%20icon-circle-measurements-blue%22%2C%22title%22%3A%20%22BOHATER%20w%20projektowaniu%20i%20elastyczno%C5%9Bci%22%2C%22text%22%3A%20%22Proste%20linie%2C%20nieograniczone%20wyko%C5%84czenie%20i%20jasne%20%C5%9Bwiat%C5%82a%20eksponuj%C4%85%20jedzenie%20bez%20utraty%20funkcjonalno%C5%9Bci.%22%7D%2C%7B%22icon_electroluxpro%22%3A%20%22elx-icon%20icon-circle-food-quality-blue%22%2C%22title%22%3A%20%22BOHATER%20w%20zakresie%20prezentacji%20i%20widoczno%C5%9Bci%20potraw%22%2C%22text%22%3A%20%22Dzi%C4%99ki%20technologii%20o%C5%9Bwietlenia%20LED%20%C5%9Bwie%C5%BCo%C5%9B%C4%87%20i%20pi%C4%99kno%20potraw%20s%C4%85%20jeszcze%20bardziej%20atrakcyjne.%22%7D%5D&#8221;][vc_empty_space height=&#8221;15px&#8221;][elx_multiple_columns_features number_columns=&#8221;2&#8243; bg_row=&#8221;bg-download-white&#8221; title_position=&#8221;top&#8221; values=&#8221;%5B%7B%22icon_electroluxpro%22%3A%20%22elx-icon%20icon-circle-safe-blue%22%2C%22title%22%3A%20%22BOHATER%20w%20zakresie%20higieny%20i%20czyszczenia%22%2C%22text%22%3A%20%22Minimalistyczna%20konstrukcja%20zapewnia%20optymalne%20czyszczenie%20i%20higien%C4%99%20ka%C5%BCdego%20dnia.%22%7D%2C%7B%22icon_electroluxpro%22%3A%20%22elx-icon%20icon-circle-savings-green-blue%22%2C%22title%22%3A%20%22BOHATER%20zr%C3%B3wnowa%C5%BConego%20rozwoju%22%2C%22text%22%3A%20%22Zr%C3%B3wnowa%C5%BCony%20rozw%C3%B3j%20jest%20zawsze%20na%20szczycie%20naszych%20priorytet%C3%B3w%2C%20tak%20samo%2C%20jak%20d%C5%82ugoterminowe%20oszcz%C4%99dno%C5%9Bci%20naszych%20klient%C3%B3w.%22%7D%5D&#8221;][vc_empty_space height=&#8221;25px&#8221;][\/vc_column][\/vc_row][vc_row][vc_column][elx_multiple_columns number_columns=&#8221;4&#8243; bg_row=&#8221;bg-download-white&#8221; title=&#8221;Wybierz Flexy Line, kt\u00f3ra spe\u0142ni Twoje potrzeby&#8221; values=&#8221;%5B%7B%22image_section%22%3A%2211791%22%2C%22title_section%22%3A%22Flexy%20Style%20%26%20Style%3Csup%3EJR%3C%2Fsup%3E%22%2C%22text_section%22%3A%22Posi%C5%82ki%20poza%20domem%20s%C4%85%20nie%20tylko%20chwil%C4%85%20relaksu%2C%20ale%20te%C5%BC%20uczt%C4%85%20dozna%C5%84.%20Spe%C5%82nij%20wszystkie%20%C5%BCyczenia%20swoich%20klient%C3%B3w%2C%20wykorzystuj%C4%85c%20nowe%20trendy%20kulinarne%20i%20zr%C3%B3wnowa%C5%BCony%20rozw%C3%B3j%2C%20bez%20kompromis%C3%B3w.%22%2C%22link_section%22%3A%22url%3Ahttps%253A%252F%252Fwww.electroluxprofessional.com%252Fpl%252Fflexy-style%252F%7Ctitle%3ADISCOVER%2520FLEXY%2520STYLE%7Ctarget%3A_blank%22%2C%22button_style%22%3A%22primary%22%7D%2C%7B%22image_section%22%3A%2211792%22%2C%22title_section%22%3A%22Flexy%20Compact%20%26%20Compact%3Csup%3EJR%3C%2Fsup%3E%22%2C%22text_section%22%3A%22Kompaktowo%C5%9B%C4%87%20i%20wielofunkcyjno%C5%9B%C4%87%2C%20dla%20idealnego%20dopasowania%20%E2%80%93%20Electrolux%20Professional%20stworzy%C5%82a%20elastyczn%C4%85%20lini%C4%99%20idealnych%20rozwi%C4%85za%C5%84%20w%20zakresie%20serwowania%2C%20aby%20spe%C5%82ni%C4%87%20potrzeby%20Twojej%20firmy.%22%2C%22link_section%22%3A%22url%3Ahttps%253A%252F%252Fwww.electroluxprofessional.com%252Fpl%252Fflexy-compact%252F%7Ctitle%3ADISCOVER%2520FLEXY%2520COMPACT%7Ctarget%3A_blank%22%2C%22button_style%22%3A%22primary%22%7D%2C%7B%22image_section%22%3A%2211793%22%2C%22title_section%22%3A%22Flexy%20do%20zabudowy%22%2C%22text_section%22%3A%22Funkcje%20gor%C4%85ce%20lub%20zimne%2C%20niezale%C5%BCnie%20od%20potrzeb%20klient%C3%B3w%2C%20odkryj%20wszystkie%20mo%C5%BCliwo%C5%9Bci%2C%20jakie%20oferuje%20Electrolux%20Professional%2C%20jako%20w%C5%82a%C5%9Bciwe%20rozwi%C4%85zania%20i%20zwi%C4%85zane%20z%20nimi%20oszcz%C4%99dno%C5%9Bci.%22%2C%22link_section%22%3A%22url%3Ahttps%253A%252F%252Fwww.electroluxprofessional.com%252Fpl%252Fflexy-drop-in%252F%7Ctitle%3ADISCOVER%2520ALL%2520THE%2520FUNCTIONS%7Ctarget%3A_blank%22%2C%22button_style%22%3A%22primary%22%7D%5D&#8221;][\/elx_multiple_columns][\/vc_column][\/vc_row][vc_row][vc_column]<div class=\"com21-product-filter-container 41\">\n                    <!-- PROD FILTER -->\n                    \n                    <div class=\"container\">\n                        <h4 class=\"text-center\">\n                            Filtr\n (Produkt 1\n)\n                        <\/h4>\n                    <\/div>\n                    <div class=\"specification-filter\">\n                        <div class=\"toggle-filter-container\">\n                            <div class=\"container text-center\">\n                                <a href=\"#filter\" class=\"toggle-filter small-toggle\" data-target=\".category-filter\"  data-class-toggle=\"category-filter-show\" aria-pressed=\"false\" role=\"button\" id=\"open-product-features\">Filtr\n<\/a>\n                            <\/div>\n                        <\/div>\n                        <div class=\"category-filter \">\n                            <div class=\"container\">\n                    <div class=\"row\">\n                        <div class=\"col-md-4 text-left\">\n                            <fieldset>       \n                                <h5 class=\"h6\">Linia produktowa\n<\/h5>\n                            <\/fieldset>\n                        <\/div><!-- end col -->\n                        \n                        <div class=\"col-md-4 text-left subcategories-first\">\n                            <fieldset>       \n                                <h5 class=\"h6\">Podkategoria\n<\/h5>\n                                <div class=\"subcategory-check\">\n                                    <input type=\"checkbox\" name=\"wozki-bankietowe\" id=\"wozki-bankietowe\" data-description=\"W\u00f3zki bankietowe\" >\n                                    <label for=\"wozki-bankietowe\">W\u00f3zki bankietowe<\/label>\n                                <\/div>\n                            \n                            <\/fieldset>\n                        <\/div><!-- end col -->\n                        <\/div>\n        \n                                <div class=\"row\">\n                                    <div class=\"col-md-6 text-left\">\n                                        <span class=\"number-of-products\"><span id=\"number-of-products\">1<\/span> Produkty\n<\/span> <a href=\"#\" class=\"btn btn-secondary-bordered\" id=\"filter-reset-btn\">Resetuj\n<\/a>\n                                    <\/div>\n                                    <div class=\"col-md-6 text-right\">\n                                        <a href=\"#\" class=\"close-toggle no-pd-toggle\" data-parent=\"open-product-features\"  aria-pressed=\"true\" role=\"button\">Zamknij\n<\/a>\n                                    <\/div>\n                                <\/div>\n                                \n                            <\/div><!-- end container -->\n                        <\/div><!-- end category-filter -->\n                    <\/div><!-- end specification-filter -->\n        \n                    <!-- END PROD FILTER -->\n                    \n                    <!-- PROD LIST -->\n                    <div class=\"product-list container\">\n                        <!--Hidden parameters-->\n                        <input type=\"hidden\" name=\"navigation_level_1\" id=\"navigation_level_1\" value=\"F\">\n                        <input type=\"hidden\" name=\"navigation_level_2\" id=\"navigation_level_2\" value=\"\">\n                        <input type=\"hidden\" name=\"navigation_level_3\" id=\"navigation_level_3\" value=\"\">\n                        <input type=\"hidden\" name=\"navigation_level_4\" id=\"navigation_level_4\" value=\"\">\n                        <input type=\"hidden\" name=\"filter_id\" id=\"filter_id\" value=\"41\">\n                        <input type=\"hidden\" name=\"navigation_language\" id=\"navigation_language\" value=\"5027\">\n                        <input type=\"hidden\" name=\"navigation_language_code\" id=\"navigation_language\" value=\"5027\">\n                        <input type=\"hidden\" name=\"page_id\" id=\"page_id\" value=\"11794\">\n                        <!--END Hidden parameters--><ul class=\"row elx-one-product\" ><li data-product-paged=\"\" class=\"anchor_tags_prod col-sm-6 col-md-3 wow fadeIn single-product-list 351156\"><div class=\"product-list-item\"><div class=\"product-content\"><a href=\"https:\/\/www.electroluxprofessional.com\/pl\/pd\/dystybucja\/w\u00f3zki-serwisowe\/w\u00f3zki-bankietowe\/w\u00f3zki-w\u00f3zek-bankietowy-podgrzewany-10-gn-2-1-351156\/\" target=\"_blank\" ><figure><img decoding=\"async\" src=\"https:\/\/tools.electroluxprofessional.com\/Mirror\/Doc\/PH_255x255%2FPH_351156_1_5_351156.jpg\" alt=\"W\u00f3zkiW\u00f3zek bankietowy podgrzewany 10 GN 2\/1\"\/><\/figure><div class=\"product-internal\"><div class=\"product-liv\">W\u00f3zki bankietowe<\/div><h3 class=\"product-title\">W\u00f3zki<br>W\u00f3zek bankietowy podgrzewany 10 GN 2\/1<\/h3><div class=\"product-icons\"><div class=\"product-green\"><\/div><div class=\"product-cod\"><div class=\"hidden type_code\">0<\/div>COD <span class=\"product-code\" >351156<\/span><\/div><div class=\"product-fast\"><\/div>\n<\/div><div class=\"product-description-fast-green\"><\/div>\n<\/div><div class=\"product-actions\"><a href=\"https:\/\/www.electroluxprofessional.com\/pl\/pd\/dystybucja\/w\u00f3zki-serwisowe\/w\u00f3zki-bankietowe\/w\u00f3zki-w\u00f3zek-bankietowy-podgrzewany-10-gn-2-1-351156\/\" class=\"btn btn-primary-blue\">Zobacz wi\u0119cej\n<\/a><span class=\"compare-product\"><span class=\"compare-checkbox\"><span class=\"compare-checkbox-shape\"><input type=\"checkbox\" class=\"product-comparer\" id=\"prod_351156\"\/><label class=\"btn\" for=\"prod_351156\"><span class=\"label-bg\"><\/span>Por\u00f3wnaj\n<\/label><\/span><\/span><\/span><\/div><\/a><\/div><\/div><\/li>\n                        <\/ul>\n                        <div class=\"text-center more-products\">\n                        <\/div>\n                    <\/div>\n                    <!-- END PRODUCT LIST -->\n                    <\/div>\n                    <!-- END PRODUCT LIST -->[\/vc_column][\/vc_row][vc_row][vc_column][vc_empty_space][\/vc_column][\/vc_row]<\/p>\n","protected":false},"excerpt":{"rendered":"<p>[vc_row full_width=&#8221;electroluxpro-full-width-no-padding&#8221;][vc_column][vc_single_image image=&#8221;11790&#8243; img_size=&#8221;full&#8221;][vc_empty_space][\/vc_column][\/vc_row][vc_row][vc_column][vc_empty_space][vc_column_text] Flexy Line: Elastyczne rozwi\u0105zania do serwowania potraw &nbsp; Zamie\u0144 swoje potrzeby w projekt na zam\u00f3wienie i spraw, aby Twoi go\u015bcie poczuli si\u0119 swobodnie. Bez wzgl\u0119du na to, czy mowa o hotelu, szkole czy innej firmie, wyobra\u017a sobie, \u017ce prezentujesz swoim go\u015bciom niezapomniane wra\u017cenia z jedzenia w inspiruj\u0105cym otoczeniu.[\/vc_column_text][vc_empty_space][elx_o2000_contact_us form_alignment=&#8221;left&#8221; button_mode=&#8221;true&#8221; button_style=&#8221;secondary-bordered&#8221; [&hellip;]<\/p>\n","protected":false},"author":120,"featured_media":10543,"parent":0,"menu_order":0,"comment_status":"closed","ping_status":"closed","template":"","meta":{"footnotes":""},"class_list":["post-11794","page","type-page","status-publish","has-post-thumbnail","hentry"],"acf":[],"yoast_head":"<!-- This site is optimized with the Yoast SEO plugin v23.3 - https:\/\/yoast.com\/wordpress\/plugins\/seo\/ -->\n<title>Flexy Line - Electrolux Professional Polska<\/title>\n<meta name=\"description\" content=\"The Flexy Line responds to all your needs for compactness and design. Choose the one that suits you between the Flexy Line Compact and the Flexy Line Style and customize it as you wish with the countless drop-in cold and hot functions.\" \/>\n<meta name=\"robots\" content=\"index, follow, max-snippet:-1, max-image-preview:large, max-video-preview:-1\" \/>\n<link rel=\"canonical\" href=\"https:\/\/www.electroluxprofessional.com\/pl\/flexy-line\/\" \/>\n<meta property=\"og:locale\" content=\"pl_PL\" \/>\n<meta property=\"og:type\" content=\"article\" \/>\n<meta property=\"og:title\" content=\"Flexy Line - Electrolux Professional Polska\" \/>\n<meta property=\"og:description\" content=\"The Flexy Line responds to all your needs for compactness and design. Choose the one that suits you between the Flexy Line Compact and the Flexy Line Style and customize it as you wish with the countless drop-in cold and hot functions.\" \/>\n<meta property=\"og:url\" content=\"https:\/\/www.electroluxprofessional.com\/pl\/flexy-line\/\" \/>\n<meta property=\"og:site_name\" content=\"Electrolux Professional Polska\" \/>\n<meta property=\"article:modified_time\" content=\"2025-12-03T00:55:21+00:00\" \/>\n<meta property=\"og:image\" content=\"https:\/\/www.electroluxprofessional.com\/pl\/wp-content\/uploads\/2025\/01\/EPR-Flexy-Style-Corporate-dining.jpg\" \/>\n\t<meta property=\"og:image:width\" content=\"2000\" \/>\n\t<meta property=\"og:image:height\" content=\"702\" \/>\n\t<meta property=\"og:image:type\" content=\"image\/jpeg\" \/>\n<meta name=\"twitter:card\" content=\"summary_large_image\" \/>\n<meta name=\"twitter:label1\" content=\"Szacowany czas czytania\" \/>\n\t<meta name=\"twitter:data1\" content=\"1 minuta\" \/>\n<script type=\"application\/ld+json\" class=\"yoast-schema-graph\">{\"@context\":\"https:\/\/schema.org\",\"@graph\":[{\"@type\":\"WebPage\",\"@id\":\"https:\/\/www.electroluxprofessional.com\/pl\/flexy-line\/\",\"url\":\"https:\/\/www.electroluxprofessional.com\/pl\/flexy-line\/\",\"name\":\"Flexy Line - Electrolux Professional Polska\",\"isPartOf\":{\"@id\":\"https:\/\/www.electroluxprofessional.com\/pl\/#website\"},\"primaryImageOfPage\":{\"@id\":\"https:\/\/www.electroluxprofessional.com\/pl\/flexy-line\/#primaryimage\"},\"image\":{\"@id\":\"https:\/\/www.electroluxprofessional.com\/pl\/flexy-line\/#primaryimage\"},\"thumbnailUrl\":\"https:\/\/www.electroluxprofessional.com\/pl\/wp-content\/uploads\/2025\/01\/EPR-Flexy-Style-Corporate-dining.jpg\",\"datePublished\":\"2025-11-26T05:00:17+00:00\",\"dateModified\":\"2025-12-03T00:55:21+00:00\",\"description\":\"The Flexy Line responds to all your needs for compactness and design. Choose the one that suits you between the Flexy Line Compact and the Flexy Line Style and customize it as you wish with the countless drop-in cold and hot functions.\",\"breadcrumb\":{\"@id\":\"https:\/\/www.electroluxprofessional.com\/pl\/flexy-line\/#breadcrumb\"},\"inLanguage\":\"pl-PL\",\"potentialAction\":[{\"@type\":\"ReadAction\",\"target\":[\"https:\/\/www.electroluxprofessional.com\/pl\/flexy-line\/\"]}]},{\"@type\":\"ImageObject\",\"inLanguage\":\"pl-PL\",\"@id\":\"https:\/\/www.electroluxprofessional.com\/pl\/flexy-line\/#primaryimage\",\"url\":\"https:\/\/www.electroluxprofessional.com\/pl\/wp-content\/uploads\/2025\/01\/EPR-Flexy-Style-Corporate-dining.jpg\",\"contentUrl\":\"https:\/\/www.electroluxprofessional.com\/pl\/wp-content\/uploads\/2025\/01\/EPR-Flexy-Style-Corporate-dining.jpg\",\"width\":2000,\"height\":702},{\"@type\":\"BreadcrumbList\",\"@id\":\"https:\/\/www.electroluxprofessional.com\/pl\/flexy-line\/#breadcrumb\",\"itemListElement\":[{\"@type\":\"ListItem\",\"position\":1,\"name\":\"Strona g\u0142\u00f3wna\",\"item\":\"https:\/\/www.electroluxprofessional.com\/pl\/\"},{\"@type\":\"ListItem\",\"position\":2,\"name\":\"Flexy Line\"}]},{\"@type\":\"WebSite\",\"@id\":\"https:\/\/www.electroluxprofessional.com\/pl\/#website\",\"url\":\"https:\/\/www.electroluxprofessional.com\/pl\/\",\"name\":\"Electrolux Professional Polska\",\"description\":\"\",\"potentialAction\":[{\"@type\":\"SearchAction\",\"target\":{\"@type\":\"EntryPoint\",\"urlTemplate\":\"https:\/\/www.electroluxprofessional.com\/pl\/?src={search_term_string}\"},\"query-input\":\"required name=search_term_string\"}],\"inLanguage\":\"pl-PL\"}]}<\/script>\n<!-- \/ Yoast SEO plugin. -->","yoast_head_json":{"title":"Flexy Line - Electrolux Professional Polska","description":"The Flexy Line responds to all your needs for compactness and design. Choose the one that suits you between the Flexy Line Compact and the Flexy Line Style and customize it as you wish with the countless drop-in cold and hot functions.","robots":{"index":"index","follow":"follow","max-snippet":"max-snippet:-1","max-image-preview":"max-image-preview:large","max-video-preview":"max-video-preview:-1"},"canonical":"https:\/\/www.electroluxprofessional.com\/pl\/flexy-line\/","og_locale":"pl_PL","og_type":"article","og_title":"Flexy Line - Electrolux Professional Polska","og_description":"The Flexy Line responds to all your needs for compactness and design. Choose the one that suits you between the Flexy Line Compact and the Flexy Line Style and customize it as you wish with the countless drop-in cold and hot functions.","og_url":"https:\/\/www.electroluxprofessional.com\/pl\/flexy-line\/","og_site_name":"Electrolux Professional Polska","article_modified_time":"2025-12-03T00:55:21+00:00","og_image":[{"width":2000,"height":702,"url":"https:\/\/www.electroluxprofessional.com\/pl\/wp-content\/uploads\/2025\/01\/EPR-Flexy-Style-Corporate-dining.jpg","type":"image\/jpeg"}],"twitter_card":"summary_large_image","twitter_misc":{"Szacowany czas czytania":"1 minuta"},"schema":{"@context":"https:\/\/schema.org","@graph":[{"@type":"WebPage","@id":"https:\/\/www.electroluxprofessional.com\/pl\/flexy-line\/","url":"https:\/\/www.electroluxprofessional.com\/pl\/flexy-line\/","name":"Flexy Line - Electrolux Professional Polska","isPartOf":{"@id":"https:\/\/www.electroluxprofessional.com\/pl\/#website"},"primaryImageOfPage":{"@id":"https:\/\/www.electroluxprofessional.com\/pl\/flexy-line\/#primaryimage"},"image":{"@id":"https:\/\/www.electroluxprofessional.com\/pl\/flexy-line\/#primaryimage"},"thumbnailUrl":"https:\/\/www.electroluxprofessional.com\/pl\/wp-content\/uploads\/2025\/01\/EPR-Flexy-Style-Corporate-dining.jpg","datePublished":"2025-11-26T05:00:17+00:00","dateModified":"2025-12-03T00:55:21+00:00","description":"The Flexy Line responds to all your needs for compactness and design. Choose the one that suits you between the Flexy Line Compact and the Flexy Line Style and customize it as you wish with the countless drop-in cold and hot functions.","breadcrumb":{"@id":"https:\/\/www.electroluxprofessional.com\/pl\/flexy-line\/#breadcrumb"},"inLanguage":"pl-PL","potentialAction":[{"@type":"ReadAction","target":["https:\/\/www.electroluxprofessional.com\/pl\/flexy-line\/"]}]},{"@type":"ImageObject","inLanguage":"pl-PL","@id":"https:\/\/www.electroluxprofessional.com\/pl\/flexy-line\/#primaryimage","url":"https:\/\/www.electroluxprofessional.com\/pl\/wp-content\/uploads\/2025\/01\/EPR-Flexy-Style-Corporate-dining.jpg","contentUrl":"https:\/\/www.electroluxprofessional.com\/pl\/wp-content\/uploads\/2025\/01\/EPR-Flexy-Style-Corporate-dining.jpg","width":2000,"height":702},{"@type":"BreadcrumbList","@id":"https:\/\/www.electroluxprofessional.com\/pl\/flexy-line\/#breadcrumb","itemListElement":[{"@type":"ListItem","position":1,"name":"Strona g\u0142\u00f3wna","item":"https:\/\/www.electroluxprofessional.com\/pl\/"},{"@type":"ListItem","position":2,"name":"Flexy Line"}]},{"@type":"WebSite","@id":"https:\/\/www.electroluxprofessional.com\/pl\/#website","url":"https:\/\/www.electroluxprofessional.com\/pl\/","name":"Electrolux Professional Polska","description":"","potentialAction":[{"@type":"SearchAction","target":{"@type":"EntryPoint","urlTemplate":"https:\/\/www.electroluxprofessional.com\/pl\/?src={search_term_string}"},"query-input":"required name=search_term_string"}],"inLanguage":"pl-PL"}]}},"_links":{"self":[{"href":"https:\/\/www.electroluxprofessional.com\/pl\/wp-json\/wp\/v2\/pages\/11794"}],"collection":[{"href":"https:\/\/www.electroluxprofessional.com\/pl\/wp-json\/wp\/v2\/pages"}],"about":[{"href":"https:\/\/www.electroluxprofessional.com\/pl\/wp-json\/wp\/v2\/types\/page"}],"author":[{"embeddable":true,"href":"https:\/\/www.electroluxprofessional.com\/pl\/wp-json\/wp\/v2\/users\/120"}],"replies":[{"embeddable":true,"href":"https:\/\/www.electroluxprofessional.com\/pl\/wp-json\/wp\/v2\/comments?post=11794"}],"version-history":[{"count":2,"href":"https:\/\/www.electroluxprofessional.com\/pl\/wp-json\/wp\/v2\/pages\/11794\/revisions"}],"predecessor-version":[{"id":11889,"href":"https:\/\/www.electroluxprofessional.com\/pl\/wp-json\/wp\/v2\/pages\/11794\/revisions\/11889"}],"wp:featuredmedia":[{"embeddable":true,"href":"https:\/\/www.electroluxprofessional.com\/pl\/wp-json\/wp\/v2\/media\/10543"}],"wp:attachment":[{"href":"https:\/\/www.electroluxprofessional.com\/pl\/wp-json\/wp\/v2\/media?parent=11794"}],"curies":[{"name":"wp","href":"https:\/\/api.w.org\/{rel}","templated":true}]}}