{"id":11789,"date":"2025-11-26T05:00:00","date_gmt":"2025-11-26T05:00:00","guid":{"rendered":"https:\/\/www.electroluxprofessional.com\/pl\/?page_id=11789"},"modified":"2025-12-03T00:43:14","modified_gmt":"2025-12-03T00:43:14","slug":"flexy-compact","status":"publish","type":"page","link":"https:\/\/www.electroluxprofessional.com\/pl\/flexy-compact\/","title":{"rendered":"Flexy Compact"},"content":{"rendered":"<p>[vc_row full_width=&#8221;electroluxpro-full-width-no-padding&#8221;][vc_column][vc_single_image image=&#8221;11775&#8243; img_size=&#8221;full&#8221;][vc_empty_space][\/vc_column][\/vc_row][vc_row][vc_column][vc_empty_space][elx_text_image style_image=&#8221;image_square&#8221; button_style=&#8221;secondary-bordered&#8221; columns_proportion=&#8221;three_fifth&#8221; bg_row=&#8221;bg-download-white&#8221; lists=&#8221;%5B%7B%7D%5D&#8221; values=&#8221;%5B%7B%22tag_icon_title%22%3A%20%22h4%22%7D%5D&#8221; single_image=&#8221;11778&#8243;]<\/p>\n<h1><b>Flexy Compact &amp; Compact<\/b><b><sup>JR<\/sup><\/b><b>: wyb\u00f3r mebli do serwowania potraw<\/b><\/h1>\n<p>&nbsp;<\/p>\n<p><span style=\"font-weight: 400;\">Kompaktowo\u015b\u0107 i wielofunkcyjno\u015b\u0107, dla idealnego dopasowania \u2013 Electrolux Professional stworzy\u0142a <\/span><b>elastyczn\u0105 lini\u0119 idealnych rozwi\u0105za\u0144 w zakresie serwowania,<\/b><span style=\"font-weight: 400;\"> aby spe\u0142ni\u0107 potrzeby Twojej firmy, <\/span><span style=\"font-weight: 400;\">bez wzgl\u0119du na to, czy jest to sto\u0142\u00f3wka <\/span><b>hotelowa<\/b><span style=\"font-weight: 400;\">, <\/span><b>szkolna<\/b><span style=\"font-weight: 400;\"> czy <\/span><b>uniwersytecka<\/b><span style=\"font-weight: 400;\">,<\/span><b> jadalnia pracownicza <\/b><span style=\"font-weight: 400;\">czy inne miejsce podawania posi\u0142k\u00f3w.\u00a0<\/span><\/p>\n<p><span style=\"font-weight: 400;\">Po\u017cegnaj si\u0119 z uci\u0105\u017cliwym sprz\u0105taniem. Potrawy s\u0105 teraz prezentowane na eleganckiej, minimalistycznej, szklanej ladzie, a resztki jedzenia i kurz nie wpadaj\u0105 w zag\u0142\u0119bienia, dzi\u0119ki czemu <\/span><b>czyszczenie jest \u0142atwiejsze <\/b><span style=\"font-weight: 400;\">i zajmuje mniej czasu, gwarantuj\u0105c nieskaziteln\u0105 higien\u0119.<\/span>[\/elx_text_image][elx_o2000_contact_us form_alignment=&#8221;left&#8221; button_mode=&#8221;true&#8221; button_style=&#8221;secondary-bordered&#8221; postion_button=&#8221;text-left&#8221; postion_button_mobile=&#8221;text-left-mobile&#8221; text_btn_contact=&#8221;skontaktuj si\u0119 z nami&#8221;][vc_empty_space][\/vc_column][\/vc_row][vc_row custom_color_row=&#8221;bg-row-light-blue&#8221;][vc_column][elx_features_download title=&#8221;&#8221; tag_title=&#8221;h2&#8243; class_title=&#8221;h4&#8243; title_discover=&#8221;Discover also&#8221; bg_discover_color=&#8221;bg-download-white&#8221; link_discover_color=&#8221;download-text-blue&#8221; bg_row=&#8221;bg-row-light-blue&#8221; values=&#8221;%5B%7B%22select_type%22%3A%22pride%22%2C%22label_pride_document%22%3A%22Flexy%20Compact%20brochure%22%2C%22document_type%22%3A%22leaflets%22%2C%22le_document_number%22%3A%22CLF-9JE00264%22%7D%5D&#8221; discover=&#8221;%5B%7B%22link_discover%22%3A%22url%3Ahttps%253A%252F%252Fwww.electroluxprofessional.com%252Fpl%252Fflexy-style%252F%7Ctitle%3AFlexy%2520Style%7Ctarget%3A_blank%22%7D%2C%7B%22link_discover%22%3A%22url%3Ahttps%253A%252F%252Fwww.electroluxprofessional.com%252Fcommercial-kitchen-equipment%252Fflexy-line%252Fflexy-drop-in%252F%7Ctitle%3AFlexy%2520Drop-in%7Ctarget%3A_blank%22%7D%5D&#8221; features=&#8221;%5B%7B%22tag_icon_title%22%3A%22h4%22%7D%5D&#8221;]<\/p>\n<h2><b>Odkryj wszystkie mo\u017cliwo\u015bci<\/b><\/h2>\n<p><span style=\"font-weight: 400;\">Linia Flexy Compact oferuje konfigurowalne kombinacje kolor\u00f3w i funkcji, aby uzupe\u0142ni\u0107 i spersonalizowa\u0107 wn\u0119trze jadalni.<\/span>[\/elx_features_download][\/vc_column][\/vc_row][vc_row][vc_column][vc_empty_space height=&#8221;45px&#8221;][elx_multiple_columns number_columns=&#8221;4&#8243; bg_row=&#8221;bg-download-white&#8221; title=&#8221;Bohater w zakresie elastyczno\u015bci&#8221; values=&#8221;%5B%7B%22image_section%22%3A%20%2211784%22%2C%22title_section%22%3A%20%22Konstrukcja%20nadstawek%3A%20wyprofilowana%2C%20p%C5%82aska%20czy%20w%20kszta%C5%82cie%20litery%20L%3F%22%2C%22text_section%22%3A%20%22Rozwi%C4%85zania%20w%20kszta%C5%82cie%20litery%20%26bdquo%3BA%26rdquo%3B%20do%20serwowania%20na%20wyspie%2C%20rozwi%C4%85zania%20w%20kszta%C5%82cie%20litery%20%26bdquo%3BL%26rdquo%3B%20do%20obs%C5%82ugi%20przez%20kelnera.%20Wybierz%3A%20%3Cb%3EKonstrukcja%20w%20kszta%C5%82cie%20litery%20%26bdquo%3BA%26rdquo%3B%20z%20wyprofilowan%C4%85%20szklan%C4%85%20nadp%C3%B3%C5%82k%C4%85%3C%2Fb%3E%2C%20zapewniaj%C4%85c%C4%85%20maksymaln%C4%85%20widoczno%C5%9B%C4%87%20jedzenia%20i%20barier%C4%99%20higieniczn%C4%85%3B%20%3Cb%3EKonstrukcja%20w%20kszta%C5%82cie%20litery%20%26bdquo%3BA%26rdquo%3B%20z%20p%C5%82ask%C4%85%20szklan%C4%85%20nadp%C3%B3%C5%82k%C4%85%3C%2Fb%3E%20gwarantuj%C4%85c%C4%85%20elegancj%C4%99%20i%20szybsz%C4%85%20obs%C5%82ug%C4%99%3B%20%3Cb%3ENadp%C3%B3%C5%82ka%20w%20kszta%C5%82cie%20litery%20%26bdquo%3BL%26rdquo%3B%3C%2Fb%3E%20do%20serwowania%20przez%20kelnera.%22%2C%22button_style%22%3A%20%22dwu%C5%9Bciankowa%20konstrukcja%22%7D%2C%7B%22image_section%22%3A%20%2211785%22%2C%22title_section%22%3A%20%22Suwak%20do%20tacy%20%26ndash%3B%20jaki%20poziom%20najbardziej%20Ci%20odpowiada%3F%22%2C%22text_section%22%3A%20%22Wybierz%20opcj%C4%99%20suwaka%20tacy%2C%20kt%C3%B3ra%20pasuje%20do%20Twojej%20firmy%2C%20czy%20to%20na%20poziomie%20blatu%2C%20czy%20w%20wersji%20ni%C5%BCszej%2C%20wykonanej%20z%20tuby%20lub%20ze%20stali%20nierdzewnej%2C%20nasz%20Flexy%20Compact%20ma%20to%2C%20czego%20potrzebujesz.%22%2C%22button_style%22%3A%20%22dwu%C5%9Bciankowa%20konstrukcja%22%7D%2C%7B%22image_section%22%3A%20%2211786%22%2C%22title_section%22%3A%20%22Mobilne%20czy%20%3Cbr%3Estacjonarne%3F%22%2C%22text_section%22%3A%20%22Wi%C4%99kszy%20wyb%C3%B3r%20i%20wi%C4%99ksza%20elastyczno%C5%9B%C4%87%3A%20wybierz%20mobilne%20%28k%C3%B3%C5%82ka%29%20lub%20stacjonarne%20%28n%C3%B3%C5%BCki%29%20rozwi%C4%85zanie%20do%20serwowania%2C%20aby%20zaspokoi%C4%87%20potrzeby%20klient%C3%B3w.%22%2C%22button_style%22%3A%20%22dwu%C5%9Bciankowa%20konstrukcja%22%7D%5D&#8221;][\/elx_multiple_columns][\/vc_column][\/vc_row][vc_row disable_element=&#8221;yes&#8221;][vc_column][elx_text_image style_image=&#8221;image_square&#8221; button_style=&#8221;secondary-bordered&#8221; bg_row=&#8221;bg-download-white&#8221; lists=&#8221;%5B%5D&#8221; values=&#8221;%5B%7B%7D%5D&#8221; single_image=&#8221;11779&#8243;]<\/p>\n<h2><b>Jemy oczami<\/b><\/h2>\n<p><span style=\"font-weight: 400;\">O\u015bwietlenie odgrywa jedn\u0105 z najwi\u0119kszych r\u00f3l w tym, jakich dozna\u0144 do\u015bwiadczaj\u0105 klienci podczas spo\u017cywania posi\u0142k\u00f3w. Badania* wykaza\u0142y, \u017ce przyjemne \u015brodowisko i odpowiednie o\u015bwietlenie stanowi\u0105 podstaw\u0119 satysfakcjonuj\u0105cego do\u015bwiadczenia i pomagaj\u0105 klientom w dokonywaniu wybor\u00f3w, sprawiaj\u0105c, \u017ce jedzenie wygl\u0105da smaczniej i bardziej kusz\u0105co.<\/span><\/p>\n<p><b>Technologia LED <\/b><span style=\"font-weight: 400;\">wynosi to do\u015bwiadczenie na kolejny poziom, tak aby\u015bcie Ty i Twoja firma mogli zaoszcz\u0119dzi\u0107 energi\u0119, a pe\u0142ne \u015bwie\u017co\u015bci i pi\u0119kna jedzenie by\u0142o jeszcze bardziej atrakcyjne, daj\u0105c klientom jeszcze wi\u0119ksz\u0105 satysfakcj\u0119.<\/span>[\/elx_text_image][vc_empty_space][\/vc_column][\/vc_row][vc_row disable_element=&#8221;yes&#8221;][vc_column][elx_text_image style_image=&#8221;image_square&#8221; button_style=&#8221;secondary-bordered&#8221; bg_row=&#8221;bg-download-white&#8221; lists=&#8221;%5B%5D&#8221; values=&#8221;%5B%7B%7D%5D&#8221; single_image=&#8221;11779&#8243;]<\/p>\n<h2><b>Jemy oczami<\/b><\/h2>\n<p><span style=\"font-weight: 400;\">O\u015bwietlenie odgrywa jedn\u0105 z najwi\u0119kszych r\u00f3l w tym, jakich dozna\u0144 do\u015bwiadczaj\u0105 klienci podczas spo\u017cywania posi\u0142k\u00f3w. Badania* wykaza\u0142y, \u017ce przyjemne \u015brodowisko i odpowiednie o\u015bwietlenie stanowi\u0105 podstaw\u0119 satysfakcjonuj\u0105cego do\u015bwiadczenia i pomagaj\u0105 klientom w dokonywaniu wybor\u00f3w, sprawiaj\u0105c, \u017ce jedzenie wygl\u0105da smaczniej i bardziej kusz\u0105co.<\/span><\/p>\n<p><b>Technologia LED <\/b><span style=\"font-weight: 400;\">wynosi to do\u015bwiadczenie na kolejny poziom, tak aby\u015bcie Ty i Twoja firma mogli zaoszcz\u0119dzi\u0107 energi\u0119, a pe\u0142ne \u015bwie\u017co\u015bci i pi\u0119kna jedzenie by\u0142o jeszcze bardziej atrakcyjne, daj\u0105c klientom jeszcze wi\u0119ksz\u0105 satysfakcj\u0119.<\/span>[\/elx_text_image][\/vc_column][\/vc_row][vc_row][vc_column][elx_heading text_color=&#8221;inherit&#8221;]Jemy oczami[\/elx_heading][vc_column_text]<span style=\"font-weight: 400;\">O\u015bwietlenie odgrywa jedn\u0105 z najwi\u0119kszych r\u00f3l w tym, jakich dozna\u0144 do\u015bwiadczaj\u0105 klienci podczas spo\u017cywania posi\u0142k\u00f3w. Badania* wykaza\u0142y, \u017ce przyjemne \u015brodowisko i odpowiednie o\u015bwietlenie stanowi\u0105 podstaw\u0119 satysfakcjonuj\u0105cego do\u015bwiadczenia i pomagaj\u0105 klientom w dokonywaniu wybor\u00f3w, sprawiaj\u0105c, \u017ce jedzenie wygl\u0105da smaczniej i bardziej kusz\u0105co.<\/span>[\/vc_column_text][\/vc_column][\/vc_row][vc_row][vc_column width=&#8221;1\/3&#8243;][vc_empty_space][vc_column_text]<b>Technologia LED <\/b><span style=\"font-weight: 400;\">wynosi to do\u015bwiadczenie na kolejny poziom, tak aby\u015bcie Ty i Twoja firma mogli zaoszcz\u0119dzi\u0107 energi\u0119, a pe\u0142ne \u015bwie\u017co\u015bci i pi\u0119kna jedzenie by\u0142o jeszcze bardziej atrakcyjne, daj\u0105c klientom jeszcze wi\u0119ksz\u0105 satysfakcj\u0119.<\/span>[\/vc_column_text][vc_empty_space][\/vc_column][vc_column width=&#8221;1\/3&#8243;][vc_single_image image=&#8221;11776&#8243; img_size=&#8221;full&#8221; alignment=&#8221;center&#8221;][vc_empty_space height=&#8221;15px&#8221;][elx_heading font_container=&#8221;p&#8221; font_size=&#8221;h6&#8243; text_color=&#8221;inherit&#8221; text_align=&#8221;text-left&#8221;]Ze o\u015bwietleniem fluorescencyjnym T5[\/elx_heading][vc_empty_space][\/vc_column][vc_column width=&#8221;1\/3&#8243;][vc_single_image image=&#8221;11777&#8243; img_size=&#8221;full&#8221; alignment=&#8221;center&#8221;][vc_empty_space height=&#8221;15px&#8221;][elx_heading font_container=&#8221;p&#8221; font_size=&#8221;h6&#8243; text_color=&#8221;inherit&#8221; text_align=&#8221;text-left&#8221;]Z o\u015bwietleniem LED[\/elx_heading][vc_empty_space][\/vc_column][\/vc_row][vc_row][vc_column][vc_column_text]<sup>*\u201eIstota wizualnej estetyki kolor\u00f3w \u017cywno\u015bci podczas lunchu w pracy \u2013 International Journal of Gastronomy and Food Science (2019)\u201d<\/sup>[\/vc_column_text][\/vc_column][\/vc_row][vc_row][vc_column][vc_empty_space height=&#8221;45px&#8221;][elx_text_image number_images=&#8221;2&#8243; image_display=&#8221;static&#8221; style_image=&#8221;image_horizontal&#8221; title_position=&#8221;top&#8221; button_style=&#8221;secondary-bordered&#8221; bg_row=&#8221;bg-download-white&#8221; lists=&#8221;%5B%7B%7D%5D&#8221; values=&#8221;%5B%7B%22icon_electroluxpro%22%3A%20%22elx-icon%20icon-circle-productivity-liberopro-blue%22%2C%22title_icon%22%3A%20%22Flexy%20Compact%22%2C%22text_icon%22%3A%20%22Najwy%C5%BCszej%20jako%C5%9Bci%20rozwi%C4%85zania%20dla%20niedu%C5%BCych%20hoteli%20i%20sto%C5%82%C3%B3wek.%22%7D%2C%7B%22icon_electroluxpro%22%3A%20%22elx-icon%20icon-circle-measurements-blue%22%2C%22title_icon%22%3A%20%22Flexy%20Compact%3Csup%3EJR%3C%2Fsup%3E%22%2C%22text_icon%22%3A%20%22Doskonale%20zaprojektowane%20z%20my%C5%9Bl%C4%85%20o%20doros%C5%82ych%20i%20dzieciach.%20%3Cb%3EFlexy%20Compact%3Csup%3EJR%3C%2Fsup%3E%20o%20wysoko%C5%9Bci%2075%20cm%3C%2Fb%3E%20dla%20dzieci%20w%20wieku%20szkolnym%20i%20Flexy%20Compact%20o%20wysoko%C5%9Bci%2090%20cm%20dla%20nastolatk%C3%B3w%20i%20nauczycieli.%22%7D%5D&#8221; double_image_1=&#8221;11782&#8243; double_image_2=&#8221;11783&#8243;]<\/p>\n<h2><b>Tw\u00f3j Flexy Compact, Tw\u00f3j wyb\u00f3r<\/b><\/h2>\n<p><span style=\"font-weight: 400;\">Dokonaj w\u0142a\u015bciwego wyboru w odniesieniu do wszystkich swoich potrzeb gastronomicznych.<\/span>[\/elx_text_image][\/vc_column][\/vc_row][vc_row][vc_column][elx_text_image style_image=&#8221;image_horizontal&#8221; button_style=&#8221;secondary-bordered&#8221; bg_row=&#8221;bg-download-white&#8221; lists=&#8221;%5B%7B%7D%5D&#8221; values=&#8221;%5B%7B%22tag_icon_title%22%3A%20%22h4%22%7D%5D&#8221; single_image=&#8221;11780&#8243;]<\/p>\n<h2><b>Zaprojektuj w\u0142asny styl Flexy<\/b><\/h2>\n<p><span style=\"font-weight: 400;\">Rozwi\u0105zania Flexi Compact mo\u017cna spersonalizowa\u0107, wybieraj\u0105c spo\u015br\u00f3d r\u00f3\u017cnych funkcji i ponad setki kolor\u00f3w oraz r\u00f3\u017cnych wyko\u0144cze\u0144 z efektem drewna.<\/span>[\/elx_text_image][vc_empty_space][\/vc_column][\/vc_row][vc_row][vc_column][elx_text_image style_image=&#8221;image_square&#8221; title_position=&#8221;top&#8221; button_style=&#8221;secondary-bordered&#8221; bg_row=&#8221;bg-download-white&#8221; lists=&#8221;%5B%7B%7D%5D&#8221; values=&#8221;%5B%7B%22icon_electroluxpro%22%3A%20%22elx-icon%20icon-circle-hot-function%22%2C%22title_icon%22%3A%20%22Serwowanie%20na%20gor%C4%85co%22%2C%22text_icon%22%3A%20%22Wentylowane%20bemary%20s%C4%85%20trwa%C5%82e%20i%20op%C5%82acalne.%22%7D%2C%7B%22icon_electroluxpro%22%3A%20%22elx-icon%20icon-circle-cold-function%22%2C%22title_icon%22%3A%20%22Serwowanie%20na%20zimno%22%2C%22text_icon%22%3A%20%22Zachowaj%20%C5%9Bwie%C5%BCo%C5%9B%C4%87%20%C5%BCywno%C5%9Bci%20dzi%C4%99ki%20szerokiej%20gamie%20wyposa%C5%BCenia%20do%20serwowania%20%C5%BCywno%C5%9Bci%20na%20zimno.%22%7D%5D&#8221; single_image=&#8221;11781&#8243; link=&#8221;url:https%3A%2F%2Fwww.electroluxprofessional.com%2Fpl%2F%2Fcommercial-kitchen-equipment%2Fflexy-line%2Fflexy-drop-in%2F%23energy_savings|title:DISCOVER%20ENERGY%20SAVINGS|target:_blank&#8221;]<\/p>\n<h2><b>Flexy Line do zabudowy<\/b><\/h2>\n<p><span style=\"font-weight: 400;\">Dzi\u0119ki <\/span><b>12 funkcjom w 6 rozmiarach<\/b><span style=\"font-weight: 400;\"> Twoja firma ma nieograniczone mo\u017cliwo\u015bci.<\/span>[\/elx_text_image][vc_empty_space][\/vc_column][\/vc_row][vc_row][vc_column][vc_empty_space][elx_heading text_color=&#8221;inherit&#8221; text_align=&#8221;text-center&#8221;]Skontaktuj si\u0119 z nami, aby otrzyma\u0107 wi\u0119cej informacji na temat Flexy Compact &amp; Compact<sup>JR<\/sup>[\/elx_heading][vc_empty_space][elx_o2000_contact_us][\/vc_column][\/vc_row][vc_row][vc_column][vc_empty_space][\/vc_column][\/vc_row][vc_row][vc_column][vc_empty_space][elx_multiple_columns number_columns=&#8221;4&#8243; bg_row=&#8221;bg-download-white&#8221; title=&#8221;Znajd\u017a swoje kompletne rozwi\u0105zanie&#8221; values=&#8221;%5B%7B%22image_section%22%3A%2211787%22%2C%22title_section%22%3A%22Hotele%22%2C%22text_section%22%3A%22Electrolux%20Professional%20oferuje%20wszechstronne%20rozwi%C4%85zanie%2C%20kt%C3%B3re%20mo%C5%BCe%20zwi%C4%99kszy%C4%87%20Twoj%C4%85%20wydajno%C5%9B%C4%87%20i%20zr%C3%B3wnowa%C5%BCony%20rozw%C3%B3j.%22%2C%22link_section%22%3A%22url%3Ahttps%253A%252F%252Fwww.electroluxprofessional.com%252Fpl%252Ftwoj-biznes%252Fhotele%252F%7Ctitle%3ASOLUTIONS%2520FOR%2520HOTELS%7Ctarget%3A_blank%22%2C%22button_style%22%3A%22primary%22%7D%2C%7B%22image_section%22%3A%2211788%22%2C%22title_section%22%3A%22Sto%C5%82%C3%B3wki%22%2C%22text_section%22%3A%22Spe%C5%82nij%20wymagania%20swojego%20biznesu.%20Wytrzyma%C5%82e%20rozwi%C4%85zania%20Electrolux%20Professional%20sprawi%C4%85%2C%20%C5%BCe%20b%C4%99dziesz%20w%20stanie%20sprosta%C4%87%20trudnym%20wymaganiom%20codziennego%20u%C5%BCytkowania.%22%2C%22link_section%22%3A%22url%3Ahttps%253A%252F%252Fwww.electroluxprofessional.com%252Fpl%252Ftwoj-biznes%252Fstolowki-dla-personelu%252F%7Ctitle%3ASOLUTIONS%2520FOR%2520CANTEENS%7Ctarget%3A_blank%22%2C%22button_style%22%3A%22primary%22%7D%2C%7B%22image_section%22%3A%2211392%22%2C%22title_section%22%3A%22Restauracje%22%2C%22text_section%22%3A%22Wybieraj%C4%85c%20rozwi%C4%85zania%20Electrolux%20Professional%2C%20zyskujesz%20r%C3%B3%C5%BCne%20opcje%20wyboru%2C%20%C5%82atwo%C5%9B%C4%87%20i%20moc%2C%20kt%C3%B3rych%20szukasz.%22%2C%22link_section%22%3A%22url%3Ahttps%253A%252F%252Fwww.electroluxprofessional.com%252Fpl%252Ftwoj-biznes%252Frestauracje%252F%7Ctitle%3ASOLUTIONS%2520FOR%2520RESTAURANTS%7Ctarget%3A_blank%22%2C%22button_style%22%3A%22primary%22%7D%5D&#8221;][\/elx_multiple_columns][\/vc_column][\/vc_row]<\/p>\n","protected":false},"excerpt":{"rendered":"<p>[vc_row full_width=&#8221;electroluxpro-full-width-no-padding&#8221;][vc_column][vc_single_image image=&#8221;11775&#8243; img_size=&#8221;full&#8221;][vc_empty_space][\/vc_column][\/vc_row][vc_row][vc_column][vc_empty_space][elx_text_image style_image=&#8221;image_square&#8221; button_style=&#8221;secondary-bordered&#8221; columns_proportion=&#8221;three_fifth&#8221; bg_row=&#8221;bg-download-white&#8221; lists=&#8221;%5B%7B%7D%5D&#8221; values=&#8221;%5B%7B%22tag_icon_title%22%3A%20%22h4%22%7D%5D&#8221; single_image=&#8221;11778&#8243;] Flexy Compact &amp; CompactJR: wyb\u00f3r mebli do serwowania potraw &nbsp; Kompaktowo\u015b\u0107 i wielofunkcyjno\u015b\u0107, dla idealnego dopasowania \u2013 Electrolux Professional stworzy\u0142a elastyczn\u0105 lini\u0119 idealnych rozwi\u0105za\u0144 w zakresie serwowania, aby spe\u0142ni\u0107 potrzeby Twojej firmy, bez wzgl\u0119du na to, czy jest to sto\u0142\u00f3wka hotelowa, szkolna czy uniwersytecka, [&hellip;]<\/p>\n","protected":false},"author":120,"featured_media":11774,"parent":0,"menu_order":0,"comment_status":"closed","ping_status":"closed","template":"","meta":{"footnotes":""},"class_list":["post-11789","page","type-page","status-publish","has-post-thumbnail","hentry"],"acf":[],"yoast_head":"<!-- This site is optimized with the Yoast SEO plugin v23.3 - https:\/\/yoast.com\/wordpress\/plugins\/seo\/ -->\n<title>Flexy Compact - Electrolux Professional Polska<\/title>\n<meta name=\"description\" content=\"Compact and multifunctional, designed for the perfect fit \u2013 a flexible line of impeccable servery options for your professional requirements.\" \/>\n<meta name=\"robots\" content=\"index, follow, max-snippet:-1, max-image-preview:large, max-video-preview:-1\" \/>\n<link rel=\"canonical\" href=\"https:\/\/www.electroluxprofessional.com\/pl\/flexy-compact\/\" \/>\n<meta property=\"og:locale\" content=\"pl_PL\" \/>\n<meta property=\"og:type\" content=\"article\" \/>\n<meta property=\"og:title\" content=\"Flexy Compact - Electrolux Professional Polska\" \/>\n<meta property=\"og:description\" content=\"Compact and multifunctional, designed for the perfect fit \u2013 a flexible line of impeccable servery options for your professional requirements.\" \/>\n<meta property=\"og:url\" content=\"https:\/\/www.electroluxprofessional.com\/pl\/flexy-compact\/\" \/>\n<meta property=\"og:site_name\" content=\"Electrolux Professional Polska\" \/>\n<meta property=\"article:modified_time\" content=\"2025-12-03T00:43:14+00:00\" \/>\n<meta property=\"og:image\" content=\"https:\/\/www.electroluxprofessional.com\/pl\/wp-content\/uploads\/2025\/11\/serveryline_2000x700.jpg\" \/>\n\t<meta property=\"og:image:width\" content=\"2000\" \/>\n\t<meta property=\"og:image:height\" content=\"702\" \/>\n\t<meta property=\"og:image:type\" content=\"image\/jpeg\" \/>\n<meta name=\"twitter:card\" content=\"summary_large_image\" \/>\n<meta name=\"twitter:label1\" content=\"Szacowany czas czytania\" \/>\n\t<meta name=\"twitter:data1\" content=\"6 minut\" \/>\n<script type=\"application\/ld+json\" class=\"yoast-schema-graph\">{\"@context\":\"https:\/\/schema.org\",\"@graph\":[{\"@type\":\"WebPage\",\"@id\":\"https:\/\/www.electroluxprofessional.com\/pl\/flexy-compact\/\",\"url\":\"https:\/\/www.electroluxprofessional.com\/pl\/flexy-compact\/\",\"name\":\"Flexy Compact - Electrolux Professional Polska\",\"isPartOf\":{\"@id\":\"https:\/\/www.electroluxprofessional.com\/pl\/#website\"},\"primaryImageOfPage\":{\"@id\":\"https:\/\/www.electroluxprofessional.com\/pl\/flexy-compact\/#primaryimage\"},\"image\":{\"@id\":\"https:\/\/www.electroluxprofessional.com\/pl\/flexy-compact\/#primaryimage\"},\"thumbnailUrl\":\"https:\/\/www.electroluxprofessional.com\/pl\/wp-content\/uploads\/2025\/11\/serveryline_2000x700.jpg\",\"datePublished\":\"2025-11-26T05:00:00+00:00\",\"dateModified\":\"2025-12-03T00:43:14+00:00\",\"description\":\"Compact and multifunctional, designed for the perfect fit \u2013 a flexible line of impeccable servery options for your professional requirements.\",\"breadcrumb\":{\"@id\":\"https:\/\/www.electroluxprofessional.com\/pl\/flexy-compact\/#breadcrumb\"},\"inLanguage\":\"pl-PL\",\"potentialAction\":[{\"@type\":\"ReadAction\",\"target\":[\"https:\/\/www.electroluxprofessional.com\/pl\/flexy-compact\/\"]}]},{\"@type\":\"ImageObject\",\"inLanguage\":\"pl-PL\",\"@id\":\"https:\/\/www.electroluxprofessional.com\/pl\/flexy-compact\/#primaryimage\",\"url\":\"https:\/\/www.electroluxprofessional.com\/pl\/wp-content\/uploads\/2025\/11\/serveryline_2000x700.jpg\",\"contentUrl\":\"https:\/\/www.electroluxprofessional.com\/pl\/wp-content\/uploads\/2025\/11\/serveryline_2000x700.jpg\",\"width\":2000,\"height\":702},{\"@type\":\"BreadcrumbList\",\"@id\":\"https:\/\/www.electroluxprofessional.com\/pl\/flexy-compact\/#breadcrumb\",\"itemListElement\":[{\"@type\":\"ListItem\",\"position\":1,\"name\":\"Strona g\u0142\u00f3wna\",\"item\":\"https:\/\/www.electroluxprofessional.com\/pl\/\"},{\"@type\":\"ListItem\",\"position\":2,\"name\":\"Flexy Compact\"}]},{\"@type\":\"WebSite\",\"@id\":\"https:\/\/www.electroluxprofessional.com\/pl\/#website\",\"url\":\"https:\/\/www.electroluxprofessional.com\/pl\/\",\"name\":\"Electrolux Professional Polska\",\"description\":\"\",\"potentialAction\":[{\"@type\":\"SearchAction\",\"target\":{\"@type\":\"EntryPoint\",\"urlTemplate\":\"https:\/\/www.electroluxprofessional.com\/pl\/?src={search_term_string}\"},\"query-input\":\"required name=search_term_string\"}],\"inLanguage\":\"pl-PL\"}]}<\/script>\n<!-- \/ Yoast SEO plugin. -->","yoast_head_json":{"title":"Flexy Compact - Electrolux Professional Polska","description":"Compact and multifunctional, designed for the perfect fit \u2013 a flexible line of impeccable servery options for your professional requirements.","robots":{"index":"index","follow":"follow","max-snippet":"max-snippet:-1","max-image-preview":"max-image-preview:large","max-video-preview":"max-video-preview:-1"},"canonical":"https:\/\/www.electroluxprofessional.com\/pl\/flexy-compact\/","og_locale":"pl_PL","og_type":"article","og_title":"Flexy Compact - Electrolux Professional Polska","og_description":"Compact and multifunctional, designed for the perfect fit \u2013 a flexible line of impeccable servery options for your professional requirements.","og_url":"https:\/\/www.electroluxprofessional.com\/pl\/flexy-compact\/","og_site_name":"Electrolux Professional Polska","article_modified_time":"2025-12-03T00:43:14+00:00","og_image":[{"width":2000,"height":702,"url":"https:\/\/www.electroluxprofessional.com\/pl\/wp-content\/uploads\/2025\/11\/serveryline_2000x700.jpg","type":"image\/jpeg"}],"twitter_card":"summary_large_image","twitter_misc":{"Szacowany czas czytania":"6 minut"},"schema":{"@context":"https:\/\/schema.org","@graph":[{"@type":"WebPage","@id":"https:\/\/www.electroluxprofessional.com\/pl\/flexy-compact\/","url":"https:\/\/www.electroluxprofessional.com\/pl\/flexy-compact\/","name":"Flexy Compact - Electrolux Professional Polska","isPartOf":{"@id":"https:\/\/www.electroluxprofessional.com\/pl\/#website"},"primaryImageOfPage":{"@id":"https:\/\/www.electroluxprofessional.com\/pl\/flexy-compact\/#primaryimage"},"image":{"@id":"https:\/\/www.electroluxprofessional.com\/pl\/flexy-compact\/#primaryimage"},"thumbnailUrl":"https:\/\/www.electroluxprofessional.com\/pl\/wp-content\/uploads\/2025\/11\/serveryline_2000x700.jpg","datePublished":"2025-11-26T05:00:00+00:00","dateModified":"2025-12-03T00:43:14+00:00","description":"Compact and multifunctional, designed for the perfect fit \u2013 a flexible line of impeccable servery options for your professional requirements.","breadcrumb":{"@id":"https:\/\/www.electroluxprofessional.com\/pl\/flexy-compact\/#breadcrumb"},"inLanguage":"pl-PL","potentialAction":[{"@type":"ReadAction","target":["https:\/\/www.electroluxprofessional.com\/pl\/flexy-compact\/"]}]},{"@type":"ImageObject","inLanguage":"pl-PL","@id":"https:\/\/www.electroluxprofessional.com\/pl\/flexy-compact\/#primaryimage","url":"https:\/\/www.electroluxprofessional.com\/pl\/wp-content\/uploads\/2025\/11\/serveryline_2000x700.jpg","contentUrl":"https:\/\/www.electroluxprofessional.com\/pl\/wp-content\/uploads\/2025\/11\/serveryline_2000x700.jpg","width":2000,"height":702},{"@type":"BreadcrumbList","@id":"https:\/\/www.electroluxprofessional.com\/pl\/flexy-compact\/#breadcrumb","itemListElement":[{"@type":"ListItem","position":1,"name":"Strona g\u0142\u00f3wna","item":"https:\/\/www.electroluxprofessional.com\/pl\/"},{"@type":"ListItem","position":2,"name":"Flexy Compact"}]},{"@type":"WebSite","@id":"https:\/\/www.electroluxprofessional.com\/pl\/#website","url":"https:\/\/www.electroluxprofessional.com\/pl\/","name":"Electrolux Professional Polska","description":"","potentialAction":[{"@type":"SearchAction","target":{"@type":"EntryPoint","urlTemplate":"https:\/\/www.electroluxprofessional.com\/pl\/?src={search_term_string}"},"query-input":"required name=search_term_string"}],"inLanguage":"pl-PL"}]}},"_links":{"self":[{"href":"https:\/\/www.electroluxprofessional.com\/pl\/wp-json\/wp\/v2\/pages\/11789"}],"collection":[{"href":"https:\/\/www.electroluxprofessional.com\/pl\/wp-json\/wp\/v2\/pages"}],"about":[{"href":"https:\/\/www.electroluxprofessional.com\/pl\/wp-json\/wp\/v2\/types\/page"}],"author":[{"embeddable":true,"href":"https:\/\/www.electroluxprofessional.com\/pl\/wp-json\/wp\/v2\/users\/120"}],"replies":[{"embeddable":true,"href":"https:\/\/www.electroluxprofessional.com\/pl\/wp-json\/wp\/v2\/comments?post=11789"}],"version-history":[{"count":3,"href":"https:\/\/www.electroluxprofessional.com\/pl\/wp-json\/wp\/v2\/pages\/11789\/revisions"}],"predecessor-version":[{"id":11887,"href":"https:\/\/www.electroluxprofessional.com\/pl\/wp-json\/wp\/v2\/pages\/11789\/revisions\/11887"}],"wp:featuredmedia":[{"embeddable":true,"href":"https:\/\/www.electroluxprofessional.com\/pl\/wp-json\/wp\/v2\/media\/11774"}],"wp:attachment":[{"href":"https:\/\/www.electroluxprofessional.com\/pl\/wp-json\/wp\/v2\/media?parent=11789"}],"curies":[{"name":"wp","href":"https:\/\/api.w.org\/{rel}","templated":true}]}}