{"id":11498,"date":"2025-10-20T19:06:06","date_gmt":"2025-10-20T19:06:06","guid":{"rendered":"https:\/\/www.electroluxprofessional.com\/pl\/?page_id=11498"},"modified":"2025-11-19T09:38:04","modified_gmt":"2025-11-19T09:38:04","slug":"bars-and-cafes","status":"publish","type":"page","link":"https:\/\/www.electroluxprofessional.com\/pl\/bars-and-cafes\/","title":{"rendered":"Bary i kawiarnie"},"content":{"rendered":"<p>[vc_row full_width=&#8221;electroluxpro-full-width-no-padding&#8221; css=&#8221;.vc_custom_1663584595514{margin-top: -50px !important;}&#8221;][vc_column][elx_full_banner title=&#8221;Bars &amp; Caf\u00e9s&#8221; background_image_media_library=&#8221;11496&#8243; background_image_media_library_mobile=&#8221;11497&#8243;][\/vc_column][\/vc_row][vc_row full_width=&#8221;electroluxpro-full-width-no-padding&#8221; disable_element=&#8221;yes&#8221;][vc_column][vc_single_image image=&#8221;11493&#8243; img_size=&#8221;2000&#215;350&#8243; alignment=&#8221;center&#8221;][\/vc_column][\/vc_row][vc_row disable_element=&#8221;yes&#8221;][vc_column width=&#8221;1\/4&#8243;][vc_single_image image=&#8221;11494&#8243; img_size=&#8221;110*110&#8243; alignment=&#8221;center&#8221;][\/vc_column][vc_column width=&#8221;3\/4&#8243;][vc_empty_space height=&#8221;15px&#8221;][elx_heading font_container=&#8221;h1&#8243; font_size=&#8221;h3&#8243; text_color=&#8221;bars&#8221; text_align=&#8221;text-left&#8221;]Bary i kawiarnie[\/elx_heading][\/vc_column][\/vc_row][vc_row][vc_column][vc_column_text]<\/p>\n<h1>Nasze idealne rozwi\u0105zania do Twojego baru i kawiarni<\/h1>\n<p>[\/vc_column_text][vc_empty_space][\/vc_column][\/vc_row][vc_row equal_height=&#8221;yes&#8221; content_placement=&#8221;middle&#8221; css=&#8221;.vc_custom_1517579733790{background-color: #f7f6f6 !important;}&#8221;][vc_column width=&#8221;1\/2&#8243;][elx_simple_link_block link=&#8221;url:https%3A%2F%2Fwww.electroluxprofessional.com%2Fpl%2Fgastronomia%2Furzadzenia-do-zmywania%2Fzmywarki-podblatowe-greenclean%2F|title:Zmywarki%20do%20szk%C5%82a%20i%20podblatowe%20e-flex&#8221; text_align=&#8221;text-left&#8221; text_color=&#8221;inherit&#8221; background_color=&#8221;inherit&#8221; background_hover_color=&#8221;darker-hover&#8221; extra_class=&#8221;&#8221; reveal_effect=&#8221;&#8221; reveal_duration=&#8221;&#8221; reveal_delay=&#8221;&#8221;][vc_single_image image=&#8221;1293&#8243; img_size=&#8221;573&#215;730&#8243; onclick=&#8221;custom_link&#8221; css=&#8221;.vc_custom_1763545029170{padding-top: 60px !important;}&#8221; link=&#8221;https:\/\/www.electroluxprofessional.com\/pl\/gastronomia\/urzadzenia-do-zmywania\/zmywarki-podblatowe-greenclean\/ &#8220;][elx_heading font_container=&#8221;h3&#8243; font_size=&#8221;h5&#8243; text_color=&#8221;electrolux-blue&#8221;]Elektroniczna zmywarka do szk\u0142a E-flex[\/elx_heading][vc_column_text]<\/p>\n<ul>\n<li>Bezpiecze\u0144stwo i ergonomia<\/li>\n<li>Niezwyk\u0142a wydajno\u015b\u0107<\/li>\n<li>Doskona\u0142a higiena<\/li>\n<li>D\u0142ugi okres u\u017cytkowania<\/li>\n<\/ul>\n<p>[\/vc_column_text][\/elx_simple_link_block][\/vc_column][vc_column width=&#8221;1\/2&#8243;][elx_simple_link_block link=&#8221;url:https%3A%2F%2Fwww.electroluxprofessional.com%2Fpl%2Fgastronomia%2Fspeedelight-rozwiazanie-do-szybkiego-gotowania%2F|title:Szybkie%20gotowanie%20SpeeDelight&#8221; text_align=&#8221;text-left&#8221; text_color=&#8221;inherit&#8221; background_color=&#8221;inherit&#8221; background_hover_color=&#8221;darker-hover&#8221; extra_class=&#8221;&#8221; reveal_effect=&#8221;&#8221; reveal_duration=&#8221;&#8221; reveal_delay=&#8221;&#8221;][vc_single_image image=&#8221;1295&#8243; img_size=&#8221;full&#8221; onclick=&#8221;custom_link&#8221; css=&#8221;.vc_custom_1763545047254{padding-top: 60px !important;}&#8221; link=&#8221;https:\/\/www.electroluxprofessional.com\/pl\/gastronomia\/speedelight-rozwiazanie-do-szybkiego-gotowania\/ &#8220;][elx_heading font_container=&#8221;h3&#8243; font_size=&#8221;h5&#8243; text_color=&#8221;inherit&#8221;]SpeeDelight[\/elx_heading][vc_column_text]<\/p>\n<ul>\n<li>Oferuj zdrowe, pyszne przek\u0105ski szybko i sprawnie<\/li>\n<li>Jako\u015b\u0107 na ka\u017cdym poziomie dzi\u0119ki <strong>trzem systemom gotowania<\/strong><\/li>\n<li>Pokrywa podnosi si\u0119 automatycznie, gdy przek\u0105ska jest gotowa<\/li>\n<\/ul>\n<p>[\/vc_column_text][\/elx_simple_link_block][\/vc_column][\/vc_row][vc_row css=&#8221;.vc_custom_1522939207643{background-color: #ededc9 !important;}&#8221;][vc_column][elx_heading text_color=&#8221;inherit&#8221; text_align=&#8221;text-left&#8221;]Rozwi\u0105zania do napoj\u00f3w<br \/>\n[\/elx_heading][vc_empty_space][\/vc_column][\/vc_row][vc_row equal_height=&#8221;yes&#8221; css=&#8221;.vc_custom_1522941413247{background-color: #ededc9 !important;}&#8221;][vc_column width=&#8221;1\/2&#8243;][elx_simple_link_block link=&#8221;url:https%3A%2F%2Fwww.electroluxprofessional.com%2Fpl%2Fnapoje%2F|title:Beverage%20solutions&#8221; text_align=&#8221;text-left&#8221; text_color=&#8221;inherit&#8221; background_color=&#8221;inherit&#8221; background_hover_color=&#8221;darker-hover&#8221; extra_class=&#8221;&#8221; reveal_effect=&#8221;&#8221; reveal_duration=&#8221;&#8221; reveal_delay=&#8221;&#8221;][vc_single_image image=&#8221;5716&#8243; img_size=&#8221;full&#8221;][\/elx_simple_link_block][\/vc_column][vc_column width=&#8221;1\/2&#8243;][elx_simple_link_block link=&#8221;url:https%3A%2F%2Fwww.electroluxprofessional.com%2Fpl%2Fnapoje%2F%20|title:Beverage%20solutions&#8221; text_align=&#8221;text-left&#8221; text_color=&#8221;inherit&#8221; background_color=&#8221;inherit&#8221; background_hover_color=&#8221;darker-hover&#8221; extra_class=&#8221;&#8221; reveal_effect=&#8221;&#8221; reveal_duration=&#8221;&#8221; reveal_delay=&#8221;&#8221;][elx_heading font_container=&#8221;h3&#8243; font_size=&#8221;h5&#8243; text_color=&#8221;inherit&#8221;]Kompleksowa go\u015bcinno\u015b\u0107[\/elx_heading][vc_column_text]Szeroka oferta rozwi\u0105za\u0144 do serwowania <strong>kawy i napoj\u00f3w<\/strong> przekraczaj\u0105cych oczekiwania klient\u00f3w, oraz zesp\u00f3\u0142 ekspert\u00f3w, kt\u00f3ry do\u0142\u0105czy\u0142 do nas, aby zapewni\u0107 Pa\u0144stwu obs\u0142ug\u0119 na najwy\u017cszym poziomie.<\/p>\n<ul>\n<li>Zaparzacze do kawy i herbaty<\/li>\n<li>M\u0142ynki do kawy<\/li>\n<li>Dozowniki zimnych napoj\u00f3w<\/li>\n<li>Automaty do gor\u0105cych i zimnych napoj\u00f3w<\/li>\n<li>i o wiele wi\u0119cej&#8230;<\/li>\n<\/ul>\n<p>[\/vc_column_text][\/elx_simple_link_block][elx_button button_text=&#8221;Odkryj ofert\u0119 urz\u0105dze\u0144 do kawy i napoj\u00f3w&#8221; button_style=&#8221;icon-blue&#8221; button_link=&#8221;url:https%3A%2F%2Fwww.electroluxprofessional.com%2Fpl%2Fnapoje%2F|title:coffee%20and%20beverage%20solutions&#8221;][\/vc_column][\/vc_row][vc_row css=&#8221;.vc_custom_1480591577587{background-color: #f7f6f6 !important;}&#8221;][vc_column][vc_empty_space][\/vc_column][\/vc_row][vc_row equal_height=&#8221;yes&#8221; content_placement=&#8221;middle&#8221; css=&#8221;.vc_custom_1517579733790{background-color: #f7f6f6 !important;}&#8221;][vc_column width=&#8221;1\/3&#8243;][elx_simple_block text_align=&#8221;text-center&#8221; background_color=&#8221;inherit&#8221;][elx_heading text_color=&#8221;electrolux-blue&#8221;]Biznes sieciowy [\/elx_heading][vc_column_text]<\/p>\n<p style=\"text-align: center;\">W jaki spos\u00f3b zmieniamy \u015bwiat?<\/p>\n<p>[\/vc_column_text][elx_button button_text=&#8221;Dowiedz si\u0119 wi\u0119cej&#8221; button_style=&#8221;default&#8221; button_link=&#8221;url:https%3A%2F%2Fwww.electroluxprofessional.com%2Fpl%2Ftwoj-biznes%2Fsieci-restauracji%2F|title:Sieci%20restauracji&#8221;][\/elx_simple_block][\/vc_column][vc_column width=&#8221;1\/3&#8243;][vc_single_image image=&#8221;1840&#8243; img_size=&#8221;400*400&#8243;][\/vc_column][vc_column width=&#8221;1\/3&#8243;][vc_single_image image=&#8221;11495&#8243; img_size=&#8221;full&#8221;][\/vc_column][\/vc_row][vc_row css=&#8221;.vc_custom_1480591577587{background-color: #f7f6f6 !important;}&#8221;][vc_column][vc_empty_space][\/vc_column][\/vc_row][vc_row][vc_column][elx_heading font_container=&#8221;h3&#8243; font_size=&#8221;h5&#8243; text_color=&#8221;inherit&#8221; text_align=&#8221;text-left&#8221;]Odkryj, co Electrolux Professional mo\u017ce zrobi\u0107 dla Twojego biznesu[\/elx_heading][elx_o2000_contact_us s=&#8221;Popro\u015b o informacje: Bary i kawiarnie&#8221; container=&#8221;elxcontactus1469457379&#8243; r=&#8221;Chc\u0119 dowiedzie\u0107 si\u0119 wi\u0119cej na temat rozwi\u0105za\u0144 do bar\u00f3w i kawiarni.&#8221; l=&#8221;en&#8221;][vc_empty_space height=&#8221;50px&#8221;][\/vc_column][\/vc_row]<\/p>\n","protected":false},"excerpt":{"rendered":"<p>[vc_row full_width=&#8221;electroluxpro-full-width-no-padding&#8221; css=&#8221;.vc_custom_1663584595514{margin-top: -50px !important;}&#8221;][vc_column][elx_full_banner title=&#8221;Bars &amp; Caf\u00e9s&#8221; background_image_media_library=&#8221;11496&#8243; background_image_media_library_mobile=&#8221;11497&#8243;][\/vc_column][\/vc_row][vc_row full_width=&#8221;electroluxpro-full-width-no-padding&#8221; disable_element=&#8221;yes&#8221;][vc_column][vc_single_image image=&#8221;11493&#8243; img_size=&#8221;2000&#215;350&#8243; alignment=&#8221;center&#8221;][\/vc_column][\/vc_row][vc_row disable_element=&#8221;yes&#8221;][vc_column width=&#8221;1\/4&#8243;][vc_single_image image=&#8221;11494&#8243; img_size=&#8221;110*110&#8243; alignment=&#8221;center&#8221;][\/vc_column][vc_column width=&#8221;3\/4&#8243;][vc_empty_space height=&#8221;15px&#8221;][elx_heading font_container=&#8221;h1&#8243; font_size=&#8221;h3&#8243; text_color=&#8221;bars&#8221; text_align=&#8221;text-left&#8221;]Bary i kawiarnie[\/elx_heading][\/vc_column][\/vc_row][vc_row][vc_column][vc_column_text] Nasze idealne rozwi\u0105zania do Twojego baru i kawiarni [\/vc_column_text][vc_empty_space][\/vc_column][\/vc_row][vc_row equal_height=&#8221;yes&#8221; content_placement=&#8221;middle&#8221; css=&#8221;.vc_custom_1517579733790{background-color: #f7f6f6 !important;}&#8221;][vc_column width=&#8221;1\/2&#8243;][elx_simple_link_block link=&#8221;url:https%3A%2F%2Fwww.electroluxprofessional.com%2Fpl%2Fgastronomia%2Furzadzenia-do-zmywania%2Fzmywarki-podblatowe-greenclean%2F|title:Zmywarki%20do%20szk%C5%82a%20i%20podblatowe%20e-flex&#8221; text_align=&#8221;text-left&#8221; text_color=&#8221;inherit&#8221; background_color=&#8221;inherit&#8221; background_hover_color=&#8221;darker-hover&#8221; extra_class=&#8221;&#8221; reveal_effect=&#8221;&#8221; reveal_duration=&#8221;&#8221; reveal_delay=&#8221;&#8221;][vc_single_image image=&#8221;1293&#8243; img_size=&#8221;573&#215;730&#8243; onclick=&#8221;custom_link&#8221; [&hellip;]<\/p>\n","protected":false},"author":120,"featured_media":1214,"parent":0,"menu_order":0,"comment_status":"closed","ping_status":"closed","template":"","meta":{"footnotes":""},"class_list":["post-11498","page","type-page","status-publish","has-post-thumbnail","hentry"],"acf":[],"yoast_head":"<!-- This site is optimized with the Yoast SEO plugin v23.3 - https:\/\/yoast.com\/wordpress\/plugins\/seo\/ -->\n<title>Bary i kawiarnie - Electrolux Professional Polska<\/title>\n<meta name=\"description\" content=\"Discover our solutions for wineries, pubs, bistros, bars and cafes: electronic glasswasher, SpeeDelight high speed snack grill, Libero Line mobile cooking.\" \/>\n<meta name=\"robots\" content=\"index, follow, max-snippet:-1, max-image-preview:large, max-video-preview:-1\" \/>\n<link rel=\"canonical\" href=\"https:\/\/www.electroluxprofessional.com\/pl\/bars-and-cafes\/\" \/>\n<meta property=\"og:locale\" content=\"pl_PL\" \/>\n<meta property=\"og:type\" content=\"article\" \/>\n<meta property=\"og:title\" content=\"Bary i kawiarnie - Electrolux Professional Polska\" \/>\n<meta property=\"og:description\" content=\"Discover our solutions for wineries, pubs, bistros, bars and cafes: electronic glasswasher, SpeeDelight high speed snack grill, Libero Line mobile cooking.\" \/>\n<meta property=\"og:url\" content=\"https:\/\/www.electroluxprofessional.com\/pl\/bars-and-cafes\/\" \/>\n<meta property=\"og:site_name\" content=\"Electrolux Professional Polska\" \/>\n<meta property=\"article:modified_time\" content=\"2025-11-19T09:38:04+00:00\" \/>\n<meta property=\"og:image\" content=\"https:\/\/www.electroluxprofessional.com\/pl\/wp-content\/uploads\/2016\/11\/bar-cafe.jpg\" \/>\n\t<meta property=\"og:image:width\" content=\"700\" \/>\n\t<meta property=\"og:image:height\" content=\"700\" \/>\n\t<meta property=\"og:image:type\" content=\"image\/jpeg\" \/>\n<meta name=\"twitter:card\" content=\"summary_large_image\" \/>\n<meta name=\"twitter:label1\" content=\"Szacowany czas czytania\" \/>\n\t<meta name=\"twitter:data1\" content=\"4 minuty\" \/>\n<script type=\"application\/ld+json\" class=\"yoast-schema-graph\">{\"@context\":\"https:\/\/schema.org\",\"@graph\":[{\"@type\":\"WebPage\",\"@id\":\"https:\/\/www.electroluxprofessional.com\/pl\/bars-and-cafes\/\",\"url\":\"https:\/\/www.electroluxprofessional.com\/pl\/bars-and-cafes\/\",\"name\":\"Bary i kawiarnie - Electrolux Professional Polska\",\"isPartOf\":{\"@id\":\"https:\/\/www.electroluxprofessional.com\/pl\/#website\"},\"primaryImageOfPage\":{\"@id\":\"https:\/\/www.electroluxprofessional.com\/pl\/bars-and-cafes\/#primaryimage\"},\"image\":{\"@id\":\"https:\/\/www.electroluxprofessional.com\/pl\/bars-and-cafes\/#primaryimage\"},\"thumbnailUrl\":\"https:\/\/www.electroluxprofessional.com\/pl\/wp-content\/uploads\/2016\/11\/bar-cafe.jpg\",\"datePublished\":\"2025-10-20T19:06:06+00:00\",\"dateModified\":\"2025-11-19T09:38:04+00:00\",\"description\":\"Discover our solutions for wineries, pubs, bistros, bars and cafes: electronic glasswasher, SpeeDelight high speed snack grill, Libero Line mobile cooking.\",\"breadcrumb\":{\"@id\":\"https:\/\/www.electroluxprofessional.com\/pl\/bars-and-cafes\/#breadcrumb\"},\"inLanguage\":\"pl-PL\",\"potentialAction\":[{\"@type\":\"ReadAction\",\"target\":[\"https:\/\/www.electroluxprofessional.com\/pl\/bars-and-cafes\/\"]}]},{\"@type\":\"ImageObject\",\"inLanguage\":\"pl-PL\",\"@id\":\"https:\/\/www.electroluxprofessional.com\/pl\/bars-and-cafes\/#primaryimage\",\"url\":\"https:\/\/www.electroluxprofessional.com\/pl\/wp-content\/uploads\/2016\/11\/bar-cafe.jpg\",\"contentUrl\":\"https:\/\/www.electroluxprofessional.com\/pl\/wp-content\/uploads\/2016\/11\/bar-cafe.jpg\",\"width\":700,\"height\":700,\"caption\":\"Bars & Caf\u00e9s\"},{\"@type\":\"BreadcrumbList\",\"@id\":\"https:\/\/www.electroluxprofessional.com\/pl\/bars-and-cafes\/#breadcrumb\",\"itemListElement\":[{\"@type\":\"ListItem\",\"position\":1,\"name\":\"Strona g\u0142\u00f3wna\",\"item\":\"https:\/\/www.electroluxprofessional.com\/pl\/\"},{\"@type\":\"ListItem\",\"position\":2,\"name\":\"Bary i kawiarnie\"}]},{\"@type\":\"WebSite\",\"@id\":\"https:\/\/www.electroluxprofessional.com\/pl\/#website\",\"url\":\"https:\/\/www.electroluxprofessional.com\/pl\/\",\"name\":\"Electrolux Professional Polska\",\"description\":\"\",\"potentialAction\":[{\"@type\":\"SearchAction\",\"target\":{\"@type\":\"EntryPoint\",\"urlTemplate\":\"https:\/\/www.electroluxprofessional.com\/pl\/?src={search_term_string}\"},\"query-input\":\"required name=search_term_string\"}],\"inLanguage\":\"pl-PL\"}]}<\/script>\n<!-- \/ Yoast SEO plugin. -->","yoast_head_json":{"title":"Bary i kawiarnie - Electrolux Professional Polska","description":"Discover our solutions for wineries, pubs, bistros, bars and cafes: electronic glasswasher, SpeeDelight high speed snack grill, Libero Line mobile cooking.","robots":{"index":"index","follow":"follow","max-snippet":"max-snippet:-1","max-image-preview":"max-image-preview:large","max-video-preview":"max-video-preview:-1"},"canonical":"https:\/\/www.electroluxprofessional.com\/pl\/bars-and-cafes\/","og_locale":"pl_PL","og_type":"article","og_title":"Bary i kawiarnie - Electrolux Professional Polska","og_description":"Discover our solutions for wineries, pubs, bistros, bars and cafes: electronic glasswasher, SpeeDelight high speed snack grill, Libero Line mobile cooking.","og_url":"https:\/\/www.electroluxprofessional.com\/pl\/bars-and-cafes\/","og_site_name":"Electrolux Professional Polska","article_modified_time":"2025-11-19T09:38:04+00:00","og_image":[{"width":700,"height":700,"url":"https:\/\/www.electroluxprofessional.com\/pl\/wp-content\/uploads\/2016\/11\/bar-cafe.jpg","type":"image\/jpeg"}],"twitter_card":"summary_large_image","twitter_misc":{"Szacowany czas czytania":"4 minuty"},"schema":{"@context":"https:\/\/schema.org","@graph":[{"@type":"WebPage","@id":"https:\/\/www.electroluxprofessional.com\/pl\/bars-and-cafes\/","url":"https:\/\/www.electroluxprofessional.com\/pl\/bars-and-cafes\/","name":"Bary i kawiarnie - Electrolux Professional Polska","isPartOf":{"@id":"https:\/\/www.electroluxprofessional.com\/pl\/#website"},"primaryImageOfPage":{"@id":"https:\/\/www.electroluxprofessional.com\/pl\/bars-and-cafes\/#primaryimage"},"image":{"@id":"https:\/\/www.electroluxprofessional.com\/pl\/bars-and-cafes\/#primaryimage"},"thumbnailUrl":"https:\/\/www.electroluxprofessional.com\/pl\/wp-content\/uploads\/2016\/11\/bar-cafe.jpg","datePublished":"2025-10-20T19:06:06+00:00","dateModified":"2025-11-19T09:38:04+00:00","description":"Discover our solutions for wineries, pubs, bistros, bars and cafes: electronic glasswasher, SpeeDelight high speed snack grill, Libero Line mobile cooking.","breadcrumb":{"@id":"https:\/\/www.electroluxprofessional.com\/pl\/bars-and-cafes\/#breadcrumb"},"inLanguage":"pl-PL","potentialAction":[{"@type":"ReadAction","target":["https:\/\/www.electroluxprofessional.com\/pl\/bars-and-cafes\/"]}]},{"@type":"ImageObject","inLanguage":"pl-PL","@id":"https:\/\/www.electroluxprofessional.com\/pl\/bars-and-cafes\/#primaryimage","url":"https:\/\/www.electroluxprofessional.com\/pl\/wp-content\/uploads\/2016\/11\/bar-cafe.jpg","contentUrl":"https:\/\/www.electroluxprofessional.com\/pl\/wp-content\/uploads\/2016\/11\/bar-cafe.jpg","width":700,"height":700,"caption":"Bars & Caf\u00e9s"},{"@type":"BreadcrumbList","@id":"https:\/\/www.electroluxprofessional.com\/pl\/bars-and-cafes\/#breadcrumb","itemListElement":[{"@type":"ListItem","position":1,"name":"Strona g\u0142\u00f3wna","item":"https:\/\/www.electroluxprofessional.com\/pl\/"},{"@type":"ListItem","position":2,"name":"Bary i kawiarnie"}]},{"@type":"WebSite","@id":"https:\/\/www.electroluxprofessional.com\/pl\/#website","url":"https:\/\/www.electroluxprofessional.com\/pl\/","name":"Electrolux Professional Polska","description":"","potentialAction":[{"@type":"SearchAction","target":{"@type":"EntryPoint","urlTemplate":"https:\/\/www.electroluxprofessional.com\/pl\/?src={search_term_string}"},"query-input":"required name=search_term_string"}],"inLanguage":"pl-PL"}]}},"_links":{"self":[{"href":"https:\/\/www.electroluxprofessional.com\/pl\/wp-json\/wp\/v2\/pages\/11498"}],"collection":[{"href":"https:\/\/www.electroluxprofessional.com\/pl\/wp-json\/wp\/v2\/pages"}],"about":[{"href":"https:\/\/www.electroluxprofessional.com\/pl\/wp-json\/wp\/v2\/types\/page"}],"author":[{"embeddable":true,"href":"https:\/\/www.electroluxprofessional.com\/pl\/wp-json\/wp\/v2\/users\/120"}],"replies":[{"embeddable":true,"href":"https:\/\/www.electroluxprofessional.com\/pl\/wp-json\/wp\/v2\/comments?post=11498"}],"version-history":[{"count":9,"href":"https:\/\/www.electroluxprofessional.com\/pl\/wp-json\/wp\/v2\/pages\/11498\/revisions"}],"predecessor-version":[{"id":11709,"href":"https:\/\/www.electroluxprofessional.com\/pl\/wp-json\/wp\/v2\/pages\/11498\/revisions\/11709"}],"wp:featuredmedia":[{"embeddable":true,"href":"https:\/\/www.electroluxprofessional.com\/pl\/wp-json\/wp\/v2\/media\/1214"}],"wp:attachment":[{"href":"https:\/\/www.electroluxprofessional.com\/pl\/wp-json\/wp\/v2\/media?parent=11498"}],"curies":[{"name":"wp","href":"https:\/\/api.w.org\/{rel}","templated":true}]}}