{"id":11470,"date":"2025-10-20T11:56:02","date_gmt":"2025-10-20T11:56:02","guid":{"rendered":"https:\/\/www.electroluxprofessional.com\/pl\/?page_id=11470"},"modified":"2025-10-22T14:18:41","modified_gmt":"2025-10-22T14:18:41","slug":"essentia-serce-obslugi-klienta","status":"publish","type":"page","link":"https:\/\/www.electroluxprofessional.com\/pl\/essentia-serce-obslugi-klienta\/","title":{"rendered":"Essentia &#8211; serce obs\u0142ugi klienta"},"content":{"rendered":"<p>[vc_row full_width=&#8221;electroluxpro-full-width-no-padding&#8221;][vc_column][elx_image_block background_image=&#8221;11128&#8243; minimum_height=&#8221;400px&#8221;][\/vc_column][\/vc_row][vc_row][vc_column][elx_heading font_container=&#8221;h1&#8243; font_size=&#8221;h1&#8243; text_color=&#8221;inherit&#8221; text_align=&#8221;text-center&#8221;]Essentia<br \/>\nserce obs\u0142ugi klienta[\/elx_heading][vc_empty_space height=&#8221;22px&#8221;][\/vc_column][\/vc_row][vc_row][vc_column][vc_column_text]<\/p>\n<p style=\"text-align: center;\">Essentia podnosi standardy obs\u0142ugi klienta na wy\u017cszy poziom, oferuj\u0105c dedykowane wsparcie, kt\u00f3re staje si\u0119 kluczowym elementem przewagi konkurencyjnej. Od instalacji po ca\u0142y okres eksploatacji urz\u0105dze\u0144, jeste\u015bmy gotowi zapewni\u0107 kompleksowe umowy serwisowe oparte na naszym do\u015bwiadczeniu, tradycji i wieloletniej wiedzy w zakresie urz\u0105dze\u0144 kuchennych, pralniczych i do napoj\u00f3w.<\/p>\n<p>[\/vc_column_text][vc_empty_space][vc_single_image image=&#8221;5666&#8243; img_size=&#8221;150&#215;150&#8243; alignment=&#8221;center&#8221;][vc_empty_space][\/vc_column][\/vc_row][vc_row disable_element=&#8221;yes&#8221;][vc_column][vc_empty_space height=&#8221;50px&#8221;][elx_promo_video background_image=&#8221;11129&#8243; video_link=&#8221;https:\/\/www.youtube.com\/embed\/XVv24k2cXTU?si=5dz9b2EjEhos_BB5&#8243;][\/vc_column][\/vc_row][vc_row][vc_column][vc_empty_space height=&#8221;22px&#8221;][elx_heading font_size=&#8221;h1&#8243; text_color=&#8221;inherit&#8221; text_align=&#8221;text-center&#8221;]Zadbamy o Tw\u00f3j sprz\u0119t![\/elx_heading][vc_empty_space height=&#8221;22px&#8221;][vc_column_text]<\/p>\n<p style=\"text-align: center;\">Oferujemy oryginalne cz\u0119\u015bci zamienne, wysokiej jako\u015bci akcesoria i \u015brodki eksploatacyjne, aby Twoje urz\u0105dzenia pozostawa\u0142y w doskona\u0142ym stanie.<\/p>\n<p>[\/vc_column_text][vc_empty_space height=&#8221;15px&#8221;][\/vc_column][\/vc_row][vc_row][vc_column width=&#8221;1\/3&#8243;][elx_heading font_container=&#8221;h3&#8243; font_size=&#8221;h5&#8243; text_color=&#8221;inherit&#8221; text_align=&#8221;text-center&#8221;]Akcesoria[\/elx_heading][vc_single_image image=&#8221;11130&#8243; img_size=&#8221;400&#215;250&#8243; alignment=&#8221;center&#8221;][vc_empty_space height=&#8221;22px&#8221;][vc_column_text]<\/p>\n<p style=\"text-align: center;\">Szybka wysy\u0142ka oryginalnych akcesori\u00f3w, rygorystycznie testowanych przez ekspert\u00f3w Electrolux Professional, gwarantuje <b>trwa\u0142o\u015b\u0107 i niezawodno\u015b\u0107 sprz\u0119tu<\/b> oraz bezpiecze\u0144stwo u\u017cytkownik\u00f3w.<\/p>\n<p>[\/vc_column_text][vc_empty_space height=&#8221;22px&#8221;][elx_shop_now button_text=&#8221;KUP TERAZ&#8221; button_display_block=&#8221;display_block_on&#8221; button_alignment=&#8221;align_center&#8221; button_link=&#8221;url:https%3A%2F%2Fbuy.electroluxprofessional.com%2F&#8221;][vc_empty_space height=&#8221;35px&#8221;][\/vc_column][vc_column width=&#8221;1\/3&#8243;][elx_heading font_container=&#8221;h3&#8243; font_size=&#8221;h5&#8243; text_color=&#8221;inherit&#8221; text_align=&#8221;text-center&#8221;]\u015arodki eksploatacyjne[\/elx_heading][vc_single_image image=&#8221;11131&#8243; img_size=&#8221;318&#215;225&#8243; alignment=&#8221;center&#8221;][vc_empty_space height=&#8221;22px&#8221;][vc_column_text]<\/p>\n<p style=\"text-align: center;\">Wybieraj certyfikowane detergenty i \u015brodki eksploatacyjne, <b>starannie testowane i zatwierdzone przez Electrolux Professional<\/b>. To inteligentny wyb\u00f3r, kt\u00f3ry optymalizuje wydajno\u015b\u0107 urz\u0105dze\u0144, zwi\u0119ksza efektywno\u015b\u0107 i zapewnia doskona\u0142e rezultaty prania.<\/p>\n<p>[\/vc_column_text][vc_empty_space height=&#8221;22px&#8221;][elx_shop_now button_text=&#8221;KUP TERAZ&#8221; button_display_block=&#8221;display_block_on&#8221; button_alignment=&#8221;align_center&#8221; button_link=&#8221;url:https%3A%2F%2Fbuy.electroluxprofessional.com%2F&#8221;][vc_empty_space height=&#8221;35px&#8221;][\/vc_column][vc_column width=&#8221;1\/3&#8243;][elx_heading font_container=&#8221;h3&#8243; font_size=&#8221;h5&#8243; text_color=&#8221;inherit&#8221; text_align=&#8221;text-center&#8221;]Cz\u0119\u015bci zamienne[\/elx_heading][vc_single_image image=&#8221;11132&#8243; img_size=&#8221;278&#215;225&#8243; alignment=&#8221;center&#8221;][vc_empty_space height=&#8221;22px&#8221;][vc_column_text]<\/p>\n<p style=\"text-align: center;\">Ponad <b>55 000 cz\u0119\u015bci zamiennych dost\u0119pnych w magazynie<\/b>!<br \/>\nKorzystaj z oryginalnych cz\u0119\u015bci zamiennych, gwarantowanych <b>przez co najmniej 10 lat po zako\u0144czeniu produkcji urz\u0105dzenia<\/b>. Zapewniamy szybk\u0105 i niezawodn\u0105 wysy\u0142k\u0119 cz\u0119\u015bci w <b>24\u201348 godzin na ca\u0142ym \u015bwiecie<\/b>.[\/vc_column_text][vc_empty_space height=&#8221;22px&#8221;][elx_shop_now button_text=&#8221;KUP TERAZ&#8221; button_display_block=&#8221;display_block_on&#8221; button_alignment=&#8221;align_center&#8221; button_link=&#8221;url:https%3A%2F%2Fbuy.electroluxprofessional.com%2F&#8221;][vc_empty_space height=&#8221;35px&#8221;][\/vc_column][\/vc_row][vc_row][vc_column][vc_empty_space height=&#8221;40px&#8221;][elx_heading font_size=&#8221;h1&#8243; text_color=&#8221;inherit&#8221; text_align=&#8221;text-center&#8221;]Podnie\u015b standardy<br \/>\ndzi\u0119ki naszym umowom serwisowym[\/elx_heading][vc_empty_space height=&#8221;12px&#8221;][vc_column_text]<\/p>\n<p style=\"text-align: center;\">Oferujemy <b>elastyczne, dopasowane pakiety serwisowe<\/b>, kt\u00f3re minimalizuj\u0105 przestoje i utrzymuj\u0105 najwy\u017csz\u0105 wydajno\u015b\u0107 urz\u0105dze\u0144.<\/p>\n<p>[\/vc_column_text][vc_empty_space height=&#8221;12px&#8221;][\/vc_column][\/vc_row][vc_row][vc_column width=&#8221;1\/3&#8243;][vc_empty_space height=&#8221;28px&#8221; css=&#8221;.vc_custom_1731073396355{background-color: #9eb4b9 !important;}&#8221;][vc_empty_space height=&#8221;8px&#8221;][vc_column_text]<\/p>\n<h3>Performance<\/h3>\n<h4>Podnie\u015b standardy<\/h4>\n<p style=\"font-size: 12px;\">Redukcja nieplanowanych przestoj\u00f3w, utrzymanie warunk\u00f3w gwarancji i optymalnej wydajno\u015bci.<\/p>\n<p>[\/vc_column_text][vc_empty_space height=&#8221;35px&#8221;][\/vc_column][vc_column width=&#8221;1\/3&#8243;][vc_empty_space height=&#8221;28px&#8221; css=&#8221;.vc_custom_1731073358914{background-color: #656664 !important;}&#8221;][vc_empty_space height=&#8221;8px&#8221;][vc_column_text]<\/p>\n<h3>Premium<\/h3>\n<h4>Jeszcze wi\u0119cej dla Ciebie<\/h4>\n<p style=\"font-size: 12px;\">Przed\u0142u\u017cenie gwarancji na cz\u0119\u015bci i robocizn\u0119, szybsze reakcje serwisowe oraz dodatkowe rabaty na akcesoria i \u015brodki eksploatacyjne..<\/p>\n<p>[\/vc_column_text][vc_empty_space height=&#8221;35px&#8221;][\/vc_column][vc_column width=&#8221;1\/3&#8243;][vc_empty_space height=&#8221;28px&#8221; css=&#8221;.vc_custom_1731073402162{background-color: #bb8b46 !important;}&#8221;][vc_empty_space height=&#8221;8px&#8221;][vc_column_text]<\/p>\n<h3>Excellence<\/h3>\n<h4>Spok\u00f3j i bezpiecze\u0144stwo<\/h4>\n<p style=\"font-size: 12px;\">Kompleksowy program serwisowy i utrzymania w sta\u0142ej cenie, obejmuj\u0105cy wszystkie us\u0142ugi.<\/p>\n<p>[\/vc_column_text][vc_empty_space height=&#8221;35px&#8221;][\/vc_column][\/vc_row][vc_row][vc_column][vc_empty_space height=&#8221;12px&#8221;][elx_button button_text=&#8221;Pobierz nasz\u0105 broszur\u0119 dotycz\u0105c\u0105 umowy serwisowej&#8221; button_style=&#8221;secondary&#8221; button_display_block=&#8221;display_block_on&#8221; button_alignment=&#8221;align_center&#8221; button_alignment_mobile=&#8221;text-center-mobile&#8221; button_link=&#8221;url:http%3A%2F%2Fpride.int.electroluxprofessional.com%2FPrIDE%2FPrIDE_Attach_r%2FCLF%2FCLF_CLF-9JE00193_1_5_1_5_EPR_Essentia_Service%2520agreements_2020_ENG_LR.pdf|target:_blank&#8221;][vc_empty_space height=&#8221;50px&#8221;][\/vc_column][\/vc_row][vc_row custom_color_row=&#8221;bg-row-light-blue&#8221;][vc_column][vc_empty_space][elx_heading font_size=&#8221;h1&#8243; text_color=&#8221;inherit&#8221; text_align=&#8221;text-center&#8221;]Unikalna doskona\u0142o\u015b\u0107 serwisowa<br \/>\nZawsze blisko. Zawsze dla Ciebie.[\/elx_heading][vc_empty_space height=&#8221;22px&#8221;][\/vc_column][\/vc_row][vc_row custom_color_row=&#8221;bg-row-light-blue&#8221;][vc_column width=&#8221;1\/3&#8243;][vc_column_text]<b>Unikalna obs\u0142uga \u2013 zawsze blisko Ciebie<\/b><\/p>\n<p>Globalne zespo\u0142y R&amp;D wykorzystuj\u0105 synergie mi\u0119dzy dzia\u0142ami projektowymi, aby <b>skr\u00f3ci\u0107 czas wprowadzania innowacji na rynek<\/b>, prowadz\u0105c badania i analizuj\u0105c nowe mo\u017cliwo\u015bci.[\/vc_column_text][vc_empty_space height=&#8221;22px&#8221;][\/vc_column][vc_column width=&#8221;1\/3&#8243;][vc_column_text]<strong>Najwi\u0119ksza sie\u0107 Customer Care na \u015bwiecie<\/strong><\/p>\n<p>Electrolux Professional oferuje <b>globaln\u0105 sie\u0107 wsparcia<\/b>, z lokaln\u0105 obecno\u015bci\u0105 na ka\u017cdym etapie &#8211; przed zakupem, w trakcie eksploatacji i po jego zako\u0144czeniu.[\/vc_column_text][vc_empty_space height=&#8221;22px&#8221;][\/vc_column][vc_column width=&#8221;1\/3&#8243;][vc_column_text]<b>Certyfikaty i osi\u0105gni\u0119cia w zakresie zr\u00f3wnowa\u017conego rozwoju<\/b><\/p>\n<p>Grupa Electrolux Professional jest doceniana za dzia\u0142ania w zakresie zr\u00f3wnowa\u017conego rozwoju, w tym srebrnego ratingu EcoVadis, oceny B od CDP, niskiego wyniku ryzyka ESG od Sustainalytics oraz certyfikat\u00f3w ISO dla system\u00f3w zarz\u0105dzania \u015brodowiskowego, energetycznego i jako\u015bci.[\/vc_column_text][vc_empty_space height=&#8221;22px&#8221;][\/vc_column][\/vc_row][vc_row custom_color_row=&#8221;bg-row-light-blue&#8221;][vc_column][vc_empty_space height=&#8221;12px&#8221;][\/vc_column][\/vc_row][vc_row custom_color_row=&#8221;bg-row-light-blue&#8221;][vc_column width=&#8221;1\/4&#8243; offset=&#8221;vc_col-xs-6&#8243;][vc_column_text css=&#8221;.vc_custom_1760961987136{padding-top: 20px !important;padding-right: 20px !important;padding-bottom: 20px !important;padding-left: 20px !important;background-color: #ffffff !important;border-radius: 35px !important;}&#8221;]<\/p>\n<p style=\"text-align: center;\"><strong><span style=\"font-size: 30px;\">1900<\/span><\/strong><br \/>\nautoryzowanych<br \/>\nserwis\u00f3w[\/vc_column_text][vc_empty_space][\/vc_column][vc_column width=&#8221;1\/4&#8243; offset=&#8221;vc_col-xs-6&#8243;][vc_column_text css=&#8221;.vc_custom_1760962002397{padding-top: 20px !important;padding-right: 20px !important;padding-bottom: 20px !important;padding-left: 20px !important;background-color: #ffffff !important;border-radius: 35px !important;}&#8221;]<\/p>\n<p style=\"text-align: center;\"><strong><span style=\"font-size: 30px;\">7000<\/span><\/strong><br \/>\nwykwalifikowanych<br \/>\ntechnik\u00f3w[\/vc_column_text][vc_empty_space][\/vc_column][vc_column width=&#8221;1\/4&#8243; offset=&#8221;vc_col-xs-6&#8243;][vc_column_text css=&#8221;.vc_custom_1760962017936{padding-top: 20px !important;padding-right: 20px !important;padding-bottom: 20px !important;padding-left: 20px !important;background-color: #ffffff !important;border-radius: 35px !important;}&#8221;]<\/p>\n<p style=\"text-align: center;\"><strong><span style=\"font-size: 30px;\">55.000<\/span><\/strong><br \/>\ncz\u0119\u015bci zamiennych<br \/>\nw magazynie[\/vc_column_text][vc_empty_space][\/vc_column][vc_column width=&#8221;1\/4&#8243; offset=&#8221;vc_col-xs-6&#8243;][vc_column_text css=&#8221;.vc_custom_1760962053860{padding-top: 20px !important;padding-right: 20px !important;padding-bottom: 20px !important;padding-left: 20px !important;background-color: #ffffff !important;border-radius: 35px !important;}&#8221;]<\/p>\n<p style=\"text-align: center;\"><strong><span style=\"font-size: 30px;\">24-48 godzin<\/span><\/strong><br \/>\nczas dostawy<br \/>\ncz\u0119\u015bci na ca\u0142ym \u015bwiecie[\/vc_column_text][vc_empty_space][\/vc_column][\/vc_row][vc_row custom_color_row=&#8221;bg-row-light-blue&#8221;][vc_column][elx_button button_text=&#8221;Znajd\u017a partnera serwisowego&#8221; button_display_block=&#8221;display_block_on&#8221; button_alignment=&#8221;align_center&#8221; button_alignment_mobile=&#8221;text-center-mobile&#8221; button_link=&#8221;url:https%3A%2F%2Fwww.electroluxprofessional.com%2Fpl%2Flokalizacja%2F&#8221;][vc_empty_space][\/vc_column][\/vc_row][vc_row][vc_column][vc_empty_space height=&#8221;40px&#8221;][elx_heading font_size=&#8221;h1&#8243; text_color=&#8221;inherit&#8221; text_align=&#8221;text-center&#8221;]Skontaktuj si\u0119 z naszym dzia\u0142em obs\u0142ugi klienta[\/elx_heading][vc_empty_space height=&#8221;22px&#8221;][elx_o2000_contact_us r=&#8221;I would like to find out more about Essentia. Please get in touch with me.&#8221;][\/vc_column][\/vc_row]<\/p>\n","protected":false},"excerpt":{"rendered":"<p>[vc_row full_width=&#8221;electroluxpro-full-width-no-padding&#8221;][vc_column][elx_image_block background_image=&#8221;11128&#8243; minimum_height=&#8221;400px&#8221;][\/vc_column][\/vc_row][vc_row][vc_column][elx_heading font_container=&#8221;h1&#8243; font_size=&#8221;h1&#8243; text_color=&#8221;inherit&#8221; text_align=&#8221;text-center&#8221;]Essentia serce obs\u0142ugi klienta[\/elx_heading][vc_empty_space height=&#8221;22px&#8221;][\/vc_column][\/vc_row][vc_row][vc_column][vc_column_text] Essentia podnosi standardy obs\u0142ugi klienta na wy\u017cszy poziom, oferuj\u0105c dedykowane wsparcie, kt\u00f3re staje si\u0119 kluczowym elementem przewagi konkurencyjnej. Od instalacji po ca\u0142y okres eksploatacji urz\u0105dze\u0144, jeste\u015bmy gotowi zapewni\u0107 kompleksowe umowy serwisowe oparte na naszym do\u015bwiadczeniu, tradycji i wieloletniej wiedzy w zakresie urz\u0105dze\u0144 kuchennych, [&hellip;]<\/p>\n","protected":false},"author":79,"featured_media":11128,"parent":0,"menu_order":0,"comment_status":"closed","ping_status":"closed","template":"","meta":{"footnotes":""},"class_list":["post-11470","page","type-page","status-publish","has-post-thumbnail","hentry"],"acf":[],"yoast_head":"<!-- This site is optimized with the Yoast SEO plugin v23.3 - https:\/\/yoast.com\/wordpress\/plugins\/seo\/ -->\n<title>Essentia - serce obs\u0142ugi klienta - Electrolux Professional Polska<\/title>\n<meta name=\"description\" content=\"Essentia by Electrolux Professional oferuje najwy\u017cszej klasy obs\u0142ug\u0119 klienta w zakresie sprz\u0119tu kuchennego, pralniczego i napoj\u00f3w. Dzi\u0119ki profesjonalnym umowom serwisowym, oryginalnym cz\u0119\u015bciom zamiennym i akcesoriom premium, Essentia gwarantuje optymaln\u0105 wydajno\u015b\u0107 i efektywno\u015b\u0107. Dzi\u0119ki globalnej sieci wsparcia i zr\u00f3wnowa\u017conym praktykom, zwi\u0119ksz swoj\u0105 przewag\u0119 konkurencyjn\u0105 dzi\u0119ki niezawodnej opiece przez ca\u0142y okres u\u017cytkowania sprz\u0119tu.\" \/>\n<meta name=\"robots\" content=\"index, follow, max-snippet:-1, max-image-preview:large, max-video-preview:-1\" \/>\n<link rel=\"canonical\" href=\"https:\/\/www.electroluxprofessional.com\/pl\/essentia-serce-obslugi-klienta\/\" \/>\n<meta property=\"og:locale\" content=\"pl_PL\" \/>\n<meta property=\"og:type\" content=\"article\" \/>\n<meta property=\"og:title\" content=\"Essentia - serce obs\u0142ugi klienta - Electrolux Professional Polska\" \/>\n<meta property=\"og:description\" content=\"Essentia by Electrolux Professional oferuje najwy\u017cszej klasy obs\u0142ug\u0119 klienta w zakresie sprz\u0119tu kuchennego, pralniczego i napoj\u00f3w. Dzi\u0119ki profesjonalnym umowom serwisowym, oryginalnym cz\u0119\u015bciom zamiennym i akcesoriom premium, Essentia gwarantuje optymaln\u0105 wydajno\u015b\u0107 i efektywno\u015b\u0107. Dzi\u0119ki globalnej sieci wsparcia i zr\u00f3wnowa\u017conym praktykom, zwi\u0119ksz swoj\u0105 przewag\u0119 konkurencyjn\u0105 dzi\u0119ki niezawodnej opiece przez ca\u0142y okres u\u017cytkowania sprz\u0119tu.\" \/>\n<meta property=\"og:url\" content=\"https:\/\/www.electroluxprofessional.com\/pl\/essentia-serce-obslugi-klienta\/\" \/>\n<meta property=\"og:site_name\" content=\"Electrolux Professional Polska\" \/>\n<meta property=\"article:modified_time\" content=\"2025-10-22T14:18:41+00:00\" \/>\n<meta property=\"og:image\" content=\"https:\/\/www.electroluxprofessional.com\/pl\/wp-content\/uploads\/2025\/09\/Featured-Banner-H-banner-equipment-maintainance.webp\" \/>\n\t<meta property=\"og:image:width\" content=\"2000\" \/>\n\t<meta property=\"og:image:height\" content=\"350\" \/>\n\t<meta property=\"og:image:type\" content=\"image\/webp\" \/>\n<meta name=\"twitter:card\" content=\"summary_large_image\" \/>\n<meta name=\"twitter:label1\" content=\"Szacowany czas czytania\" \/>\n\t<meta name=\"twitter:data1\" content=\"5 minut\" \/>\n<script type=\"application\/ld+json\" class=\"yoast-schema-graph\">{\"@context\":\"https:\/\/schema.org\",\"@graph\":[{\"@type\":\"WebPage\",\"@id\":\"https:\/\/www.electroluxprofessional.com\/pl\/essentia-serce-obslugi-klienta\/\",\"url\":\"https:\/\/www.electroluxprofessional.com\/pl\/essentia-serce-obslugi-klienta\/\",\"name\":\"Essentia - serce obs\u0142ugi klienta - Electrolux Professional Polska\",\"isPartOf\":{\"@id\":\"https:\/\/www.electroluxprofessional.com\/pl\/#website\"},\"primaryImageOfPage\":{\"@id\":\"https:\/\/www.electroluxprofessional.com\/pl\/essentia-serce-obslugi-klienta\/#primaryimage\"},\"image\":{\"@id\":\"https:\/\/www.electroluxprofessional.com\/pl\/essentia-serce-obslugi-klienta\/#primaryimage\"},\"thumbnailUrl\":\"https:\/\/www.electroluxprofessional.com\/pl\/wp-content\/uploads\/2025\/09\/Featured-Banner-H-banner-equipment-maintainance.webp\",\"datePublished\":\"2025-10-20T11:56:02+00:00\",\"dateModified\":\"2025-10-22T14:18:41+00:00\",\"description\":\"Essentia by Electrolux Professional oferuje najwy\u017cszej klasy obs\u0142ug\u0119 klienta w zakresie sprz\u0119tu kuchennego, pralniczego i napoj\u00f3w. Dzi\u0119ki profesjonalnym umowom serwisowym, oryginalnym cz\u0119\u015bciom zamiennym i akcesoriom premium, Essentia gwarantuje optymaln\u0105 wydajno\u015b\u0107 i efektywno\u015b\u0107. Dzi\u0119ki globalnej sieci wsparcia i zr\u00f3wnowa\u017conym praktykom, zwi\u0119ksz swoj\u0105 przewag\u0119 konkurencyjn\u0105 dzi\u0119ki niezawodnej opiece przez ca\u0142y okres u\u017cytkowania sprz\u0119tu.\",\"breadcrumb\":{\"@id\":\"https:\/\/www.electroluxprofessional.com\/pl\/essentia-serce-obslugi-klienta\/#breadcrumb\"},\"inLanguage\":\"pl-PL\",\"potentialAction\":[{\"@type\":\"ReadAction\",\"target\":[\"https:\/\/www.electroluxprofessional.com\/pl\/essentia-serce-obslugi-klienta\/\"]}]},{\"@type\":\"ImageObject\",\"inLanguage\":\"pl-PL\",\"@id\":\"https:\/\/www.electroluxprofessional.com\/pl\/essentia-serce-obslugi-klienta\/#primaryimage\",\"url\":\"https:\/\/www.electroluxprofessional.com\/pl\/wp-content\/uploads\/2025\/09\/Featured-Banner-H-banner-equipment-maintainance.webp\",\"contentUrl\":\"https:\/\/www.electroluxprofessional.com\/pl\/wp-content\/uploads\/2025\/09\/Featured-Banner-H-banner-equipment-maintainance.webp\",\"width\":2000,\"height\":350},{\"@type\":\"BreadcrumbList\",\"@id\":\"https:\/\/www.electroluxprofessional.com\/pl\/essentia-serce-obslugi-klienta\/#breadcrumb\",\"itemListElement\":[{\"@type\":\"ListItem\",\"position\":1,\"name\":\"Strona g\u0142\u00f3wna\",\"item\":\"https:\/\/www.electroluxprofessional.com\/pl\/\"},{\"@type\":\"ListItem\",\"position\":2,\"name\":\"Essentia &#8211; serce obs\u0142ugi klienta\"}]},{\"@type\":\"WebSite\",\"@id\":\"https:\/\/www.electroluxprofessional.com\/pl\/#website\",\"url\":\"https:\/\/www.electroluxprofessional.com\/pl\/\",\"name\":\"Electrolux Professional Polska\",\"description\":\"\",\"potentialAction\":[{\"@type\":\"SearchAction\",\"target\":{\"@type\":\"EntryPoint\",\"urlTemplate\":\"https:\/\/www.electroluxprofessional.com\/pl\/?src={search_term_string}\"},\"query-input\":\"required name=search_term_string\"}],\"inLanguage\":\"pl-PL\"}]}<\/script>\n<!-- \/ Yoast SEO plugin. -->","yoast_head_json":{"title":"Essentia - serce obs\u0142ugi klienta - Electrolux Professional Polska","description":"Essentia by Electrolux Professional oferuje najwy\u017cszej klasy obs\u0142ug\u0119 klienta w zakresie sprz\u0119tu kuchennego, pralniczego i napoj\u00f3w. Dzi\u0119ki profesjonalnym umowom serwisowym, oryginalnym cz\u0119\u015bciom zamiennym i akcesoriom premium, Essentia gwarantuje optymaln\u0105 wydajno\u015b\u0107 i efektywno\u015b\u0107. Dzi\u0119ki globalnej sieci wsparcia i zr\u00f3wnowa\u017conym praktykom, zwi\u0119ksz swoj\u0105 przewag\u0119 konkurencyjn\u0105 dzi\u0119ki niezawodnej opiece przez ca\u0142y okres u\u017cytkowania sprz\u0119tu.","robots":{"index":"index","follow":"follow","max-snippet":"max-snippet:-1","max-image-preview":"max-image-preview:large","max-video-preview":"max-video-preview:-1"},"canonical":"https:\/\/www.electroluxprofessional.com\/pl\/essentia-serce-obslugi-klienta\/","og_locale":"pl_PL","og_type":"article","og_title":"Essentia - serce obs\u0142ugi klienta - Electrolux Professional Polska","og_description":"Essentia by Electrolux Professional oferuje najwy\u017cszej klasy obs\u0142ug\u0119 klienta w zakresie sprz\u0119tu kuchennego, pralniczego i napoj\u00f3w. Dzi\u0119ki profesjonalnym umowom serwisowym, oryginalnym cz\u0119\u015bciom zamiennym i akcesoriom premium, Essentia gwarantuje optymaln\u0105 wydajno\u015b\u0107 i efektywno\u015b\u0107. Dzi\u0119ki globalnej sieci wsparcia i zr\u00f3wnowa\u017conym praktykom, zwi\u0119ksz swoj\u0105 przewag\u0119 konkurencyjn\u0105 dzi\u0119ki niezawodnej opiece przez ca\u0142y okres u\u017cytkowania sprz\u0119tu.","og_url":"https:\/\/www.electroluxprofessional.com\/pl\/essentia-serce-obslugi-klienta\/","og_site_name":"Electrolux Professional Polska","article_modified_time":"2025-10-22T14:18:41+00:00","og_image":[{"width":2000,"height":350,"url":"https:\/\/www.electroluxprofessional.com\/pl\/wp-content\/uploads\/2025\/09\/Featured-Banner-H-banner-equipment-maintainance.webp","type":"image\/webp"}],"twitter_card":"summary_large_image","twitter_misc":{"Szacowany czas czytania":"5 minut"},"schema":{"@context":"https:\/\/schema.org","@graph":[{"@type":"WebPage","@id":"https:\/\/www.electroluxprofessional.com\/pl\/essentia-serce-obslugi-klienta\/","url":"https:\/\/www.electroluxprofessional.com\/pl\/essentia-serce-obslugi-klienta\/","name":"Essentia - serce obs\u0142ugi klienta - Electrolux Professional Polska","isPartOf":{"@id":"https:\/\/www.electroluxprofessional.com\/pl\/#website"},"primaryImageOfPage":{"@id":"https:\/\/www.electroluxprofessional.com\/pl\/essentia-serce-obslugi-klienta\/#primaryimage"},"image":{"@id":"https:\/\/www.electroluxprofessional.com\/pl\/essentia-serce-obslugi-klienta\/#primaryimage"},"thumbnailUrl":"https:\/\/www.electroluxprofessional.com\/pl\/wp-content\/uploads\/2025\/09\/Featured-Banner-H-banner-equipment-maintainance.webp","datePublished":"2025-10-20T11:56:02+00:00","dateModified":"2025-10-22T14:18:41+00:00","description":"Essentia by Electrolux Professional oferuje najwy\u017cszej klasy obs\u0142ug\u0119 klienta w zakresie sprz\u0119tu kuchennego, pralniczego i napoj\u00f3w. Dzi\u0119ki profesjonalnym umowom serwisowym, oryginalnym cz\u0119\u015bciom zamiennym i akcesoriom premium, Essentia gwarantuje optymaln\u0105 wydajno\u015b\u0107 i efektywno\u015b\u0107. Dzi\u0119ki globalnej sieci wsparcia i zr\u00f3wnowa\u017conym praktykom, zwi\u0119ksz swoj\u0105 przewag\u0119 konkurencyjn\u0105 dzi\u0119ki niezawodnej opiece przez ca\u0142y okres u\u017cytkowania sprz\u0119tu.","breadcrumb":{"@id":"https:\/\/www.electroluxprofessional.com\/pl\/essentia-serce-obslugi-klienta\/#breadcrumb"},"inLanguage":"pl-PL","potentialAction":[{"@type":"ReadAction","target":["https:\/\/www.electroluxprofessional.com\/pl\/essentia-serce-obslugi-klienta\/"]}]},{"@type":"ImageObject","inLanguage":"pl-PL","@id":"https:\/\/www.electroluxprofessional.com\/pl\/essentia-serce-obslugi-klienta\/#primaryimage","url":"https:\/\/www.electroluxprofessional.com\/pl\/wp-content\/uploads\/2025\/09\/Featured-Banner-H-banner-equipment-maintainance.webp","contentUrl":"https:\/\/www.electroluxprofessional.com\/pl\/wp-content\/uploads\/2025\/09\/Featured-Banner-H-banner-equipment-maintainance.webp","width":2000,"height":350},{"@type":"BreadcrumbList","@id":"https:\/\/www.electroluxprofessional.com\/pl\/essentia-serce-obslugi-klienta\/#breadcrumb","itemListElement":[{"@type":"ListItem","position":1,"name":"Strona g\u0142\u00f3wna","item":"https:\/\/www.electroluxprofessional.com\/pl\/"},{"@type":"ListItem","position":2,"name":"Essentia &#8211; serce obs\u0142ugi klienta"}]},{"@type":"WebSite","@id":"https:\/\/www.electroluxprofessional.com\/pl\/#website","url":"https:\/\/www.electroluxprofessional.com\/pl\/","name":"Electrolux Professional Polska","description":"","potentialAction":[{"@type":"SearchAction","target":{"@type":"EntryPoint","urlTemplate":"https:\/\/www.electroluxprofessional.com\/pl\/?src={search_term_string}"},"query-input":"required name=search_term_string"}],"inLanguage":"pl-PL"}]}},"_links":{"self":[{"href":"https:\/\/www.electroluxprofessional.com\/pl\/wp-json\/wp\/v2\/pages\/11470"}],"collection":[{"href":"https:\/\/www.electroluxprofessional.com\/pl\/wp-json\/wp\/v2\/pages"}],"about":[{"href":"https:\/\/www.electroluxprofessional.com\/pl\/wp-json\/wp\/v2\/types\/page"}],"author":[{"embeddable":true,"href":"https:\/\/www.electroluxprofessional.com\/pl\/wp-json\/wp\/v2\/users\/79"}],"replies":[{"embeddable":true,"href":"https:\/\/www.electroluxprofessional.com\/pl\/wp-json\/wp\/v2\/comments?post=11470"}],"version-history":[{"count":4,"href":"https:\/\/www.electroluxprofessional.com\/pl\/wp-json\/wp\/v2\/pages\/11470\/revisions"}],"predecessor-version":[{"id":11543,"href":"https:\/\/www.electroluxprofessional.com\/pl\/wp-json\/wp\/v2\/pages\/11470\/revisions\/11543"}],"wp:featuredmedia":[{"embeddable":true,"href":"https:\/\/www.electroluxprofessional.com\/pl\/wp-json\/wp\/v2\/media\/11128"}],"wp:attachment":[{"href":"https:\/\/www.electroluxprofessional.com\/pl\/wp-json\/wp\/v2\/media?parent=11470"}],"curies":[{"name":"wp","href":"https:\/\/api.w.org\/{rel}","templated":true}]}}