{"id":11223,"date":"2025-09-12T17:18:44","date_gmt":"2025-09-12T17:18:44","guid":{"rendered":"https:\/\/www.electroluxprofessional.com\/pl\/?page_id=11223"},"modified":"2025-11-05T15:27:04","modified_gmt":"2025-11-05T15:27:04","slug":"systemy-zarzadzania-oprogramowanie","status":"publish","type":"page","link":"https:\/\/www.electroluxprofessional.com\/pl\/pralnictwo\/systemy-zarzadzania-oprogramowanie\/","title":{"rendered":"Systemy zarz\u0105dzania i oprogramowanie"},"content":{"rendered":"<p>[vc_row full_width=&#8221;electroluxpro-full-width-no-padding&#8221; css=&#8221;.vc_custom_1618197794536{margin-top: -40px !important;border-top-width: -40px !important;padding-top: -40px !important;}&#8221;][vc_column][elx_full_banner title=&#8221;Systemy zarz\u0105dzania i oprogramowanie&#8221; set_as_h1=&#8221;true&#8221; background_image_media_library=&#8221;11221&#8243; background_image_media_library_mobile=&#8221;11222&#8243; link=&#8221;url:%23contact|title:Dowiedz%20si%C4%99%20wi%C4%99cej&#8221;][\/vc_column][\/vc_row][vc_row][vc_column][vc_empty_space][vc_column_text]Electrolux Professional oferuje szerok\u0105 gam\u0119 system\u00f3w zarz\u0105dzania i oprogramowania, kt\u00f3re spe\u0142niaj\u0105 najwy\u017csze standardy jako\u015bci, aby zapewni\u0107 wyj\u0105tkow\u0105 warto\u015b\u0107 dodan\u0105 ka\u017cdemu, nawet najbardziej wymagaj\u0105cemu klientowi.[\/vc_column_text][vc_empty_space][\/vc_column][\/vc_row][vc_row][vc_column width=&#8221;1\/2&#8243;][elx_heading font_container=&#8221;h5&#8243; font_size=&#8221;h5&#8243; text_color=&#8221;inherit&#8221;]Laundry Program Manager[\/elx_heading][vc_column_text]To intuicyjne i \u0142atwe w obs\u0142udze narz\u0119dzie PC, kt\u00f3re umo\u017cliwia tworzenie lub personalizowanie program\u00f3w pralek i suszarek Electrolux Professional bezpo\u015brednio z komputera.<br \/>\nKompatybilne z pralkami wyposa\u017conymi w systemy Compass Control, Compass Pro, Clarus Control i Clarus TS oraz z suszarkami korzystaj\u0105cymi z systemu Compass Pro.<\/p>\n<h3><\/h3>\n<p>[\/vc_column_text][vc_empty_space height=&#8221;20px&#8221;][elx_heading font_container=&#8221;h5&#8243; font_size=&#8221;h5&#8243; text_color=&#8221;inherit&#8221;]Certus Management Information System\u2122[\/elx_heading][vc_column_text]CMIS (Certus Management Information System\u2122) to oprogramowanie dostarczaj\u0105ce profesjonalistom w bran\u017cy pralniczej kluczowych informacji dotycz\u0105cych pralnico-wir\u00f3wek, suszarek b\u0119bnowych i prasownic.<br \/>\nDzi\u0119ki temu mo\u017cliwe jest minimalizowanie koszt\u00f3w i maksymalizowanie dost\u0119pno\u015bci urz\u0105dze\u0144.[\/vc_column_text][\/vc_column][vc_column width=&#8221;1\/2&#8243;][elx_image_block background_image=&#8221;11219&#8243; minimum_height=&#8221;500px&#8221;][\/vc_column][\/vc_row][vc_row disable_element=&#8221;yes&#8221;][vc_column width=&#8221;1\/2&#8243;][vc_empty_space height=&#8221;25px&#8221;][elx_image_block background_image=&#8221;772&#8243; minimum_height=&#8221;500px&#8221;][\/vc_column][vc_column width=&#8221;1\/2&#8243;][elx_heading font_container=&#8221;h5&#8243; font_size=&#8221;h5&#8243; text_color=&#8221;inherit&#8221;]Text Management Information System Stay in control[\/elx_heading][vc_empty_space height=&#8221;15px&#8221;][vc_column_text]<strong>Improving the concept of user-friendly laundries.<\/strong>[\/vc_column_text][vc_column_text]Costly downtime can be reduced and preventive maintenance is<strong> easier to plan<\/strong> with direct access to machine performance and service statistics.<\/p>\n<p>You gain<strong> increased control<\/strong> over both your machines and your time when the system informs directly of machine failure or maintenance requirements.[\/vc_column_text][\/vc_column][\/vc_row][vc_row][vc_column][vc_empty_space height=&#8221;50px&#8221;][\/vc_column][\/vc_row][vc_row css=&#8221;.vc_custom_1618197213110{background-color: #e5e5e5 !important;}&#8221;][vc_column][vc_empty_space][elx_heading text_color=&#8221;inherit&#8221; text_align=&#8221;text-center&#8221;]Wiele praktycznych opcji[\/elx_heading][vc_empty_space][vc_row_inner][vc_column_inner width=&#8221;1\/3&#8243;][vc_single_image image=&#8221;11201&#8243; img_size=&#8221;100px&#8221; alignment=&#8221;center&#8221;][elx_heading font_container=&#8221;h6&#8243; font_size=&#8221;h6&#8243; text_color=&#8221;electrolux-blue&#8221; text_align=&#8221;text-center&#8221;]Liczniki monet[\/elx_heading][vc_column_text]<\/p>\n<p style=\"font-size: 16px; text-align: center;\">\u017betony lub monety, systemy mechaniczne lub elektromechaniczne<\/p>\n<p>[\/vc_column_text][vc_empty_space][\/vc_column_inner][vc_column_inner width=&#8221;1\/3&#8243;][vc_single_image image=&#8221;11202&#8243; img_size=&#8221;100px&#8221; alignment=&#8221;center&#8221;][elx_heading font_container=&#8221;h6&#8243; font_size=&#8221;h6&#8243; text_color=&#8221;electrolux-blue&#8221; text_align=&#8221;text-center&#8221;]Czytniki kart[\/elx_heading][vc_column_text]<\/p>\n<p style=\"font-size: 16px; text-align: center;\">Karty przedp\u0142acone, karty-klucze, karty bankowe<\/p>\n<p>[\/vc_column_text][vc_empty_space][\/vc_column_inner][vc_column_inner width=&#8221;1\/3&#8243;][vc_single_image image=&#8221;11203&#8243; img_size=&#8221;80px&#8221; alignment=&#8221;center&#8221;][elx_heading font_container=&#8221;h6&#8243; font_size=&#8221;h6&#8243; text_color=&#8221;electrolux-blue&#8221; text_align=&#8221;text-center&#8221;]Aplikacje[\/elx_heading][vc_column_text]<\/p>\n<p style=\"font-size: 16px; text-align: center;\">Samodzielne rozwi\u0105zania lub zintegrowane z istniej\u0105cymi systemami p\u0142atniczymi<\/p>\n<p>[\/vc_column_text][vc_empty_space][\/vc_column_inner][\/vc_row_inner][vc_row_inner][vc_column_inner width=&#8221;1\/3&#8243;][vc_single_image image=&#8221;11204&#8243; img_size=&#8221;100px&#8221; alignment=&#8221;center&#8221;][elx_heading font_container=&#8221;h6&#8243; font_size=&#8221;h6&#8243; text_color=&#8221;electrolux-blue&#8221; text_align=&#8221;text-center&#8221;]Inteligentne liczniki[\/elx_heading][vc_column_text]<\/p>\n<p style=\"font-size: 16px; text-align: center;\">Niezale\u017cne mechanizmy do w\u0142\u0105czania i wy\u0142\u0105czania zasilania<\/p>\n<p>[\/vc_column_text][vc_empty_space][\/vc_column_inner][vc_column_inner width=&#8221;1\/3&#8243;][vc_single_image image=&#8221;11205&#8243; img_size=&#8221;100px&#8221; alignment=&#8221;center&#8221;][elx_heading font_container=&#8221;h6&#8243; font_size=&#8221;h6&#8243; text_color=&#8221;electrolux-blue&#8221; text_align=&#8221;text-center&#8221;]Centralne systemy p\u0142atno\u015bci[\/elx_heading][vc_column_text]<\/p>\n<p style=\"font-size: 16px; text-align: center;\">Jedno stanowisko obs\u0142uguj\u0105ce p\u0142atno\u015bci i monitoruj\u0105ce wiele maszyn jednocze\u015bnie<\/p>\n<p>[\/vc_column_text][vc_empty_space][\/vc_column_inner][vc_column_inner width=&#8221;1\/3&#8243;][vc_single_image image=&#8221;11206&#8243; img_size=&#8221;100px&#8221; alignment=&#8221;center&#8221;][elx_heading font_container=&#8221;h6&#8243; font_size=&#8221;h6&#8243; text_color=&#8221;electrolux-blue&#8221; text_align=&#8221;text-center&#8221;]Systemy rezerwacji z rozliczeniem miesi\u0119cznym[\/elx_heading][vc_column_text]<\/p>\n<p style=\"font-size: 16px; text-align: center;\">Jedno urz\u0105dzenie na pralni\u0119, umo\u017cliwiaj\u0105ce rezerwacj\u0119 maszyn na miejscu lub zdalnie. Dost\u0119pne r\u00f3\u017cne opcje p\u0142atno\u015bci<\/p>\n<p>[\/vc_column_text][vc_empty_space][\/vc_column_inner][\/vc_row_inner][vc_column_text][\/vc_column_text][\/vc_column][\/vc_row][vc_row el_id=&#8221;contact&#8221;][vc_column][vc_empty_space height=&#8221;50px&#8221;][elx_heading font_container=&#8221;h5&#8243; font_size=&#8221;h5&#8243; text_color=&#8221;inherit&#8221; text_align=&#8221;text-center&#8221;]Odkryj, co systemy zarz\u0105dzania praniem mog\u0105 zrobi\u0107 dla Twojej firmy[\/elx_heading][elx_o2000_contact_us s=&#8221;Request of information about Management systems and software&#8221; b=&#8221;laundry&#8221; container=&#8221;elxcontactus1478709536&#8243; r=&#8221;I would like to find out more about Management systems and software. Please get in touch with me.&#8221;][vc_empty_space height=&#8221;50px&#8221;][\/vc_column][\/vc_row][vc_row css=&#8221;.vc_custom_1555677320611{background-color: #eeeeee !important;}&#8221;][vc_column][elx_heading font_container=&#8221;h5&#8243; font_size=&#8221;h5&#8243; text_color=&#8221;inherit&#8221; text_align=&#8221;text-left&#8221;]Znajd\u017a swoje kompletne rozwi\u0105zanie[\/elx_heading][\/vc_column][\/vc_row][vc_row css=&#8221;.vc_custom_1555677334584{background-color: #eeeeee !important;}&#8221;][vc_column width=&#8221;1\/3&#8243;][elx_maylike_box id_box=&#8221;1481&#8243;][\/vc_column][vc_column width=&#8221;1\/3&#8243;][elx_maylike_box id_box=&#8221;1405&#8243;][\/vc_column][vc_column width=&#8221;1\/3&#8243;][elx_maylike_box id_box=&#8221;1182&#8243;][\/vc_column][\/vc_row]<\/p>\n","protected":false},"excerpt":{"rendered":"<p>[vc_row full_width=&#8221;electroluxpro-full-width-no-padding&#8221; css=&#8221;.vc_custom_1618197794536{margin-top: -40px !important;border-top-width: -40px !important;padding-top: -40px !important;}&#8221;][vc_column][elx_full_banner title=&#8221;Systemy zarz\u0105dzania i oprogramowanie&#8221; set_as_h1=&#8221;true&#8221; background_image_media_library=&#8221;11221&#8243; background_image_media_library_mobile=&#8221;11222&#8243; link=&#8221;url:%23contact|title:Dowiedz%20si%C4%99%20wi%C4%99cej&#8221;][\/vc_column][\/vc_row][vc_row][vc_column][vc_empty_space][vc_column_text]Electrolux Professional oferuje szerok\u0105 gam\u0119 system\u00f3w zarz\u0105dzania i oprogramowania, kt\u00f3re spe\u0142niaj\u0105 najwy\u017csze standardy jako\u015bci, aby zapewni\u0107 wyj\u0105tkow\u0105 warto\u015b\u0107 dodan\u0105 ka\u017cdemu, nawet najbardziej wymagaj\u0105cemu klientowi.[\/vc_column_text][vc_empty_space][\/vc_column][\/vc_row][vc_row][vc_column width=&#8221;1\/2&#8243;][elx_heading font_container=&#8221;h5&#8243; font_size=&#8221;h5&#8243; text_color=&#8221;inherit&#8221;]Laundry Program Manager[\/elx_heading][vc_column_text]To intuicyjne i \u0142atwe w obs\u0142udze narz\u0119dzie PC, kt\u00f3re umo\u017cliwia [&hellip;]<\/p>\n","protected":false},"author":79,"featured_media":735,"parent":1187,"menu_order":0,"comment_status":"closed","ping_status":"closed","template":"","meta":{"footnotes":""},"class_list":["post-11223","page","type-page","status-publish","has-post-thumbnail","hentry"],"acf":[],"yoast_head":"<!-- This site is optimized with the Yoast SEO plugin v23.3 - https:\/\/yoast.com\/wordpress\/plugins\/seo\/ -->\n<title>Systemy zarz\u0105dzania i oprogramowanie - Electrolux Professional Polska<\/title>\n<meta name=\"description\" content=\"Odkryj szerok\u0105 gam\u0119 system\u00f3w zarz\u0105dzania i oprogramowania, kt\u00f3re pozwalaj\u0105 zminimalizowa\u0107 koszty i zmaksymalizowa\u0107 czas pracy sprz\u0119tu.\" \/>\n<meta name=\"robots\" content=\"index, follow, max-snippet:-1, max-image-preview:large, max-video-preview:-1\" \/>\n<link rel=\"canonical\" href=\"https:\/\/www.electroluxprofessional.com\/pl\/pralnictwo\/systemy-zarzadzania-oprogramowanie\/\" \/>\n<meta property=\"og:locale\" content=\"pl_PL\" \/>\n<meta property=\"og:type\" content=\"article\" \/>\n<meta property=\"og:title\" content=\"Systemy zarz\u0105dzania i oprogramowanie - Electrolux Professional Polska\" \/>\n<meta property=\"og:description\" content=\"Odkryj szerok\u0105 gam\u0119 system\u00f3w zarz\u0105dzania i oprogramowania, kt\u00f3re pozwalaj\u0105 zminimalizowa\u0107 koszty i zmaksymalizowa\u0107 czas pracy sprz\u0119tu.\" \/>\n<meta property=\"og:url\" content=\"https:\/\/www.electroluxprofessional.com\/pl\/pralnictwo\/systemy-zarzadzania-oprogramowanie\/\" \/>\n<meta property=\"og:site_name\" content=\"Electrolux Professional Polska\" \/>\n<meta property=\"article:modified_time\" content=\"2025-11-05T15:27:04+00:00\" \/>\n<meta property=\"og:image\" content=\"https:\/\/www.electroluxprofessional.com\/pl\/wp-content\/uploads\/2016\/11\/management-quadro.jpg\" \/>\n\t<meta property=\"og:image:width\" content=\"700\" \/>\n\t<meta property=\"og:image:height\" content=\"700\" \/>\n\t<meta property=\"og:image:type\" content=\"image\/jpeg\" \/>\n<meta name=\"twitter:card\" content=\"summary_large_image\" \/>\n<meta name=\"twitter:label1\" content=\"Szacowany czas czytania\" \/>\n\t<meta name=\"twitter:data1\" content=\"3 minuty\" \/>\n<script type=\"application\/ld+json\" class=\"yoast-schema-graph\">{\"@context\":\"https:\/\/schema.org\",\"@graph\":[{\"@type\":\"WebPage\",\"@id\":\"https:\/\/www.electroluxprofessional.com\/pl\/pralnictwo\/systemy-zarzadzania-oprogramowanie\/\",\"url\":\"https:\/\/www.electroluxprofessional.com\/pl\/pralnictwo\/systemy-zarzadzania-oprogramowanie\/\",\"name\":\"Systemy zarz\u0105dzania i oprogramowanie - Electrolux Professional Polska\",\"isPartOf\":{\"@id\":\"https:\/\/www.electroluxprofessional.com\/pl\/#website\"},\"primaryImageOfPage\":{\"@id\":\"https:\/\/www.electroluxprofessional.com\/pl\/pralnictwo\/systemy-zarzadzania-oprogramowanie\/#primaryimage\"},\"image\":{\"@id\":\"https:\/\/www.electroluxprofessional.com\/pl\/pralnictwo\/systemy-zarzadzania-oprogramowanie\/#primaryimage\"},\"thumbnailUrl\":\"https:\/\/www.electroluxprofessional.com\/pl\/wp-content\/uploads\/2016\/11\/management-quadro.jpg\",\"datePublished\":\"2025-09-12T17:18:44+00:00\",\"dateModified\":\"2025-11-05T15:27:04+00:00\",\"description\":\"Odkryj szerok\u0105 gam\u0119 system\u00f3w zarz\u0105dzania i oprogramowania, kt\u00f3re pozwalaj\u0105 zminimalizowa\u0107 koszty i zmaksymalizowa\u0107 czas pracy sprz\u0119tu.\",\"breadcrumb\":{\"@id\":\"https:\/\/www.electroluxprofessional.com\/pl\/pralnictwo\/systemy-zarzadzania-oprogramowanie\/#breadcrumb\"},\"inLanguage\":\"pl-PL\",\"potentialAction\":[{\"@type\":\"ReadAction\",\"target\":[\"https:\/\/www.electroluxprofessional.com\/pl\/pralnictwo\/systemy-zarzadzania-oprogramowanie\/\"]}]},{\"@type\":\"ImageObject\",\"inLanguage\":\"pl-PL\",\"@id\":\"https:\/\/www.electroluxprofessional.com\/pl\/pralnictwo\/systemy-zarzadzania-oprogramowanie\/#primaryimage\",\"url\":\"https:\/\/www.electroluxprofessional.com\/pl\/wp-content\/uploads\/2016\/11\/management-quadro.jpg\",\"contentUrl\":\"https:\/\/www.electroluxprofessional.com\/pl\/wp-content\/uploads\/2016\/11\/management-quadro.jpg\",\"width\":700,\"height\":700,\"caption\":\"Management systems and software\"},{\"@type\":\"BreadcrumbList\",\"@id\":\"https:\/\/www.electroluxprofessional.com\/pl\/pralnictwo\/systemy-zarzadzania-oprogramowanie\/#breadcrumb\",\"itemListElement\":[{\"@type\":\"ListItem\",\"position\":1,\"name\":\"Strona g\u0142\u00f3wna\",\"item\":\"https:\/\/www.electroluxprofessional.com\/pl\/\"},{\"@type\":\"ListItem\",\"position\":2,\"name\":\"Pralnictwo\",\"item\":\"https:\/\/www.electroluxprofessional.com\/pl\/pralnictwo\/\"},{\"@type\":\"ListItem\",\"position\":3,\"name\":\"Systemy zarz\u0105dzania i oprogramowanie\"}]},{\"@type\":\"WebSite\",\"@id\":\"https:\/\/www.electroluxprofessional.com\/pl\/#website\",\"url\":\"https:\/\/www.electroluxprofessional.com\/pl\/\",\"name\":\"Electrolux Professional Polska\",\"description\":\"\",\"potentialAction\":[{\"@type\":\"SearchAction\",\"target\":{\"@type\":\"EntryPoint\",\"urlTemplate\":\"https:\/\/www.electroluxprofessional.com\/pl\/?src={search_term_string}\"},\"query-input\":\"required name=search_term_string\"}],\"inLanguage\":\"pl-PL\"}]}<\/script>\n<!-- \/ Yoast SEO plugin. -->","yoast_head_json":{"title":"Systemy zarz\u0105dzania i oprogramowanie - Electrolux Professional Polska","description":"Odkryj szerok\u0105 gam\u0119 system\u00f3w zarz\u0105dzania i oprogramowania, kt\u00f3re pozwalaj\u0105 zminimalizowa\u0107 koszty i zmaksymalizowa\u0107 czas pracy sprz\u0119tu.","robots":{"index":"index","follow":"follow","max-snippet":"max-snippet:-1","max-image-preview":"max-image-preview:large","max-video-preview":"max-video-preview:-1"},"canonical":"https:\/\/www.electroluxprofessional.com\/pl\/pralnictwo\/systemy-zarzadzania-oprogramowanie\/","og_locale":"pl_PL","og_type":"article","og_title":"Systemy zarz\u0105dzania i oprogramowanie - Electrolux Professional Polska","og_description":"Odkryj szerok\u0105 gam\u0119 system\u00f3w zarz\u0105dzania i oprogramowania, kt\u00f3re pozwalaj\u0105 zminimalizowa\u0107 koszty i zmaksymalizowa\u0107 czas pracy sprz\u0119tu.","og_url":"https:\/\/www.electroluxprofessional.com\/pl\/pralnictwo\/systemy-zarzadzania-oprogramowanie\/","og_site_name":"Electrolux Professional Polska","article_modified_time":"2025-11-05T15:27:04+00:00","og_image":[{"width":700,"height":700,"url":"https:\/\/www.electroluxprofessional.com\/pl\/wp-content\/uploads\/2016\/11\/management-quadro.jpg","type":"image\/jpeg"}],"twitter_card":"summary_large_image","twitter_misc":{"Szacowany czas czytania":"3 minuty"},"schema":{"@context":"https:\/\/schema.org","@graph":[{"@type":"WebPage","@id":"https:\/\/www.electroluxprofessional.com\/pl\/pralnictwo\/systemy-zarzadzania-oprogramowanie\/","url":"https:\/\/www.electroluxprofessional.com\/pl\/pralnictwo\/systemy-zarzadzania-oprogramowanie\/","name":"Systemy zarz\u0105dzania i oprogramowanie - Electrolux Professional Polska","isPartOf":{"@id":"https:\/\/www.electroluxprofessional.com\/pl\/#website"},"primaryImageOfPage":{"@id":"https:\/\/www.electroluxprofessional.com\/pl\/pralnictwo\/systemy-zarzadzania-oprogramowanie\/#primaryimage"},"image":{"@id":"https:\/\/www.electroluxprofessional.com\/pl\/pralnictwo\/systemy-zarzadzania-oprogramowanie\/#primaryimage"},"thumbnailUrl":"https:\/\/www.electroluxprofessional.com\/pl\/wp-content\/uploads\/2016\/11\/management-quadro.jpg","datePublished":"2025-09-12T17:18:44+00:00","dateModified":"2025-11-05T15:27:04+00:00","description":"Odkryj szerok\u0105 gam\u0119 system\u00f3w zarz\u0105dzania i oprogramowania, kt\u00f3re pozwalaj\u0105 zminimalizowa\u0107 koszty i zmaksymalizowa\u0107 czas pracy sprz\u0119tu.","breadcrumb":{"@id":"https:\/\/www.electroluxprofessional.com\/pl\/pralnictwo\/systemy-zarzadzania-oprogramowanie\/#breadcrumb"},"inLanguage":"pl-PL","potentialAction":[{"@type":"ReadAction","target":["https:\/\/www.electroluxprofessional.com\/pl\/pralnictwo\/systemy-zarzadzania-oprogramowanie\/"]}]},{"@type":"ImageObject","inLanguage":"pl-PL","@id":"https:\/\/www.electroluxprofessional.com\/pl\/pralnictwo\/systemy-zarzadzania-oprogramowanie\/#primaryimage","url":"https:\/\/www.electroluxprofessional.com\/pl\/wp-content\/uploads\/2016\/11\/management-quadro.jpg","contentUrl":"https:\/\/www.electroluxprofessional.com\/pl\/wp-content\/uploads\/2016\/11\/management-quadro.jpg","width":700,"height":700,"caption":"Management systems and software"},{"@type":"BreadcrumbList","@id":"https:\/\/www.electroluxprofessional.com\/pl\/pralnictwo\/systemy-zarzadzania-oprogramowanie\/#breadcrumb","itemListElement":[{"@type":"ListItem","position":1,"name":"Strona g\u0142\u00f3wna","item":"https:\/\/www.electroluxprofessional.com\/pl\/"},{"@type":"ListItem","position":2,"name":"Pralnictwo","item":"https:\/\/www.electroluxprofessional.com\/pl\/pralnictwo\/"},{"@type":"ListItem","position":3,"name":"Systemy zarz\u0105dzania i oprogramowanie"}]},{"@type":"WebSite","@id":"https:\/\/www.electroluxprofessional.com\/pl\/#website","url":"https:\/\/www.electroluxprofessional.com\/pl\/","name":"Electrolux Professional Polska","description":"","potentialAction":[{"@type":"SearchAction","target":{"@type":"EntryPoint","urlTemplate":"https:\/\/www.electroluxprofessional.com\/pl\/?src={search_term_string}"},"query-input":"required name=search_term_string"}],"inLanguage":"pl-PL"}]}},"_links":{"self":[{"href":"https:\/\/www.electroluxprofessional.com\/pl\/wp-json\/wp\/v2\/pages\/11223"}],"collection":[{"href":"https:\/\/www.electroluxprofessional.com\/pl\/wp-json\/wp\/v2\/pages"}],"about":[{"href":"https:\/\/www.electroluxprofessional.com\/pl\/wp-json\/wp\/v2\/types\/page"}],"author":[{"embeddable":true,"href":"https:\/\/www.electroluxprofessional.com\/pl\/wp-json\/wp\/v2\/users\/79"}],"replies":[{"embeddable":true,"href":"https:\/\/www.electroluxprofessional.com\/pl\/wp-json\/wp\/v2\/comments?post=11223"}],"version-history":[{"count":5,"href":"https:\/\/www.electroluxprofessional.com\/pl\/wp-json\/wp\/v2\/pages\/11223\/revisions"}],"predecessor-version":[{"id":11639,"href":"https:\/\/www.electroluxprofessional.com\/pl\/wp-json\/wp\/v2\/pages\/11223\/revisions\/11639"}],"up":[{"embeddable":true,"href":"https:\/\/www.electroluxprofessional.com\/pl\/wp-json\/wp\/v2\/pages\/1187"}],"wp:featuredmedia":[{"embeddable":true,"href":"https:\/\/www.electroluxprofessional.com\/pl\/wp-json\/wp\/v2\/media\/735"}],"wp:attachment":[{"href":"https:\/\/www.electroluxprofessional.com\/pl\/wp-json\/wp\/v2\/media?parent=11223"}],"curies":[{"name":"wp","href":"https:\/\/api.w.org\/{rel}","templated":true}]}}