{"id":11210,"date":"2025-09-12T16:59:21","date_gmt":"2025-09-12T16:59:21","guid":{"rendered":"https:\/\/www.electroluxprofessional.com\/pl\/?page_id=11210"},"modified":"2025-11-05T15:26:51","modified_gmt":"2025-11-05T15:26:51","slug":"systemy-platnosci-i-rezerwacji","status":"publish","type":"page","link":"https:\/\/www.electroluxprofessional.com\/pl\/pralnictwo\/systemy-platnosci-i-rezerwacji\/","title":{"rendered":"Systemy p\u0142atno\u015bci i rezerwacji"},"content":{"rendered":"<p>[vc_row full_width=&#8221;electroluxpro-full-width-no-padding&#8221; css=&#8221;.vc_custom_1618193199927{margin-top: -40px !important;border-top-width: -40px !important;padding-top: -40px !important;}&#8221;][vc_column][elx_full_banner title=&#8221;Systemy p\u0142atno\u015bci&#8221; set_as_h1=&#8221;true&#8221; background_image_media_library=&#8221;11208&#8243; background_image_media_library_mobile=&#8221;11209&#8243; link=&#8221;url:%23Contact|title:Dowiedz%20si%C4%99%20wi%C4%99cej&#8221;][elx_download_block text=&#8221;Odkryj nasze systemy p\u0142atno\u015bci dla Twojej pralni&#8221; background_color=&#8221;electrolux-blue&#8221; reveal_effect=&#8221;&#8221; reveal_duration=&#8221;&#8221; reveal_delay=&#8221;&#8221;][\/vc_column][\/vc_row][vc_row][vc_column][vc_empty_space][elx_heading font_size=&#8221;h5&#8243; text_color=&#8221;inherit&#8221; text_align=&#8221;text-left&#8221;]Od p\u0142atno\u015bci przy maszynie kart\u0105, \u017cetonem lub monet\u0105 po mo\u017cliwo\u015b\u0107 pod\u0142\u0105czenia urz\u0105dze\u0144 do centralnych system\u00f3w p\u0142atniczych.[\/elx_heading][\/vc_column][\/vc_row][vc_row][vc_column][vc_empty_space][elx_heading font_container=&#8221;h3&#8243; font_size=&#8221;h5&#8243; text_color=&#8221;inherit&#8221; text_align=&#8221;text-left&#8221;]<strong>Szeroka gama system\u00f3w p\u0142atno\u015bci<\/strong>[\/elx_heading][vc_empty_space][\/vc_column][\/vc_row][vc_row][vc_column][vc_column_text]Systemy p\u0142atno\u015bci do pralek i suszarek s\u0105 dost\u0119pne w formie zestaw\u00f3w \u2013 wy\u0142\u0105cznie z licznikami monet, wy\u0142\u0105cznie ze skrzynkami na monety lub jako kompletne zestawy z licznikiem i skrzynk\u0105 monet.<\/p>\n<p>Na \u017cyczenie nasze pralki i suszarki mog\u0105 zosta\u0107 przygotowane do wsp\u00f3\u0142pracy z wi\u0119kszo\u015bci\u0105 dost\u0119pnych obecnie na \u015bwiecie system\u00f3w p\u0142atniczych.<\/p>\n<p><b>Skontaktuj si\u0119 z nami \u2013 oferujemy szerok\u0105 gam\u0119 system\u00f3w p\u0142atno\u015bci i rozwi\u0105za\u0144 dopasowanych do Twoich potrzeb.<\/b>[\/vc_column_text][vc_empty_space height=&#8221;50px&#8221;][\/vc_column][\/vc_row][vc_row css=&#8221;.vc_custom_1604014467256{background-color: #efefef !important;}&#8221;][vc_column][vc_empty_space][elx_heading text_color=&#8221;inherit&#8221; text_align=&#8221;text-center&#8221;]Wiele praktycznych opcji[\/elx_heading][vc_empty_space][vc_row_inner][vc_column_inner width=&#8221;1\/3&#8243;][vc_single_image image=&#8221;11201&#8243; img_size=&#8221;100px&#8221; alignment=&#8221;center&#8221;][elx_heading font_container=&#8221;h6&#8243; font_size=&#8221;h6&#8243; text_color=&#8221;electrolux-blue&#8221; text_align=&#8221;text-center&#8221;]Liczniki monet[\/elx_heading][vc_column_text]<\/p>\n<p style=\"font-size: 16px; text-align: center;\">\u017betony lub monety, systemy mechaniczne lub elektromechaniczne<\/p>\n<p>[\/vc_column_text][vc_empty_space][\/vc_column_inner][vc_column_inner width=&#8221;1\/3&#8243;][vc_single_image image=&#8221;11202&#8243; img_size=&#8221;100px&#8221; alignment=&#8221;center&#8221;][elx_heading font_container=&#8221;h6&#8243; font_size=&#8221;h6&#8243; text_color=&#8221;electrolux-blue&#8221; text_align=&#8221;text-center&#8221;]Czytniki kart[\/elx_heading][vc_column_text]<\/p>\n<p style=\"font-size: 16px; text-align: center;\">Karty przedp\u0142acone, karty-klucze, karty bankowe<\/p>\n<p>[\/vc_column_text][vc_empty_space][\/vc_column_inner][vc_column_inner width=&#8221;1\/3&#8243;][vc_single_image image=&#8221;11203&#8243; img_size=&#8221;80px&#8221; alignment=&#8221;center&#8221;][elx_heading font_container=&#8221;h6&#8243; font_size=&#8221;h6&#8243; text_color=&#8221;electrolux-blue&#8221; text_align=&#8221;text-center&#8221;]Aplikacje[\/elx_heading][vc_column_text]<\/p>\n<p style=\"font-size: 16px; text-align: center;\">Samodzielne rozwi\u0105zania lub pod\u0142\u0105czone do istniej\u0105cych system\u00f3w p\u0142atniczych<\/p>\n<p>[\/vc_column_text][vc_empty_space][\/vc_column_inner][\/vc_row_inner][vc_row_inner][vc_column_inner width=&#8221;1\/3&#8243;][vc_single_image image=&#8221;11204&#8243; img_size=&#8221;100px&#8221; alignment=&#8221;center&#8221;][elx_heading font_container=&#8221;h6&#8243; font_size=&#8221;h6&#8243; text_color=&#8221;electrolux-blue&#8221; text_align=&#8221;text-center&#8221;]Inteligentne liczniki[\/elx_heading][vc_column_text]<\/p>\n<p style=\"font-size: 16px; text-align: center;\">Niezale\u017cne mechanizmy do w\u0142\u0105czania i wy\u0142\u0105czania zasilania<\/p>\n<p>[\/vc_column_text][vc_empty_space][\/vc_column_inner][vc_column_inner width=&#8221;1\/3&#8243;][vc_single_image image=&#8221;11205&#8243; img_size=&#8221;100px&#8221; alignment=&#8221;center&#8221;][elx_heading font_container=&#8221;h6&#8243; font_size=&#8221;h6&#8243; text_color=&#8221;electrolux-blue&#8221; text_align=&#8221;text-center&#8221;]Centralne<br \/>\nsystemy p\u0142atno\u015bci[\/elx_heading][vc_column_text]<\/p>\n<p style=\"font-size: 16px; text-align: center;\">Jedno stanowisko obs\u0142uguj\u0105ce p\u0142atno\u015bci i monitoruj\u0105ce wiele maszyn jednocze\u015bnie<\/p>\n<p>[\/vc_column_text][vc_empty_space][\/vc_column_inner][vc_column_inner width=&#8221;1\/3&#8243;][vc_single_image image=&#8221;11206&#8243; img_size=&#8221;100px&#8221; alignment=&#8221;center&#8221;][elx_heading font_container=&#8221;h6&#8243; font_size=&#8221;h6&#8243; text_color=&#8221;electrolux-blue&#8221; text_align=&#8221;text-center&#8221;]Systemy rezerwacji<br \/>\nz rozliczeniem miesi\u0119cznym[\/elx_heading][vc_column_text]<\/p>\n<p style=\"font-size: 16px; text-align: center;\">Jedno urz\u0105dzenie na pralni\u0119 umo\u017cliwiaj\u0105ce rezerwacj\u0119 maszyn na miejscu lub zdalnie. R\u00f3\u017cne opcje p\u0142atno\u015bci<\/p>\n<p>[\/vc_column_text][vc_empty_space][\/vc_column_inner][\/vc_row_inner][vc_empty_space height=&#8221;50px&#8221;][\/vc_column][\/vc_row][vc_row][vc_column][elx_heading font_size=&#8221;h3&#8243; text_color=&#8221;inherit&#8221; text_align=&#8221;text-left&#8221;]Znajd\u017a swoje kompleksowe rozwi\u0105zanie[\/elx_heading][\/vc_column][\/vc_row][vc_row][vc_column width=&#8221;1\/3&#8243;][elx_maylike_box id_box=&#8221;1535&#8243;][\/vc_column][vc_column width=&#8221;1\/3&#8243;][elx_maylike_box id_box=&#8221;1538&#8243;][\/vc_column][vc_column width=&#8221;1\/3&#8243;][elx_maylike_box id_box=&#8221;1182&#8243;][\/vc_column][\/vc_row][vc_row el_id=&#8221;contact&#8221;][vc_column][vc_empty_space][elx_heading font_container=&#8221;h3&#8243; text_color=&#8221;white&#8221; text_align=&#8221;text-center&#8221;]Discover more. Get in touch with our experts[\/elx_heading][elx_o2000_contact_us s=&#8221;Request of information about multi-housing laundry&#8221; b=&#8221;laundry&#8221; container=&#8221;elxcontactus1482242857&#8243; r=&#8221;I would like to find out more about multi-housing laundry&#8221; l=&#8221;en&#8221;][\/vc_column][\/vc_row][vc_row][vc_column][vc_column_text][\/vc_column_text][\/vc_column][\/vc_row][vc_column width=&#8221;1\/6&#8243;][\/vc_column][vc_column width=&#8221;2\/6&#8243;][\/vc_column][vc_column width=&#8221;2\/6&#8243;][\/vc_column]<\/p>\n","protected":false},"excerpt":{"rendered":"<p>[vc_row full_width=&#8221;electroluxpro-full-width-no-padding&#8221; css=&#8221;.vc_custom_1618193199927{margin-top: -40px !important;border-top-width: -40px !important;padding-top: -40px !important;}&#8221;][vc_column][elx_full_banner title=&#8221;Systemy p\u0142atno\u015bci&#8221; set_as_h1=&#8221;true&#8221; background_image_media_library=&#8221;11208&#8243; background_image_media_library_mobile=&#8221;11209&#8243; link=&#8221;url:%23Contact|title:Dowiedz%20si%C4%99%20wi%C4%99cej&#8221;][elx_download_block text=&#8221;Odkryj nasze systemy p\u0142atno\u015bci dla Twojej pralni&#8221; background_color=&#8221;electrolux-blue&#8221; reveal_effect=&#8221;&#8221; reveal_duration=&#8221;&#8221; reveal_delay=&#8221;&#8221;][\/vc_column][\/vc_row][vc_row][vc_column][vc_empty_space][elx_heading font_size=&#8221;h5&#8243; text_color=&#8221;inherit&#8221; text_align=&#8221;text-left&#8221;]Od p\u0142atno\u015bci przy maszynie kart\u0105, \u017cetonem lub monet\u0105 po mo\u017cliwo\u015b\u0107 pod\u0142\u0105czenia urz\u0105dze\u0144 do centralnych system\u00f3w p\u0142atniczych.[\/elx_heading][\/vc_column][\/vc_row][vc_row][vc_column][vc_empty_space][elx_heading font_container=&#8221;h3&#8243; font_size=&#8221;h5&#8243; text_color=&#8221;inherit&#8221; text_align=&#8221;text-left&#8221;]Szeroka gama system\u00f3w p\u0142atno\u015bci[\/elx_heading][vc_empty_space][\/vc_column][\/vc_row][vc_row][vc_column][vc_column_text]Systemy p\u0142atno\u015bci do pralek i [&hellip;]<\/p>\n","protected":false},"author":79,"featured_media":935,"parent":1187,"menu_order":0,"comment_status":"closed","ping_status":"closed","template":"","meta":{"footnotes":""},"class_list":["post-11210","page","type-page","status-publish","has-post-thumbnail","hentry"],"acf":[],"yoast_head":"<!-- This site is optimized with the Yoast SEO plugin v23.3 - https:\/\/yoast.com\/wordpress\/plugins\/seo\/ -->\n<title>Systemy p\u0142atno\u015bci dla rozwi\u0105za\u0144 pralniczych \u2013 Electrolux Professional<\/title>\n<meta name=\"description\" content=\"Od p\u0142atno\u015bci w automacie kart\u0105, monet\u0105 lub \u017cetonem po mo\u017cliwo\u015b\u0107 pod\u0142\u0105czenia automat\u00f3w do centralnych system\u00f3w p\u0142atniczych.\" \/>\n<meta name=\"robots\" content=\"index, follow, max-snippet:-1, max-image-preview:large, max-video-preview:-1\" \/>\n<link rel=\"canonical\" href=\"https:\/\/www.electroluxprofessional.com\/pl\/pralnictwo\/systemy-platnosci-i-rezerwacji\/\" \/>\n<meta property=\"og:locale\" content=\"pl_PL\" \/>\n<meta property=\"og:type\" content=\"article\" \/>\n<meta property=\"og:title\" content=\"Systemy p\u0142atno\u015bci dla rozwi\u0105za\u0144 pralniczych \u2013 Electrolux Professional\" \/>\n<meta property=\"og:description\" content=\"Od p\u0142atno\u015bci w automacie kart\u0105, monet\u0105 lub \u017cetonem po mo\u017cliwo\u015b\u0107 pod\u0142\u0105czenia automat\u00f3w do centralnych system\u00f3w p\u0142atniczych.\" \/>\n<meta property=\"og:url\" content=\"https:\/\/www.electroluxprofessional.com\/pl\/pralnictwo\/systemy-platnosci-i-rezerwacji\/\" \/>\n<meta property=\"og:site_name\" content=\"Electrolux Professional Polska\" \/>\n<meta property=\"article:modified_time\" content=\"2025-11-05T15:26:51+00:00\" \/>\n<meta property=\"og:image\" content=\"https:\/\/www.electroluxprofessional.com\/pl\/wp-content\/uploads\/2016\/11\/payment-quadro.jpg\" \/>\n\t<meta property=\"og:image:width\" content=\"700\" \/>\n\t<meta property=\"og:image:height\" content=\"700\" \/>\n\t<meta property=\"og:image:type\" content=\"image\/jpeg\" \/>\n<meta name=\"twitter:card\" content=\"summary_large_image\" \/>\n<meta name=\"twitter:label1\" content=\"Szacowany czas czytania\" \/>\n\t<meta name=\"twitter:data1\" content=\"2 minuty\" \/>\n<script type=\"application\/ld+json\" class=\"yoast-schema-graph\">{\"@context\":\"https:\/\/schema.org\",\"@graph\":[{\"@type\":\"WebPage\",\"@id\":\"https:\/\/www.electroluxprofessional.com\/pl\/pralnictwo\/systemy-platnosci-i-rezerwacji\/\",\"url\":\"https:\/\/www.electroluxprofessional.com\/pl\/pralnictwo\/systemy-platnosci-i-rezerwacji\/\",\"name\":\"Systemy p\u0142atno\u015bci dla rozwi\u0105za\u0144 pralniczych \u2013 Electrolux Professional\",\"isPartOf\":{\"@id\":\"https:\/\/www.electroluxprofessional.com\/pl\/#website\"},\"primaryImageOfPage\":{\"@id\":\"https:\/\/www.electroluxprofessional.com\/pl\/pralnictwo\/systemy-platnosci-i-rezerwacji\/#primaryimage\"},\"image\":{\"@id\":\"https:\/\/www.electroluxprofessional.com\/pl\/pralnictwo\/systemy-platnosci-i-rezerwacji\/#primaryimage\"},\"thumbnailUrl\":\"https:\/\/www.electroluxprofessional.com\/pl\/wp-content\/uploads\/2016\/11\/payment-quadro.jpg\",\"datePublished\":\"2025-09-12T16:59:21+00:00\",\"dateModified\":\"2025-11-05T15:26:51+00:00\",\"description\":\"Od p\u0142atno\u015bci w automacie kart\u0105, monet\u0105 lub \u017cetonem po mo\u017cliwo\u015b\u0107 pod\u0142\u0105czenia automat\u00f3w do centralnych system\u00f3w p\u0142atniczych.\",\"breadcrumb\":{\"@id\":\"https:\/\/www.electroluxprofessional.com\/pl\/pralnictwo\/systemy-platnosci-i-rezerwacji\/#breadcrumb\"},\"inLanguage\":\"pl-PL\",\"potentialAction\":[{\"@type\":\"ReadAction\",\"target\":[\"https:\/\/www.electroluxprofessional.com\/pl\/pralnictwo\/systemy-platnosci-i-rezerwacji\/\"]}]},{\"@type\":\"ImageObject\",\"inLanguage\":\"pl-PL\",\"@id\":\"https:\/\/www.electroluxprofessional.com\/pl\/pralnictwo\/systemy-platnosci-i-rezerwacji\/#primaryimage\",\"url\":\"https:\/\/www.electroluxprofessional.com\/pl\/wp-content\/uploads\/2016\/11\/payment-quadro.jpg\",\"contentUrl\":\"https:\/\/www.electroluxprofessional.com\/pl\/wp-content\/uploads\/2016\/11\/payment-quadro.jpg\",\"width\":700,\"height\":700,\"caption\":\"Payment Systems\"},{\"@type\":\"BreadcrumbList\",\"@id\":\"https:\/\/www.electroluxprofessional.com\/pl\/pralnictwo\/systemy-platnosci-i-rezerwacji\/#breadcrumb\",\"itemListElement\":[{\"@type\":\"ListItem\",\"position\":1,\"name\":\"Strona g\u0142\u00f3wna\",\"item\":\"https:\/\/www.electroluxprofessional.com\/pl\/\"},{\"@type\":\"ListItem\",\"position\":2,\"name\":\"Pralnictwo\",\"item\":\"https:\/\/www.electroluxprofessional.com\/pl\/pralnictwo\/\"},{\"@type\":\"ListItem\",\"position\":3,\"name\":\"Systemy p\u0142atno\u015bci i rezerwacji\"}]},{\"@type\":\"WebSite\",\"@id\":\"https:\/\/www.electroluxprofessional.com\/pl\/#website\",\"url\":\"https:\/\/www.electroluxprofessional.com\/pl\/\",\"name\":\"Electrolux Professional Polska\",\"description\":\"\",\"potentialAction\":[{\"@type\":\"SearchAction\",\"target\":{\"@type\":\"EntryPoint\",\"urlTemplate\":\"https:\/\/www.electroluxprofessional.com\/pl\/?src={search_term_string}\"},\"query-input\":\"required name=search_term_string\"}],\"inLanguage\":\"pl-PL\"}]}<\/script>\n<!-- \/ Yoast SEO plugin. -->","yoast_head_json":{"title":"Systemy p\u0142atno\u015bci dla rozwi\u0105za\u0144 pralniczych \u2013 Electrolux Professional","description":"Od p\u0142atno\u015bci w automacie kart\u0105, monet\u0105 lub \u017cetonem po mo\u017cliwo\u015b\u0107 pod\u0142\u0105czenia automat\u00f3w do centralnych system\u00f3w p\u0142atniczych.","robots":{"index":"index","follow":"follow","max-snippet":"max-snippet:-1","max-image-preview":"max-image-preview:large","max-video-preview":"max-video-preview:-1"},"canonical":"https:\/\/www.electroluxprofessional.com\/pl\/pralnictwo\/systemy-platnosci-i-rezerwacji\/","og_locale":"pl_PL","og_type":"article","og_title":"Systemy p\u0142atno\u015bci dla rozwi\u0105za\u0144 pralniczych \u2013 Electrolux Professional","og_description":"Od p\u0142atno\u015bci w automacie kart\u0105, monet\u0105 lub \u017cetonem po mo\u017cliwo\u015b\u0107 pod\u0142\u0105czenia automat\u00f3w do centralnych system\u00f3w p\u0142atniczych.","og_url":"https:\/\/www.electroluxprofessional.com\/pl\/pralnictwo\/systemy-platnosci-i-rezerwacji\/","og_site_name":"Electrolux Professional Polska","article_modified_time":"2025-11-05T15:26:51+00:00","og_image":[{"width":700,"height":700,"url":"https:\/\/www.electroluxprofessional.com\/pl\/wp-content\/uploads\/2016\/11\/payment-quadro.jpg","type":"image\/jpeg"}],"twitter_card":"summary_large_image","twitter_misc":{"Szacowany czas czytania":"2 minuty"},"schema":{"@context":"https:\/\/schema.org","@graph":[{"@type":"WebPage","@id":"https:\/\/www.electroluxprofessional.com\/pl\/pralnictwo\/systemy-platnosci-i-rezerwacji\/","url":"https:\/\/www.electroluxprofessional.com\/pl\/pralnictwo\/systemy-platnosci-i-rezerwacji\/","name":"Systemy p\u0142atno\u015bci dla rozwi\u0105za\u0144 pralniczych \u2013 Electrolux Professional","isPartOf":{"@id":"https:\/\/www.electroluxprofessional.com\/pl\/#website"},"primaryImageOfPage":{"@id":"https:\/\/www.electroluxprofessional.com\/pl\/pralnictwo\/systemy-platnosci-i-rezerwacji\/#primaryimage"},"image":{"@id":"https:\/\/www.electroluxprofessional.com\/pl\/pralnictwo\/systemy-platnosci-i-rezerwacji\/#primaryimage"},"thumbnailUrl":"https:\/\/www.electroluxprofessional.com\/pl\/wp-content\/uploads\/2016\/11\/payment-quadro.jpg","datePublished":"2025-09-12T16:59:21+00:00","dateModified":"2025-11-05T15:26:51+00:00","description":"Od p\u0142atno\u015bci w automacie kart\u0105, monet\u0105 lub \u017cetonem po mo\u017cliwo\u015b\u0107 pod\u0142\u0105czenia automat\u00f3w do centralnych system\u00f3w p\u0142atniczych.","breadcrumb":{"@id":"https:\/\/www.electroluxprofessional.com\/pl\/pralnictwo\/systemy-platnosci-i-rezerwacji\/#breadcrumb"},"inLanguage":"pl-PL","potentialAction":[{"@type":"ReadAction","target":["https:\/\/www.electroluxprofessional.com\/pl\/pralnictwo\/systemy-platnosci-i-rezerwacji\/"]}]},{"@type":"ImageObject","inLanguage":"pl-PL","@id":"https:\/\/www.electroluxprofessional.com\/pl\/pralnictwo\/systemy-platnosci-i-rezerwacji\/#primaryimage","url":"https:\/\/www.electroluxprofessional.com\/pl\/wp-content\/uploads\/2016\/11\/payment-quadro.jpg","contentUrl":"https:\/\/www.electroluxprofessional.com\/pl\/wp-content\/uploads\/2016\/11\/payment-quadro.jpg","width":700,"height":700,"caption":"Payment Systems"},{"@type":"BreadcrumbList","@id":"https:\/\/www.electroluxprofessional.com\/pl\/pralnictwo\/systemy-platnosci-i-rezerwacji\/#breadcrumb","itemListElement":[{"@type":"ListItem","position":1,"name":"Strona g\u0142\u00f3wna","item":"https:\/\/www.electroluxprofessional.com\/pl\/"},{"@type":"ListItem","position":2,"name":"Pralnictwo","item":"https:\/\/www.electroluxprofessional.com\/pl\/pralnictwo\/"},{"@type":"ListItem","position":3,"name":"Systemy p\u0142atno\u015bci i rezerwacji"}]},{"@type":"WebSite","@id":"https:\/\/www.electroluxprofessional.com\/pl\/#website","url":"https:\/\/www.electroluxprofessional.com\/pl\/","name":"Electrolux Professional Polska","description":"","potentialAction":[{"@type":"SearchAction","target":{"@type":"EntryPoint","urlTemplate":"https:\/\/www.electroluxprofessional.com\/pl\/?src={search_term_string}"},"query-input":"required name=search_term_string"}],"inLanguage":"pl-PL"}]}},"_links":{"self":[{"href":"https:\/\/www.electroluxprofessional.com\/pl\/wp-json\/wp\/v2\/pages\/11210"}],"collection":[{"href":"https:\/\/www.electroluxprofessional.com\/pl\/wp-json\/wp\/v2\/pages"}],"about":[{"href":"https:\/\/www.electroluxprofessional.com\/pl\/wp-json\/wp\/v2\/types\/page"}],"author":[{"embeddable":true,"href":"https:\/\/www.electroluxprofessional.com\/pl\/wp-json\/wp\/v2\/users\/79"}],"replies":[{"embeddable":true,"href":"https:\/\/www.electroluxprofessional.com\/pl\/wp-json\/wp\/v2\/comments?post=11210"}],"version-history":[{"count":5,"href":"https:\/\/www.electroluxprofessional.com\/pl\/wp-json\/wp\/v2\/pages\/11210\/revisions"}],"predecessor-version":[{"id":11637,"href":"https:\/\/www.electroluxprofessional.com\/pl\/wp-json\/wp\/v2\/pages\/11210\/revisions\/11637"}],"up":[{"embeddable":true,"href":"https:\/\/www.electroluxprofessional.com\/pl\/wp-json\/wp\/v2\/pages\/1187"}],"wp:featuredmedia":[{"embeddable":true,"href":"https:\/\/www.electroluxprofessional.com\/pl\/wp-json\/wp\/v2\/media\/935"}],"wp:attachment":[{"href":"https:\/\/www.electroluxprofessional.com\/pl\/wp-json\/wp\/v2\/media?parent=11210"}],"curies":[{"name":"wp","href":"https:\/\/api.w.org\/{rel}","templated":true}]}}