{"id":10561,"date":"2024-12-30T13:14:21","date_gmt":"2024-12-30T13:14:21","guid":{"rendered":"https:\/\/www.electroluxprofessional.com\/pl\/?page_id=10561"},"modified":"2025-11-05T15:08:53","modified_gmt":"2025-11-05T15:08:53","slug":"900xp-700xp-chromowane-plyty-grillowe-linii-xp","status":"publish","type":"page","link":"https:\/\/www.electroluxprofessional.com\/pl\/900xp-700xp-chromowane-plyty-grillowe-linii-xp\/","title":{"rendered":"900XP &#038; 700XP Chromowane p\u0142yty grillowe linii XP"},"content":{"rendered":"<p>[vc_row full_width=&#8221;electroluxpro-full-width-no-padding&#8221;][vc_column][elx_image_block background_image=&#8221;10553&#8243; minimum_height=&#8221;400px&#8221;][vc_empty_space][\/vc_column][\/vc_row][vc_row][vc_column][elx_text_image tag_title=&#8221;h1&#8243; style_image=&#8221;image_square&#8221; bg_row=&#8221;bg-download-white&#8221; title=&#8221;900XP &amp; 700XP Chrome Fry Tops&#8221; lists=&#8221;%5B%7B%7D%5D&#8221; n_logos=&#8221;10557,10558&#8243; values=&#8221;%5B%7B%7D%5D&#8221; single_image=&#8221;10554&#8243;]Cook different types of foods with maximum efficiency on a <strong>highly resistant surface<\/strong> with no flavor transfer. 900XP Fry Top<sup>HP<\/sup> with <strong>NitroChrome<sup>3<\/sup><\/strong> surface is a unique, <strong>PATENTED non-scratch solution, ideal for heavy duty use<\/strong>, easier cooking, easier cleaning and low heat emission.<\/p>\n<p>Need to cook large quantities of food? No worries. Thanks to the large cooking surface* of the NitroChrome<sup>3<\/sup> Fry Top<sup>HP<\/sup>, you can prepare <strong>up to 350 fresh hamburgers<\/strong> in 1 hour \/ 50 per load**.<\/p>\n<p>Choose from a smooth, ribbed or mixed (smooth\/ribbed) cooking surface according to your needs. Available also with a sloped or horizontal plate (ideal for shallow frying).<\/p>\n<p style=\"font-size: 15px;\">*600x1200mm<br \/>\n**Based on internal tests.<\/p>\n<p>[\/elx_text_image][elx_o2000_contact_us b=&#8221;food&#8221; button_mode=&#8221;true&#8221; button_style=&#8221;secondary-bordered&#8221; postion_button=&#8221;text-left&#8221; postion_button_mobile=&#8221;text-left-mobile&#8221; text_btn_contact=&#8221;Contact us&#8221;][vc_empty_space height=&#8221;75px&#8221;][\/vc_column][\/vc_row][vc_row][vc_column][vc_tta_tabs][vc_tta_section title=&#8221;Polished Chrome Fry Top&#8221; tab_id=&#8221;1730113717277-de7fc9d3-6e3f&#8221;][vc_empty_space height=&#8221;20px&#8221;][elx_text_image style_image=&#8221;image_square&#8221; button_style=&#8221;secondary-bordered&#8221; bg_row=&#8221;bg-download-white&#8221; title=&#8221;Polished Chrome Fry Top&#8221; lists=&#8221;%5B%7B%7D%5D&#8221; values=&#8221;%5B%7B%7D%5D&#8221; link=&#8221;url:%23products_polished|title:Go%20to%20products&#8221; single_image=&#8221;10555&#8243;]Grant maximum quality regardless of your recipe. Griddle meat, fish and vegetables at the same time. Cooking on the polished chrome, mirror finished surface <strong>avoids the mixing of flavors<\/strong> when passing from one type of food to another. <strong>Rapidly vary menus<\/strong> and satisfy customer demands thanks to the fast and easy cleaning during service.<\/p>\n<p>Ideal for <strong>full service restaurants<\/strong>.[\/elx_text_image][\/vc_tta_section][vc_tta_section title=&#8221;Brushed Chrome Fry Top&#8221; tab_id=&#8221;1730113717285-a38b1ed6-b0bb&#8221;][vc_empty_space height=&#8221;20px&#8221;][elx_text_image style_image=&#8221;image_square&#8221; button_style=&#8221;secondary-bordered&#8221; bg_row=&#8221;bg-download-white&#8221; title=&#8221;Brushed Chrome Fry Top&#8221; lists=&#8221;%5B%7B%7D%5D&#8221; values=&#8221;%5B%7B%7D%5D&#8221; link=&#8221;url:%23products_brushed|title:Go%20to%20products&#8221; single_image=&#8221;10556&#8243;]Rough brushed chrome surface is highly resistant to scratches and facilitates cleaning operations at the end of the day.<\/p>\n<p>Ideal for <strong>quick service restaurants<\/strong>.[\/elx_text_image][\/vc_tta_section][\/vc_tta_tabs][\/vc_column][\/vc_row][vc_row custom_color_row=&#8221;bg-row-light-blue&#8221;][vc_column][elx_features_download title=&#8221;Discover the benefits of cooking on chrome&#8221; tag_title=&#8221;h2&#8243; class_title=&#8221;h2&#8243; bg_discover_color=&#8221;bg-download-white&#8221; link_discover_color=&#8221;download-text-blue&#8221; title_position=&#8221;top&#8221; bg_row=&#8221;bg-row-light-blue&#8221; values=&#8221;%5B%7B%22select_type%22%3A%22pride%22%2C%22label_pride_document%22%3A%22900XP%20%26%20700XP%20Brochure%22%2C%22document_type%22%3A%22brochures%22%2C%22br_document_number%22%3A%22BR-9JE00121%22%7D%5D&#8221; discover=&#8221;%5B%7B%22link_discover%22%3A%22url%3Ahttps%253A%252F%252Fwww.electroluxprofessional.com%252Fcommercial-kitchen-equipment%252F900xp-700xp-cooking-ranges%252Fchrome-fry-tops%252Fnitrochrome3-an-incomparable-solution%252F%7Ctitle%3ANitroChrome%253Csup%253E3%253C%252Fsup%253E%7Ctarget%3A_blank%22%7D%2C%7B%22link_discover%22%3A%22url%3Ahttps%253A%252F%252Fwww.electroluxprofessional.com%252Fcommercial-kitchen-equipment%252F900xp-700xp-cooking-ranges%252F%7Ctitle%3AXP%2520Modular%2520Cooking%2520Range%7Ctarget%3A_blank%22%7D%5D&#8221; features=&#8221;%5B%7B%22icon_electroluxpro%22%3A%22elx-icon%20icon-circle-star-perfomance-blue%22%2C%22title_icon%22%3A%22Non-scratch%20surface%22%2C%22text_icon%22%3A%22%3Cb%3ENitroChrome%3Csup%3E3%3C%2Fsup%3E%3C%2Fb%3E%20guarantees%20extreme%20resistance%20to%20scratches%20and%20corrosion%20in%20addition%20to%20improving%20the%20%3Cb%3Enon-stick%20properties%3C%2Fb%3E%20of%20the%20cooking%20plate%2C%20ensuring%20express%20cleaning%20at%20the%20end%20of%20the%20day.%22%7D%2C%7B%22icon_electroluxpro%22%3A%22elx-icon%20icon-glass-fork%22%2C%22title_icon%22%3A%22Food%20safety%20guaranteed%22%2C%22text_icon%22%3A%22Electrolux%20Professional%20Fry%20Tops%20%3Cb%3Efully%20comply%20with%20the%20European%20Food%20Contact%20Materials%20Regulation%3C%2Fb%3E%20(EC)%20No.%201935%2F2004%22%7D%2C%7B%22icon_electroluxpro%22%3A%22elx-icon%20icon-power-fire%22%2C%22title_icon%22%3A%22Thermostatic%20control%20%22%2C%22text_icon%22%3A%22Enjoy%20a%20healthier%20and%20more%20comfortable%20working%20environment.%20Models%20with%20thermostatic%20control%20ensure%20%3Cb%3Eprecise%20temperature%20regulation%20and%20reduction%20in%20the%20amount%20of%20emissions%3C%2Fb%3E%20generated%20by%20the%20food%20due%20to%20minimal%20%E2%80%9Cover%20shooting%E2%80%9D%20of%20temperature%20on%20the%20cooking%20surface.%22%7D%2C%7B%22icon_electroluxpro%22%3A%22elx-icon%20icon-circle-drop-plus-blue%22%2C%22title_icon%22%3A%22Easy%20to%20clean%22%2C%22text_icon%22%3A%22%3Cb%3ECleaning%20made%20easy%3C%2Fb%3E%20thanks%20to%3A%201-piece%20pressed%20cooking%20surface%20with%20rounded%20corners%2C%20large%20drain%20hole%20and%20removable%203-sided%20splashback.%22%7D%5D&#8221;][\/elx_features_download][\/vc_column][\/vc_row][vc_row][vc_column][vc_empty_space][elx_heading font_size=&#8221;h3&#8243; text_color=&#8221;inherit&#8221; text_align=&#8221;text-center&#8221;]Boost your business with XP Fry Tops[\/elx_heading][elx_o2000_contact_us b=&#8221;food&#8221;][\/vc_column][\/vc_row][vc_row el_id=&#8221;products_polished&#8221;][vc_column][vc_empty_space][\/vc_column][\/vc_row][vc_row el_id=&#8221;products_brushed&#8221;][vc_column][vc_empty_space][\/vc_column][\/vc_row][vc_row][vc_column][vc_empty_space][elx_multiple_columns number_columns=&#8221;4&#8243; bg_row=&#8221;bg-download-white&#8221; title=&#8221;Find your complete solution&#8221; values=&#8221;%5B%7B%22image_section%22%3A%2210559%22%2C%22title_section%22%3A%22Quick%20Service%20Restaurants%22%2C%22text_section%22%3A%22With%20its%20powerful%20burners%20and%20grills%2C%20you%20can%20cook%20food%20quickly%20and%20efficiently.%20Plus%2C%20its%20easy-to-clean%20design%20will%20save%20you%20time%20and%20money.%22%2C%22link_section%22%3A%22url%3Ahttps%253A%252F%252Fwww.electroluxprofessional.com%252Fyour-business%252Frestaurant-chains%252F%7Ctitle%3Asolutions%2520for%2520chains%7Ctarget%3A_blank%22%2C%22button_style%22%3A%22secondary-bordered%22%7D%2C%7B%22image_section%22%3A%229971%22%2C%22title_section%22%3A%22Restaurants%22%2C%22text_section%22%3A%22The%20precise%20temperature%20controls%20of%20XP%20will%20help%20you%20create%20culinary%20masterpieces%2C%20while%20its%20elegant%20design%20will%20enhance%20your%20kitchen%E2%80%99s%20d%C3%A9cor.%22%2C%22link_section%22%3A%22url%3Ahttps%253A%252F%252Fwww.electroluxprofessional.com%252Fyour-business%252Fsolutions-for-restaurants%252F%7Ctitle%3ASolutions%2520for%2520restaurants%7Ctarget%3A_blank%22%2C%22button_style%22%3A%22secondary-bordered%22%7D%2C%7B%22image_section%22%3A%2210560%22%2C%22title_section%22%3A%22High%20Productivity%20Kitchens%22%2C%22text_section%22%3A%22XP%2C%20the%20solution%20that%20can%20meet%20the%20needs%20of%20your%20busy%20kitchen.%20Its%20durable%20construction%20will%20ensure%20to%20stand%20up%20to%20the%20rigours%20of%20daily%20use.%22%2C%22link_section%22%3A%22url%3Ahttps%253A%252F%252Fwww.electroluxprofessional.com%252Fyour-business%252Fstaff-canteens%252F%7Ctitle%3ASolutions%2520for%2520canteens%7Ctarget%3A_blank%22%2C%22button_style%22%3A%22secondary-bordered%22%7D%5D&#8221;][\/elx_multiple_columns][\/vc_column][\/vc_row]<\/p>\n","protected":false},"excerpt":{"rendered":"<p>[vc_row full_width=&#8221;electroluxpro-full-width-no-padding&#8221;][vc_column][elx_image_block background_image=&#8221;10553&#8243; minimum_height=&#8221;400px&#8221;][vc_empty_space][\/vc_column][\/vc_row][vc_row][vc_column][elx_text_image tag_title=&#8221;h1&#8243; style_image=&#8221;image_square&#8221; bg_row=&#8221;bg-download-white&#8221; title=&#8221;900XP &amp; 700XP Chrome Fry Tops&#8221; lists=&#8221;%5B%7B%7D%5D&#8221; n_logos=&#8221;10557,10558&#8243; values=&#8221;%5B%7B%7D%5D&#8221; single_image=&#8221;10554&#8243;]Cook different types of foods with maximum efficiency on a highly resistant surface with no flavor transfer. 900XP Fry TopHP with NitroChrome3 surface is a unique, PATENTED non-scratch solution, ideal for heavy duty use, easier cooking, easier cleaning and [&hellip;]<\/p>\n","protected":false},"author":79,"featured_media":10553,"parent":0,"menu_order":0,"comment_status":"closed","ping_status":"closed","template":"","meta":{"footnotes":""},"class_list":["post-10561","page","type-page","status-publish","has-post-thumbnail","hentry"],"acf":[],"yoast_head":"<!-- This site is optimized with the Yoast SEO plugin v23.3 - https:\/\/yoast.com\/wordpress\/plugins\/seo\/ -->\n<title>900XP &amp; 700XP Chromowane p\u0142yty grillowe linii XP - Electrolux Professional Polska<\/title>\n<meta name=\"description\" content=\"Wyj\u0105tkowo du\u017ca, odporna na zarysowania chromowana powierzchnia do przygotowania Twoich ulubionych potraw w nieograniczonych ilo\u015bciach\" \/>\n<meta name=\"robots\" content=\"index, follow, max-snippet:-1, max-image-preview:large, max-video-preview:-1\" \/>\n<link rel=\"canonical\" href=\"https:\/\/www.electroluxprofessional.com\/pl\/900xp-700xp-chromowane-plyty-grillowe-linii-xp\/\" \/>\n<meta property=\"og:locale\" content=\"pl_PL\" \/>\n<meta property=\"og:type\" content=\"article\" \/>\n<meta property=\"og:title\" content=\"900XP &amp; 700XP Chromowane p\u0142yty grillowe linii XP - Electrolux Professional Polska\" \/>\n<meta property=\"og:description\" content=\"Wyj\u0105tkowo du\u017ca, odporna na zarysowania chromowana powierzchnia do przygotowania Twoich ulubionych potraw w nieograniczonych ilo\u015bciach\" \/>\n<meta property=\"og:url\" content=\"https:\/\/www.electroluxprofessional.com\/pl\/900xp-700xp-chromowane-plyty-grillowe-linii-xp\/\" \/>\n<meta property=\"og:site_name\" content=\"Electrolux Professional Polska\" \/>\n<meta property=\"article:modified_time\" content=\"2025-11-05T15:08:53+00:00\" \/>\n<meta property=\"og:image\" content=\"https:\/\/www.electroluxprofessional.com\/pl\/wp-content\/uploads\/2025\/01\/header_ok2.jpg\" \/>\n\t<meta property=\"og:image:width\" content=\"2115\" \/>\n\t<meta property=\"og:image:height\" content=\"431\" \/>\n\t<meta property=\"og:image:type\" content=\"image\/jpeg\" \/>\n<meta name=\"twitter:card\" content=\"summary_large_image\" \/>\n<meta name=\"twitter:label1\" content=\"Szacowany czas czytania\" \/>\n\t<meta name=\"twitter:data1\" content=\"2 minuty\" \/>\n<script type=\"application\/ld+json\" class=\"yoast-schema-graph\">{\"@context\":\"https:\/\/schema.org\",\"@graph\":[{\"@type\":\"WebPage\",\"@id\":\"https:\/\/www.electroluxprofessional.com\/pl\/900xp-700xp-chromowane-plyty-grillowe-linii-xp\/\",\"url\":\"https:\/\/www.electroluxprofessional.com\/pl\/900xp-700xp-chromowane-plyty-grillowe-linii-xp\/\",\"name\":\"900XP & 700XP Chromowane p\u0142yty grillowe linii XP - Electrolux Professional Polska\",\"isPartOf\":{\"@id\":\"https:\/\/www.electroluxprofessional.com\/pl\/#website\"},\"primaryImageOfPage\":{\"@id\":\"https:\/\/www.electroluxprofessional.com\/pl\/900xp-700xp-chromowane-plyty-grillowe-linii-xp\/#primaryimage\"},\"image\":{\"@id\":\"https:\/\/www.electroluxprofessional.com\/pl\/900xp-700xp-chromowane-plyty-grillowe-linii-xp\/#primaryimage\"},\"thumbnailUrl\":\"https:\/\/www.electroluxprofessional.com\/pl\/wp-content\/uploads\/2025\/01\/header_ok2.jpg\",\"datePublished\":\"2024-12-30T13:14:21+00:00\",\"dateModified\":\"2025-11-05T15:08:53+00:00\",\"description\":\"Wyj\u0105tkowo du\u017ca, odporna na zarysowania chromowana powierzchnia do przygotowania Twoich ulubionych potraw w nieograniczonych ilo\u015bciach\",\"breadcrumb\":{\"@id\":\"https:\/\/www.electroluxprofessional.com\/pl\/900xp-700xp-chromowane-plyty-grillowe-linii-xp\/#breadcrumb\"},\"inLanguage\":\"pl-PL\",\"potentialAction\":[{\"@type\":\"ReadAction\",\"target\":[\"https:\/\/www.electroluxprofessional.com\/pl\/900xp-700xp-chromowane-plyty-grillowe-linii-xp\/\"]}]},{\"@type\":\"ImageObject\",\"inLanguage\":\"pl-PL\",\"@id\":\"https:\/\/www.electroluxprofessional.com\/pl\/900xp-700xp-chromowane-plyty-grillowe-linii-xp\/#primaryimage\",\"url\":\"https:\/\/www.electroluxprofessional.com\/pl\/wp-content\/uploads\/2025\/01\/header_ok2.jpg\",\"contentUrl\":\"https:\/\/www.electroluxprofessional.com\/pl\/wp-content\/uploads\/2025\/01\/header_ok2.jpg\",\"width\":2115,\"height\":431},{\"@type\":\"BreadcrumbList\",\"@id\":\"https:\/\/www.electroluxprofessional.com\/pl\/900xp-700xp-chromowane-plyty-grillowe-linii-xp\/#breadcrumb\",\"itemListElement\":[{\"@type\":\"ListItem\",\"position\":1,\"name\":\"Strona g\u0142\u00f3wna\",\"item\":\"https:\/\/www.electroluxprofessional.com\/pl\/\"},{\"@type\":\"ListItem\",\"position\":2,\"name\":\"900XP &#038; 700XP Chromowane p\u0142yty grillowe linii XP\"}]},{\"@type\":\"WebSite\",\"@id\":\"https:\/\/www.electroluxprofessional.com\/pl\/#website\",\"url\":\"https:\/\/www.electroluxprofessional.com\/pl\/\",\"name\":\"Electrolux Professional Polska\",\"description\":\"\",\"potentialAction\":[{\"@type\":\"SearchAction\",\"target\":{\"@type\":\"EntryPoint\",\"urlTemplate\":\"https:\/\/www.electroluxprofessional.com\/pl\/?src={search_term_string}\"},\"query-input\":\"required name=search_term_string\"}],\"inLanguage\":\"pl-PL\"}]}<\/script>\n<!-- \/ Yoast SEO plugin. -->","yoast_head_json":{"title":"900XP & 700XP Chromowane p\u0142yty grillowe linii XP - Electrolux Professional Polska","description":"Wyj\u0105tkowo du\u017ca, odporna na zarysowania chromowana powierzchnia do przygotowania Twoich ulubionych potraw w nieograniczonych ilo\u015bciach","robots":{"index":"index","follow":"follow","max-snippet":"max-snippet:-1","max-image-preview":"max-image-preview:large","max-video-preview":"max-video-preview:-1"},"canonical":"https:\/\/www.electroluxprofessional.com\/pl\/900xp-700xp-chromowane-plyty-grillowe-linii-xp\/","og_locale":"pl_PL","og_type":"article","og_title":"900XP & 700XP Chromowane p\u0142yty grillowe linii XP - Electrolux Professional Polska","og_description":"Wyj\u0105tkowo du\u017ca, odporna na zarysowania chromowana powierzchnia do przygotowania Twoich ulubionych potraw w nieograniczonych ilo\u015bciach","og_url":"https:\/\/www.electroluxprofessional.com\/pl\/900xp-700xp-chromowane-plyty-grillowe-linii-xp\/","og_site_name":"Electrolux Professional Polska","article_modified_time":"2025-11-05T15:08:53+00:00","og_image":[{"width":2115,"height":431,"url":"https:\/\/www.electroluxprofessional.com\/pl\/wp-content\/uploads\/2025\/01\/header_ok2.jpg","type":"image\/jpeg"}],"twitter_card":"summary_large_image","twitter_misc":{"Szacowany czas czytania":"2 minuty"},"schema":{"@context":"https:\/\/schema.org","@graph":[{"@type":"WebPage","@id":"https:\/\/www.electroluxprofessional.com\/pl\/900xp-700xp-chromowane-plyty-grillowe-linii-xp\/","url":"https:\/\/www.electroluxprofessional.com\/pl\/900xp-700xp-chromowane-plyty-grillowe-linii-xp\/","name":"900XP & 700XP Chromowane p\u0142yty grillowe linii XP - Electrolux Professional Polska","isPartOf":{"@id":"https:\/\/www.electroluxprofessional.com\/pl\/#website"},"primaryImageOfPage":{"@id":"https:\/\/www.electroluxprofessional.com\/pl\/900xp-700xp-chromowane-plyty-grillowe-linii-xp\/#primaryimage"},"image":{"@id":"https:\/\/www.electroluxprofessional.com\/pl\/900xp-700xp-chromowane-plyty-grillowe-linii-xp\/#primaryimage"},"thumbnailUrl":"https:\/\/www.electroluxprofessional.com\/pl\/wp-content\/uploads\/2025\/01\/header_ok2.jpg","datePublished":"2024-12-30T13:14:21+00:00","dateModified":"2025-11-05T15:08:53+00:00","description":"Wyj\u0105tkowo du\u017ca, odporna na zarysowania chromowana powierzchnia do przygotowania Twoich ulubionych potraw w nieograniczonych ilo\u015bciach","breadcrumb":{"@id":"https:\/\/www.electroluxprofessional.com\/pl\/900xp-700xp-chromowane-plyty-grillowe-linii-xp\/#breadcrumb"},"inLanguage":"pl-PL","potentialAction":[{"@type":"ReadAction","target":["https:\/\/www.electroluxprofessional.com\/pl\/900xp-700xp-chromowane-plyty-grillowe-linii-xp\/"]}]},{"@type":"ImageObject","inLanguage":"pl-PL","@id":"https:\/\/www.electroluxprofessional.com\/pl\/900xp-700xp-chromowane-plyty-grillowe-linii-xp\/#primaryimage","url":"https:\/\/www.electroluxprofessional.com\/pl\/wp-content\/uploads\/2025\/01\/header_ok2.jpg","contentUrl":"https:\/\/www.electroluxprofessional.com\/pl\/wp-content\/uploads\/2025\/01\/header_ok2.jpg","width":2115,"height":431},{"@type":"BreadcrumbList","@id":"https:\/\/www.electroluxprofessional.com\/pl\/900xp-700xp-chromowane-plyty-grillowe-linii-xp\/#breadcrumb","itemListElement":[{"@type":"ListItem","position":1,"name":"Strona g\u0142\u00f3wna","item":"https:\/\/www.electroluxprofessional.com\/pl\/"},{"@type":"ListItem","position":2,"name":"900XP &#038; 700XP Chromowane p\u0142yty grillowe linii XP"}]},{"@type":"WebSite","@id":"https:\/\/www.electroluxprofessional.com\/pl\/#website","url":"https:\/\/www.electroluxprofessional.com\/pl\/","name":"Electrolux Professional Polska","description":"","potentialAction":[{"@type":"SearchAction","target":{"@type":"EntryPoint","urlTemplate":"https:\/\/www.electroluxprofessional.com\/pl\/?src={search_term_string}"},"query-input":"required name=search_term_string"}],"inLanguage":"pl-PL"}]}},"_links":{"self":[{"href":"https:\/\/www.electroluxprofessional.com\/pl\/wp-json\/wp\/v2\/pages\/10561"}],"collection":[{"href":"https:\/\/www.electroluxprofessional.com\/pl\/wp-json\/wp\/v2\/pages"}],"about":[{"href":"https:\/\/www.electroluxprofessional.com\/pl\/wp-json\/wp\/v2\/types\/page"}],"author":[{"embeddable":true,"href":"https:\/\/www.electroluxprofessional.com\/pl\/wp-json\/wp\/v2\/users\/79"}],"replies":[{"embeddable":true,"href":"https:\/\/www.electroluxprofessional.com\/pl\/wp-json\/wp\/v2\/comments?post=10561"}],"version-history":[{"count":6,"href":"https:\/\/www.electroluxprofessional.com\/pl\/wp-json\/wp\/v2\/pages\/10561\/revisions"}],"predecessor-version":[{"id":11577,"href":"https:\/\/www.electroluxprofessional.com\/pl\/wp-json\/wp\/v2\/pages\/10561\/revisions\/11577"}],"wp:featuredmedia":[{"embeddable":true,"href":"https:\/\/www.electroluxprofessional.com\/pl\/wp-json\/wp\/v2\/media\/10553"}],"wp:attachment":[{"href":"https:\/\/www.electroluxprofessional.com\/pl\/wp-json\/wp\/v2\/media?parent=10561"}],"curies":[{"name":"wp","href":"https:\/\/api.w.org\/{rel}","templated":true}]}}