{"id":10547,"date":"2024-12-30T12:59:42","date_gmt":"2024-12-30T12:59:42","guid":{"rendered":"https:\/\/www.electroluxprofessional.com\/pl\/?page_id=10547"},"modified":"2025-11-05T15:17:23","modified_gmt":"2025-11-05T15:17:23","slug":"flexy-line","status":"publish","type":"page","link":"https:\/\/www.electroluxprofessional.com\/pl\/gastronomia\/flexy-line\/","title":{"rendered":"Rozwi\u0105zania do serwowania Flexy Line"},"content":{"rendered":"<p>[vc_row full_width=&#8221;electroluxpro-full-width-no-padding&#8221;][vc_column][elx_image_block background_image=&#8221;10543&#8243; minimum_height=&#8221;400px&#8221;][\/vc_column][\/vc_row][vc_row][vc_column][vc_empty_space height=&#8221;40px&#8221;][elx_heading font_container=&#8221;h1&#8243; text_color=&#8221;inherit&#8221; text_align=&#8221;text-center&#8221;]Flexy Line[\/elx_heading][elx_heading font_size=&#8221;h6&#8243; text_color=&#8221;inherit&#8221; text_align=&#8221;text-center&#8221;]Apetyczne rozwi\u0105zania do elastycznego serwowania[\/elx_heading][vc_empty_space height=&#8221;40px&#8221;][vc_column_text]<\/p>\n<p style=\"text-align: center;\">Przemie\u0144 swoje potrzeby w szyty na miar\u0119 projekt i spraw, \u017ce Twoi go\u015bcie poczuj\u0105 si\u0119 komfortowo. Czy to hotel, szko\u0142a, czy firma, wyobra\u017a sobie godne zapami\u0119tania do\u015bwiadczenia kulinarne w inspiruj\u0105cym otoczeniu, kt\u00f3re zaprezentujesz swoim go\u015bciom.<\/p>\n<p>[\/vc_column_text][vc_empty_space height=&#8221;40px&#8221;][\/vc_column][\/vc_row][vc_row][vc_column width=&#8221;1\/4&#8243;][elx_icons icon_size=&#8221;elx-icon-medium&#8221; icon_electroluxpro=&#8221;elx-icon icon-circle-measurements-blue&#8221;][vc_empty_space height=&#8221;20px&#8221;][vc_column_text]<\/p>\n<h5 style=\"text-align: center;\">BOHATER<br \/>\ndesignu i elastyczno\u015bci<\/h5>\n<p>[\/vc_column_text][vc_empty_space height=&#8221;20px&#8221;][vc_column_text]<\/p>\n<p style=\"text-align: center;\">Proste linie, nieograniczona liczba wyko\u0144cze\u0144 i jasne \u015bwiat\u0142a uwydatniaj\u0105ce eksponowan\u0105 \u017cywno\u015b\u0107, bez kompromis\u00f3w dla funkcjonalno\u015bci.<\/p>\n<p>[\/vc_column_text][vc_empty_space height=&#8221;20px&#8221;][\/vc_column][vc_column width=&#8221;1\/4&#8243;][elx_icons icon_size=&#8221;elx-icon-medium&#8221; icon_electroluxpro=&#8221;elx-icon icon-circle-food-quality-blue&#8221;][vc_empty_space height=&#8221;20px&#8221;][vc_column_text]<\/p>\n<h5 style=\"text-align: center;\">BOHATER<br \/>\neksponowania i widoczno\u015bci \u017cywno\u015bci<\/h5>\n<p>[\/vc_column_text][vc_empty_space height=&#8221;20px&#8221;][vc_column_text]<\/p>\n<p style=\"text-align: center;\">Dzi\u0119ki technologii LED \u015bwie\u017co\u015b\u0107 i pi\u0119kno produkt\u00f3w spo\u017cywczych s\u0105 jeszcze bardziej zach\u0119caj\u0105ce.<\/p>\n<p>[\/vc_column_text][vc_empty_space height=&#8221;20px&#8221;][\/vc_column][vc_column width=&#8221;1\/4&#8243;][elx_icons icon_size=&#8221;elx-icon-medium&#8221; icon_electroluxpro=&#8221;elx-icon icon-circle-safe-blue&#8221;][vc_empty_space height=&#8221;20px&#8221;][vc_column_text]<\/p>\n<h5 style=\"text-align: center;\">BOHATER<br \/>\nhigieny i \u0142atwo\u015bci czyszczenia<\/h5>\n<p>[\/vc_column_text][vc_empty_space height=&#8221;20px&#8221;][vc_column_text]<\/p>\n<p style=\"text-align: center;\">Minimalistyczny design dla optymalnego czyszczenia i higieny, ka\u017cdego dnia.<\/p>\n<p>[\/vc_column_text][vc_empty_space height=&#8221;20px&#8221;][\/vc_column][vc_column width=&#8221;1\/4&#8243;][elx_icons icon_size=&#8221;elx-icon-medium&#8221; icon_electroluxpro=&#8221;elx-icon icon-circle-savings-green-blue&#8221;][vc_empty_space height=&#8221;20px&#8221;][vc_column_text]<\/p>\n<h5 style=\"text-align: center;\">BOHATER<br \/>\nzr\u00f3wnowa\u017conego rozwoju<\/h5>\n<p>[\/vc_column_text][vc_empty_space height=&#8221;20px&#8221;][vc_column_text]<\/p>\n<p style=\"text-align: center;\">Zr\u00f3wnowa\u017cony rozw\u00f3j jest zawsze na szczycie naszej listy; jednocze\u015bnie zapewniamy d\u0142ugoterminowe oszcz\u0119dno\u015bci dla naszych klient\u00f3w.<\/p>\n<p>[\/vc_column_text][vc_empty_space height=&#8221;20px&#8221;][\/vc_column][\/vc_row][vc_row][vc_column][vc_empty_space height=&#8221;50px&#8221;][\/vc_column][\/vc_row][vc_row][vc_column][elx_heading font_size=&#8221;h1&#8243; text_color=&#8221;inherit&#8221; text_align=&#8221;text-center&#8221;]Flexy Style &amp; Style<sup>JR<\/sup>[\/elx_heading][vc_empty_space height=&#8221;40px&#8221;][\/vc_column][\/vc_row][vc_row full_width=&#8221;electroluxpro-full-width-no-padding&#8221;][vc_column][vc_single_image image=&#8221;10544&#8243; img_size=&#8221;full&#8221; alignment=&#8221;center&#8221;][\/vc_column][\/vc_row][vc_row css=&#8221;.vc_custom_1636385671739{background-color: #f2f2f2 !important;}&#8221;][vc_column][vc_empty_space height=&#8221;20px&#8221;][vc_column_text]<\/p>\n<h6 style=\"text-align: center;\">Jedzenie w mie\u015bcie to nie tylko moment prawdziwego relaksu, lecz tak\u017ce do\u015bwiadczenie. Zaspok\u00f3j wszystkie<br \/>\n\u017cyczenia Twoich klient\u00f3w, skupiaj\u0105c si\u0119 na nowych trendach kulinarnych i zr\u00f3wnowa\u017conym rozwoju, bez kompromis\u00f3w.<\/h6>\n<p>[\/vc_column_text][vc_empty_space height=&#8221;40px&#8221;][elx_button button_text=&#8221;Odkryj Flexy Style&#8221; button_display_block=&#8221;display_block_on&#8221; button_alignment=&#8221;align_center&#8221; button_link=&#8221;url:https%3A%2F%2Fwww.electroluxprofessional.com%2Fcommercial-kitchen-equipment%2Fflexy-line%2Fflexy-style%2F|title:Flexy%20Style&#8221;][vc_empty_space height=&#8221;40px&#8221;][\/vc_column][\/vc_row][vc_row][vc_column][vc_empty_space height=&#8221;50px&#8221;][\/vc_column][\/vc_row][vc_row][vc_column][elx_heading font_size=&#8221;h1&#8243; text_color=&#8221;inherit&#8221; text_align=&#8221;text-center&#8221;]Flexy Compact &amp; Compact<sup>JR<\/sup>[\/elx_heading][vc_empty_space height=&#8221;40px&#8221;][\/vc_column][\/vc_row][vc_row full_width=&#8221;electroluxpro-full-width-no-padding&#8221;][vc_column][vc_single_image image=&#8221;10545&#8243; img_size=&#8221;full&#8221; alignment=&#8221;center&#8221;][\/vc_column][\/vc_row][vc_row css=&#8221;.vc_custom_1636385671739{background-color: #f2f2f2 !important;}&#8221;][vc_column][vc_empty_space height=&#8221;20px&#8221;][vc_column_text]<\/p>\n<h6 style=\"text-align: center;\">Kompaktowo\u015b\u0107 i wielofunkcyjno\u015b\u0107, dla idealnego dopasowania \u2013 Electrolux Professional<br \/>\nstworzy\u0142 elastyczn\u0105 lini\u0119 idealnych rozwi\u0105za\u0144 w zakresie serwowania w celu sprostania Twoim profesjonalnym wymogom.<\/h6>\n<p>[\/vc_column_text][vc_empty_space height=&#8221;40px&#8221;][elx_button button_text=&#8221;Odkryj Flexy Compact&#8221; button_display_block=&#8221;display_block_on&#8221; button_alignment=&#8221;align_center&#8221; button_link=&#8221;url:https%3A%2F%2Fwww.electroluxprofessional.com%2Fcommercial-kitchen-equipment%2Fflexy-line%2Fflexy-compact%2F|title:Flexy%20Compact&#8221;][vc_empty_space height=&#8221;40px&#8221;][\/vc_column][\/vc_row][vc_row][vc_column][vc_empty_space height=&#8221;50px&#8221;][\/vc_column][\/vc_row][vc_row][vc_column][elx_heading font_size=&#8221;h1&#8243; text_color=&#8221;inherit&#8221; text_align=&#8221;text-center&#8221;]Flexy Drop-in[\/elx_heading][vc_empty_space height=&#8221;40px&#8221;][\/vc_column][\/vc_row][vc_row full_width=&#8221;electroluxpro-full-width-no-padding&#8221;][vc_column][vc_single_image image=&#8221;10546&#8243; img_size=&#8221;full&#8221; alignment=&#8221;center&#8221;][\/vc_column][\/vc_row][vc_row css=&#8221;.vc_custom_1636385671739{background-color: #f2f2f2 !important;}&#8221;][vc_column][vc_empty_space height=&#8221;40px&#8221;][elx_button button_text=&#8221;Odkryj Flexy Drop-in&#8221; button_display_block=&#8221;display_block_on&#8221; button_alignment=&#8221;align_center&#8221; button_link=&#8221;url:https%3A%2F%2Fwww.electroluxprofessional.com%2Fcommercial-kitchen-equipment%2Fflexy-line%2Fflexy-drop-in%2F|title:Flexy%20Drop-in&#8221;][vc_empty_space height=&#8221;40px&#8221;][\/vc_column][\/vc_row][vc_row][vc_column][vc_empty_space height=&#8221;50px&#8221;][\/vc_column][\/vc_row][vc_row][vc_column]<div class=\"com21-product-filter-container 41\">\n                    <!-- PROD FILTER -->\n                    \n                    <div class=\"container\">\n                        <h4 class=\"text-center\">\n                            Filtr\n (Produkt 1\n)\n                        <\/h4>\n                    <\/div>\n                    <div class=\"specification-filter\">\n                        <div class=\"toggle-filter-container\">\n                            <div class=\"container text-center\">\n                                <a href=\"#filter\" class=\"toggle-filter small-toggle\" data-target=\".category-filter\"  data-class-toggle=\"category-filter-show\" aria-pressed=\"false\" role=\"button\" id=\"open-product-features\">Filtr\n<\/a>\n                            <\/div>\n                        <\/div>\n                        <div class=\"category-filter \">\n                            <div class=\"container\">\n                    <div class=\"row\">\n                        <div class=\"col-md-4 text-left\">\n                            <fieldset>       \n                                <h5 class=\"h6\">Linia produktowa\n<\/h5>\n                            <\/fieldset>\n                        <\/div><!-- end col -->\n                        \n                        <div class=\"col-md-4 text-left subcategories-first\">\n                            <fieldset>       \n                                <h5 class=\"h6\">Podkategoria\n<\/h5>\n                                <div class=\"subcategory-check\">\n                                    <input type=\"checkbox\" name=\"wozki-bankietowe\" id=\"wozki-bankietowe\" data-description=\"W\u00f3zki bankietowe\" >\n                                    <label for=\"wozki-bankietowe\">W\u00f3zki bankietowe<\/label>\n                                <\/div>\n                            \n                            <\/fieldset>\n                        <\/div><!-- end col -->\n                        <\/div>\n        \n                                <div class=\"row\">\n                                    <div class=\"col-md-6 text-left\">\n                                        <span class=\"number-of-products\"><span id=\"number-of-products\">1<\/span> Produkty\n<\/span> <a href=\"#\" class=\"btn btn-secondary-bordered\" id=\"filter-reset-btn\">Resetuj\n<\/a>\n                                    <\/div>\n                                    <div class=\"col-md-6 text-right\">\n                                        <a href=\"#\" class=\"close-toggle no-pd-toggle\" data-parent=\"open-product-features\"  aria-pressed=\"true\" role=\"button\">Zamknij\n<\/a>\n                                    <\/div>\n                                <\/div>\n                                \n                            <\/div><!-- end container -->\n                        <\/div><!-- end category-filter -->\n                    <\/div><!-- end specification-filter -->\n        \n                    <!-- END PROD FILTER -->\n                    \n                    <!-- PROD LIST -->\n                    <div class=\"product-list container\">\n                        <!--Hidden parameters-->\n                        <input type=\"hidden\" name=\"navigation_level_1\" id=\"navigation_level_1\" value=\"F\">\n                        <input type=\"hidden\" name=\"navigation_level_2\" id=\"navigation_level_2\" value=\"\">\n                        <input type=\"hidden\" name=\"navigation_level_3\" id=\"navigation_level_3\" value=\"\">\n                        <input type=\"hidden\" name=\"navigation_level_4\" id=\"navigation_level_4\" value=\"\">\n                        <input type=\"hidden\" name=\"filter_id\" id=\"filter_id\" value=\"41\">\n                        <input type=\"hidden\" name=\"navigation_language\" id=\"navigation_language\" value=\"5027\">\n                        <input type=\"hidden\" name=\"navigation_language_code\" id=\"navigation_language\" value=\"5027\">\n                        <input type=\"hidden\" name=\"page_id\" id=\"page_id\" value=\"10547\">\n                        <!--END Hidden parameters--><ul class=\"row elx-one-product\" ><li data-product-paged=\"\" class=\"anchor_tags_prod col-sm-6 col-md-3 wow fadeIn single-product-list 351156\"><div class=\"product-list-item\"><div class=\"product-content\"><a href=\"https:\/\/www.electroluxprofessional.com\/pl\/pd\/dystybucja\/w\u00f3zki-serwisowe\/w\u00f3zki-bankietowe\/w\u00f3zki-w\u00f3zek-bankietowy-podgrzewany-10-gn-2-1-351156\/\" target=\"_blank\" ><figure><img decoding=\"async\" src=\"https:\/\/tools.electroluxprofessional.com\/Mirror\/Doc\/PH_255x255%2FPH_351156_1_5_351156.jpg\" alt=\"W\u00f3zkiW\u00f3zek bankietowy podgrzewany 10 GN 2\/1\"\/><\/figure><div class=\"product-internal\"><div class=\"product-liv\">W\u00f3zki bankietowe<\/div><h3 class=\"product-title\">W\u00f3zki<br>W\u00f3zek bankietowy podgrzewany 10 GN 2\/1<\/h3><div class=\"product-icons\"><div class=\"product-green\"><\/div><div class=\"product-cod\"><div class=\"hidden type_code\">0<\/div>COD <span class=\"product-code\" >351156<\/span><\/div><div class=\"product-fast\"><\/div>\n<\/div><div class=\"product-description-fast-green\"><\/div>\n<\/div><div class=\"product-actions\"><a href=\"https:\/\/www.electroluxprofessional.com\/pl\/pd\/dystybucja\/w\u00f3zki-serwisowe\/w\u00f3zki-bankietowe\/w\u00f3zki-w\u00f3zek-bankietowy-podgrzewany-10-gn-2-1-351156\/\" class=\"btn btn-primary-blue\">Zobacz wi\u0119cej\n<\/a><span class=\"compare-product\"><span class=\"compare-checkbox\"><span class=\"compare-checkbox-shape\"><input type=\"checkbox\" class=\"product-comparer\" id=\"prod_351156\"\/><label class=\"btn\" for=\"prod_351156\"><span class=\"label-bg\"><\/span>Por\u00f3wnaj\n<\/label><\/span><\/span><\/span><\/div><\/a><\/div><\/div><\/li>\n                        <\/ul>\n                        <div class=\"text-center more-products\">\n                        <\/div>\n                    <\/div>\n                    <!-- END PRODUCT LIST -->\n                    <\/div>\n                    <!-- END PRODUCT LIST -->[\/vc_column][\/vc_row][vc_row][vc_column][vc_empty_space height=&#8221;50px&#8221;][\/vc_column][\/vc_row][vc_row][vc_column][elx_heading text_color=&#8221;inherit&#8221; text_align=&#8221;text-center&#8221;]Skontaktuj si\u0119 z nami, by uzyska\u0107 wi\u0119cej informacji na temat naszych rozwi\u0105za\u0144 Flexy Line[\/elx_heading][vc_empty_space height=&#8221;40px&#8221;][elx_o2000_contact_us b=&#8221;food&#8221;][vc_empty_space height=&#8221;40px&#8221;][\/vc_column][\/vc_row]<\/p>\n","protected":false},"excerpt":{"rendered":"<p>[vc_row full_width=&#8221;electroluxpro-full-width-no-padding&#8221;][vc_column][elx_image_block background_image=&#8221;10543&#8243; minimum_height=&#8221;400px&#8221;][\/vc_column][\/vc_row][vc_row][vc_column][vc_empty_space height=&#8221;40px&#8221;][elx_heading font_container=&#8221;h1&#8243; text_color=&#8221;inherit&#8221; text_align=&#8221;text-center&#8221;]Flexy Line[\/elx_heading][elx_heading font_size=&#8221;h6&#8243; text_color=&#8221;inherit&#8221; text_align=&#8221;text-center&#8221;]Apetyczne rozwi\u0105zania do elastycznego serwowania[\/elx_heading][vc_empty_space height=&#8221;40px&#8221;][vc_column_text] Przemie\u0144 swoje potrzeby w szyty na miar\u0119 projekt i spraw, \u017ce Twoi go\u015bcie poczuj\u0105 si\u0119 komfortowo. Czy to hotel, szko\u0142a, czy firma, wyobra\u017a sobie godne zapami\u0119tania do\u015bwiadczenia kulinarne w inspiruj\u0105cym otoczeniu, kt\u00f3re zaprezentujesz swoim go\u015bciom. [\/vc_column_text][vc_empty_space height=&#8221;40px&#8221;][\/vc_column][\/vc_row][vc_row][vc_column width=&#8221;1\/4&#8243;][elx_icons [&hellip;]<\/p>\n","protected":false},"author":79,"featured_media":10543,"parent":1148,"menu_order":0,"comment_status":"closed","ping_status":"closed","template":"","meta":{"footnotes":""},"class_list":["post-10547","page","type-page","status-publish","has-post-thumbnail","hentry"],"acf":[],"yoast_head":"<!-- This site is optimized with the Yoast SEO plugin v23.3 - https:\/\/yoast.com\/wordpress\/plugins\/seo\/ -->\n<title>Rozwi\u0105zania do serwowania Flexy Line - Electrolux Professional Polska<\/title>\n<meta name=\"description\" content=\"Przemie\u0144 swoje potrzeby w szyty na miar\u0119 projekt i spraw, \u017ce Twoi go\u015bcie poczuj\u0105 si\u0119 komfortowo. Czy to hotel, szko\u0142a, czy firma, wyobra\u017a sobie godne zapami\u0119tania do\u015bwiadczenia kulinarne w inspiruj\u0105cym otoczeniu, kt\u00f3re zaprezentujesz swoim go\u015bciom.\" \/>\n<meta name=\"robots\" content=\"index, follow, max-snippet:-1, max-image-preview:large, max-video-preview:-1\" \/>\n<link rel=\"canonical\" href=\"https:\/\/www.electroluxprofessional.com\/pl\/gastronomia\/flexy-line\/\" \/>\n<meta property=\"og:locale\" content=\"pl_PL\" \/>\n<meta property=\"og:type\" content=\"article\" \/>\n<meta property=\"og:title\" content=\"Rozwi\u0105zania do serwowania Flexy Line - Electrolux Professional Polska\" \/>\n<meta property=\"og:description\" content=\"Przemie\u0144 swoje potrzeby w szyty na miar\u0119 projekt i spraw, \u017ce Twoi go\u015bcie poczuj\u0105 si\u0119 komfortowo. Czy to hotel, szko\u0142a, czy firma, wyobra\u017a sobie godne zapami\u0119tania do\u015bwiadczenia kulinarne w inspiruj\u0105cym otoczeniu, kt\u00f3re zaprezentujesz swoim go\u015bciom.\" \/>\n<meta property=\"og:url\" content=\"https:\/\/www.electroluxprofessional.com\/pl\/gastronomia\/flexy-line\/\" \/>\n<meta property=\"og:site_name\" content=\"Electrolux Professional Polska\" \/>\n<meta property=\"article:modified_time\" content=\"2025-11-05T15:17:23+00:00\" \/>\n<meta property=\"og:image\" content=\"https:\/\/www.electroluxprofessional.com\/pl\/wp-content\/uploads\/2025\/01\/EPR-Flexy-Style-Corporate-dining.jpg\" \/>\n\t<meta property=\"og:image:width\" content=\"2000\" \/>\n\t<meta property=\"og:image:height\" content=\"702\" \/>\n\t<meta property=\"og:image:type\" content=\"image\/jpeg\" \/>\n<meta name=\"twitter:card\" content=\"summary_large_image\" \/>\n<meta name=\"twitter:label1\" content=\"Szacowany czas czytania\" \/>\n\t<meta name=\"twitter:data1\" content=\"3 minuty\" \/>\n<script type=\"application\/ld+json\" class=\"yoast-schema-graph\">{\"@context\":\"https:\/\/schema.org\",\"@graph\":[{\"@type\":\"WebPage\",\"@id\":\"https:\/\/www.electroluxprofessional.com\/pl\/gastronomia\/flexy-line\/\",\"url\":\"https:\/\/www.electroluxprofessional.com\/pl\/gastronomia\/flexy-line\/\",\"name\":\"Rozwi\u0105zania do serwowania Flexy Line - Electrolux Professional Polska\",\"isPartOf\":{\"@id\":\"https:\/\/www.electroluxprofessional.com\/pl\/#website\"},\"primaryImageOfPage\":{\"@id\":\"https:\/\/www.electroluxprofessional.com\/pl\/gastronomia\/flexy-line\/#primaryimage\"},\"image\":{\"@id\":\"https:\/\/www.electroluxprofessional.com\/pl\/gastronomia\/flexy-line\/#primaryimage\"},\"thumbnailUrl\":\"https:\/\/www.electroluxprofessional.com\/pl\/wp-content\/uploads\/2025\/01\/EPR-Flexy-Style-Corporate-dining.jpg\",\"datePublished\":\"2024-12-30T12:59:42+00:00\",\"dateModified\":\"2025-11-05T15:17:23+00:00\",\"description\":\"Przemie\u0144 swoje potrzeby w szyty na miar\u0119 projekt i spraw, \u017ce Twoi go\u015bcie poczuj\u0105 si\u0119 komfortowo. Czy to hotel, szko\u0142a, czy firma, wyobra\u017a sobie godne zapami\u0119tania do\u015bwiadczenia kulinarne w inspiruj\u0105cym otoczeniu, kt\u00f3re zaprezentujesz swoim go\u015bciom.\",\"breadcrumb\":{\"@id\":\"https:\/\/www.electroluxprofessional.com\/pl\/gastronomia\/flexy-line\/#breadcrumb\"},\"inLanguage\":\"pl-PL\",\"potentialAction\":[{\"@type\":\"ReadAction\",\"target\":[\"https:\/\/www.electroluxprofessional.com\/pl\/gastronomia\/flexy-line\/\"]}]},{\"@type\":\"ImageObject\",\"inLanguage\":\"pl-PL\",\"@id\":\"https:\/\/www.electroluxprofessional.com\/pl\/gastronomia\/flexy-line\/#primaryimage\",\"url\":\"https:\/\/www.electroluxprofessional.com\/pl\/wp-content\/uploads\/2025\/01\/EPR-Flexy-Style-Corporate-dining.jpg\",\"contentUrl\":\"https:\/\/www.electroluxprofessional.com\/pl\/wp-content\/uploads\/2025\/01\/EPR-Flexy-Style-Corporate-dining.jpg\",\"width\":2000,\"height\":702},{\"@type\":\"BreadcrumbList\",\"@id\":\"https:\/\/www.electroluxprofessional.com\/pl\/gastronomia\/flexy-line\/#breadcrumb\",\"itemListElement\":[{\"@type\":\"ListItem\",\"position\":1,\"name\":\"Strona g\u0142\u00f3wna\",\"item\":\"https:\/\/www.electroluxprofessional.com\/pl\/\"},{\"@type\":\"ListItem\",\"position\":2,\"name\":\"Gastronomia\",\"item\":\"https:\/\/www.electroluxprofessional.com\/pl\/gastronomia\/\"},{\"@type\":\"ListItem\",\"position\":3,\"name\":\"Rozwi\u0105zania do serwowania Flexy Line\"}]},{\"@type\":\"WebSite\",\"@id\":\"https:\/\/www.electroluxprofessional.com\/pl\/#website\",\"url\":\"https:\/\/www.electroluxprofessional.com\/pl\/\",\"name\":\"Electrolux Professional Polska\",\"description\":\"\",\"potentialAction\":[{\"@type\":\"SearchAction\",\"target\":{\"@type\":\"EntryPoint\",\"urlTemplate\":\"https:\/\/www.electroluxprofessional.com\/pl\/?src={search_term_string}\"},\"query-input\":\"required name=search_term_string\"}],\"inLanguage\":\"pl-PL\"}]}<\/script>\n<!-- \/ Yoast SEO plugin. -->","yoast_head_json":{"title":"Rozwi\u0105zania do serwowania Flexy Line - Electrolux Professional Polska","description":"Przemie\u0144 swoje potrzeby w szyty na miar\u0119 projekt i spraw, \u017ce Twoi go\u015bcie poczuj\u0105 si\u0119 komfortowo. Czy to hotel, szko\u0142a, czy firma, wyobra\u017a sobie godne zapami\u0119tania do\u015bwiadczenia kulinarne w inspiruj\u0105cym otoczeniu, kt\u00f3re zaprezentujesz swoim go\u015bciom.","robots":{"index":"index","follow":"follow","max-snippet":"max-snippet:-1","max-image-preview":"max-image-preview:large","max-video-preview":"max-video-preview:-1"},"canonical":"https:\/\/www.electroluxprofessional.com\/pl\/gastronomia\/flexy-line\/","og_locale":"pl_PL","og_type":"article","og_title":"Rozwi\u0105zania do serwowania Flexy Line - Electrolux Professional Polska","og_description":"Przemie\u0144 swoje potrzeby w szyty na miar\u0119 projekt i spraw, \u017ce Twoi go\u015bcie poczuj\u0105 si\u0119 komfortowo. Czy to hotel, szko\u0142a, czy firma, wyobra\u017a sobie godne zapami\u0119tania do\u015bwiadczenia kulinarne w inspiruj\u0105cym otoczeniu, kt\u00f3re zaprezentujesz swoim go\u015bciom.","og_url":"https:\/\/www.electroluxprofessional.com\/pl\/gastronomia\/flexy-line\/","og_site_name":"Electrolux Professional Polska","article_modified_time":"2025-11-05T15:17:23+00:00","og_image":[{"width":2000,"height":702,"url":"https:\/\/www.electroluxprofessional.com\/pl\/wp-content\/uploads\/2025\/01\/EPR-Flexy-Style-Corporate-dining.jpg","type":"image\/jpeg"}],"twitter_card":"summary_large_image","twitter_misc":{"Szacowany czas czytania":"3 minuty"},"schema":{"@context":"https:\/\/schema.org","@graph":[{"@type":"WebPage","@id":"https:\/\/www.electroluxprofessional.com\/pl\/gastronomia\/flexy-line\/","url":"https:\/\/www.electroluxprofessional.com\/pl\/gastronomia\/flexy-line\/","name":"Rozwi\u0105zania do serwowania Flexy Line - Electrolux Professional Polska","isPartOf":{"@id":"https:\/\/www.electroluxprofessional.com\/pl\/#website"},"primaryImageOfPage":{"@id":"https:\/\/www.electroluxprofessional.com\/pl\/gastronomia\/flexy-line\/#primaryimage"},"image":{"@id":"https:\/\/www.electroluxprofessional.com\/pl\/gastronomia\/flexy-line\/#primaryimage"},"thumbnailUrl":"https:\/\/www.electroluxprofessional.com\/pl\/wp-content\/uploads\/2025\/01\/EPR-Flexy-Style-Corporate-dining.jpg","datePublished":"2024-12-30T12:59:42+00:00","dateModified":"2025-11-05T15:17:23+00:00","description":"Przemie\u0144 swoje potrzeby w szyty na miar\u0119 projekt i spraw, \u017ce Twoi go\u015bcie poczuj\u0105 si\u0119 komfortowo. Czy to hotel, szko\u0142a, czy firma, wyobra\u017a sobie godne zapami\u0119tania do\u015bwiadczenia kulinarne w inspiruj\u0105cym otoczeniu, kt\u00f3re zaprezentujesz swoim go\u015bciom.","breadcrumb":{"@id":"https:\/\/www.electroluxprofessional.com\/pl\/gastronomia\/flexy-line\/#breadcrumb"},"inLanguage":"pl-PL","potentialAction":[{"@type":"ReadAction","target":["https:\/\/www.electroluxprofessional.com\/pl\/gastronomia\/flexy-line\/"]}]},{"@type":"ImageObject","inLanguage":"pl-PL","@id":"https:\/\/www.electroluxprofessional.com\/pl\/gastronomia\/flexy-line\/#primaryimage","url":"https:\/\/www.electroluxprofessional.com\/pl\/wp-content\/uploads\/2025\/01\/EPR-Flexy-Style-Corporate-dining.jpg","contentUrl":"https:\/\/www.electroluxprofessional.com\/pl\/wp-content\/uploads\/2025\/01\/EPR-Flexy-Style-Corporate-dining.jpg","width":2000,"height":702},{"@type":"BreadcrumbList","@id":"https:\/\/www.electroluxprofessional.com\/pl\/gastronomia\/flexy-line\/#breadcrumb","itemListElement":[{"@type":"ListItem","position":1,"name":"Strona g\u0142\u00f3wna","item":"https:\/\/www.electroluxprofessional.com\/pl\/"},{"@type":"ListItem","position":2,"name":"Gastronomia","item":"https:\/\/www.electroluxprofessional.com\/pl\/gastronomia\/"},{"@type":"ListItem","position":3,"name":"Rozwi\u0105zania do serwowania Flexy Line"}]},{"@type":"WebSite","@id":"https:\/\/www.electroluxprofessional.com\/pl\/#website","url":"https:\/\/www.electroluxprofessional.com\/pl\/","name":"Electrolux Professional Polska","description":"","potentialAction":[{"@type":"SearchAction","target":{"@type":"EntryPoint","urlTemplate":"https:\/\/www.electroluxprofessional.com\/pl\/?src={search_term_string}"},"query-input":"required name=search_term_string"}],"inLanguage":"pl-PL"}]}},"_links":{"self":[{"href":"https:\/\/www.electroluxprofessional.com\/pl\/wp-json\/wp\/v2\/pages\/10547"}],"collection":[{"href":"https:\/\/www.electroluxprofessional.com\/pl\/wp-json\/wp\/v2\/pages"}],"about":[{"href":"https:\/\/www.electroluxprofessional.com\/pl\/wp-json\/wp\/v2\/types\/page"}],"author":[{"embeddable":true,"href":"https:\/\/www.electroluxprofessional.com\/pl\/wp-json\/wp\/v2\/users\/79"}],"replies":[{"embeddable":true,"href":"https:\/\/www.electroluxprofessional.com\/pl\/wp-json\/wp\/v2\/comments?post=10547"}],"version-history":[{"count":6,"href":"https:\/\/www.electroluxprofessional.com\/pl\/wp-json\/wp\/v2\/pages\/10547\/revisions"}],"predecessor-version":[{"id":11605,"href":"https:\/\/www.electroluxprofessional.com\/pl\/wp-json\/wp\/v2\/pages\/10547\/revisions\/11605"}],"up":[{"embeddable":true,"href":"https:\/\/www.electroluxprofessional.com\/pl\/wp-json\/wp\/v2\/pages\/1148"}],"wp:featuredmedia":[{"embeddable":true,"href":"https:\/\/www.electroluxprofessional.com\/pl\/wp-json\/wp\/v2\/media\/10543"}],"wp:attachment":[{"href":"https:\/\/www.electroluxprofessional.com\/pl\/wp-json\/wp\/v2\/media?parent=10547"}],"curies":[{"name":"wp","href":"https:\/\/api.w.org\/{rel}","templated":true}]}}