{"id":10537,"date":"2024-12-30T21:43:43","date_gmt":"2024-12-30T21:43:43","guid":{"rendered":"https:\/\/www.electroluxprofessional.com\/pl\/?page_id=10537"},"modified":"2025-11-05T15:12:45","modified_gmt":"2025-11-05T15:12:45","slug":"zmywarki-podblatowe-greenclean","status":"publish","type":"page","link":"https:\/\/www.electroluxprofessional.com\/pl\/gastronomia\/urzadzenia-do-zmywania\/zmywarki-podblatowe-greenclean\/","title":{"rendered":"Zmywarki podblatowe green&#038;clean"},"content":{"rendered":"<p>[vc_row full_width=&#8221;electroluxpro-full-width-no-padding&#8221;][vc_column][elx_image_block background_image=&#8221;10529&#8243; minimum_height=&#8221;400px&#8221;][vc_empty_space][\/vc_column][\/vc_row][vc_row][vc_column][elx_text_image tag_title=&#8221;h1&#8243; style_image=&#8221;image_square&#8221; bg_row=&#8221;bg-download-white&#8221; title=&#8221;Zmywarki podblatowe green&amp;clean:<br \/>\nniezawodne, \u0142atwe w obs\u0142udze i bezpieczne&#8221; lists=&#8221;%5B%7B%7D%5D&#8221; values=&#8221;%5B%7B%7D%5D&#8221; single_image=&#8221;10530&#8243;]Nowe zmywarki podblatowe green&amp;clean to nowoczesne rozwi\u0105zanie zaprojektowane do bar\u00f3w, pub\u00f3w, kawiarni, ma\u0142ych restauracji i restauracji szybkiej obs\u0142ugi, gdzie wysoko cenione s\u0105 dobry projekt i oszcz\u0119dno\u015b\u0107, jednak bez kompromis\u00f3w w zakresie wydajno\u015bci.[\/elx_text_image][elx_o2000_contact_us b=&#8221;food&#8221; button_mode=&#8221;true&#8221; button_style=&#8221;secondary-bordered&#8221; postion_button=&#8221;text-left&#8221; postion_button_mobile=&#8221;text-left-mobile&#8221; text_btn_contact=&#8221;Skontaktuj si\u0119 z nami&#8221;][vc_empty_space][\/vc_column][\/vc_row][vc_row custom_color_row=&#8221;bg-row-light-blue&#8221;][vc_column][elx_features_download title=&#8221;Idealne rozwi\u0105zanie w celu zapewnienia du\u017cej wydajno\u015bci i niskich koszt\u00f3w eksploatacji&#8221; tag_title=&#8221;h2&#8243; class_title=&#8221;h1&#8243; title_download=&#8221;Pobierz&#8221; title_discover=&#8221;Odkrywaj&#8221; bg_discover_color=&#8221;bg-download-white&#8221; link_discover_color=&#8221;download-text-blue&#8221; title_position=&#8221;top&#8221; bg_row=&#8221;bg-row-light-blue&#8221; values=&#8221;%5B%7B%22select_type%22%3A%22pride%22%2C%22label_pride_document%22%3A%22Broszura%20dla%20zmywarek%20do%20szk%C5%82a%20i%20zmywarek%20podblatowych%20green%26clean%22%2C%22document_type%22%3A%22brochures%22%2C%22br_document_number%22%3A%22BR-9JE00171%22%7D%5D&#8221; discover=&#8221;%5B%7B%22link_discover%22%3A%22url%3Ahttps%253A%252F%252Fwww.electroluxprofessional.com%252Fneoblue-touch-undercounter-dishwasher%252F%7Ctitle%3ANeoBlue%2520Touch%2520Undercounter%7Ctarget%3A_blank%22%7D%2C%7B%22link_discover%22%3A%22url%3Ahttps%253A%252F%252Fwww.electroluxprofessional.com%252Fneoblue-touch-glasswasher%252F%7Ctitle%3ANeoBlue%2520Glasswasher%7Ctarget%3A_blank%22%7D%2C%7B%22link_discover%22%3A%22url%3A%2523%7Ctitle%3AAccessories%7Ctarget%3A_blank%22%7D%5D&#8221; features=&#8221;%5B%7B%22icon_electroluxpro%22%3A%22elx-icon%20icon-circle-clean-blue%22%2C%22title_icon%22%3A%22Doskona%C5%82e%20wyniki%20zmywania%20i%20p%C5%82ukania%22%2C%22text_icon%22%3A%22Ca%C5%82kowite%20usuni%C4%99cie%20detergentu%20i%20maksymalna%20wydajno%C5%9B%C4%87%20dzi%C4%99ki%20podw%C3%B3jnym%2C%20g%C3%B3rnym%20i%20dolnym%20ramionom%20myj%C4%85cym%20i%20p%C5%82ucz%C4%85cym%22%7D%2C%7B%22icon_electroluxpro%22%3A%22elx-icon%20icon-circle-safe-blue%22%2C%22title_icon%22%3A%22Gwarantowana%20sanityzacja%22%2C%22text_icon%22%3A%22Najwy%C5%BCszy%20stopie%C5%84%20higieny%20oraz%20optymalne%20wyniki%20p%C5%82ukania%20dzi%C4%99ki%20funkcji%20Wash-Safe%20Control%20zapewniaj%C4%85cej%20sta%C5%82%C4%85%20temperatur%C4%99%20p%C5%82ukania%2084%C2%B0C.%22%7D%2C%7B%22icon_electroluxpro%22%3A%22elx-icon%20icon-circle-easy-blue%22%2C%22title_icon%22%3A%22%C5%81atwo%C5%9B%C4%87%20i%20ergonomia%22%2C%22text_icon%22%3A%22Bezpieczne%20i%20ergonomiczne%20drzwi%20z%20przeciwwag%C4%85%20gwarantuj%C4%85%20bezproblemowe%20otwieranie%20i%20zamykanie%20z%20%C5%82atwym%20do%20chwycenia%20uchwytem.%22%7D%5D&#8221;][\/elx_features_download][vc_empty_space][\/vc_column][\/vc_row][vc_row matched_labels=&#8221;&#8221; css=&#8221;.vc_custom_1744203372804{background-color: #c4d69a !important;}&#8221;][vc_column][elx_features_download title=&#8221;&#8221; title_position=&#8221;top&#8221; bg_row=&#8221;bg-row-sustainability-green&#8221; values=&#8221;%5B%7B%22select_type%22%3A%22link%22%7D%5D&#8221; discover=&#8221;%5B%7B%7D%5D&#8221; features=&#8221;%5B%7B%22icon_electroluxpro%22%3A%22elx-icon%20icon-circle-savings-green-blue%22%2C%22title_icon%22%3A%22Ni%C5%BCsze%20zu%C5%BCycie%22%2C%22text_icon%22%3A%22Ni%C5%BCsze%20zu%C5%BCycie%20wody%2C%20energii%2C%20detergentu%20i%20nab%C5%82yszczacza%20oznacza%20ni%C5%BCsze%20koszty%20eksploatacji%20i%20mniejszy%20wp%C5%82yw%20na%20%C5%9Brodowisko.%22%7D%5D&#8221;][\/elx_features_download][\/vc_column][\/vc_row][vc_row][vc_column][vc_empty_space][elx_text_image style_image=&#8221;image_vertical&#8221; bg_row=&#8221;bg-download-white&#8221; title=&#8221;Ograniczaj koszty eksploatacji przy niskim wp\u0142ywie na \u015brodowisko&#8221; lists=&#8221;%5B%7B%22icon_electroluxpro%22%3A%22elx-icon%20icon-circle-checkmark-blue%22%2C%22title_list%22%3A%22Nadzwyczajne%20oszcz%C4%99dno%C5%9Bci%3A%20730%20EUR*%20na%20rok%22%2C%22text_list%22%3A%22730%20EUR*%20rocznie%20zostanie%20w%20twojej%20kieszeni%20dzi%C4%99ki%20oszcz%C4%99dno%C5%9Bciom%20wody%2C%20energii%2C%20detergentu%20i%20nab%C5%82yszczacza%2C%20przy%20tej%20samej%2C%20optymalnej%20wydajno%C5%9Bci.%22%7D%2C%7B%22icon_electroluxpro%22%3A%22elx-icon%20icon-circle-checkmark-blue%22%2C%22title_list%22%3A%22Niskie%20zu%C5%BCycie%20wody%22%2C%22text_list%22%3A%222%2C5%20l%20%C5%9Bwie%C5%BCej%20wody%20na%20cykl%20jest%20potrzebne%20do%20p%C5%82ukania%2C%20niezale%C5%BCnie%20od%20sposobu%20doprowadzenia%20wody.%22%7D%2C%7B%22icon_electroluxpro%22%3A%22elx-icon%20icon-circle-checkmark-blue%22%2C%22title_list%22%3A%22Niskie%20zu%C5%BCycie%20energii%22%2C%22text_list%22%3A%22%20Zu%C5%BCycie%20spada%20o%2025%25%2C%20gdy%C5%BC%20mniej%20wody%20jest%20zu%C5%BCywane%20do%20p%C5%82ukania.%22%7D%2C%7B%22icon_electroluxpro%22%3A%22elx-icon%20icon-circle-checkmark-blue%22%2C%22title_list%22%3A%22Ni%C5%BCsze%20zu%C5%BCycie%20detergentu%20i%20nab%C5%82yszczacza%22%2C%22text_list%22%3A%22To%20po%20prostu%20odpowiednia%20ilo%C5%9B%C4%87%20%C5%9Brodk%C3%B3w%20chemicznych%20dla%20ka%C5%BCdego%20cyklu.%22%7D%5D&#8221; values=&#8221;%5B%7B%7D%5D&#8221; note=&#8221;* Oszcz\u0119dno\u015bci koszt\u00f3w wyliczono w Laboratorium Electrolux Professional posiadaj\u0105cym akredytacj\u0119 Intertek. Por\u00f3wnanie zmywarki podblatowej green&amp;clean oraz odpowiadaj\u0105cej jej konwencjonalnej zmywarki zu\u017cywaj\u0105cej 3,5 l na cykl na p\u0142ukanie, przy 70 cyklach na dzie\u0144, 300 dniach roboczych w ci\u0105gu roku i temperaturze doprowadzanej wody wynosz\u0105cej 15\u00b0C.&#8221; single_image=&#8221;10531&#8243;]Odkryj, w jaki spos\u00f3b zmywarki podblatowe green&amp;clean zapewniaj\u0105 doskona\u0142\u0105 r\u00f3wnowag\u0119 pomi\u0119dzy optymaln\u0105 wydajno\u015bci\u0105 i niskimi kosztami eksploatacji.[\/elx_text_image][vc_empty_space][\/vc_column][\/vc_row][vc_row][vc_column][elx_multiple_columns number_columns=&#8221;4&#8243; bg_row=&#8221;bg-download-white&#8221; title=&#8221;Spraw, by Twoja praca by\u0142a l\u017cejsza i \u0142atwiejsza dzi\u0119ki zmywarkom podblatowym green&amp;clean&#8221; values=&#8221;%5B%7B%22image_section%22%3A%2210532%22%2C%22title_section%22%3A%22Doskona%C5%82e%20wyniki%20p%C5%82ukania%22%2C%22text_section%22%3A%22Pochylone%20ramiona%20myj%C4%85ce*%20oraz%204-sekundowa%20przerwa%20po%20myciu%2C%20a%20przed%20p%C5%82ukaniem%20gwarantuje%2C%20%C5%BCe%20woda%20myj%C4%85ca%20nie%20skapuje%20na%20czyste%20naczynia%20po%20cyklu%20p%C5%82ukania.%22%2C%22note_section%22%3A%22*%20W%20wybranych%20modelach.%22%2C%22button_style%22%3A%22secondary%22%7D%2C%7B%22image_section%22%3A%2210533%22%2C%22title_section%22%3A%22Doskona%C5%82e%20warunki%20higieniczne%22%2C%22text_section%22%3A%22Bakterie%20idealnie%20rozwijaj%C4%85%20si%C4%99%20w%20%C5%9Brodowisku%20o%20temperaturze%20pomi%C4%99dzy%2020%20a%2060%C2%B0C*%20(maks.%2075%C2%B0C).%20Funkcja%20Wash-Safe%20Control%20eliminuje%20bakterie%20dzi%C4%99ki%20sta%C5%82ej%20temperaturze%20p%C5%82ukania%20wynosz%C4%85cej%2084%C2%B0C.%22%2C%22button_style%22%3A%22secondary%22%7D%2C%7B%22image_section%22%3A%2210534%22%2C%22title_section%22%3A%22Doskona%C5%82a%20ergonomia%22%2C%22text_section%22%3A%22Zapomnij%20o%20ci%C4%99%C5%BCkiej%20pracy%20i%20zm%C4%99czeniu.%20Lekkie%20drzwi%20z%20przeciwwag%C4%85%2C%20na%20spr%C4%99%C5%BCynach%20zapewniaj%C4%85%20bezproblemowe%20zamykanie%20i%20otwieranie%3B%20z%20kolei%20dwuwarstwowa%2C%20izolowana%20konstrukcja%20drzwi%20i%20komory*%20to%20gwarancja%20cichego%20%C5%9Brodowiska%20pracy%20i%20ni%C5%BCszego%20rozpraszania%20ciep%C5%82a.%22%2C%22note_section%22%3A%22*%20W%20wybranych%20modelach.%22%2C%22button_style%22%3A%22secondary%22%7D%5D&#8221;][\/elx_multiple_columns][vc_empty_space][\/vc_column][\/vc_row][vc_row][vc_column]<div class=\"elx-accordion \">    <div class=\"elx-accordion-heading\">        <a class=\"elx-accordion-link elx-accordion-open\">            <h4 class=\" elx-accordion-title\">                Akcesoria i detergenty                <img decoding=\"async\" src=\"https:\/\/www.electroluxprofessional.com\/pl\/wp-content\/themes\/electroluxpro\/assets\/epr-icon-minus-blue.svg\" class=\"elx-minus\" \/>                <img decoding=\"async\" src=\"https:\/\/www.electroluxprofessional.com\/pl\/wp-content\/themes\/electroluxpro\/assets\/epr-icon-plus-blue.svg\" class=\"elx-plus elx-hidden\" \/>            <\/h4>        <\/a>    <\/div>    <div class=\"elx-accordion-body elx-accordion-open\"><p>[vc_row_inner][vc_column_inner width=&#8221;1\/2&#8243;][elx_heading font_size=&#8221;h5&#8243; text_color=&#8221;inherit&#8221;]Kosze uniwersalnego zastosowania[\/elx_heading][vc_column_text]Wybierz spo\u015br\u00f3d r\u00f3\u017cnych typ\u00f3w koszy: do p\u0142askich talerzy lub misek; z drucian\u0105 wk\u0142adk\u0105 do talerzy na pizz\u0119, kubk\u00f3w lub fili\u017canek do kawy; z pojemnikami na sztu\u0107ce; z otwartymi bokami, odpowiednie do tac i du\u017co wi\u0119cej.[\/vc_column_text][vc_empty_space][elx_shop_now button_text=&#8221;ZNAJD\u0179 PARTNERA&#8221; button_display_block=&#8221;display_block_on&#8221; button_alignment=&#8221;align_center&#8221; button_link=&#8221;url:https%3A%2Fhttps%3A%2F%2Fwww.electroluxprofessional.com%2Fsales-and-service-locator%2F|title:Strefa%20partnera&#8221;][vc_empty_space][\/vc_column_inner][vc_column_inner width=&#8221;1\/2&#8243;][vc_single_image image=&#8221;1702&#8243; img_size=&#8221;530*285&#8243; css_animation=&#8221;none&#8221;][\/vc_column_inner][\/vc_row_inner][vc_row_inner][vc_column_inner width=&#8221;1\/2&#8243;][vc_single_image image=&#8221;10296&#8243; img_size=&#8221;530*285&#8243; alignment=&#8221;center&#8221; css_animation=&#8221;none&#8221;][\/vc_column_inner][vc_column_inner width=&#8221;1\/2&#8243;][elx_heading font_size=&#8221;h5&#8243; text_color=&#8221;inherit&#8221;]Detergenty w p\u0142ynie[\/elx_heading][vc_column_text]Zapewnij po\u0142ysk szklanych naczy\u0144 \u2013 nasze detergenty to gwarancja usuni\u0119cia kropli i plam, idealnej sucho\u015bci i czysto\u015bci. Zapobieganie powstawaniu kamienia dzi\u0119ki specjalnej formule.[\/vc_column_text][vc_empty_space][elx_shop_now button_text=&#8221;ZNAJD\u0179 PARTNERA&#8221; button_display_block=&#8221;display_block_on&#8221; button_alignment=&#8221;align_center&#8221; button_link=&#8221;url:https%3A%2F%2Fwww.electroluxprofessional.com%2Fsales-and-service-locator%2F&#8221;][vc_empty_space][\/vc_column_inner][\/vc_row_inner]<\/p>\n    <\/div><\/div>[\/vc_column][\/vc_row][vc_row][vc_column][vc_empty_space][elx_multiple_columns number_columns=&#8221;4&#8243; bg_row=&#8221;bg-download-white&#8221; title=&#8221;Znajd\u017a swoje kompletne rozwi\u0105zanie&#8221; values=&#8221;%5B%7B%22image_section%22%3A%2210485%22%2C%22title_section%22%3A%22Bary%20i%20kawiarnie%22%2C%22text_section%22%3A%22Dla%20firm%20serwuj%C4%85cych%20%C5%BCywno%C5%9B%C4%87%20ca%C5%82y%20dzie%C5%84.%22%2C%22link_section%22%3A%22url%3Ahttps%253A%252F%252Fwww.electroluxprofessional.com%252Fpl%252Ftwoj-biznes%252Fbary-i-kawiarnie%252F%7Ctitle%3AZnajd%25C5%25BA%2520swoje%2520kompletne%2520rozwi%25C4%2585zanie%7Ctarget%3A_blank%22%2C%22button_style%22%3A%22secondary-bordered%22%7D%2C%7B%22image_section%22%3A%2210535%22%2C%22title_section%22%3A%22Winiarnie%22%2C%22text_section%22%3A%22B%C5%82yszcz%C4%85ce%20szklanki%20i%20kieliszki%20to%20najlepsza%20wizyt%C3%B3wka%20restauracji%20i%20winiarni.%22%2C%22link_section%22%3A%22title%3AZr%25C3%25B3b%2520najlepsze%2520wra%25C5%25BCenie%7Ctarget%3A_blank%22%2C%22button_style%22%3A%22secondary-bordered%22%7D%2C%7B%22image_section%22%3A%2210536%22%2C%22title_section%22%3A%22Ciastka%2C%20wypieki%20i%20pizza%22%2C%22text_section%22%3A%22Znajd%C5%BA%20rozwi%C4%85zania%20cechuj%C4%85ce%20si%C4%99%20niezwyk%C5%82%C4%85%20wszechstronno%C5%9Bci%C4%85%20w%20celu%20spe%C5%82nienia%20wszystkich%20Twoich%20potrzeb.%22%2C%22link_section%22%3A%22url%3A%2523%7Ctitle%3AOdkryj%2520nasz%25C4%2585%2520ofert%25C4%2599%7Ctarget%3A_blank%22%2C%22button_style%22%3A%22secondary-bordered%22%7D%5D&#8221;][\/elx_multiple_columns][\/vc_column][\/vc_row]<\/p>\n","protected":false},"excerpt":{"rendered":"<p>[vc_row full_width=&#8221;electroluxpro-full-width-no-padding&#8221;][vc_column][elx_image_block background_image=&#8221;10529&#8243; minimum_height=&#8221;400px&#8221;][vc_empty_space][\/vc_column][\/vc_row][vc_row][vc_column][elx_text_image tag_title=&#8221;h1&#8243; style_image=&#8221;image_square&#8221; bg_row=&#8221;bg-download-white&#8221; title=&#8221;Zmywarki podblatowe green&amp;clean: niezawodne, \u0142atwe w obs\u0142udze i bezpieczne&#8221; lists=&#8221;%5B%7B%7D%5D&#8221; values=&#8221;%5B%7B%7D%5D&#8221; single_image=&#8221;10530&#8243;]Nowe zmywarki podblatowe green&amp;clean to nowoczesne rozwi\u0105zanie zaprojektowane do bar\u00f3w, pub\u00f3w, kawiarni, ma\u0142ych restauracji i restauracji szybkiej obs\u0142ugi, gdzie wysoko cenione s\u0105 dobry projekt i oszcz\u0119dno\u015b\u0107, jednak bez kompromis\u00f3w w zakresie wydajno\u015bci.[\/elx_text_image][elx_o2000_contact_us b=&#8221;food&#8221; button_mode=&#8221;true&#8221; button_style=&#8221;secondary-bordered&#8221; postion_button=&#8221;text-left&#8221; postion_button_mobile=&#8221;text-left-mobile&#8221; [&hellip;]<\/p>\n","protected":false},"author":79,"featured_media":10528,"parent":1428,"menu_order":0,"comment_status":"closed","ping_status":"closed","template":"","meta":{"footnotes":""},"class_list":["post-10537","page","type-page","status-publish","has-post-thumbnail","hentry"],"acf":[],"yoast_head":"<!-- This site is optimized with the Yoast SEO plugin v23.3 - https:\/\/yoast.com\/wordpress\/plugins\/seo\/ -->\n<title>Zmywarki podblatowe green&amp;clean - Electrolux Professional Polska<\/title>\n<meta name=\"description\" content=\"Nowe zmywarki podblatowe green&amp;clean to nowoczesne rozwi\u0105zanie zaprojektowane do bar\u00f3w, pub\u00f3w, kawiarni, ma\u0142ych restauracji i restauracji szybkiej obs\u0142ugi, gdzie wysoko cenione s\u0105 dobry projekt i oszcz\u0119dno\u015b\u0107, jednak bez kompromis\u00f3w w zakresie wydajno\u015bci.\" \/>\n<meta name=\"robots\" content=\"index, follow, max-snippet:-1, max-image-preview:large, max-video-preview:-1\" \/>\n<link rel=\"canonical\" href=\"https:\/\/www.electroluxprofessional.com\/pl\/gastronomia\/urzadzenia-do-zmywania\/zmywarki-podblatowe-greenclean\/\" \/>\n<meta property=\"og:locale\" content=\"pl_PL\" \/>\n<meta property=\"og:type\" content=\"article\" \/>\n<meta property=\"og:title\" content=\"Zmywarki podblatowe green&amp;clean - Electrolux Professional Polska\" \/>\n<meta property=\"og:description\" content=\"Nowe zmywarki podblatowe green&amp;clean to nowoczesne rozwi\u0105zanie zaprojektowane do bar\u00f3w, pub\u00f3w, kawiarni, ma\u0142ych restauracji i restauracji szybkiej obs\u0142ugi, gdzie wysoko cenione s\u0105 dobry projekt i oszcz\u0119dno\u015b\u0107, jednak bez kompromis\u00f3w w zakresie wydajno\u015bci.\" \/>\n<meta property=\"og:url\" content=\"https:\/\/www.electroluxprofessional.com\/pl\/gastronomia\/urzadzenia-do-zmywania\/zmywarki-podblatowe-greenclean\/\" \/>\n<meta property=\"og:site_name\" content=\"Electrolux Professional Polska\" \/>\n<meta property=\"article:modified_time\" content=\"2025-11-05T15:12:45+00:00\" \/>\n<meta property=\"og:image\" content=\"https:\/\/www.electroluxprofessional.com\/pl\/wp-content\/uploads\/2024\/12\/hero-mobile-dishes.jpg\" \/>\n\t<meta property=\"og:image:width\" content=\"1125\" \/>\n\t<meta property=\"og:image:height\" content=\"1583\" \/>\n\t<meta property=\"og:image:type\" content=\"image\/jpeg\" \/>\n<meta name=\"twitter:card\" content=\"summary_large_image\" \/>\n<meta name=\"twitter:label1\" content=\"Szacowany czas czytania\" \/>\n\t<meta name=\"twitter:data1\" content=\"2 minuty\" \/>\n<script type=\"application\/ld+json\" class=\"yoast-schema-graph\">{\"@context\":\"https:\/\/schema.org\",\"@graph\":[{\"@type\":\"WebPage\",\"@id\":\"https:\/\/www.electroluxprofessional.com\/pl\/gastronomia\/urzadzenia-do-zmywania\/zmywarki-podblatowe-greenclean\/\",\"url\":\"https:\/\/www.electroluxprofessional.com\/pl\/gastronomia\/urzadzenia-do-zmywania\/zmywarki-podblatowe-greenclean\/\",\"name\":\"Zmywarki podblatowe green&clean - Electrolux Professional Polska\",\"isPartOf\":{\"@id\":\"https:\/\/www.electroluxprofessional.com\/pl\/#website\"},\"primaryImageOfPage\":{\"@id\":\"https:\/\/www.electroluxprofessional.com\/pl\/gastronomia\/urzadzenia-do-zmywania\/zmywarki-podblatowe-greenclean\/#primaryimage\"},\"image\":{\"@id\":\"https:\/\/www.electroluxprofessional.com\/pl\/gastronomia\/urzadzenia-do-zmywania\/zmywarki-podblatowe-greenclean\/#primaryimage\"},\"thumbnailUrl\":\"https:\/\/www.electroluxprofessional.com\/pl\/wp-content\/uploads\/2024\/12\/hero-mobile-dishes.jpg\",\"datePublished\":\"2024-12-30T21:43:43+00:00\",\"dateModified\":\"2025-11-05T15:12:45+00:00\",\"description\":\"Nowe zmywarki podblatowe green&clean to nowoczesne rozwi\u0105zanie zaprojektowane do bar\u00f3w, pub\u00f3w, kawiarni, ma\u0142ych restauracji i restauracji szybkiej obs\u0142ugi, gdzie wysoko cenione s\u0105 dobry projekt i oszcz\u0119dno\u015b\u0107, jednak bez kompromis\u00f3w w zakresie wydajno\u015bci.\",\"breadcrumb\":{\"@id\":\"https:\/\/www.electroluxprofessional.com\/pl\/gastronomia\/urzadzenia-do-zmywania\/zmywarki-podblatowe-greenclean\/#breadcrumb\"},\"inLanguage\":\"pl-PL\",\"potentialAction\":[{\"@type\":\"ReadAction\",\"target\":[\"https:\/\/www.electroluxprofessional.com\/pl\/gastronomia\/urzadzenia-do-zmywania\/zmywarki-podblatowe-greenclean\/\"]}]},{\"@type\":\"ImageObject\",\"inLanguage\":\"pl-PL\",\"@id\":\"https:\/\/www.electroluxprofessional.com\/pl\/gastronomia\/urzadzenia-do-zmywania\/zmywarki-podblatowe-greenclean\/#primaryimage\",\"url\":\"https:\/\/www.electroluxprofessional.com\/pl\/wp-content\/uploads\/2024\/12\/hero-mobile-dishes.jpg\",\"contentUrl\":\"https:\/\/www.electroluxprofessional.com\/pl\/wp-content\/uploads\/2024\/12\/hero-mobile-dishes.jpg\",\"width\":1125,\"height\":1583},{\"@type\":\"BreadcrumbList\",\"@id\":\"https:\/\/www.electroluxprofessional.com\/pl\/gastronomia\/urzadzenia-do-zmywania\/zmywarki-podblatowe-greenclean\/#breadcrumb\",\"itemListElement\":[{\"@type\":\"ListItem\",\"position\":1,\"name\":\"Strona g\u0142\u00f3wna\",\"item\":\"https:\/\/www.electroluxprofessional.com\/pl\/\"},{\"@type\":\"ListItem\",\"position\":2,\"name\":\"Gastronomia\",\"item\":\"https:\/\/www.electroluxprofessional.com\/pl\/gastronomia\/\"},{\"@type\":\"ListItem\",\"position\":3,\"name\":\"Urz\u0105dzenia do zmywania\",\"item\":\"https:\/\/www.electroluxprofessional.com\/pl\/gastronomia\/urzadzenia-do-zmywania\/\"},{\"@type\":\"ListItem\",\"position\":4,\"name\":\"Zmywarki podblatowe green&#038;clean\"}]},{\"@type\":\"WebSite\",\"@id\":\"https:\/\/www.electroluxprofessional.com\/pl\/#website\",\"url\":\"https:\/\/www.electroluxprofessional.com\/pl\/\",\"name\":\"Electrolux Professional Polska\",\"description\":\"\",\"potentialAction\":[{\"@type\":\"SearchAction\",\"target\":{\"@type\":\"EntryPoint\",\"urlTemplate\":\"https:\/\/www.electroluxprofessional.com\/pl\/?src={search_term_string}\"},\"query-input\":\"required name=search_term_string\"}],\"inLanguage\":\"pl-PL\"}]}<\/script>\n<!-- \/ Yoast SEO plugin. -->","yoast_head_json":{"title":"Zmywarki podblatowe green&clean - Electrolux Professional Polska","description":"Nowe zmywarki podblatowe green&clean to nowoczesne rozwi\u0105zanie zaprojektowane do bar\u00f3w, pub\u00f3w, kawiarni, ma\u0142ych restauracji i restauracji szybkiej obs\u0142ugi, gdzie wysoko cenione s\u0105 dobry projekt i oszcz\u0119dno\u015b\u0107, jednak bez kompromis\u00f3w w zakresie wydajno\u015bci.","robots":{"index":"index","follow":"follow","max-snippet":"max-snippet:-1","max-image-preview":"max-image-preview:large","max-video-preview":"max-video-preview:-1"},"canonical":"https:\/\/www.electroluxprofessional.com\/pl\/gastronomia\/urzadzenia-do-zmywania\/zmywarki-podblatowe-greenclean\/","og_locale":"pl_PL","og_type":"article","og_title":"Zmywarki podblatowe green&clean - Electrolux Professional Polska","og_description":"Nowe zmywarki podblatowe green&clean to nowoczesne rozwi\u0105zanie zaprojektowane do bar\u00f3w, pub\u00f3w, kawiarni, ma\u0142ych restauracji i restauracji szybkiej obs\u0142ugi, gdzie wysoko cenione s\u0105 dobry projekt i oszcz\u0119dno\u015b\u0107, jednak bez kompromis\u00f3w w zakresie wydajno\u015bci.","og_url":"https:\/\/www.electroluxprofessional.com\/pl\/gastronomia\/urzadzenia-do-zmywania\/zmywarki-podblatowe-greenclean\/","og_site_name":"Electrolux Professional Polska","article_modified_time":"2025-11-05T15:12:45+00:00","og_image":[{"width":1125,"height":1583,"url":"https:\/\/www.electroluxprofessional.com\/pl\/wp-content\/uploads\/2024\/12\/hero-mobile-dishes.jpg","type":"image\/jpeg"}],"twitter_card":"summary_large_image","twitter_misc":{"Szacowany czas czytania":"2 minuty"},"schema":{"@context":"https:\/\/schema.org","@graph":[{"@type":"WebPage","@id":"https:\/\/www.electroluxprofessional.com\/pl\/gastronomia\/urzadzenia-do-zmywania\/zmywarki-podblatowe-greenclean\/","url":"https:\/\/www.electroluxprofessional.com\/pl\/gastronomia\/urzadzenia-do-zmywania\/zmywarki-podblatowe-greenclean\/","name":"Zmywarki podblatowe green&clean - Electrolux Professional Polska","isPartOf":{"@id":"https:\/\/www.electroluxprofessional.com\/pl\/#website"},"primaryImageOfPage":{"@id":"https:\/\/www.electroluxprofessional.com\/pl\/gastronomia\/urzadzenia-do-zmywania\/zmywarki-podblatowe-greenclean\/#primaryimage"},"image":{"@id":"https:\/\/www.electroluxprofessional.com\/pl\/gastronomia\/urzadzenia-do-zmywania\/zmywarki-podblatowe-greenclean\/#primaryimage"},"thumbnailUrl":"https:\/\/www.electroluxprofessional.com\/pl\/wp-content\/uploads\/2024\/12\/hero-mobile-dishes.jpg","datePublished":"2024-12-30T21:43:43+00:00","dateModified":"2025-11-05T15:12:45+00:00","description":"Nowe zmywarki podblatowe green&clean to nowoczesne rozwi\u0105zanie zaprojektowane do bar\u00f3w, pub\u00f3w, kawiarni, ma\u0142ych restauracji i restauracji szybkiej obs\u0142ugi, gdzie wysoko cenione s\u0105 dobry projekt i oszcz\u0119dno\u015b\u0107, jednak bez kompromis\u00f3w w zakresie wydajno\u015bci.","breadcrumb":{"@id":"https:\/\/www.electroluxprofessional.com\/pl\/gastronomia\/urzadzenia-do-zmywania\/zmywarki-podblatowe-greenclean\/#breadcrumb"},"inLanguage":"pl-PL","potentialAction":[{"@type":"ReadAction","target":["https:\/\/www.electroluxprofessional.com\/pl\/gastronomia\/urzadzenia-do-zmywania\/zmywarki-podblatowe-greenclean\/"]}]},{"@type":"ImageObject","inLanguage":"pl-PL","@id":"https:\/\/www.electroluxprofessional.com\/pl\/gastronomia\/urzadzenia-do-zmywania\/zmywarki-podblatowe-greenclean\/#primaryimage","url":"https:\/\/www.electroluxprofessional.com\/pl\/wp-content\/uploads\/2024\/12\/hero-mobile-dishes.jpg","contentUrl":"https:\/\/www.electroluxprofessional.com\/pl\/wp-content\/uploads\/2024\/12\/hero-mobile-dishes.jpg","width":1125,"height":1583},{"@type":"BreadcrumbList","@id":"https:\/\/www.electroluxprofessional.com\/pl\/gastronomia\/urzadzenia-do-zmywania\/zmywarki-podblatowe-greenclean\/#breadcrumb","itemListElement":[{"@type":"ListItem","position":1,"name":"Strona g\u0142\u00f3wna","item":"https:\/\/www.electroluxprofessional.com\/pl\/"},{"@type":"ListItem","position":2,"name":"Gastronomia","item":"https:\/\/www.electroluxprofessional.com\/pl\/gastronomia\/"},{"@type":"ListItem","position":3,"name":"Urz\u0105dzenia do zmywania","item":"https:\/\/www.electroluxprofessional.com\/pl\/gastronomia\/urzadzenia-do-zmywania\/"},{"@type":"ListItem","position":4,"name":"Zmywarki podblatowe green&#038;clean"}]},{"@type":"WebSite","@id":"https:\/\/www.electroluxprofessional.com\/pl\/#website","url":"https:\/\/www.electroluxprofessional.com\/pl\/","name":"Electrolux Professional Polska","description":"","potentialAction":[{"@type":"SearchAction","target":{"@type":"EntryPoint","urlTemplate":"https:\/\/www.electroluxprofessional.com\/pl\/?src={search_term_string}"},"query-input":"required name=search_term_string"}],"inLanguage":"pl-PL"}]}},"_links":{"self":[{"href":"https:\/\/www.electroluxprofessional.com\/pl\/wp-json\/wp\/v2\/pages\/10537"}],"collection":[{"href":"https:\/\/www.electroluxprofessional.com\/pl\/wp-json\/wp\/v2\/pages"}],"about":[{"href":"https:\/\/www.electroluxprofessional.com\/pl\/wp-json\/wp\/v2\/types\/page"}],"author":[{"embeddable":true,"href":"https:\/\/www.electroluxprofessional.com\/pl\/wp-json\/wp\/v2\/users\/79"}],"replies":[{"embeddable":true,"href":"https:\/\/www.electroluxprofessional.com\/pl\/wp-json\/wp\/v2\/comments?post=10537"}],"version-history":[{"count":6,"href":"https:\/\/www.electroluxprofessional.com\/pl\/wp-json\/wp\/v2\/pages\/10537\/revisions"}],"predecessor-version":[{"id":11589,"href":"https:\/\/www.electroluxprofessional.com\/pl\/wp-json\/wp\/v2\/pages\/10537\/revisions\/11589"}],"up":[{"embeddable":true,"href":"https:\/\/www.electroluxprofessional.com\/pl\/wp-json\/wp\/v2\/pages\/1428"}],"wp:featuredmedia":[{"embeddable":true,"href":"https:\/\/www.electroluxprofessional.com\/pl\/wp-json\/wp\/v2\/media\/10528"}],"wp:attachment":[{"href":"https:\/\/www.electroluxprofessional.com\/pl\/wp-json\/wp\/v2\/media?parent=10537"}],"curies":[{"name":"wp","href":"https:\/\/api.w.org\/{rel}","templated":true}]}}