{"id":10300,"date":"2024-09-18T09:17:22","date_gmt":"2024-09-18T09:17:22","guid":{"rendered":"https:\/\/www.electroluxprofessional.com\/pl\/?page_id=10300"},"modified":"2026-02-19T12:54:53","modified_gmt":"2026-02-19T12:54:53","slug":"zmywarka-do-szkla-neoblue","status":"publish","type":"page","link":"https:\/\/www.electroluxprofessional.com\/pl\/zmywarka-do-szkla-neoblue\/","title":{"rendered":"Zmywarka do szk\u0142a NeoBlue"},"content":{"rendered":"<p>[vc_row full_width=&#8221;electroluxpro-full-width-no-padding&#8221; el_id=&#8221;banner&#8221;][vc_column][elx_image_block is_full_height=&#8221;full-height&#8221; background_image=&#8221;10294&#8243; minimum_height=&#8221;350px&#8221;][\/vc_column][\/vc_row][vc_row][vc_column][vc_empty_space][elx_text_image tag_title=&#8221;h1&#8243; number_images=&#8221;2&#8243; style_image=&#8221;image_square&#8221; bg_row=&#8221;bg-download-white&#8221; title=&#8221;Zmywarka do szk\u0142a NeoBlue:<br \/>\nuzyskaj najlepsze wyniki w minimalnej przestrzeni&#8221; lists=&#8221;%5B%7B%7D%5D&#8221; values=&#8221;%5B%5D&#8221; double_image_1=&#8221;10293&#8243;]Przedstawiamy <b>komercyjn\u0105 zmywark\u0119 do szk\u0142a NeoBlue<\/b>\u00a0Electrolux Professional, zaprojektowan\u0105 specjalnie dla mniejszych firm. Ten <b>jednowarstwowy model<\/b> zapewni sukces Twojej firmy, nawet w ograniczonej przestrzeni, przy wysoko\u015bci za\u0142adunku 290 mm pozwalaj\u0105cej na \u0142atwe pomieszczenie wysokich szklanek i kieliszk\u00f3w.<\/p>\n<p>Zmywarka do szk\u0142a NeoBlue sprawi, \u017ce dzia\u0142alno\u015b\u0107 b\u0119dzie prostsza ni\u017c kiedykolwiek. Wymagany jest <b>minimalny zakres szkolenia<\/b> dzi\u0119ki <b>ergonomicznej konstrukcji przyjaznej dla u\u017cytkownika<\/b>. Mo\u017cliwo\u015b\u0107 wyboru spo\u015br\u00f3d <b>czterech program\u00f3w<\/b> dopasowanych do Twoich potrzeb, co zapewnia wi\u0119ksz\u0105 elastyczno\u015b\u0107. \u0141atwe monitorowanie stanu urz\u0105dzenia dzi\u0119ki<b> g\u0142\u00f3wnemu przyciskowi z kodami koloru<\/b>, podczas gdy dodatkowe przyciski na wy\u015bwietlaczu zapewniaj\u0105 wszechstronn\u0105 kontrol\u0119.<\/p>\n<p>ol.[\/elx_text_image][elx_o2000_contact_us s=&#8221;Pro\u015bba o kontakt przez nasz\u0105 stron\u0119 internetow\u0105&#8221; b=&#8221;food&#8221; button_mode=&#8221;true&#8221; button_style=&#8221;secondary-bordered&#8221; postion_button=&#8221;text-left&#8221; postion_button_mobile=&#8221;text-left-mobile&#8221; text_btn_contact=&#8221;Skontaktuj si\u0119 z nami&#8221;][vc_empty_space][\/vc_column][\/vc_row][vc_row css=&#8221;.vc_custom_1721651804739{background-color: #e9eff5 !important;}&#8221;][vc_column][elx_features_download title=&#8221;Elastyczno\u015b\u0107 i wysoka wydajno\u015b\u0107&#8221; title_download=&#8221;Pobierz&#8221; title_discover=&#8221;Odkryj&#8221; bg_discover_color=&#8221;bg-download-white&#8221; link_discover_color=&#8221;download-text-blue&#8221; title_position=&#8221;top&#8221; bg_row=&#8221;bg-row-light-blue&#8221; values=&#8221;%5B%7B%22select_type%22%3A%22pride%22%2C%22link_download%22%3A%22title%3ANeoBlue%2520Touch%2520Undercounter%2520Dishwasher%2520and%2520Glasswasher%2520brochure%7Ctarget%3A_blank%22%2C%22label_pride_document%22%3A%22Broszura%20dla%20zmywarki%20podblatowej%20NeoBlue%20Touch%20i%20zmywarki%20do%20szk%C5%82a%20NeoBlue%22%2C%22document_type%22%3A%22brochures%22%2C%22br_document_number%22%3A%22BR-9JE00236%22%7D%5D&#8221; discover=&#8221;%5B%7B%22link_discover%22%3A%22url%3A%2523accessories%7Ctitle%3AAkcesoria%2520i%2520detergenty%22%7D%5D&#8221; features=&#8221;%5B%7B%22icon_electroluxpro%22%3A%22elx-icon%20icon-circle-star-perfomance-blue%22%2C%22title_icon%22%3A%22Doskona%C5%82e%20wyniki%20zmywania%20i%20p%C5%82ukania%22%2C%22tag_icon_title%22%3A%22h4%22%2C%22text_icon%22%3A%22Gwarancja%20idealnej%20czysto%C5%9Bci%20dzi%C4%99ki%20projektowi%20mocnych%20g%C3%B3rnych%20ramion%20p%C5%82ucz%C4%85cych%20oraz%20dolnych%20zintegrowanych%20ramion%20myj%C4%85cych%20i%20p%C5%82ucz%C4%85cych.%22%7D%2C%7B%22icon_electroluxpro%22%3A%22elx-icon%20icon-circle-easy-blue%22%2C%22title_icon%22%3A%22Cichy%20cykl%22%2C%22tag_icon_title%22%3A%22h4%22%2C%22text_icon%22%3A%22Ciesz%20si%C4%99%20cichym%20%C5%9Brodowiskiem%20za%20lad%C4%85%20lub%20w%20kuchni%20dzi%C4%99ki%20dwuwarstwowym%20drzwiom%20oraz%20%C5%82atw%C4%85%20obs%C5%82ug%C4%85%20dzi%C4%99ki%20mechanizmowi%20delikatnego%20otwierania%20drzwi.%22%7D%2C%7B%22icon_electroluxpro%22%3A%22elx-icon%20icon-circle-clean-blue%22%2C%22title_icon%22%3A%22Niezawodno%C5%9B%C4%87%20i%20trwa%C5%82o%C5%9B%C4%87%22%2C%22tag_icon_title%22%3A%22h4%22%2C%22text_icon%22%3A%22Zapewnij%20trwa%C5%82e%20rozwi%C4%85zanie%20dla%20Twojej%20firmy%20ze%20zmywark%C4%85%20do%20szk%C5%82a%20NeoBlue.%20Korpus%20ze%20stali%20nierdzewnej%20gwarantuje%20niezawodno%C5%9B%C4%87.%20Wersja%20%E2%80%9EPlug%26Play%E2%80%9D%20jest%20wyposa%C5%BCona%20w%20pomp%C4%99%20detergentu%2C%20pomp%C4%99%20spustow%C4%85%20oraz%20filtry.%20Ciesz%20si%C4%99%20%C5%82atwym%20u%C5%BCytkowaniem%20i%20prost%C4%85%20konserwacj%C4%85%20dzi%C4%99ki%20dost%C4%99pnym%20podzespo%C5%82om.%22%7D%5D&#8221;][\/elx_features_download][vc_empty_space][\/vc_column][\/vc_row][vc_row el_id=&#8221;Accessories&#8221;][vc_column]<div class=\"elx-accordion \">    <div class=\"elx-accordion-heading\">        <a class=\"elx-accordion-link elx-accordion-open\">            <h4 class=\" elx-accordion-title\">                Akcesoria i detergenty                <img decoding=\"async\" src=\"https:\/\/www.electroluxprofessional.com\/pl\/wp-content\/themes\/electroluxpro\/assets\/epr-icon-minus-blue.svg\" class=\"elx-minus\" \/>                <img decoding=\"async\" src=\"https:\/\/www.electroluxprofessional.com\/pl\/wp-content\/themes\/electroluxpro\/assets\/epr-icon-plus-blue.svg\" class=\"elx-plus elx-hidden\" \/>            <\/h4>        <\/a>    <\/div>    <div class=\"elx-accordion-body elx-accordion-open\"><p>[vc_row_inner][vc_column_inner width=&#8221;1\/2&#8243;][elx_heading font_size=&#8221;h5&#8243; text_color=&#8221;inherit&#8221;]Kosze dostosowane do ka\u017cdej potrzeby[\/elx_heading][vc_column_text]Modele zmywarek do szk\u0142a w wersji S s\u0105 odpowiednie dla koszy 400 \u00d7 400 mm. Wybierz najbardziej odpowiednie akcesoria dla Twojej firmy z naszego asortymentu.[\/vc_column_text][vc_empty_space][elx_shop_now button_text=&#8221;KUP TERAZ&#8221; button_display_block=&#8221;display_block_on&#8221; button_alignment=&#8221;align_center&#8221; button_link=&#8221;url:https%3A%2F%2Fbuy.electroluxprofessional.com%2Fparts%3Fq%3Dbaskets&#8221;][vc_empty_space height=&#8221;80px&#8221;][\/vc_column_inner][vc_column_inner width=&#8221;1\/2&#8243;][vc_single_image image=&#8221;10295&#8243; img_size=&#8221;300*250&#8243; alignment=&#8221;center&#8221; css_animation=&#8221;none&#8221;][\/vc_column_inner][\/vc_row_inner][vc_row_inner][vc_column_inner width=&#8221;1\/2&#8243;][vc_single_image image=&#8221;10296&#8243; img_size=&#8221;530*285&#8243; alignment=&#8221;center&#8221; css_animation=&#8221;none&#8221;][\/vc_column_inner][vc_column_inner width=&#8221;1\/2&#8243;][elx_heading font_size=&#8221;h5&#8243; text_color=&#8221;inherit&#8221;]Detergenty w p\u0142ynie do komercyjnych zmywarek do szk\u0142a[\/elx_heading][vc_column_text]Te detergenty usuwaj\u0105 krople i plamy dla zapewnienia b\u0142yszcz\u0105cych szklanek i kieliszk\u00f3w, gwarantuj\u0105c doskonale suche i czyste naczynia. Zapobieganie powstawaniu kamienia dzi\u0119ki specjalnej formule.[\/vc_column_text][vc_empty_space][elx_shop_now button_text=&#8221;KUP TERAZ&#8221; button_display_block=&#8221;display_block_on&#8221; button_alignment=&#8221;align_center&#8221; button_link=&#8221;url:https%3A%2F%2Fbuy.electroluxprofessional.com%2Felectrolux-professional%2Fcleaners-detergents%2Fparts|||&#8221;][vc_empty_space][\/vc_column_inner][\/vc_row_inner]<\/p>\n    <\/div><\/div>[\/vc_column][\/vc_row][vc_row][vc_column][vc_empty_space height=&#8221;50px&#8221;][elx_heading text_color=&#8221;inherit&#8221; text_align=&#8221;text-center&#8221;]Skontaktuj si\u0119 z nami, by uzyska\u0107 wi\u0119cej informacji na temat<br \/>\nzmywarki do szk\u0142a NeoBlue<br \/>\n[\/elx_heading][vc_empty_space][elx_o2000_contact_us s=&#8221;Pro\u015bba o kontakt przez nasz\u0105 stron\u0119 internetow\u0105&#8221; b=&#8221;food&#8221;][vc_empty_space height=&#8221;50px&#8221;]<div class=\"com21-product-filter-container 63\"><div class=\"\"><h4 class=\"text-center\">2 Produkty\n<\/h4><hr><\/div>\n                    <!-- PROD LIST -->\n                    <div class=\"product-list container\">\n                        <!--Hidden parameters-->\n                        <input type=\"hidden\" name=\"navigation_level_1\" id=\"navigation_level_1\" value=\"I\">\n                        <input type=\"hidden\" name=\"navigation_level_2\" id=\"navigation_level_2\" value=\"A\">\n                        <input type=\"hidden\" name=\"navigation_level_3\" id=\"navigation_level_3\" value=\"J\">\n                        <input type=\"hidden\" name=\"navigation_level_4\" id=\"navigation_level_4\" value=\"\">\n                        <input type=\"hidden\" name=\"filter_id\" id=\"filter_id\" value=\"63\">\n                        <input type=\"hidden\" name=\"navigation_language\" id=\"navigation_language\" value=\"5027\">\n                        <input type=\"hidden\" name=\"navigation_language_code\" id=\"navigation_language\" value=\"5027\">\n                        <input type=\"hidden\" name=\"page_id\" id=\"page_id\" value=\"10300\">\n                        <!--END Hidden parameters--><ul class=\"row\" ><li data-product-paged=\"\" class=\"anchor_tags_prod col-sm-6 col-md-3 wow fadeIn single-product-list 402187\"><div class=\"product-list-item\"><div class=\"product-content\"><a href=\"https:\/\/www.electroluxprofessional.com\/pl\/pd\/urz\u0105dzenia-zmywaj\u0105ce\/zmywarki-do-szk\u0142a\/neoblue-touch-s-kosz-400-x-400-mm\/zmywarki-neoblue-s-jedno\u015bciankowa-zmywarka-do-szk\u0142a-dozownik-nab\u0142yszczacza-40-koszy-godz.-402187\/\" target=\"_blank\" ><figure><img decoding=\"async\" src=\"https:\/\/tools.electroluxprofessional.com\/Mirror\/Doc\/PH_255x255%2FPH_402187_1_1_402187.jpg\" alt=\"ZmywarkiNeoBlue S, jedno\u015bciankowa zmywarka do szk\u0142a, dozownik nab\u0142yszczacza, 40 koszy\/godz.\"\/><\/figure><div class=\"product-internal\"><div class=\"product-liv\">NeoBlue Touch S (kosz 400 x 400 mm)<\/div><h3 class=\"product-title\">Zmywarki<br>NeoBlue S, jedno\u015bciankowa zmywarka do szk\u0142a, dozownik nab\u0142yszczacza, 40 koszy\/godz.<\/h3><div class=\"product-icons\"><div class=\"product-green\"><\/div><div class=\"product-cod\"><div class=\"hidden type_code\">0<\/div>COD <span class=\"product-code\" >402187<\/span><\/div><div class=\"product-fast\"><\/div>\n<\/div><div class=\"product-description-fast-green\"><\/div>\n<\/div><div class=\"product-actions\"><a href=\"https:\/\/www.electroluxprofessional.com\/pl\/pd\/urz\u0105dzenia-zmywaj\u0105ce\/zmywarki-do-szk\u0142a\/neoblue-touch-s-kosz-400-x-400-mm\/zmywarki-neoblue-s-jedno\u015bciankowa-zmywarka-do-szk\u0142a-dozownik-nab\u0142yszczacza-40-koszy-godz.-402187\/\" class=\"btn btn-primary-blue\">Zobacz wi\u0119cej\n<\/a><span class=\"compare-product\"><span class=\"compare-checkbox\"><span class=\"compare-checkbox-shape\"><input type=\"checkbox\" class=\"product-comparer\" id=\"prod_402187\"\/><label class=\"btn\" for=\"prod_402187\"><span class=\"label-bg\"><\/span>Por\u00f3wnaj\n<\/label><\/span><\/span><\/span><\/div><\/a><\/div><\/div><\/li><li data-product-paged=\"\" class=\"anchor_tags_prod col-sm-6 col-md-3 wow fadeIn single-product-list 402188\"><div class=\"product-list-item\"><div class=\"product-content\"><a href=\"https:\/\/www.electroluxprofessional.com\/pl\/pd\/urz\u0105dzenia-zmywaj\u0105ce\/zmywarki-do-szk\u0142a\/neoblue-touch-s-kosz-400-x-400-mm\/zmywarki-neoblue-s-jedno\u015bciankowa-zmywarka-do-szk\u0142a-dozowniki-pompa-spustowa-filtr-zbiornika-40-koszy-godz.-402188\/\" target=\"_blank\" ><figure><img decoding=\"async\" src=\"https:\/\/tools.electroluxprofessional.com\/Mirror\/Doc\/PH_255x255%2FPH_402187_1_1_402187.jpg\" alt=\"ZmywarkiNeoBlue S, jedno\u015bciankowa zmywarka do szk\u0142a, dozowniki, pompa spustowa, filtr zbiornika, 40 koszy\/godz.\"\/><\/figure><div class=\"product-internal\"><div class=\"product-liv\">NeoBlue Touch S (kosz 400 x 400 mm)<\/div><h3 class=\"product-title\">Zmywarki<br>NeoBlue S, jedno\u015bciankowa zmywarka do szk\u0142a, dozowniki, pompa spustowa, filtr zbiornika, 40 koszy\/godz.<\/h3><div class=\"product-icons\"><div class=\"product-green\"><\/div><div class=\"product-cod\"><div class=\"hidden type_code\">0<\/div>COD <span class=\"product-code\" >402188<\/span><\/div><div class=\"product-fast\"><\/div>\n<\/div><div class=\"product-description-fast-green\"><\/div>\n<\/div><div class=\"product-actions\"><a href=\"https:\/\/www.electroluxprofessional.com\/pl\/pd\/urz\u0105dzenia-zmywaj\u0105ce\/zmywarki-do-szk\u0142a\/neoblue-touch-s-kosz-400-x-400-mm\/zmywarki-neoblue-s-jedno\u015bciankowa-zmywarka-do-szk\u0142a-dozowniki-pompa-spustowa-filtr-zbiornika-40-koszy-godz.-402188\/\" class=\"btn btn-primary-blue\">Zobacz wi\u0119cej\n<\/a><span class=\"compare-product\"><span class=\"compare-checkbox\"><span class=\"compare-checkbox-shape\"><input type=\"checkbox\" class=\"product-comparer\" id=\"prod_402188\"\/><label class=\"btn\" for=\"prod_402188\"><span class=\"label-bg\"><\/span>Por\u00f3wnaj\n<\/label><\/span><\/span><\/span><\/div><\/a><\/div><\/div><\/li>\n                        <\/ul>\n                        <div class=\"text-center more-products\">\n                        <\/div>\n                    <\/div>\n                    <!-- END PRODUCT LIST -->\n                    <\/div>\n                    <!-- END PRODUCT LIST -->[\/vc_column][\/vc_row][vc_row][vc_column][vc_empty_space height=&#8221;50px&#8221;][elx_multiple_columns number_columns=&#8221;4&#8243; bg_row=&#8221;bg-download-white&#8221; title=&#8221;Znajd\u017a swoje kompletne rozwi\u0105zanie&#8221; values=&#8221;%5B%7B%22image_section%22%3A%2210297%22%2C%22title_section%22%3A%22Kawiarnie%20i%20piekarnie%22%2C%22text_section%22%3A%22Dla%20firm%20serwuj%C4%85cych%20%C5%BCywno%C5%9B%C4%87%20ca%C5%82y%20dzie%C5%84.%22%2C%22link_section%22%3A%22url%3Ahttps%253A%252F%252Fwww.electroluxprofessional.com%252Fpl%252Ftwoj-biznes%252Fbary-i-kawiarnie%252F%7Ctitle%3AZNAJD%25C5%25B9%2520ROZWI%25C4%2584ZANIA%252C%2520KT%25C3%2593RYCH%2520POTRZEBUJESZ%22%2C%22button_style%22%3A%22secondary-bordered%22%7D%2C%7B%22image_section%22%3A%2210298%22%2C%22title_section%22%3A%22Bary%20i%20puby%22%2C%22text_section%22%3A%22Zyskaj%20na%20szybko%C5%9Bci.%20Spraw%2C%20%C5%BCe%20kr%C3%B3tka%20przerwa%20b%C4%99dzie%20przyjemna%20dla%20Twoich%20klient%C3%B3w.%22%2C%22link_section%22%3A%22url%3Ahttps%253A%252F%252Fwww.electroluxprofessional.com%252Fpl%252Ftwoj-biznes%252Fbary-i-kawiarnie%252F%7Ctitle%3APRZYSPIESZ%2520PRAC%25C4%2598%2520SWOJEJ%2520KUCHNI%22%2C%22button_style%22%3A%22secondary-bordered%22%7D%2C%7B%22image_section%22%3A%2210299%22%2C%22title_section%22%3A%22Restauracje%20%E2%80%9Ecasual%20dining%E2%80%9D%22%2C%22text_section%22%3A%22Do%20pracy%20w%20godzinach%20szczytu%20i%20dla%20zwi%C4%99kszenia%20ilo%C5%9Bci%20zam%C3%B3wie%C5%84.%22%2C%22link_section%22%3A%22title%3AODKRYJ%2520NASZ%2520ASORTYMENT%22%2C%22button_style%22%3A%22secondary-bordered%22%7D%5D&#8221;][\/elx_multiple_columns][\/vc_column][\/vc_row]<\/p>\n","protected":false},"excerpt":{"rendered":"<p>[vc_row full_width=&#8221;electroluxpro-full-width-no-padding&#8221; el_id=&#8221;banner&#8221;][vc_column][elx_image_block is_full_height=&#8221;full-height&#8221; background_image=&#8221;10294&#8243; minimum_height=&#8221;350px&#8221;][\/vc_column][\/vc_row][vc_row][vc_column][vc_empty_space][elx_text_image tag_title=&#8221;h1&#8243; number_images=&#8221;2&#8243; style_image=&#8221;image_square&#8221; bg_row=&#8221;bg-download-white&#8221; title=&#8221;Zmywarka do szk\u0142a NeoBlue: uzyskaj najlepsze wyniki w minimalnej przestrzeni&#8221; lists=&#8221;%5B%7B%7D%5D&#8221; values=&#8221;%5B%5D&#8221; double_image_1=&#8221;10293&#8243;]Przedstawiamy komercyjn\u0105 zmywark\u0119 do szk\u0142a NeoBlue\u00a0Electrolux Professional, zaprojektowan\u0105 specjalnie dla mniejszych firm. Ten jednowarstwowy model zapewni sukces Twojej firmy, nawet w ograniczonej przestrzeni, przy wysoko\u015bci za\u0142adunku 290 mm pozwalaj\u0105cej na \u0142atwe pomieszczenie wysokich [&hellip;]<\/p>\n","protected":false},"author":79,"featured_media":10293,"parent":0,"menu_order":0,"comment_status":"closed","ping_status":"closed","template":"","meta":{"footnotes":""},"class_list":["post-10300","page","type-page","status-publish","has-post-thumbnail","hentry"],"acf":[],"yoast_head":"<!-- This site is optimized with the Yoast SEO plugin v23.3 - https:\/\/yoast.com\/wordpress\/plugins\/seo\/ -->\n<title>Zmywarka do szk\u0142a NeoBlue - Electrolux Professional Polska<\/title>\n<meta name=\"description\" content=\"Odkryj zmywark\u0119 do szk\u0142a NeoBlue: idealn\u0105 dla ma\u0142ych firm, przyjazn\u0105 dla u\u017cytkownika, wyposa\u017con\u0105 w 4 programy i intuicyjne sterowanie.\" \/>\n<meta name=\"robots\" content=\"index, follow, max-snippet:-1, max-image-preview:large, max-video-preview:-1\" \/>\n<link rel=\"canonical\" href=\"https:\/\/www.electroluxprofessional.com\/pl\/zmywarka-do-szkla-neoblue\/\" \/>\n<meta property=\"og:locale\" content=\"pl_PL\" \/>\n<meta property=\"og:type\" content=\"article\" \/>\n<meta property=\"og:title\" content=\"Zmywarka do szk\u0142a NeoBlue - Electrolux Professional Polska\" \/>\n<meta property=\"og:description\" content=\"Odkryj zmywark\u0119 do szk\u0142a NeoBlue: idealn\u0105 dla ma\u0142ych firm, przyjazn\u0105 dla u\u017cytkownika, wyposa\u017con\u0105 w 4 programy i intuicyjne sterowanie.\" \/>\n<meta property=\"og:url\" content=\"https:\/\/www.electroluxprofessional.com\/pl\/zmywarka-do-szkla-neoblue\/\" \/>\n<meta property=\"og:site_name\" content=\"Electrolux Professional Polska\" \/>\n<meta property=\"article:modified_time\" content=\"2026-02-19T12:54:53+00:00\" \/>\n<meta property=\"og:image\" content=\"https:\/\/www.electroluxprofessional.com\/pl\/wp-content\/uploads\/2024\/09\/glasswasher-600x600-1.jpg\" \/>\n\t<meta property=\"og:image:width\" content=\"600\" \/>\n\t<meta property=\"og:image:height\" content=\"600\" \/>\n\t<meta property=\"og:image:type\" content=\"image\/jpeg\" \/>\n<meta name=\"twitter:card\" content=\"summary_large_image\" \/>\n<meta name=\"twitter:label1\" content=\"Szacowany czas czytania\" \/>\n\t<meta name=\"twitter:data1\" content=\"2 minuty\" \/>\n<script type=\"application\/ld+json\" class=\"yoast-schema-graph\">{\"@context\":\"https:\/\/schema.org\",\"@graph\":[{\"@type\":\"WebPage\",\"@id\":\"https:\/\/www.electroluxprofessional.com\/pl\/zmywarka-do-szkla-neoblue\/\",\"url\":\"https:\/\/www.electroluxprofessional.com\/pl\/zmywarka-do-szkla-neoblue\/\",\"name\":\"Zmywarka do szk\u0142a NeoBlue - Electrolux Professional Polska\",\"isPartOf\":{\"@id\":\"https:\/\/www.electroluxprofessional.com\/pl\/#website\"},\"primaryImageOfPage\":{\"@id\":\"https:\/\/www.electroluxprofessional.com\/pl\/zmywarka-do-szkla-neoblue\/#primaryimage\"},\"image\":{\"@id\":\"https:\/\/www.electroluxprofessional.com\/pl\/zmywarka-do-szkla-neoblue\/#primaryimage\"},\"thumbnailUrl\":\"https:\/\/www.electroluxprofessional.com\/pl\/wp-content\/uploads\/2024\/09\/glasswasher-600x600-1.jpg\",\"datePublished\":\"2024-09-18T09:17:22+00:00\",\"dateModified\":\"2026-02-19T12:54:53+00:00\",\"description\":\"Odkryj zmywark\u0119 do szk\u0142a NeoBlue: idealn\u0105 dla ma\u0142ych firm, przyjazn\u0105 dla u\u017cytkownika, wyposa\u017con\u0105 w 4 programy i intuicyjne sterowanie.\",\"breadcrumb\":{\"@id\":\"https:\/\/www.electroluxprofessional.com\/pl\/zmywarka-do-szkla-neoblue\/#breadcrumb\"},\"inLanguage\":\"pl-PL\",\"potentialAction\":[{\"@type\":\"ReadAction\",\"target\":[\"https:\/\/www.electroluxprofessional.com\/pl\/zmywarka-do-szkla-neoblue\/\"]}]},{\"@type\":\"ImageObject\",\"inLanguage\":\"pl-PL\",\"@id\":\"https:\/\/www.electroluxprofessional.com\/pl\/zmywarka-do-szkla-neoblue\/#primaryimage\",\"url\":\"https:\/\/www.electroluxprofessional.com\/pl\/wp-content\/uploads\/2024\/09\/glasswasher-600x600-1.jpg\",\"contentUrl\":\"https:\/\/www.electroluxprofessional.com\/pl\/wp-content\/uploads\/2024\/09\/glasswasher-600x600-1.jpg\",\"width\":600,\"height\":600},{\"@type\":\"BreadcrumbList\",\"@id\":\"https:\/\/www.electroluxprofessional.com\/pl\/zmywarka-do-szkla-neoblue\/#breadcrumb\",\"itemListElement\":[{\"@type\":\"ListItem\",\"position\":1,\"name\":\"Strona g\u0142\u00f3wna\",\"item\":\"https:\/\/www.electroluxprofessional.com\/pl\/\"},{\"@type\":\"ListItem\",\"position\":2,\"name\":\"Zmywarka do szk\u0142a NeoBlue\"}]},{\"@type\":\"WebSite\",\"@id\":\"https:\/\/www.electroluxprofessional.com\/pl\/#website\",\"url\":\"https:\/\/www.electroluxprofessional.com\/pl\/\",\"name\":\"Electrolux Professional Polska\",\"description\":\"\",\"potentialAction\":[{\"@type\":\"SearchAction\",\"target\":{\"@type\":\"EntryPoint\",\"urlTemplate\":\"https:\/\/www.electroluxprofessional.com\/pl\/?src={search_term_string}\"},\"query-input\":\"required name=search_term_string\"}],\"inLanguage\":\"pl-PL\"}]}<\/script>\n<!-- \/ Yoast SEO plugin. -->","yoast_head_json":{"title":"Zmywarka do szk\u0142a NeoBlue - Electrolux Professional Polska","description":"Odkryj zmywark\u0119 do szk\u0142a NeoBlue: idealn\u0105 dla ma\u0142ych firm, przyjazn\u0105 dla u\u017cytkownika, wyposa\u017con\u0105 w 4 programy i intuicyjne sterowanie.","robots":{"index":"index","follow":"follow","max-snippet":"max-snippet:-1","max-image-preview":"max-image-preview:large","max-video-preview":"max-video-preview:-1"},"canonical":"https:\/\/www.electroluxprofessional.com\/pl\/zmywarka-do-szkla-neoblue\/","og_locale":"pl_PL","og_type":"article","og_title":"Zmywarka do szk\u0142a NeoBlue - Electrolux Professional Polska","og_description":"Odkryj zmywark\u0119 do szk\u0142a NeoBlue: idealn\u0105 dla ma\u0142ych firm, przyjazn\u0105 dla u\u017cytkownika, wyposa\u017con\u0105 w 4 programy i intuicyjne sterowanie.","og_url":"https:\/\/www.electroluxprofessional.com\/pl\/zmywarka-do-szkla-neoblue\/","og_site_name":"Electrolux Professional Polska","article_modified_time":"2026-02-19T12:54:53+00:00","og_image":[{"width":600,"height":600,"url":"https:\/\/www.electroluxprofessional.com\/pl\/wp-content\/uploads\/2024\/09\/glasswasher-600x600-1.jpg","type":"image\/jpeg"}],"twitter_card":"summary_large_image","twitter_misc":{"Szacowany czas czytania":"2 minuty"},"schema":{"@context":"https:\/\/schema.org","@graph":[{"@type":"WebPage","@id":"https:\/\/www.electroluxprofessional.com\/pl\/zmywarka-do-szkla-neoblue\/","url":"https:\/\/www.electroluxprofessional.com\/pl\/zmywarka-do-szkla-neoblue\/","name":"Zmywarka do szk\u0142a NeoBlue - Electrolux Professional Polska","isPartOf":{"@id":"https:\/\/www.electroluxprofessional.com\/pl\/#website"},"primaryImageOfPage":{"@id":"https:\/\/www.electroluxprofessional.com\/pl\/zmywarka-do-szkla-neoblue\/#primaryimage"},"image":{"@id":"https:\/\/www.electroluxprofessional.com\/pl\/zmywarka-do-szkla-neoblue\/#primaryimage"},"thumbnailUrl":"https:\/\/www.electroluxprofessional.com\/pl\/wp-content\/uploads\/2024\/09\/glasswasher-600x600-1.jpg","datePublished":"2024-09-18T09:17:22+00:00","dateModified":"2026-02-19T12:54:53+00:00","description":"Odkryj zmywark\u0119 do szk\u0142a NeoBlue: idealn\u0105 dla ma\u0142ych firm, przyjazn\u0105 dla u\u017cytkownika, wyposa\u017con\u0105 w 4 programy i intuicyjne sterowanie.","breadcrumb":{"@id":"https:\/\/www.electroluxprofessional.com\/pl\/zmywarka-do-szkla-neoblue\/#breadcrumb"},"inLanguage":"pl-PL","potentialAction":[{"@type":"ReadAction","target":["https:\/\/www.electroluxprofessional.com\/pl\/zmywarka-do-szkla-neoblue\/"]}]},{"@type":"ImageObject","inLanguage":"pl-PL","@id":"https:\/\/www.electroluxprofessional.com\/pl\/zmywarka-do-szkla-neoblue\/#primaryimage","url":"https:\/\/www.electroluxprofessional.com\/pl\/wp-content\/uploads\/2024\/09\/glasswasher-600x600-1.jpg","contentUrl":"https:\/\/www.electroluxprofessional.com\/pl\/wp-content\/uploads\/2024\/09\/glasswasher-600x600-1.jpg","width":600,"height":600},{"@type":"BreadcrumbList","@id":"https:\/\/www.electroluxprofessional.com\/pl\/zmywarka-do-szkla-neoblue\/#breadcrumb","itemListElement":[{"@type":"ListItem","position":1,"name":"Strona g\u0142\u00f3wna","item":"https:\/\/www.electroluxprofessional.com\/pl\/"},{"@type":"ListItem","position":2,"name":"Zmywarka do szk\u0142a NeoBlue"}]},{"@type":"WebSite","@id":"https:\/\/www.electroluxprofessional.com\/pl\/#website","url":"https:\/\/www.electroluxprofessional.com\/pl\/","name":"Electrolux Professional Polska","description":"","potentialAction":[{"@type":"SearchAction","target":{"@type":"EntryPoint","urlTemplate":"https:\/\/www.electroluxprofessional.com\/pl\/?src={search_term_string}"},"query-input":"required name=search_term_string"}],"inLanguage":"pl-PL"}]}},"_links":{"self":[{"href":"https:\/\/www.electroluxprofessional.com\/pl\/wp-json\/wp\/v2\/pages\/10300"}],"collection":[{"href":"https:\/\/www.electroluxprofessional.com\/pl\/wp-json\/wp\/v2\/pages"}],"about":[{"href":"https:\/\/www.electroluxprofessional.com\/pl\/wp-json\/wp\/v2\/types\/page"}],"author":[{"embeddable":true,"href":"https:\/\/www.electroluxprofessional.com\/pl\/wp-json\/wp\/v2\/users\/79"}],"replies":[{"embeddable":true,"href":"https:\/\/www.electroluxprofessional.com\/pl\/wp-json\/wp\/v2\/comments?post=10300"}],"version-history":[{"count":6,"href":"https:\/\/www.electroluxprofessional.com\/pl\/wp-json\/wp\/v2\/pages\/10300\/revisions"}],"predecessor-version":[{"id":12443,"href":"https:\/\/www.electroluxprofessional.com\/pl\/wp-json\/wp\/v2\/pages\/10300\/revisions\/12443"}],"wp:featuredmedia":[{"embeddable":true,"href":"https:\/\/www.electroluxprofessional.com\/pl\/wp-json\/wp\/v2\/media\/10293"}],"wp:attachment":[{"href":"https:\/\/www.electroluxprofessional.com\/pl\/wp-json\/wp\/v2\/media?parent=10300"}],"curies":[{"name":"wp","href":"https:\/\/api.w.org\/{rel}","templated":true}]}}