{"id":9698,"date":"2021-12-27T16:33:02","date_gmt":"2021-12-27T16:33:02","guid":{"rendered":"https:\/\/www.electroluxprofessional.com\/dk\/?page_id=18767"},"modified":"2025-11-05T13:51:18","modified_gmt":"2025-11-05T13:51:18","slug":"betalingslosninger-til-fellesvaskeri-airwallet","status":"publish","type":"page","link":"https:\/\/www.electroluxprofessional.com\/no\/betalingslosninger-til-fellesvaskeri-airwallet\/","title":{"rendered":"Betalingsl\u00f8sninger til fellesvaskeriet med AirWallet"},"content":{"rendered":"<p>[vc_row full_width=&#8221;electroluxpro-full-width-no-padding&#8221; css=&#8221;.vc_custom_1611649911020{padding-top: 0px !important;padding-right: 0px !important;padding-bottom: 0px !important;padding-left: 0px !important;background-color: #082551 !important;}&#8221;][vc_column reveal_effect=&#8221;&#8221; width=&#8221;2\/3&#8243; css=&#8221;.vc_custom_1579681012355{padding-right: 0px !important;}&#8221; offset=&#8221;vc_hidden-sm vc_hidden-xs&#8221;][vc_row_inner content_placement=&#8221;top&#8221;][vc_column_inner width=&#8221;1\/3&#8243;][vc_empty_space][\/vc_column_inner][vc_column_inner width=&#8221;2\/3&#8243;][vc_empty_space height=&#8221;80px&#8221;][vc_column_text el_class=&#8221;p-16-white&#8221;]<\/p>\n<p style=\"text-align: left;\">Til eier, styreleder og styrer av borettslag\/fellesvaskeri<br \/>\n\/studentvaskerier:<\/p>\n<p>[\/vc_column_text][elx_heading font_container=&#8221;h1&#8243; text_color=&#8221;white&#8221; text_align=&#8221;text-left&#8221;]P\u00e5 tide med en ny l\u00f8sning<br \/>\nfor betaling i fellesvaskeriet?[\/elx_heading][\/vc_column_inner][\/vc_row_inner][\/vc_column][vc_column width=&#8221;1\/3&#8243; offset=&#8221;vc_hidden-sm vc_hidden-xs&#8221;][elx_image_block background_image=&#8221;9689&#8243; minimum_height=&#8221;310px&#8221;][\/vc_column][\/vc_row][vc_row css=&#8221;.vc_custom_1611659887734{margin-top: 20px !important;}&#8221;][vc_column][vc_row_inner][vc_column_inner offset=&#8221;vc_hidden-sm vc_hidden-xs&#8221;][vc_empty_space height=&#8221;40px&#8221;][\/vc_column_inner][\/vc_row_inner][vc_row_inner][vc_column_inner][vc_column_text el_class=&#8221;p-16&#8243; css=&#8221;.vc_custom_1644321052055{margin-top: 32px !important;padding-right: 32px !important;}&#8221;]<strong>Betalingsl\u00f8sninger til fellesvaskeriet!<\/strong> Er du lei av \u00e5 administrere salg av poletter, mynter eller vaskekort til fellesvaskeriet? Er tiden inne for \u00e5 se p\u00e5 <strong>nye l\u00f8sninger<\/strong>? Les mer om en av Electrolux Professionals betalings- og reservasjonsl\u00f8sninger her.[\/vc_column_text][\/vc_column_inner][\/vc_row_inner][vc_empty_space][elx_heading text_color=&#8221;inherit&#8221; text_align=&#8221;text-center&#8221;]Tre gode grunner til \u00e5 velge en ny reservasjonsl\u00f8sning til fellesvaskeriet:[\/elx_heading][\/vc_column][\/vc_row][vc_row gap=&#8221;30&#8243; css=&#8221;.vc_custom_1611587453305{margin-top: 40px !important;}&#8221;][vc_column width=&#8221;1\/3&#8243; css=&#8221;.vc_custom_1611660046411{padding-right: 20px !important;padding-left: 20px !important;}&#8221; offset=&#8221;vc_hidden-sm vc_hidden-xs&#8221;][vc_single_image image=&#8221;9690&#8243; img_size=&#8221;full&#8221; css=&#8221;.vc_custom_1611586855888{margin-bottom: 32px !important;}&#8221;][elx_heading font_container=&#8221;h5&#8243; text_color=&#8221;inherit&#8221;]Profesjonelle, driftssikre maskiner[\/elx_heading][vc_column_text el_class=&#8221;p-16&#8243;]Profesjonelle <a href=\"https:\/\/www.electroluxprofessional.com\/no\/frontmatede-vaskemaskiner\/\">vaskemaskiner<\/a>, <a href=\"https:\/\/www.electroluxprofessional.com\/no\/torketromler\/\">t\u00f8rketromler<\/a> og <a href=\"https:\/\/www.electroluxprofessional.com\/no\/vaskeri\/torkeskap\/\">t\u00f8rkeskap<\/a> er robuste og effektiv med en levetid som er opptil 10 ganger mer enn tradisjonelle husholdningsmaskiner. Industrivaskemaskiner fra Electrolux Professional er enkle i bruk og vasker t\u00f8yet p\u00e5 en rask og sk\u00e5nsom m\u00e5te.[\/vc_column_text][\/vc_column][vc_column width=&#8221;1\/3&#8243; css=&#8221;.vc_custom_1611660053617{padding-right: 20px !important;padding-left: 20px !important;}&#8221; offset=&#8221;vc_hidden-sm vc_hidden-xs&#8221;][vc_single_image image=&#8221;9691&#8243; img_size=&#8221;full&#8221; css=&#8221;.vc_custom_1611586879285{margin-bottom: 32px !important;}&#8221;][elx_heading font_container=&#8221;h5&#8243; text_color=&#8221;inherit&#8221;]Brukerstyring med mobilapp[\/elx_heading][vc_column_text el_class=&#8221;p-16&#8243;]Som beboer laster du ned AirWallets app og legger til et betalingskort. Deretter kan du enkelt reservere maskiner til et bestemt tidspunkt \u2013 og du slipper \u00e5 g\u00e5 forgjeves ned i vaskekjelleren. N\u00e5r du har vasket en vask, trekkes bel\u00f8pet automatisk fra ditt betalingskort. Man kan ogs\u00e5 velge \u00e5 ha et nettbrett i vaskeriet, som beboerne kan reservere og starte en vask p\u00e5. Dette gj\u00f8r det enkelt for de beboerne som ikke har en smartphone til ogs\u00e5 \u00e5 bruke vaskeriet.<\/p>\n<p>Se video om <a href=\"https:\/\/www.youtube.com\/watch?v=uQTjmrdfxqM\">systemet AirWallet<\/a> her:[\/vc_column_text][\/vc_column][vc_column width=&#8221;1\/3&#8243; css=&#8221;.vc_custom_1611660061091{padding-right: 20px !important;padding-left: 20px !important;}&#8221; offset=&#8221;vc_hidden-sm vc_hidden-xs&#8221;][vc_single_image image=&#8221;9692&#8243; img_size=&#8221;full&#8221; css=&#8221;.vc_custom_1611586897041{margin-bottom: 32px !important;}&#8221;][elx_heading font_container=&#8221;h5&#8243; text_color=&#8221;inherit&#8221;]Ingen administrasjon[\/elx_heading][vc_empty_space height=&#8221;30px&#8221;][vc_column_text el_class=&#8221;p-16&#8243;]Alt styres via <strong>Airwallet \u2013 et booking- og betalingssystem<\/strong>, som fellesvaskeriet kj\u00f8per tilgang til og betaler inn et fast m\u00e5nedlig abonnementsbel\u00f8p. Hver m\u00e5ned overf\u00f8res omsetningen fra vaskeriet automatisk til sameiets\/borettslagets konto. Via et dashboard har styreleder\/administrator oversikt over vaskeforbruket og opprettelse av nye brukere.[\/vc_column_text][\/vc_column][\/vc_row][vc_row content_placement=&#8221;bottom&#8221; css=&#8221;.vc_custom_1611594205975{margin-top: 90px !important;}&#8221;][vc_column width=&#8221;1\/2&#8243; offset=&#8221;vc_hidden-sm vc_hidden-xs&#8221;][vc_single_image image=&#8221;9695&#8243; img_size=&#8221;full&#8221; css=&#8221;.vc_custom_1646914079322{padding-right: 32px !important;}&#8221;][vc_single_image image=&#8221;9696&#8243; img_size=&#8221;200&#215;63&#8243; alignment=&#8221;center&#8221; css=&#8221;.vc_custom_1611754540299{margin-top: -48px !important;padding-right: 32px !important;}&#8221;][\/vc_column][vc_column width=&#8221;1\/2&#8243; offset=&#8221;vc_hidden-sm vc_hidden-xs&#8221;][vc_empty_space height=&#8221;232px&#8221;][vc_single_image image=&#8221;9697&#8243; img_size=&#8221;full&#8221; alignment=&#8221;center&#8221; css=&#8221;.vc_custom_1646914085190{padding-right: 40px !important;}&#8221;][vc_single_image image=&#8221;9696&#8243; img_size=&#8221;200&#215;63&#8243; alignment=&#8221;center&#8221; css=&#8221;.vc_custom_1611819752755{margin-top: -50px !important;padding-right: 32px !important;}&#8221;][\/vc_column][\/vc_row][vc_row css=&#8221;.vc_custom_1611594376440{margin-top: 20px !important;}&#8221;][vc_column width=&#8221;1\/2&#8243; css=&#8221;.vc_custom_1611662852186{padding-right: 32px !important;}&#8221; offset=&#8221;vc_hidden-sm vc_hidden-xs&#8221;][elx_heading font_container=&#8221;h5&#8243; text_color=&#8221;inherit&#8221;]Electrolux Professional Line 6000 serien \u2013 profesjonelle industrimaskiner[\/elx_heading][vc_column_text el_class=&#8221;p-16&#8243; css=&#8221;.vc_custom_1644938660712{margin-top: 32px !important;padding-right: 32px !important;}&#8221;]Ved valg av Electrolux Professionals toppserie Line 6000 er det,\u00a0 p\u00e5 alle m\u00e5ter, et godt kj\u00f8p; det blir lavere driftsomkostninger og det blir mindre vedlikehold og lenger driftstid i vaskeriet. Det er i tillegg bedre for milj\u00f8et p\u00e5 flere m\u00e5ter.<\/p>\n<p><strong>Med enkelt og intuitivt betjeningpanel<\/strong> er det enkelt \u00e5 f\u00e5 vasket t\u00f8yet for de fleste uten oppl\u00e6ring. Og maskinene t\u00e5ler \u00e5 bli brukt. De er testet til \u00e5 vaske 30.000 ganger! Robust konstruksjon med profesjonelle slitedeler, som rustfri st\u00e5ltrommel og kraftig lager, hengsler, luker, d\u00f8rvrider og l\u00e5s.<\/p>\n<p>Line 6000 <strong>vaskemaskiner kommer i flere st\u00f8rrelser,<\/strong> med det vanligste til et fellesvaskeri er fra <strong>6 &#8211; 14 kg t\u00f8y<\/strong>. Og tilsvarende st\u00f8rrelser i <strong>t\u00f8rketromler<\/strong>. I tillegg kan vi tilby t\u00f8rkeskap i ulike modeller og tilbeh\u00f8r som er egnet til et fellesvaskeri.<\/p>\n<p>Vi har ogs\u00e5 <a href=\"https:\/\/www.electroluxprofessional.com\/no\/enkle-tips-hyggeligere-fellesvaskeri\/\">laget enkle tips til hvordan f\u00e5 det litt hyggeligere i fellesvaskeriet<\/a>.<\/p>\n<p>Sp\u00f8r oss gjerne!<\/p>\n<p><a href=\"https:\/\/www.electroluxprofessional.com\/no\/frontmatede-vaskemaskiner\/\">Les mer om Line 6000 <strong>vaskemaskiner<\/strong><\/a><br \/>\n<a href=\"https:\/\/www.electroluxprofessional.com\/no\/torketromler\/\">Les mer om Line 6000 <strong>t\u00f8rketromler<\/strong><\/a><\/p>\n<p><a href=\"https:\/\/www.electroluxprofessional.com\/no\/vaskeri\/torkeskap\/\">Aktuelt med t\u00f8rkeskap? Les om disse her.<\/a>[\/vc_column_text][\/vc_column][vc_column width=&#8221;1\/2&#8243; css=&#8221;.vc_custom_1611662859368{padding-left: 32px !important;}&#8221; offset=&#8221;vc_hidden-sm vc_hidden-xs&#8221;][elx_heading font_container=&#8221;h5&#8243; text_color=&#8221;inherit&#8221;]Electrolux Professional myPRO \u2013 v\u00e5r smart profesjonelle l\u00f8sning[\/elx_heading][vc_column_text el_class=&#8221;p-16&#8243; css=&#8221;.vc_custom_1644321135748{margin-top: 32px !important;padding-right: 32px !important;}&#8221;]myPRO fra Electrolux Professional er spesielt utviklet til mindre boligsameier som det, i gjennomsnitt, vaskes <strong>1-3 vasker daglig.<\/strong><\/p>\n<p>myPRO er det profesjonelle alternativet til husholdningsmaskiner: Vaskemaskiner og t\u00f8rketromler <strong>g\u00e5r raskere<\/strong> enn husholdningsmaskiner \u2013 og de har en varighet p\u00e5 <strong>tre ganger s\u00e5 lang tid<\/strong>.<\/p>\n<p>myPRO er kompakte maskiner, som rommer <strong>8 kg t\u00f8y<\/strong>. De er designet med profesjonelle typiske slitedeler, og de kan enkelt kobles til en <strong>vanlig stikkontakt<\/strong>.<\/p>\n<p><a href=\"https:\/\/www.electroluxprofessional.com\/no\/vaskeri\/mypro-vask-tork-og-rulle\/\">Les mer om myPRO <strong>maskinene her<\/strong><\/a>[\/vc_column_text][\/vc_column][\/vc_row][vc_row css=&#8221;.vc_custom_1611650512266{margin-top: 60px !important;}&#8221;][vc_column reveal_effect=&#8221;&#8221; css=&#8221;.vc_custom_1541065168935{margin-top: 12px !important;}&#8221;][vc_empty_space height=&#8221;46px&#8221;][\/vc_column][\/vc_row][vc_row][vc_column][elx_heading text_color=&#8221;inherit&#8221;]Kontakt oss for mer informasjon![\/elx_heading][\/vc_column][\/vc_row][vc_row][vc_column][vc_empty_space][\/vc_column][\/vc_row][vc_row][vc_column][elx_o2000_contact_us r=&#8221;Reservasjonsl\u00f8sninger til fellesvaskeriet. Dette \u00f8nsker jeg \u00e5 vite mer om&#8221; s=&#8221;Informasjon om reservasjonsl\u00f8sninger til fellesvaskeriet&#8221; campaign=&#8221;7015p0000016Gp0AAE&#8221; text_send_button=&#8221;Kontakt meg for mer info&#8221; country=&#8221;Norway&#8221; b=&#8221;laundry&#8221;][\/vc_column][\/vc_row]<\/p>\n","protected":false},"excerpt":{"rendered":"<p>[vc_row full_width=&#8221;electroluxpro-full-width-no-padding&#8221; css=&#8221;.vc_custom_1611649911020{padding-top: 0px !important;padding-right: 0px !important;padding-bottom: 0px !important;padding-left: 0px !important;background-color: #082551 !important;}&#8221;][vc_column reveal_effect=&#8221;&#8221; width=&#8221;2\/3&#8243; css=&#8221;.vc_custom_1579681012355{padding-right: 0px !important;}&#8221; offset=&#8221;vc_hidden-sm vc_hidden-xs&#8221;][vc_row_inner content_placement=&#8221;top&#8221;][vc_column_inner width=&#8221;1\/3&#8243;][vc_empty_space][\/vc_column_inner][vc_column_inner width=&#8221;2\/3&#8243;][vc_empty_space height=&#8221;80px&#8221;][vc_column_text el_class=&#8221;p-16-white&#8221;] Til eier, styreleder og styrer av borettslag\/fellesvaskeri \/studentvaskerier: [\/vc_column_text][elx_heading font_container=&#8221;h1&#8243; text_color=&#8221;white&#8221; text_align=&#8221;text-left&#8221;]P\u00e5 tide med en ny l\u00f8sning for betaling i fellesvaskeriet?[\/elx_heading][\/vc_column_inner][\/vc_row_inner][\/vc_column][vc_column width=&#8221;1\/3&#8243; offset=&#8221;vc_hidden-sm vc_hidden-xs&#8221;][elx_image_block background_image=&#8221;9689&#8243; minimum_height=&#8221;310px&#8221;][\/vc_column][\/vc_row][vc_row css=&#8221;.vc_custom_1611659887734{margin-top: 20px !important;}&#8221;][vc_column][vc_row_inner][vc_column_inner offset=&#8221;vc_hidden-sm [&hellip;]<\/p>\n","protected":false},"author":1,"featured_media":0,"parent":0,"menu_order":0,"comment_status":"closed","ping_status":"closed","template":"","meta":{"footnotes":""},"class_list":["post-9698","page","type-page","status-publish","hentry"],"acf":[],"yoast_head":"<!-- This site is optimized with the Yoast SEO plugin v23.3 - https:\/\/yoast.com\/wordpress\/plugins\/seo\/ -->\n<title>Betalingsl\u00f8sninger til fellesvaskeriet<\/title>\n<meta name=\"description\" content=\"Betalingsl\u00f8sninger til fellesvaskeri! Aktuelt med nye betalingsl\u00f8sninger til fellesvaskeret? Er du lei av \u00e5 administrere salg av poletter, mynter eller vaskekort til fellesvaskeriet? Er tiden inne for \u00e5 se p\u00e5 nye l\u00f8sninger? Electrolux Professionals leverer blant annet l\u00f8sning med AirWallet. Les mer her.\" \/>\n<meta name=\"robots\" content=\"index, follow, max-snippet:-1, max-image-preview:large, max-video-preview:-1\" \/>\n<link rel=\"canonical\" href=\"https:\/\/www.electroluxprofessional.com\/no\/betalingslosninger-til-fellesvaskeri-airwallet\/\" \/>\n<meta property=\"og:locale\" content=\"nb_NO\" \/>\n<meta property=\"og:type\" content=\"article\" \/>\n<meta property=\"og:title\" content=\"Betalingsl\u00f8sning\" \/>\n<meta property=\"og:description\" content=\"Er du lei av \u00e5 administrere salg av poletter, mynter eller vaskekort til fellesvaskeriet? Er tiden inne for \u00e5 se p\u00e5 nye l\u00f8sninger? Les mer om Electrolux Professionals betalings- og reservasjonsl\u00f8sninger her\" \/>\n<meta property=\"og:url\" content=\"https:\/\/www.electroluxprofessional.com\/no\/betalingslosninger-til-fellesvaskeri-airwallet\/\" \/>\n<meta property=\"og:site_name\" content=\"Electrolux Professional Norge\" \/>\n<meta property=\"article:modified_time\" content=\"2025-11-05T13:51:18+00:00\" \/>\n<meta property=\"og:image\" content=\"https:\/\/www.electroluxprofessional.com\/no\/wp-content\/uploads\/2022\/02\/FB_artikkelbilde-1200x628_booking_DK_air.jpg\" \/>\n<meta name=\"twitter:card\" content=\"summary_large_image\" \/>\n<meta name=\"twitter:label1\" content=\"Ansl. lesetid\" \/>\n\t<meta name=\"twitter:data1\" content=\"4 minutter\" \/>\n<script type=\"application\/ld+json\" class=\"yoast-schema-graph\">{\"@context\":\"https:\/\/schema.org\",\"@graph\":[{\"@type\":\"WebPage\",\"@id\":\"https:\/\/www.electroluxprofessional.com\/no\/betalingslosninger-til-fellesvaskeri-airwallet\/\",\"url\":\"https:\/\/www.electroluxprofessional.com\/no\/betalingslosninger-til-fellesvaskeri-airwallet\/\",\"name\":\"Betalingsl\u00f8sninger til fellesvaskeriet\",\"isPartOf\":{\"@id\":\"https:\/\/www.electroluxprofessional.com\/no\/#website\"},\"datePublished\":\"2021-12-27T16:33:02+00:00\",\"dateModified\":\"2025-11-05T13:51:18+00:00\",\"description\":\"Betalingsl\u00f8sninger til fellesvaskeri! Aktuelt med nye betalingsl\u00f8sninger til fellesvaskeret? Er du lei av \u00e5 administrere salg av poletter, mynter eller vaskekort til fellesvaskeriet? Er tiden inne for \u00e5 se p\u00e5 nye l\u00f8sninger? Electrolux Professionals leverer blant annet l\u00f8sning med AirWallet. Les mer her.\",\"breadcrumb\":{\"@id\":\"https:\/\/www.electroluxprofessional.com\/no\/betalingslosninger-til-fellesvaskeri-airwallet\/#breadcrumb\"},\"inLanguage\":\"nb-NO\",\"potentialAction\":[{\"@type\":\"ReadAction\",\"target\":[\"https:\/\/www.electroluxprofessional.com\/no\/betalingslosninger-til-fellesvaskeri-airwallet\/\"]}]},{\"@type\":\"BreadcrumbList\",\"@id\":\"https:\/\/www.electroluxprofessional.com\/no\/betalingslosninger-til-fellesvaskeri-airwallet\/#breadcrumb\",\"itemListElement\":[{\"@type\":\"ListItem\",\"position\":1,\"name\":\"Home\",\"item\":\"https:\/\/www.electroluxprofessional.com\/no\/\"},{\"@type\":\"ListItem\",\"position\":2,\"name\":\"Betalingsl\u00f8sninger til fellesvaskeriet med AirWallet\"}]},{\"@type\":\"WebSite\",\"@id\":\"https:\/\/www.electroluxprofessional.com\/no\/#website\",\"url\":\"https:\/\/www.electroluxprofessional.com\/no\/\",\"name\":\"Electrolux Professional Norge\",\"description\":\"\",\"potentialAction\":[{\"@type\":\"SearchAction\",\"target\":{\"@type\":\"EntryPoint\",\"urlTemplate\":\"https:\/\/www.electroluxprofessional.com\/no\/?src={search_term_string}\"},\"query-input\":\"required name=search_term_string\"}],\"inLanguage\":\"nb-NO\"}]}<\/script>\n<!-- \/ Yoast SEO plugin. -->","yoast_head_json":{"title":"Betalingsl\u00f8sninger til fellesvaskeriet","description":"Betalingsl\u00f8sninger til fellesvaskeri! Aktuelt med nye betalingsl\u00f8sninger til fellesvaskeret? Er du lei av \u00e5 administrere salg av poletter, mynter eller vaskekort til fellesvaskeriet? Er tiden inne for \u00e5 se p\u00e5 nye l\u00f8sninger? Electrolux Professionals leverer blant annet l\u00f8sning med AirWallet. Les mer her.","robots":{"index":"index","follow":"follow","max-snippet":"max-snippet:-1","max-image-preview":"max-image-preview:large","max-video-preview":"max-video-preview:-1"},"canonical":"https:\/\/www.electroluxprofessional.com\/no\/betalingslosninger-til-fellesvaskeri-airwallet\/","og_locale":"nb_NO","og_type":"article","og_title":"Betalingsl\u00f8sning","og_description":"Er du lei av \u00e5 administrere salg av poletter, mynter eller vaskekort til fellesvaskeriet? Er tiden inne for \u00e5 se p\u00e5 nye l\u00f8sninger? Les mer om Electrolux Professionals betalings- og reservasjonsl\u00f8sninger her","og_url":"https:\/\/www.electroluxprofessional.com\/no\/betalingslosninger-til-fellesvaskeri-airwallet\/","og_site_name":"Electrolux Professional Norge","article_modified_time":"2025-11-05T13:51:18+00:00","og_image":[{"url":"https:\/\/www.electroluxprofessional.com\/no\/wp-content\/uploads\/2022\/02\/FB_artikkelbilde-1200x628_booking_DK_air.jpg"}],"twitter_card":"summary_large_image","twitter_misc":{"Ansl. lesetid":"4 minutter"},"schema":{"@context":"https:\/\/schema.org","@graph":[{"@type":"WebPage","@id":"https:\/\/www.electroluxprofessional.com\/no\/betalingslosninger-til-fellesvaskeri-airwallet\/","url":"https:\/\/www.electroluxprofessional.com\/no\/betalingslosninger-til-fellesvaskeri-airwallet\/","name":"Betalingsl\u00f8sninger til fellesvaskeriet","isPartOf":{"@id":"https:\/\/www.electroluxprofessional.com\/no\/#website"},"datePublished":"2021-12-27T16:33:02+00:00","dateModified":"2025-11-05T13:51:18+00:00","description":"Betalingsl\u00f8sninger til fellesvaskeri! Aktuelt med nye betalingsl\u00f8sninger til fellesvaskeret? Er du lei av \u00e5 administrere salg av poletter, mynter eller vaskekort til fellesvaskeriet? Er tiden inne for \u00e5 se p\u00e5 nye l\u00f8sninger? Electrolux Professionals leverer blant annet l\u00f8sning med AirWallet. Les mer her.","breadcrumb":{"@id":"https:\/\/www.electroluxprofessional.com\/no\/betalingslosninger-til-fellesvaskeri-airwallet\/#breadcrumb"},"inLanguage":"nb-NO","potentialAction":[{"@type":"ReadAction","target":["https:\/\/www.electroluxprofessional.com\/no\/betalingslosninger-til-fellesvaskeri-airwallet\/"]}]},{"@type":"BreadcrumbList","@id":"https:\/\/www.electroluxprofessional.com\/no\/betalingslosninger-til-fellesvaskeri-airwallet\/#breadcrumb","itemListElement":[{"@type":"ListItem","position":1,"name":"Home","item":"https:\/\/www.electroluxprofessional.com\/no\/"},{"@type":"ListItem","position":2,"name":"Betalingsl\u00f8sninger til fellesvaskeriet med AirWallet"}]},{"@type":"WebSite","@id":"https:\/\/www.electroluxprofessional.com\/no\/#website","url":"https:\/\/www.electroluxprofessional.com\/no\/","name":"Electrolux Professional Norge","description":"","potentialAction":[{"@type":"SearchAction","target":{"@type":"EntryPoint","urlTemplate":"https:\/\/www.electroluxprofessional.com\/no\/?src={search_term_string}"},"query-input":"required name=search_term_string"}],"inLanguage":"nb-NO"}]}},"_links":{"self":[{"href":"https:\/\/www.electroluxprofessional.com\/no\/wp-json\/wp\/v2\/pages\/9698"}],"collection":[{"href":"https:\/\/www.electroluxprofessional.com\/no\/wp-json\/wp\/v2\/pages"}],"about":[{"href":"https:\/\/www.electroluxprofessional.com\/no\/wp-json\/wp\/v2\/types\/page"}],"author":[{"embeddable":true,"href":"https:\/\/www.electroluxprofessional.com\/no\/wp-json\/wp\/v2\/users\/1"}],"replies":[{"embeddable":true,"href":"https:\/\/www.electroluxprofessional.com\/no\/wp-json\/wp\/v2\/comments?post=9698"}],"version-history":[{"count":14,"href":"https:\/\/www.electroluxprofessional.com\/no\/wp-json\/wp\/v2\/pages\/9698\/revisions"}],"predecessor-version":[{"id":14857,"href":"https:\/\/www.electroluxprofessional.com\/no\/wp-json\/wp\/v2\/pages\/9698\/revisions\/14857"}],"wp:attachment":[{"href":"https:\/\/www.electroluxprofessional.com\/no\/wp-json\/wp\/v2\/media?parent=9698"}],"curies":[{"name":"wp","href":"https:\/\/api.w.org\/{rel}","templated":true}]}}