{"id":8774,"date":"2021-09-23T12:12:45","date_gmt":"2021-09-23T12:12:45","guid":{"rendered":"https:\/\/www.electroluxprofessional.com\/?page_id=35632"},"modified":"2023-05-03T12:11:28","modified_gmt":"2023-05-03T12:11:28","slug":"trinity-pro-skjare-og-kuttemaskiner","status":"publish","type":"page","link":"https:\/\/www.electroluxprofessional.com\/no\/trinity-pro-skjare-og-kuttemaskiner\/","title":{"rendered":"TrinityPro skj\u00e6re- og kuttemaskiner"},"content":{"rendered":"<p>[vc_row full_width=&#8221;electroluxpro-full-width-no-padding&#8221; css=&#8221;.vc_custom_1624030230319{margin-top: -30px !important;border-top-width: -30px !important;padding-top: -30px !important;}&#8221;][vc_column css=&#8221;.vc_custom_1624430963576{padding-top: 50px !important;padding-bottom: 50px !important;}&#8221;][elx_hero_video text_position=&#8221;hero_video_text_align_left&#8221; background_colors=&#8221;background-gold&#8221; background_video_mp4=&#8221;https:\/\/www.electroluxprofessional.com\/no\/wp-content\/uploads\/2021\/12\/TrinityPro-Web-Banner.mp4&#8243;][vc_column_text]<\/p>\n<h1><span style=\"color: #ffffff;\">TrinityPro forbi fantasien<\/span><\/h1>\n<p>[\/vc_column_text][vc_empty_space][vc_column_text]<span style=\"color: #ffffff;\"><a style=\"color: #ffffff;\" href=\"#contact-us\">Ta kontakt med v\u00e5re eksperter<\/a><\/span>[\/vc_column_text][\/elx_hero_video][\/vc_column][\/vc_row][vc_row full_width=&#8221;electroluxpro-full-width-no-padding&#8221; disable_element=&#8221;yes&#8221; css=&#8221;.vc_custom_1624430911394{margin-top: -30px !important;border-top-width: -30px !important;padding-top: -30px !important;}&#8221;][vc_column][elx_full_banner title=&#8221;TrinityPro Beyond imagination&#8221; set_as_h1=&#8221;true&#8221; background_image_media_library=&#8221;8772&#8243; background_image_media_library_mobile=&#8221;8773&#8243; link=&#8221;url:%23contact-us|title:Get%20in%20contact%20with%20our%20Experts||&#8221;][\/vc_column][\/vc_row][vc_row][vc_column][vc_empty_space][\/vc_column][\/vc_row][vc_row][vc_column width=&#8221;1\/3&#8243; offset=&#8221;vc_hidden-xs&#8221;][vc_column_text]<\/p>\n<h4 style=\"text-align: center;\">Gr\u00f8nnsaksskj\u00e6rere<\/h4>\n<p>[\/vc_column_text][vc_empty_space height=&#8221;15px&#8221;][vc_single_image image=&#8221;8757&#8243; img_size=&#8221;large&#8221; alignment=&#8221;center&#8221;][\/vc_column][vc_column width=&#8221;1\/3&#8243; offset=&#8221;vc_hidden-xs&#8221;][vc_column_text]<\/p>\n<h4 style=\"text-align: center;\">Foodprosessorer<\/h4>\n<p>[\/vc_column_text][vc_empty_space height=&#8221;15px&#8221;][vc_single_image image=&#8221;8758&#8243; img_size=&#8221;large&#8221; alignment=&#8221;center&#8221;][\/vc_column][vc_column width=&#8221;1\/3&#8243; offset=&#8221;vc_hidden-xs&#8221;][vc_column_text]<\/p>\n<h4 style=\"text-align: center;\">Kombinert kutter\/skj\u00e6rer<\/h4>\n<p>[\/vc_column_text][vc_empty_space height=&#8221;15px&#8221;][vc_single_image image=&#8221;8759&#8243; img_size=&#8221;large&#8221; alignment=&#8221;center&#8221;][\/vc_column][\/vc_row][vc_row][vc_column width=&#8221;1\/3&#8243; offset=&#8221;vc_hidden-lg vc_hidden-md vc_hidden-sm&#8221;][vc_column_text]<\/p>\n<h4 style=\"text-align: center;\">Gr\u00f8nnsaks- skj\u00e6rere<\/h4>\n<p>[\/vc_column_text][vc_empty_space height=&#8221;15px&#8221;][vc_single_image image=&#8221;8760&#8243; img_size=&#8221;large&#8221; alignment=&#8221;center&#8221;][\/vc_column][vc_column width=&#8221;1\/3&#8243; offset=&#8221;vc_hidden-lg vc_hidden-md vc_hidden-sm&#8221;][vc_column_text]<\/p>\n<h4 style=\"text-align: center;\">Food- processorer<\/h4>\n<p>[\/vc_column_text][vc_empty_space height=&#8221;15px&#8221;][vc_single_image image=&#8221;8758&#8243; img_size=&#8221;large&#8221; alignment=&#8221;center&#8221;][\/vc_column][vc_column width=&#8221;1\/3&#8243; offset=&#8221;vc_hidden-lg vc_hidden-md vc_hidden-sm&#8221;][vc_column_text]<\/p>\n<h4 style=\"text-align: center;\">Kombinert kutter\/skj\u00e6rer<\/h4>\n<p>[\/vc_column_text][vc_empty_space height=&#8221;15px&#8221;][vc_single_image image=&#8221;8761&#8243; img_size=&#8221;large&#8221; alignment=&#8221;center&#8221;][\/vc_column][\/vc_row][vc_row][vc_column][vc_empty_space][\/vc_column][\/vc_row][vc_row equal_height=&#8221;yes&#8221; content_placement=&#8221;middle&#8221; css=&#8221;.vc_custom_1624266944547{padding-top: 25px !important;}&#8221;][vc_column width=&#8221;1\/2&#8243; css=&#8221;.vc_custom_1624266957774{margin-right: 1% !important;padding-top: 25px !important;padding-bottom: 25px !important;background-color: #f9f9f9 !important;}&#8221;][vc_row_inner css=&#8221;.vc_custom_1624267041364{padding-top: 25px !important;}&#8221;][vc_column_inner width=&#8221;1\/3&#8243;][vc_single_image image=&#8221;8762&#8243; img_size=&#8221;94&#215;170&#8243; alignment=&#8221;center&#8221;][\/vc_column_inner][vc_column_inner width=&#8221;2\/3&#8243;][vc_column_text]<\/p>\n<h4>Menneske i fokus. Sertifisert design<\/h4>\n<p>Ergosertifisert til 4-stjerner for ergonomisk design og brukervennlighet.<\/p>\n<p>[\/vc_column_text][\/vc_column_inner][\/vc_row_inner][\/vc_column][vc_column width=&#8221;1\/2&#8243; css=&#8221;.vc_custom_1624032135668{margin-left: 1% !important;padding-top: 25px !important;padding-bottom: 25px !important;background-color: #f9f9f9 !important;}&#8221;][vc_row_inner css=&#8221;.vc_custom_1624267024155{padding-top: 25px !important;}&#8221;][vc_column_inner width=&#8221;1\/3&#8243;][vc_single_image image=&#8221;8763&#8243; img_size=&#8221;170&#215;170&#8243; alignment=&#8221;center&#8221;][\/vc_column_inner][vc_column_inner width=&#8221;2\/3&#8243;][vc_column_text]<\/p>\n<h4>BPA-fri Matsikkerhet i fokus<\/h4>\n<p>BPA-frie materialer kompatible med internasjonale matsikkerhetsstandarder.[\/vc_column_text][\/vc_column_inner][\/vc_row_inner][\/vc_column][\/vc_row][vc_row equal_height=&#8221;yes&#8221; content_placement=&#8221;middle&#8221; css=&#8221;.vc_custom_1624266944547{padding-top: 25px !important;}&#8221;][vc_column width=&#8221;1\/2&#8243; css=&#8221;.vc_custom_1624267173263{margin-right: 1% !important;padding-top: 25px !important;padding-bottom: 25px !important;}&#8221;][vc_row_inner css=&#8221;.vc_custom_1624267041364{padding-top: 25px !important;}&#8221;][vc_column_inner width=&#8221;1\/3&#8243;][vc_single_image image=&#8221;6165&#8243; img_size=&#8221;170&#215;170&#8243; alignment=&#8221;center&#8221;][\/vc_column_inner][vc_column_inner width=&#8221;2\/3&#8243;][vc_column_text]<\/p>\n<h4>Kompakte og fleksible<\/h4>\n<p>Plassbeparende og med et fullstendig utvalg av tilbeh\u00f8r, i ulike kapasiteter og for ulike arbeidsoppgaver[\/vc_column_text][\/vc_column_inner][\/vc_row_inner][\/vc_column][vc_column width=&#8221;1\/2&#8243; css=&#8221;.vc_custom_1624267184151{margin-left: 1% !important;padding-top: 25px !important;padding-bottom: 25px !important;}&#8221;][vc_row_inner css=&#8221;.vc_custom_1624267024155{padding-top: 25px !important;}&#8221;][vc_column_inner width=&#8221;1\/3&#8243;][vc_single_image image=&#8221;8764&#8243; img_size=&#8221;170&#215;170&#8243; alignment=&#8221;center&#8221;][\/vc_column_inner][vc_column_inner width=&#8221;2\/3&#8243;][vc_column_text]<\/p>\n<h4>100 % sikkert og enkelt<\/h4>\n<p>Operat\u00f8rsikkerhet ivaretatt. Enkel installasjon, intuitivt kontrollpanel og enkel rengj\u00f8ring med 100 % oppvaskmaskinsikre komponenter.[\/vc_column_text][\/vc_column_inner][\/vc_row_inner][\/vc_column][\/vc_row][vc_row equal_height=&#8221;yes&#8221; content_placement=&#8221;middle&#8221; css=&#8221;.vc_custom_1624266944547{padding-top: 25px !important;}&#8221;][vc_column width=&#8221;1\/2&#8243; css=&#8221;.vc_custom_1624267173263{margin-right: 1% !important;padding-top: 25px !important;padding-bottom: 25px !important;}&#8221;][vc_row_inner css=&#8221;.vc_custom_1624267041364{padding-top: 25px !important;}&#8221;][vc_column_inner width=&#8221;1\/3&#8243;][vc_single_image image=&#8221;8765&#8243; img_size=&#8221;170&#215;170&#8243; alignment=&#8221;center&#8221;][\/vc_column_inner][vc_column_inner width=&#8221;2\/3&#8243;][vc_column_text]<\/p>\n<h4>H\u00f8y ytelse<\/h4>\n<p>En p\u00e5litelig, profesjonell l\u00f8sning som sikrer enest\u00e5ende resultater av kutting i skiver, terninger, blanding og emulering.[\/vc_column_text][\/vc_column_inner][\/vc_row_inner][\/vc_column][vc_column width=&#8221;1\/2&#8243; css=&#8221;.vc_custom_1624267184151{margin-left: 1% !important;padding-top: 25px !important;padding-bottom: 25px !important;}&#8221;][vc_row_inner css=&#8221;.vc_custom_1624267024155{padding-top: 25px !important;}&#8221;][vc_column_inner width=&#8221;1\/3&#8243;][vc_single_image image=&#8221;8766&#8243; img_size=&#8221;170&#215;170&#8243; alignment=&#8221;center&#8221;][\/vc_column_inner][vc_column_inner width=&#8221;2\/3&#8243;][vc_column_text]<\/p>\n<h4>Sertifisert ergonomi<\/h4>\n<p>Mindre slit ved kutting av harde gr\u00f8nnsaker takket v\u00e6re den patentbeskyttede* spakeskyveren.[\/vc_column_text][\/vc_column_inner][\/vc_row_inner][\/vc_column][\/vc_row][vc_row][vc_column][vc_empty_space][\/vc_column][\/vc_row][vc_row][vc_column][vc_column_text]<\/p>\n<h2 style=\"text-align: center;\">TrinityPro &#8211; usammenlignbar kvalitet, presisjon og ytelse<\/h2>\n<p>[\/vc_column_text][vc_empty_space][\/vc_column][\/vc_row][vc_row][vc_column width=&#8221;1\/2&#8243;][vc_row_inner][vc_column_inner width=&#8221;1\/6&#8243;][vc_empty_space height=&#8221;15px&#8221;][\/vc_column_inner][vc_column_inner width=&#8221;2\/3&#8243;][vc_single_image image=&#8221;8767&#8243; img_size=&#8221;medium&#8221; alignment=&#8221;center&#8221;][vc_empty_space height=&#8221;15px&#8221;][vc_column_text css=&#8221;.vc_custom_1624268437532{padding-top: 15px !important;padding-bottom: 15px !important;background-color: #14133b !important;}&#8221;]<\/p>\n<h4 style=\"text-align: center;\"><span style=\"color: #ffffff;\">PATENTERT*<\/span><\/h4>\n<p>[\/vc_column_text][vc_empty_space height=&#8221;15px&#8221;][vc_column_text]<\/p>\n<h4 style=\"margin-top: 0;\">Hurtig, enkel og ergonomisk<\/h4>\n<p>Konsistente resultater og enkle operasjoner med mindre p\u00e5kjenning, takket v\u00e6re den patentbeskyttede* designet p\u00e5 spakeskyveren. <span style=\"font-size: 12px;\">* Spakeskyver s\u00f8kte om patent EP19165854 og relatert familie.<\/span>[\/vc_column_text][\/vc_column_inner][vc_column_inner width=&#8221;1\/6&#8243;][vc_empty_space height=&#8221;15px&#8221;][\/vc_column_inner][\/vc_row_inner][\/vc_column][vc_column width=&#8221;1\/2&#8243;][vc_row_inner][vc_column_inner width=&#8221;1\/6&#8243;][vc_empty_space height=&#8221;15px&#8221;][\/vc_column_inner][vc_column_inner width=&#8221;2\/3&#8243;][vc_single_image image=&#8221;8768&#8243; img_size=&#8221;medium&#8221; alignment=&#8221;center&#8221;][vc_empty_space height=&#8221;15px&#8221;][vc_column_text css=&#8221;.vc_custom_1624268614458{padding-top: 5px !important;padding-bottom: 5px !important;background-color: #14133b !important;}&#8221;]<\/p>\n<h4 style=\"text-align: center;\"><span style=\"color: #ffffff;\">Kontinuerlig skraping uten \u00e5 stoppe<\/span><\/h4>\n<p>[\/vc_column_text][vc_empty_space height=&#8221;15px&#8221;][vc_column_text]<\/p>\n<h4 style=\"margin-top: 0;\">Konsistent blanding<\/h4>\n<p>En bolleskrape som skraper av bollen innvendig mens du kj\u00f8rer maskinen. Trakt som gj\u00f8r det enkelt \u00e5 tilsette v\u00e6ske mens maskinen g\u00e5r.[\/vc_column_text][\/vc_column_inner][vc_column_inner width=&#8221;1\/6&#8243;][vc_empty_space height=&#8221;15px&#8221;][\/vc_column_inner][\/vc_row_inner][\/vc_column][\/vc_row][vc_row][vc_column][vc_empty_space height=&#8221;50px&#8221;][\/vc_column][\/vc_row][vc_row][vc_column width=&#8221;1\/2&#8243;][elx_download_block text=&#8221;Last ned Trinity Pro brosjyre&#8221; document_type=&#8221;brochures&#8221; background_color=&#8221;cat-create&#8221; br_document_number=&#8221;BR-9JE00184&#8243;][\/vc_column][vc_column width=&#8221;1\/2&#8243;][elx_download_block text=&#8221;Last ned TrinityPro Selection Guide&#8221; file_picker=&#8221;35739&#8243; background_color=&#8221;cat-create&#8221;][\/vc_column][\/vc_row][vc_row][vc_column][vc_column_text]<\/p>\n<h2 style=\"text-align: center;\">TrinityPro den rette l\u00f8sningen for din bedrift?<\/h2>\n<p>[\/vc_column_text][vc_empty_space][\/vc_column][\/vc_row][vc_row][vc_column width=&#8221;1\/3&#8243;][vc_empty_space height=&#8221;25px&#8221;][elx_video_block background_image=&#8221;8769&#8243; video_link=&#8221;https:\/\/www.youtube.com\/watch?v=KmaN2w6H6A0&#8243; minimum_height=&#8221;350px&#8221;][vc_column_text]<\/p>\n<h3 style=\"text-align: center;\">Pleiesegment Alders- og sykehjem<\/h3>\n<p>[\/vc_column_text][\/vc_column][vc_column width=&#8221;1\/3&#8243;][vc_empty_space height=&#8221;25px&#8221;][elx_video_block background_image=&#8221;8770&#8243; video_link=&#8221;https:\/\/www.youtube.com\/watch?v=U-7HMLtDu-A&#8221; minimum_height=&#8221;350px&#8221;][vc_column_text]<\/p>\n<h3 style=\"text-align: center;\">Skole Barnehage<\/h3>\n<p>[\/vc_column_text][\/vc_column][vc_column width=&#8221;1\/3&#8243;][vc_empty_space height=&#8221;25px&#8221;][elx_video_block background_image=&#8221;8771&#8243; video_link=&#8221;https:\/\/www.youtube.com\/watch?v=pvHgvV6L0Q4&#8243; minimum_height=&#8221;350px&#8221;][vc_column_text]<\/p>\n<h3 style=\"text-align: center;\">Restaurantkjeder Butikk\/stormarked<\/h3>\n<p>[\/vc_column_text][\/vc_column][\/vc_row][vc_row][vc_column][vc_empty_space height=&#8221;50px&#8221;][\/vc_column][\/vc_row][vc_row el_id=&#8221;contact-us&#8221;][vc_column][elx_heading font_size=&#8221;h2&#8243; text_color=&#8221;inherit&#8221; text_align=&#8221;text-left&#8221;]Ta kontakt med oss for mer informasjon![\/elx_heading][vc_empty_space][elx_o2000_contact_us s=&#8221;Informasjon om Trinity Pro&#8221; campaign=&#8221;7015p000001Zlz1AAC&#8221; text_send_button=&#8221;Ja, dette \u00f8nsker jeg \u00e5 vite mer om!&#8221; country=&#8221;Norway&#8221; b=&#8221;food&#8221; thanks=&#8221;Takk for din interesse&#8221; r=&#8221;Jeg \u00f8nsker \u00e5 vite mer om Trinity Pro&#8221; l=&#8221;en&#8221;][vc_empty_space][\/vc_column][\/vc_row][vc_row][vc_column][\/vc_column][\/vc_row]<\/p>\n","protected":false},"excerpt":{"rendered":"<p>[vc_row full_width=&#8221;electroluxpro-full-width-no-padding&#8221; css=&#8221;.vc_custom_1624030230319{margin-top: -30px !important;border-top-width: -30px !important;padding-top: -30px !important;}&#8221;][vc_column css=&#8221;.vc_custom_1624430963576{padding-top: 50px !important;padding-bottom: 50px !important;}&#8221;][elx_hero_video text_position=&#8221;hero_video_text_align_left&#8221; background_colors=&#8221;background-gold&#8221; background_video_mp4=&#8221;https:\/\/www.electroluxprofessional.com\/no\/wp-content\/uploads\/2021\/12\/TrinityPro-Web-Banner.mp4&#8243;][vc_column_text] TrinityPro forbi fantasien [\/vc_column_text][vc_empty_space][vc_column_text]Ta kontakt med v\u00e5re eksperter[\/vc_column_text][\/elx_hero_video][\/vc_column][\/vc_row][vc_row full_width=&#8221;electroluxpro-full-width-no-padding&#8221; disable_element=&#8221;yes&#8221; css=&#8221;.vc_custom_1624430911394{margin-top: -30px !important;border-top-width: -30px !important;padding-top: -30px !important;}&#8221;][vc_column][elx_full_banner title=&#8221;TrinityPro Beyond imagination&#8221; set_as_h1=&#8221;true&#8221; background_image_media_library=&#8221;8772&#8243; background_image_media_library_mobile=&#8221;8773&#8243; link=&#8221;url:%23contact-us|title:Get%20in%20contact%20with%20our%20Experts||&#8221;][\/vc_column][\/vc_row][vc_row][vc_column][vc_empty_space][\/vc_column][\/vc_row][vc_row][vc_column width=&#8221;1\/3&#8243; offset=&#8221;vc_hidden-xs&#8221;][vc_column_text] Gr\u00f8nnsaksskj\u00e6rere [\/vc_column_text][vc_empty_space height=&#8221;15px&#8221;][vc_single_image image=&#8221;8757&#8243; img_size=&#8221;large&#8221; alignment=&#8221;center&#8221;][\/vc_column][vc_column width=&#8221;1\/3&#8243; offset=&#8221;vc_hidden-xs&#8221;][vc_column_text] Foodprosessorer [\/vc_column_text][vc_empty_space height=&#8221;15px&#8221;][vc_single_image image=&#8221;8758&#8243; [&hellip;]<\/p>\n","protected":false},"author":3,"featured_media":0,"parent":0,"menu_order":0,"comment_status":"closed","ping_status":"closed","template":"","meta":{"footnotes":""},"class_list":["post-8774","page","type-page","status-publish","hentry"],"acf":[],"yoast_head":"<!-- This site is optimized with the Yoast SEO plugin v23.3 - https:\/\/yoast.com\/wordpress\/plugins\/seo\/ -->\n<title>TrinityPro skj\u00e6re- og kuttemaskiner - Electrolux Professional Norge<\/title>\n<meta name=\"description\" content=\"TrinityPro gr\u00f8nnsaksskj\u00e6rere, food processorer, kutte- og kombinasjonsmaskiner er en serie som er profesjonelle, fullutstyrte, kompakte, effektive og, brukervennlige\" \/>\n<meta name=\"robots\" content=\"index, follow, max-snippet:-1, max-image-preview:large, max-video-preview:-1\" \/>\n<link rel=\"canonical\" href=\"https:\/\/www.electroluxprofessional.com\/no\/trinity-pro-skjare-og-kuttemaskiner\/\" \/>\n<meta property=\"og:locale\" content=\"nb_NO\" \/>\n<meta property=\"og:type\" content=\"article\" \/>\n<meta property=\"og:title\" content=\"TrinityPro skj\u00e6re- og kuttemaskiner - Electrolux Professional Norge\" \/>\n<meta property=\"og:description\" content=\"TrinityPro gr\u00f8nnsaksskj\u00e6rere, food processorer, kutte- og kombinasjonsmaskiner er en serie som er profesjonelle, fullutstyrte, kompakte, effektive og, brukervennlige\" \/>\n<meta property=\"og:url\" content=\"https:\/\/www.electroluxprofessional.com\/no\/trinity-pro-skjare-og-kuttemaskiner\/\" \/>\n<meta property=\"og:site_name\" content=\"Electrolux Professional Norge\" \/>\n<meta property=\"article:modified_time\" content=\"2023-05-03T12:11:28+00:00\" \/>\n<meta name=\"twitter:card\" content=\"summary_large_image\" \/>\n<meta name=\"twitter:label1\" content=\"Ansl. lesetid\" \/>\n\t<meta name=\"twitter:data1\" content=\"7 minutter\" \/>\n<script type=\"application\/ld+json\" class=\"yoast-schema-graph\">{\"@context\":\"https:\/\/schema.org\",\"@graph\":[{\"@type\":\"WebPage\",\"@id\":\"https:\/\/www.electroluxprofessional.com\/no\/trinity-pro-skjare-og-kuttemaskiner\/\",\"url\":\"https:\/\/www.electroluxprofessional.com\/no\/trinity-pro-skjare-og-kuttemaskiner\/\",\"name\":\"TrinityPro skj\u00e6re- og kuttemaskiner - Electrolux Professional Norge\",\"isPartOf\":{\"@id\":\"https:\/\/www.electroluxprofessional.com\/no\/#website\"},\"datePublished\":\"2021-09-23T12:12:45+00:00\",\"dateModified\":\"2023-05-03T12:11:28+00:00\",\"description\":\"TrinityPro gr\u00f8nnsaksskj\u00e6rere, food processorer, kutte- og kombinasjonsmaskiner er en serie som er profesjonelle, fullutstyrte, kompakte, effektive og, brukervennlige\",\"breadcrumb\":{\"@id\":\"https:\/\/www.electroluxprofessional.com\/no\/trinity-pro-skjare-og-kuttemaskiner\/#breadcrumb\"},\"inLanguage\":\"nb-NO\",\"potentialAction\":[{\"@type\":\"ReadAction\",\"target\":[\"https:\/\/www.electroluxprofessional.com\/no\/trinity-pro-skjare-og-kuttemaskiner\/\"]}]},{\"@type\":\"BreadcrumbList\",\"@id\":\"https:\/\/www.electroluxprofessional.com\/no\/trinity-pro-skjare-og-kuttemaskiner\/#breadcrumb\",\"itemListElement\":[{\"@type\":\"ListItem\",\"position\":1,\"name\":\"Home\",\"item\":\"https:\/\/www.electroluxprofessional.com\/no\/\"},{\"@type\":\"ListItem\",\"position\":2,\"name\":\"TrinityPro skj\u00e6re- og kuttemaskiner\"}]},{\"@type\":\"WebSite\",\"@id\":\"https:\/\/www.electroluxprofessional.com\/no\/#website\",\"url\":\"https:\/\/www.electroluxprofessional.com\/no\/\",\"name\":\"Electrolux Professional Norge\",\"description\":\"\",\"potentialAction\":[{\"@type\":\"SearchAction\",\"target\":{\"@type\":\"EntryPoint\",\"urlTemplate\":\"https:\/\/www.electroluxprofessional.com\/no\/?src={search_term_string}\"},\"query-input\":\"required name=search_term_string\"}],\"inLanguage\":\"nb-NO\"}]}<\/script>\n<!-- \/ Yoast SEO plugin. -->","yoast_head_json":{"title":"TrinityPro skj\u00e6re- og kuttemaskiner - Electrolux Professional Norge","description":"TrinityPro gr\u00f8nnsaksskj\u00e6rere, food processorer, kutte- og kombinasjonsmaskiner er en serie som er profesjonelle, fullutstyrte, kompakte, effektive og, brukervennlige","robots":{"index":"index","follow":"follow","max-snippet":"max-snippet:-1","max-image-preview":"max-image-preview:large","max-video-preview":"max-video-preview:-1"},"canonical":"https:\/\/www.electroluxprofessional.com\/no\/trinity-pro-skjare-og-kuttemaskiner\/","og_locale":"nb_NO","og_type":"article","og_title":"TrinityPro skj\u00e6re- og kuttemaskiner - Electrolux Professional Norge","og_description":"TrinityPro gr\u00f8nnsaksskj\u00e6rere, food processorer, kutte- og kombinasjonsmaskiner er en serie som er profesjonelle, fullutstyrte, kompakte, effektive og, brukervennlige","og_url":"https:\/\/www.electroluxprofessional.com\/no\/trinity-pro-skjare-og-kuttemaskiner\/","og_site_name":"Electrolux Professional Norge","article_modified_time":"2023-05-03T12:11:28+00:00","twitter_card":"summary_large_image","twitter_misc":{"Ansl. lesetid":"7 minutter"},"schema":{"@context":"https:\/\/schema.org","@graph":[{"@type":"WebPage","@id":"https:\/\/www.electroluxprofessional.com\/no\/trinity-pro-skjare-og-kuttemaskiner\/","url":"https:\/\/www.electroluxprofessional.com\/no\/trinity-pro-skjare-og-kuttemaskiner\/","name":"TrinityPro skj\u00e6re- og kuttemaskiner - Electrolux Professional Norge","isPartOf":{"@id":"https:\/\/www.electroluxprofessional.com\/no\/#website"},"datePublished":"2021-09-23T12:12:45+00:00","dateModified":"2023-05-03T12:11:28+00:00","description":"TrinityPro gr\u00f8nnsaksskj\u00e6rere, food processorer, kutte- og kombinasjonsmaskiner er en serie som er profesjonelle, fullutstyrte, kompakte, effektive og, brukervennlige","breadcrumb":{"@id":"https:\/\/www.electroluxprofessional.com\/no\/trinity-pro-skjare-og-kuttemaskiner\/#breadcrumb"},"inLanguage":"nb-NO","potentialAction":[{"@type":"ReadAction","target":["https:\/\/www.electroluxprofessional.com\/no\/trinity-pro-skjare-og-kuttemaskiner\/"]}]},{"@type":"BreadcrumbList","@id":"https:\/\/www.electroluxprofessional.com\/no\/trinity-pro-skjare-og-kuttemaskiner\/#breadcrumb","itemListElement":[{"@type":"ListItem","position":1,"name":"Home","item":"https:\/\/www.electroluxprofessional.com\/no\/"},{"@type":"ListItem","position":2,"name":"TrinityPro skj\u00e6re- og kuttemaskiner"}]},{"@type":"WebSite","@id":"https:\/\/www.electroluxprofessional.com\/no\/#website","url":"https:\/\/www.electroluxprofessional.com\/no\/","name":"Electrolux Professional Norge","description":"","potentialAction":[{"@type":"SearchAction","target":{"@type":"EntryPoint","urlTemplate":"https:\/\/www.electroluxprofessional.com\/no\/?src={search_term_string}"},"query-input":"required name=search_term_string"}],"inLanguage":"nb-NO"}]}},"_links":{"self":[{"href":"https:\/\/www.electroluxprofessional.com\/no\/wp-json\/wp\/v2\/pages\/8774"}],"collection":[{"href":"https:\/\/www.electroluxprofessional.com\/no\/wp-json\/wp\/v2\/pages"}],"about":[{"href":"https:\/\/www.electroluxprofessional.com\/no\/wp-json\/wp\/v2\/types\/page"}],"author":[{"embeddable":true,"href":"https:\/\/www.electroluxprofessional.com\/no\/wp-json\/wp\/v2\/users\/3"}],"replies":[{"embeddable":true,"href":"https:\/\/www.electroluxprofessional.com\/no\/wp-json\/wp\/v2\/comments?post=8774"}],"version-history":[{"count":12,"href":"https:\/\/www.electroluxprofessional.com\/no\/wp-json\/wp\/v2\/pages\/8774\/revisions"}],"predecessor-version":[{"id":11416,"href":"https:\/\/www.electroluxprofessional.com\/no\/wp-json\/wp\/v2\/pages\/8774\/revisions\/11416"}],"wp:attachment":[{"href":"https:\/\/www.electroluxprofessional.com\/no\/wp-json\/wp\/v2\/media?parent=8774"}],"curies":[{"name":"wp","href":"https:\/\/api.w.org\/{rel}","templated":true}]}}