{"id":7670,"date":"2021-05-18T11:45:26","date_gmt":"2021-05-18T11:45:26","guid":{"rendered":"https:\/\/www.electroluxprofessional.com\/?page_id=32511"},"modified":"2025-11-05T13:57:16","modified_gmt":"2025-11-05T13:57:16","slug":"fellesvaskeri","status":"publish","type":"page","link":"https:\/\/www.electroluxprofessional.com\/no\/fellesvaskeri\/","title":{"rendered":"Fellesvaskeri"},"content":{"rendered":"<p>[vc_row full_width=&#8221;electroluxpro-full-width-no-padding&#8221; equal_height=&#8221;yes&#8221; css=&#8221;.vc_custom_1604054607517{margin-top: -30px !important;border-top-width: -30px !important;padding-top: -30px !important;}&#8221;][vc_column][elx_full_banner title=&#8221;Fellesvaskeri&#8221; set_as_h1=&#8221;true&#8221; background_image_media_library=&#8221;11210&#8243; link=&#8221;url:%23contact|title:F%C3%A5%20tilbud%20om%20en%20vaskeril%C3%B8sning%20i%20dag||&#8221; background_image_media_library_mobile=&#8221;11211&#8243;][\/vc_column][\/vc_row][vc_row][vc_column][vc_empty_space][elx_heading font_size=&#8221;h2&#8243; text_color=&#8221;inherit&#8221; text_align=&#8221;text-center&#8221;]For borettslag, studentboliger og sameier med behov for et fellesvaskeri[\/elx_heading][vc_empty_space][vc_column_text]<\/p>\n<p style=\"text-align: center; font-size: 22px;\">Er du styreleder i et borettslag\/sameie? Ute etter en l\u00f8sning for beboerne for vask av kl\u00e6r og tekstiler? Hvis du er p\u00e5 jakt etter et p\u00e5litelig, profesjonelt, praktisk og driftssikkert vaskeriutstyr som b\u00e5de kan vaske og t\u00f8rke, s\u00e5 har vi det du trenger!<\/p>\n<p>[\/vc_column_text][vc_empty_space][vc_row_inner][vc_column_inner width=&#8221;1\/2&#8243;][vc_column_text]<\/p>\n<ul>\n<li style=\"font-size: 20px;\">Leiligheter<\/li>\n<li style=\"font-size: 20px;\">Sovesaler<\/li>\n<li style=\"font-size: 20px;\">Universiteter, h\u00f8yskoler og folkeh\u00f8yskoler<\/li>\n<li style=\"font-size: 20px;\">Studenthjem\/-boliger<\/li>\n<\/ul>\n<p>[\/vc_column_text][\/vc_column_inner][vc_column_inner width=&#8221;1\/2&#8243;][vc_column_text]<\/p>\n<ul>\n<li style=\"font-size: 20px;\">Boliger for sesongarbeidere<\/li>\n<li style=\"font-size: 20px;\">Langtidsboliger for innleid arbeidskraft<\/li>\n<li style=\"font-size: 20px;\">Kollektiv<\/li>\n<\/ul>\n<p>[\/vc_column_text][\/vc_column_inner][\/vc_row_inner][vc_empty_space][vc_row_inner][vc_column_inner width=&#8221;1\/3&#8243;][elx_download_block text=&#8221;Last ned &#8220;Gode r\u00e5d til hygienisk vask i fellesvaskeriet&#8220;&#8221; document_type=&#8221;leaflets&#8221; file_picker=&#8221;7733&#8243; background_color=&#8221;electrolux-blue&#8221;][\/vc_column_inner][vc_column_inner width=&#8221;1\/3&#8243;][elx_download_block text=&#8221;Last ned &#8220;Enkle tips til et hyggeligere vaskeri&#8220;&#8221; document_type=&#8221;leaflets&#8221; file_picker=&#8221;7931&#8243; background_color=&#8221;electrolux-blue&#8221;][\/vc_column_inner][vc_column_inner width=&#8221;1\/3&#8243;][elx_download_block text=&#8221;Vasketips til studenter eller &#8220;f\u00f8rstegangsvaskere&#8220;&#8221; document_type=&#8221;leaflets&#8221; file_picker=&#8221;10699&#8243; background_color=&#8221;electrolux-blue&#8221;][\/vc_column_inner][\/vc_row_inner][\/vc_column][\/vc_row][vc_row full_width=&#8221;electroluxpro-full-width&#8221;][vc_column][elx_hero_slider text_position=&#8221;hero_slider_text_align_right&#8221; text_color=&#8221;electrolux-blue&#8221; label_text_color=&#8221;electrolux-blue&#8221; images=&#8221;11219&#8243;][elx_heading font_container=&#8221;h4&#8243; font_size=&#8221;h4&#8243; text_color=&#8221;electrolux-blue&#8221; text_align=&#8221;text-left&#8221;]Markedets beste effektivitet og laveste fellesutgifter[\/elx_heading][vc_column_text]<\/p>\n<p style=\"font-size: 20px;\">Vaskerier i <strong>borettslag\/sameie\/fellesbolig<\/strong><br \/>\nleverer kvalitet n\u00e5r de kan tilby: gode vaskeresultater, korte vasketider,<br \/>\nlave driftskostnader og driftssikkerhet. Derfor trenger du en partner med<br \/>\nsolid <strong>ekspertise og erfaring<\/strong> \u2013 en som virkelig har greie p\u00e5<br \/>\nprofesjonelle produkter som skal brukes av mange mennesker.<\/p>\n<p>[\/vc_column_text][\/elx_hero_slider][vc_empty_space][\/vc_column][\/vc_row][vc_row][vc_column][vc_empty_space][elx_heading font_size=&#8221;h2&#8243; text_color=&#8221;inherit&#8221; text_align=&#8221;text-center&#8221;]Skreddersydde l\u00f8sninger[\/elx_heading][vc_empty_space][vc_column_text]<\/p>\n<p style=\"font-size: 22px; text-align: center;\">Vi er her for \u00e5 hjelpe deg med \u00e5 <strong>sette sammen en l\u00f8sning som passer for deres behov.<\/strong><br \/>\n<strong>Ingen innstillinger er like:<\/strong> I tillegg til grunnleggende krav ang\u00e5ende st\u00f8rrelse og ytelse, kommer maskinene dine til \u00e5 v\u00e6re forskjellige ang\u00e5ende slangetype, ventilasjon, str\u00f8mkilder og andre funksjoner som innfrir behovene til leieboerne dine. Vaskemaskiner, t\u00f8rketromler og tilbeh\u00f8r \u2013 <strong>alle l\u00f8sningene til Electrolux Professional er laget for \u00e5 jobbe sammen, slik at de leverer det beste resultatet.<\/strong>[\/vc_column_text][vc_empty_space][\/vc_column][\/vc_row][vc_row full_width=&#8221;electroluxpro-full-width&#8221;][vc_column][elx_hero_slider text_color=&#8221;electrolux-blue&#8221; label_text_color=&#8221;electrolux-blue&#8221; images=&#8221;7622&#8243;][elx_heading font_container=&#8221;h4&#8243; font_size=&#8221;h4&#8243; text_color=&#8221;electrolux-blue&#8221; text_align=&#8221;text-left&#8221;]Til tjeneste[\/elx_heading][vc_column_text]<\/p>\n<p style=\"font-size: 20px;\">Vi leverer de mest nyskapende l\u00f8sningene som passer til behovene dine. De erfarne utviklerne v\u00e5re bruker den nyeste teknologien til \u00e5 finne den perfekte installasjonen til ditt behov.<br \/>\n<strong>R\u00e5dgivende selgere: vi er partneren din gjennom hele prosessen.<\/strong>[\/vc_column_text][elx_button button_text=&#8221;Kontakt oss i dag!&#8221; button_link=&#8221;url:%23contact|||&#8221;][\/elx_hero_slider][vc_empty_space][\/vc_column][\/vc_row][vc_row css=&#8221;.vc_custom_1604014478182{background-color: #efefef !important;}&#8221;][vc_column][vc_empty_space][elx_heading text_color=&#8221;inherit&#8221; text_align=&#8221;text-center&#8221;]Mange ulike l\u00f8sninger![\/elx_heading][vc_empty_space][\/vc_column][\/vc_row][vc_row css=&#8221;.vc_custom_1604014467256{background-color: #efefef !important;}&#8221;][vc_column][vc_row_inner][vc_column_inner width=&#8221;1\/3&#8243;][vc_single_image image=&#8221;7615&#8243; img_size=&#8221;100px&#8221; alignment=&#8221;center&#8221;][elx_heading font_container=&#8221;h6&#8243; font_size=&#8221;h6&#8243; text_color=&#8221;electrolux-blue&#8221; text_align=&#8221;text-center&#8221;]Mynt-\/polettbetaling[\/elx_heading][vc_column_text]<\/p>\n<p style=\"font-size: 16px; text-align: center;\">\u00a0(WA4)<\/p>\n<p>[\/vc_column_text][vc_empty_space][\/vc_column_inner][vc_column_inner width=&#8221;1\/3&#8243;][vc_single_image image=&#8221;7616&#8243; img_size=&#8221;100px&#8221; alignment=&#8221;center&#8221;][elx_heading font_container=&#8221;h6&#8243; font_size=&#8221;h6&#8243; text_color=&#8221;electrolux-blue&#8221; text_align=&#8221;text-center&#8221;]Kortlesere[\/elx_heading][vc_column_text][\/vc_column_text][vc_empty_space][\/vc_column_inner][vc_column_inner width=&#8221;1\/3&#8243;][vc_single_image image=&#8221;7617&#8243; img_size=&#8221;80px&#8221; alignment=&#8221;center&#8221;][elx_heading font_container=&#8221;h6&#8243; font_size=&#8221;h6&#8243; text_color=&#8221;electrolux-blue&#8221; text_align=&#8221;text-center&#8221;]App&#8217;er[\/elx_heading][vc_column_text][\/vc_column_text][vc_empty_space][\/vc_column_inner][\/vc_row_inner][vc_row_inner][vc_column_inner width=&#8221;1\/2&#8243;][vc_single_image image=&#8221;7619&#8243; img_size=&#8221;100px&#8221; alignment=&#8221;center&#8221;][elx_heading font_container=&#8221;h6&#8243; font_size=&#8221;h6&#8243; text_color=&#8221;electrolux-blue&#8221; text_align=&#8221;text-center&#8221;]Sentrale betalingssystemer[\/elx_heading][vc_column_text][\/vc_column_text][vc_empty_space][\/vc_column_inner][vc_column_inner width=&#8221;1\/2&#8243;][vc_single_image image=&#8221;7620&#8243; img_size=&#8221;100px&#8221; alignment=&#8221;center&#8221;][elx_heading font_container=&#8221;h6&#8243; font_size=&#8221;h6&#8243; text_color=&#8221;electrolux-blue&#8221; text_align=&#8221;text-center&#8221;]Bestillingssystemer<br \/>\nmed m\u00e5nedlig betaling[\/elx_heading][vc_column_text][\/vc_column_text][vc_empty_space][\/vc_column_inner][\/vc_row_inner][vc_empty_space height=&#8221;50px&#8221;][\/vc_column][\/vc_row][vc_row][vc_column][elx_heading text_color=&#8221;inherit&#8221; text_align=&#8221;text-center&#8221;]Dette sier v\u00e5re brukere[\/elx_heading][\/vc_column][\/vc_row][vc_row][vc_column width=&#8221;1\/3&#8243;][elx_image_block background_image=&#8221;7707&#8243; vert_back_position=&#8221;top&#8221; minimum_height=&#8221;300px&#8221;][elx_heading font_container=&#8221;h4&#8243; text_color=&#8221;inherit&#8221;]Studenthjem[\/elx_heading][vc_column_text]<\/p>\n<h4 class=\" h6 inherit inherit\"><strong>Anker Studentboliger<\/strong><\/h4>\n<p style=\"font-size: 18px;\"><b>Oslo<\/b><\/p>\n<p>\u00abVi har tidligere benyttet en l\u00f8sning med etterskuddsfakturering av vaskeri. Dette f\u00f8rte med seg mye manuell oppf\u00f8lging og administrasjon. Data m\u00e5tte overf\u00f8res, faktura lages og sendes, og betalingen f\u00f8lges opp. Vi opplever at vaskeriet n\u00e5 tikker og g\u00e5r av seg selv, brukerne fyller p\u00e5 og administrerer alt p\u00e5 egenh\u00e5nd.<\/p>\n<p>Sunniva Y. Roux, driftsdirekt\u00f8r Anker Studentbolig og Hotell<\/p>\n<p style=\"font-size: 16px;\">Her<a href=\"https:\/\/www.electroluxprofessional.com\/no\/blog\/egen-kontroll-pa-vasketid-pa-anker\/\"> ligger bloggen om v\u00e5rt<\/a> bes\u00f8k p\u00e5 Anker Studentboliger for noen \u00e5r siden.<\/p>\n<p>Les ogs\u00e5 gjerne <a href=\"https:\/\/www.electroluxprofessional.com\/no\/blog\/hjelp-student-og-vaske-egne-klaer-forste-gang\/\">bloggen om de ulike studentvaskeriene<\/a> til Anker.[\/vc_column_text][vc_empty_space][\/vc_column][vc_column width=&#8221;1\/3&#8243;][elx_image_block background_image=&#8221;7613&#8243; minimum_height=&#8221;300px&#8221;][elx_heading font_container=&#8221;h4&#8243; text_color=&#8221;inherit&#8221;]Borettslag\/sameie[\/elx_heading][vc_column_text]<\/p>\n<h4 class=\" h6 inherit inherit\"><strong>Charlottenborg<\/strong><\/h4>\n<p style=\"font-size: 18px;\"><b>Sverige<\/b><\/p>\n<p style=\"font-size: 16px;\">Charlottenborg er et boligomr\u00e5de som best\u00e5r av 311 leiligheter, og de har spart mye penger p\u00e5 \u00e5 redusere forbruket av elektrisitet og vann. \u00abVi regner med \u00e5 spare ca. 52 000 svenske kroner i \u00e5ret [nesten $8,500] ved \u00e5 bytte til nytt og energieffektivt utstyr for b\u00e5de vasking og t\u00f8rking.\u00bb<br \/>\nRoland Bengtsson, tekniker hos HSB Sk\u00e5ne<\/p>\n<p>[\/vc_column_text][vc_empty_space][\/vc_column][vc_column width=&#8221;1\/3&#8243;][elx_image_block background_image=&#8221;7614&#8243; minimum_height=&#8221;300px&#8221;][elx_heading font_container=&#8221;h4&#8243; text_color=&#8221;inherit&#8221;]Studenthjem\/-boliger[\/elx_heading][vc_column_text]<\/p>\n<h4 class=\" h6 inherit inherit\"><strong>Malm\u00f6 studenthjem<\/strong><\/h4>\n<p style=\"font-size: 18px;\"><b>Sverige<\/b><\/p>\n<p style=\"font-size: 16px;\">Det nye anlegget har v\u00e6rt en kjempesuksess. Det har blitt et naturlig samlingspunkt hvor studenter kan m\u00f8tes, spise en matbit og studere mens de holder \u00f8ye med klesvasken sin.<br \/>\nStudenter trenger et forh\u00e5ndsprogrammert n\u00f8kkelkort eller en tag for \u00e5 g\u00e5 inn i rommet. Disse kan ogs\u00e5 brukes til \u00e5 bestille vasketider og studierom gjennom systemet Electrolux Professional Laundry Vision[\/vc_column_text][vc_empty_space][\/vc_column][\/vc_row][vc_row el_id=&#8221;contact&#8221;][vc_column][vc_empty_space][elx_heading font_container=&#8221;h3&#8243; text_color=&#8221;electrolux-blue&#8221; text_align=&#8221;text-center&#8221; css=&#8221;.vc_custom_1684827651739{background-color: #222751 !important;}&#8221;]Finn ut mer. Kontakt ekspertene v\u00e5re[\/elx_heading][elx_o2000_contact_us s=&#8221;\u00d8nsker informasjon om fellesvaskeri&#8221; campaign=&#8221;7015p000000PaQHAA0&#8243; text_send_button=&#8221;\u00d8nske om mer informasjon p\u00e5 fellesvaskeri&#8221; country=&#8221;Norway&#8221; b=&#8221;laundry&#8221; thanks=&#8221;Takk for din interesse. Vi vil ta kontakt med deg s\u00e5 raskt vi kan.&#8221; container=&#8221;elxcontactus1482242857&#8243; r=&#8221;Jeg \u00f8nsker \u00e5 vite mer om fellesvaskeri!&#8221; l=&#8221;no&#8221;][\/vc_column][\/vc_row][vc_row][vc_column][vc_column_text][\/vc_column_text][\/vc_column][\/vc_row]<\/p>\n","protected":false},"excerpt":{"rendered":"<p>[vc_row full_width=&#8221;electroluxpro-full-width-no-padding&#8221; equal_height=&#8221;yes&#8221; css=&#8221;.vc_custom_1604054607517{margin-top: -30px !important;border-top-width: -30px !important;padding-top: -30px !important;}&#8221;][vc_column][elx_full_banner title=&#8221;Fellesvaskeri&#8221; set_as_h1=&#8221;true&#8221; background_image_media_library=&#8221;11210&#8243; link=&#8221;url:%23contact|title:F%C3%A5%20tilbud%20om%20en%20vaskeril%C3%B8sning%20i%20dag||&#8221; background_image_media_library_mobile=&#8221;11211&#8243;][\/vc_column][\/vc_row][vc_row][vc_column][vc_empty_space][elx_heading font_size=&#8221;h2&#8243; text_color=&#8221;inherit&#8221; text_align=&#8221;text-center&#8221;]For borettslag, studentboliger og sameier med behov for et fellesvaskeri[\/elx_heading][vc_empty_space][vc_column_text] Er du styreleder i et borettslag\/sameie? Ute etter en l\u00f8sning for beboerne for vask av kl\u00e6r og tekstiler? Hvis du er p\u00e5 jakt etter et p\u00e5litelig, profesjonelt, praktisk [&hellip;]<\/p>\n","protected":false},"author":3,"featured_media":11210,"parent":0,"menu_order":0,"comment_status":"closed","ping_status":"closed","template":"","meta":{"footnotes":""},"class_list":["post-7670","page","type-page","status-publish","has-post-thumbnail","hentry"],"acf":[],"yoast_head":"<!-- This site is optimized with the Yoast SEO plugin v23.3 - https:\/\/yoast.com\/wordpress\/plugins\/seo\/ -->\n<title>Fellesvaskeri - Electrolux Professional Norge<\/title>\n<meta name=\"description\" content=\"Les mer om v\u00e5re vaskeril\u00f8sninger til fellesvaskeri, sameier og\/eller borettslagsvaskerier. Egner seg ogs\u00e5 til studentvaskerier m.m.\" \/>\n<meta name=\"robots\" content=\"index, follow, max-snippet:-1, max-image-preview:large, max-video-preview:-1\" \/>\n<link rel=\"canonical\" href=\"https:\/\/www.electroluxprofessional.com\/no\/fellesvaskeri\/\" \/>\n<meta property=\"og:locale\" content=\"nb_NO\" \/>\n<meta property=\"og:type\" content=\"article\" \/>\n<meta property=\"og:title\" content=\"Fellesvaskeri - Electrolux Professional Norge\" \/>\n<meta property=\"og:description\" content=\"Les mer om v\u00e5re vaskeril\u00f8sninger til fellesvaskeri, sameier og\/eller borettslagsvaskerier. Egner seg ogs\u00e5 til studentvaskerier m.m.\" \/>\n<meta property=\"og:url\" content=\"https:\/\/www.electroluxprofessional.com\/no\/fellesvaskeri\/\" \/>\n<meta property=\"og:site_name\" content=\"Electrolux Professional Norge\" \/>\n<meta property=\"article:modified_time\" content=\"2025-11-05T13:57:16+00:00\" \/>\n<meta property=\"og:image\" content=\"https:\/\/www.electroluxprofessional.com\/no\/wp-content\/uploads\/2021\/03\/banner-laundry-1024x310-1.jpg\" \/>\n<meta name=\"twitter:card\" content=\"summary_large_image\" \/>\n<meta name=\"twitter:label1\" content=\"Ansl. lesetid\" \/>\n\t<meta name=\"twitter:data1\" content=\"4 minutter\" \/>\n<script type=\"application\/ld+json\" class=\"yoast-schema-graph\">{\"@context\":\"https:\/\/schema.org\",\"@graph\":[{\"@type\":\"WebPage\",\"@id\":\"https:\/\/www.electroluxprofessional.com\/no\/fellesvaskeri\/\",\"url\":\"https:\/\/www.electroluxprofessional.com\/no\/fellesvaskeri\/\",\"name\":\"Fellesvaskeri - Electrolux Professional Norge\",\"isPartOf\":{\"@id\":\"https:\/\/www.electroluxprofessional.com\/no\/#website\"},\"primaryImageOfPage\":{\"@id\":\"https:\/\/www.electroluxprofessional.com\/no\/fellesvaskeri\/#primaryimage\"},\"image\":{\"@id\":\"https:\/\/www.electroluxprofessional.com\/no\/fellesvaskeri\/#primaryimage\"},\"thumbnailUrl\":\"https:\/\/www.electroluxprofessional.com\/no\/wp-content\/uploads\/2023\/01\/banner-fellesvaskeri_Sv_jan-2023.jpg\",\"datePublished\":\"2021-05-18T11:45:26+00:00\",\"dateModified\":\"2025-11-05T13:57:16+00:00\",\"description\":\"Les mer om v\u00e5re vaskeril\u00f8sninger til fellesvaskeri, sameier og\/eller borettslagsvaskerier. Egner seg ogs\u00e5 til studentvaskerier m.m.\",\"breadcrumb\":{\"@id\":\"https:\/\/www.electroluxprofessional.com\/no\/fellesvaskeri\/#breadcrumb\"},\"inLanguage\":\"nb-NO\",\"potentialAction\":[{\"@type\":\"ReadAction\",\"target\":[\"https:\/\/www.electroluxprofessional.com\/no\/fellesvaskeri\/\"]}]},{\"@type\":\"ImageObject\",\"inLanguage\":\"nb-NO\",\"@id\":\"https:\/\/www.electroluxprofessional.com\/no\/fellesvaskeri\/#primaryimage\",\"url\":\"https:\/\/www.electroluxprofessional.com\/no\/wp-content\/uploads\/2023\/01\/banner-fellesvaskeri_Sv_jan-2023.jpg\",\"contentUrl\":\"https:\/\/www.electroluxprofessional.com\/no\/wp-content\/uploads\/2023\/01\/banner-fellesvaskeri_Sv_jan-2023.jpg\",\"width\":1920,\"height\":581,\"caption\":\"banner-fellesvaskeri_Sv_jan 2023\"},{\"@type\":\"BreadcrumbList\",\"@id\":\"https:\/\/www.electroluxprofessional.com\/no\/fellesvaskeri\/#breadcrumb\",\"itemListElement\":[{\"@type\":\"ListItem\",\"position\":1,\"name\":\"Home\",\"item\":\"https:\/\/www.electroluxprofessional.com\/no\/\"},{\"@type\":\"ListItem\",\"position\":2,\"name\":\"Fellesvaskeri\"}]},{\"@type\":\"WebSite\",\"@id\":\"https:\/\/www.electroluxprofessional.com\/no\/#website\",\"url\":\"https:\/\/www.electroluxprofessional.com\/no\/\",\"name\":\"Electrolux Professional Norge\",\"description\":\"\",\"potentialAction\":[{\"@type\":\"SearchAction\",\"target\":{\"@type\":\"EntryPoint\",\"urlTemplate\":\"https:\/\/www.electroluxprofessional.com\/no\/?src={search_term_string}\"},\"query-input\":\"required name=search_term_string\"}],\"inLanguage\":\"nb-NO\"}]}<\/script>\n<!-- \/ Yoast SEO plugin. -->","yoast_head_json":{"title":"Fellesvaskeri - Electrolux Professional Norge","description":"Les mer om v\u00e5re vaskeril\u00f8sninger til fellesvaskeri, sameier og\/eller borettslagsvaskerier. Egner seg ogs\u00e5 til studentvaskerier m.m.","robots":{"index":"index","follow":"follow","max-snippet":"max-snippet:-1","max-image-preview":"max-image-preview:large","max-video-preview":"max-video-preview:-1"},"canonical":"https:\/\/www.electroluxprofessional.com\/no\/fellesvaskeri\/","og_locale":"nb_NO","og_type":"article","og_title":"Fellesvaskeri - Electrolux Professional Norge","og_description":"Les mer om v\u00e5re vaskeril\u00f8sninger til fellesvaskeri, sameier og\/eller borettslagsvaskerier. Egner seg ogs\u00e5 til studentvaskerier m.m.","og_url":"https:\/\/www.electroluxprofessional.com\/no\/fellesvaskeri\/","og_site_name":"Electrolux Professional Norge","article_modified_time":"2025-11-05T13:57:16+00:00","og_image":[{"url":"https:\/\/www.electroluxprofessional.com\/no\/wp-content\/uploads\/2021\/03\/banner-laundry-1024x310-1.jpg"}],"twitter_card":"summary_large_image","twitter_misc":{"Ansl. lesetid":"4 minutter"},"schema":{"@context":"https:\/\/schema.org","@graph":[{"@type":"WebPage","@id":"https:\/\/www.electroluxprofessional.com\/no\/fellesvaskeri\/","url":"https:\/\/www.electroluxprofessional.com\/no\/fellesvaskeri\/","name":"Fellesvaskeri - Electrolux Professional Norge","isPartOf":{"@id":"https:\/\/www.electroluxprofessional.com\/no\/#website"},"primaryImageOfPage":{"@id":"https:\/\/www.electroluxprofessional.com\/no\/fellesvaskeri\/#primaryimage"},"image":{"@id":"https:\/\/www.electroluxprofessional.com\/no\/fellesvaskeri\/#primaryimage"},"thumbnailUrl":"https:\/\/www.electroluxprofessional.com\/no\/wp-content\/uploads\/2023\/01\/banner-fellesvaskeri_Sv_jan-2023.jpg","datePublished":"2021-05-18T11:45:26+00:00","dateModified":"2025-11-05T13:57:16+00:00","description":"Les mer om v\u00e5re vaskeril\u00f8sninger til fellesvaskeri, sameier og\/eller borettslagsvaskerier. Egner seg ogs\u00e5 til studentvaskerier m.m.","breadcrumb":{"@id":"https:\/\/www.electroluxprofessional.com\/no\/fellesvaskeri\/#breadcrumb"},"inLanguage":"nb-NO","potentialAction":[{"@type":"ReadAction","target":["https:\/\/www.electroluxprofessional.com\/no\/fellesvaskeri\/"]}]},{"@type":"ImageObject","inLanguage":"nb-NO","@id":"https:\/\/www.electroluxprofessional.com\/no\/fellesvaskeri\/#primaryimage","url":"https:\/\/www.electroluxprofessional.com\/no\/wp-content\/uploads\/2023\/01\/banner-fellesvaskeri_Sv_jan-2023.jpg","contentUrl":"https:\/\/www.electroluxprofessional.com\/no\/wp-content\/uploads\/2023\/01\/banner-fellesvaskeri_Sv_jan-2023.jpg","width":1920,"height":581,"caption":"banner-fellesvaskeri_Sv_jan 2023"},{"@type":"BreadcrumbList","@id":"https:\/\/www.electroluxprofessional.com\/no\/fellesvaskeri\/#breadcrumb","itemListElement":[{"@type":"ListItem","position":1,"name":"Home","item":"https:\/\/www.electroluxprofessional.com\/no\/"},{"@type":"ListItem","position":2,"name":"Fellesvaskeri"}]},{"@type":"WebSite","@id":"https:\/\/www.electroluxprofessional.com\/no\/#website","url":"https:\/\/www.electroluxprofessional.com\/no\/","name":"Electrolux Professional Norge","description":"","potentialAction":[{"@type":"SearchAction","target":{"@type":"EntryPoint","urlTemplate":"https:\/\/www.electroluxprofessional.com\/no\/?src={search_term_string}"},"query-input":"required name=search_term_string"}],"inLanguage":"nb-NO"}]}},"_links":{"self":[{"href":"https:\/\/www.electroluxprofessional.com\/no\/wp-json\/wp\/v2\/pages\/7670"}],"collection":[{"href":"https:\/\/www.electroluxprofessional.com\/no\/wp-json\/wp\/v2\/pages"}],"about":[{"href":"https:\/\/www.electroluxprofessional.com\/no\/wp-json\/wp\/v2\/types\/page"}],"author":[{"embeddable":true,"href":"https:\/\/www.electroluxprofessional.com\/no\/wp-json\/wp\/v2\/users\/3"}],"replies":[{"embeddable":true,"href":"https:\/\/www.electroluxprofessional.com\/no\/wp-json\/wp\/v2\/comments?post=7670"}],"version-history":[{"count":28,"href":"https:\/\/www.electroluxprofessional.com\/no\/wp-json\/wp\/v2\/pages\/7670\/revisions"}],"predecessor-version":[{"id":14869,"href":"https:\/\/www.electroluxprofessional.com\/no\/wp-json\/wp\/v2\/pages\/7670\/revisions\/14869"}],"wp:featuredmedia":[{"embeddable":true,"href":"https:\/\/www.electroluxprofessional.com\/no\/wp-json\/wp\/v2\/media\/11210"}],"wp:attachment":[{"href":"https:\/\/www.electroluxprofessional.com\/no\/wp-json\/wp\/v2\/media?parent=7670"}],"curies":[{"name":"wp","href":"https:\/\/api.w.org\/{rel}","templated":true}]}}