{"id":7039,"date":"2021-03-01T10:57:21","date_gmt":"2021-03-01T10:57:21","guid":{"rendered":"https:\/\/www.electroluxprofessional.com\/?page_id=16693"},"modified":"2025-02-13T13:57:39","modified_gmt":"2025-02-13T13:57:39","slug":"hvor-finner-du-vare-salgs-og-servicepartnere","status":"publish","type":"page","link":"https:\/\/www.electroluxprofessional.com\/no\/hvor-finner-du-vare-salgs-og-servicepartnere\/","title":{"rendered":"Her finner du v\u00e5re servicepartnere"},"content":{"rendered":"<p>[vc_row full_width=&#8221;electroluxpro-full-width-no-padding&#8221;][vc_column][elx_image_block background_image=&#8221;7666&#8243; minimum_height=&#8221;400px&#8221;][\/vc_column][\/vc_row][vc_row][vc_column][vc_empty_space][elx_heading font_container=&#8221;h1&#8243; font_size=&#8221;h3&#8243; text_color=&#8221;electrolux-blue&#8221; text_align=&#8221;text-left&#8221;]Her finner du v\u00e5re servicepartnere[\/elx_heading][elx_heading font_size=&#8221;h5&#8243; text_color=&#8221;inherit&#8221;]Vi er forn\u00f8yde hvis du er det.[\/elx_heading][vc_column_text]Vi har det du trenger.<br \/>\nDet omfattende servicenettverket v\u00e5rt best\u00e5r av over 2200 tekniske eksperter, noe som betyr at vi har tilgang til over 55 000 reservedeler.<br \/>\nVi har reservedeler av p\u00e5 lager i opptil 10 \u00e5r fra produksjonen utg\u00e5r. Servicepartnerne v\u00e5re opererer i over 149 land, noe som betyr at de raskt og enkelt kan sende ut reservedeler.<\/p>\n<p>[\/vc_column_text][\/vc_column][\/vc_row][vc_row][vc_column][elx_heading font_size=&#8221;h3&#8243; text_color=&#8221;inherit&#8221;]Kontakt din n\u00e6rmeste partner [\/elx_heading][vc_empty_space][elx_o2000_locator cf=&#8221;Norway&#8221; country_cluster=&#8221;&#8221; l=&#8221;no&#8221; agencydef=&#8221;service&#8221; request=&#8221;Jeg vil vite mer om {{acs}}&#8221;][\/vc_column][\/vc_row][vc_row][vc_column][vc_empty_space][\/vc_column][\/vc_row][vc_row custom_color_row=&#8221;bg-row-light-blue&#8221; css=&#8221;.vc_custom_1739176875824{background-color: #e9eff5 !important;}&#8221;][vc_column][vc_empty_space][elx_heading font_size=&#8221;h4&#8243; text_color=&#8221;electrolux-blue&#8221; text_align=&#8221;text-left&#8221;]Bli en sertifisert servicepartner! [\/elx_heading][vc_empty_space height=&#8221;10px&#8221;][vc_column_text]<span class=\"TextRun SCXW16821387 BCX0\" data-contrast=\"none\"><span class=\"NormalTextRun SCXW16821387 BCX0\">Bli med i v\u00e5rt sertifiserte servicenettverk! Utvid virksomheten din ved \u00e5 bli en autorisert servicepartner. F\u00e5 tilgang til eksklusiv oppl\u00e6ring, st\u00f8tte og vekstmuligheter.\u00a0<\/span><\/span><span class=\"EOP SCXW16821387 BCX0\" data-ccp-props=\"{&quot;134233117&quot;:true,&quot;201341983&quot;:0,&quot;335557856&quot;:16777215,&quot;335559739&quot;:0,&quot;335559740&quot;:240}\">\u00a0<\/span>[\/vc_column_text][vc_empty_space height=&#8221;25px&#8221;][elx_o2000_contact_us request_type=&#8221;Customer support&#8221; button_mode=&#8221;true&#8221; button_style=&#8221;secondary&#8221; postion_button=&#8221;text-left&#8221; postion_button_mobile=&#8221;text-left-mobile&#8221; text_btn_contact=&#8221;S\u00f8k i dag! &#8221; r=&#8221;Jeg vil gjerne bli kontaktet for \u00e5 bli din servicepartner. Takk.&#8221;][vc_empty_space height=&#8221;40px&#8221;][\/vc_column][\/vc_row]<\/p>\n","protected":false},"excerpt":{"rendered":"<p>[vc_row full_width=&#8221;electroluxpro-full-width-no-padding&#8221;][vc_column][elx_image_block background_image=&#8221;7666&#8243; minimum_height=&#8221;400px&#8221;][\/vc_column][\/vc_row][vc_row][vc_column][vc_empty_space][elx_heading font_container=&#8221;h1&#8243; font_size=&#8221;h3&#8243; text_color=&#8221;electrolux-blue&#8221; text_align=&#8221;text-left&#8221;]Her finner du v\u00e5re servicepartnere[\/elx_heading][elx_heading font_size=&#8221;h5&#8243; text_color=&#8221;inherit&#8221;]Vi er forn\u00f8yde hvis du er det.[\/elx_heading][vc_column_text]Vi har det du trenger. Det omfattende servicenettverket v\u00e5rt best\u00e5r av over 2200 tekniske eksperter, noe som betyr at vi har tilgang til over 55 000 reservedeler. Vi har reservedeler av p\u00e5 lager i opptil 10 [&hellip;]<\/p>\n","protected":false},"author":3,"featured_media":0,"parent":0,"menu_order":0,"comment_status":"closed","ping_status":"closed","template":"","meta":{"footnotes":""},"class_list":["post-7039","page","type-page","status-publish","hentry"],"acf":[],"yoast_head":"<!-- This site is optimized with the Yoast SEO plugin v23.3 - https:\/\/yoast.com\/wordpress\/plugins\/seo\/ -->\n<title>Her finner du v\u00e5re servicepartnere - Electrolux Professional Norge<\/title>\n<meta name=\"description\" content=\"V\u00e5re salgs- og servicepartnere er dedikerte og \u00f8nsker \u00e5 yte service og tilby reservedeler. Med et verdensomspennende nettverk, er vi tilstede for v\u00e5re kunder.\" \/>\n<meta name=\"robots\" content=\"index, follow, max-snippet:-1, max-image-preview:large, max-video-preview:-1\" \/>\n<link rel=\"canonical\" href=\"https:\/\/www.electroluxprofessional.com\/no\/hvor-finner-du-vare-salgs-og-servicepartnere\/\" \/>\n<meta property=\"og:locale\" content=\"nb_NO\" \/>\n<meta property=\"og:type\" content=\"article\" \/>\n<meta property=\"og:title\" content=\"Her finner du v\u00e5re servicepartnere - Electrolux Professional Norge\" \/>\n<meta property=\"og:description\" content=\"V\u00e5re salgs- og servicepartnere er dedikerte og \u00f8nsker \u00e5 yte service og tilby reservedeler. Med et verdensomspennende nettverk, er vi tilstede for v\u00e5re kunder.\" \/>\n<meta property=\"og:url\" content=\"https:\/\/www.electroluxprofessional.com\/no\/hvor-finner-du-vare-salgs-og-servicepartnere\/\" \/>\n<meta property=\"og:site_name\" content=\"Electrolux Professional Norge\" \/>\n<meta property=\"article:modified_time\" content=\"2025-02-13T13:57:39+00:00\" \/>\n<meta name=\"twitter:card\" content=\"summary_large_image\" \/>\n<meta name=\"twitter:label1\" content=\"Ansl. lesetid\" \/>\n\t<meta name=\"twitter:data1\" content=\"1 minutt\" \/>\n<script type=\"application\/ld+json\" class=\"yoast-schema-graph\">{\"@context\":\"https:\/\/schema.org\",\"@graph\":[{\"@type\":\"WebPage\",\"@id\":\"https:\/\/www.electroluxprofessional.com\/no\/hvor-finner-du-vare-salgs-og-servicepartnere\/\",\"url\":\"https:\/\/www.electroluxprofessional.com\/no\/hvor-finner-du-vare-salgs-og-servicepartnere\/\",\"name\":\"Her finner du v\u00e5re servicepartnere - Electrolux Professional Norge\",\"isPartOf\":{\"@id\":\"https:\/\/www.electroluxprofessional.com\/no\/#website\"},\"datePublished\":\"2021-03-01T10:57:21+00:00\",\"dateModified\":\"2025-02-13T13:57:39+00:00\",\"description\":\"V\u00e5re salgs- og servicepartnere er dedikerte og \u00f8nsker \u00e5 yte service og tilby reservedeler. Med et verdensomspennende nettverk, er vi tilstede for v\u00e5re kunder.\",\"breadcrumb\":{\"@id\":\"https:\/\/www.electroluxprofessional.com\/no\/hvor-finner-du-vare-salgs-og-servicepartnere\/#breadcrumb\"},\"inLanguage\":\"nb-NO\",\"potentialAction\":[{\"@type\":\"ReadAction\",\"target\":[\"https:\/\/www.electroluxprofessional.com\/no\/hvor-finner-du-vare-salgs-og-servicepartnere\/\"]}]},{\"@type\":\"BreadcrumbList\",\"@id\":\"https:\/\/www.electroluxprofessional.com\/no\/hvor-finner-du-vare-salgs-og-servicepartnere\/#breadcrumb\",\"itemListElement\":[{\"@type\":\"ListItem\",\"position\":1,\"name\":\"Home\",\"item\":\"https:\/\/www.electroluxprofessional.com\/no\/\"},{\"@type\":\"ListItem\",\"position\":2,\"name\":\"Her finner du v\u00e5re servicepartnere\"}]},{\"@type\":\"WebSite\",\"@id\":\"https:\/\/www.electroluxprofessional.com\/no\/#website\",\"url\":\"https:\/\/www.electroluxprofessional.com\/no\/\",\"name\":\"Electrolux Professional Norge\",\"description\":\"\",\"potentialAction\":[{\"@type\":\"SearchAction\",\"target\":{\"@type\":\"EntryPoint\",\"urlTemplate\":\"https:\/\/www.electroluxprofessional.com\/no\/?src={search_term_string}\"},\"query-input\":\"required name=search_term_string\"}],\"inLanguage\":\"nb-NO\"}]}<\/script>\n<!-- \/ Yoast SEO plugin. -->","yoast_head_json":{"title":"Her finner du v\u00e5re servicepartnere - Electrolux Professional Norge","description":"V\u00e5re salgs- og servicepartnere er dedikerte og \u00f8nsker \u00e5 yte service og tilby reservedeler. Med et verdensomspennende nettverk, er vi tilstede for v\u00e5re kunder.","robots":{"index":"index","follow":"follow","max-snippet":"max-snippet:-1","max-image-preview":"max-image-preview:large","max-video-preview":"max-video-preview:-1"},"canonical":"https:\/\/www.electroluxprofessional.com\/no\/hvor-finner-du-vare-salgs-og-servicepartnere\/","og_locale":"nb_NO","og_type":"article","og_title":"Her finner du v\u00e5re servicepartnere - Electrolux Professional Norge","og_description":"V\u00e5re salgs- og servicepartnere er dedikerte og \u00f8nsker \u00e5 yte service og tilby reservedeler. Med et verdensomspennende nettverk, er vi tilstede for v\u00e5re kunder.","og_url":"https:\/\/www.electroluxprofessional.com\/no\/hvor-finner-du-vare-salgs-og-servicepartnere\/","og_site_name":"Electrolux Professional Norge","article_modified_time":"2025-02-13T13:57:39+00:00","twitter_card":"summary_large_image","twitter_misc":{"Ansl. lesetid":"1 minutt"},"schema":{"@context":"https:\/\/schema.org","@graph":[{"@type":"WebPage","@id":"https:\/\/www.electroluxprofessional.com\/no\/hvor-finner-du-vare-salgs-og-servicepartnere\/","url":"https:\/\/www.electroluxprofessional.com\/no\/hvor-finner-du-vare-salgs-og-servicepartnere\/","name":"Her finner du v\u00e5re servicepartnere - Electrolux Professional Norge","isPartOf":{"@id":"https:\/\/www.electroluxprofessional.com\/no\/#website"},"datePublished":"2021-03-01T10:57:21+00:00","dateModified":"2025-02-13T13:57:39+00:00","description":"V\u00e5re salgs- og servicepartnere er dedikerte og \u00f8nsker \u00e5 yte service og tilby reservedeler. Med et verdensomspennende nettverk, er vi tilstede for v\u00e5re kunder.","breadcrumb":{"@id":"https:\/\/www.electroluxprofessional.com\/no\/hvor-finner-du-vare-salgs-og-servicepartnere\/#breadcrumb"},"inLanguage":"nb-NO","potentialAction":[{"@type":"ReadAction","target":["https:\/\/www.electroluxprofessional.com\/no\/hvor-finner-du-vare-salgs-og-servicepartnere\/"]}]},{"@type":"BreadcrumbList","@id":"https:\/\/www.electroluxprofessional.com\/no\/hvor-finner-du-vare-salgs-og-servicepartnere\/#breadcrumb","itemListElement":[{"@type":"ListItem","position":1,"name":"Home","item":"https:\/\/www.electroluxprofessional.com\/no\/"},{"@type":"ListItem","position":2,"name":"Her finner du v\u00e5re servicepartnere"}]},{"@type":"WebSite","@id":"https:\/\/www.electroluxprofessional.com\/no\/#website","url":"https:\/\/www.electroluxprofessional.com\/no\/","name":"Electrolux Professional Norge","description":"","potentialAction":[{"@type":"SearchAction","target":{"@type":"EntryPoint","urlTemplate":"https:\/\/www.electroluxprofessional.com\/no\/?src={search_term_string}"},"query-input":"required name=search_term_string"}],"inLanguage":"nb-NO"}]}},"_links":{"self":[{"href":"https:\/\/www.electroluxprofessional.com\/no\/wp-json\/wp\/v2\/pages\/7039"}],"collection":[{"href":"https:\/\/www.electroluxprofessional.com\/no\/wp-json\/wp\/v2\/pages"}],"about":[{"href":"https:\/\/www.electroluxprofessional.com\/no\/wp-json\/wp\/v2\/types\/page"}],"author":[{"embeddable":true,"href":"https:\/\/www.electroluxprofessional.com\/no\/wp-json\/wp\/v2\/users\/3"}],"replies":[{"embeddable":true,"href":"https:\/\/www.electroluxprofessional.com\/no\/wp-json\/wp\/v2\/comments?post=7039"}],"version-history":[{"count":9,"href":"https:\/\/www.electroluxprofessional.com\/no\/wp-json\/wp\/v2\/pages\/7039\/revisions"}],"predecessor-version":[{"id":13992,"href":"https:\/\/www.electroluxprofessional.com\/no\/wp-json\/wp\/v2\/pages\/7039\/revisions\/13992"}],"wp:attachment":[{"href":"https:\/\/www.electroluxprofessional.com\/no\/wp-json\/wp\/v2\/media?parent=7039"}],"curies":[{"name":"wp","href":"https:\/\/api.w.org\/{rel}","templated":true}]}}