{"id":6903,"date":"2021-01-28T07:20:50","date_gmt":"2021-01-28T07:20:50","guid":{"rendered":"https:\/\/www.electroluxprofessional.com\/?page_id=5263"},"modified":"2025-02-27T16:40:42","modified_gmt":"2025-02-27T16:40:42","slug":"prothermetic-koke-og-stekepanner","status":"publish","type":"page","link":"https:\/\/www.electroluxprofessional.com\/no\/prothermetic-koke-og-stekepanner\/","title":{"rendered":"ProThermetic koke- og stekepanner"},"content":{"rendered":"<p>[vc_row full_width=&#8221;electroluxpro-full-width-no-padding&#8221;][vc_column][vc_single_image image=&#8221;6901&#8243; img_size=&#8221;2000*350&#8243;][\/vc_column][\/vc_row][vc_row][vc_column][elx_heading font_container=&#8221;h1&#8243; font_size=&#8221;h3&#8243; text_color=&#8221;inherit&#8221;]ProThermetic koke- og stekepanner[\/elx_heading][vc_column_text]<\/p>\n<h5>Laget for storproduksjon p\u00e5 hoteller, institusjoner, sykehus eller sentral- og flykj\u00f8kken<\/h5>\n<p>[\/vc_column_text][vc_empty_space][\/vc_column][\/vc_row][vc_row][vc_column width=&#8221;1\/2&#8243;][elx_heading font_size=&#8221;h5&#8243; text_color=&#8221;inherit&#8221;]Trykkoking med ProThermetic: den ultimate l\u00f8sningen for h\u00f8y produktivitet, effektivitet og n\u00f8yaktighet[\/elx_heading][vc_empty_space][vc_column_text]Denne unike teknologien optimaliserer matlagingsprosessene og tilbyr maksimal <strong>fleksibilitet<\/strong> og en <strong>enklere matlagingsprosess samt bedre<\/strong> <strong>hygiene<\/strong>, <strong>effektivitet<\/strong> og <strong>l\u00f8nnsomhet<\/strong>.<\/p>\n<p><strong>Therma<em>line<\/em> ProThermetic <\/strong> utvalg av <strong>koke-og stekepanner<\/strong> er spesiallaget for storproduksjon i forhold til mengde, ytelse og matlagingsresultat.[\/vc_column_text][\/vc_column][vc_column width=&#8221;1\/2&#8243;][elx_image_block background_image=&#8221;723&#8243; minimum_height=&#8221;450px&#8221;][\/vc_column][\/vc_row][vc_row][vc_column][vc_empty_space height=&#8221;50px&#8221;][\/vc_column][\/vc_row][vc_row][vc_column width=&#8221;1\/4&#8243;][elx_heading font_size=&#8221;h5&#8243; text_color=&#8221;inherit&#8221;]Lett<br \/>\n\u00e5 bruke[\/elx_heading][vc_column_text]Utstyrt med en <strong>ber\u00f8ringsskjerm<\/strong>p\u00e5 forskjellige spr\u00e5k. Dette kan ses tydelig fra avstand og har intuitive ikoner for en enkel og n\u00f8yaktig innstilling av temperatur og str\u00f8mniv\u00e5.[\/vc_column_text][\/vc_column][vc_column width=&#8221;1\/4&#8243;][elx_heading font_size=&#8221;h5&#8243; text_color=&#8221;inherit&#8221;]Hygiene<br \/>\ner det viktigste[\/elx_heading][vc_column_text]Rask, enkel og grundig rengj\u00f8ring takket v\u00e6re <strong>vannbeskyttelsesniv\u00e5et IPX6<\/strong>, som gir \u00e5tte ganger bedre beskyttelse mot harde vannstr\u00e5ler.[\/vc_column_text][\/vc_column][vc_column width=&#8221;1\/4&#8243;][elx_heading font_size=&#8221;h5&#8243; text_color=&#8221;inherit&#8221;]Sunn<br \/>\nmat av god kvalitet[\/elx_heading][vc_column_text]Den lave tilstedev\u00e6relsen av oksygen i luftvolumet <strong>hindrer oksidasjonen av n\u00e6ringsstoffer<\/strong> og vitaminer, s\u00e5nn at maten har bedre smak, farge og konsistens.[\/vc_column_text][\/vc_column][vc_column width=&#8221;1\/4&#8243;][elx_heading font_size=&#8221;h5&#8243; text_color=&#8221;inherit&#8221;]Energi<br \/>\neffektiv[\/elx_heading][vc_column_text]Kortere koketid gir <strong>h\u00f8yere produktivitet<\/strong>, og mindre energibruk, b\u00e5de ved oppvarming og matlaging.[\/vc_column_text][\/vc_column][\/vc_row][vc_row][vc_column][vc_empty_space height=&#8221;20px&#8221;][elx_heading text_color=&#8221;inherit&#8221;]Beregn tids- og energibesparelser ved \u00e5 velge trykkkoking sammenlignet med tradisjonelle metoder[\/elx_heading][elx_o2000_thermaline_braising_pans language=&#8221;no&#8221; country=&#8221;Norway&#8221;][vc_empty_space height=&#8221;20px&#8221;][\/vc_column][\/vc_row][vc_row][vc_column width=&#8221;1\/3&#8243;][vc_empty_space height=&#8221;20px&#8221;][elx_download_block text=&#8221;thermaline ProThermetic<br \/>\nboiling and braising pans&#8221; document_type=&#8221;brochures&#8221; background_color=&#8221;electrolux-blue&#8221; reveal_effect=&#8221;&#8221; reveal_duration=&#8221;&#8221; reveal_delay=&#8221;&#8221; br_document_number=&#8221;BR-9JE00108&#8243;][\/vc_column][vc_column width=&#8221;1\/3&#8243;][vc_empty_space height=&#8221;20px&#8221;][elx_download_block text=&#8221;Recipe Book&#8221; document_type=&#8221;recipe-guide&#8221; link=&#8221;files.professional.electrolux.com\/docs\/?n=REC-9JEIGU&amp;b=5&amp;l=1&#8243; background_color=&#8221;electrolux-blue&#8221; reveal_effect=&#8221;&#8221; reveal_duration=&#8221;&#8221; reveal_delay=&#8221;&#8221; rg_document_number=&#8221;REC-9JEIGU&#8221;][\/vc_column][\/vc_row][vc_row][vc_column][vc_empty_space height=&#8221;50px&#8221;][\/vc_column][\/vc_row][vc_row][vc_column width=&#8221;1\/3&#8243;][elx_heading text_color=&#8221;inherit&#8221;]Oppskrifter p\u00e5 video for ProThermetic[\/elx_heading][\/vc_column][vc_column width=&#8221;2\/3&#8243;][elx_video_block background_image=&#8221;6902&#8243; is_full_height=&#8221;full-height&#8221; video_link=&#8221;https:\/\/www.youtube.com\/watch?v=cSwURycS1aQ&amp;list=PLn-GI5LWCZdQ5Hva7Kd0SB5eH2WkvuBt8&#8243; minimum_height=&#8221;260px&#8221;][\/vc_column][\/vc_row][vc_row][vc_column][vc_empty_space height=&#8221;50px&#8221;][\/vc_column][\/vc_row][vc_row][vc_column][vc_empty_space height=&#8221;50px&#8221;][elx_heading font_size=&#8221;h3&#8243; text_color=&#8221;inherit&#8221; text_align=&#8221;text-left&#8221;]Se hva ProThermetic koke- og stekegryter kan gj\u00f8re for bedriften din[\/elx_heading][elx_o2000_contact_us s=&#8221;\u00d8nsker informasjon om koke- og stekegryter&#8221; country=&#8221;Norway&#8221; b=&#8221;food&#8221; container=&#8221;elxcontactus1479220371&#8243; r=&#8221;Jeg \u00f8nsker \u00e5 vite mer om ProThermetic koke- og stekegryter. Vennligst ta kontakt med meg.&#8221; l=&#8221;no&#8221;][vc_empty_space height=&#8221;50px&#8221;][\/vc_column][\/vc_row]<\/p>\n","protected":false},"excerpt":{"rendered":"<p>[vc_row full_width=&#8221;electroluxpro-full-width-no-padding&#8221;][vc_column][vc_single_image image=&#8221;6901&#8243; img_size=&#8221;2000*350&#8243;][\/vc_column][\/vc_row][vc_row][vc_column][elx_heading font_container=&#8221;h1&#8243; font_size=&#8221;h3&#8243; text_color=&#8221;inherit&#8221;]ProThermetic koke- og stekepanner[\/elx_heading][vc_column_text] Laget for storproduksjon p\u00e5 hoteller, institusjoner, sykehus eller sentral- og flykj\u00f8kken [\/vc_column_text][vc_empty_space][\/vc_column][\/vc_row][vc_row][vc_column width=&#8221;1\/2&#8243;][elx_heading font_size=&#8221;h5&#8243; text_color=&#8221;inherit&#8221;]Trykkoking med ProThermetic: den ultimate l\u00f8sningen for h\u00f8y produktivitet, effektivitet og n\u00f8yaktighet[\/elx_heading][vc_empty_space][vc_column_text]Denne unike teknologien optimaliserer matlagingsprosessene og tilbyr maksimal fleksibilitet og en enklere matlagingsprosess samt bedre hygiene, effektivitet og l\u00f8nnsomhet. Thermaline [&hellip;]<\/p>\n","protected":false},"author":3,"featured_media":6901,"parent":0,"menu_order":0,"comment_status":"closed","ping_status":"closed","template":"","meta":{"footnotes":""},"class_list":["post-6903","page","type-page","status-publish","has-post-thumbnail","hentry"],"acf":[],"yoast_head":"<!-- This site is optimized with the Yoast SEO plugin v23.3 - https:\/\/yoast.com\/wordpress\/plugins\/seo\/ -->\n<title>ProThermetic koke- og stekepanner - Electrolux Professional Norge<\/title>\n<meta name=\"description\" content=\"ProThermetic koke- og stekepanner: den ultimate l\u00f8sningen for h\u00f8yproduksjon, effektivitet og presisjon.\" \/>\n<meta name=\"robots\" content=\"index, follow, max-snippet:-1, max-image-preview:large, max-video-preview:-1\" \/>\n<link rel=\"canonical\" href=\"https:\/\/www.electroluxprofessional.com\/no\/prothermetic-koke-og-stekepanner\/\" \/>\n<meta property=\"og:locale\" content=\"nb_NO\" \/>\n<meta property=\"og:type\" content=\"article\" \/>\n<meta property=\"og:title\" content=\"ProThermetic koke- og stekepanner - Electrolux Professional Norge\" \/>\n<meta property=\"og:description\" content=\"ProThermetic koke- og stekepanner: den ultimate l\u00f8sningen for h\u00f8yproduksjon, effektivitet og presisjon.\" \/>\n<meta property=\"og:url\" content=\"https:\/\/www.electroluxprofessional.com\/no\/prothermetic-koke-og-stekepanner\/\" \/>\n<meta property=\"og:site_name\" content=\"Electrolux Professional Norge\" \/>\n<meta property=\"article:modified_time\" content=\"2025-02-27T16:40:42+00:00\" \/>\n<meta property=\"og:image\" content=\"https:\/\/www.electroluxprofessional.com\/no\/wp-content\/uploads\/2021\/01\/banner-web.jpg\" \/>\n\t<meta property=\"og:image:width\" content=\"2000\" \/>\n\t<meta property=\"og:image:height\" content=\"1333\" \/>\n\t<meta property=\"og:image:type\" content=\"image\/jpeg\" \/>\n<meta name=\"twitter:card\" content=\"summary_large_image\" \/>\n<meta name=\"twitter:label1\" content=\"Ansl. lesetid\" \/>\n\t<meta name=\"twitter:data1\" content=\"2 minutter\" \/>\n<script type=\"application\/ld+json\" class=\"yoast-schema-graph\">{\"@context\":\"https:\/\/schema.org\",\"@graph\":[{\"@type\":\"WebPage\",\"@id\":\"https:\/\/www.electroluxprofessional.com\/no\/prothermetic-koke-og-stekepanner\/\",\"url\":\"https:\/\/www.electroluxprofessional.com\/no\/prothermetic-koke-og-stekepanner\/\",\"name\":\"ProThermetic koke- og stekepanner - Electrolux Professional Norge\",\"isPartOf\":{\"@id\":\"https:\/\/www.electroluxprofessional.com\/no\/#website\"},\"primaryImageOfPage\":{\"@id\":\"https:\/\/www.electroluxprofessional.com\/no\/prothermetic-koke-og-stekepanner\/#primaryimage\"},\"image\":{\"@id\":\"https:\/\/www.electroluxprofessional.com\/no\/prothermetic-koke-og-stekepanner\/#primaryimage\"},\"thumbnailUrl\":\"https:\/\/www.electroluxprofessional.com\/no\/wp-content\/uploads\/2021\/01\/banner-web.jpg\",\"datePublished\":\"2021-01-28T07:20:50+00:00\",\"dateModified\":\"2025-02-27T16:40:42+00:00\",\"description\":\"ProThermetic koke- og stekepanner: den ultimate l\u00f8sningen for h\u00f8yproduksjon, effektivitet og presisjon.\",\"breadcrumb\":{\"@id\":\"https:\/\/www.electroluxprofessional.com\/no\/prothermetic-koke-og-stekepanner\/#breadcrumb\"},\"inLanguage\":\"nb-NO\",\"potentialAction\":[{\"@type\":\"ReadAction\",\"target\":[\"https:\/\/www.electroluxprofessional.com\/no\/prothermetic-koke-og-stekepanner\/\"]}]},{\"@type\":\"ImageObject\",\"inLanguage\":\"nb-NO\",\"@id\":\"https:\/\/www.electroluxprofessional.com\/no\/prothermetic-koke-og-stekepanner\/#primaryimage\",\"url\":\"https:\/\/www.electroluxprofessional.com\/no\/wp-content\/uploads\/2021\/01\/banner-web.jpg\",\"contentUrl\":\"https:\/\/www.electroluxprofessional.com\/no\/wp-content\/uploads\/2021\/01\/banner-web.jpg\",\"width\":2000,\"height\":1333,\"caption\":\"ProThermetic Boiling and Braising Pans\"},{\"@type\":\"BreadcrumbList\",\"@id\":\"https:\/\/www.electroluxprofessional.com\/no\/prothermetic-koke-og-stekepanner\/#breadcrumb\",\"itemListElement\":[{\"@type\":\"ListItem\",\"position\":1,\"name\":\"Home\",\"item\":\"https:\/\/www.electroluxprofessional.com\/no\/\"},{\"@type\":\"ListItem\",\"position\":2,\"name\":\"ProThermetic koke- og stekepanner\"}]},{\"@type\":\"WebSite\",\"@id\":\"https:\/\/www.electroluxprofessional.com\/no\/#website\",\"url\":\"https:\/\/www.electroluxprofessional.com\/no\/\",\"name\":\"Electrolux Professional Norge\",\"description\":\"\",\"potentialAction\":[{\"@type\":\"SearchAction\",\"target\":{\"@type\":\"EntryPoint\",\"urlTemplate\":\"https:\/\/www.electroluxprofessional.com\/no\/?src={search_term_string}\"},\"query-input\":\"required name=search_term_string\"}],\"inLanguage\":\"nb-NO\"}]}<\/script>\n<!-- \/ Yoast SEO plugin. -->","yoast_head_json":{"title":"ProThermetic koke- og stekepanner - Electrolux Professional Norge","description":"ProThermetic koke- og stekepanner: den ultimate l\u00f8sningen for h\u00f8yproduksjon, effektivitet og presisjon.","robots":{"index":"index","follow":"follow","max-snippet":"max-snippet:-1","max-image-preview":"max-image-preview:large","max-video-preview":"max-video-preview:-1"},"canonical":"https:\/\/www.electroluxprofessional.com\/no\/prothermetic-koke-og-stekepanner\/","og_locale":"nb_NO","og_type":"article","og_title":"ProThermetic koke- og stekepanner - Electrolux Professional Norge","og_description":"ProThermetic koke- og stekepanner: den ultimate l\u00f8sningen for h\u00f8yproduksjon, effektivitet og presisjon.","og_url":"https:\/\/www.electroluxprofessional.com\/no\/prothermetic-koke-og-stekepanner\/","og_site_name":"Electrolux Professional Norge","article_modified_time":"2025-02-27T16:40:42+00:00","og_image":[{"width":2000,"height":1333,"url":"https:\/\/www.electroluxprofessional.com\/no\/wp-content\/uploads\/2021\/01\/banner-web.jpg","type":"image\/jpeg"}],"twitter_card":"summary_large_image","twitter_misc":{"Ansl. lesetid":"2 minutter"},"schema":{"@context":"https:\/\/schema.org","@graph":[{"@type":"WebPage","@id":"https:\/\/www.electroluxprofessional.com\/no\/prothermetic-koke-og-stekepanner\/","url":"https:\/\/www.electroluxprofessional.com\/no\/prothermetic-koke-og-stekepanner\/","name":"ProThermetic koke- og stekepanner - Electrolux Professional Norge","isPartOf":{"@id":"https:\/\/www.electroluxprofessional.com\/no\/#website"},"primaryImageOfPage":{"@id":"https:\/\/www.electroluxprofessional.com\/no\/prothermetic-koke-og-stekepanner\/#primaryimage"},"image":{"@id":"https:\/\/www.electroluxprofessional.com\/no\/prothermetic-koke-og-stekepanner\/#primaryimage"},"thumbnailUrl":"https:\/\/www.electroluxprofessional.com\/no\/wp-content\/uploads\/2021\/01\/banner-web.jpg","datePublished":"2021-01-28T07:20:50+00:00","dateModified":"2025-02-27T16:40:42+00:00","description":"ProThermetic koke- og stekepanner: den ultimate l\u00f8sningen for h\u00f8yproduksjon, effektivitet og presisjon.","breadcrumb":{"@id":"https:\/\/www.electroluxprofessional.com\/no\/prothermetic-koke-og-stekepanner\/#breadcrumb"},"inLanguage":"nb-NO","potentialAction":[{"@type":"ReadAction","target":["https:\/\/www.electroluxprofessional.com\/no\/prothermetic-koke-og-stekepanner\/"]}]},{"@type":"ImageObject","inLanguage":"nb-NO","@id":"https:\/\/www.electroluxprofessional.com\/no\/prothermetic-koke-og-stekepanner\/#primaryimage","url":"https:\/\/www.electroluxprofessional.com\/no\/wp-content\/uploads\/2021\/01\/banner-web.jpg","contentUrl":"https:\/\/www.electroluxprofessional.com\/no\/wp-content\/uploads\/2021\/01\/banner-web.jpg","width":2000,"height":1333,"caption":"ProThermetic Boiling and Braising Pans"},{"@type":"BreadcrumbList","@id":"https:\/\/www.electroluxprofessional.com\/no\/prothermetic-koke-og-stekepanner\/#breadcrumb","itemListElement":[{"@type":"ListItem","position":1,"name":"Home","item":"https:\/\/www.electroluxprofessional.com\/no\/"},{"@type":"ListItem","position":2,"name":"ProThermetic koke- og stekepanner"}]},{"@type":"WebSite","@id":"https:\/\/www.electroluxprofessional.com\/no\/#website","url":"https:\/\/www.electroluxprofessional.com\/no\/","name":"Electrolux Professional Norge","description":"","potentialAction":[{"@type":"SearchAction","target":{"@type":"EntryPoint","urlTemplate":"https:\/\/www.electroluxprofessional.com\/no\/?src={search_term_string}"},"query-input":"required name=search_term_string"}],"inLanguage":"nb-NO"}]}},"_links":{"self":[{"href":"https:\/\/www.electroluxprofessional.com\/no\/wp-json\/wp\/v2\/pages\/6903"}],"collection":[{"href":"https:\/\/www.electroluxprofessional.com\/no\/wp-json\/wp\/v2\/pages"}],"about":[{"href":"https:\/\/www.electroluxprofessional.com\/no\/wp-json\/wp\/v2\/types\/page"}],"author":[{"embeddable":true,"href":"https:\/\/www.electroluxprofessional.com\/no\/wp-json\/wp\/v2\/users\/3"}],"replies":[{"embeddable":true,"href":"https:\/\/www.electroluxprofessional.com\/no\/wp-json\/wp\/v2\/comments?post=6903"}],"version-history":[{"count":5,"href":"https:\/\/www.electroluxprofessional.com\/no\/wp-json\/wp\/v2\/pages\/6903\/revisions"}],"predecessor-version":[{"id":14062,"href":"https:\/\/www.electroluxprofessional.com\/no\/wp-json\/wp\/v2\/pages\/6903\/revisions\/14062"}],"wp:featuredmedia":[{"embeddable":true,"href":"https:\/\/www.electroluxprofessional.com\/no\/wp-json\/wp\/v2\/media\/6901"}],"wp:attachment":[{"href":"https:\/\/www.electroluxprofessional.com\/no\/wp-json\/wp\/v2\/media?parent=6903"}],"curies":[{"name":"wp","href":"https:\/\/api.w.org\/{rel}","templated":true}]}}