{"id":6548,"date":"2020-11-13T07:01:08","date_gmt":"2020-11-13T07:01:08","guid":{"rendered":"https:\/\/www.electroluxprofessional.com\/no\/?page_id=6548"},"modified":"2025-11-05T13:54:03","modified_gmt":"2025-11-05T13:54:03","slug":"tips-anbefalinger-hygienisk-vask-barnehagen","status":"publish","type":"page","link":"https:\/\/www.electroluxprofessional.com\/no\/tips-anbefalinger-hygienisk-vask-barnehagen\/","title":{"rendered":"Tips og anbefalinger til hygienisk vask i barnehagen"},"content":{"rendered":"<p>[vc_row full_width=&#8221;electroluxpro-full-width&#8221;][vc_column][elx_image_block background_image=&#8221;6550&#8243; minimum_height=&#8221;350px&#8221;][\/vc_column][\/vc_row][vc_row][vc_column][vc_empty_space height=&#8221;100px&#8221;][vc_column_text]<\/p>\n<h1>Tips og anbefalinger til hygienisk vask<\/h1>\n<p>[\/vc_column_text][vc_empty_space height=&#8221;40px&#8221;][vc_column_text]Er det ekstra krevende \u00e5 tenke p\u00e5 om barnehagen er ren og hygienisk om dagen? Tar det ekstra krefter og litt for mye planlegging rundt dette med vask av mopper, kluter, kosedyr og legoklosser m.m.?<\/p>\n<p>I <a href=\"https:\/\/www.electroluxprofessional.com\/no\/vaskeri\/frontmatede-vaskemaskiner\/\">profesjonelle vaskemaskiner<\/a> fra Electrolux Professional kan vi hjelpe med \u00e5 redusere noen av disse bekymringene. V\u00e5re maskiner har ulike program for ulike behov. Med korrekt kjemi i tillegg kan mye gj\u00f8res i forhold til hygienisk vask.<\/p>\n<p>Vi har satt opp noen forslag som kan v\u00e6re til hjelp i din barnehage, men sp\u00f8r oss gjerne om andre forslag.[\/vc_column_text][\/vc_column][\/vc_row][vc_row][vc_column][vc_empty_space height=&#8221;100px&#8221;][\/vc_column][\/vc_row][vc_row css=&#8221;.vc_custom_1606205580835{padding-top: 60px !important;padding-bottom: 60px !important;background-color: #14133b !important;}&#8221;][vc_column][vc_column_text]<\/p>\n<h2 style=\"text-align: center;\"><span style=\"color: #ffffff;\">Hvorfor skal jeg velge profesjonelt vaskeriutstyr fra Electrolux Professional?<\/span><\/h2>\n<p style=\"text-align: center;\"><span style=\"color: #ffffff;\"><a style=\"color: #ffffff;\" href=\"#faq\">Les mer her<\/a><\/span><\/p>\n<p>[\/vc_column_text][\/vc_column][\/vc_row][vc_row css=&#8221;.vc_custom_1605254366898{padding-top: 100px !important;padding-bottom: 100px !important;background-color: #eeeeee !important;}&#8221;][vc_column width=&#8221;1\/2&#8243;][vc_single_image image=&#8221;6598&#8243; img_size=&#8221;large&#8221; alignment=&#8221;center&#8221;][vc_empty_space][elx_download_block text=&#8221;Last ned v\u00e5r brosjyre&#8221; document_type=&#8221;brochures&#8221; file_picker=&#8221;13135&#8243; background_color=&#8221;electrolux-blue&#8221; background_image=&#8221;6552&#8243;][\/vc_column][vc_column width=&#8221;1\/2&#8243;][vc_column_text]<\/p>\n<h2>V\u00e5re profesjonelle maskiner har mulighet til \u00e5 vaske alt fra mopper til legoklosser og kosedyr<\/h2>\n<p>[\/vc_column_text][vc_empty_space height=&#8221;40px&#8221;][vc_column_text]<\/p>\n<ul>\n<li>Enkel i bruk<\/li>\n<li>Ulike spr\u00e5k<\/li>\n<li>Robust og driftssikker<\/li>\n<li>Skitt, sand og leire skylles ut av maskinen gjennom store hull i trommelen og en elektrisk avl\u00f8psventil. Vi anbefaler lokasse som gj\u00f8r det enkelt \u00e5 fjerne smusset.<\/li>\n<li>Hygienisk rent sammen med korrekt kjemi<\/li>\n<\/ul>\n<p>[\/vc_column_text][\/vc_column][\/vc_row][vc_row][vc_column][vc_empty_space height=&#8221;100px&#8221;][\/vc_column][\/vc_row][vc_row][vc_column width=&#8221;2\/3&#8243;][vc_column_text]<\/p>\n<h3>Med en profesjonell <a href=\"https:\/\/www.electroluxprofessional.com\/no\/underbenk-oppvaskmaskiner\/\">underbenk oppvaskmaskin<\/a> er det sikkert at dekket\u00f8y, glass osv. vaskes i korrekt temperatur som s\u00f8rger for at bakterier d\u00f8r og oppvasken blir unnagjort atskillig raskere enn i en husholdningsvariant.<\/h3>\n<p>[\/vc_column_text][vc_empty_space height=&#8221;40px&#8221;][vc_column_text]<\/p>\n<ul>\n<li>NeoBlue underbenk oppvaskmaskin som gj\u00f8r unna oppvasken i en fei!<\/li>\n<li>To program, en betjeningsknapp<\/li>\n<li>\u00a065 kurver per time<\/li>\n<li>Robust og driftssikker<\/li>\n<\/ul>\n<p>[\/vc_column_text][\/vc_column][vc_column width=&#8221;1\/3&#8243;][vc_single_image image=&#8221;13365&#8243; img_size=&#8221;full&#8221; alignment=&#8221;center&#8221;][\/vc_column][\/vc_row][vc_row][vc_column][vc_empty_space height=&#8221;100px&#8221;][vc_column_text drop_caps=&#8221;big-first-letter&#8221;]<\/p>\n<h1 style=\"text-align: center;\">T\u00f8rketromler<\/h1>\n<hr \/>\n<p>[\/vc_column_text][vc_empty_space height=&#8221;100px&#8221;][\/vc_column][\/vc_row][vc_row][vc_column width=&#8221;1\/4&#8243;][vc_single_image image=&#8221;6584&#8243; img_size=&#8221;large&#8221;][\/vc_column][vc_column width=&#8221;3\/4&#8243;][vc_column_text]<\/p>\n<h2>Med en <a href=\"https:\/\/www.electroluxprofessional.com\/no\/torketromler\/\">profesjonell t\u00f8rketrommel<\/a> t\u00f8rkes t\u00f8yet raskere og mer effektivt &#8211; som igjen gj\u00f8r at man sparer str\u00f8m og milj\u00f8.<\/h2>\n<p>[\/vc_column_text][vc_empty_space height=&#8221;40px&#8221;][vc_column_text]<\/p>\n<ul>\n<li>Enkel i bruk<\/li>\n<li>Ulike spr\u00e5k<\/li>\n<li>Robust og driftssikker<\/li>\n<li>Kommer i kondens- eller utluftsversjon<\/li>\n<\/ul>\n<p>[\/vc_column_text][\/vc_column][\/vc_row][vc_row][vc_column][vc_empty_space height=&#8221;100px&#8221;][\/vc_column][\/vc_row][vc_row][vc_column width=&#8221;2\/3&#8243;][vc_column_text]<\/p>\n<h2><img loading=\"lazy\" decoding=\"async\" class=\"alignright wp-image-6589 size-thumbnail\" src=\"https:\/\/www.electroluxprofessional.com\/no\/wp-content\/uploads\/2020\/11\/ergonomic-icon-150x150.jpg\" alt=\"\" width=\"150\" height=\"150\" srcset=\"https:\/\/www.electroluxprofessional.com\/no\/wp-content\/uploads\/2020\/11\/ergonomic-icon-150x150.jpg 150w, https:\/\/www.electroluxprofessional.com\/no\/wp-content\/uploads\/2020\/11\/ergonomic-icon.jpg 200w\" sizes=\"(max-width: 150px) 100vw, 150px\" \/>V\u00e5r mest milj\u00f8vennlige t\u00f8rketrommel med varmepumpeteknologi<\/h2>\n<p>[\/vc_column_text][vc_empty_space height=&#8221;40px&#8221;][vc_column_text]Enkel i montasje, da det ikke er n\u00f8dvendig med tilkobling til utluft. Besparelse p\u00e5 opptil 60% i forhold til tradisjonelle tromler.<\/p>\n<ul>\n<li>Stilleg\u00e5ende<\/li>\n<li>Minimal oppvarming av rommet<\/li>\n<li>Ergosertifisert<\/li>\n<li>Enkel betjening<\/li>\n<\/ul>\n<p>[\/vc_column_text][\/vc_column][vc_column width=&#8221;1\/3&#8243;][vc_single_image image=&#8221;6583&#8243; img_size=&#8221;medium&#8221;][\/vc_column][\/vc_row][vc_row][vc_column][vc_empty_space height=&#8221;100px&#8221;][vc_column_text drop_caps=&#8221;big-first-letter&#8221;]<\/p>\n<h1 style=\"text-align: center;\"><a href=\"https:\/\/www.electroluxprofessional.com\/no\/vaskeri\/torkeskap\/\">T\u00f8rkeskap<\/a><\/h1>\n<hr \/>\n<p>[\/vc_column_text][vc_empty_space height=&#8221;100px&#8221;][\/vc_column][\/vc_row][vc_row][vc_column width=&#8221;2\/3&#8243;][vc_column_text]<\/p>\n<h2><img loading=\"lazy\" decoding=\"async\" class=\"alignright size-thumbnail wp-image-6610\" src=\"https:\/\/www.electroluxprofessional.com\/no\/wp-content\/uploads\/2020\/11\/EPR-icon-ERGONOMICS-150x150.jpg\" alt=\"\" width=\"150\" height=\"150\" srcset=\"https:\/\/www.electroluxprofessional.com\/no\/wp-content\/uploads\/2020\/11\/EPR-icon-ERGONOMICS-150x150.jpg 150w, https:\/\/www.electroluxprofessional.com\/no\/wp-content\/uploads\/2020\/11\/EPR-icon-ERGONOMICS.jpg 283w\" sizes=\"(max-width: 150px) 100vw, 150px\" \/>S\u00f8rger for at parkdresser, sko, st\u00f8vler, votter og luer er klare til neste uteaktivitet.<\/h2>\n<p>[\/vc_column_text][vc_empty_space height=&#8221;40px&#8221;][vc_column_text]Kan leveres h\u00f8yre- eller venstrehengslet. Innmaten best\u00e5r av tre h\u00f8yder med t\u00f8rkestenger. Ekstrautstyr er skohylle og vottehenger.[\/vc_column_text][\/vc_column][vc_column width=&#8221;1\/3&#8243;][vc_single_image image=&#8221;6611&#8243; img_size=&#8221;medium&#8221;][\/vc_column][\/vc_row][vc_row][vc_column][vc_empty_space height=&#8221;100px&#8221;][\/vc_column][\/vc_row][vc_row][vc_column width=&#8221;1\/4&#8243;][vc_single_image image=&#8221;6614&#8243; img_size=&#8221;medium&#8221; alignment=&#8221;center&#8221;][\/vc_column][vc_column width=&#8221;3\/4&#8243;][vc_column_text]<\/p>\n<h2>Et litt st\u00f8rre t\u00f8rkeskap rommer litt mer hvis det er behov for det.<\/h2>\n<p>[\/vc_column_text][vc_empty_space height=&#8221;40px&#8221;][vc_column_text]<\/p>\n<ul>\n<li>18 stk utsvingbare hengere i rustfritt st\u00e5l<\/li>\n<li>Innebygd arbeidslys<\/li>\n<li>Isolerte d\u00f8rer &#8211; lavere st\u00f8yniv\u00e5<\/li>\n<li>Store d\u00f8rer og god \u00e5pningsvinkel for enklere betjening<\/li>\n<li>Robust og driftssikkert<\/li>\n<\/ul>\n<p>[\/vc_column_text][\/vc_column][\/vc_row][vc_row][vc_column][vc_empty_space height=&#8221;100px&#8221;][\/vc_column][\/vc_row][vc_row][vc_column][vc_column_text]<\/p>\n<h2>T\u00f8rkeskap med varmepumpeteknologi<\/h2>\n<p>[\/vc_column_text][vc_empty_space height=&#8221;40px&#8221;][\/vc_column][\/vc_row][vc_row][vc_column width=&#8221;1\/4&#8243;][vc_single_image image=&#8221;6622&#8243; img_size=&#8221;medium&#8221; alignment=&#8221;center&#8221;][\/vc_column][vc_column width=&#8221;1\/4&#8243;][vc_empty_space height=&#8221;40px&#8221;][vc_column_text]<\/p>\n<ul>\n<li>Ergosertifisert<\/li>\n<li>Enkel betjening med to automatprogram &#8211; stopper n\u00e5r t\u00f8yet er t\u00f8rt<\/li>\n<li>St\u00f8ysvak<\/li>\n<li>Hengere i rustfritt st\u00e5l<\/li>\n<li>Justerbare f\u00f8tter for enkel installering<\/li>\n<li>H\u00f8yde: 1910mm<\/li>\n<\/ul>\n<p>[\/vc_column_text][\/vc_column][vc_column width=&#8221;1\/4&#8243;][vc_single_image image=&#8221;6623&#8243; img_size=&#8221;medium&#8221; alignment=&#8221;center&#8221;][\/vc_column][vc_column width=&#8221;1\/4&#8243;][vc_empty_space height=&#8221;40px&#8221;][vc_column_text]<\/p>\n<ul>\n<li>Ergosertifisert<\/li>\n<li>Blindeskrift p\u00e5 display<\/li>\n<li>Sk\u00e5nsom behandling av kjeledresser med refleksb\u00e5nd, impregnering osv.<\/li>\n<li>20 hengere i rustfritt st\u00e5l (kan hengsles om)<\/li>\n<li>To automatprogram som stopper n\u00e5r t\u00f8yet er t\u00f8rt<\/li>\n<li>Barnesikring<\/li>\n<li>Innebygget arbeidslys<\/li>\n<\/ul>\n<p>[\/vc_column_text][\/vc_column][\/vc_row][vc_row][vc_column][vc_empty_space height=&#8221;100px&#8221;][\/vc_column][\/vc_row][vc_row css=&#8221;.vc_custom_1606205372317{padding-top: 100px !important;padding-bottom: 100px !important;background-color: #eaeef2 !important;}&#8221; el_id=&#8221;faq&#8221;][vc_column][vc_column_text]<\/p>\n<h1>Sp\u00f8rsm\u00e5l og svar til profesjonelle vaskel\u00f8sninger<\/h1>\n<p>[\/vc_column_text][vc_empty_space height=&#8221;40px&#8221;][vc_column_text]<span style=\"color: #14133b;\"><strong>1. Hvorfor kan jeg ikke vaske i v\u00e5r nye husholdningsmaskin? Vi har akkurat kj\u00f8pt den, og den forrige vi hadde funket bra.<br \/>\n<\/strong><\/span><span style=\"color: #14133b;\">Klart du kan, men n\u00e5r du kj\u00f8per som en profesjonell bruker gjelder en annen garanti enn hvis du kj\u00f8per som privatperson. Greit \u00e5 vite. En annen ting er at husholdningsmaskiner leveres med pumpe. Ved vask av mopper skal det vaskes med s\u00e5kalt brutt avl\u00f8p. Skal det vaskes kjeledresser og ting med mye sand og smuss, takler en s\u00e5nn maskin ikke det s\u00e5 godt.<\/span><\/p>\n<p><span style=\"color: #14133b;\"><strong>2. Blir det ikke rent i en husholdningsmaskin?<br \/>\n<\/strong><\/span><span style=\"color: #14133b;\">Jo, men i en profesjonell maskin kan vi tilpasse programmene til det som skal vaskes. I tillegg er maskinene utviklet for \u00e5 h\u00e5ndtere helse- og hygienekrav p\u00e5 en annen m\u00e5te, dvs. temperatur eller en kombinasjon temperatur og kjemi. I tillegg er de klargjort for ekstern s\u00e5pedosering.<\/span><\/p>\n<p><strong><span style=\"color: #14133b;\">3. Hva er forskjellen mellom en husholdningsmaskin og en profesjonell vaskemaskin da? Bortsett fra prisen.<br \/>\n<\/span><\/strong><span style=\"color: #14133b;\">V\u00e5re profesjonelle vaskemaskiner er utviklet for \u00e5 vare i 30.000 sykluser\/vaskeomganger. En husholdningsmaskin er testet for ca 10% av antall sykluser kontra en profesjonell maskin. I tillegg er det typiske slitedeler som t\u00e5ler robust bruk som er satt inn i maskinene.<\/span><\/p>\n<p><span style=\"color: #14133b;\"><strong>4. Vi har dessverre ikke r\u00e5d til \u00e5 kj\u00f8pe en s\u00e5 dyr maskin. Hvorfor koster de s\u00e5 mye?<\/strong><br \/>\n<\/span><span style=\"color: #14133b;\">Vi har nevnt noe av grunnene over, men det gjelder en totalpakke som; Driftssikker, garanti, vaskeresultat, desinfeksjon, hygiene osv. Vi kan ogs\u00e5 tilby finansiering ?.<\/span><\/p>\n<p><strong><span style=\"color: #14133b;\">5. Vi har f\u00e5tt beskjed om \u00e5 synliggj\u00f8re at vi f\u00f8lger hygienekrav osv. i barnehagen. Har dere noe dokumentasjon p\u00e5 det er blir hygienisk hvis vi kj\u00f8per maskin fra dere?<br \/>\n<\/span><\/strong><span style=\"color: #14133b;\">Ja, vi kan dokumentere vaskeprogrammene med tid og temperatur osv.<\/span><\/p>\n<p><span style=\"color: #14133b;\"><strong>6. Hvorfor skal jeg velge en profesjonell vaskemaskin?<\/strong><br \/>\n<\/span><span style=\"color: #14133b;\">I tillegg til det som allerede er nevnt, kan vi nevne dette med milj\u00f8aspektet ved \u00e5 velge produkter som har lengre levetid, og som har fokus p\u00e5 en milj\u00f8vennlig drift i form av redusert energi-, vann-, og kjemiforbruk. Raskere vaskesykluser er ogs\u00e5 et viktig poeng. Oppsummert kan vi si;<\/span><\/p>\n<ul>\n<li><span style=\"color: #14133b;\">Garanti<\/span><\/li>\n<li><span style=\"color: #14133b;\">S\u00e5petilkobling<\/span><\/li>\n<li><span style=\"color: #14133b;\">Levetid<\/span><\/li>\n<li><span style=\"color: #14133b;\">Hygiene<\/span><\/li>\n<li><span style=\"color: #14133b;\">Driftssikker<\/span><\/li>\n<li><span style=\"color: #14133b;\">Vask av leker<\/span><\/li>\n<li><span style=\"color: #14133b;\">Tilpassede program<\/span><\/li>\n<\/ul>\n<p>[\/vc_column_text][\/vc_column][\/vc_row][vc_row][vc_column][vc_empty_space][\/vc_column][\/vc_row][vc_row][vc_column][elx_heading text_color=&#8221;inherit&#8221;]Ja, dette \u00f8nsker jeg \u00e5 vite mer om. [\/elx_heading][vc_empty_space][\/vc_column][\/vc_row][vc_row][vc_column][elx_o2000_contact_us s=&#8221;\u00d8nsker informasjon om l\u00f8sninger til barnehage\/SFO&#8221; campaign=&#8221;7015p000001NwA7AAK&#8221; text_send_button=&#8221;Kontakt meg!&#8221; country=&#8221;Norway&#8221; b=&#8221;laundry&#8221; thanks=&#8221;Takk for din interesse. Vi vil ta kontakt med deg s\u00e5 fort vi kan&#8221; r=&#8221;Jeg \u00f8nsker \u00e5 vite mer om profesjonelle l\u00f8sninger til barnehage\/SFO.&#8221; l=&#8221;no&#8221;][\/vc_column][\/vc_row]<\/p>\n","protected":false},"excerpt":{"rendered":"<p>[vc_row full_width=&#8221;electroluxpro-full-width&#8221;][vc_column][elx_image_block background_image=&#8221;6550&#8243; minimum_height=&#8221;350px&#8221;][\/vc_column][\/vc_row][vc_row][vc_column][vc_empty_space height=&#8221;100px&#8221;][vc_column_text] Tips og anbefalinger til hygienisk vask [\/vc_column_text][vc_empty_space height=&#8221;40px&#8221;][vc_column_text]Er det ekstra krevende \u00e5 tenke p\u00e5 om barnehagen er ren og hygienisk om dagen? Tar det ekstra krefter og litt for mye planlegging rundt dette med vask av mopper, kluter, kosedyr og legoklosser m.m.? I profesjonelle vaskemaskiner fra Electrolux Professional kan vi [&hellip;]<\/p>\n","protected":false},"author":4,"featured_media":6552,"parent":0,"menu_order":0,"comment_status":"closed","ping_status":"closed","template":"","meta":{"footnotes":""},"class_list":["post-6548","page","type-page","status-publish","has-post-thumbnail","hentry"],"acf":[],"yoast_head":"<!-- This site is optimized with the Yoast SEO plugin v23.3 - https:\/\/yoast.com\/wordpress\/plugins\/seo\/ -->\n<title>Tips og anbefalinger til hygienisk vask i barnehagen - Electrolux Professional Norge<\/title>\n<meta name=\"description\" content=\"Er det ekstra krevende \u00e5 tenke p\u00e5 om barnehagen er ren og hygienisk om dagen? Vi anbefaler profesjonelle vaskeril\u00f8sninger som kan hjelpe.\" \/>\n<meta name=\"robots\" content=\"index, follow, max-snippet:-1, max-image-preview:large, max-video-preview:-1\" \/>\n<link rel=\"canonical\" href=\"https:\/\/www.electroluxprofessional.com\/no\/tips-anbefalinger-hygienisk-vask-barnehagen\/\" \/>\n<meta property=\"og:locale\" content=\"nb_NO\" \/>\n<meta property=\"og:type\" content=\"article\" \/>\n<meta property=\"og:title\" content=\"Tips og anbefalinger til hygienisk vask i barnehagen - Electrolux Professional Norge\" \/>\n<meta property=\"og:description\" content=\"Er det ekstra krevende \u00e5 tenke p\u00e5 om barnehagen er ren og hygienisk om dagen? Vi anbefaler profesjonelle vaskeril\u00f8sninger som kan hjelpe.\" \/>\n<meta property=\"og:url\" content=\"https:\/\/www.electroluxprofessional.com\/no\/tips-anbefalinger-hygienisk-vask-barnehagen\/\" \/>\n<meta property=\"og:site_name\" content=\"Electrolux Professional Norge\" \/>\n<meta property=\"article:modified_time\" content=\"2025-11-05T13:54:03+00:00\" \/>\n<meta property=\"og:image\" content=\"https:\/\/www.electroluxprofessional.com\/no\/wp-content\/uploads\/2021\/03\/barnehagebilde_1200x630_lr.jpg\" \/>\n<meta name=\"twitter:card\" content=\"summary_large_image\" \/>\n<meta name=\"twitter:label1\" content=\"Ansl. lesetid\" \/>\n\t<meta name=\"twitter:data1\" content=\"6 minutter\" \/>\n<script type=\"application\/ld+json\" class=\"yoast-schema-graph\">{\"@context\":\"https:\/\/schema.org\",\"@graph\":[{\"@type\":\"WebPage\",\"@id\":\"https:\/\/www.electroluxprofessional.com\/no\/tips-anbefalinger-hygienisk-vask-barnehagen\/\",\"url\":\"https:\/\/www.electroluxprofessional.com\/no\/tips-anbefalinger-hygienisk-vask-barnehagen\/\",\"name\":\"Tips og anbefalinger til hygienisk vask i barnehagen - Electrolux Professional Norge\",\"isPartOf\":{\"@id\":\"https:\/\/www.electroluxprofessional.com\/no\/#website\"},\"primaryImageOfPage\":{\"@id\":\"https:\/\/www.electroluxprofessional.com\/no\/tips-anbefalinger-hygienisk-vask-barnehagen\/#primaryimage\"},\"image\":{\"@id\":\"https:\/\/www.electroluxprofessional.com\/no\/tips-anbefalinger-hygienisk-vask-barnehagen\/#primaryimage\"},\"thumbnailUrl\":\"https:\/\/www.electroluxprofessional.com\/no\/wp-content\/uploads\/2020\/11\/barnehage-barnleker.jpg\",\"datePublished\":\"2020-11-13T07:01:08+00:00\",\"dateModified\":\"2025-11-05T13:54:03+00:00\",\"description\":\"Er det ekstra krevende \u00e5 tenke p\u00e5 om barnehagen er ren og hygienisk om dagen? Vi anbefaler profesjonelle vaskeril\u00f8sninger som kan hjelpe.\",\"breadcrumb\":{\"@id\":\"https:\/\/www.electroluxprofessional.com\/no\/tips-anbefalinger-hygienisk-vask-barnehagen\/#breadcrumb\"},\"inLanguage\":\"nb-NO\",\"potentialAction\":[{\"@type\":\"ReadAction\",\"target\":[\"https:\/\/www.electroluxprofessional.com\/no\/tips-anbefalinger-hygienisk-vask-barnehagen\/\"]}]},{\"@type\":\"ImageObject\",\"inLanguage\":\"nb-NO\",\"@id\":\"https:\/\/www.electroluxprofessional.com\/no\/tips-anbefalinger-hygienisk-vask-barnehagen\/#primaryimage\",\"url\":\"https:\/\/www.electroluxprofessional.com\/no\/wp-content\/uploads\/2020\/11\/barnehage-barnleker.jpg\",\"contentUrl\":\"https:\/\/www.electroluxprofessional.com\/no\/wp-content\/uploads\/2020\/11\/barnehage-barnleker.jpg\",\"width\":1400,\"height\":933,\"caption\":\"barnehage-barnleker\"},{\"@type\":\"BreadcrumbList\",\"@id\":\"https:\/\/www.electroluxprofessional.com\/no\/tips-anbefalinger-hygienisk-vask-barnehagen\/#breadcrumb\",\"itemListElement\":[{\"@type\":\"ListItem\",\"position\":1,\"name\":\"Home\",\"item\":\"https:\/\/www.electroluxprofessional.com\/no\/\"},{\"@type\":\"ListItem\",\"position\":2,\"name\":\"Tips og anbefalinger til hygienisk vask i barnehagen\"}]},{\"@type\":\"WebSite\",\"@id\":\"https:\/\/www.electroluxprofessional.com\/no\/#website\",\"url\":\"https:\/\/www.electroluxprofessional.com\/no\/\",\"name\":\"Electrolux Professional Norge\",\"description\":\"\",\"potentialAction\":[{\"@type\":\"SearchAction\",\"target\":{\"@type\":\"EntryPoint\",\"urlTemplate\":\"https:\/\/www.electroluxprofessional.com\/no\/?src={search_term_string}\"},\"query-input\":\"required name=search_term_string\"}],\"inLanguage\":\"nb-NO\"}]}<\/script>\n<!-- \/ Yoast SEO plugin. -->","yoast_head_json":{"title":"Tips og anbefalinger til hygienisk vask i barnehagen - Electrolux Professional Norge","description":"Er det ekstra krevende \u00e5 tenke p\u00e5 om barnehagen er ren og hygienisk om dagen? Vi anbefaler profesjonelle vaskeril\u00f8sninger som kan hjelpe.","robots":{"index":"index","follow":"follow","max-snippet":"max-snippet:-1","max-image-preview":"max-image-preview:large","max-video-preview":"max-video-preview:-1"},"canonical":"https:\/\/www.electroluxprofessional.com\/no\/tips-anbefalinger-hygienisk-vask-barnehagen\/","og_locale":"nb_NO","og_type":"article","og_title":"Tips og anbefalinger til hygienisk vask i barnehagen - Electrolux Professional Norge","og_description":"Er det ekstra krevende \u00e5 tenke p\u00e5 om barnehagen er ren og hygienisk om dagen? Vi anbefaler profesjonelle vaskeril\u00f8sninger som kan hjelpe.","og_url":"https:\/\/www.electroluxprofessional.com\/no\/tips-anbefalinger-hygienisk-vask-barnehagen\/","og_site_name":"Electrolux Professional Norge","article_modified_time":"2025-11-05T13:54:03+00:00","og_image":[{"url":"https:\/\/www.electroluxprofessional.com\/no\/wp-content\/uploads\/2021\/03\/barnehagebilde_1200x630_lr.jpg"}],"twitter_card":"summary_large_image","twitter_misc":{"Ansl. lesetid":"6 minutter"},"schema":{"@context":"https:\/\/schema.org","@graph":[{"@type":"WebPage","@id":"https:\/\/www.electroluxprofessional.com\/no\/tips-anbefalinger-hygienisk-vask-barnehagen\/","url":"https:\/\/www.electroluxprofessional.com\/no\/tips-anbefalinger-hygienisk-vask-barnehagen\/","name":"Tips og anbefalinger til hygienisk vask i barnehagen - Electrolux Professional Norge","isPartOf":{"@id":"https:\/\/www.electroluxprofessional.com\/no\/#website"},"primaryImageOfPage":{"@id":"https:\/\/www.electroluxprofessional.com\/no\/tips-anbefalinger-hygienisk-vask-barnehagen\/#primaryimage"},"image":{"@id":"https:\/\/www.electroluxprofessional.com\/no\/tips-anbefalinger-hygienisk-vask-barnehagen\/#primaryimage"},"thumbnailUrl":"https:\/\/www.electroluxprofessional.com\/no\/wp-content\/uploads\/2020\/11\/barnehage-barnleker.jpg","datePublished":"2020-11-13T07:01:08+00:00","dateModified":"2025-11-05T13:54:03+00:00","description":"Er det ekstra krevende \u00e5 tenke p\u00e5 om barnehagen er ren og hygienisk om dagen? Vi anbefaler profesjonelle vaskeril\u00f8sninger som kan hjelpe.","breadcrumb":{"@id":"https:\/\/www.electroluxprofessional.com\/no\/tips-anbefalinger-hygienisk-vask-barnehagen\/#breadcrumb"},"inLanguage":"nb-NO","potentialAction":[{"@type":"ReadAction","target":["https:\/\/www.electroluxprofessional.com\/no\/tips-anbefalinger-hygienisk-vask-barnehagen\/"]}]},{"@type":"ImageObject","inLanguage":"nb-NO","@id":"https:\/\/www.electroluxprofessional.com\/no\/tips-anbefalinger-hygienisk-vask-barnehagen\/#primaryimage","url":"https:\/\/www.electroluxprofessional.com\/no\/wp-content\/uploads\/2020\/11\/barnehage-barnleker.jpg","contentUrl":"https:\/\/www.electroluxprofessional.com\/no\/wp-content\/uploads\/2020\/11\/barnehage-barnleker.jpg","width":1400,"height":933,"caption":"barnehage-barnleker"},{"@type":"BreadcrumbList","@id":"https:\/\/www.electroluxprofessional.com\/no\/tips-anbefalinger-hygienisk-vask-barnehagen\/#breadcrumb","itemListElement":[{"@type":"ListItem","position":1,"name":"Home","item":"https:\/\/www.electroluxprofessional.com\/no\/"},{"@type":"ListItem","position":2,"name":"Tips og anbefalinger til hygienisk vask i barnehagen"}]},{"@type":"WebSite","@id":"https:\/\/www.electroluxprofessional.com\/no\/#website","url":"https:\/\/www.electroluxprofessional.com\/no\/","name":"Electrolux Professional Norge","description":"","potentialAction":[{"@type":"SearchAction","target":{"@type":"EntryPoint","urlTemplate":"https:\/\/www.electroluxprofessional.com\/no\/?src={search_term_string}"},"query-input":"required name=search_term_string"}],"inLanguage":"nb-NO"}]}},"_links":{"self":[{"href":"https:\/\/www.electroluxprofessional.com\/no\/wp-json\/wp\/v2\/pages\/6548"}],"collection":[{"href":"https:\/\/www.electroluxprofessional.com\/no\/wp-json\/wp\/v2\/pages"}],"about":[{"href":"https:\/\/www.electroluxprofessional.com\/no\/wp-json\/wp\/v2\/types\/page"}],"author":[{"embeddable":true,"href":"https:\/\/www.electroluxprofessional.com\/no\/wp-json\/wp\/v2\/users\/4"}],"replies":[{"embeddable":true,"href":"https:\/\/www.electroluxprofessional.com\/no\/wp-json\/wp\/v2\/comments?post=6548"}],"version-history":[{"count":79,"href":"https:\/\/www.electroluxprofessional.com\/no\/wp-json\/wp\/v2\/pages\/6548\/revisions"}],"predecessor-version":[{"id":14865,"href":"https:\/\/www.electroluxprofessional.com\/no\/wp-json\/wp\/v2\/pages\/6548\/revisions\/14865"}],"wp:featuredmedia":[{"embeddable":true,"href":"https:\/\/www.electroluxprofessional.com\/no\/wp-json\/wp\/v2\/media\/6552"}],"wp:attachment":[{"href":"https:\/\/www.electroluxprofessional.com\/no\/wp-json\/wp\/v2\/media?parent=6548"}],"curies":[{"name":"wp","href":"https:\/\/api.w.org\/{rel}","templated":true}]}}