{"id":6151,"date":"2020-08-19T12:49:34","date_gmt":"2020-08-19T12:49:34","guid":{"rendered":"https:\/\/www.electroluxprofessional.com\/no\/?page_id=6151"},"modified":"2022-08-24T08:47:34","modified_gmt":"2022-08-24T08:47:34","slug":"brukervilkar","status":"publish","type":"page","link":"https:\/\/www.electroluxprofessional.com\/no\/brukervilkar\/","title":{"rendered":"Brukervilk\u00e5r"},"content":{"rendered":"<p>[vc_row][vc_column][vc_column_text]<strong>Betingelser og vilk\u00e5r<\/strong><\/p>\n<p>VELKOMMEN TIL ELECTROLUX PROFESSIONAL NETTSTED. Les disse vilk\u00e5rene n\u00f8ye f\u00f8r du bruker denne websiden. DENNE SIDEN KAN KUN BRUKES FOR INFORMASJONSFORM\u00c5L. Ved \u00e5 gi samtykke og bruke nettstedet eller laste ned materiell fra nettstedet, godtar du \u00e5 f\u00f8lge vilk\u00e5rene og betingelsene (\u201cVilk\u00e5r for bruk\u201d) som er angitt i denne kunngj\u00f8ringen. HVIS DU IKKE godtar \u00e5 f\u00f8lge disse vilk\u00e5rene, m\u00e5 du IKKE gi samtykke, bruke eller laste ned materiell fra nettstedet.<\/p>\n<p><strong>Cookies<\/strong><\/p>\n<p>ELECTROLUX PROFESSIONAL bruker \u201dcookies&#8221; for \u00e5 forbedre og forenkle ditt bes\u00f8k p\u00e5 nettstedet. \u201dCookie\u201d-filene sendes til din datamaskin og identifiserer deg som unik bruker. De lagrer dine personlige \u00f8nskem\u00e5l og teknisk informasjon. Vi bruker:<\/p>\n<p>a) Permanente \u201dcookies\u201d (dvs. cookies som ligger igjen i maskinen til du fjerner dem) og<br \/>\nb) Sessions \u201dcookies\u201d (dvs. cookies som ligger igjen til du sl\u00e5r av nettleseren).<\/p>\n<p>\u201dCookies\u201d inneholder ikke, eller avsl\u00f8rer ikke, noen personopplysninger. Dersom du sender inn personopplysninger via ELECTROLUX PROFESSIONALS nettside kan dog informasjon\u00a0 kobles til de dataene som ligger lagret i cookies<\/p>\n<p><strong>Tillatelse<\/strong><\/p>\n<p>Med forbehold om vilk\u00e5rene i denne avtalen, gir ELECTROLUX PROFESSIONAL deg en ikke-eksklusiv, ikke-overf\u00f8rbar, begrenset rett til tilgang, bruk og visning av dette nettstedet og materialene derp\u00e5. Du samtykker i \u00e5 ikke avbryte eller fors\u00f8ke \u00e5 avbryte driften av nettstedet p\u00e5 noen m\u00e5te.<\/p>\n<p>ELECTROLUX PROFESSIONAL gir deg fullmakt til \u00e5 se og laste ned informasjonen (\u201cMateriell\u201d) p\u00e5 nettstedet kun for personlig, ikke-kommersiell bruk. Denne autorisasjonen er ikke en overf\u00f8ring av tittelen i materialet og kopier av materialet og er underlagt f\u00f8lgende begrensninger: 1) du m\u00e5 beholde, p\u00e5 alle kopier av nedlastede materialer, alle opphavsrettslige merknader og andre merknader som inneholder eiendomsretten; 2) du kan ikke endre materialene p\u00e5 noen m\u00e5te eller reprodusere eller offentlig vise, utf\u00f8re eller distribuere eller p\u00e5 annen m\u00e5te bruke eller formidle det til noe offentlig eller kommersielt form\u00e5l, og 3) du m\u00e5 ikke overf\u00f8re materiellet til noen annen person med mindre du gir dem beskjed om, og de samtykker i \u00e5 akseptere, forpliktelsene som gjelder i henhold til disse vilk\u00e5rene for bruk. Du samtykker i \u00e5 overholde alle ytterligere begrensninger som vises p\u00e5 nettstedet, da det kan oppdateres fra tid til annen. Dette nettstedet, inkludert alt materiale, er opphavsrettslig beskyttet og beskyttet av verdensomspennende lover om opphavsrett og traktatbestemmelser. Du samtykker i \u00e5 overholde alle copyright-lover over hele verden i din bruk av dette nettstedet og for \u00e5 forhindre uautorisert kopiering av materialet. Med unntak av det som uttrykkelig er gitt her, gir ELECTROLUX PROFESSIONAL ikke noen uttrykkelig eller underforst\u00e5tt rettighet til deg i henhold til patenter, design, varemerker, opphavsrett eller forretningshemmelighetslovgivning.<\/p>\n<p><strong>Brukerkontoer<\/strong><\/p>\n<p>Du kan v\u00e6re p\u00e5lagt \u00e5 \u00e5pne en konto for \u00e5 kunne f\u00e5 tilgang til visse begrensede deler av nettstedet. I s\u00e5 fall m\u00e5 du fullf\u00f8re registreringsprosessen ved \u00e5 gi oss fullstendig og n\u00f8yaktig informasjon som angitt i det aktuelle registreringsskjemaet. Du m\u00e5 ogs\u00e5 velge et passord. Du er helt ansvarlig for \u00e5 opprettholde konfidensialiteten til passordet og kontoen din. Videre er du ansvarlig for alle aktiviteter som skjer under nevnte konto. Du samtykker i \u00e5 varsle ELECTROLUX PROFESSIONAL umiddelbart om uautorisert bruk av kontoen din eller andre sikkerhetsbrudd. ELECTROLUX\u00a0PROFESSIONAL er ikke ansvarlig for tap du kan p\u00e5f\u00f8res som f\u00f8lge av at noen andre bruker passordet eller kontoen din.<\/p>\n<p><strong>Brukergarantier<\/strong><\/p>\n<p>Du representerer og garanterer at du vil bruke nettstedet i samsvar med denne avtalen inkludert lover og bestemmelser i henhold til denne avtalen og for \u00e5 overholde alle eksisterende og fremtidige retningslinjer og regler for nettstedet. Du samtykker i at du ikke vil bruke nettstedet til \u00e5: (a) overf\u00f8re spam eller u\u00f8nsket kommunikasjon; (b) late som \u00e5 v\u00e6re ELECTROLUX PROFESSIONAL eller noen andre; (c) endre overskrifter eller p\u00e5 annen m\u00e5te manipulere identifikatorer for \u00e5 skjule opphavet til innholdet som sendes gjennom nettstedet; (d) misbruke din tilknytning til en person eller enhet; (e) handle p\u00e5 en m\u00e5te som p\u00e5virker andre brukers muligheter til \u00e5 bruke nettstedet negativt; (f) delta i aktiviteter som bryter gjeldende lov, (g) poste eller overf\u00f8re noe materiale som krenker eller krenker p\u00e5 noen m\u00e5te rettighetene til andre eller som er ulovlig, voldelig, \u00e6rekrenkende, vulg\u00e6rt eller p\u00e5 annen m\u00e5te krenkende eller som inneholder noen reklame eller oppfordring med hensyn til produkter eller tjenester; (h) samle inn eller lagre personopplysninger om andre brukere med mindre det er spesifikt godkjent av slike brukere, eller (i) ikke overholde tilbaketrekking av slik autorisasjon som beskrevet i (h). Hvis du ikke overholder det forannevnte, kan du ikke bruke nettstedet. ELECTROLUX PROFESSIONAL skal ikke v\u00e6re juridisk bundet av denne avtalen, og forbeholder seg alle sine juridiske rettigheter i forhold til slik manglende overholdelse.<\/p>\n<p>Hvis du bryter bruksvilk\u00e5rene, er du ansvarlig for \u00e5 betale erstatning for skader for\u00e5rsaket av ELECTROLUX PROFESSIONAL og tilknyttede selskap som en konsekvens av dine handlinger.<\/p>\n<p><strong>Endringer<\/strong><\/p>\n<p>ELECTROLUX PROFESSIONAL forbeholder seg retten til, etter eget skj\u00f8nn \u00e5 endre, legge til eller fjerne deler av denne avtalen, helt eller delvis, n\u00e5r som helst. Endringer i denne avtalen vil v\u00e6re effektive n\u00e5r varsel om slik endring blir lagt ut p\u00e5 nettstedet. Din fortsatte bruk av nettstedet etter at noen endring av denne avtalen er lagt ut, vil bli betraktet som aksept av disse endringene.<\/p>\n<p>ELECTROLUX PROFESSIONAL kan avslutte, endre, korrigere eventuelle feil eller mangler p\u00e5 deler av nettstedet, gj\u00f8re andre endringer p\u00e5 nettstedet, materiellet og produktene, programmene, tjenestene eller prisene (hvis noen) beskrevet p\u00e5 nettstedet, stanse eller avvikle ethvert aspekt av nettstedet, inkludert tilgjengeligheten av alle funksjoner p\u00e5 nettstedet, n\u00e5r som helst uten varsel. ELECTROLUX PROFESSIONAL kan ogs\u00e5 sette begrensninger for visse funksjoner og tjenester eller begrense din tilgang til deler eller hele nettstedet uten varsel eller ansvar. ELECTROLUX PROFESSIONAL kan n\u00e5r som helst si opp autorisasjonen, rettighetene og lisensen gitt ovenfor, og ved slik avslutning skal du \u00f8yeblikkelig \u00f8delegge alt materiale.<\/p>\n<p>Anerkjennelse av immaterielle rettigheter<\/p>\n<p>Du erkjenner at alle immaterielle rettigheter (inkludert, men ikke begrenset til, copyright, patenter, kunnskap, konfidensiell informasjon, databaserettigheter og rettigheter til varemerker og design (enten de er registrert eller uregistrert) p\u00e5 nettstedet er eiet av ELECTROLUX PROFESSIONAL eller dets lisensgivere. All goodwill og immaterielle rettigheter som oppst\u00e5r gjennom bruk av slike immaterielle rettigheter som er tildelt ELECTROLUX PROFESSIONAL, skal tilfalle ELECTROLUX PROFESSIONAL.<\/p>\n<p>Dele din informasjonen med Electrolux Professional<\/p>\n<p>\u00c5 dele din personlig identifiserbare informasjon gj\u00f8r det mulig for oss \u00e5 tilby deg en rekke fordeler. \u00c5 bruke din personlige konto eller annen registrering vil gj\u00f8re det enklere og mer praktisk for deg \u00e5:<\/p>\n<ul>\n<li>Registrere kj\u00f8pet ditt slik at du kan motta alle fordelene som kj\u00f8pet gir deg rett til<\/li>\n<li>Be om informasjon som er spesifikk for produktet ditt som interesserer deg<\/li>\n<li>Motta personlige meldinger om spesialtilbud og invitasjoner<\/li>\n<li>For enklere utsjekk n\u00e5r du kj\u00f8per tilbeh\u00f8r og reservedeler til Electrolux Professional p\u00e5 nettet<\/li>\n<li>F\u00e5 varsling og informasjon om arrangementer og kampanjer du registrerte interesse for<\/li>\n<\/ul>\n<p>Det vil ogs\u00e5 tillate oss \u00e5 utf\u00f8re markeds- og statistisk forskning for \u00e5 hjelpe oss med \u00e5 utvikle bedre produkter, forbedre nettstedene v\u00e5re og bli bedre kjent med v\u00e5re forbrukere. Du kan velge \u00e5 dele informasjonen din med oss \u200b\u200bp\u00e5 en rekke m\u00e5ter online, for eksempel \u00e5 fylle ut et registreringsskjema for \u00e5 bli medlem av \u00abMine sider\u00bb, bestille service, delta i en konkurranse, delta p\u00e5 et arrangement, registrere et kj\u00f8p, kj\u00f8pe i nettbutikk eller delta i en kampanje, eller abonnere p\u00e5 et nyhetsbrev.<\/p>\n<p>V\u00e6r oppmerksom p\u00e5 at din personlig identifiserbare informasjon vil bli lagret i en sentral Electrolux Professional-database og kan overf\u00f8res fra hjemlandet til andre Electrolux Professional-selskaper over hele verden, som kan kommunisere med deg om v\u00e5re produkter eller spesialtilbud. Hvis du ikke \u00f8nsker \u00e5 motta kampanjer, kan du gi oss beskjed ved \u00e5 ikke godta \u00absamtykke\u00bb p\u00e5 registreringsskjemaet.<\/p>\n<p>Informasjonen kan administreres og h\u00e5ndteres av n\u00f8ye utvalgte parter fra Electrolux Professional. Med unntak av det som er angitt ovenfor, vil denne informasjonen ikke bli sendt til noen tredjepart, bortsett fra n\u00e5r vi har ditt samtykke til det.<\/p>\n<p>Hvis du vil at vi skal slutte \u00e5 sende personlige tilbud eller informasjon, kan du gi oss beskjed ved \u00e5 bruke avmeldingsfunksjonene gitt i e-post eller p\u00e5 kontosiden din. Hvis du vil at vi skal fjerne informasjonen din, kan du gi oss beskjed ved \u00e5 deaktivere kontoen din fullstendig.<\/p>\n<p>V\u00e6r oppmerksom p\u00e5 at din personlige identifiserbare informasjon gitt for nettbutikkordrer eller serviceforesp\u00f8rsel, med mindre du ogs\u00e5 oppretter en konto eller abonnerer p\u00e5 kampanjer, bare vil bli brukt til \u00e5 oppfylle v\u00e5re forpliktelser overfor deg.<\/p>\n<p><strong>Informasjon gitt av deg<\/strong><\/p>\n<p>All personlig identifiserbar informasjon du kan gi til ELECTROLUX PROFESSIONAL via dette nettstedet, er beskyttet av gjeldende lover.<\/p>\n<p>Du b\u00f8r imidlertid ikke sende konfidensiell eller propriet\u00e6r informasjon til ELECTROLUX PROFESSIONAL via nettstedet. Du samtykker i at all informasjon eller materiale som du eller enkeltpersoner som handler p\u00e5 dine vegne gir til ELECTROLUX PROFESSIONAL ikke vil bli ansett som konfidensiell eller propriet\u00e6r. Ved \u00e5 gi all slik informasjon eller materiale til ELECTROLUX PROFESSIONAL, overf\u00f8rer du og overf\u00f8rer til Immobilol PROFESSIONAL fullstendig immaterielle rettigheter i og til slik informasjon og materiale, og ELECTROLUX PROFESSIONAL er dermed fritt til \u00e5 bruke, reprodusere, vise, offentlig utf\u00f8re, overf\u00f8re, distribuere, endre tilordne, og lisensiere slik informasjon og materiale, og du samtykker videre i at ELECTROLUX PROFESSIONAL er fritt til \u00e5 bruke ideer, konsepter eller kunnskap som du eller enkeltpersoner som handler p\u00e5 dine vegne gir til ELECTROLUX PROFESSIONAL. Du garanterer videre at du ikke skal gi informasjon eller materiale til ELECTROLUX PROFESSIONAL som er \u00e6rekrenkende, truende, uanstendig, trakasserende eller p\u00e5 annen m\u00e5te ulovlig i henhold til hvilken som helst gjeldende lov, eller som inneholder propriet\u00e6rt materiale til en annen. ELECTROLUX PROFESSIONAL forbeholder seg retten til etter eget skj\u00f8nn \u00e5 fjerne all informasjon gitt av deg fra nettstedet.<\/p>\n<p><strong>Sikkerhet<\/strong><\/p>\n<p>Du kan ikke: (a) bruke noen enhet eller programvare som kan forstyrre driften av nettstedet; eller (b) iverksette tiltak som p\u00e5legger infrastrukturen til nettstedet en uforholdsmessig stor eller urimelig belastning (for eksempel \u00e5 sende masseutsendelser\/emails &#8211; &#8220;spamming&#8221;), eller (c) forstyrre eller \u00f8delegge programvaren til nettstedet eller funksjonaliteten derav. Dette inkluderer \u00e5 plassere materiale p\u00e5 nettstedet, som er infisert med virus, trojanske hester, tidsbomber eller andre elementer som kan skade eller forstyrre programmeringsstrukturen p\u00e5 nettstedet.<\/p>\n<p><strong>Tredjeparts nettsteder<\/strong><\/p>\n<p>ELECTROLUX PROFESSIONAL forplikter seg ikke til \u00e5 overv\u00e5ke eller gjennomg\u00e5 tredjeparts nettstedsinnhold og ei heller er ELECTROLUX PROFESSIONAL ansvarlig for n\u00f8yaktigheten eller p\u00e5liteligheten til slike tredjeparts nettsteder. Videre kan ELECTROLUX PROFESSIONAL gi koblinger p\u00e5 dette til nettsteder som drives av andre enheter. Hvis du bruker disse nettstedene, vil du forlate dette nettstedet. Hvis du bes\u00f8ker et tilknyttet nettsted, gj\u00f8r du det p\u00e5 egen risiko, og det er ditt ansvar \u00e5 ta alle beskyttelsestiltak for \u00e5 beskytte mot virus eller andre \u00f8deleggende elementer. ELECTROLUX PROFESSIONAL gir ingen garantier eller representasjoner ang\u00e5ende koblede nettsteder eller informasjonen som vises der, eller om noen av produktene eller tjenestene som er beskrevet der. Koblinger inneb\u00e6rer ikke at ELECTROLUX PROFESSIONAL eller dette nettstedet sponser, st\u00f8tter, er tilknyttet eller assosiert med, eller er lovlig autorisert til \u00e5 bruke noe varemerke, handelsnavn, logo eller copyright symbol som vises i eller er tilgjengelig gjennom koblingene, eller at et hvilket som helst koblet nettsted er autorisert til \u00e5 bruke noe varemerke, handelsnavn, logo eller copyright symbol for ELECTROLUX PROFESSIONAL eller noen av dets datterselskaper.<\/p>\n<p><strong>\u00a0Eksterne lenker til nettstedet<\/strong><\/p>\n<p>Alle lenker til nettstedet m\u00e5 godkjennes skriftlig av ELECTROLUX PROFESSIONAL, bortsett fra at ELECTROLUX PROFESSIONAL samtykker til lenker der: (i) lenken er en tekstbeskyttet lenke som bare inneholder navnet \u201cELECTROLUX PROFESSIONAL\u201d og ikke inneholder noen av ELECTROLUX PROFESSIONAL eller dets lisensgiveres propriet\u00e6re varemerker; (ii) koblingen \u201cpeker\u201d bare til www.electroluxprofessional.com og ikke til underliggende sider; (iii) lenken, n\u00e5r den er aktivert av en bruker, viser denne siden p\u00e5 fullskjerm i et fullt operert- og navigerbart nettleservindu og ikke innenfor en &#8220;ramme&#8221; p\u00e5 det lenket nettstedet; og (iv) utseendet, posisjonen og andre aspekter av koblingen kan verken skape det falske utseendet som en enhet eller dens aktiviteter eller produkter er assosiert med eller sponset av ELECTROLUX PROFESSIONAL eller v\u00e6re til skade for eller utvanning av goodwill knyttet til navn og varemerker for ELECTROLUX PROFESSIONAL eller dets tilknyttede selskaper. ELECTROLUX PROFESSIONAL forbeholder seg retten til n\u00e5r som helst \u00e5 tilbakekalle dette samtykket til \u00e5 koble seg etter eget skj\u00f8nn<\/p>\n<p><strong>Utelukkelse av underforst\u00e5tte garantier<\/strong><\/p>\n<p>Selv om det er ivaretatt \u00e5 sikre n\u00f8yaktigheten av informasjonen p\u00e5 dette nettstedet, p\u00e5tar ELECTROLUX PROFESSIONAL seg derfor ikke noe ansvar. MATERIALET KAN INNEHOLDE UN\u00d8YAKTIGHETER OG TYPOGRAFISKE FEIL. ELECTROLUX PROFESSIONAL GARANTERER IKKE N\u00d8YAKTIGHETEN ELLER FULLSTENDIGHET AV MATERIALENE ELLER P\u00c5LITELIGHETEN TIL NOEN R\u00c5D, MENING, UTSLAG ELLER ANNEN INFORMASJON DISTRIBUERT GJENNOM STEDET. ALT INNHOLD LEVERES \u201cSOM ER\u201d OG \u201cSOM TILGJENGELIG\u201d. ELECTROLUX PROFESSIONAL ANSVARSFRASKRIVELSER ELLER REPRESENTASJONER ELLER GARANTIER AV NOE SLAG, UTTRYKKELIG ELLER IMPLISERT, INKLUDERER UTEN BEGRENSNING GARANTIER FOR SALGBARHET ELLER PASSERING FOR ET S\u00c6RLIG FORM\u00c5L, IKKE BESKRIVELSE AV HENHOLD ELLER HENVISNING ELEKTROLUX PROFESSIONAL GARANTERER IKKE ELLER GJ\u00d8R NOE REPRESENTASJONER OM SIKKERHETEN P\u00c5 DETTE NETTSTEDET. DU GODKJENNER ALLE OPPLYSNINGER SOM KAN GJENTAS. ELECTROLUX PROFESSIONAL GARANTERER IKKE AT NETTSTEDET ELLER TJENESTER SOM GJER DETTE NETTSTEDET TILGJENGELIGE ELLER ELEKTRONISK KOMMUNIKASJONER SENDT AV ELECTROLUX PROFESSIONAL ER UTEN FRA VIRUSER ELLER ANDRE SKADELIGE elementer. ALLE SLIKE REPRESENTASJONER, GARANTIER OG BETINGELSER UNNTAKES Bortsett fra i det omfanget som loven forbyder deres utelukkelse.<\/p>\n<p style=\"background: #F8F9FA;\"><strong>Ansvarsbegrensning<\/strong><\/p>\n<p>UNDER INGEN OMSTENDIGHETER SKAL ELECTROLUX PROFESSIONAL B\u00c6RE ANSVAR FOR NOE DIREKTE, INDIREKTE, F\u00d8LGENDE, PUNITIVE, SPESIELLE ELLER Tilfeldige skader (INKLUDERENDE, UTEN BEGRENSNING, SKADER FOR TAP AV FORRETNING, KONTRAKT, INNKOMST, DATA, OPPLYSNINGER ELLER UTSLAGENDE INTERESSE) ELLER I forbindelse med bruk av, eller manglende evne til \u00e5 bruke dette nettstedet eller innholdet eller utenfor eller i forbindelse med denne avtalen, selv om profesjonell profesjonell elektronikk er blitt anbefalt om muligheten for slike skader. I TILLEGG TIL VILK\u00c5RENE SOM ER SETT FOR HERINEN, SKAL IKKE EVENTUELL ELECTROLUX PROFESSIONAL ANSVARLIG FOR NOE FEIL, UN\u00d8YAKTIGHETER, UTELATELSER ELLER ANDRE MANGLER P\u00c5 DETTE NETTSTEDET.<\/p>\n<p><strong>Plikt til \u00e5 avb\u00f8te tap<\/strong><\/p>\n<p>Uten at det ber\u00f8rer utelatelser som er angitt her, skal du ta alle rimelige skritt for \u00e5 avb\u00f8te tapet ditt som oppst\u00e5r i forhold til ethvert krav eller handling (enten det er for uaktsomhet, kontraktsbrudd eller annet), som du kan sette mot ELECTROLUX PROFESSIONAL.<\/p>\n<p><strong>Merknader<\/strong><\/p>\n<p>Alle henvisninger til &#8220;skriving&#8221;, &#8220;merknader&#8221; og &#8220;varsling&#8221; og alle relaterte uttrykk skal dekke elektroniske kommunikasjonsmetoder (for eksempel e-post) forutsatt at den parten som er avhengig av kommunikasjonen, beholder akseptabelt bevis for at kommunikasjonen var sendt og mottatt.<\/p>\n<p><strong>Tidsramme og delbarhet<\/strong><\/p>\n<p>Enhver handling som du m\u00e5tte ha med hensyn til din bruk av nettstedet, m\u00e5 p\u00e5begynnes innen ett (1) \u00e5r etter at kravet eller handlings\u00e5rsaken oppst\u00e5r. Hvis en domstol med kompetent jurisdiksjon av en eller annen grunn finner en bestemmelse i avtalen eller deler av denne, som ikke kan h\u00e5ndheves, skal denne bestemmelsen h\u00e5ndheves i st\u00f8rst mulig grad tillatt for \u00e5 p\u00e5virke intensjonen til avtalen, og resten av denne avtalen skal fortsett med full styrke og virkning.<\/p>\n<p><strong>Tilgang fra territorier og steder utenfor Sverige<\/strong><\/p>\n<p>ELECTROLUX PROFESSIONAL gir ingen garanti for at materialet p\u00e5 denne siden er passende eller tilgjengelig for bruk p\u00e5 andre steder utenfor Sverige, og tilgang til dem fra territorier der innholdet deres er ulovlig er forbudt. Hvis du g\u00e5r inn p\u00e5 dette nettstedet fra steder utenfor Sverige, er du ansvarlig for \u00e5 overholde alle lokale lover.<\/p>\n<p><strong>Gjeldende lov<\/strong><\/p>\n<p>Din bruk av dette nettstedet og disse bruksvilk\u00e5rene skal styres av lovene i Kongeriket Sverige, uten \u00e5 gi effekt til dets lovkonflikter.[\/vc_column_text][\/vc_column][\/vc_row]<\/p>\n","protected":false},"excerpt":{"rendered":"<p>[vc_row][vc_column][vc_column_text]Betingelser og vilk\u00e5r VELKOMMEN TIL ELECTROLUX PROFESSIONAL NETTSTED. Les disse vilk\u00e5rene n\u00f8ye f\u00f8r du bruker denne websiden. DENNE SIDEN KAN KUN BRUKES FOR INFORMASJONSFORM\u00c5L. Ved \u00e5 gi samtykke og bruke nettstedet eller laste ned materiell fra nettstedet, godtar du \u00e5 f\u00f8lge vilk\u00e5rene og betingelsene (\u201cVilk\u00e5r for bruk\u201d) som er angitt i denne kunngj\u00f8ringen. HVIS DU [&hellip;]<\/p>\n","protected":false},"author":3,"featured_media":0,"parent":0,"menu_order":0,"comment_status":"closed","ping_status":"closed","template":"","meta":{"footnotes":""},"class_list":["post-6151","page","type-page","status-publish","hentry"],"acf":[],"yoast_head":"<!-- This site is optimized with the Yoast SEO plugin v23.3 - https:\/\/yoast.com\/wordpress\/plugins\/seo\/ -->\n<title>Brukervilk\u00e5r - Electrolux Professional Norge<\/title>\n<meta name=\"robots\" content=\"index, follow, max-snippet:-1, max-image-preview:large, max-video-preview:-1\" \/>\n<link rel=\"canonical\" href=\"https:\/\/www.electroluxprofessional.com\/no\/brukervilkar\/\" \/>\n<meta property=\"og:locale\" content=\"nb_NO\" \/>\n<meta property=\"og:type\" content=\"article\" \/>\n<meta property=\"og:title\" content=\"Brukervilk\u00e5r - Electrolux Professional Norge\" \/>\n<meta property=\"og:description\" content=\"[vc_row][vc_column][vc_column_text]Betingelser og vilk\u00e5r VELKOMMEN TIL ELECTROLUX PROFESSIONAL NETTSTED. Les disse vilk\u00e5rene n\u00f8ye f\u00f8r du bruker denne websiden. DENNE SIDEN KAN KUN BRUKES FOR INFORMASJONSFORM\u00c5L. Ved \u00e5 gi samtykke og bruke nettstedet eller laste ned materiell fra nettstedet, godtar du \u00e5 f\u00f8lge vilk\u00e5rene og betingelsene (\u201cVilk\u00e5r for bruk\u201d) som er angitt i denne kunngj\u00f8ringen. HVIS DU [&hellip;]\" \/>\n<meta property=\"og:url\" content=\"https:\/\/www.electroluxprofessional.com\/no\/brukervilkar\/\" \/>\n<meta property=\"og:site_name\" content=\"Electrolux Professional Norge\" \/>\n<meta property=\"article:modified_time\" content=\"2022-08-24T08:47:34+00:00\" \/>\n<meta name=\"twitter:card\" content=\"summary_large_image\" \/>\n<meta name=\"twitter:label1\" content=\"Ansl. lesetid\" \/>\n\t<meta name=\"twitter:data1\" content=\"13 minutter\" \/>\n<script type=\"application\/ld+json\" class=\"yoast-schema-graph\">{\"@context\":\"https:\/\/schema.org\",\"@graph\":[{\"@type\":\"WebPage\",\"@id\":\"https:\/\/www.electroluxprofessional.com\/no\/brukervilkar\/\",\"url\":\"https:\/\/www.electroluxprofessional.com\/no\/brukervilkar\/\",\"name\":\"Brukervilk\u00e5r - Electrolux Professional Norge\",\"isPartOf\":{\"@id\":\"https:\/\/www.electroluxprofessional.com\/no\/#website\"},\"datePublished\":\"2020-08-19T12:49:34+00:00\",\"dateModified\":\"2022-08-24T08:47:34+00:00\",\"breadcrumb\":{\"@id\":\"https:\/\/www.electroluxprofessional.com\/no\/brukervilkar\/#breadcrumb\"},\"inLanguage\":\"nb-NO\",\"potentialAction\":[{\"@type\":\"ReadAction\",\"target\":[\"https:\/\/www.electroluxprofessional.com\/no\/brukervilkar\/\"]}]},{\"@type\":\"BreadcrumbList\",\"@id\":\"https:\/\/www.electroluxprofessional.com\/no\/brukervilkar\/#breadcrumb\",\"itemListElement\":[{\"@type\":\"ListItem\",\"position\":1,\"name\":\"Home\",\"item\":\"https:\/\/www.electroluxprofessional.com\/no\/\"},{\"@type\":\"ListItem\",\"position\":2,\"name\":\"Brukervilk\u00e5r\"}]},{\"@type\":\"WebSite\",\"@id\":\"https:\/\/www.electroluxprofessional.com\/no\/#website\",\"url\":\"https:\/\/www.electroluxprofessional.com\/no\/\",\"name\":\"Electrolux Professional Norge\",\"description\":\"\",\"potentialAction\":[{\"@type\":\"SearchAction\",\"target\":{\"@type\":\"EntryPoint\",\"urlTemplate\":\"https:\/\/www.electroluxprofessional.com\/no\/?src={search_term_string}\"},\"query-input\":\"required name=search_term_string\"}],\"inLanguage\":\"nb-NO\"}]}<\/script>\n<!-- \/ Yoast SEO plugin. -->","yoast_head_json":{"title":"Brukervilk\u00e5r - Electrolux Professional Norge","robots":{"index":"index","follow":"follow","max-snippet":"max-snippet:-1","max-image-preview":"max-image-preview:large","max-video-preview":"max-video-preview:-1"},"canonical":"https:\/\/www.electroluxprofessional.com\/no\/brukervilkar\/","og_locale":"nb_NO","og_type":"article","og_title":"Brukervilk\u00e5r - Electrolux Professional Norge","og_description":"[vc_row][vc_column][vc_column_text]Betingelser og vilk\u00e5r VELKOMMEN TIL ELECTROLUX PROFESSIONAL NETTSTED. Les disse vilk\u00e5rene n\u00f8ye f\u00f8r du bruker denne websiden. DENNE SIDEN KAN KUN BRUKES FOR INFORMASJONSFORM\u00c5L. Ved \u00e5 gi samtykke og bruke nettstedet eller laste ned materiell fra nettstedet, godtar du \u00e5 f\u00f8lge vilk\u00e5rene og betingelsene (\u201cVilk\u00e5r for bruk\u201d) som er angitt i denne kunngj\u00f8ringen. HVIS DU [&hellip;]","og_url":"https:\/\/www.electroluxprofessional.com\/no\/brukervilkar\/","og_site_name":"Electrolux Professional Norge","article_modified_time":"2022-08-24T08:47:34+00:00","twitter_card":"summary_large_image","twitter_misc":{"Ansl. lesetid":"13 minutter"},"schema":{"@context":"https:\/\/schema.org","@graph":[{"@type":"WebPage","@id":"https:\/\/www.electroluxprofessional.com\/no\/brukervilkar\/","url":"https:\/\/www.electroluxprofessional.com\/no\/brukervilkar\/","name":"Brukervilk\u00e5r - Electrolux Professional Norge","isPartOf":{"@id":"https:\/\/www.electroluxprofessional.com\/no\/#website"},"datePublished":"2020-08-19T12:49:34+00:00","dateModified":"2022-08-24T08:47:34+00:00","breadcrumb":{"@id":"https:\/\/www.electroluxprofessional.com\/no\/brukervilkar\/#breadcrumb"},"inLanguage":"nb-NO","potentialAction":[{"@type":"ReadAction","target":["https:\/\/www.electroluxprofessional.com\/no\/brukervilkar\/"]}]},{"@type":"BreadcrumbList","@id":"https:\/\/www.electroluxprofessional.com\/no\/brukervilkar\/#breadcrumb","itemListElement":[{"@type":"ListItem","position":1,"name":"Home","item":"https:\/\/www.electroluxprofessional.com\/no\/"},{"@type":"ListItem","position":2,"name":"Brukervilk\u00e5r"}]},{"@type":"WebSite","@id":"https:\/\/www.electroluxprofessional.com\/no\/#website","url":"https:\/\/www.electroluxprofessional.com\/no\/","name":"Electrolux Professional Norge","description":"","potentialAction":[{"@type":"SearchAction","target":{"@type":"EntryPoint","urlTemplate":"https:\/\/www.electroluxprofessional.com\/no\/?src={search_term_string}"},"query-input":"required name=search_term_string"}],"inLanguage":"nb-NO"}]}},"_links":{"self":[{"href":"https:\/\/www.electroluxprofessional.com\/no\/wp-json\/wp\/v2\/pages\/6151"}],"collection":[{"href":"https:\/\/www.electroluxprofessional.com\/no\/wp-json\/wp\/v2\/pages"}],"about":[{"href":"https:\/\/www.electroluxprofessional.com\/no\/wp-json\/wp\/v2\/types\/page"}],"author":[{"embeddable":true,"href":"https:\/\/www.electroluxprofessional.com\/no\/wp-json\/wp\/v2\/users\/3"}],"replies":[{"embeddable":true,"href":"https:\/\/www.electroluxprofessional.com\/no\/wp-json\/wp\/v2\/comments?post=6151"}],"version-history":[{"count":6,"href":"https:\/\/www.electroluxprofessional.com\/no\/wp-json\/wp\/v2\/pages\/6151\/revisions"}],"predecessor-version":[{"id":10821,"href":"https:\/\/www.electroluxprofessional.com\/no\/wp-json\/wp\/v2\/pages\/6151\/revisions\/10821"}],"wp:attachment":[{"href":"https:\/\/www.electroluxprofessional.com\/no\/wp-json\/wp\/v2\/media?parent=6151"}],"curies":[{"name":"wp","href":"https:\/\/api.w.org\/{rel}","templated":true}]}}