{"id":5588,"date":"2016-06-10T14:07:31","date_gmt":"2016-06-10T14:07:31","guid":{"rendered":"https:\/\/www.electroluxprofessional.com\/?page_id=2225"},"modified":"2023-04-28T13:17:27","modified_gmt":"2023-04-28T13:17:27","slug":"kontakt-oss","status":"publish","type":"page","link":"https:\/\/www.electroluxprofessional.com\/no\/kontakt-oss\/","title":{"rendered":"Kontakt oss"},"content":{"rendered":"<p>[vc_row full_width=&#8221;electroluxpro-full-width-no-padding&#8221;][vc_column][elx_hero_title label=&#8221;&#8221; label_background_color=&#8221;inherit&#8221; background_image=&#8221;9390&#8243;][elx_heading text_color=&#8221;inherit&#8221;][\/elx_heading][\/elx_hero_title][\/vc_column][\/vc_row][vc_row][vc_column][elx_heading font_container=&#8221;h1&#8243; text_color=&#8221;inherit&#8221;]Hvordan kontakte oss?[\/elx_heading][vc_empty_space][vc_column_text]<\/p>\n<h2>V\u00e5rt telefonnummer er: 2250 3333<\/h2>\n<p>Du kommer da til v\u00e5rt automatiske sentralbord med tastevalg;<\/p>\n<p>V\u00e5r <strong>Kundeservice Laundry<\/strong> har <strong>telefontid mellom kl 08:00 &#8211; 15:00<\/strong> alle hverdager.<\/p>\n<p>Generelle \u00e5pningstider er 08:00 &#8211; 16:00[\/vc_column_text][vc_empty_space][elx_heading text_color=&#8221;inherit&#8221;]Post- og bes\u00f8ksadresse[\/elx_heading][\/vc_column][\/vc_row][vc_row][vc_column width=&#8221;1\/2&#8243;][vc_column_text]<strong>Postadresse:<\/strong><br \/>Postboks 67 Lilleaker<br \/>0216 Oslo[\/vc_column_text][vc_empty_space][\/vc_column][vc_column width=&#8221;1\/2&#8243;][vc_column_text]<strong>Bes\u00f8ksadresse:<\/strong><br \/>Drammensveien 260 (V\u00e6ker\u00f8 Park EF)<br \/>0283 Oslo[\/vc_column_text][vc_empty_space][\/vc_column][\/vc_row][vc_row][vc_column width=&#8221;1\/2&#8243;][vc_empty_space height=&#8221;14px&#8221;][vc_empty_space height=&#8221;14px&#8221;][vc_single_image image=&#8221;1889&#8243; img_size=&#8221;full&#8221; alignment=&#8221;center&#8221;][vc_empty_space height=&#8221;30px&#8221;][elx_heading font_size=&#8221;h3&#8243; text_color=&#8221;inherit&#8221;]Alltid n\u00e6r.<br \/>Tilstede for deg.[\/elx_heading][vc_empty_space height=&#8221;12px&#8221;][elx_button button_text=&#8221;Salgs- og Servicesteder&#8221; button_link=&#8221;url:https%3A%2F%2Fwww.electroluxprofessional.com%2Fno%2Fhvor-finner-du-vare-salgs-og-servicepartnere%2F|title:Finn%20en%20av%20v%C3%A5re%20partnere||&#8221;][\/vc_column][vc_column width=&#8221;1\/2&#8243;][vc_empty_space height=&#8221;14px&#8221;][elx_heading text_color=&#8221;inherit&#8221;]Fyll gjerne ut kontaktskjema, s\u00e5 s\u00f8rger vi for at din henvendelse blir gitt til riktig avdeling.[\/elx_heading][elx_o2000_contact_us s=&#8221;Henvendelse fra v\u00e5r webside&#8221; country=&#8221;Norway&#8221; thanks=&#8221;Takk for din interesse. &#8221; container=&#8221;elxcontactus1493279134&#8243; r=&#8221;Jeg \u00f8nsker \u00e5 vite mer om FOOD eller LAUNDRY l\u00f8sninger, vennligst ta kontakt med meg.&#8221; l=&#8221;no&#8221; e=&#8221;laundry.no@electroluxprofessional.com&#8221;][\/vc_column][\/vc_row][vc_row][vc_column][vc_empty_space][\/vc_column][\/vc_row]<\/p>\n","protected":false},"excerpt":{"rendered":"<p>[vc_row full_width=&#8221;electroluxpro-full-width-no-padding&#8221;][vc_column][elx_hero_title label=&#8221;&#8221; label_background_color=&#8221;inherit&#8221; background_image=&#8221;9390&#8243;][elx_heading text_color=&#8221;inherit&#8221;][\/elx_heading][\/elx_hero_title][\/vc_column][\/vc_row][vc_row][vc_column][elx_heading font_container=&#8221;h1&#8243; text_color=&#8221;inherit&#8221;]Hvordan kontakte oss?[\/elx_heading][vc_empty_space][vc_column_text] V\u00e5rt telefonnummer er: 2250 3333 Du kommer da til v\u00e5rt automatiske sentralbord med tastevalg; V\u00e5r Kundeservice Laundry har telefontid mellom kl 08:00 &#8211; 15:00 alle hverdager. Generelle \u00e5pningstider er 08:00 &#8211; 16:00[\/vc_column_text][vc_empty_space][elx_heading text_color=&#8221;inherit&#8221;]Post- og bes\u00f8ksadresse[\/elx_heading][\/vc_column][\/vc_row][vc_row][vc_column width=&#8221;1\/2&#8243;][vc_column_text]Postadresse:Postboks 67 Lilleaker0216 Oslo[\/vc_column_text][vc_empty_space][\/vc_column][vc_column width=&#8221;1\/2&#8243;][vc_column_text]Bes\u00f8ksadresse:Drammensveien 260 (V\u00e6ker\u00f8 Park EF)0283 Oslo[\/vc_column_text][vc_empty_space][\/vc_column][\/vc_row][vc_row][vc_column [&hellip;]<\/p>\n","protected":false},"author":3,"featured_media":0,"parent":0,"menu_order":0,"comment_status":"closed","ping_status":"closed","template":"","meta":{"footnotes":""},"class_list":["post-5588","page","type-page","status-publish","hentry"],"acf":[],"yoast_head":"<!-- This site is optimized with the Yoast SEO plugin v23.3 - https:\/\/yoast.com\/wordpress\/plugins\/seo\/ -->\n<title>Kontakt oss - Electrolux Professional Norge<\/title>\n<meta name=\"description\" content=\"Kontakt oss for mer informasjon om v\u00e5re storkj\u00f8kken- og vaskeril\u00f8sninger. Vi hjelper deg gjerne, og vil svare p\u00e5 din henvendelse s\u00e5 fort vi kan\" \/>\n<meta name=\"robots\" content=\"index, follow, max-snippet:-1, max-image-preview:large, max-video-preview:-1\" \/>\n<link rel=\"canonical\" href=\"https:\/\/www.electroluxprofessional.com\/no\/kontakt-oss\/\" \/>\n<meta property=\"og:locale\" content=\"nb_NO\" \/>\n<meta property=\"og:type\" content=\"article\" \/>\n<meta property=\"og:title\" content=\"Kontakt oss - Electrolux Professional Norge\" \/>\n<meta property=\"og:description\" content=\"Kontakt oss for mer informasjon om v\u00e5re storkj\u00f8kken- og vaskeril\u00f8sninger. Vi hjelper deg gjerne, og vil svare p\u00e5 din henvendelse s\u00e5 fort vi kan\" \/>\n<meta property=\"og:url\" content=\"https:\/\/www.electroluxprofessional.com\/no\/kontakt-oss\/\" \/>\n<meta property=\"og:site_name\" content=\"Electrolux Professional Norge\" \/>\n<meta property=\"article:modified_time\" content=\"2023-04-28T13:17:27+00:00\" \/>\n<meta name=\"twitter:card\" content=\"summary_large_image\" \/>\n<meta name=\"twitter:label1\" content=\"Ansl. lesetid\" \/>\n\t<meta name=\"twitter:data1\" content=\"1 minutt\" \/>\n<script type=\"application\/ld+json\" class=\"yoast-schema-graph\">{\"@context\":\"https:\/\/schema.org\",\"@graph\":[{\"@type\":\"WebPage\",\"@id\":\"https:\/\/www.electroluxprofessional.com\/no\/kontakt-oss\/\",\"url\":\"https:\/\/www.electroluxprofessional.com\/no\/kontakt-oss\/\",\"name\":\"Kontakt oss - Electrolux Professional Norge\",\"isPartOf\":{\"@id\":\"https:\/\/www.electroluxprofessional.com\/no\/#website\"},\"datePublished\":\"2016-06-10T14:07:31+00:00\",\"dateModified\":\"2023-04-28T13:17:27+00:00\",\"description\":\"Kontakt oss for mer informasjon om v\u00e5re storkj\u00f8kken- og vaskeril\u00f8sninger. Vi hjelper deg gjerne, og vil svare p\u00e5 din henvendelse s\u00e5 fort vi kan\",\"breadcrumb\":{\"@id\":\"https:\/\/www.electroluxprofessional.com\/no\/kontakt-oss\/#breadcrumb\"},\"inLanguage\":\"nb-NO\",\"potentialAction\":[{\"@type\":\"ReadAction\",\"target\":[\"https:\/\/www.electroluxprofessional.com\/no\/kontakt-oss\/\"]}]},{\"@type\":\"BreadcrumbList\",\"@id\":\"https:\/\/www.electroluxprofessional.com\/no\/kontakt-oss\/#breadcrumb\",\"itemListElement\":[{\"@type\":\"ListItem\",\"position\":1,\"name\":\"Home\",\"item\":\"https:\/\/www.electroluxprofessional.com\/no\/\"},{\"@type\":\"ListItem\",\"position\":2,\"name\":\"Kontakt oss\"}]},{\"@type\":\"WebSite\",\"@id\":\"https:\/\/www.electroluxprofessional.com\/no\/#website\",\"url\":\"https:\/\/www.electroluxprofessional.com\/no\/\",\"name\":\"Electrolux Professional Norge\",\"description\":\"\",\"potentialAction\":[{\"@type\":\"SearchAction\",\"target\":{\"@type\":\"EntryPoint\",\"urlTemplate\":\"https:\/\/www.electroluxprofessional.com\/no\/?src={search_term_string}\"},\"query-input\":\"required name=search_term_string\"}],\"inLanguage\":\"nb-NO\"}]}<\/script>\n<!-- \/ Yoast SEO plugin. -->","yoast_head_json":{"title":"Kontakt oss - Electrolux Professional Norge","description":"Kontakt oss for mer informasjon om v\u00e5re storkj\u00f8kken- og vaskeril\u00f8sninger. Vi hjelper deg gjerne, og vil svare p\u00e5 din henvendelse s\u00e5 fort vi kan","robots":{"index":"index","follow":"follow","max-snippet":"max-snippet:-1","max-image-preview":"max-image-preview:large","max-video-preview":"max-video-preview:-1"},"canonical":"https:\/\/www.electroluxprofessional.com\/no\/kontakt-oss\/","og_locale":"nb_NO","og_type":"article","og_title":"Kontakt oss - Electrolux Professional Norge","og_description":"Kontakt oss for mer informasjon om v\u00e5re storkj\u00f8kken- og vaskeril\u00f8sninger. Vi hjelper deg gjerne, og vil svare p\u00e5 din henvendelse s\u00e5 fort vi kan","og_url":"https:\/\/www.electroluxprofessional.com\/no\/kontakt-oss\/","og_site_name":"Electrolux Professional Norge","article_modified_time":"2023-04-28T13:17:27+00:00","twitter_card":"summary_large_image","twitter_misc":{"Ansl. lesetid":"1 minutt"},"schema":{"@context":"https:\/\/schema.org","@graph":[{"@type":"WebPage","@id":"https:\/\/www.electroluxprofessional.com\/no\/kontakt-oss\/","url":"https:\/\/www.electroluxprofessional.com\/no\/kontakt-oss\/","name":"Kontakt oss - Electrolux Professional Norge","isPartOf":{"@id":"https:\/\/www.electroluxprofessional.com\/no\/#website"},"datePublished":"2016-06-10T14:07:31+00:00","dateModified":"2023-04-28T13:17:27+00:00","description":"Kontakt oss for mer informasjon om v\u00e5re storkj\u00f8kken- og vaskeril\u00f8sninger. Vi hjelper deg gjerne, og vil svare p\u00e5 din henvendelse s\u00e5 fort vi kan","breadcrumb":{"@id":"https:\/\/www.electroluxprofessional.com\/no\/kontakt-oss\/#breadcrumb"},"inLanguage":"nb-NO","potentialAction":[{"@type":"ReadAction","target":["https:\/\/www.electroluxprofessional.com\/no\/kontakt-oss\/"]}]},{"@type":"BreadcrumbList","@id":"https:\/\/www.electroluxprofessional.com\/no\/kontakt-oss\/#breadcrumb","itemListElement":[{"@type":"ListItem","position":1,"name":"Home","item":"https:\/\/www.electroluxprofessional.com\/no\/"},{"@type":"ListItem","position":2,"name":"Kontakt oss"}]},{"@type":"WebSite","@id":"https:\/\/www.electroluxprofessional.com\/no\/#website","url":"https:\/\/www.electroluxprofessional.com\/no\/","name":"Electrolux Professional Norge","description":"","potentialAction":[{"@type":"SearchAction","target":{"@type":"EntryPoint","urlTemplate":"https:\/\/www.electroluxprofessional.com\/no\/?src={search_term_string}"},"query-input":"required name=search_term_string"}],"inLanguage":"nb-NO"}]}},"_links":{"self":[{"href":"https:\/\/www.electroluxprofessional.com\/no\/wp-json\/wp\/v2\/pages\/5588"}],"collection":[{"href":"https:\/\/www.electroluxprofessional.com\/no\/wp-json\/wp\/v2\/pages"}],"about":[{"href":"https:\/\/www.electroluxprofessional.com\/no\/wp-json\/wp\/v2\/types\/page"}],"author":[{"embeddable":true,"href":"https:\/\/www.electroluxprofessional.com\/no\/wp-json\/wp\/v2\/users\/3"}],"replies":[{"embeddable":true,"href":"https:\/\/www.electroluxprofessional.com\/no\/wp-json\/wp\/v2\/comments?post=5588"}],"version-history":[{"count":27,"href":"https:\/\/www.electroluxprofessional.com\/no\/wp-json\/wp\/v2\/pages\/5588\/revisions"}],"predecessor-version":[{"id":11411,"href":"https:\/\/www.electroluxprofessional.com\/no\/wp-json\/wp\/v2\/pages\/5588\/revisions\/11411"}],"wp:attachment":[{"href":"https:\/\/www.electroluxprofessional.com\/no\/wp-json\/wp\/v2\/media?parent=5588"}],"curies":[{"name":"wp","href":"https:\/\/api.w.org\/{rel}","templated":true}]}}