{"id":5529,"date":"2020-02-28T16:55:09","date_gmt":"2020-02-28T16:55:09","guid":{"rendered":"https:\/\/www.electroluxprofessional.com\/no\/?page_id=5529"},"modified":"2026-04-15T13:13:57","modified_gmt":"2026-04-15T13:13:57","slug":"homepage","status":"publish","type":"page","link":"https:\/\/www.electroluxprofessional.com\/no\/","title":{"rendered":"Homepage"},"content":{"rendered":"<p>[vc_row full_width=&#8221;electroluxpro-full-width-no-padding&#8221; css=&#8221;.vc_custom_1581601446712{margin-bottom: 0px !important;}&#8221;][vc_column css=&#8221;.vc_custom_1575015067714{margin-bottom: 0px !important;}&#8221;][elx_master_slider slide_order_1=&#8221;2&#8243; title_1=&#8221;Kos deg heller<br \/>\nmed v\u00e6ret!&#8221; text_1=&#8221;Kommersielle t\u00f8rkeskap<br \/>\ni ulike st\u00f8rrelser&#8221; slide_order_2=&#8221;4&#8243; title_2=&#8221;Line 6000 barrieremaskiner&#8221; text_2=&#8221;Maksimal hygiene og trygghet&#8221; slide_order_3=&#8221;3&#8243; title_3=&#8221;Ser vi en ny stjerne p\u00e5 himmelen!&#8221; text_3=&#8221;SkyLine 3.0 kombidampere&#8221; slide_order_4=&#8221;1&#8243; title_4=&#8221;NeoBlue Touch&#8221; text_4=&#8221;underbenk oppvaskmaskin&#8221; link_1=&#8221;url:https%3A%2F%2Fwww.electroluxprofessional.com%2Fno%2Ftorkeskap%2F|title:Les%20mer!&#8221; background_image_media_library_1=&#8221;10998&#8243; background_image_media_library_mobile_1=&#8221;9427&#8243; background_image_media_library_2=&#8221;13519&#8243; background_image_media_library_3=&#8221;14898&#8243; background_image_media_library_4=&#8221;15028&#8243; link_2=&#8221;url:https%3A%2F%2Fwww.electroluxprofessional.com%2Fno%2Fvaskeri%2Fbarrieremaskiner%2F|title:Les%20mer&#8221; link_3=&#8221;url:https%3A%2F%2Fwww.electroluxprofessional.com%2Fno%2Fstorkjokken%2Fkombidamper%2F|title:Les%20mer&#8221; link_4=&#8221;url:https%3A%2F%2Fwww.electroluxprofessional.com%2Fno%2Fneoblue-touch-underbenkoppvaskmaskin%2F|title:Klikk%20for%20mer%20info&#8221; background_image_media_library_mobile_2=&#8221;13521&#8243; background_image_media_library_mobile_4=&#8221;15027&#8243; background_image_media_library_mobile_3=&#8221;14899&#8243;][\/vc_column][\/vc_row][vc_row full_width=&#8221;electroluxpro-full-width-no-padding&#8221;][vc_column][elx_full_banner title=&#8221;B\u00e6rekraftige l\u00f8sninger for langsiktige verdier&#8221; link=&#8221;url:https%3A%2F%2Fwww.electroluxprofessional.com%2Fno%2Fbaerekraft%2F|title:B%C3%A6rekraft%20i%20Electrolux%20Professional&#8221; background_image_media_library=&#8221;11009&#8243; background_image_media_library_mobile=&#8221;11010&#8243;][\/vc_column][\/vc_row][vc_row][vc_column][elx_double_banner title_1=&#8221;SkyLine bl\u00e5sekj\u00f8ler&#8221; text_1=&#8221;&#8220;Blast chilling&#8220; betyr at bakterier ikke<br \/>\nf\u00e5r sjansen til \u00e5 spre seg&#8221; title_2=&#8221;GourmeXpress&#8221; text_2=&#8221;Kreativitet m\u00f8ter hurtighet&#8221; background_source_1=&#8221;image-media-library&#8221; background_source_2=&#8221;image-media-library&#8221; link_1=&#8221;url:https%3A%2F%2Fwww.electroluxprofessional.com%2Fno%2Fstorkjokken%2Fblasekjoler-og-frysere%2F|title:LES%20MER&#8221; background_image_media_library_1=&#8221;10996&#8243; link_2=&#8221;url:https%3A%2F%2Fwww.electroluxprofessional.com%2Fno%2Fgourmexpress-hoyhastighetsovn%2F|title:LES%20MER&#8221; background_image_media_library_2=&#8221;11523&#8243; background_image_media_library_mobile_1=&#8221;10995&#8243; background_image_media_library_mobile_2=&#8221;11827&#8243;][\/vc_column][\/vc_row][vc_row][vc_column][elx_double_banner title_1=&#8221;Line 6000 kommersielle vaskemaskiner&#8221; text_1=&#8221;\u00d8kt produktivitet og besparelser over tid!&#8221; title_2=&#8221;Essentia serviceavtaler for Laundry&#8221; text_2=&#8221;Skreddersydde servicepakker som holder maskinparken i gang&#8221; background_source_1=&#8221;image-media-library&#8221; background_source_2=&#8221;image-media-library&#8221; link_1=&#8221;url:https%3A%2F%2Fwww.electroluxprofessional.com%2Fno%2Ffrontmatede-vaskemaskiner%2F|title:LES%20MER&#8221; background_image_media_library_1=&#8221;15207&#8243; link_2=&#8221;url:https%3A%2F%2Fwww.electroluxprofessional.com%2Fno%2Fwp-content%2Fuploads%2F2019%2F01%2FElectrolux-Essentia-brosjyre-01-2019.pdf|title:LES%20MER||&#8221; background_image_media_library_2=&#8221;11170&#8243; background_image_media_library_mobile_1=&#8221;15209&#8243; background_image_media_library_mobile_2=&#8221;11169&#8243;][\/vc_column][\/vc_row][vc_row full_width=&#8221;electroluxpro-full-width-no-padding&#8221;][vc_column][vc_empty_space][elx_last_news title=&#8221;Siste nytt fra Electrolux Professional&#8221;][vc_empty_space][elx_full_banner title=&#8221;Electrolux Professional Center of Excellence&#8221; text=&#8221;Swiss design since 1871: over 100 years of production,&lt;br \/&gt; precision and tradition&#8221; background_source=&#8221;image-media-library&#8221; link=&#8221;url:https%3A%2F%2Fwww.electroluxprofessional.com%2Fchef-s-hub%2Fcenters-of-excellence-electrolux-professional%2F|title:Les%20mer%20p%C3%A5%20v%C3%A5re%20internasjonale%20sider.||&#8221; background_image_media_library=&#8221;10111&#8243; background_image_media_library_mobile=&#8221;10110&#8243;][vc_empty_space][\/vc_column][\/vc_row][vc_row full_width=&#8221;electroluxpro-full-width-no-padding&#8221;][vc_column][elx_last_references title=&#8221;V\u00e5re kunder&#8221;][\/vc_column][\/vc_row][vc_row full_width=&#8221;electroluxpro-full-width-no-padding&#8221;][vc_column][\/vc_column][\/vc_row][vc_row][vc_column][elx_single_banner title=&#8221;Jobbe hos oss&#8221; text=&#8221;Electrolux Professional \u00f8nsker lidenskapelige, businessfokuserte mennesker velkommen til v\u00e5r familie. Sjekk karrieresiden v\u00e5r for \u00e5 lese mer om ledige stillinger og muligheter for deg (link til internasjonal side).&#8221; text_mobile=&#8221;Electrolux Professional \u00f8nsker lidenskapelige, businessfokuserte mennesker velkommen til v\u00e5r familie. Sjekk karrieresiden v\u00e5r for \u00e5 lese mer om ledige stillinger og muligheter for deg (link til internasjonal side).&#8221; background_source=&#8221;image-media-library&#8221; background_image_media_library=&#8221;5541&#8243; link=&#8221;url:https%3A%2F%2Fwww.electroluxprofessional.com%2Fcareer-opportunities%2F|title:Les%20mer!%20(ekstern%20link)||&#8221; background_image_media_library_mobile=&#8221;5550&#8243;][\/vc_column][\/vc_row][vc_row][vc_column][elx_active_banner title=&#8221;Finn salgs- og servicepartnere&#8221; link=&#8221;url:https%3A%2F%2Fwww.electroluxprofessional.com%2Fno%2Fhvor-finner-du-vare-salgs-og-servicepartnere%2F|title:Search||&#8221; background_image_media_library=&#8221;5546&#8243; background_image_media_library_mobile=&#8221;5554&#8243;][\/vc_column][\/vc_row][vc_row][vc_column][vc_empty_space height=&#8221;30px&#8221;][\/vc_column][\/vc_row]<\/p>\n","protected":false},"excerpt":{"rendered":"<p>[vc_row full_width=&#8221;electroluxpro-full-width-no-padding&#8221; css=&#8221;.vc_custom_1581601446712{margin-bottom: 0px !important;}&#8221;][vc_column css=&#8221;.vc_custom_1575015067714{margin-bottom: 0px !important;}&#8221;][elx_master_slider slide_order_1=&#8221;2&#8243; title_1=&#8221;Kos deg heller med v\u00e6ret!&#8221; text_1=&#8221;Kommersielle t\u00f8rkeskap i ulike st\u00f8rrelser&#8221; slide_order_2=&#8221;4&#8243; title_2=&#8221;Line 6000 barrieremaskiner&#8221; text_2=&#8221;Maksimal hygiene og trygghet&#8221; slide_order_3=&#8221;3&#8243; title_3=&#8221;Ser vi en ny stjerne p\u00e5 himmelen!&#8221; text_3=&#8221;SkyLine 3.0 kombidampere&#8221; slide_order_4=&#8221;1&#8243; title_4=&#8221;NeoBlue Touch&#8221; text_4=&#8221;underbenk oppvaskmaskin&#8221; link_1=&#8221;url:https%3A%2F%2Fwww.electroluxprofessional.com%2Fno%2Ftorkeskap%2F|title:Les%20mer!&#8221; background_image_media_library_1=&#8221;10998&#8243; background_image_media_library_mobile_1=&#8221;9427&#8243; background_image_media_library_2=&#8221;13519&#8243; background_image_media_library_3=&#8221;14898&#8243; background_image_media_library_4=&#8221;15028&#8243; link_2=&#8221;url:https%3A%2F%2Fwww.electroluxprofessional.com%2Fno%2Fvaskeri%2Fbarrieremaskiner%2F|title:Les%20mer&#8221; link_3=&#8221;url:https%3A%2F%2Fwww.electroluxprofessional.com%2Fno%2Fstorkjokken%2Fkombidamper%2F|title:Les%20mer&#8221; link_4=&#8221;url:https%3A%2F%2Fwww.electroluxprofessional.com%2Fno%2Fneoblue-touch-underbenkoppvaskmaskin%2F|title:Klikk%20for%20mer%20info&#8221; background_image_media_library_mobile_2=&#8221;13521&#8243; background_image_media_library_mobile_4=&#8221;15027&#8243; background_image_media_library_mobile_3=&#8221;14899&#8243;][\/vc_column][\/vc_row][vc_row [&hellip;]<\/p>\n","protected":false},"author":1,"featured_media":0,"parent":0,"menu_order":0,"comment_status":"closed","ping_status":"closed","template":"","meta":{"footnotes":""},"class_list":["post-5529","page","type-page","status-publish","hentry"],"acf":[],"yoast_head":"<!-- This site is optimized with the Yoast SEO plugin v23.3 - https:\/\/yoast.com\/wordpress\/plugins\/seo\/ -->\n<title>Electrolux Professional - Storkj\u00f8kken, vaskeri og profesjonelle l\u00f8sninger<\/title>\n<meta name=\"description\" content=\"Electrolux Professional er en ledende leverand\u00f8r innen storkj\u00f8kken- og vaskeril\u00f8sninger. Vi har lang erfaring og ta gjerne kontakt med oss!\" \/>\n<meta name=\"robots\" content=\"index, follow, max-snippet:-1, max-image-preview:large, max-video-preview:-1\" \/>\n<link rel=\"canonical\" href=\"https:\/\/www.electroluxprofessional.com\/no\/\" \/>\n<meta property=\"og:locale\" content=\"nb_NO\" \/>\n<meta property=\"og:type\" content=\"article\" \/>\n<meta property=\"og:title\" content=\"Electrolux Professional - Storkj\u00f8kken, vaskeri og profesjonelle l\u00f8sninger\" \/>\n<meta property=\"og:description\" content=\"Electrolux Professional er en ledende leverand\u00f8r innen storkj\u00f8kken- og vaskeril\u00f8sninger. Vi har lang erfaring og ta gjerne kontakt med oss!\" \/>\n<meta property=\"og:url\" content=\"https:\/\/www.electroluxprofessional.com\/no\/\" \/>\n<meta property=\"og:site_name\" content=\"Electrolux Professional Norge\" \/>\n<meta property=\"article:modified_time\" content=\"2026-04-15T13:13:57+00:00\" \/>\n<meta name=\"twitter:card\" content=\"summary_large_image\" \/>\n<meta name=\"twitter:label1\" content=\"Ansl. lesetid\" \/>\n\t<meta name=\"twitter:data1\" content=\"3 minutter\" \/>\n<script type=\"application\/ld+json\" class=\"yoast-schema-graph\">{\"@context\":\"https:\/\/schema.org\",\"@graph\":[{\"@type\":\"WebPage\",\"@id\":\"https:\/\/www.electroluxprofessional.com\/no\/\",\"url\":\"https:\/\/www.electroluxprofessional.com\/no\/\",\"name\":\"Electrolux Professional - Storkj\u00f8kken, vaskeri og profesjonelle l\u00f8sninger\",\"isPartOf\":{\"@id\":\"https:\/\/www.electroluxprofessional.com\/no\/#website\"},\"datePublished\":\"2020-02-28T16:55:09+00:00\",\"dateModified\":\"2026-04-15T13:13:57+00:00\",\"description\":\"Electrolux Professional er en ledende leverand\u00f8r innen storkj\u00f8kken- og vaskeril\u00f8sninger. Vi har lang erfaring og ta gjerne kontakt med oss!\",\"breadcrumb\":{\"@id\":\"https:\/\/www.electroluxprofessional.com\/no\/#breadcrumb\"},\"inLanguage\":\"nb-NO\",\"potentialAction\":[{\"@type\":\"ReadAction\",\"target\":[\"https:\/\/www.electroluxprofessional.com\/no\/\"]}]},{\"@type\":\"BreadcrumbList\",\"@id\":\"https:\/\/www.electroluxprofessional.com\/no\/#breadcrumb\",\"itemListElement\":[{\"@type\":\"ListItem\",\"position\":1,\"name\":\"Home\",\"item\":\"https:\/\/www.electroluxprofessional.com\/no\/\"},{\"@type\":\"ListItem\",\"position\":2,\"name\":\"Homepage\"}]},{\"@type\":\"WebSite\",\"@id\":\"https:\/\/www.electroluxprofessional.com\/no\/#website\",\"url\":\"https:\/\/www.electroluxprofessional.com\/no\/\",\"name\":\"Electrolux Professional Norge\",\"description\":\"\",\"potentialAction\":[{\"@type\":\"SearchAction\",\"target\":{\"@type\":\"EntryPoint\",\"urlTemplate\":\"https:\/\/www.electroluxprofessional.com\/no\/?src={search_term_string}\"},\"query-input\":\"required name=search_term_string\"}],\"inLanguage\":\"nb-NO\"}]}<\/script>\n<!-- \/ Yoast SEO plugin. -->","yoast_head_json":{"title":"Electrolux Professional - Storkj\u00f8kken, vaskeri og profesjonelle l\u00f8sninger","description":"Electrolux Professional er en ledende leverand\u00f8r innen storkj\u00f8kken- og vaskeril\u00f8sninger. Vi har lang erfaring og ta gjerne kontakt med oss!","robots":{"index":"index","follow":"follow","max-snippet":"max-snippet:-1","max-image-preview":"max-image-preview:large","max-video-preview":"max-video-preview:-1"},"canonical":"https:\/\/www.electroluxprofessional.com\/no\/","og_locale":"nb_NO","og_type":"article","og_title":"Electrolux Professional - Storkj\u00f8kken, vaskeri og profesjonelle l\u00f8sninger","og_description":"Electrolux Professional er en ledende leverand\u00f8r innen storkj\u00f8kken- og vaskeril\u00f8sninger. Vi har lang erfaring og ta gjerne kontakt med oss!","og_url":"https:\/\/www.electroluxprofessional.com\/no\/","og_site_name":"Electrolux Professional Norge","article_modified_time":"2026-04-15T13:13:57+00:00","twitter_card":"summary_large_image","twitter_misc":{"Ansl. lesetid":"3 minutter"},"schema":{"@context":"https:\/\/schema.org","@graph":[{"@type":"WebPage","@id":"https:\/\/www.electroluxprofessional.com\/no\/","url":"https:\/\/www.electroluxprofessional.com\/no\/","name":"Electrolux Professional - Storkj\u00f8kken, vaskeri og profesjonelle l\u00f8sninger","isPartOf":{"@id":"https:\/\/www.electroluxprofessional.com\/no\/#website"},"datePublished":"2020-02-28T16:55:09+00:00","dateModified":"2026-04-15T13:13:57+00:00","description":"Electrolux Professional er en ledende leverand\u00f8r innen storkj\u00f8kken- og vaskeril\u00f8sninger. Vi har lang erfaring og ta gjerne kontakt med oss!","breadcrumb":{"@id":"https:\/\/www.electroluxprofessional.com\/no\/#breadcrumb"},"inLanguage":"nb-NO","potentialAction":[{"@type":"ReadAction","target":["https:\/\/www.electroluxprofessional.com\/no\/"]}]},{"@type":"BreadcrumbList","@id":"https:\/\/www.electroluxprofessional.com\/no\/#breadcrumb","itemListElement":[{"@type":"ListItem","position":1,"name":"Home","item":"https:\/\/www.electroluxprofessional.com\/no\/"},{"@type":"ListItem","position":2,"name":"Homepage"}]},{"@type":"WebSite","@id":"https:\/\/www.electroluxprofessional.com\/no\/#website","url":"https:\/\/www.electroluxprofessional.com\/no\/","name":"Electrolux Professional Norge","description":"","potentialAction":[{"@type":"SearchAction","target":{"@type":"EntryPoint","urlTemplate":"https:\/\/www.electroluxprofessional.com\/no\/?src={search_term_string}"},"query-input":"required name=search_term_string"}],"inLanguage":"nb-NO"}]}},"_links":{"self":[{"href":"https:\/\/www.electroluxprofessional.com\/no\/wp-json\/wp\/v2\/pages\/5529"}],"collection":[{"href":"https:\/\/www.electroluxprofessional.com\/no\/wp-json\/wp\/v2\/pages"}],"about":[{"href":"https:\/\/www.electroluxprofessional.com\/no\/wp-json\/wp\/v2\/types\/page"}],"author":[{"embeddable":true,"href":"https:\/\/www.electroluxprofessional.com\/no\/wp-json\/wp\/v2\/users\/1"}],"replies":[{"embeddable":true,"href":"https:\/\/www.electroluxprofessional.com\/no\/wp-json\/wp\/v2\/comments?post=5529"}],"version-history":[{"count":119,"href":"https:\/\/www.electroluxprofessional.com\/no\/wp-json\/wp\/v2\/pages\/5529\/revisions"}],"predecessor-version":[{"id":5581,"href":"https:\/\/www.electroluxprofessional.com\/no\/wp-json\/wp\/v2\/pages\/5529\/revisions\/5581"}],"wp:attachment":[{"href":"https:\/\/www.electroluxprofessional.com\/no\/wp-json\/wp\/v2\/media?parent=5529"}],"curies":[{"name":"wp","href":"https:\/\/api.w.org\/{rel}","templated":true}]}}