{"id":4803,"date":"2019-09-27T14:38:14","date_gmt":"2019-09-27T12:38:14","guid":{"rendered":"https:\/\/www.electroluxprofessional.com\/?page_id=25408"},"modified":"2022-05-02T12:55:38","modified_gmt":"2022-05-02T12:55:38","slug":"om-oss","status":"publish","type":"page","link":"https:\/\/www.electroluxprofessional.com\/no\/om-oss\/","title":{"rendered":"Om oss"},"content":{"rendered":"<p>[vc_row full_width=&#8221;electroluxpro-full-width-no-padding&#8221;][vc_column][vc_single_image image=&#8221;10549&#8243; img_size=&#8221;2000x350px&#8221;][\/vc_column][\/vc_row][vc_row][vc_column][vc_empty_space height=&#8221;50px&#8221;][elx_heading font_container=&#8221;h1&#8243; text_color=&#8221;inherit&#8221;]Electrolux Professional[\/elx_heading][vc_empty_space][\/vc_column][\/vc_row][vc_row][vc_column width=&#8221;1\/2&#8243;][vc_column_text]<strong>Electrolux Professional er det The OnE &#8211; en p\u00e5litelig leverand\u00f8r som gj\u00f8r arbeidsdagen din enklere, mer l\u00f8nnsom og b\u00e6rekraftig &#8211; hver eneste dag.<\/strong>[\/vc_column_text][vc_column_text]Jobber du innen\u00a0<strong>Storkj\u00f8kken, Kaffe- og drikkemaskiner\u00a0<\/strong>eller\u00a0<strong>Vaskeri<\/strong>\u00a0\u00f8nsker vi \u00e5 bidra til den mest b\u00e6rekraftige l\u00f8sninger og erfaringer gjennom produktenes levetid.<\/p>\n<p>Med fokus p\u00e5 b\u00e6rekraft\u00a0 er vi ledende i utviklingen av komplette og integrerte l\u00f8sninger som leverer h\u00f8y produktivitet, lave livssykluskostnader samtidig som de er enkle i bruk og \u00e5 vedlikeholde.[\/vc_column_text][\/vc_column][vc_column width=&#8221;1\/2&#8243;][elx_video_block background_image=&#8221;4795&#8243; minimum_height=&#8221;350px&#8221; video_link=&#8221;https:\/\/www.youtube.com\/watch?v=PVUc0vj9PEo&#8221;][\/vc_column][\/vc_row][vc_row css=&#8221;.vc_custom_1465566954449{padding-top: 20px !important;}&#8221;][vc_column][vc_column_text]Via The <strong>OnE &#8211; det unike interface<\/strong>\u00a0som gj\u00f8r det mulig for kunder \u00e5 administrere all sin virksomhet ved \u00e5 bruke tilkoblede og synkroniserte produkter og tjenester skaper vi den ultimate forretningsverdien.[\/vc_column_text][vc_column_text]Electrolux Professional er The OnE p\u00e5litelige partner for enkle og komplette l\u00f8sninger fordi m\u00e5ten vi former prosesser og l\u00f8sninger p\u00e5 kommer fra <strong>menneskelig sentrert arv og mange\u00e5rig ekspertise <\/strong>om hva som gj\u00f8r din virksomhet mer effektiv.[\/vc_column_text][\/vc_column][\/vc_row][vc_row][vc_column width=&#8221;1\/3&#8243;][elx_maylike_box id_box=&#8221;4802&#8243;][\/vc_column][vc_column width=&#8221;1\/3&#8243;][elx_maylike_box id_box=&#8221;4798&#8243;][\/vc_column][vc_column width=&#8221;1\/3&#8243;][elx_maylike_box id_box=&#8221;4800&#8243; link_target=&#8221;blank&#8221;][\/vc_column][\/vc_row]<\/p>\n","protected":false},"excerpt":{"rendered":"<p>[vc_row full_width=&#8221;electroluxpro-full-width-no-padding&#8221;][vc_column][vc_single_image image=&#8221;10549&#8243; img_size=&#8221;2000x350px&#8221;][\/vc_column][\/vc_row][vc_row][vc_column][vc_empty_space height=&#8221;50px&#8221;][elx_heading font_container=&#8221;h1&#8243; text_color=&#8221;inherit&#8221;]Electrolux Professional[\/elx_heading][vc_empty_space][\/vc_column][\/vc_row][vc_row][vc_column width=&#8221;1\/2&#8243;][vc_column_text]Electrolux Professional er det The OnE &#8211; en p\u00e5litelig leverand\u00f8r som gj\u00f8r arbeidsdagen din enklere, mer l\u00f8nnsom og b\u00e6rekraftig &#8211; hver eneste dag.[\/vc_column_text][vc_column_text]Jobber du innen\u00a0Storkj\u00f8kken, Kaffe- og drikkemaskiner\u00a0eller\u00a0Vaskeri\u00a0\u00f8nsker vi \u00e5 bidra til den mest b\u00e6rekraftige l\u00f8sninger og erfaringer gjennom produktenes levetid. Med fokus p\u00e5 b\u00e6rekraft\u00a0 er vi [&hellip;]<\/p>\n","protected":false},"author":3,"featured_media":4795,"parent":0,"menu_order":0,"comment_status":"closed","ping_status":"closed","template":"","meta":{"footnotes":""},"class_list":["post-4803","page","type-page","status-publish","has-post-thumbnail","hentry"],"acf":[],"yoast_head":"<!-- This site is optimized with the Yoast SEO plugin v23.3 - https:\/\/yoast.com\/wordpress\/plugins\/seo\/ -->\n<title>Om oss - Electrolux Professional<\/title>\n<meta name=\"description\" content=\"Les mer om selskapet Electrolux Professional, den ene - OnE - leverand\u00f8r og samarbeidspartner som gj\u00f8r ditt arbeidsliv enklere, mer l\u00f8nnsomt og b\u00e6rekraftig - hver eneste dag.\" \/>\n<meta name=\"robots\" content=\"index, follow, max-snippet:-1, max-image-preview:large, max-video-preview:-1\" \/>\n<link rel=\"canonical\" href=\"https:\/\/www.electroluxprofessional.com\/no\/om-oss\/\" \/>\n<meta property=\"og:locale\" content=\"nb_NO\" \/>\n<meta property=\"og:type\" content=\"article\" \/>\n<meta property=\"og:title\" content=\"Om oss - Electrolux Professional\" \/>\n<meta property=\"og:description\" content=\"Les mer om selskapet Electrolux Professional, den ene - OnE - leverand\u00f8r og samarbeidspartner som gj\u00f8r ditt arbeidsliv enklere, mer l\u00f8nnsomt og b\u00e6rekraftig - hver eneste dag.\" \/>\n<meta property=\"og:url\" content=\"https:\/\/www.electroluxprofessional.com\/no\/om-oss\/\" \/>\n<meta property=\"og:site_name\" content=\"Electrolux Professional Norge\" \/>\n<meta property=\"article:modified_time\" content=\"2022-05-02T12:55:38+00:00\" \/>\n<meta property=\"og:image\" content=\"https:\/\/www.electroluxprofessional.com\/no\/wp-content\/uploads\/2019\/09\/video-one-cover.jpg\" \/>\n\t<meta property=\"og:image:width\" content=\"800\" \/>\n\t<meta property=\"og:image:height\" content=\"500\" \/>\n\t<meta property=\"og:image:type\" content=\"image\/jpeg\" \/>\n<meta name=\"twitter:card\" content=\"summary_large_image\" \/>\n<meta name=\"twitter:label1\" content=\"Ansl. lesetid\" \/>\n\t<meta name=\"twitter:data1\" content=\"1 minutt\" \/>\n<script type=\"application\/ld+json\" class=\"yoast-schema-graph\">{\"@context\":\"https:\/\/schema.org\",\"@graph\":[{\"@type\":\"WebPage\",\"@id\":\"https:\/\/www.electroluxprofessional.com\/no\/om-oss\/\",\"url\":\"https:\/\/www.electroluxprofessional.com\/no\/om-oss\/\",\"name\":\"Om oss - Electrolux Professional\",\"isPartOf\":{\"@id\":\"https:\/\/www.electroluxprofessional.com\/no\/#website\"},\"primaryImageOfPage\":{\"@id\":\"https:\/\/www.electroluxprofessional.com\/no\/om-oss\/#primaryimage\"},\"image\":{\"@id\":\"https:\/\/www.electroluxprofessional.com\/no\/om-oss\/#primaryimage\"},\"thumbnailUrl\":\"https:\/\/www.electroluxprofessional.com\/no\/wp-content\/uploads\/2019\/09\/video-one-cover.jpg\",\"datePublished\":\"2019-09-27T12:38:14+00:00\",\"dateModified\":\"2022-05-02T12:55:38+00:00\",\"description\":\"Les mer om selskapet Electrolux Professional, den ene - OnE - leverand\u00f8r og samarbeidspartner som gj\u00f8r ditt arbeidsliv enklere, mer l\u00f8nnsomt og b\u00e6rekraftig - hver eneste dag.\",\"breadcrumb\":{\"@id\":\"https:\/\/www.electroluxprofessional.com\/no\/om-oss\/#breadcrumb\"},\"inLanguage\":\"nb-NO\",\"potentialAction\":[{\"@type\":\"ReadAction\",\"target\":[\"https:\/\/www.electroluxprofessional.com\/no\/om-oss\/\"]}]},{\"@type\":\"ImageObject\",\"inLanguage\":\"nb-NO\",\"@id\":\"https:\/\/www.electroluxprofessional.com\/no\/om-oss\/#primaryimage\",\"url\":\"https:\/\/www.electroluxprofessional.com\/no\/wp-content\/uploads\/2019\/09\/video-one-cover.jpg\",\"contentUrl\":\"https:\/\/www.electroluxprofessional.com\/no\/wp-content\/uploads\/2019\/09\/video-one-cover.jpg\",\"width\":800,\"height\":500,\"caption\":\"Electrolux Professional, the OnE trusted partner\"},{\"@type\":\"BreadcrumbList\",\"@id\":\"https:\/\/www.electroluxprofessional.com\/no\/om-oss\/#breadcrumb\",\"itemListElement\":[{\"@type\":\"ListItem\",\"position\":1,\"name\":\"Home\",\"item\":\"https:\/\/www.electroluxprofessional.com\/no\/\"},{\"@type\":\"ListItem\",\"position\":2,\"name\":\"Om oss\"}]},{\"@type\":\"WebSite\",\"@id\":\"https:\/\/www.electroluxprofessional.com\/no\/#website\",\"url\":\"https:\/\/www.electroluxprofessional.com\/no\/\",\"name\":\"Electrolux Professional Norge\",\"description\":\"\",\"potentialAction\":[{\"@type\":\"SearchAction\",\"target\":{\"@type\":\"EntryPoint\",\"urlTemplate\":\"https:\/\/www.electroluxprofessional.com\/no\/?src={search_term_string}\"},\"query-input\":\"required name=search_term_string\"}],\"inLanguage\":\"nb-NO\"}]}<\/script>\n<!-- \/ Yoast SEO plugin. -->","yoast_head_json":{"title":"Om oss - Electrolux Professional","description":"Les mer om selskapet Electrolux Professional, den ene - OnE - leverand\u00f8r og samarbeidspartner som gj\u00f8r ditt arbeidsliv enklere, mer l\u00f8nnsomt og b\u00e6rekraftig - hver eneste dag.","robots":{"index":"index","follow":"follow","max-snippet":"max-snippet:-1","max-image-preview":"max-image-preview:large","max-video-preview":"max-video-preview:-1"},"canonical":"https:\/\/www.electroluxprofessional.com\/no\/om-oss\/","og_locale":"nb_NO","og_type":"article","og_title":"Om oss - Electrolux Professional","og_description":"Les mer om selskapet Electrolux Professional, den ene - OnE - leverand\u00f8r og samarbeidspartner som gj\u00f8r ditt arbeidsliv enklere, mer l\u00f8nnsomt og b\u00e6rekraftig - hver eneste dag.","og_url":"https:\/\/www.electroluxprofessional.com\/no\/om-oss\/","og_site_name":"Electrolux Professional Norge","article_modified_time":"2022-05-02T12:55:38+00:00","og_image":[{"width":800,"height":500,"url":"https:\/\/www.electroluxprofessional.com\/no\/wp-content\/uploads\/2019\/09\/video-one-cover.jpg","type":"image\/jpeg"}],"twitter_card":"summary_large_image","twitter_misc":{"Ansl. lesetid":"1 minutt"},"schema":{"@context":"https:\/\/schema.org","@graph":[{"@type":"WebPage","@id":"https:\/\/www.electroluxprofessional.com\/no\/om-oss\/","url":"https:\/\/www.electroluxprofessional.com\/no\/om-oss\/","name":"Om oss - Electrolux Professional","isPartOf":{"@id":"https:\/\/www.electroluxprofessional.com\/no\/#website"},"primaryImageOfPage":{"@id":"https:\/\/www.electroluxprofessional.com\/no\/om-oss\/#primaryimage"},"image":{"@id":"https:\/\/www.electroluxprofessional.com\/no\/om-oss\/#primaryimage"},"thumbnailUrl":"https:\/\/www.electroluxprofessional.com\/no\/wp-content\/uploads\/2019\/09\/video-one-cover.jpg","datePublished":"2019-09-27T12:38:14+00:00","dateModified":"2022-05-02T12:55:38+00:00","description":"Les mer om selskapet Electrolux Professional, den ene - OnE - leverand\u00f8r og samarbeidspartner som gj\u00f8r ditt arbeidsliv enklere, mer l\u00f8nnsomt og b\u00e6rekraftig - hver eneste dag.","breadcrumb":{"@id":"https:\/\/www.electroluxprofessional.com\/no\/om-oss\/#breadcrumb"},"inLanguage":"nb-NO","potentialAction":[{"@type":"ReadAction","target":["https:\/\/www.electroluxprofessional.com\/no\/om-oss\/"]}]},{"@type":"ImageObject","inLanguage":"nb-NO","@id":"https:\/\/www.electroluxprofessional.com\/no\/om-oss\/#primaryimage","url":"https:\/\/www.electroluxprofessional.com\/no\/wp-content\/uploads\/2019\/09\/video-one-cover.jpg","contentUrl":"https:\/\/www.electroluxprofessional.com\/no\/wp-content\/uploads\/2019\/09\/video-one-cover.jpg","width":800,"height":500,"caption":"Electrolux Professional, the OnE trusted partner"},{"@type":"BreadcrumbList","@id":"https:\/\/www.electroluxprofessional.com\/no\/om-oss\/#breadcrumb","itemListElement":[{"@type":"ListItem","position":1,"name":"Home","item":"https:\/\/www.electroluxprofessional.com\/no\/"},{"@type":"ListItem","position":2,"name":"Om oss"}]},{"@type":"WebSite","@id":"https:\/\/www.electroluxprofessional.com\/no\/#website","url":"https:\/\/www.electroluxprofessional.com\/no\/","name":"Electrolux Professional Norge","description":"","potentialAction":[{"@type":"SearchAction","target":{"@type":"EntryPoint","urlTemplate":"https:\/\/www.electroluxprofessional.com\/no\/?src={search_term_string}"},"query-input":"required name=search_term_string"}],"inLanguage":"nb-NO"}]}},"_links":{"self":[{"href":"https:\/\/www.electroluxprofessional.com\/no\/wp-json\/wp\/v2\/pages\/4803"}],"collection":[{"href":"https:\/\/www.electroluxprofessional.com\/no\/wp-json\/wp\/v2\/pages"}],"about":[{"href":"https:\/\/www.electroluxprofessional.com\/no\/wp-json\/wp\/v2\/types\/page"}],"author":[{"embeddable":true,"href":"https:\/\/www.electroluxprofessional.com\/no\/wp-json\/wp\/v2\/users\/3"}],"replies":[{"embeddable":true,"href":"https:\/\/www.electroluxprofessional.com\/no\/wp-json\/wp\/v2\/comments?post=4803"}],"version-history":[{"count":8,"href":"https:\/\/www.electroluxprofessional.com\/no\/wp-json\/wp\/v2\/pages\/4803\/revisions"}],"predecessor-version":[{"id":10550,"href":"https:\/\/www.electroluxprofessional.com\/no\/wp-json\/wp\/v2\/pages\/4803\/revisions\/10550"}],"wp:featuredmedia":[{"embeddable":true,"href":"https:\/\/www.electroluxprofessional.com\/no\/wp-json\/wp\/v2\/media\/4795"}],"wp:attachment":[{"href":"https:\/\/www.electroluxprofessional.com\/no\/wp-json\/wp\/v2\/media?parent=4803"}],"curies":[{"name":"wp","href":"https:\/\/api.w.org\/{rel}","templated":true}]}}