{"id":3004,"date":"2016-06-01T13:56:56","date_gmt":"2016-06-01T13:56:56","guid":{"rendered":"https:\/\/www.electroluxprofessional.com\/?page_id=1763"},"modified":"2025-12-30T08:47:40","modified_gmt":"2025-12-30T08:47:40","slug":"essentia-kundeservice","status":"publish","type":"page","link":"https:\/\/www.electroluxprofessional.com\/no\/essentia-kundeservice\/","title":{"rendered":"Essentia Customer Care"},"content":{"rendered":"<p>[vc_row full_width=&#8221;electroluxpro-full-width-no-padding&#8221;][vc_column][vc_single_image image=&#8221;2996&#8243; img_size=&#8221;2000*350&#8243; alignment=&#8221;center&#8221;][\/vc_column][\/vc_row][vc_row][vc_column width=&#8221;1\/4&#8243;][vc_empty_space][vc_single_image image=&#8221;2997&#8243; img_size=&#8221;300*300&#8243;][vc_empty_space][\/vc_column][vc_column width=&#8221;3\/4&#8243;][vc_empty_space][vc_empty_space][elx_heading font_container=&#8221;h1&#8243; font_size=&#8221;h3&#8243; text_color=&#8221;inherit&#8221;]Essentia.[\/elx_heading][vc_column_text]<span class=\"h5\">V\u00e5rt servicekonsept for vaskeril\u00f8sninger. Vi er her for \u00e5 hjelpe!<\/span>[\/vc_column_text][\/vc_column][\/vc_row][vc_row][vc_column][vc_empty_space height=&#8221;16px&#8221;][elx_heading font_size=&#8221;h3&#8243; text_color=&#8221;inherit&#8221;]Hjertet innen kundeservice[\/elx_heading][vc_column_text]Essentia hever <strong>Kundeservice <\/strong>til et nytt niv\u00e5. En dedikert tjeneste som f\u00f8rst og fremst til blir ditt konkurransefortrinn.[\/vc_column_text][vc_column_text]Vi er med hele veien &#8211; fra installasjonstidspunktet til slutten av produktets levetid\u00a0 st\u00e5r vi klare med\u00a0<strong>omfattende vedlikeholdsl\u00f8sninger<\/strong>\u00a0basert p\u00e5 v\u00e5r\u00a0 omfattende kunnskap, arv og mange\u00e5rig utvikling av vaskeri- og storkj\u00f8kkenutstyr.[\/vc_column_text][\/vc_column][\/vc_row][vc_row][vc_column][elx_heading font_size=&#8221;h3&#8243; text_color=&#8221;inherit&#8221;]Oppdag Essentia[\/elx_heading][vc_column_text]Gir deg den st\u00f8tten du trenger, og tar vare p\u00e5 dine prosesser med et p\u00e5litelig <strong>servicenettverk<\/strong>, en rekke <strong>skreddersydde eksklusive<\/strong> tjenester og en <strong>nyskapende<\/strong> teknologi.[\/vc_column_text][vc_empty_space][\/vc_column][\/vc_row][vc_row css=&#8221;.vc_custom_1523543977412{background-color: #041e41 !important;}&#8221;][vc_column width=&#8221;2\/3&#8243;][vc_single_image image=&#8221;13145&#8243; img_size=&#8221;large&#8221;][\/vc_column][vc_column width=&#8221;1\/3&#8243;][vc_empty_space height=&#8221;100px&#8221;][elx_button button_text=&#8221;Se v\u00e5r Essentia brosjyre for vaskeri&#8221; button_style=&#8221;icon&#8221; button_link=&#8221;url:https%3A%2F%2Fwww.electroluxprofessional.com%2Fno%2Fwp-content%2Fuploads%2F2024%2F08%2FEssentia_serviceavtaler-april-2024_LR.pdf|title:Essentia%3A%20service%20for%20vaskeri&#8221;][\/vc_column][\/vc_row][vc_row][vc_column][vc_empty_space][\/vc_column][\/vc_row][vc_row][vc_column][vc_empty_space][\/vc_column][\/vc_row][vc_row][vc_column][vc_empty_space][elx_simple_link_block link=&#8221;url:https%3A%2F%2Fprofessional.electrolux.no%2Fsales-and-service-locator%2F|title:Sales%20%26%20Service%20Locator||&#8221; text_align=&#8221;text-left&#8221; text_color=&#8221;inherit&#8221; background_color=&#8221;inherit&#8221; background_hover_color=&#8221;darker-hover&#8221; extra_class=&#8221;&#8221; reveal_effect=&#8221;&#8221; reveal_duration=&#8221;&#8221; reveal_delay=&#8221;&#8221;][elx_heading font_size=&#8221;h3&#8243; text_color=&#8221;inherit&#8221;]V\u00e5rt servicenettverk[\/elx_heading][vc_column_text]Du kan stole p\u00e5 at et<strong> globalt nettverk av autoriserte servicepartnere<\/strong>, er tilgjengelige og klare for nye oppdrag. De er klare for \u00e5 supportere og bidra til at maskinparken fungerer optimalt og forenkler din arbeidsdag. .[\/vc_column_text][elx_heading text_color=&#8221;inherit&#8221;]Finn din n\u00e6rmeste service-\/salgspartner[\/elx_heading][\/elx_simple_link_block][vc_empty_space height=&#8221;42px&#8221;][elx_o2000_locator cf=&#8221;Norway&#8221; l=&#8221;no&#8221;][\/vc_column][\/vc_row][vc_row][vc_column][vc_empty_space][\/vc_column][\/vc_row][vc_row][vc_column][elx_heading font_container=&#8221;h3&#8243; text_color=&#8221;inherit&#8221;]\u00d8nsker du mer informasjon om Essentia og vedlikeholdsavtaler?[\/elx_heading][elx_o2000_contact_us s=&#8221;\u00d8nske om informasjon om Essentia vedlikeholdsavtale&#8221; campaign=&#8221;701SX000005jTseYAE&#8221; text_send_button=&#8221;\u00d8nske om mer informasjon p\u00e5 vedlikeholdsavtaler&#8221; country=&#8221;Norway&#8221; b=&#8221;laundry&#8221; thanks=&#8221;Takk for din interesse. Vi vil ta kontakt med deg.&#8221; container=&#8221;elxcontactus1484293813&#8243; r=&#8221;Jeg \u00f8nsker \u00e5 vite mer om Essentia vedlikeholdsavtale. Vennligst ta kontakt med meg.&#8221; e=&#8221;els.info@electrolux.no&#8221; l=&#8221;no&#8221;][\/vc_column][\/vc_row][vc_row][vc_column][vc_empty_space][\/vc_column][\/vc_row]<\/p>\n","protected":false},"excerpt":{"rendered":"<p>[vc_row full_width=&#8221;electroluxpro-full-width-no-padding&#8221;][vc_column][vc_single_image image=&#8221;2996&#8243; img_size=&#8221;2000*350&#8243; alignment=&#8221;center&#8221;][\/vc_column][\/vc_row][vc_row][vc_column width=&#8221;1\/4&#8243;][vc_empty_space][vc_single_image image=&#8221;2997&#8243; img_size=&#8221;300*300&#8243;][vc_empty_space][\/vc_column][vc_column width=&#8221;3\/4&#8243;][vc_empty_space][vc_empty_space][elx_heading font_container=&#8221;h1&#8243; font_size=&#8221;h3&#8243; text_color=&#8221;inherit&#8221;]Essentia.[\/elx_heading][vc_column_text]V\u00e5rt servicekonsept for vaskeril\u00f8sninger. Vi er her for \u00e5 hjelpe![\/vc_column_text][\/vc_column][\/vc_row][vc_row][vc_column][vc_empty_space height=&#8221;16px&#8221;][elx_heading font_size=&#8221;h3&#8243; text_color=&#8221;inherit&#8221;]Hjertet innen kundeservice[\/elx_heading][vc_column_text]Essentia hever Kundeservice til et nytt niv\u00e5. En dedikert tjeneste som f\u00f8rst og fremst til blir ditt konkurransefortrinn.[\/vc_column_text][vc_column_text]Vi er med hele veien &#8211; fra installasjonstidspunktet til slutten av produktets levetid\u00a0 [&hellip;]<\/p>\n","protected":false},"author":3,"featured_media":2994,"parent":0,"menu_order":0,"comment_status":"closed","ping_status":"closed","template":"","meta":{"footnotes":""},"class_list":["post-3004","page","type-page","status-publish","has-post-thumbnail","hentry"],"acf":[],"yoast_head":"<!-- This site is optimized with the Yoast SEO plugin v23.3 - https:\/\/yoast.com\/wordpress\/plugins\/seo\/ -->\n<title>Essentia Customer Care - Electrolux Professional Norge<\/title>\n<meta name=\"description\" content=\"Et unikt globalt servicenettverk med over 10.000 teknikere i mer enn 149 land og ulike service- og vedlikeholdsprogram.\" \/>\n<meta name=\"robots\" content=\"index, follow, max-snippet:-1, max-image-preview:large, max-video-preview:-1\" \/>\n<link rel=\"canonical\" href=\"https:\/\/www.electroluxprofessional.com\/no\/essentia-kundeservice\/\" \/>\n<meta property=\"og:locale\" content=\"nb_NO\" \/>\n<meta property=\"og:type\" content=\"article\" \/>\n<meta property=\"og:title\" content=\"Essentia Customer Care - Electrolux Professional Norge\" \/>\n<meta property=\"og:description\" content=\"Et unikt globalt servicenettverk med over 10.000 teknikere i mer enn 149 land og ulike service- og vedlikeholdsprogram.\" \/>\n<meta property=\"og:url\" content=\"https:\/\/www.electroluxprofessional.com\/no\/essentia-kundeservice\/\" \/>\n<meta property=\"og:site_name\" content=\"Electrolux Professional Norge\" \/>\n<meta property=\"article:modified_time\" content=\"2025-12-30T08:47:40+00:00\" \/>\n<meta property=\"og:image\" content=\"https:\/\/www.electroluxprofessional.com\/no\/wp-content\/uploads\/2017\/01\/cutomer-care.jpg\" \/>\n\t<meta property=\"og:image:width\" content=\"2000\" \/>\n\t<meta property=\"og:image:height\" content=\"1691\" \/>\n\t<meta property=\"og:image:type\" content=\"image\/jpeg\" \/>\n<meta name=\"twitter:card\" content=\"summary_large_image\" \/>\n<meta name=\"twitter:label1\" content=\"Ansl. lesetid\" \/>\n\t<meta name=\"twitter:data1\" content=\"3 minutter\" \/>\n<script type=\"application\/ld+json\" class=\"yoast-schema-graph\">{\"@context\":\"https:\/\/schema.org\",\"@graph\":[{\"@type\":\"WebPage\",\"@id\":\"https:\/\/www.electroluxprofessional.com\/no\/essentia-kundeservice\/\",\"url\":\"https:\/\/www.electroluxprofessional.com\/no\/essentia-kundeservice\/\",\"name\":\"Essentia Customer Care - Electrolux Professional Norge\",\"isPartOf\":{\"@id\":\"https:\/\/www.electroluxprofessional.com\/no\/#website\"},\"primaryImageOfPage\":{\"@id\":\"https:\/\/www.electroluxprofessional.com\/no\/essentia-kundeservice\/#primaryimage\"},\"image\":{\"@id\":\"https:\/\/www.electroluxprofessional.com\/no\/essentia-kundeservice\/#primaryimage\"},\"thumbnailUrl\":\"https:\/\/www.electroluxprofessional.com\/no\/wp-content\/uploads\/2017\/01\/cutomer-care.jpg\",\"datePublished\":\"2016-06-01T13:56:56+00:00\",\"dateModified\":\"2025-12-30T08:47:40+00:00\",\"description\":\"Et unikt globalt servicenettverk med over 10.000 teknikere i mer enn 149 land og ulike service- og vedlikeholdsprogram.\",\"breadcrumb\":{\"@id\":\"https:\/\/www.electroluxprofessional.com\/no\/essentia-kundeservice\/#breadcrumb\"},\"inLanguage\":\"nb-NO\",\"potentialAction\":[{\"@type\":\"ReadAction\",\"target\":[\"https:\/\/www.electroluxprofessional.com\/no\/essentia-kundeservice\/\"]}]},{\"@type\":\"ImageObject\",\"inLanguage\":\"nb-NO\",\"@id\":\"https:\/\/www.electroluxprofessional.com\/no\/essentia-kundeservice\/#primaryimage\",\"url\":\"https:\/\/www.electroluxprofessional.com\/no\/wp-content\/uploads\/2017\/01\/cutomer-care.jpg\",\"contentUrl\":\"https:\/\/www.electroluxprofessional.com\/no\/wp-content\/uploads\/2017\/01\/cutomer-care.jpg\",\"width\":2000,\"height\":1691,\"caption\":\"customer care service electrolux professional\"},{\"@type\":\"BreadcrumbList\",\"@id\":\"https:\/\/www.electroluxprofessional.com\/no\/essentia-kundeservice\/#breadcrumb\",\"itemListElement\":[{\"@type\":\"ListItem\",\"position\":1,\"name\":\"Home\",\"item\":\"https:\/\/www.electroluxprofessional.com\/no\/\"},{\"@type\":\"ListItem\",\"position\":2,\"name\":\"Essentia Customer Care\"}]},{\"@type\":\"WebSite\",\"@id\":\"https:\/\/www.electroluxprofessional.com\/no\/#website\",\"url\":\"https:\/\/www.electroluxprofessional.com\/no\/\",\"name\":\"Electrolux Professional Norge\",\"description\":\"\",\"potentialAction\":[{\"@type\":\"SearchAction\",\"target\":{\"@type\":\"EntryPoint\",\"urlTemplate\":\"https:\/\/www.electroluxprofessional.com\/no\/?src={search_term_string}\"},\"query-input\":\"required name=search_term_string\"}],\"inLanguage\":\"nb-NO\"}]}<\/script>\n<!-- \/ Yoast SEO plugin. -->","yoast_head_json":{"title":"Essentia Customer Care - Electrolux Professional Norge","description":"Et unikt globalt servicenettverk med over 10.000 teknikere i mer enn 149 land og ulike service- og vedlikeholdsprogram.","robots":{"index":"index","follow":"follow","max-snippet":"max-snippet:-1","max-image-preview":"max-image-preview:large","max-video-preview":"max-video-preview:-1"},"canonical":"https:\/\/www.electroluxprofessional.com\/no\/essentia-kundeservice\/","og_locale":"nb_NO","og_type":"article","og_title":"Essentia Customer Care - Electrolux Professional Norge","og_description":"Et unikt globalt servicenettverk med over 10.000 teknikere i mer enn 149 land og ulike service- og vedlikeholdsprogram.","og_url":"https:\/\/www.electroluxprofessional.com\/no\/essentia-kundeservice\/","og_site_name":"Electrolux Professional Norge","article_modified_time":"2025-12-30T08:47:40+00:00","og_image":[{"width":2000,"height":1691,"url":"https:\/\/www.electroluxprofessional.com\/no\/wp-content\/uploads\/2017\/01\/cutomer-care.jpg","type":"image\/jpeg"}],"twitter_card":"summary_large_image","twitter_misc":{"Ansl. lesetid":"3 minutter"},"schema":{"@context":"https:\/\/schema.org","@graph":[{"@type":"WebPage","@id":"https:\/\/www.electroluxprofessional.com\/no\/essentia-kundeservice\/","url":"https:\/\/www.electroluxprofessional.com\/no\/essentia-kundeservice\/","name":"Essentia Customer Care - Electrolux Professional Norge","isPartOf":{"@id":"https:\/\/www.electroluxprofessional.com\/no\/#website"},"primaryImageOfPage":{"@id":"https:\/\/www.electroluxprofessional.com\/no\/essentia-kundeservice\/#primaryimage"},"image":{"@id":"https:\/\/www.electroluxprofessional.com\/no\/essentia-kundeservice\/#primaryimage"},"thumbnailUrl":"https:\/\/www.electroluxprofessional.com\/no\/wp-content\/uploads\/2017\/01\/cutomer-care.jpg","datePublished":"2016-06-01T13:56:56+00:00","dateModified":"2025-12-30T08:47:40+00:00","description":"Et unikt globalt servicenettverk med over 10.000 teknikere i mer enn 149 land og ulike service- og vedlikeholdsprogram.","breadcrumb":{"@id":"https:\/\/www.electroluxprofessional.com\/no\/essentia-kundeservice\/#breadcrumb"},"inLanguage":"nb-NO","potentialAction":[{"@type":"ReadAction","target":["https:\/\/www.electroluxprofessional.com\/no\/essentia-kundeservice\/"]}]},{"@type":"ImageObject","inLanguage":"nb-NO","@id":"https:\/\/www.electroluxprofessional.com\/no\/essentia-kundeservice\/#primaryimage","url":"https:\/\/www.electroluxprofessional.com\/no\/wp-content\/uploads\/2017\/01\/cutomer-care.jpg","contentUrl":"https:\/\/www.electroluxprofessional.com\/no\/wp-content\/uploads\/2017\/01\/cutomer-care.jpg","width":2000,"height":1691,"caption":"customer care service electrolux professional"},{"@type":"BreadcrumbList","@id":"https:\/\/www.electroluxprofessional.com\/no\/essentia-kundeservice\/#breadcrumb","itemListElement":[{"@type":"ListItem","position":1,"name":"Home","item":"https:\/\/www.electroluxprofessional.com\/no\/"},{"@type":"ListItem","position":2,"name":"Essentia Customer Care"}]},{"@type":"WebSite","@id":"https:\/\/www.electroluxprofessional.com\/no\/#website","url":"https:\/\/www.electroluxprofessional.com\/no\/","name":"Electrolux Professional Norge","description":"","potentialAction":[{"@type":"SearchAction","target":{"@type":"EntryPoint","urlTemplate":"https:\/\/www.electroluxprofessional.com\/no\/?src={search_term_string}"},"query-input":"required name=search_term_string"}],"inLanguage":"nb-NO"}]}},"_links":{"self":[{"href":"https:\/\/www.electroluxprofessional.com\/no\/wp-json\/wp\/v2\/pages\/3004"}],"collection":[{"href":"https:\/\/www.electroluxprofessional.com\/no\/wp-json\/wp\/v2\/pages"}],"about":[{"href":"https:\/\/www.electroluxprofessional.com\/no\/wp-json\/wp\/v2\/types\/page"}],"author":[{"embeddable":true,"href":"https:\/\/www.electroluxprofessional.com\/no\/wp-json\/wp\/v2\/users\/3"}],"replies":[{"embeddable":true,"href":"https:\/\/www.electroluxprofessional.com\/no\/wp-json\/wp\/v2\/comments?post=3004"}],"version-history":[{"count":10,"href":"https:\/\/www.electroluxprofessional.com\/no\/wp-json\/wp\/v2\/pages\/3004\/revisions"}],"predecessor-version":[{"id":15300,"href":"https:\/\/www.electroluxprofessional.com\/no\/wp-json\/wp\/v2\/pages\/3004\/revisions\/15300"}],"wp:featuredmedia":[{"embeddable":true,"href":"https:\/\/www.electroluxprofessional.com\/no\/wp-json\/wp\/v2\/media\/2994"}],"wp:attachment":[{"href":"https:\/\/www.electroluxprofessional.com\/no\/wp-json\/wp\/v2\/media?parent=3004"}],"curies":[{"name":"wp","href":"https:\/\/api.w.org\/{rel}","templated":true}]}}