{"id":2632,"date":"2017-03-27T14:46:26","date_gmt":"2017-03-27T14:46:26","guid":{"rendered":"https:\/\/professional.electrolux.se\/?page_id=2425"},"modified":"2025-11-05T13:45:50","modified_gmt":"2025-11-05T13:45:50","slug":"beredningsmaskiner-knada-vispa","status":"publish","type":"page","link":"https:\/\/www.electroluxprofessional.com\/no\/beredningsmaskiner-knada-vispa\/","title":{"rendered":"Sm\u00e5maskiner: kna og visp"},"content":{"rendered":"<p>[vc_row full_width=&#8221;electroluxpro-full-width-no-padding&#8221;][vc_column][elx_image_block background_image=&#8221;2627&#8243; minimum_height=&#8221;450px&#8221;][\/vc_column][\/vc_row][vc_row][vc_column][vc_empty_space][elx_heading font_container=&#8221;h1&#8243; font_size=&#8221;h2&#8243; text_color=&#8221;inherit&#8221; text_align=&#8221;text-center&#8221;]Electrolux brede utvalg av kj\u00f8kkenmaskiner &#8211; effektivitet og tidsbesparende.[\/elx_heading][vc_empty_space][\/vc_column][\/vc_row][vc_row][vc_column][elx_heading text_color=&#8221;inherit&#8221; text_align=&#8221;text-center&#8221;]<strong>Visp- &amp; blandingsmaskiner<\/strong>[\/elx_heading][vc_empty_space][\/vc_column][\/vc_row][vc_row][vc_column width=&#8221;1\/4&#8243;][vc_single_image image=&#8221;2628&#8243; img_size=&#8221;full&#8221;][\/vc_column][vc_column width=&#8221;1\/2&#8243;][vc_column_text]Maksimal ytelse. Kompakt, men kraftfull. Robust, men smakfull.<\/p>\n<p>Et bredt utvalg av visp- og blandingsmaskiner: <strong>fra 5 til 80 liter.<\/strong><br \/>\nDet er enkelt \u00e5 tilsette ingrediensene under drift. Et &#8220;klippsystem\u201d, uten skruer, for\u00a0 enkel fjerning og rengj\u00f8ring av beskyttelsesdeksel.[\/vc_column_text][vc_column_text]Overlegen ytelse i knaing, blanding og visping takket v\u00e6re:<\/p>\n<ul>\n<li>Ekslusiv design<\/li>\n<li>Variabel hastighet<\/li>\n<li>Verkt\u00f8y som perfekt tilpasser seg til bollen for blanding av seg de minste mengder<\/li>\n<li>100% oppvaskmaskinsikkert verkt\u00f8y, bolle og deksel<\/li>\n<\/ul>\n<p>[\/vc_column_text][\/vc_column][vc_column width=&#8221;1\/4&#8243; css=&#8221;.vc_custom_1486637291714{margin-top: 0px !important;border-top-width: 0px !important;padding-top: 0px !important;}&#8221;][vc_single_image image=&#8221;2629&#8243; img_size=&#8221;full&#8221;][\/vc_column][\/vc_row][vc_row][vc_column][vc_empty_space][elx_heading text_color=&#8221;inherit&#8221; text_align=&#8221;text-center&#8221;]<strong>Eltemaskiner<\/strong>[\/elx_heading][\/vc_column][\/vc_row][vc_row][vc_column width=&#8221;3\/4&#8243;][vc_column_text]Alltid den perfekte eltingen.<\/p>\n<p><span id=\"result_box\" class=\"\" lang=\"sv\"><span class=\"\">En eltemaskin er det beste valget for profesjonelle bakerier, konditorier og pizzeriaer. Vi tilbyr verkt\u00f8y som passer for br\u00f8d, pizzadeig og bakverk.<\/span><\/span><\/p>\n<p>Optimal elt<span class=\"\">ing hver gang, enten man bruker den sakte hastigheten for tradisjonell elting eller en hurtigvariant for rask elting<\/span>.<\/p>\n<p><span class=\"\">Eltemaskinene har et brukervennlig kontrollpanel med <\/span>timer for presis kontroll. Dessuten stopper en sikkerhetsfunksjon maskinen n\u00e5r beskyttelsesskjermen er oppe.[\/vc_column_text][\/vc_column][vc_column width=&#8221;1\/4&#8243;][vc_single_image image=&#8221;2630&#8243; img_size=&#8221;full&#8221;][\/vc_column][\/vc_row][vc_row][vc_column][vc_empty_space height=&#8221;50px&#8221;][elx_heading text_color=&#8221;inherit&#8221; text_align=&#8221;text-center&#8221;]Vil du vite mer? Kontakt oss![\/elx_heading][elx_o2000_contact_us r=&#8221;Jeg \u00f8nsker \u00e5 vite mer om eltemaskiner. Vennligst kontakt meg!&#8221; s=&#8221;Request of information about knead, whip and sheet&#8221; e=&#8221;storkjokken@electrolux.no&#8221; country=&#8221;Norway&#8221; l=&#8221;no&#8221; container=&#8221;elxcontactus1480081277&#8243;][elx_heading text_color=&#8221;inherit&#8221; text_align=&#8221;text-left&#8221;]Vi har flere modeller og st\u00f8rrelser. Dette er noen eksempler. Ta gjerne kontakt med oss![\/elx_heading][vc_empty_space height=&#8221;50px&#8221;][\/vc_column][\/vc_row][vc_row][vc_column width=&#8221;1\/3&#8243;]<div class=\"product-list-item\"><div class=\"single-product-content\"><a href=\"https:\/\/www.electroluxprofessional.com\/no\/pd\/beredningsmaskiner\/visp-blandningsmaskiner\/5-liters\/be5-visp-blandningsmaskin-5-l\/visp-blandningsmaskin-5-liters-visp-och-blandningsmaskin-med-hj\u00e4lpmaskinuttag-600193\/\" target=\"_blank\"><figure class=\"wow fadeIn\"><img decoding=\"async\" src=\"https:\/\/tools.electroluxprofessional.com\/Mirror\/Doc\/PH_255x255%2FPH_600192_1_1_600192.jpg\" alt=\"Visp- & Blandningsmaskin<br>5-liters visp- och blandningsmaskin med hj\u00e4lpmaskinuttag\"><\/figure><h3>Visp- & Blandningsmaskin<br>5-liters visp- och blandningsmaskin med hj\u00e4lpmaskinuttag<\/h3><\/a><div class=\"product-code\">600193<\/div><div class=\"product-description\">Visp- och blandningsmaskin, 5 l. Med variabel hastighet och hj\u00e4lpmaskinuttag. Levereras med rostfri visp, spade och degkrok. BPA-fritt st\u00e4nkskydd.<\/div><\/div><hr><div class=\"pre-actions\"><div class=\"reviews\"><\/div><\/div><div class=\"action\"><a href=\"https:\/\/www.electroluxprofessional.com\/no\/pd\/beredningsmaskiner\/visp-blandningsmaskiner\/5-liters\/be5-visp-blandningsmaskin-5-l\/visp-blandningsmaskin-5-liters-visp-och-blandningsmaskin-med-hj\u00e4lpmaskinuttag-600193\/\" target=\"_blank\" class=\"btn btn-primary\">More Info<\/a><\/div><\/div>[\/vc_column][vc_column width=&#8221;1\/3&#8243;]<div class=\"product-list-item\"><div class=\"single-product-content\"><a href=\"https:\/\/www.electroluxprofessional.com\/no\/pd\/beredningsmaskiner\/visp-blandningsmaskiner\/10-liters\/xbe10-visp-blandningsmaskin-10-l\/visp-blandningsmaskin-10-l-visp-och-blandningsmaskin-med-hj\u00e4lpmaskinuttag-600199\/\" target=\"_blank\"><figure class=\"wow fadeIn\"><img decoding=\"async\" src=\"https:\/\/tools.electroluxprofessional.com\/Mirror\/Doc\/PH_255x255%2FPH_600199_1_1_600199.jpg\" alt=\"Visp- & Blandningsmaskin<br>10 l visp- och blandningsmaskin med hj\u00e4lpmaskinuttag\"><\/figure><h3>Visp- & Blandningsmaskin<br>10 l visp- och blandningsmaskin med hj\u00e4lpmaskinuttag<\/h3><\/a><div class=\"product-code\">600199<\/div><div class=\"product-description\">Visp- och blandningsmaskin, 10 l. Med variabel hastighet och hj\u00e4lpmaskinuttag. Levereras med visp, spade och degkrok.  BPA-fritt st\u00e4nkskydd.<\/div><\/div><hr><div class=\"pre-actions\"><div class=\"reviews\"><\/div><\/div><div class=\"action\"><a href=\"https:\/\/www.electroluxprofessional.com\/no\/pd\/beredningsmaskiner\/visp-blandningsmaskiner\/10-liters\/xbe10-visp-blandningsmaskin-10-l\/visp-blandningsmaskin-10-l-visp-och-blandningsmaskin-med-hj\u00e4lpmaskinuttag-600199\/\" target=\"_blank\" class=\"btn btn-primary\">More Info<\/a><\/div><\/div>[\/vc_column][vc_column width=&#8221;1\/3&#8243;]<div class=\"product-list-item\"><div class=\"single-product-content\"><a href=\"https:\/\/www.electroluxprofessional.com\/no\/pd\/beredningsmaskiner\/visp-blandningsmaskiner\/30-liters\/xbe30-visp-blandningsmaskin-30-l\/visp-blandningsmaskin-30-l-visp-och-blandningsmaskin-med-hj\u00e4lpmaskinsuttag-600269\/\" target=\"_blank\"><figure class=\"wow fadeIn\"><img decoding=\"async\" src=\"https:\/\/tools.electroluxprofessional.com\/Mirror\/Doc\/PH_255x255%2FPH_600261_1_1_600261.jpg\" alt=\"Visp- & Blandningsmaskin<br>30 l visp- och blandningsmaskin med hj\u00e4lpmaskinsuttag\"><\/figure><h3>Visp- & Blandningsmaskin<br>30 l visp- och blandningsmaskin med hj\u00e4lpmaskinsuttag<\/h3><\/a><div class=\"product-code\">600269<\/div><div class=\"product-description\">Visp- och blandningsmaskin, 30L. Med variabel hastighet och hj\u00e4lpmaskinsuttag. Levereras med visp, spade och degkrok. BPA-fritt st\u00e4nkskydd.<\/div><\/div><hr><div class=\"pre-actions\"><div class=\"reviews\"><\/div><\/div><div class=\"action\"><a href=\"https:\/\/www.electroluxprofessional.com\/no\/pd\/beredningsmaskiner\/visp-blandningsmaskiner\/30-liters\/xbe30-visp-blandningsmaskin-30-l\/visp-blandningsmaskin-30-l-visp-och-blandningsmaskin-med-hj\u00e4lpmaskinsuttag-600269\/\" target=\"_blank\" class=\"btn btn-primary\">More Info<\/a><\/div><\/div>[\/vc_column][\/vc_row][vc_row][vc_column width=&#8221;1\/3&#8243;]<div class=\"product-list-item\"><div class=\"single-product-content\"><a href=\"https:\/\/www.electroluxprofessional.com\/no\/pd\/beredningsmaskiner\/visp-blandningsmaskiner\/40-liters\/mbe40-visp-blandningsmaskin-40-l\/visp-blandningsmaskin-visp-och-blandningsmaskin-f\u00f6r-bageri-utan-hj\u00e4lpmaskinsuttag-40l-600275\/\" target=\"_blank\"><figure class=\"wow fadeIn\"><img decoding=\"async\" src=\"https:\/\/tools.electroluxprofessional.com\/Mirror\/Doc\/PH_255x255%2FPH_600272_1_1_600272.jpg\" alt=\"Visp- & Blandningsmaskin<br>Visp- och blandningsmaskin f\u00f6r bageri, utan hj\u00e4lpmaskinsuttag, 40L\"><\/figure><h3>Visp- & Blandningsmaskin<br>Visp- och blandningsmaskin f\u00f6r bageri, utan hj\u00e4lpmaskinsuttag, 40L<\/h3><\/a><div class=\"product-code\">600275<\/div><div class=\"product-description\">Visp- och blandningsmaskin, 40L f\u00f6r bageri. Med variabel hastighet , 3 fasta hastigheter och utan hj\u00e4lpmaskinsuttag. Levereras med visp, spade och degkrok. BPA-fritt st\u00e4nkskydd.<\/div><\/div><hr><div class=\"pre-actions\"><div class=\"reviews\"><\/div><\/div><div class=\"action\"><a href=\"https:\/\/www.electroluxprofessional.com\/no\/pd\/beredningsmaskiner\/visp-blandningsmaskiner\/40-liters\/mbe40-visp-blandningsmaskin-40-l\/visp-blandningsmaskin-visp-och-blandningsmaskin-f\u00f6r-bageri-utan-hj\u00e4lpmaskinsuttag-40l-600275\/\" target=\"_blank\" class=\"btn btn-primary\">More Info<\/a><\/div><\/div>[\/vc_column][vc_column width=&#8221;1\/3&#8243;]<div class=\"product-list-item\"><div class=\"single-product-content\"><a href=\"https:\/\/www.electroluxprofessional.com\/no\/pd\/beredningsmaskiner\/visp-blandningsmaskiner\/60-liters\/xbe60-visp-blandningsmaskin-60-l\/visp-blandningsmaskin-60-l-visp-och-blandningsmaskin-med-hj\u00e4lpmaskinsuttag-600283\/\" target=\"_blank\"><figure class=\"wow fadeIn\"><img decoding=\"async\" src=\"https:\/\/tools.electroluxprofessional.com\/Mirror\/Doc\/PH_255x255%2FPH_600283_1_1_600283.jpg\" alt=\"Visp- & Blandningsmaskin<br>60 l visp- och blandningsmaskin med hj\u00e4lpmaskinsuttag\"><\/figure><h3>Visp- & Blandningsmaskin<br>60 l visp- och blandningsmaskin med hj\u00e4lpmaskinsuttag<\/h3><\/a><div class=\"product-code\">600283<\/div><div class=\"product-description\">Visp- och blandningsmaskin, 60L f\u00f6r bageri. Med variabel hastighet, motorf\u00f6rsedd h\u00f6j- och s\u00e4nkbar kittel och hj\u00e4lpmaskinsuttag. Levereras med visp, spade och rostfri degkrok. BPA-fritt st\u00e4nkskydd.<\/div><\/div><hr><div class=\"pre-actions\"><div class=\"reviews\"><\/div><\/div><div class=\"action\"><a href=\"https:\/\/www.electroluxprofessional.com\/no\/pd\/beredningsmaskiner\/visp-blandningsmaskiner\/60-liters\/xbe60-visp-blandningsmaskin-60-l\/visp-blandningsmaskin-60-l-visp-och-blandningsmaskin-med-hj\u00e4lpmaskinsuttag-600283\/\" target=\"_blank\" class=\"btn btn-primary\">More Info<\/a><\/div><\/div>[\/vc_column][vc_column width=&#8221;1\/3&#8243;]<div class=\"product-list-item\"><div class=\"single-product-content\"><a href=\"https:\/\/www.electroluxprofessional.com\/no\/pd\/beredningsmaskiner\/visp-blandningsmaskiner\/80-liters\/xbe80-visp-blandningsmaskin-80-l\/visp-blandningsmaskin-80-l-visp-och-blandningsmaskin-med-hj\u00e4lpmaskinsuttag-600290\/\" target=\"_blank\"><figure class=\"wow fadeIn\"><img decoding=\"async\" src=\"https:\/\/tools.electroluxprofessional.com\/Mirror\/Doc\/PH_255x255%2FPH_600289_1_1_600289.jpg\" alt=\"Visp- & Blandningsmaskin<br>80 l visp- och blandningsmaskin med hj\u00e4lpmaskinsuttag\"><\/figure><h3>Visp- & Blandningsmaskin<br>80 l visp- och blandningsmaskin med hj\u00e4lpmaskinsuttag<\/h3><\/a><div class=\"product-code\">600290<\/div><div class=\"product-description\">Visp- och blandningsmaskin, 80L f\u00f6r bageri. Med variabel hastighet, motorf\u00f6rsedd h\u00f6j- och s\u00e4nkbar kittel och hj\u00e4lpmaskinsuttag. Levereras med visp, spade och rostfri degkrok. BPA-fritt st\u00e4nkskydd.<\/div><\/div><hr><div class=\"pre-actions\"><div class=\"reviews\"><\/div><\/div><div class=\"action\"><a href=\"https:\/\/www.electroluxprofessional.com\/no\/pd\/beredningsmaskiner\/visp-blandningsmaskiner\/80-liters\/xbe80-visp-blandningsmaskin-80-l\/visp-blandningsmaskin-80-l-visp-och-blandningsmaskin-med-hj\u00e4lpmaskinsuttag-600290\/\" target=\"_blank\" class=\"btn btn-primary\">More Info<\/a><\/div><\/div>[\/vc_column][\/vc_row]<\/p>\n","protected":false},"excerpt":{"rendered":"<p>[vc_row full_width=&#8221;electroluxpro-full-width-no-padding&#8221;][vc_column][elx_image_block background_image=&#8221;2627&#8243; minimum_height=&#8221;450px&#8221;][\/vc_column][\/vc_row][vc_row][vc_column][vc_empty_space][elx_heading font_container=&#8221;h1&#8243; font_size=&#8221;h2&#8243; text_color=&#8221;inherit&#8221; text_align=&#8221;text-center&#8221;]Electrolux brede utvalg av kj\u00f8kkenmaskiner &#8211; effektivitet og tidsbesparende.[\/elx_heading][vc_empty_space][\/vc_column][\/vc_row][vc_row][vc_column][elx_heading text_color=&#8221;inherit&#8221; text_align=&#8221;text-center&#8221;]Visp- &amp; blandingsmaskiner[\/elx_heading][vc_empty_space][\/vc_column][\/vc_row][vc_row][vc_column width=&#8221;1\/4&#8243;][vc_single_image image=&#8221;2628&#8243; img_size=&#8221;full&#8221;][\/vc_column][vc_column width=&#8221;1\/2&#8243;][vc_column_text]Maksimal ytelse. Kompakt, men kraftfull. Robust, men smakfull. Et bredt utvalg av visp- og blandingsmaskiner: fra 5 til 80 liter. Det er enkelt \u00e5 tilsette ingrediensene under drift. Et &#8220;klippsystem\u201d, uten skruer, [&hellip;]<\/p>\n","protected":false},"author":3,"featured_media":0,"parent":0,"menu_order":0,"comment_status":"closed","ping_status":"closed","template":"","meta":{"footnotes":""},"class_list":["post-2632","page","type-page","status-publish","hentry"],"acf":[],"yoast_head":"<!-- This site is optimized with the Yoast SEO plugin v23.3 - https:\/\/yoast.com\/wordpress\/plugins\/seo\/ -->\n<title>Foodprocessor, Degkn\u00e5dare, visp- &amp; blandningsmaskin - Electrolux Professional<\/title>\n<meta name=\"description\" content=\"Electrolux breda sortiment av beredningsmaskiner - effektivt och tidsbesparande. Degkn\u00e5dare, visp- och blandningsmaskin, kavlingsmaskin eller foodprocessor.\" \/>\n<meta name=\"robots\" content=\"index, follow, max-snippet:-1, max-image-preview:large, max-video-preview:-1\" \/>\n<link rel=\"canonical\" href=\"https:\/\/www.electroluxprofessional.com\/no\/beredningsmaskiner-knada-vispa\/\" \/>\n<meta property=\"og:locale\" content=\"nb_NO\" \/>\n<meta property=\"og:type\" content=\"article\" \/>\n<meta property=\"og:title\" content=\"Foodprocessor, Degkn\u00e5dare, visp- &amp; blandningsmaskin - Electrolux Professional\" \/>\n<meta property=\"og:description\" content=\"Electrolux breda sortiment av beredningsmaskiner - effektivt och tidsbesparande. Degkn\u00e5dare, visp- och blandningsmaskin, kavlingsmaskin eller foodprocessor.\" \/>\n<meta property=\"og:url\" content=\"https:\/\/www.electroluxprofessional.com\/no\/beredningsmaskiner-knada-vispa\/\" \/>\n<meta property=\"og:site_name\" content=\"Electrolux Professional Norge\" \/>\n<meta property=\"article:modified_time\" content=\"2025-11-05T13:45:50+00:00\" \/>\n<meta name=\"twitter:card\" content=\"summary_large_image\" \/>\n<meta name=\"twitter:label1\" content=\"Ansl. lesetid\" \/>\n\t<meta name=\"twitter:data1\" content=\"3 minutter\" \/>\n<script type=\"application\/ld+json\" class=\"yoast-schema-graph\">{\"@context\":\"https:\/\/schema.org\",\"@graph\":[{\"@type\":\"WebPage\",\"@id\":\"https:\/\/www.electroluxprofessional.com\/no\/beredningsmaskiner-knada-vispa\/\",\"url\":\"https:\/\/www.electroluxprofessional.com\/no\/beredningsmaskiner-knada-vispa\/\",\"name\":\"Foodprocessor, Degkn\u00e5dare, visp- & blandningsmaskin - Electrolux Professional\",\"isPartOf\":{\"@id\":\"https:\/\/www.electroluxprofessional.com\/no\/#website\"},\"datePublished\":\"2017-03-27T14:46:26+00:00\",\"dateModified\":\"2025-11-05T13:45:50+00:00\",\"description\":\"Electrolux breda sortiment av beredningsmaskiner - effektivt och tidsbesparande. Degkn\u00e5dare, visp- och blandningsmaskin, kavlingsmaskin eller foodprocessor.\",\"breadcrumb\":{\"@id\":\"https:\/\/www.electroluxprofessional.com\/no\/beredningsmaskiner-knada-vispa\/#breadcrumb\"},\"inLanguage\":\"nb-NO\",\"potentialAction\":[{\"@type\":\"ReadAction\",\"target\":[\"https:\/\/www.electroluxprofessional.com\/no\/beredningsmaskiner-knada-vispa\/\"]}]},{\"@type\":\"BreadcrumbList\",\"@id\":\"https:\/\/www.electroluxprofessional.com\/no\/beredningsmaskiner-knada-vispa\/#breadcrumb\",\"itemListElement\":[{\"@type\":\"ListItem\",\"position\":1,\"name\":\"Home\",\"item\":\"https:\/\/www.electroluxprofessional.com\/no\/\"},{\"@type\":\"ListItem\",\"position\":2,\"name\":\"Sm\u00e5maskiner: kna og visp\"}]},{\"@type\":\"WebSite\",\"@id\":\"https:\/\/www.electroluxprofessional.com\/no\/#website\",\"url\":\"https:\/\/www.electroluxprofessional.com\/no\/\",\"name\":\"Electrolux Professional Norge\",\"description\":\"\",\"potentialAction\":[{\"@type\":\"SearchAction\",\"target\":{\"@type\":\"EntryPoint\",\"urlTemplate\":\"https:\/\/www.electroluxprofessional.com\/no\/?src={search_term_string}\"},\"query-input\":\"required name=search_term_string\"}],\"inLanguage\":\"nb-NO\"}]}<\/script>\n<!-- \/ Yoast SEO plugin. -->","yoast_head_json":{"title":"Foodprocessor, Degkn\u00e5dare, visp- & blandningsmaskin - Electrolux Professional","description":"Electrolux breda sortiment av beredningsmaskiner - effektivt och tidsbesparande. Degkn\u00e5dare, visp- och blandningsmaskin, kavlingsmaskin eller foodprocessor.","robots":{"index":"index","follow":"follow","max-snippet":"max-snippet:-1","max-image-preview":"max-image-preview:large","max-video-preview":"max-video-preview:-1"},"canonical":"https:\/\/www.electroluxprofessional.com\/no\/beredningsmaskiner-knada-vispa\/","og_locale":"nb_NO","og_type":"article","og_title":"Foodprocessor, Degkn\u00e5dare, visp- & blandningsmaskin - Electrolux Professional","og_description":"Electrolux breda sortiment av beredningsmaskiner - effektivt och tidsbesparande. Degkn\u00e5dare, visp- och blandningsmaskin, kavlingsmaskin eller foodprocessor.","og_url":"https:\/\/www.electroluxprofessional.com\/no\/beredningsmaskiner-knada-vispa\/","og_site_name":"Electrolux Professional Norge","article_modified_time":"2025-11-05T13:45:50+00:00","twitter_card":"summary_large_image","twitter_misc":{"Ansl. lesetid":"3 minutter"},"schema":{"@context":"https:\/\/schema.org","@graph":[{"@type":"WebPage","@id":"https:\/\/www.electroluxprofessional.com\/no\/beredningsmaskiner-knada-vispa\/","url":"https:\/\/www.electroluxprofessional.com\/no\/beredningsmaskiner-knada-vispa\/","name":"Foodprocessor, Degkn\u00e5dare, visp- & blandningsmaskin - Electrolux Professional","isPartOf":{"@id":"https:\/\/www.electroluxprofessional.com\/no\/#website"},"datePublished":"2017-03-27T14:46:26+00:00","dateModified":"2025-11-05T13:45:50+00:00","description":"Electrolux breda sortiment av beredningsmaskiner - effektivt och tidsbesparande. Degkn\u00e5dare, visp- och blandningsmaskin, kavlingsmaskin eller foodprocessor.","breadcrumb":{"@id":"https:\/\/www.electroluxprofessional.com\/no\/beredningsmaskiner-knada-vispa\/#breadcrumb"},"inLanguage":"nb-NO","potentialAction":[{"@type":"ReadAction","target":["https:\/\/www.electroluxprofessional.com\/no\/beredningsmaskiner-knada-vispa\/"]}]},{"@type":"BreadcrumbList","@id":"https:\/\/www.electroluxprofessional.com\/no\/beredningsmaskiner-knada-vispa\/#breadcrumb","itemListElement":[{"@type":"ListItem","position":1,"name":"Home","item":"https:\/\/www.electroluxprofessional.com\/no\/"},{"@type":"ListItem","position":2,"name":"Sm\u00e5maskiner: kna og visp"}]},{"@type":"WebSite","@id":"https:\/\/www.electroluxprofessional.com\/no\/#website","url":"https:\/\/www.electroluxprofessional.com\/no\/","name":"Electrolux Professional Norge","description":"","potentialAction":[{"@type":"SearchAction","target":{"@type":"EntryPoint","urlTemplate":"https:\/\/www.electroluxprofessional.com\/no\/?src={search_term_string}"},"query-input":"required name=search_term_string"}],"inLanguage":"nb-NO"}]}},"_links":{"self":[{"href":"https:\/\/www.electroluxprofessional.com\/no\/wp-json\/wp\/v2\/pages\/2632"}],"collection":[{"href":"https:\/\/www.electroluxprofessional.com\/no\/wp-json\/wp\/v2\/pages"}],"about":[{"href":"https:\/\/www.electroluxprofessional.com\/no\/wp-json\/wp\/v2\/types\/page"}],"author":[{"embeddable":true,"href":"https:\/\/www.electroluxprofessional.com\/no\/wp-json\/wp\/v2\/users\/3"}],"replies":[{"embeddable":true,"href":"https:\/\/www.electroluxprofessional.com\/no\/wp-json\/wp\/v2\/comments?post=2632"}],"version-history":[{"count":6,"href":"https:\/\/www.electroluxprofessional.com\/no\/wp-json\/wp\/v2\/pages\/2632\/revisions"}],"predecessor-version":[{"id":15625,"href":"https:\/\/www.electroluxprofessional.com\/no\/wp-json\/wp\/v2\/pages\/2632\/revisions\/15625"}],"wp:attachment":[{"href":"https:\/\/www.electroluxprofessional.com\/no\/wp-json\/wp\/v2\/media?parent=2632"}],"curies":[{"name":"wp","href":"https:\/\/api.w.org\/{rel}","templated":true}]}}