{"id":2626,"date":"2017-03-23T16:17:20","date_gmt":"2017-03-23T16:17:20","guid":{"rendered":"https:\/\/professional.electrolux.se\/?page_id=2418"},"modified":"2025-11-05T13:45:15","modified_gmt":"2025-11-05T13:45:15","slug":"gronnsaksskjarer-kuttere-og-miksere","status":"publish","type":"page","link":"https:\/\/www.electroluxprofessional.com\/no\/gronnsaksskjarer-kuttere-og-miksere\/","title":{"rendered":"Sm\u00e5maskiner: gr\u00f8nnsaksskj\u00e6rer, kuttere og miksere"},"content":{"rendered":"<p>[vc_row full_width=&#8221;electroluxpro-full-width-no-padding&#8221;][vc_column][elx_hero_title label=&#8221;&#8221; background_image=&#8221;2611&#8243;][\/elx_hero_title][\/vc_column][\/vc_row][vc_row][vc_column][vc_empty_space][elx_heading font_container=&#8221;h1&#8243; font_size=&#8221;h2&#8243; text_color=&#8221;inherit&#8221; text_align=&#8221;text-center&#8221;]Skj\u00e6r, miks og hakk med v\u00e5rt store sortiment innen gr\u00f8nnsakskuttere, h\u00e5nd- og stavmiksere, kj\u00f8ttkverner, skj\u00e6remaskiner, huggestabber og andre tilberedningsmaskiner.[\/elx_heading][vc_empty_space][\/vc_column][\/vc_row][vc_row][vc_column][elx_heading font_size=&#8221;h2&#8243; text_color=&#8221;inherit&#8221; text_align=&#8221;text-center&#8221;]<strong>Trinity Pro-serien<\/strong>[\/elx_heading][\/vc_column][\/vc_row][vc_row][vc_column width=&#8221;1\/3&#8243;][elx_heading text_color=&#8221;inherit&#8221;]Kombinert<br \/>\nkutter\/skj\u00e6rer[\/elx_heading][vc_single_image image=&#8221;8761&#8243; img_size=&#8221;medium&#8221;][\/vc_column][vc_column width=&#8221;1\/3&#8243;][elx_heading text_color=&#8221;inherit&#8221;]Food-prosessorer[\/elx_heading][vc_single_image image=&#8221;8758&#8243; img_size=&#8221;medium&#8221;][\/vc_column][vc_column width=&#8221;1\/3&#8243;][elx_heading text_color=&#8221;inherit&#8221;]Gr\u00f8nnsaks-<br \/>\nskj\u00e6rere[\/elx_heading][vc_single_image image=&#8221;8757&#8243; img_size=&#8221;medium&#8221;][\/vc_column][\/vc_row][vc_row][vc_column][vc_empty_space][\/vc_column][\/vc_row][vc_row][vc_column][elx_simple_link_block link=&#8221;url:https%3A%2F%2Fwww.electroluxprofessional.com%2Fno%2Ftrinity-pro-skjare-og-kuttemaskiner%2F|title:Trinity%20Pro%20skj%C3%A6re-%20og%20kuttemaskiner||&#8221; text_align=&#8221;text-left&#8221; text_color=&#8221;inherit&#8221; background_color=&#8221;electrolux-blue&#8221; background_hover_color=&#8221;darker-hover&#8221; extra_class=&#8221;&#8221; reveal_effect=&#8221;&#8221; reveal_duration=&#8221;&#8221; reveal_delay=&#8221;&#8221;][elx_heading text_color=&#8221;white&#8221;]Les mer om v\u00e5r nyhet Trinity Pro! Klikk her..[\/elx_heading][\/elx_simple_link_block][vc_empty_space][elx_download_block text=&#8221;Last ned Trinity Pro brosjyre her..&#8221; document_type=&#8221;brochures&#8221; background_color=&#8221;electrolux-blue&#8221; br_document_number=&#8221;BR-9JE00184&#8243;][vc_empty_space][elx_heading text_color=&#8221;inherit&#8221;]Gr\u00f8nnsakskuttere[\/elx_heading][\/vc_column][\/vc_row][vc_row][vc_column width=&#8221;2\/4&#8243;][vc_empty_space][vc_column_text]<span id=\"result_box\" class=\"\" lang=\"sv\"><span class=\"\">Electrolux Professional gr\u00f8nnsakskuttere best\u00e5r av ulike modeller. Bordmodeller og frittst\u00e5ende, som dekker de fleste behov ved tilberedning av frukt og gr\u00f8nnsaker, samtidig som de gir \u00f8kt kapasitet, gode resultater, h\u00f8y kvalitet med robust konstruksjon<\/span><\/span>.[\/vc_column_text][\/vc_column][vc_column width=&#8221;1\/4&#8243;][vc_empty_space][elx_download_block text=&#8221;Guide kutteskiver&#8221; link_target=&#8221;self&#8221; file_picker=&#8221;6650&#8243; background_color=&#8221;cat-create&#8221; background_image=&#8221;2612&#8243; reveal_effect=&#8221;&#8221; reveal_duration=&#8221;&#8221; reveal_delay=&#8221;&#8221;][\/vc_column][vc_column width=&#8221;1\/4&#8243;][elx_video_block background_image=&#8221;2613&#8243; video_link=&#8221;https:\/\/www.youtube.com\/watch?v=CigYxy34nSc&#8221; minimum_height=&#8221;300px&#8221;][\/vc_column][\/vc_row][vc_row][vc_column][elx_heading font_size=&#8221;h2&#8243; text_color=&#8221;inherit&#8221; text_align=&#8221;text-center&#8221;]<strong>Kombinert gr\u00f8nnsakskutter\/hurtighakke<\/strong>[\/elx_heading][\/vc_column][\/vc_row][vc_row][vc_column width=&#8221;1\/4&#8243;][elx_video_block background_image=&#8221;2614&#8243; video_link=&#8221;https:\/\/www.youtube.com\/watch?v=LEafliuD3cU&#8221; minimum_height=&#8221;288px&#8221;][elx_download_block text=&#8221;Effektive hurtighakkere&#8221; link_target=&#8221;self&#8221; file_picker=&#8221;6652&#8243; background_color=&#8221;cat-create&#8221; background_image=&#8221;2615&#8243; reveal_effect=&#8221;&#8221; reveal_duration=&#8221;&#8221; reveal_delay=&#8221;&#8221;][\/vc_column][vc_column width=&#8221;3\/4&#8243;][vc_empty_space height=&#8221;50px&#8221;][vc_column_text]<span id=\"result_box\" class=\"\" lang=\"sv\"><span class=\"\">Kraftfulle og robuste. Den ideelle maskinen for en profesjonell kokk.<\/span><\/span><\/p>\n<p>3 maskiner i 1! Med TRK\u00a0 f\u00e5r din kulinariske kreativitet f\u00e5r din kulinariske kreativitet ingen begrensning. En allsidig maskin som kan skive, blande og emulgere. Tilbered en hel meny fra forrett til dessert![\/vc_column_text][vc_row_inner][vc_column_inner width=&#8221;1\/4&#8243;][vc_single_image image=&#8221;2618&#8243; img_size=&#8221;medium&#8221; alignment=&#8221;center&#8221;][vc_column_text]<strong>Trygg oppbevaring\u00a0<\/strong>av\u00a0 skivene med veggmontert holder.[\/vc_column_text][\/vc_column_inner][vc_column_inner width=&#8221;1\/4&#8243;][vc_single_image image=&#8221;2619&#8243; img_size=&#8221;medium&#8221; alignment=&#8221;center&#8221;][vc_column_text]<strong>Fuktsikkert\u00a0<\/strong>og <strong><br \/>\nergonomisk<\/strong> kontrollpanel (IP55)[\/vc_column_text][\/vc_column_inner][vc_column_inner width=&#8221;1\/4&#8243;][vc_single_image image=&#8221;2620&#8243; img_size=&#8221;medium&#8221; alignment=&#8221;center&#8221;][vc_column_text]<strong>100% oppvaskmaskinsikre<\/strong>: blad, lokk, skrape og sk\u00e5l i rustfritt st\u00e5l.[\/vc_column_text][\/vc_column_inner][vc_column_inner width=&#8221;1\/4&#8243;][vc_single_image image=&#8221;2621&#8243; img_size=&#8221;medium&#8221; alignment=&#8221;center&#8221;][vc_column_text]<strong>Stilleg\u00e5ende\u00a0<\/strong>og lang levetid for krevende jobber takket v\u00e6re den kraftige, kompakte motoren.[\/vc_column_text][\/vc_column_inner][\/vc_row_inner][\/vc_column][\/vc_row][vc_row][vc_column][elx_heading font_size=&#8221;h2&#8243; text_color=&#8221;inherit&#8221; text_align=&#8221;text-center&#8221;]<strong>Stavmiksere<strong>[\/elx_heading][\/vc_column][\/vc_row][vc_row][vc_column width=&#8221;2\/3&#8243;][elx_heading font_size=&#8221;h4&#8243; text_color=&#8221;inherit&#8221;]Multifunksjonell h\u00e5ndmikser[\/elx_heading][vc_column_text]F\u00e5 ut det meste og beste av ingrediensene.<br \/>\nForbered en variasjon av supper, kremer, sauser, pur\u00e9er, r\u00f8rer og mousser.<\/strong><\/strong><\/p>\n<ul>\n<li>Ergonomisk<\/li>\n<li>Smart hastighetskontroll<\/li>\n<li>Mulighet for rengj\u00f8ring av deler enkeltvis<\/li>\n<\/ul>\n<p>[\/vc_column_text][elx_heading font_size=&#8221;h4&#8243; text_color=&#8221;inherit&#8221;]Stavmiksere<br \/>\n[\/elx_heading][vc_column_text]<span id=\"result_box\" class=\"\" lang=\"sv\">Utviklet for \u00e5 t\u00e5le intensiv bruk til \u00e5 blande, male, dele og emulgere store mengder av f.eks. supper, mos og sauser direkte til tilberedningsbollen\/karet.<\/span>[\/vc_column_text][\/vc_column][vc_column width=&#8221;1\/3&#8243;][vc_empty_space][elx_video_block background_image=&#8221;9420&#8243; is_full_height=&#8221;full-height&#8221; video_link=&#8221;https:\/\/www.youtube.com\/watch?v=vgX5tO7jJb8&#8243;][\/vc_column][\/vc_row][vc_row][vc_column][elx_heading font_size=&#8221;h2&#8243; text_color=&#8221;inherit&#8221; text_align=&#8221;text-center&#8221;]<strong>Kj\u00f8ttkvern<\/strong>[\/elx_heading][\/vc_column][\/vc_row][vc_row][vc_column width=&#8221;1\/3&#8243;][vc_single_image image=&#8221;2622&#8243; img_size=&#8221;full&#8221;][\/vc_column][vc_column width=&#8221;2\/3&#8243;][vc_empty_space][vc_column_text]V\u00e5re\u00a0\u00a0<strong>kj\u00f8ttkverner<\/strong>\u00a0er det optimale supplement til kj\u00f8kken i alle st\u00f8rrelser. Takket v\u00e6re et stort sortiment av tilbeh\u00f8r kan man gj\u00f8re kj\u00f8ttdeig, rive ost, br\u00f8ddeig og male n\u00f8tter raskt og enkelt.<\/p>\n<p>Designet i rustfritt st\u00e5l for styrke og robusthet. Den selvventilerende motoren med dobbelhastighet har 24 volt og er beskyttet mot overbelastning med en frakoblingsenhet.[\/vc_column_text][\/vc_column][\/vc_row][vc_row][vc_column][elx_heading font_size=&#8221;h2&#8243; text_color=&#8221;inherit&#8221; text_align=&#8221;text-center&#8221;]<strong>Skj\u00e6remaskiner<\/strong>[\/elx_heading][\/vc_column][\/vc_row][vc_row][vc_column width=&#8221;3\/4&#8243;][vc_empty_space][vc_column_text]Electrolux Professional har et bredt utvalg av <strong>skj\u00e6<\/strong><strong>remaskiner <\/strong>som er utviklet for pene og elegante skiver, men ogs\u00e5 med tanke p\u00e5 kvalitet og hygiene. V\u00e5re br\u00f8dskj\u00e6remaskiner er designet med en unik sikkerhetsfunksjon som gj\u00f8r at man ikke kommer n\u00e6r bladet. Spesielt viktig ved oppvask.[\/vc_column_text][\/vc_column][vc_column width=&#8221;1\/4&#8243;][vc_single_image image=&#8221;2623&#8243; img_size=&#8221;full&#8221;][\/vc_column][\/vc_row][vc_row][vc_column][elx_heading font_size=&#8221;h2&#8243; text_color=&#8221;inherit&#8221; text_align=&#8221;text-center&#8221;]<strong>Hoggestabber<\/strong>[\/elx_heading][\/vc_column][\/vc_row][vc_row][vc_column width=&#8221;1\/4&#8243;][vc_single_image image=&#8221;2624&#8243; img_size=&#8221;medium&#8221;][\/vc_column][vc_column width=&#8221;3\/4&#8243;][vc_empty_space][vc_column_text]Electrolux Professional hoggestabbe passer utmerket til \u00e5 kutte ulike matvarer. Den er i b\u00f8k og plasert p\u00e5 et stabilt stativ.[\/vc_column_text][\/vc_column][\/vc_row][vc_row][vc_column][vc_empty_space height=&#8221;50px&#8221;][\/vc_column][\/vc_row][vc_row][vc_column width=&#8221;1\/3&#8243;][vc_single_image image=&#8221;2625&#8243; img_size=&#8221;full&#8221; onclick=&#8221;custom_link&#8221; link=&#8221;https:\/\/www.electroluxprofessional.com\/safety\/&#8221;][\/vc_column][vc_column width=&#8221;2\/3&#8243;][vc_empty_space][elx_heading font_container=&#8221;h3&#8243; font_size=&#8221;h4&#8243; text_color=&#8221;inherit&#8221;]Vi bidrar til neste niv\u00e5 av matsikkerhet![\/elx_heading][elx_heading font_size=&#8221;h3&#8243; text_color=&#8221;inherit&#8221;]Matsikkerhet[\/elx_heading][vc_column_text]<span id=\"result_box\" class=\"\" lang=\"sv\">Electrolux Professional har sluttet \u00e5 bruke BPA (bisfenol A) i alle\u00a0<span class=\"\">plastkomponenter<\/span><span class=\"\">, i samsvar med Livsmedelsf\u00f6rordningar.<br \/>\n<\/span><\/span>[\/vc_column_text][\/vc_column][\/vc_row][vc_row][vc_column][vc_empty_space height=&#8221;50px&#8221;][\/vc_column][\/vc_row][vc_row][vc_column][elx_heading text_color=&#8221;inherit&#8221; text_align=&#8221;text-center&#8221;]Vil du vite mer? Kontakt oss gjerne![\/elx_heading][elx_o2000_contact_us r=&#8221;Jeg \u00f8nsker \u00e5 vite mer om kutte- og skj\u00e6remaskiner. Vennligst kontakt meg.&#8221; s=&#8221;\u00d8nsker informasjon og skj\u00e6re- og kuttemaskiner&#8221; country=&#8221;Norway&#8221; b=&#8221;food&#8221; l=&#8221;no&#8221; e=&#8221;anders.norell@electrolux.com&#8221; container=&#8221;elxcontactus1479227516&#8243;][vc_empty_space height=&#8221;50px&#8221;][\/vc_column][\/vc_row][vc_row][vc_column][vc_empty_space][\/vc_column][\/vc_row][vc_row][vc_column][\/vc_column][\/vc_row]<\/p>\n","protected":false},"excerpt":{"rendered":"<p>[vc_row full_width=&#8221;electroluxpro-full-width-no-padding&#8221;][vc_column][elx_hero_title label=&#8221;&#8221; background_image=&#8221;2611&#8243;][\/elx_hero_title][\/vc_column][\/vc_row][vc_row][vc_column][vc_empty_space][elx_heading font_container=&#8221;h1&#8243; font_size=&#8221;h2&#8243; text_color=&#8221;inherit&#8221; text_align=&#8221;text-center&#8221;]Skj\u00e6r, miks og hakk med v\u00e5rt store sortiment innen gr\u00f8nnsakskuttere, h\u00e5nd- og stavmiksere, kj\u00f8ttkverner, skj\u00e6remaskiner, huggestabber og andre tilberedningsmaskiner.[\/elx_heading][vc_empty_space][\/vc_column][\/vc_row][vc_row][vc_column][elx_heading font_size=&#8221;h2&#8243; text_color=&#8221;inherit&#8221; text_align=&#8221;text-center&#8221;]Trinity Pro-serien[\/elx_heading][\/vc_column][\/vc_row][vc_row][vc_column width=&#8221;1\/3&#8243;][elx_heading text_color=&#8221;inherit&#8221;]Kombinert kutter\/skj\u00e6rer[\/elx_heading][vc_single_image image=&#8221;8761&#8243; img_size=&#8221;medium&#8221;][\/vc_column][vc_column width=&#8221;1\/3&#8243;][elx_heading text_color=&#8221;inherit&#8221;]Food-prosessorer[\/elx_heading][vc_single_image image=&#8221;8758&#8243; img_size=&#8221;medium&#8221;][\/vc_column][vc_column width=&#8221;1\/3&#8243;][elx_heading text_color=&#8221;inherit&#8221;]Gr\u00f8nnsaks- skj\u00e6rere[\/elx_heading][vc_single_image image=&#8221;8757&#8243; img_size=&#8221;medium&#8221;][\/vc_column][\/vc_row][vc_row][vc_column][vc_empty_space][\/vc_column][\/vc_row][vc_row][vc_column][elx_simple_link_block link=&#8221;url:https%3A%2F%2Fwww.electroluxprofessional.com%2Fno%2Ftrinity-pro-skjare-og-kuttemaskiner%2F|title:Trinity%20Pro%20skj%C3%A6re-%20og%20kuttemaskiner||&#8221; text_align=&#8221;text-left&#8221; text_color=&#8221;inherit&#8221; background_color=&#8221;electrolux-blue&#8221; background_hover_color=&#8221;darker-hover&#8221; extra_class=&#8221;&#8221; reveal_effect=&#8221;&#8221; reveal_duration=&#8221;&#8221; reveal_delay=&#8221;&#8221;][elx_heading text_color=&#8221;white&#8221;]Les mer [&hellip;]<\/p>\n","protected":false},"author":3,"featured_media":0,"parent":0,"menu_order":0,"comment_status":"closed","ping_status":"closed","template":"","meta":{"footnotes":""},"class_list":["post-2626","page","type-page","status-publish","hentry"],"acf":[],"yoast_head":"<!-- This site is optimized with the Yoast SEO plugin v23.3 - https:\/\/yoast.com\/wordpress\/plugins\/seo\/ -->\n<title>Gr\u00f8nnsaksskj\u00e6rere, kuttere og miksere - Electrolux Professional<\/title>\n<meta name=\"description\" content=\"Skj\u00e6r, miks og hakk med v\u00e5rt brede spekter av ulike gr\u00f8nnsakskuttere, miksere, kj\u00f8ttkverner og andre tilberedningsmaskiner.\" \/>\n<meta name=\"robots\" content=\"index, follow, max-snippet:-1, max-image-preview:large, max-video-preview:-1\" \/>\n<link rel=\"canonical\" href=\"https:\/\/www.electroluxprofessional.com\/no\/gronnsaksskjarer-kuttere-og-miksere\/\" \/>\n<meta property=\"og:locale\" content=\"nb_NO\" \/>\n<meta property=\"og:type\" content=\"article\" \/>\n<meta property=\"og:title\" content=\"Skj\u00e6r, miks og hakk med v\u00e5rt brede sortiment!\" \/>\n<meta property=\"og:description\" content=\"Skj\u00e6r, miks og hakk med v\u00e5rt brede spekter av ulike gr\u00f8nnsakskuttere, miksere, kj\u00f8ttkverner og andre tilberedningsmaskiner.\" \/>\n<meta property=\"og:url\" content=\"https:\/\/www.electroluxprofessional.com\/no\/gronnsaksskjarer-kuttere-og-miksere\/\" \/>\n<meta property=\"og:site_name\" content=\"Electrolux Professional Norge\" \/>\n<meta property=\"article:modified_time\" content=\"2025-11-05T13:45:15+00:00\" \/>\n<meta property=\"og:image\" content=\"https:\/\/www.electroluxprofessional.com\/no\/wp-content\/uploads\/2022\/01\/FB_artikkelbilde_1200x680_trinitypro.jpg\" \/>\n<meta name=\"twitter:card\" content=\"summary_large_image\" \/>\n<meta name=\"twitter:label1\" content=\"Ansl. lesetid\" \/>\n\t<meta name=\"twitter:data1\" content=\"3 minutter\" \/>\n<script type=\"application\/ld+json\" class=\"yoast-schema-graph\">{\"@context\":\"https:\/\/schema.org\",\"@graph\":[{\"@type\":\"WebPage\",\"@id\":\"https:\/\/www.electroluxprofessional.com\/no\/gronnsaksskjarer-kuttere-og-miksere\/\",\"url\":\"https:\/\/www.electroluxprofessional.com\/no\/gronnsaksskjarer-kuttere-og-miksere\/\",\"name\":\"Gr\u00f8nnsaksskj\u00e6rere, kuttere og miksere - Electrolux Professional\",\"isPartOf\":{\"@id\":\"https:\/\/www.electroluxprofessional.com\/no\/#website\"},\"datePublished\":\"2017-03-23T16:17:20+00:00\",\"dateModified\":\"2025-11-05T13:45:15+00:00\",\"description\":\"Skj\u00e6r, miks og hakk med v\u00e5rt brede spekter av ulike gr\u00f8nnsakskuttere, miksere, kj\u00f8ttkverner og andre tilberedningsmaskiner.\",\"breadcrumb\":{\"@id\":\"https:\/\/www.electroluxprofessional.com\/no\/gronnsaksskjarer-kuttere-og-miksere\/#breadcrumb\"},\"inLanguage\":\"nb-NO\",\"potentialAction\":[{\"@type\":\"ReadAction\",\"target\":[\"https:\/\/www.electroluxprofessional.com\/no\/gronnsaksskjarer-kuttere-og-miksere\/\"]}]},{\"@type\":\"BreadcrumbList\",\"@id\":\"https:\/\/www.electroluxprofessional.com\/no\/gronnsaksskjarer-kuttere-og-miksere\/#breadcrumb\",\"itemListElement\":[{\"@type\":\"ListItem\",\"position\":1,\"name\":\"Home\",\"item\":\"https:\/\/www.electroluxprofessional.com\/no\/\"},{\"@type\":\"ListItem\",\"position\":2,\"name\":\"Sm\u00e5maskiner: gr\u00f8nnsaksskj\u00e6rer, kuttere og miksere\"}]},{\"@type\":\"WebSite\",\"@id\":\"https:\/\/www.electroluxprofessional.com\/no\/#website\",\"url\":\"https:\/\/www.electroluxprofessional.com\/no\/\",\"name\":\"Electrolux Professional Norge\",\"description\":\"\",\"potentialAction\":[{\"@type\":\"SearchAction\",\"target\":{\"@type\":\"EntryPoint\",\"urlTemplate\":\"https:\/\/www.electroluxprofessional.com\/no\/?src={search_term_string}\"},\"query-input\":\"required name=search_term_string\"}],\"inLanguage\":\"nb-NO\"}]}<\/script>\n<!-- \/ Yoast SEO plugin. -->","yoast_head_json":{"title":"Gr\u00f8nnsaksskj\u00e6rere, kuttere og miksere - Electrolux Professional","description":"Skj\u00e6r, miks og hakk med v\u00e5rt brede spekter av ulike gr\u00f8nnsakskuttere, miksere, kj\u00f8ttkverner og andre tilberedningsmaskiner.","robots":{"index":"index","follow":"follow","max-snippet":"max-snippet:-1","max-image-preview":"max-image-preview:large","max-video-preview":"max-video-preview:-1"},"canonical":"https:\/\/www.electroluxprofessional.com\/no\/gronnsaksskjarer-kuttere-og-miksere\/","og_locale":"nb_NO","og_type":"article","og_title":"Skj\u00e6r, miks og hakk med v\u00e5rt brede sortiment!","og_description":"Skj\u00e6r, miks og hakk med v\u00e5rt brede spekter av ulike gr\u00f8nnsakskuttere, miksere, kj\u00f8ttkverner og andre tilberedningsmaskiner.","og_url":"https:\/\/www.electroluxprofessional.com\/no\/gronnsaksskjarer-kuttere-og-miksere\/","og_site_name":"Electrolux Professional Norge","article_modified_time":"2025-11-05T13:45:15+00:00","og_image":[{"url":"https:\/\/www.electroluxprofessional.com\/no\/wp-content\/uploads\/2022\/01\/FB_artikkelbilde_1200x680_trinitypro.jpg"}],"twitter_card":"summary_large_image","twitter_misc":{"Ansl. lesetid":"3 minutter"},"schema":{"@context":"https:\/\/schema.org","@graph":[{"@type":"WebPage","@id":"https:\/\/www.electroluxprofessional.com\/no\/gronnsaksskjarer-kuttere-og-miksere\/","url":"https:\/\/www.electroluxprofessional.com\/no\/gronnsaksskjarer-kuttere-og-miksere\/","name":"Gr\u00f8nnsaksskj\u00e6rere, kuttere og miksere - Electrolux Professional","isPartOf":{"@id":"https:\/\/www.electroluxprofessional.com\/no\/#website"},"datePublished":"2017-03-23T16:17:20+00:00","dateModified":"2025-11-05T13:45:15+00:00","description":"Skj\u00e6r, miks og hakk med v\u00e5rt brede spekter av ulike gr\u00f8nnsakskuttere, miksere, kj\u00f8ttkverner og andre tilberedningsmaskiner.","breadcrumb":{"@id":"https:\/\/www.electroluxprofessional.com\/no\/gronnsaksskjarer-kuttere-og-miksere\/#breadcrumb"},"inLanguage":"nb-NO","potentialAction":[{"@type":"ReadAction","target":["https:\/\/www.electroluxprofessional.com\/no\/gronnsaksskjarer-kuttere-og-miksere\/"]}]},{"@type":"BreadcrumbList","@id":"https:\/\/www.electroluxprofessional.com\/no\/gronnsaksskjarer-kuttere-og-miksere\/#breadcrumb","itemListElement":[{"@type":"ListItem","position":1,"name":"Home","item":"https:\/\/www.electroluxprofessional.com\/no\/"},{"@type":"ListItem","position":2,"name":"Sm\u00e5maskiner: gr\u00f8nnsaksskj\u00e6rer, kuttere og miksere"}]},{"@type":"WebSite","@id":"https:\/\/www.electroluxprofessional.com\/no\/#website","url":"https:\/\/www.electroluxprofessional.com\/no\/","name":"Electrolux Professional Norge","description":"","potentialAction":[{"@type":"SearchAction","target":{"@type":"EntryPoint","urlTemplate":"https:\/\/www.electroluxprofessional.com\/no\/?src={search_term_string}"},"query-input":"required name=search_term_string"}],"inLanguage":"nb-NO"}]}},"_links":{"self":[{"href":"https:\/\/www.electroluxprofessional.com\/no\/wp-json\/wp\/v2\/pages\/2626"}],"collection":[{"href":"https:\/\/www.electroluxprofessional.com\/no\/wp-json\/wp\/v2\/pages"}],"about":[{"href":"https:\/\/www.electroluxprofessional.com\/no\/wp-json\/wp\/v2\/types\/page"}],"author":[{"embeddable":true,"href":"https:\/\/www.electroluxprofessional.com\/no\/wp-json\/wp\/v2\/users\/3"}],"replies":[{"embeddable":true,"href":"https:\/\/www.electroluxprofessional.com\/no\/wp-json\/wp\/v2\/comments?post=2626"}],"version-history":[{"count":19,"href":"https:\/\/www.electroluxprofessional.com\/no\/wp-json\/wp\/v2\/pages\/2626\/revisions"}],"predecessor-version":[{"id":14844,"href":"https:\/\/www.electroluxprofessional.com\/no\/wp-json\/wp\/v2\/pages\/2626\/revisions\/14844"}],"wp:attachment":[{"href":"https:\/\/www.electroluxprofessional.com\/no\/wp-json\/wp\/v2\/media?parent=2626"}],"curies":[{"name":"wp","href":"https:\/\/api.w.org\/{rel}","templated":true}]}}