{"id":2610,"date":"2017-03-27T15:07:49","date_gmt":"2017-03-27T15:07:49","guid":{"rendered":"https:\/\/professional.electrolux.se\/?page_id=2427"},"modified":"2025-11-05T13:45:02","modified_gmt":"2025-11-05T13:45:02","slug":"gronsaksskolj-skalningsmaskin-centrifug","status":"publish","type":"page","link":"https:\/\/www.electroluxprofessional.com\/no\/gronsaksskolj-skalningsmaskin-centrifug\/","title":{"rendered":"Sm\u00e5maskiner: gr\u00f8nnsaksskyller, skrellemaskin, sentrifuge"},"content":{"rendered":"<p>[vc_row full_width=&#8221;electroluxpro-full-width-no-padding&#8221;][vc_column][elx_image_block background_image=&#8221;2601&#8243; minimum_height=&#8221;400px&#8221;][\/vc_column][\/vc_row][vc_row][vc_column][vc_empty_space][elx_heading font_container=&#8221;h1&#8243; font_size=&#8221;h2&#8243; text_color=&#8221;inherit&#8221; text_align=&#8221;text-center&#8221;]Skrell, skyll og t\u00f8rk med v\u00e5rt sortiment av skrellemaskiner, gr\u00f8nnsaksskyllere og sentrifuger[\/elx_heading][vc_empty_space][\/vc_column][\/vc_row][vc_row][vc_column][elx_heading text_color=&#8221;inherit&#8221; text_align=&#8221;text-center&#8221;]<strong>Skrellemaskiner med flere funksjoner<\/strong>[\/elx_heading][\/vc_column][\/vc_row][vc_row][vc_column width=&#8221;1\/4&#8243;][elx_video_block background_image=&#8221;2602&#8243; video_link=&#8221;https:\/\/www.youtube.com\/watch?v=od6ljHaJmLA&#8221; minimum_height=&#8221;442px&#8221; extra_class=&#8221;Skalningsmaskin&#8221;][\/vc_column][vc_column width=&#8221;3\/4&#8243;][vc_empty_space][vc_column_text]<strong>Electrolux Professional skrellere<\/strong>\u00a0med flere funksjoner. I tillegg til \u00e5 f\u00e5 bort potetskallet, kan du ogs\u00e5 skrelle b\u00e5de myke og harde gr\u00f8nnsaker, rengj\u00f8re muslingsskall og b\u00f8rste gr\u00f8nnsaker uten \u00e5 skrelle og sentrifugere dem.<br \/>\nFor en enda h\u00f8yere kvalitet leveres slipeplate som standard.<\/p>\n<p>V\u00e5re skrellere har forskjellige kapasiteter for \u00e5 passe inn hos b\u00e5de st\u00f8rre og mindre restauranter og tar fra\u00a0<strong>80 kg\/t til 400 kg<\/strong><strong>\/t<\/strong>\u00a0av skrelte gr\u00f8nnsaker.<\/p>\n<p><strong>Enkel i bruk og\u00a0 fuktsikkert kontrollpanel<\/strong> med resetknapp och programmerbar timer.<\/p>\n<div><\/div>\n<p>[\/vc_column_text][\/vc_column][\/vc_row][vc_row][vc_column][vc_empty_space][elx_heading text_color=&#8221;inherit&#8221; text_align=&#8221;text-center&#8221;]<strong>Gr\u00f8nnsaksskyllere og sentrifuger<\/strong>[\/elx_heading][\/vc_column][\/vc_row][vc_row][vc_column width=&#8221;3\/4&#8243;][vc_empty_space][vc_column_text]Electrolux Professional har et bredt sortiment av <strong>gr\u00f8nnsaksskyllere, sentrifuger og\u00a0<\/strong><strong>\u00a0kombinasjonsmaskiner.<\/strong><\/p>\n<p>Velg det som passer best i ditt kj\u00f8kkenmilj\u00f8. Alle v\u00e5re maskiner er utviklet for effektiv og sikker h\u00e5ndtering av alle typer gr\u00f8nnsaker samtidig som de er brukervennlige og fokus p\u00e5 hygienekrav.[\/vc_column_text][\/vc_column][vc_column width=&#8221;1\/4&#8243;][vc_single_image image=&#8221;13970&#8243; img_size=&#8221;full&#8221;][\/vc_column][\/vc_row][vc_row][vc_column][vc_empty_space][\/vc_column][\/vc_row][vc_row][vc_column][vc_empty_space height=&#8221;50px&#8221;][\/vc_column][\/vc_row][vc_row][vc_column][vc_empty_space height=&#8221;50px&#8221;][elx_heading text_color=&#8221;inherit&#8221; text_align=&#8221;text-center&#8221;]Vil du vite mer? Kontakt oss![\/elx_heading][elx_o2000_contact_us s=&#8221;Informasjon om skrelle- og skyllemaskiner&#8221; country=&#8221;Norway&#8221; b=&#8221;food&#8221; container=&#8221;elxcontactus1480070717&#8243; r=&#8221;Jeg \u00f8nsker \u00e5 vite mer om skrellere og sentrifuger, vennligst ta kontakt med meg.&#8221; e=&#8221;storkjokken@electrolux.no&#8221; l=&#8221;no&#8221;][vc_empty_space height=&#8221;50px&#8221;][elx_heading text_color=&#8221;inherit&#8221; text_align=&#8221;text-left&#8221;]Vi har flere modeller og st\u00f8rrelser. Dette er kun et lite utvalg. Ta gjerne kontakt med oss![\/elx_heading][\/vc_column][\/vc_row]<\/p>\n","protected":false},"excerpt":{"rendered":"<p>[vc_row full_width=&#8221;electroluxpro-full-width-no-padding&#8221;][vc_column][elx_image_block background_image=&#8221;2601&#8243; minimum_height=&#8221;400px&#8221;][\/vc_column][\/vc_row][vc_row][vc_column][vc_empty_space][elx_heading font_container=&#8221;h1&#8243; font_size=&#8221;h2&#8243; text_color=&#8221;inherit&#8221; text_align=&#8221;text-center&#8221;]Skrell, skyll og t\u00f8rk med v\u00e5rt sortiment av skrellemaskiner, gr\u00f8nnsaksskyllere og sentrifuger[\/elx_heading][vc_empty_space][\/vc_column][\/vc_row][vc_row][vc_column][elx_heading text_color=&#8221;inherit&#8221; text_align=&#8221;text-center&#8221;]Skrellemaskiner med flere funksjoner[\/elx_heading][\/vc_column][\/vc_row][vc_row][vc_column width=&#8221;1\/4&#8243;][elx_video_block background_image=&#8221;2602&#8243; video_link=&#8221;https:\/\/www.youtube.com\/watch?v=od6ljHaJmLA&#8221; minimum_height=&#8221;442px&#8221; extra_class=&#8221;Skalningsmaskin&#8221;][\/vc_column][vc_column width=&#8221;3\/4&#8243;][vc_empty_space][vc_column_text]Electrolux Professional skrellere\u00a0med flere funksjoner. I tillegg til \u00e5 f\u00e5 bort potetskallet, kan du ogs\u00e5 skrelle b\u00e5de myke og harde gr\u00f8nnsaker, rengj\u00f8re muslingsskall og b\u00f8rste gr\u00f8nnsaker [&hellip;]<\/p>\n","protected":false},"author":3,"featured_media":0,"parent":0,"menu_order":0,"comment_status":"closed","ping_status":"closed","template":"","meta":{"footnotes":""},"class_list":["post-2610","page","type-page","status-publish","hentry"],"acf":[],"yoast_head":"<!-- This site is optimized with the Yoast SEO plugin v23.3 - https:\/\/yoast.com\/wordpress\/plugins\/seo\/ -->\n<title>Sm\u00e5maskiner: gr\u00f8nnsaksskyller, skrellemaskin, sentrifuge - Electrolux Professional Norge<\/title>\n<meta name=\"description\" content=\"Skrell, skyll og t\u00f8rk med Electrolux Professional sitt sortiment innen profesjonelle skrelle- og skyllemaskiner. Flere st\u00f8rrelser og modeller som passer ulike behov p\u00e5 et stor- eller industrikj\u00f8kken\" \/>\n<meta name=\"robots\" content=\"index, follow, max-snippet:-1, max-image-preview:large, max-video-preview:-1\" \/>\n<link rel=\"canonical\" href=\"https:\/\/www.electroluxprofessional.com\/no\/gronsaksskolj-skalningsmaskin-centrifug\/\" \/>\n<meta property=\"og:locale\" content=\"nb_NO\" \/>\n<meta property=\"og:type\" content=\"article\" \/>\n<meta property=\"og:title\" content=\"Sm\u00e5maskiner: gr\u00f8nnsaksskyller, skrellemaskin, sentrifuge - Electrolux Professional Norge\" \/>\n<meta property=\"og:description\" content=\"Skrell, skyll og t\u00f8rk med Electrolux Professional sitt sortiment innen profesjonelle skrelle- og skyllemaskiner. Flere st\u00f8rrelser og modeller som passer ulike behov p\u00e5 et stor- eller industrikj\u00f8kken\" \/>\n<meta property=\"og:url\" content=\"https:\/\/www.electroluxprofessional.com\/no\/gronsaksskolj-skalningsmaskin-centrifug\/\" \/>\n<meta property=\"og:site_name\" content=\"Electrolux Professional Norge\" \/>\n<meta property=\"article:modified_time\" content=\"2025-11-05T13:45:02+00:00\" \/>\n<meta name=\"twitter:card\" content=\"summary_large_image\" \/>\n<meta name=\"twitter:label1\" content=\"Ansl. lesetid\" \/>\n\t<meta name=\"twitter:data1\" content=\"2 minutter\" \/>\n<script type=\"application\/ld+json\" class=\"yoast-schema-graph\">{\"@context\":\"https:\/\/schema.org\",\"@graph\":[{\"@type\":\"WebPage\",\"@id\":\"https:\/\/www.electroluxprofessional.com\/no\/gronsaksskolj-skalningsmaskin-centrifug\/\",\"url\":\"https:\/\/www.electroluxprofessional.com\/no\/gronsaksskolj-skalningsmaskin-centrifug\/\",\"name\":\"Sm\u00e5maskiner: gr\u00f8nnsaksskyller, skrellemaskin, sentrifuge - Electrolux Professional Norge\",\"isPartOf\":{\"@id\":\"https:\/\/www.electroluxprofessional.com\/no\/#website\"},\"datePublished\":\"2017-03-27T15:07:49+00:00\",\"dateModified\":\"2025-11-05T13:45:02+00:00\",\"description\":\"Skrell, skyll og t\u00f8rk med Electrolux Professional sitt sortiment innen profesjonelle skrelle- og skyllemaskiner. Flere st\u00f8rrelser og modeller som passer ulike behov p\u00e5 et stor- eller industrikj\u00f8kken\",\"breadcrumb\":{\"@id\":\"https:\/\/www.electroluxprofessional.com\/no\/gronsaksskolj-skalningsmaskin-centrifug\/#breadcrumb\"},\"inLanguage\":\"nb-NO\",\"potentialAction\":[{\"@type\":\"ReadAction\",\"target\":[\"https:\/\/www.electroluxprofessional.com\/no\/gronsaksskolj-skalningsmaskin-centrifug\/\"]}]},{\"@type\":\"BreadcrumbList\",\"@id\":\"https:\/\/www.electroluxprofessional.com\/no\/gronsaksskolj-skalningsmaskin-centrifug\/#breadcrumb\",\"itemListElement\":[{\"@type\":\"ListItem\",\"position\":1,\"name\":\"Home\",\"item\":\"https:\/\/www.electroluxprofessional.com\/no\/\"},{\"@type\":\"ListItem\",\"position\":2,\"name\":\"Sm\u00e5maskiner: gr\u00f8nnsaksskyller, skrellemaskin, sentrifuge\"}]},{\"@type\":\"WebSite\",\"@id\":\"https:\/\/www.electroluxprofessional.com\/no\/#website\",\"url\":\"https:\/\/www.electroluxprofessional.com\/no\/\",\"name\":\"Electrolux Professional Norge\",\"description\":\"\",\"potentialAction\":[{\"@type\":\"SearchAction\",\"target\":{\"@type\":\"EntryPoint\",\"urlTemplate\":\"https:\/\/www.electroluxprofessional.com\/no\/?src={search_term_string}\"},\"query-input\":\"required name=search_term_string\"}],\"inLanguage\":\"nb-NO\"}]}<\/script>\n<!-- \/ Yoast SEO plugin. -->","yoast_head_json":{"title":"Sm\u00e5maskiner: gr\u00f8nnsaksskyller, skrellemaskin, sentrifuge - Electrolux Professional Norge","description":"Skrell, skyll og t\u00f8rk med Electrolux Professional sitt sortiment innen profesjonelle skrelle- og skyllemaskiner. Flere st\u00f8rrelser og modeller som passer ulike behov p\u00e5 et stor- eller industrikj\u00f8kken","robots":{"index":"index","follow":"follow","max-snippet":"max-snippet:-1","max-image-preview":"max-image-preview:large","max-video-preview":"max-video-preview:-1"},"canonical":"https:\/\/www.electroluxprofessional.com\/no\/gronsaksskolj-skalningsmaskin-centrifug\/","og_locale":"nb_NO","og_type":"article","og_title":"Sm\u00e5maskiner: gr\u00f8nnsaksskyller, skrellemaskin, sentrifuge - Electrolux Professional Norge","og_description":"Skrell, skyll og t\u00f8rk med Electrolux Professional sitt sortiment innen profesjonelle skrelle- og skyllemaskiner. Flere st\u00f8rrelser og modeller som passer ulike behov p\u00e5 et stor- eller industrikj\u00f8kken","og_url":"https:\/\/www.electroluxprofessional.com\/no\/gronsaksskolj-skalningsmaskin-centrifug\/","og_site_name":"Electrolux Professional Norge","article_modified_time":"2025-11-05T13:45:02+00:00","twitter_card":"summary_large_image","twitter_misc":{"Ansl. lesetid":"2 minutter"},"schema":{"@context":"https:\/\/schema.org","@graph":[{"@type":"WebPage","@id":"https:\/\/www.electroluxprofessional.com\/no\/gronsaksskolj-skalningsmaskin-centrifug\/","url":"https:\/\/www.electroluxprofessional.com\/no\/gronsaksskolj-skalningsmaskin-centrifug\/","name":"Sm\u00e5maskiner: gr\u00f8nnsaksskyller, skrellemaskin, sentrifuge - Electrolux Professional Norge","isPartOf":{"@id":"https:\/\/www.electroluxprofessional.com\/no\/#website"},"datePublished":"2017-03-27T15:07:49+00:00","dateModified":"2025-11-05T13:45:02+00:00","description":"Skrell, skyll og t\u00f8rk med Electrolux Professional sitt sortiment innen profesjonelle skrelle- og skyllemaskiner. Flere st\u00f8rrelser og modeller som passer ulike behov p\u00e5 et stor- eller industrikj\u00f8kken","breadcrumb":{"@id":"https:\/\/www.electroluxprofessional.com\/no\/gronsaksskolj-skalningsmaskin-centrifug\/#breadcrumb"},"inLanguage":"nb-NO","potentialAction":[{"@type":"ReadAction","target":["https:\/\/www.electroluxprofessional.com\/no\/gronsaksskolj-skalningsmaskin-centrifug\/"]}]},{"@type":"BreadcrumbList","@id":"https:\/\/www.electroluxprofessional.com\/no\/gronsaksskolj-skalningsmaskin-centrifug\/#breadcrumb","itemListElement":[{"@type":"ListItem","position":1,"name":"Home","item":"https:\/\/www.electroluxprofessional.com\/no\/"},{"@type":"ListItem","position":2,"name":"Sm\u00e5maskiner: gr\u00f8nnsaksskyller, skrellemaskin, sentrifuge"}]},{"@type":"WebSite","@id":"https:\/\/www.electroluxprofessional.com\/no\/#website","url":"https:\/\/www.electroluxprofessional.com\/no\/","name":"Electrolux Professional Norge","description":"","potentialAction":[{"@type":"SearchAction","target":{"@type":"EntryPoint","urlTemplate":"https:\/\/www.electroluxprofessional.com\/no\/?src={search_term_string}"},"query-input":"required name=search_term_string"}],"inLanguage":"nb-NO"}]}},"_links":{"self":[{"href":"https:\/\/www.electroluxprofessional.com\/no\/wp-json\/wp\/v2\/pages\/2610"}],"collection":[{"href":"https:\/\/www.electroluxprofessional.com\/no\/wp-json\/wp\/v2\/pages"}],"about":[{"href":"https:\/\/www.electroluxprofessional.com\/no\/wp-json\/wp\/v2\/types\/page"}],"author":[{"embeddable":true,"href":"https:\/\/www.electroluxprofessional.com\/no\/wp-json\/wp\/v2\/users\/3"}],"replies":[{"embeddable":true,"href":"https:\/\/www.electroluxprofessional.com\/no\/wp-json\/wp\/v2\/comments?post=2610"}],"version-history":[{"count":7,"href":"https:\/\/www.electroluxprofessional.com\/no\/wp-json\/wp\/v2\/pages\/2610\/revisions"}],"predecessor-version":[{"id":14843,"href":"https:\/\/www.electroluxprofessional.com\/no\/wp-json\/wp\/v2\/pages\/2610\/revisions\/14843"}],"wp:attachment":[{"href":"https:\/\/www.electroluxprofessional.com\/no\/wp-json\/wp\/v2\/media?parent=2610"}],"curies":[{"name":"wp","href":"https:\/\/api.w.org\/{rel}","templated":true}]}}