{"id":1591,"date":"2017-01-26T12:17:12","date_gmt":"2017-01-26T12:17:12","guid":{"rendered":"https:\/\/www.electroluxprofessional.com\/no\/?page_id=1591"},"modified":"2025-11-05T13:53:37","modified_gmt":"2025-11-05T13:53:37","slug":"hotell","status":"publish","type":"page","link":"https:\/\/www.electroluxprofessional.com\/no\/hotell\/","title":{"rendered":"Hotell"},"content":{"rendered":"<p>[vc_row][vc_column width=&#8221;1\/4&#8243;][vc_single_image image=&#8221;10812&#8243;][vc_empty_space][\/vc_column][vc_column width=&#8221;3\/4&#8243;][elx_heading text_color=&#8221;inherit&#8221; text_align=&#8221;text-center&#8221;]<\/p>\n<p style=\"text-align: center;\"><span style=\"color: #bed143;\">Hotell<\/span><\/p>\n<p>[\/elx_heading][\/vc_column][\/vc_row][vc_row full_width=&#8221;electroluxpro-full-width-no-padding&#8221; equal_height=&#8221;yes&#8221;][vc_column reveal_effect=&#8221;&#8221; width=&#8221;1\/2&#8243;][elx_citation name=&#8221;Davinder Kumar, Vice President F&amp;B Production &amp; Executive Chef Le M\u00e9ridien&#8221; company=&#8221;New Delhi, India&#8221;][elx_heading font_container=&#8221;h1&#8243; font_size=&#8221;h2&#8243; text_color=&#8221;inherit&#8221;]&#8221;Electrolux Professional tilbyr komplette l\u00f8sninger. Dette kommer oss kj\u00f8kkensjefer til gode da de kan v\u00e5r bransje og tilbyr oss det vi har bruk for innen v\u00e5rt fag&#8221;.[\/elx_heading][\/elx_citation][\/vc_column][vc_column reveal_effect=&#8221;&#8221; width=&#8221;1\/2&#8243;][elx_image_block background_image=&#8221;452&#8243; minimum_height=&#8221;700px&#8221;][\/vc_column][\/vc_row][vc_row][vc_column][vc_empty_space height=&#8221;50px&#8221;][\/vc_column][\/vc_row][vc_row full_width=&#8221;electroluxpro-full-width-no-padding&#8221; equal_height=&#8221;yes&#8221; css=&#8221;.vc_custom_1465551113072{background-color: #edeff2 !important;}&#8221;][vc_column width=&#8221;1\/2&#8243;][elx_simple_block background_color=&#8221;inherit&#8221;][vc_column_text]<\/p>\n<h3 style=\"text-align: left;\">Visste du at det er mulig \u00e5 tilby fem stjerners service og fortsatt redusere\u00a0restavfallet?<\/h3>\n<p>[\/vc_column_text][vc_column_text]Uansett hva slags kj\u00f8kken du jobber i har \u00a0Electrolux Professional en all-round l\u00f8sning som kan \u00f8ke produktivitet og b\u00e6rekraften.<\/p>\n<p><strong>Vi tenker p\u00e5 b\u00e5de hotellkjeder og uavhengige hotell<\/strong>.[\/vc_column_text][\/elx_simple_block][\/vc_column][vc_column width=&#8221;1\/2&#8243;][elx_image_block background_image=&#8221;746&#8243; minimum_height=&#8221;600px&#8221;][\/vc_column][\/vc_row][vc_row][vc_column][vc_empty_space height=&#8221;50px&#8221;][\/vc_column][\/vc_row][vc_row full_width=&#8221;electroluxpro-full-width-no-padding&#8221; equal_height=&#8221;yes&#8221; css=&#8221;.vc_custom_1465563192639{background-color: #edeff2 !important;}&#8221;][vc_column width=&#8221;1\/2&#8243;][elx_image_block background_image=&#8221;747&#8243; minimum_height=&#8221;600px&#8221;][\/vc_column][vc_column width=&#8221;1\/2&#8243;][elx_simple_block background_color=&#8221;inherit&#8221;][vc_column_text]<\/p>\n<h3 style=\"text-align: left;\">Vet du hva som betyr mest for dine gjester?<\/h3>\n<p>[\/vc_column_text][vc_column_text]De siste unders\u00f8kelser viser at:<\/p>\n<ul>\n<li>99% av gjestene som er spurt synes at god kvalitet p\u00e5 h\u00e5ndkl\u00e6r og senget\u00f8y er veldig viktig<\/li>\n<li>96% sier at de ikke kunne tenke seg \u00e5 returnere til et hotell der h\u00e5ndkl\u00e6rne eller senget\u00f8yet var av d\u00e5rlig kvalitet eller flekkete.<\/li>\n<\/ul>\n<p>Unng\u00e5 dette p\u00e5 ditt hotell, ta kontroll og sikre den perfekte hygiene og renhet med et eget vaskeri og l\u00f8sning fra Electrolux Professional.[\/vc_column_text][\/elx_simple_block][\/vc_column][\/vc_row][vc_row][vc_column][vc_empty_space height=&#8221;50px&#8221;][\/vc_column][\/vc_row][vc_row][vc_column][elx_heading font_size=&#8221;h3&#8243; text_color=&#8221;inherit&#8221;]<\/p>\n<p style=\"text-align: center;\">V\u00e5re l\u00f8sninger for ditt hotellkj\u00f8kken<\/p>\n<p>[\/elx_heading][\/vc_column][\/vc_row][vc_row css=&#8221;.vc_custom_1465550821993{padding-top: 20px !important;padding-bottom: 20px !important;background-color: #f7f6f6 !important;}&#8221;][vc_column width=&#8221;1\/3&#8243;][vc_single_image image=&#8221;748&#8243; img_size=&#8221;full&#8221; alignment=&#8221;center&#8221;][elx_heading font_container=&#8221;h3&#8243; text_color=&#8221;inherit&#8221; text_align=&#8221;text-left&#8221;]therma<em>line<\/em><br \/>\n[\/elx_heading][vc_column_text]<\/p>\n<ul>\n<li>Spar opptil 60% p\u00e5 energikostnader samtidig som du \u00f8ker ytelsen med therma<em>line<\/em> premium koke- og stekelinje<\/li>\n<li>Ekstra stor induksjonstopp gj\u00f8r at man har plass til \u00e5 lage flere ting p\u00e5 samme tid &#8211; enklere enn noen gang f\u00f8r.<\/li>\n<\/ul>\n<p>[\/vc_column_text][elx_button button_text=&#8221;Thermaline&#8221; button_style=&#8221;icon&#8221; button_link=&#8221;url:https%3A%2F%2Fprofessional.electrolux.no%2Fkoke-og-stekelinjer%2Fthermaline-modulserie%2F|title:thermaline||&#8221;][\/vc_column][vc_column width=&#8221;1\/3&#8243;][vc_single_image image=&#8221;10810&#8243; img_size=&#8221;large&#8221; alignment=&#8221;center&#8221;][elx_heading font_container=&#8221;h3&#8243; text_color=&#8221;inherit&#8221; text_align=&#8221;text-center&#8221;]Skyline Cook&amp;Chill<br \/>\n[\/elx_heading][vc_column_text]Vi introduserer en banebrytende <strong>Cook and Chill<\/strong>-l\u00f8sning som forutser dine behov med <strong>SkyDuo<\/strong>, den s\u00f8ml\u00f8se, intuitive forbindelsen mellom <strong>SkyLine<\/strong>&#8211;<a href=\"https:\/\/www.electroluxprofessional.com\/no\/storkjokken\/kombidamper\/\">kombiovn<\/a> og <a href=\"https:\/\/www.electroluxprofessional.com\/no\/storkjokken\/blasekjoler-og-frysere\/\">bl\u00e5sekj\u00f8ler<\/a>.<\/p>\n<p>&nbsp;<\/p>\n<p>&nbsp;<\/p>\n<p>[\/vc_column_text][elx_button button_text=&#8221;Skyline Cook&amp;Chill&#8221; button_style=&#8221;icon&#8221; button_link=&#8221;url:https%3A%2F%2Fwww.electroluxprofessional.com%2Fno%2Fstorkjokken%2Fcook-and-chill-2%2F|title:Cook%20and%20Chill&#8221;][\/vc_column][vc_column width=&#8221;1\/3&#8243;][vc_single_image image=&#8221;10811&#8243; img_size=&#8221;large&#8221;][elx_heading font_container=&#8221;h3&#8243; text_color=&#8221;inherit&#8221; text_align=&#8221;text-center&#8221;]Kj\u00f8l<br \/>\n[\/elx_heading][vc_column_text]<\/p>\n<ul>\n<li>Hold maten kj\u00f8lig med f\u00f8rsteklasses energieffektivitet i et ecostore kj\u00f8leskap<\/li>\n<li>Bidra til \u00e5 gj\u00f8re kj\u00f8kkenet med b\u00e6rekraftig og produktivt.<\/li>\n<\/ul>\n<p>&nbsp;<\/p>\n<p>[\/vc_column_text][elx_button button_text=&#8221;Kj\u00f8l- og frys utstyr&#8221; button_style=&#8221;icon&#8221; button_link=&#8221;url:https%3A%2F%2Fprofessional.electrolux.no%2Fkjol-og-frys%2F|title:Refrigeration%20equipment||&#8221;][\/vc_column][\/vc_row][vc_row][vc_column][elx_heading font_size=&#8221;h3&#8243; text_color=&#8221;inherit&#8221;]<\/p>\n<p style=\"text-align: center;\">Hvorfor trenger et hotell et eget vaskeri?<\/p>\n<p>[\/elx_heading][\/vc_column][\/vc_row][vc_row][vc_column][vc_empty_space height=&#8221;50px&#8221;][\/vc_column][\/vc_row][vc_row][vc_column width=&#8221;1\/3&#8243;][vc_single_image image=&#8221;751&#8243; img_size=&#8221;full&#8221; css=&#8221;.vc_custom_1465554828866{border-radius: 35px !important;}&#8221;][elx_heading font_container=&#8221;h3&#8243; text_color=&#8221;inherit&#8221;]<\/p>\n<p style=\"text-align: center;\">Suveren renhet<\/p>\n<p>[\/elx_heading][vc_column_text]<\/p>\n<ul>\n<li>Suveren renhet og hygiene takket v\u00e6re spesialprogram og vaskeprosesser<\/li>\n<li>Gir full kontroll p\u00e5 prosessen og kostnader.<\/li>\n<\/ul>\n<p>[\/vc_column_text][\/vc_column][vc_column width=&#8221;1\/3&#8243;][vc_single_image image=&#8221;752&#8243; img_size=&#8221;full&#8221;][elx_heading font_container=&#8221;h3&#8243; text_color=&#8221;inherit&#8221;]<\/p>\n<p style=\"text-align: center;\">Full kontroll<\/p>\n<p>[\/elx_heading][vc_column_text]<\/p>\n<ul>\n<li>Full kontroll p\u00e5 hygieneprosess og kostnader med \u00a0Certus Management Information System<\/li>\n<li>Opptil 50% lavere driftskostnader med Automatic Saving System og varmepumpeteknologi.<\/li>\n<\/ul>\n<p>[\/vc_column_text][\/vc_column][vc_column width=&#8221;1\/3&#8243;][vc_single_image image=&#8221;753&#8243; img_size=&#8221;full&#8221;][elx_heading font_container=&#8221;h3&#8243; text_color=&#8221;inherit&#8221;]<\/p>\n<p style=\"text-align: center;\">Bedre tilgjengelighet<\/p>\n<p>[\/elx_heading][vc_column_text]<\/p>\n<ul>\n<li>St\u00f8rre fleksibilitet og lavere kostnader p\u00e5 arbeidst\u00f8y takket v\u00e6re raskere vask av t\u00f8yet.<\/li>\n<li>Lavere vann- og energiforbruk.<\/li>\n<\/ul>\n<p>[\/vc_column_text][\/vc_column][\/vc_row][vc_row][vc_column][vc_empty_space height=&#8221;50px&#8221;][\/vc_column][\/vc_row][vc_row][vc_column][elx_heading text_color=&#8221;inherit&#8221;]<\/p>\n<p style=\"text-align: center;\"><span style=\"color: #bed143;\">Den gr\u00f8nne gjestfriheten<\/span><\/p>\n<p>[\/elx_heading][\/vc_column][\/vc_row][vc_row full_width=&#8221;electroluxpro-full-width-no-padding&#8221; equal_height=&#8221;yes&#8221; css=&#8221;.vc_custom_1465563255634{background-color: #edeff2 !important;}&#8221;][vc_column width=&#8221;1\/2&#8243;][elx_image_block background_image=&#8221;629&#8243; minimum_height=&#8221;700px&#8221;][\/vc_column][vc_column width=&#8221;1\/2&#8243;][elx_simple_block background_color=&#8221;inherit&#8221;][elx_heading text_color=&#8221;inherit&#8221;]lagoon\u00ae Advanced Care: ekte vannkraft[\/elx_heading][vc_column_text]<\/p>\n<h4>B\u00e6rekraft<\/h4>\n<p>Milj\u00f8vennlig uten bruk av skadelige kjemikalier, da vann er l\u00f8semiddelet.<\/p>\n<h4>Sk\u00e5nsom mot det delikate<\/h4>\n<p>Enest\u00e5ende resultater p\u00e5 de mest sk\u00e5nsomme og \u00f8mfintlige plagg som er merket &#8220;dry-clean only&#8221;.<\/p>\n<h4>Fra innlevering til klar for utlevering p\u00e5 55 minutter<\/h4>\n<p>Fordelen med v\u00e5trens: alle fordelene med vann og med hastigheten til tradisjonell rens med l\u00f8semidler.[\/vc_column_text][elx_button button_text=&#8221;lagoon\u00ae Advanced Care&#8221; button_style=&#8221;icon&#8221; button_link=&#8221;url:https%3A%2F%2Fprofessional.electrolux.no%2Flagoon-advanced-care%2F|title:Laundry%20Shops%20||&#8221;][\/elx_simple_block][\/vc_column][\/vc_row][vc_row][vc_column][vc_empty_space height=&#8221;50px&#8221;][\/vc_column][\/vc_row][vc_row][vc_column][elx_heading text_color=&#8221;inherit&#8221;]Oppdag hva Electrolux kan gj\u00f8re for din business.[\/elx_heading][elx_o2000_contact_us s=&#8221;\u00d8nsker info om l\u00f8sninger til hotell&#8221; country=&#8221;Norway&#8221; b=&#8221;food&#8221; container=&#8221;elxcontactus1466430938&#8243; r=&#8221;Jeg \u00f8nsker \u00e5 vite mer om l\u00f8sninger til hotell fra Electrolux Professional&#8221; e=&#8221;els.info@electrolux.no&#8221; l=&#8221;no&#8221;][\/vc_column][\/vc_row][vc_row][vc_column][elx_heading text_color=&#8221;inherit&#8221;]<\/p>\n<p style=\"text-align: center;\">V\u00e5re kunder forteller<\/p>\n<p>[\/elx_heading][\/vc_column][\/vc_row][vc_row][vc_column][vc_empty_space height=&#8221;50px&#8221;][\/vc_column][\/vc_row][vc_row][vc_column width=&#8221;1\/2&#8243;][vc_single_image image=&#8221;754&#8243; img_size=&#8221;full&#8221; alignment=&#8221;center&#8221;][\/vc_column][vc_column width=&#8221;1\/2&#8243;][elx_heading font_container=&#8221;h3&#8243; text_color=&#8221;inherit&#8221;]When it comes to cleanliness it&#8217;s best to keep thing in-house[\/elx_heading][vc_column_text]&#8221;<em>\u00a0Vaskeriet er en prioritet for oss. Det \u00e5 ha et vaskeri p\u00e5 huset gir oss full kontroll p\u00e5 vasken og kvaliteten. Duften og renhetsf\u00f8lelsen er viktige detaljer som bidrar til \u00e5 opprettholde de kvalitetskravene vi setter. Maskinene er enkle \u00a0\u00e5 bruke for hele staben og det leverer til enhver tid<\/em>&#8220;.<\/p>\n<p><strong>Lionel Chatard, Director &amp; General Manager of Middlethorpe Hall Hotel &#8211; York, UK<\/strong>[\/vc_column_text][\/vc_column][\/vc_row][vc_row css=&#8221;.vc_custom_1465562028814{padding-bottom: 30px !important;}&#8221;][vc_column width=&#8221;1\/2&#8243;][vc_single_image image=&#8221;755&#8243; img_size=&#8221;full&#8221; alignment=&#8221;center&#8221;][\/vc_column][vc_column width=&#8221;1\/2&#8243;][elx_heading font_container=&#8221;h3&#8243; text_color=&#8221;inherit&#8221;]En partner til \u00e5 stole p\u00e5[\/elx_heading][vc_column_text]&#8221;<em>Jeg setter pris p\u00e5 brukervennligheten som utstyret til Electrolux har. Electrolux Professional har lang erfaring og enorm internasjonal ekspertise<\/em>&#8220;.<\/p>\n<p><strong>Mansour Memarian, Executive Chef at The Chedi Andermatt<\/strong><\/p>\n<p><strong>Andermatt, Switzerland<\/strong>[\/vc_column_text][\/vc_column][\/vc_row]<\/p>\n","protected":false},"excerpt":{"rendered":"<p>[vc_row][vc_column width=&#8221;1\/4&#8243;][vc_single_image image=&#8221;10812&#8243;][vc_empty_space][\/vc_column][vc_column width=&#8221;3\/4&#8243;][elx_heading text_color=&#8221;inherit&#8221; text_align=&#8221;text-center&#8221;] Hotell [\/elx_heading][\/vc_column][\/vc_row][vc_row full_width=&#8221;electroluxpro-full-width-no-padding&#8221; equal_height=&#8221;yes&#8221;][vc_column reveal_effect=&#8221;&#8221; width=&#8221;1\/2&#8243;][elx_citation name=&#8221;Davinder Kumar, Vice President F&amp;B Production &amp; Executive Chef Le M\u00e9ridien&#8221; company=&#8221;New Delhi, India&#8221;][elx_heading font_container=&#8221;h1&#8243; font_size=&#8221;h2&#8243; text_color=&#8221;inherit&#8221;]&#8221;Electrolux Professional tilbyr komplette l\u00f8sninger. Dette kommer oss kj\u00f8kkensjefer til gode da de kan v\u00e5r bransje og tilbyr oss det vi har bruk for innen v\u00e5rt fag&#8221;.[\/elx_heading][\/elx_citation][\/vc_column][vc_column [&hellip;]<\/p>\n","protected":false},"author":3,"featured_media":0,"parent":0,"menu_order":0,"comment_status":"closed","ping_status":"closed","template":"","meta":{"footnotes":""},"class_list":["post-1591","page","type-page","status-publish","hentry"],"acf":[],"yoast_head":"<!-- This site is optimized with the Yoast SEO plugin v23.3 - https:\/\/yoast.com\/wordpress\/plugins\/seo\/ -->\n<title>Hotell - Electrolux Professional Norge<\/title>\n<meta name=\"description\" content=\"L\u00f8sninger innen hotellbransjen som dekker hotellkj\u00f8kkenet og vaskeriet for en komplett leveranse av en og samme leverand\u00f8r.\" \/>\n<meta name=\"robots\" content=\"index, follow, max-snippet:-1, max-image-preview:large, max-video-preview:-1\" \/>\n<link rel=\"canonical\" href=\"https:\/\/www.electroluxprofessional.com\/no\/hotell\/\" \/>\n<meta property=\"og:locale\" content=\"nb_NO\" \/>\n<meta property=\"og:type\" content=\"article\" \/>\n<meta property=\"og:title\" content=\"Hotell - Electrolux Professional Norge\" \/>\n<meta property=\"og:description\" content=\"L\u00f8sninger innen hotellbransjen som dekker hotellkj\u00f8kkenet og vaskeriet for en komplett leveranse av en og samme leverand\u00f8r.\" \/>\n<meta property=\"og:url\" content=\"https:\/\/www.electroluxprofessional.com\/no\/hotell\/\" \/>\n<meta property=\"og:site_name\" content=\"Electrolux Professional Norge\" \/>\n<meta property=\"article:modified_time\" content=\"2025-11-05T13:53:37+00:00\" \/>\n<meta name=\"twitter:card\" content=\"summary_large_image\" \/>\n<meta name=\"twitter:label1\" content=\"Ansl. lesetid\" \/>\n\t<meta name=\"twitter:data1\" content=\"4 minutter\" \/>\n<script type=\"application\/ld+json\" class=\"yoast-schema-graph\">{\"@context\":\"https:\/\/schema.org\",\"@graph\":[{\"@type\":\"WebPage\",\"@id\":\"https:\/\/www.electroluxprofessional.com\/no\/hotell\/\",\"url\":\"https:\/\/www.electroluxprofessional.com\/no\/hotell\/\",\"name\":\"Hotell - Electrolux Professional Norge\",\"isPartOf\":{\"@id\":\"https:\/\/www.electroluxprofessional.com\/no\/#website\"},\"datePublished\":\"2017-01-26T12:17:12+00:00\",\"dateModified\":\"2025-11-05T13:53:37+00:00\",\"description\":\"L\u00f8sninger innen hotellbransjen som dekker hotellkj\u00f8kkenet og vaskeriet for en komplett leveranse av en og samme leverand\u00f8r.\",\"breadcrumb\":{\"@id\":\"https:\/\/www.electroluxprofessional.com\/no\/hotell\/#breadcrumb\"},\"inLanguage\":\"nb-NO\",\"potentialAction\":[{\"@type\":\"ReadAction\",\"target\":[\"https:\/\/www.electroluxprofessional.com\/no\/hotell\/\"]}]},{\"@type\":\"BreadcrumbList\",\"@id\":\"https:\/\/www.electroluxprofessional.com\/no\/hotell\/#breadcrumb\",\"itemListElement\":[{\"@type\":\"ListItem\",\"position\":1,\"name\":\"Home\",\"item\":\"https:\/\/www.electroluxprofessional.com\/no\/\"},{\"@type\":\"ListItem\",\"position\":2,\"name\":\"Hotell\"}]},{\"@type\":\"WebSite\",\"@id\":\"https:\/\/www.electroluxprofessional.com\/no\/#website\",\"url\":\"https:\/\/www.electroluxprofessional.com\/no\/\",\"name\":\"Electrolux Professional Norge\",\"description\":\"\",\"potentialAction\":[{\"@type\":\"SearchAction\",\"target\":{\"@type\":\"EntryPoint\",\"urlTemplate\":\"https:\/\/www.electroluxprofessional.com\/no\/?src={search_term_string}\"},\"query-input\":\"required name=search_term_string\"}],\"inLanguage\":\"nb-NO\"}]}<\/script>\n<!-- \/ Yoast SEO plugin. -->","yoast_head_json":{"title":"Hotell - Electrolux Professional Norge","description":"L\u00f8sninger innen hotellbransjen som dekker hotellkj\u00f8kkenet og vaskeriet for en komplett leveranse av en og samme leverand\u00f8r.","robots":{"index":"index","follow":"follow","max-snippet":"max-snippet:-1","max-image-preview":"max-image-preview:large","max-video-preview":"max-video-preview:-1"},"canonical":"https:\/\/www.electroluxprofessional.com\/no\/hotell\/","og_locale":"nb_NO","og_type":"article","og_title":"Hotell - Electrolux Professional Norge","og_description":"L\u00f8sninger innen hotellbransjen som dekker hotellkj\u00f8kkenet og vaskeriet for en komplett leveranse av en og samme leverand\u00f8r.","og_url":"https:\/\/www.electroluxprofessional.com\/no\/hotell\/","og_site_name":"Electrolux Professional Norge","article_modified_time":"2025-11-05T13:53:37+00:00","twitter_card":"summary_large_image","twitter_misc":{"Ansl. lesetid":"4 minutter"},"schema":{"@context":"https:\/\/schema.org","@graph":[{"@type":"WebPage","@id":"https:\/\/www.electroluxprofessional.com\/no\/hotell\/","url":"https:\/\/www.electroluxprofessional.com\/no\/hotell\/","name":"Hotell - Electrolux Professional Norge","isPartOf":{"@id":"https:\/\/www.electroluxprofessional.com\/no\/#website"},"datePublished":"2017-01-26T12:17:12+00:00","dateModified":"2025-11-05T13:53:37+00:00","description":"L\u00f8sninger innen hotellbransjen som dekker hotellkj\u00f8kkenet og vaskeriet for en komplett leveranse av en og samme leverand\u00f8r.","breadcrumb":{"@id":"https:\/\/www.electroluxprofessional.com\/no\/hotell\/#breadcrumb"},"inLanguage":"nb-NO","potentialAction":[{"@type":"ReadAction","target":["https:\/\/www.electroluxprofessional.com\/no\/hotell\/"]}]},{"@type":"BreadcrumbList","@id":"https:\/\/www.electroluxprofessional.com\/no\/hotell\/#breadcrumb","itemListElement":[{"@type":"ListItem","position":1,"name":"Home","item":"https:\/\/www.electroluxprofessional.com\/no\/"},{"@type":"ListItem","position":2,"name":"Hotell"}]},{"@type":"WebSite","@id":"https:\/\/www.electroluxprofessional.com\/no\/#website","url":"https:\/\/www.electroluxprofessional.com\/no\/","name":"Electrolux Professional Norge","description":"","potentialAction":[{"@type":"SearchAction","target":{"@type":"EntryPoint","urlTemplate":"https:\/\/www.electroluxprofessional.com\/no\/?src={search_term_string}"},"query-input":"required name=search_term_string"}],"inLanguage":"nb-NO"}]}},"_links":{"self":[{"href":"https:\/\/www.electroluxprofessional.com\/no\/wp-json\/wp\/v2\/pages\/1591"}],"collection":[{"href":"https:\/\/www.electroluxprofessional.com\/no\/wp-json\/wp\/v2\/pages"}],"about":[{"href":"https:\/\/www.electroluxprofessional.com\/no\/wp-json\/wp\/v2\/types\/page"}],"author":[{"embeddable":true,"href":"https:\/\/www.electroluxprofessional.com\/no\/wp-json\/wp\/v2\/users\/3"}],"replies":[{"embeddable":true,"href":"https:\/\/www.electroluxprofessional.com\/no\/wp-json\/wp\/v2\/comments?post=1591"}],"version-history":[{"count":17,"href":"https:\/\/www.electroluxprofessional.com\/no\/wp-json\/wp\/v2\/pages\/1591\/revisions"}],"predecessor-version":[{"id":14864,"href":"https:\/\/www.electroluxprofessional.com\/no\/wp-json\/wp\/v2\/pages\/1591\/revisions\/14864"}],"wp:attachment":[{"href":"https:\/\/www.electroluxprofessional.com\/no\/wp-json\/wp\/v2\/media?parent=1591"}],"curies":[{"name":"wp","href":"https:\/\/api.w.org\/{rel}","templated":true}]}}