{"id":1582,"date":"2017-01-25T15:19:05","date_gmt":"2017-01-25T15:19:05","guid":{"rendered":"https:\/\/www.electroluxprofessional.com\/no\/?page_id=1582"},"modified":"2017-03-10T09:50:39","modified_gmt":"2017-03-10T09:50:39","slug":"haccp","status":"publish","type":"page","link":"https:\/\/www.electroluxprofessional.com\/no\/haccp\/","title":{"rendered":"HACCP"},"content":{"rendered":"<p>[vc_row full_width=&#8221;electroluxpro-full-width-no-padding&#8221;][vc_column][elx_hero_slider label_text_color=&#8221;inherit&#8221; images=&#8221;658&#8243;][elx_heading font_container=&#8221;h1&#8243; text_color=&#8221;inherit&#8221;]HACCP[\/elx_heading][vc_column_text]<\/p>\n<p>HACCP \u2013 Hazard Analysis and Critical Control Point \u2013 en prosedyre for \u00e5 vurdere risikofaktorer ved et produkt eller prosess for \u00e5 fastsl\u00e5 de n\u00f8dvendige tiltak for kontroll.<\/p>\n<p>[\/vc_column_text][\/elx_hero_slider][\/vc_column][\/vc_row][vc_row][vc_column][elx_heading text_color=&#8221;inherit&#8221;]<\/p>\n<p style=\"text-align: center;\">Electrolux Professional har respektert HACCP prosessen siden 1998.<\/p>\n<p>[\/elx_heading][vc_column_text]<\/p>\n<h3 style=\"text-align: center;\">S\u00e5 hva betyr det egentlig?<\/h3>\n<p>[\/vc_column_text][\/vc_column][\/vc_row][vc_row full_width=&#8221;electroluxpro-full-width-no-padding&#8221;][vc_column][elx_image_block background_image=&#8221;654&#8243; vert_back_position=&#8221;top&#8221; minimum_height=&#8221;1000px&#8221;][\/vc_column][\/vc_row][vc_row][vc_column][vc_empty_space height=&#8221;100px&#8221;][vc_column_text css_animation=&#8221;top-to-bottom&#8221;]<\/p>\n<h3 style=\"text-align: center;\">Hvis det er et utbrudd av sykdom eller forurensning knyttet til en virksomhet som serverer eller tilbereder mat, kan\u00a0<strong>HACCP funksjoner i Electrolux utstyret som overv\u00e5ker prosesser gi virksomheten mulighet til \u00e5 spore, identifisere og eliminere kilden.\u00a0<\/strong><\/h3>\n<p>[\/vc_column_text][vc_empty_space height=&#8221;50px&#8221;][\/vc_column][\/vc_row][vc_row full_width=&#8221;electroluxpro-full-width-no-padding&#8221; equal_height=&#8221;yes&#8221;][vc_column width=&#8221;1\/2&#8243;][elx_image_block background_image=&#8221;655&#8243; vert_back_position=&#8221;top&#8221; minimum_height=&#8221;598px&#8221;][\/vc_column][vc_column width=&#8221;1\/2&#8243;][elx_simple_block][elx_heading font_container=&#8221;h3&#8243; text_color=&#8221;inherit&#8221;]Ovner &#8211; Electrolux Professional Touchline kombidampere[\/elx_heading][vc_column_text css_animation=&#8221;right-to-left&#8221;]<strong>Food Safe kontrollfunksjonen sikrer total matsikkerhet i henhold til HACCP standarder<\/strong>. Du bare velger matkategori og sikkerhetskontrollen vil ordne resten. Den fungerer som en supervisor gjennom hele prosessen. N\u00e5r Food Safe Control ikonet er aktivert og den 6-sensor sensoren settes inn, Touchline beregner om maten er tilstrekkelig bearbeidet i henhold til godkjent niv\u00e5.[\/vc_column_text][elx_button css=&#8221;&#8221; button_text=&#8221;Les mer om v\u00e5re kombidampere&#8221; button_link=&#8221;url:https%3A%2F%2Fprofessional.electrolux.no%2Fcook-and-chill%2Fcook-chill-combi-oven%2F|title:Cook%20and%20Chill||&#8221; button_style=&#8221;icon&#8221;][\/elx_simple_block][\/vc_column][\/vc_row][vc_row][vc_column][vc_empty_space height=&#8221;50px&#8221;][\/vc_column][\/vc_row][vc_row full_width=&#8221;electroluxpro-full-width-no-padding&#8221; equal_height=&#8221;yes&#8221;][vc_column width=&#8221;1\/2&#8243;][elx_image_block background_image=&#8221;656&#8243; vert_back_position=&#8221;top&#8221; minimum_height=&#8221;600px&#8221;][\/vc_column][vc_column width=&#8221;1\/2&#8243;][elx_simple_block][elx_heading font_container=&#8221;h3&#8243; text_color=&#8221;inherit&#8221;]Lagring &#8211; \u00a0Electrolux Professional kj\u00f8leskap &#8211; ecostore Touch[\/elx_heading][vc_column_text css_animation=&#8221;right-to-left&#8221;]<strong>HACCP kontroll innen kj\u00f8l gj\u00f8r at touchdisplayet sjekker og registrerer temperatur og og eventuelle avvik. <\/strong>\u00a0En graf vil vise status og alle topper eller nedganger i temperaturen. Data kan be lastes ned via USB for lagring og rapportering og sporbarhet.[\/vc_column_text][elx_button css=&#8221;&#8221; button_text=&#8221;Les mer om v\u00e5re kj\u00f8l- og frys produkter&#8221; button_link=&#8221;url:https%3A%2F%2Fprofessional.electrolux.no%2Fkjol-og-frys%2F|title:Refrigeration%20equipment||&#8221; button_style=&#8221;icon&#8221;][\/elx_simple_block][\/vc_column][\/vc_row][vc_row][vc_column][elx_heading font_container=&#8221;h3&#8243; text_color=&#8221;inherit&#8221;]<\/p>\n<h2 class=\"customHeaderV2 bp3\" style=\"text-align: center;\">Electrolux Professional oppn\u00e5r en milep\u00e6l p\u00e5 verdensbasis, nemlig sertifisering innen vaskerihygiene.\u00a0Electrolux Professional er den f\u00f8rste kommersielle produsent av vaskeriutstyr godkjent av HACCP International<\/h2>\n<h2 class=\"customHeaderV2 bp3\" style=\"text-align: center;\"><\/h2>\n<p>[\/elx_heading][\/vc_column][\/vc_row][vc_row full_width=&#8221;electroluxpro-full-width-no-padding&#8221; css=&#8221;.vc_custom_1464077764547{background-color: #eaeef2 !important;}&#8221;][vc_column][vc_empty_space css=&#8221;.vc_custom_1464077755704{background-color: #eaeef2 !important;}&#8221;][\/vc_column][\/vc_row][vc_row css=&#8221;.vc_custom_1464077456458{background-color: #eaeef2 !important;}&#8221;][vc_column width=&#8221;1\/2&#8243;][vc_single_image image=&#8221;657&#8243; img_size=&#8221;large&#8221; alignment=&#8221;center&#8221;][\/vc_column][vc_column width=&#8221;1\/2&#8243;][elx_heading font_container=&#8221;h3&#8243; text_color=&#8221;inherit&#8221;]Profesjonelle vaskeprogram er essensielt for \u00e5 desinfisere alle tekstiler og t\u00f8y som brukes innen bearbeiding og klargj\u00f8ring av mat.[\/elx_heading][vc_column_text]Etter grundig analyse av vaskerioperasjoner over hele verden utviklet Electrolux\u00a0<strong>Line 5000 vaskerimaskiner<\/strong>\u00a0som oppfyller de strenge kritieriene til HACCP. Electrolux Professional\u00a0blir den f\u00f8rste, og hittil den eneste, \u00a0<strong>HACCP International sertifiserte vaskeriprodusent<\/strong>. I tillegg til frontmatede maskiner, har ogs\u00e5 barrieremaskiner og ruller blitt godkjente.<\/p>\n<p>Sertifiseringen ble f\u00f8rst utdelt til Line 5000 i UK og Irland og deretter over hele verden siden juni 2015.[\/vc_column_text][\/vc_column][\/vc_row][vc_row full_width=&#8221;electroluxpro-full-width-no-padding&#8221; css=&#8221;.vc_custom_1464077764547{background-color: #eaeef2 !important;}&#8221;][vc_column][vc_empty_space css=&#8221;.vc_custom_1464077755704{background-color: #eaeef2 !important;}&#8221;][\/vc_column][\/vc_row][vc_row full_width=&#8221;electroluxpro-container-no-padding&#8221; equal_height=&#8221;yes&#8221; css=&#8221;.vc_custom_1464275874297{padding-top: 50px !important;padding-bottom: 50px !important;}&#8221;][vc_column width=&#8221;1\/3&#8243;][elx_image_block background_image=&#8221;649&#8243; minimum_height=&#8221;380px&#8221;][\/vc_column][vc_column width=&#8221;1\/3&#8243; css=&#8221;.vc_custom_1464275824218{background-color: #e2e2e2 !important;}&#8221;][elx_simple_block text_align=&#8221;text-center&#8221; background_color=&#8221;inherit&#8221;][elx_heading text_color=&#8221;inherit&#8221;]For en bedre verden[\/elx_heading][vc_column_text]Vi \u00f8nsker \u00e5 gj\u00f8re en positiv forskjell i menneskers liv og for planeten v\u00e5r.[\/vc_column_text][elx_button css=&#8221;&#8221; button_text=&#8221;Finn ut mer&#8221; button_link=&#8221;url:https%3A%2F%2Fprofessional.electrolux.no%2Ffor-en-bedre-verden%2F|title:Find%20out%20more||&#8221; button_style=&#8221;primary&#8221;][\/elx_simple_block][\/vc_column][vc_column width=&#8221;1\/3&#8243;][elx_image_block background_image=&#8221;650&#8243; minimum_height=&#8221;380px&#8221;][\/vc_column][\/vc_row]<\/p>\n","protected":false},"excerpt":{"rendered":"<p>[vc_row full_width=&#8221;electroluxpro-full-width-no-padding&#8221;][vc_column][elx_hero_slider label_text_color=&#8221;inherit&#8221; images=&#8221;658&#8243;][elx_heading font_container=&#8221;h1&#8243; text_color=&#8221;inherit&#8221;]HACCP[\/elx_heading][vc_column_text] HACCP \u2013 Hazard Analysis and Critical Control Point \u2013 en prosedyre for \u00e5 vurdere risikofaktorer ved et produkt eller prosess for \u00e5 fastsl\u00e5 de n\u00f8dvendige tiltak for kontroll. [\/vc_column_text][\/elx_hero_slider][\/vc_column][\/vc_row][vc_row][vc_column][elx_heading text_color=&#8221;inherit&#8221;] Electrolux Professional har respektert HACCP prosessen siden 1998. [\/elx_heading][vc_column_text] S\u00e5 hva betyr det egentlig? [\/vc_column_text][\/vc_column][\/vc_row][vc_row full_width=&#8221;electroluxpro-full-width-no-padding&#8221;][vc_column][elx_image_block background_image=&#8221;654&#8243; vert_back_position=&#8221;top&#8221; minimum_height=&#8221;1000px&#8221;][\/vc_column][\/vc_row][vc_row][vc_column][vc_empty_space [&hellip;]<\/p>\n","protected":false},"author":3,"featured_media":0,"parent":0,"menu_order":0,"comment_status":"closed","ping_status":"closed","template":"","meta":{"footnotes":""},"class_list":["post-1582","page","type-page","status-publish","hentry"],"acf":[],"yoast_head":"<!-- This site is optimized with the Yoast SEO plugin v23.3 - https:\/\/yoast.com\/wordpress\/plugins\/seo\/ -->\n<title>HACCP - Electrolux Professional Norge<\/title>\n<meta name=\"robots\" content=\"index, follow, max-snippet:-1, max-image-preview:large, max-video-preview:-1\" \/>\n<link rel=\"canonical\" href=\"https:\/\/www.electroluxprofessional.com\/no\/haccp\/\" \/>\n<meta property=\"og:locale\" content=\"nb_NO\" \/>\n<meta property=\"og:type\" content=\"article\" \/>\n<meta property=\"og:title\" content=\"HACCP - Electrolux Professional Norge\" \/>\n<meta property=\"og:description\" content=\"[vc_row full_width=&#8221;electroluxpro-full-width-no-padding&#8221;][vc_column][elx_hero_slider label_text_color=&#8221;inherit&#8221; images=&#8221;658&#8243;][elx_heading font_container=&#8221;h1&#8243; text_color=&#8221;inherit&#8221;]HACCP[\/elx_heading][vc_column_text] HACCP \u2013 Hazard Analysis and Critical Control Point \u2013 en prosedyre for \u00e5 vurdere risikofaktorer ved et produkt eller prosess for \u00e5 fastsl\u00e5 de n\u00f8dvendige tiltak for kontroll. [\/vc_column_text][\/elx_hero_slider][\/vc_column][\/vc_row][vc_row][vc_column][elx_heading text_color=&#8221;inherit&#8221;] Electrolux Professional har respektert HACCP prosessen siden 1998. [\/elx_heading][vc_column_text] S\u00e5 hva betyr det egentlig? [\/vc_column_text][\/vc_column][\/vc_row][vc_row full_width=&#8221;electroluxpro-full-width-no-padding&#8221;][vc_column][elx_image_block background_image=&#8221;654&#8243; vert_back_position=&#8221;top&#8221; minimum_height=&#8221;1000px&#8221;][\/vc_column][\/vc_row][vc_row][vc_column][vc_empty_space [&hellip;]\" \/>\n<meta property=\"og:url\" content=\"https:\/\/www.electroluxprofessional.com\/no\/haccp\/\" \/>\n<meta property=\"og:site_name\" content=\"Electrolux Professional Norge\" \/>\n<meta property=\"article:modified_time\" content=\"2017-03-10T09:50:39+00:00\" \/>\n<meta name=\"twitter:card\" content=\"summary_large_image\" \/>\n<meta name=\"twitter:label1\" content=\"Ansl. lesetid\" \/>\n\t<meta name=\"twitter:data1\" content=\"4 minutter\" \/>\n<script type=\"application\/ld+json\" class=\"yoast-schema-graph\">{\"@context\":\"https:\/\/schema.org\",\"@graph\":[{\"@type\":\"WebPage\",\"@id\":\"https:\/\/www.electroluxprofessional.com\/no\/haccp\/\",\"url\":\"https:\/\/www.electroluxprofessional.com\/no\/haccp\/\",\"name\":\"HACCP - Electrolux Professional Norge\",\"isPartOf\":{\"@id\":\"https:\/\/www.electroluxprofessional.com\/no\/#website\"},\"datePublished\":\"2017-01-25T15:19:05+00:00\",\"dateModified\":\"2017-03-10T09:50:39+00:00\",\"breadcrumb\":{\"@id\":\"https:\/\/www.electroluxprofessional.com\/no\/haccp\/#breadcrumb\"},\"inLanguage\":\"nb-NO\",\"potentialAction\":[{\"@type\":\"ReadAction\",\"target\":[\"https:\/\/www.electroluxprofessional.com\/no\/haccp\/\"]}]},{\"@type\":\"BreadcrumbList\",\"@id\":\"https:\/\/www.electroluxprofessional.com\/no\/haccp\/#breadcrumb\",\"itemListElement\":[{\"@type\":\"ListItem\",\"position\":1,\"name\":\"Home\",\"item\":\"https:\/\/www.electroluxprofessional.com\/no\/\"},{\"@type\":\"ListItem\",\"position\":2,\"name\":\"HACCP\"}]},{\"@type\":\"WebSite\",\"@id\":\"https:\/\/www.electroluxprofessional.com\/no\/#website\",\"url\":\"https:\/\/www.electroluxprofessional.com\/no\/\",\"name\":\"Electrolux Professional Norge\",\"description\":\"\",\"potentialAction\":[{\"@type\":\"SearchAction\",\"target\":{\"@type\":\"EntryPoint\",\"urlTemplate\":\"https:\/\/www.electroluxprofessional.com\/no\/?src={search_term_string}\"},\"query-input\":\"required name=search_term_string\"}],\"inLanguage\":\"nb-NO\"}]}<\/script>\n<!-- \/ Yoast SEO plugin. -->","yoast_head_json":{"title":"HACCP - Electrolux Professional Norge","robots":{"index":"index","follow":"follow","max-snippet":"max-snippet:-1","max-image-preview":"max-image-preview:large","max-video-preview":"max-video-preview:-1"},"canonical":"https:\/\/www.electroluxprofessional.com\/no\/haccp\/","og_locale":"nb_NO","og_type":"article","og_title":"HACCP - Electrolux Professional Norge","og_description":"[vc_row full_width=&#8221;electroluxpro-full-width-no-padding&#8221;][vc_column][elx_hero_slider label_text_color=&#8221;inherit&#8221; images=&#8221;658&#8243;][elx_heading font_container=&#8221;h1&#8243; text_color=&#8221;inherit&#8221;]HACCP[\/elx_heading][vc_column_text] HACCP \u2013 Hazard Analysis and Critical Control Point \u2013 en prosedyre for \u00e5 vurdere risikofaktorer ved et produkt eller prosess for \u00e5 fastsl\u00e5 de n\u00f8dvendige tiltak for kontroll. [\/vc_column_text][\/elx_hero_slider][\/vc_column][\/vc_row][vc_row][vc_column][elx_heading text_color=&#8221;inherit&#8221;] Electrolux Professional har respektert HACCP prosessen siden 1998. [\/elx_heading][vc_column_text] S\u00e5 hva betyr det egentlig? [\/vc_column_text][\/vc_column][\/vc_row][vc_row full_width=&#8221;electroluxpro-full-width-no-padding&#8221;][vc_column][elx_image_block background_image=&#8221;654&#8243; vert_back_position=&#8221;top&#8221; minimum_height=&#8221;1000px&#8221;][\/vc_column][\/vc_row][vc_row][vc_column][vc_empty_space [&hellip;]","og_url":"https:\/\/www.electroluxprofessional.com\/no\/haccp\/","og_site_name":"Electrolux Professional Norge","article_modified_time":"2017-03-10T09:50:39+00:00","twitter_card":"summary_large_image","twitter_misc":{"Ansl. lesetid":"4 minutter"},"schema":{"@context":"https:\/\/schema.org","@graph":[{"@type":"WebPage","@id":"https:\/\/www.electroluxprofessional.com\/no\/haccp\/","url":"https:\/\/www.electroluxprofessional.com\/no\/haccp\/","name":"HACCP - Electrolux Professional Norge","isPartOf":{"@id":"https:\/\/www.electroluxprofessional.com\/no\/#website"},"datePublished":"2017-01-25T15:19:05+00:00","dateModified":"2017-03-10T09:50:39+00:00","breadcrumb":{"@id":"https:\/\/www.electroluxprofessional.com\/no\/haccp\/#breadcrumb"},"inLanguage":"nb-NO","potentialAction":[{"@type":"ReadAction","target":["https:\/\/www.electroluxprofessional.com\/no\/haccp\/"]}]},{"@type":"BreadcrumbList","@id":"https:\/\/www.electroluxprofessional.com\/no\/haccp\/#breadcrumb","itemListElement":[{"@type":"ListItem","position":1,"name":"Home","item":"https:\/\/www.electroluxprofessional.com\/no\/"},{"@type":"ListItem","position":2,"name":"HACCP"}]},{"@type":"WebSite","@id":"https:\/\/www.electroluxprofessional.com\/no\/#website","url":"https:\/\/www.electroluxprofessional.com\/no\/","name":"Electrolux Professional Norge","description":"","potentialAction":[{"@type":"SearchAction","target":{"@type":"EntryPoint","urlTemplate":"https:\/\/www.electroluxprofessional.com\/no\/?src={search_term_string}"},"query-input":"required name=search_term_string"}],"inLanguage":"nb-NO"}]}},"_links":{"self":[{"href":"https:\/\/www.electroluxprofessional.com\/no\/wp-json\/wp\/v2\/pages\/1582"}],"collection":[{"href":"https:\/\/www.electroluxprofessional.com\/no\/wp-json\/wp\/v2\/pages"}],"about":[{"href":"https:\/\/www.electroluxprofessional.com\/no\/wp-json\/wp\/v2\/types\/page"}],"author":[{"embeddable":true,"href":"https:\/\/www.electroluxprofessional.com\/no\/wp-json\/wp\/v2\/users\/3"}],"replies":[{"embeddable":true,"href":"https:\/\/www.electroluxprofessional.com\/no\/wp-json\/wp\/v2\/comments?post=1582"}],"version-history":[{"count":13,"href":"https:\/\/www.electroluxprofessional.com\/no\/wp-json\/wp\/v2\/pages\/1582\/revisions"}],"predecessor-version":[{"id":5619,"href":"https:\/\/www.electroluxprofessional.com\/no\/wp-json\/wp\/v2\/pages\/1582\/revisions\/5619"}],"wp:attachment":[{"href":"https:\/\/www.electroluxprofessional.com\/no\/wp-json\/wp\/v2\/media?parent=1582"}],"curies":[{"name":"wp","href":"https:\/\/api.w.org\/{rel}","templated":true}]}}