{"id":15488,"date":"2026-02-27T10:52:34","date_gmt":"2026-02-27T10:52:34","guid":{"rendered":"https:\/\/www.electroluxprofessional.com\/no\/?page_id=15488"},"modified":"2026-04-16T10:31:10","modified_gmt":"2026-04-16T10:31:10","slug":"baerekraftige-losninger","status":"publish","type":"page","link":"https:\/\/www.electroluxprofessional.com\/no\/baerekraftige-losninger\/","title":{"rendered":"B\u00e6rekraftige l\u00f8sninger"},"content":{"rendered":"<p>[vc_row full_width=&#8221;electroluxpro-full-width-no-padding&#8221; el_id=&#8221;banner&#8221; min_height=&#8221;500px&#8221;][vc_column][elx_hero_video text_position=&#8221;hero_video_text_align_left&#8221; width_box=&#8221;none&#8221; background_video_mp4=&#8221;https:\/\/www.electroluxprofessional.com\/no\/wp-content\/uploads\/2026\/02\/Sustainability-video-electrolux-professional_HERO_ULTRA_2MB.mp4&#8243;][\/elx_hero_video][\/vc_column][\/vc_row][vc_row][vc_column][vc_empty_space height=&#8221;50px&#8221;][elx_heading font_container=&#8221;h1&#8243; font_size=&#8221;h2&#8243; text_color=&#8221;inherit&#8221; text_align=&#8221;text-center&#8221;]B\u00e6rekraftige l\u00f8sninger for langsiktig verdi til v\u00e5re kunder over hele verden[\/elx_heading][vc_empty_space height=&#8221;20px&#8221;][vc_column_text]<\/p>\n<p style=\"text-align: center;\">Electrolux Professional \u00f8nsker \u00e5 sette tempoet i de profesjonelle storkj\u00f8kken-, drikke- og vaskeribransjene gjennom v\u00e5re innovasjoner innen b\u00e6rekraft og energieffektivitet, st\u00f8ttet av en tilkoblet og digital plattform for \u00e5 m\u00f8te kundenes behov.<\/p>\n<p>[\/vc_column_text][vc_empty_space height=&#8221;50px&#8221;][\/vc_column][\/vc_row][vc_row content_placement=&#8221;middle&#8221; css=&#8221;.vc_custom_1758178561518{background-color: #F6F6F6 !important;}&#8221;][vc_column][vc_empty_space height=&#8221;40px&#8221;][\/vc_column][\/vc_row][vc_row equal_height=&#8221;yes&#8221; content_placement=&#8221;middle&#8221; css=&#8221;.vc_custom_1759215775499{background-color: #F6F6F6 !important;}&#8221;][vc_column el_class=&#8221;align-vertical-center&#8221;][elx_heading text_color=&#8221;inherit&#8221;]Ledende innen b\u00e6rekraft \u2013 m\u00f8ter behov utover morgendagen[\/elx_heading][vc_empty_space][\/vc_column][\/vc_row][vc_row content_placement=&#8221;middle&#8221; css=&#8221;.vc_custom_1758178561518{background-color: #F6F6F6 !important;}&#8221;][vc_column][vc_empty_space height=&#8221;40px&#8221;][\/vc_column][\/vc_row][vc_row equal_height=&#8221;yes&#8221; content_placement=&#8221;middle&#8221; css=&#8221;.vc_custom_1759215775499{background-color: #F6F6F6 !important;}&#8221;][vc_column width=&#8221;2\/3&#8243;][vc_column_text css=&#8221;.vc_custom_1773146703005{background-color: #f6f6f6 !important;}&#8221;]Hos Electrolux Professional Group er b\u00e6rekraft integrert i v\u00e5r drift og kultur. Vi har som m\u00e5l \u00e5 p\u00e5virke profesjonell storkj\u00f8kken, drikke og vaskeri positivt ved \u00e5 hjelpe bedrifter til \u00e5 blomstre, institusjoner til \u00e5 bli mer effektive og arbeidsplasser tryggere \u2013 samtidig som vi reduserer energibruk, vannforbruk og bruk av vaskemidler.<\/p>\n<p>V\u00e5r strategi fokuserer p\u00e5 klima, helse og sikkerhet og mangfold. M\u00e5let er \u00e5 v\u00e6re kliman\u00f8ytrale innen 2030, basert p\u00e5 tre s\u00f8yler: b\u00e6rekraftige l\u00f8sninger, b\u00e6rekraftig drift og etikk og relasjoner.<\/p>\n<p>Vi er stolte av \u00e5 bli anerkjent som lederen innen b\u00e6rekraft i v\u00e5r bransje. Denne anerkjennelsen gir b\u00e5de stolthet og ansvar \u2013 det \u00e5 fortsette \u00e5 forbedre oss og m\u00f8te behovene utover morgendagen.[\/vc_column_text][vc_empty_space height=&#8221;20px&#8221;][vc_column_text]<strong><em>Alberto Zanata, President og CEO<\/em><\/strong>[\/vc_column_text][\/vc_column][vc_column width=&#8221;1\/3&#8243;][vc_row_inner][vc_column_inner offset=&#8221;vc_hidden-lg vc_hidden-md vc_hidden-sm&#8221;][vc_empty_space][\/vc_column_inner][\/vc_row_inner][vc_empty_space height=&#8221;45px&#8221;][vc_single_image image=&#8221;15486&#8243; img_size=&#8221;full&#8221; alignment=&#8221;center&#8221;][\/vc_column][\/vc_row][vc_row content_placement=&#8221;middle&#8221; css=&#8221;.vc_custom_1758178561518{background-color: #F6F6F6 !important;}&#8221;][vc_column][vc_empty_space height=&#8221;40px&#8221;][\/vc_column][\/vc_row][vc_row][vc_column][vc_empty_space height=&#8221;50px&#8221;][\/vc_column][\/vc_row][vc_row][vc_column][elx_double_banner_sust tag_title=&#8221;h2&#8243; class_title=&#8221;h2&#8243; left_title=&#8221;B\u00e6rekraftige storkj\u00f8kkenl\u00f8sninger&#8221; left_image_media_library=&#8221;15513&#8243; right_title=&#8221;B\u00e6rekraftige vaskeril\u00f8sninger&#8221; right_image_media_library=&#8221;15515&#8243; left_link=&#8221;url:https%3A%2F%2Fwww.electroluxprofessional.com%2Fno%2Fbaerekraftige-losninger%2Fbaerekraftige-storkjokkenlosninger%2F|title:Oppdag%20mer&#8221; right_link=&#8221;url:https%3A%2F%2Fwww.electroluxprofessional.com%2Fno%2Fbaerekraftige-losninger%2Fforme-den-baerekraftige-vaskeribransjen%2F|title:Oppdag%20mer&#8221;][\/vc_column][\/vc_row][vc_row][vc_column][vc_empty_space height=&#8221;50px&#8221;][\/vc_column][\/vc_row][vc_row content_placement=&#8221;middle&#8221; css=&#8221;.vc_custom_1758178561518{background-color: #F6F6F6 !important;}&#8221;][vc_column][vc_empty_space height=&#8221;40px&#8221;][\/vc_column][\/vc_row][vc_row content_placement=&#8221;middle&#8221; css=&#8221;.vc_custom_1758187212823{background-color: #F6F6F6 !important;}&#8221;][vc_column width=&#8221;3\/5&#8243;][vc_row_inner][vc_column_inner offset=&#8221;vc_hidden-sm vc_hidden-xs&#8221;][vc_empty_space height=&#8221;40px&#8221;][\/vc_column_inner][\/vc_row_inner][vc_column_text]<\/p>\n<h3><span class=\"LineBox SCXP108091875 BCX0\"><span class=\"EOP SCXP108091875 BCX0\">Vi er stolte av \u00e5 ha mottatt den prestisjetunge Gold Sustainability Rating fra EcoVadis, som plasserer oss blant de \u00f8verste 5 % av selskaper vurdert globalt.\u200b<\/span><\/span><\/h3>\n<p>[\/vc_column_text][vc_row_inner][vc_column_inner offset=&#8221;vc_hidden-lg vc_hidden-md vc_hidden-sm&#8221;][vc_empty_space][\/vc_column_inner][\/vc_row_inner][\/vc_column][vc_column width=&#8221;2\/5&#8243;][vc_column_text css=&#8221;.vc_custom_1759216097926{background-color: #F6F6F6 !important;}&#8221;]<span style=\"color: #f6f6f6;\">.<\/span>[\/vc_column_text][vc_single_image image=&#8221;15483&#8243; img_size=&#8221;200&#215;200&#8243; alignment=&#8221;center&#8221;][\/vc_column][\/vc_row][vc_row content_placement=&#8221;middle&#8221; css=&#8221;.vc_custom_1758178561518{background-color: #F6F6F6 !important;}&#8221;][vc_column][vc_empty_space height=&#8221;40px&#8221;][\/vc_column][\/vc_row][vc_row][vc_column][vc_empty_space height=&#8221;50px&#8221;][\/vc_column][\/vc_row][vc_row css=&#8221;.vc_custom_1769764393796{background-image: url(https:\/\/eprdev.comunicazione21.com\/wp-content\/uploads\/2025\/09\/Screenshot-2025-09-25-115810.jpg?id=56214) !important;background-position: center !important;background-repeat: no-repeat !important;background-size: cover !important;}&#8221; el_class=&#8221;text-center&#8221;][vc_column][vc_empty_space height=&#8221;64px&#8221;][vc_row_inner][vc_column_inner][vc_column_text]<\/p>\n<p style=\"text-align: center;\"><span style=\"color: #ffffff;\">HVA VI HAR OPPN\u00c5DD S\u00c5 LANGT<\/span><\/p>\n<p>[\/vc_column_text][vc_empty_space][elx_heading text_color=&#8221;white&#8221; text_align=&#8221;text-center&#8221;]I 2024 har vi gjort betydelige fremskritt<br \/>\np\u00e5 alle omr\u00e5der innen b\u00e6rekraft siden 2019.<\/p>\n<p>[\/elx_heading][vc_empty_space][\/vc_column_inner][\/vc_row_inner][vc_row_inner][vc_column_inner width=&#8221;1\/3&#8243;][vc_column_text]<\/p>\n<p style=\"font-size: 83px; text-align: center;\"><span style=\"color: #ffffff;\"><strong>-70%<\/strong><\/span><\/p>\n<p>[\/vc_column_text][elx_heading font_container=&#8221;h3&#8243; font_size=&#8221;p&#8221; text_color=&#8221;white&#8221; text_align=&#8221;text-center&#8221;]CO2 utslipp scope 1&amp;2[\/elx_heading][vc_empty_space][\/vc_column_inner][vc_column_inner width=&#8221;1\/3&#8243;][vc_column_text]<\/p>\n<p style=\"font-size: 83px; text-align: center;\"><span style=\"color: #ffffff;\"><strong>92%<\/strong><\/span><\/p>\n<p>[\/vc_column_text][elx_heading font_container=&#8221;h3&#8243; font_size=&#8221;p&#8221; text_color=&#8221;white&#8221; text_align=&#8221;text-center&#8221;]Fornybar energi[\/elx_heading][vc_empty_space][\/vc_column_inner][vc_column_inner width=&#8221;1\/3&#8243;][vc_column_text]<\/p>\n<p style=\"font-size: 83px; text-align: center;\"><span style=\"color: #ffffff;\"><strong>-41%<\/strong><\/span><\/p>\n<p>[\/vc_column_text][elx_heading font_container=&#8221;h3&#8243; font_size=&#8221;p&#8221; text_color=&#8221;white&#8221; text_align=&#8221;text-center&#8221;]CO2 utslipp scope 3[\/elx_heading][vc_empty_space][\/vc_column_inner][\/vc_row_inner][vc_empty_space height=&#8221;70px&#8221;][elx_button button_text=&#8221;LES MER OM V\u00c5RE RESULTATER&#8221; button_style=&#8221;primary-white-bordered&#8221; button_link=&#8221;url:https%3A%2F%2Fwww.electroluxprofessional.com%2Fno%2Fbaerekraftige-losninger%2Fbaerekraftsvurderinger-og-sertifikater%2F|title:B%C3%A6rekraftsvurderinger%20og%20sertifikater&#8221;][vc_empty_space height=&#8221;50px&#8221;][\/vc_column][\/vc_row][vc_row el_class=&#8221;text-center&#8221;][vc_column][vc_empty_space height=&#8221;55px&#8221;][\/vc_column][\/vc_row][vc_row][vc_column width=&#8221;1\/2&#8243;][vc_single_image image=&#8221;15469&#8243; img_size=&#8221;577&#215;540&#8243; alignment=&#8221;center&#8221;][vc_empty_space height=&#8221;20px&#8221;][elx_heading font_container=&#8221;h3&#8243; font_size=&#8221;h3&#8243; text_color=&#8221;inherit&#8221; text_align=&#8221;text-left&#8221;]Gode valg for planeten[\/elx_heading][vc_empty_space height=&#8221;10px&#8221;][vc_column_text]Electrolux Professional er her for \u00e5 hjelpe deg med \u00e5 finne veien til en b\u00e6rekraftig fremtid. Det finnes mange muligheter til \u00e5 bidra positivt ved \u00e5 velge mer effektivt og energibesparende utstyr \u2013 noe som ikke bare er gode nyheter for planeten, men ogs\u00e5 for bunnlinjen i din virksomhet. Det er p\u00e5 tide \u00e5 ta de riktige valgene.[\/vc_column_text][vc_empty_space][\/vc_column][vc_column width=&#8221;1\/2&#8243;][vc_single_image image=&#8221;15487&#8243; img_size=&#8221;577&#215;540&#8243; alignment=&#8221;center&#8221;][vc_empty_space height=&#8221;20px&#8221;][elx_heading font_container=&#8221;h3&#8243; font_size=&#8221;h3&#8243; text_color=&#8221;inherit&#8221; text_align=&#8221;text-left&#8221;]En b\u00e6rekraftig tiln\u00e6rming[\/elx_heading][vc_empty_space height=&#8221;10px&#8221;][vc_column_text]V\u00e5rt \u00f8nske er \u00e5 gj\u00f8re arbeidslivet til v\u00e5re kunder enklere, mer l\u00f8nnsomt og b\u00e6rekraftig &#8211;\u00a0 hver dag. B\u00e6rekraft er en n\u00f8kkeldel av v\u00e5r strategi, kultur og drift.<br \/>\nVi bruker Sustainable Development Goals (SDGs) som v\u00e5rt kompass. Hver dag jobber vi for \u00e5 forbedre b\u00e6rekraften i v\u00e5re kunders verdikjede.[\/vc_column_text][vc_empty_space][\/vc_column][\/vc_row][vc_row el_class=&#8221;text-center&#8221;][vc_column][vc_empty_space][elx_button button_text=&#8221;V\u00c5RE VERDIER&#8221; button_link=&#8221;url:https%3A%2F%2Fwww.electroluxprofessionalgroup.com%2Fen%2Fsustainability%2Four-ethics%2F|title:V%C3%85R%20ETIKK|target:_blank&#8221;][vc_empty_space][\/vc_column][\/vc_row][vc_row custom_color_row=&#8221;bg-row-light-blue&#8221;][vc_column][elx_last_references title=&#8221;Referanser&#8221; extra_class=&#8221;h4&#8243;][\/vc_column][\/vc_row][vc_row][vc_column][vc_empty_space height=&#8221;60px&#8221;][\/vc_column][\/vc_row]<\/p>\n","protected":false},"excerpt":{"rendered":"<p>[vc_row full_width=&#8221;electroluxpro-full-width-no-padding&#8221; el_id=&#8221;banner&#8221; min_height=&#8221;500px&#8221;][vc_column][elx_hero_video text_position=&#8221;hero_video_text_align_left&#8221; width_box=&#8221;none&#8221; background_video_mp4=&#8221;https:\/\/www.electroluxprofessional.com\/no\/wp-content\/uploads\/2026\/02\/Sustainability-video-electrolux-professional_HERO_ULTRA_2MB.mp4&#8243;][\/elx_hero_video][\/vc_column][\/vc_row][vc_row][vc_column][vc_empty_space height=&#8221;50px&#8221;][elx_heading font_container=&#8221;h1&#8243; font_size=&#8221;h2&#8243; text_color=&#8221;inherit&#8221; text_align=&#8221;text-center&#8221;]B\u00e6rekraftige l\u00f8sninger for langsiktig verdi til v\u00e5re kunder over hele verden[\/elx_heading][vc_empty_space height=&#8221;20px&#8221;][vc_column_text] Electrolux Professional \u00f8nsker \u00e5 sette tempoet i de profesjonelle storkj\u00f8kken-, drikke- og vaskeribransjene gjennom v\u00e5re innovasjoner innen b\u00e6rekraft og energieffektivitet, st\u00f8ttet av en tilkoblet og digital plattform for \u00e5 m\u00f8te kundenes behov. [&hellip;]<\/p>\n","protected":false},"author":1,"featured_media":15469,"parent":0,"menu_order":0,"comment_status":"closed","ping_status":"closed","template":"","meta":{"footnotes":""},"class_list":["post-15488","page","type-page","status-publish","has-post-thumbnail","hentry"],"acf":[],"yoast_head":"<!-- This site is optimized with the Yoast SEO plugin v23.3 - https:\/\/yoast.com\/wordpress\/plugins\/seo\/ -->\n<title>B\u00e6rekraftige l\u00f8sninger - Electrolux Professional Norge<\/title>\n<meta name=\"description\" content=\"Electrolux Professional b\u00e6rekraftige l\u00f8sninger. Energieffektivt utstyr designet for \u00e5 redusere forbruket og \u00f8ke ytelsen for en b\u00e6rekraftig fremtid.\" \/>\n<meta name=\"robots\" content=\"index, follow, max-snippet:-1, max-image-preview:large, max-video-preview:-1\" \/>\n<link rel=\"canonical\" href=\"https:\/\/www.electroluxprofessional.com\/no\/baerekraftige-losninger\/\" \/>\n<meta property=\"og:locale\" content=\"nb_NO\" \/>\n<meta property=\"og:type\" content=\"article\" \/>\n<meta property=\"og:title\" content=\"B\u00e6rekraftige l\u00f8sninger - Electrolux Professional Norge\" \/>\n<meta property=\"og:description\" content=\"Electrolux Professional b\u00e6rekraftige l\u00f8sninger. Energieffektivt utstyr designet for \u00e5 redusere forbruket og \u00f8ke ytelsen for en b\u00e6rekraftig fremtid.\" \/>\n<meta property=\"og:url\" content=\"https:\/\/www.electroluxprofessional.com\/no\/baerekraftige-losninger\/\" \/>\n<meta property=\"og:site_name\" content=\"Electrolux Professional Norge\" \/>\n<meta property=\"article:modified_time\" content=\"2026-04-16T10:31:10+00:00\" \/>\n<meta property=\"og:image\" content=\"https:\/\/www.electroluxprofessional.com\/no\/wp-content\/uploads\/2026\/02\/A-sustainable-approach_1.jpeg\" \/>\n\t<meta property=\"og:image:width\" content=\"577\" \/>\n\t<meta property=\"og:image:height\" content=\"540\" \/>\n\t<meta property=\"og:image:type\" content=\"image\/jpeg\" \/>\n<meta name=\"twitter:card\" content=\"summary_large_image\" \/>\n<meta name=\"twitter:label1\" content=\"Ansl. lesetid\" \/>\n\t<meta name=\"twitter:data1\" content=\"5 minutter\" \/>\n<script type=\"application\/ld+json\" class=\"yoast-schema-graph\">{\"@context\":\"https:\/\/schema.org\",\"@graph\":[{\"@type\":\"WebPage\",\"@id\":\"https:\/\/www.electroluxprofessional.com\/no\/baerekraftige-losninger\/\",\"url\":\"https:\/\/www.electroluxprofessional.com\/no\/baerekraftige-losninger\/\",\"name\":\"B\u00e6rekraftige l\u00f8sninger - Electrolux Professional Norge\",\"isPartOf\":{\"@id\":\"https:\/\/www.electroluxprofessional.com\/no\/#website\"},\"primaryImageOfPage\":{\"@id\":\"https:\/\/www.electroluxprofessional.com\/no\/baerekraftige-losninger\/#primaryimage\"},\"image\":{\"@id\":\"https:\/\/www.electroluxprofessional.com\/no\/baerekraftige-losninger\/#primaryimage\"},\"thumbnailUrl\":\"https:\/\/www.electroluxprofessional.com\/no\/wp-content\/uploads\/2026\/02\/A-sustainable-approach_1.jpeg\",\"datePublished\":\"2026-02-27T10:52:34+00:00\",\"dateModified\":\"2026-04-16T10:31:10+00:00\",\"description\":\"Electrolux Professional b\u00e6rekraftige l\u00f8sninger. Energieffektivt utstyr designet for \u00e5 redusere forbruket og \u00f8ke ytelsen for en b\u00e6rekraftig fremtid.\",\"breadcrumb\":{\"@id\":\"https:\/\/www.electroluxprofessional.com\/no\/baerekraftige-losninger\/#breadcrumb\"},\"inLanguage\":\"nb-NO\",\"potentialAction\":[{\"@type\":\"ReadAction\",\"target\":[\"https:\/\/www.electroluxprofessional.com\/no\/baerekraftige-losninger\/\"]}]},{\"@type\":\"ImageObject\",\"inLanguage\":\"nb-NO\",\"@id\":\"https:\/\/www.electroluxprofessional.com\/no\/baerekraftige-losninger\/#primaryimage\",\"url\":\"https:\/\/www.electroluxprofessional.com\/no\/wp-content\/uploads\/2026\/02\/A-sustainable-approach_1.jpeg\",\"contentUrl\":\"https:\/\/www.electroluxprofessional.com\/no\/wp-content\/uploads\/2026\/02\/A-sustainable-approach_1.jpeg\",\"width\":577,\"height\":540},{\"@type\":\"BreadcrumbList\",\"@id\":\"https:\/\/www.electroluxprofessional.com\/no\/baerekraftige-losninger\/#breadcrumb\",\"itemListElement\":[{\"@type\":\"ListItem\",\"position\":1,\"name\":\"Home\",\"item\":\"https:\/\/www.electroluxprofessional.com\/no\/\"},{\"@type\":\"ListItem\",\"position\":2,\"name\":\"B\u00e6rekraftige l\u00f8sninger\"}]},{\"@type\":\"WebSite\",\"@id\":\"https:\/\/www.electroluxprofessional.com\/no\/#website\",\"url\":\"https:\/\/www.electroluxprofessional.com\/no\/\",\"name\":\"Electrolux Professional Norge\",\"description\":\"\",\"potentialAction\":[{\"@type\":\"SearchAction\",\"target\":{\"@type\":\"EntryPoint\",\"urlTemplate\":\"https:\/\/www.electroluxprofessional.com\/no\/?src={search_term_string}\"},\"query-input\":\"required name=search_term_string\"}],\"inLanguage\":\"nb-NO\"}]}<\/script>\n<!-- \/ Yoast SEO plugin. -->","yoast_head_json":{"title":"B\u00e6rekraftige l\u00f8sninger - Electrolux Professional Norge","description":"Electrolux Professional b\u00e6rekraftige l\u00f8sninger. Energieffektivt utstyr designet for \u00e5 redusere forbruket og \u00f8ke ytelsen for en b\u00e6rekraftig fremtid.","robots":{"index":"index","follow":"follow","max-snippet":"max-snippet:-1","max-image-preview":"max-image-preview:large","max-video-preview":"max-video-preview:-1"},"canonical":"https:\/\/www.electroluxprofessional.com\/no\/baerekraftige-losninger\/","og_locale":"nb_NO","og_type":"article","og_title":"B\u00e6rekraftige l\u00f8sninger - Electrolux Professional Norge","og_description":"Electrolux Professional b\u00e6rekraftige l\u00f8sninger. Energieffektivt utstyr designet for \u00e5 redusere forbruket og \u00f8ke ytelsen for en b\u00e6rekraftig fremtid.","og_url":"https:\/\/www.electroluxprofessional.com\/no\/baerekraftige-losninger\/","og_site_name":"Electrolux Professional Norge","article_modified_time":"2026-04-16T10:31:10+00:00","og_image":[{"width":577,"height":540,"url":"https:\/\/www.electroluxprofessional.com\/no\/wp-content\/uploads\/2026\/02\/A-sustainable-approach_1.jpeg","type":"image\/jpeg"}],"twitter_card":"summary_large_image","twitter_misc":{"Ansl. lesetid":"5 minutter"},"schema":{"@context":"https:\/\/schema.org","@graph":[{"@type":"WebPage","@id":"https:\/\/www.electroluxprofessional.com\/no\/baerekraftige-losninger\/","url":"https:\/\/www.electroluxprofessional.com\/no\/baerekraftige-losninger\/","name":"B\u00e6rekraftige l\u00f8sninger - Electrolux Professional Norge","isPartOf":{"@id":"https:\/\/www.electroluxprofessional.com\/no\/#website"},"primaryImageOfPage":{"@id":"https:\/\/www.electroluxprofessional.com\/no\/baerekraftige-losninger\/#primaryimage"},"image":{"@id":"https:\/\/www.electroluxprofessional.com\/no\/baerekraftige-losninger\/#primaryimage"},"thumbnailUrl":"https:\/\/www.electroluxprofessional.com\/no\/wp-content\/uploads\/2026\/02\/A-sustainable-approach_1.jpeg","datePublished":"2026-02-27T10:52:34+00:00","dateModified":"2026-04-16T10:31:10+00:00","description":"Electrolux Professional b\u00e6rekraftige l\u00f8sninger. Energieffektivt utstyr designet for \u00e5 redusere forbruket og \u00f8ke ytelsen for en b\u00e6rekraftig fremtid.","breadcrumb":{"@id":"https:\/\/www.electroluxprofessional.com\/no\/baerekraftige-losninger\/#breadcrumb"},"inLanguage":"nb-NO","potentialAction":[{"@type":"ReadAction","target":["https:\/\/www.electroluxprofessional.com\/no\/baerekraftige-losninger\/"]}]},{"@type":"ImageObject","inLanguage":"nb-NO","@id":"https:\/\/www.electroluxprofessional.com\/no\/baerekraftige-losninger\/#primaryimage","url":"https:\/\/www.electroluxprofessional.com\/no\/wp-content\/uploads\/2026\/02\/A-sustainable-approach_1.jpeg","contentUrl":"https:\/\/www.electroluxprofessional.com\/no\/wp-content\/uploads\/2026\/02\/A-sustainable-approach_1.jpeg","width":577,"height":540},{"@type":"BreadcrumbList","@id":"https:\/\/www.electroluxprofessional.com\/no\/baerekraftige-losninger\/#breadcrumb","itemListElement":[{"@type":"ListItem","position":1,"name":"Home","item":"https:\/\/www.electroluxprofessional.com\/no\/"},{"@type":"ListItem","position":2,"name":"B\u00e6rekraftige l\u00f8sninger"}]},{"@type":"WebSite","@id":"https:\/\/www.electroluxprofessional.com\/no\/#website","url":"https:\/\/www.electroluxprofessional.com\/no\/","name":"Electrolux Professional Norge","description":"","potentialAction":[{"@type":"SearchAction","target":{"@type":"EntryPoint","urlTemplate":"https:\/\/www.electroluxprofessional.com\/no\/?src={search_term_string}"},"query-input":"required name=search_term_string"}],"inLanguage":"nb-NO"}]}},"_links":{"self":[{"href":"https:\/\/www.electroluxprofessional.com\/no\/wp-json\/wp\/v2\/pages\/15488"}],"collection":[{"href":"https:\/\/www.electroluxprofessional.com\/no\/wp-json\/wp\/v2\/pages"}],"about":[{"href":"https:\/\/www.electroluxprofessional.com\/no\/wp-json\/wp\/v2\/types\/page"}],"author":[{"embeddable":true,"href":"https:\/\/www.electroluxprofessional.com\/no\/wp-json\/wp\/v2\/users\/1"}],"replies":[{"embeddable":true,"href":"https:\/\/www.electroluxprofessional.com\/no\/wp-json\/wp\/v2\/comments?post=15488"}],"version-history":[{"count":13,"href":"https:\/\/www.electroluxprofessional.com\/no\/wp-json\/wp\/v2\/pages\/15488\/revisions"}],"predecessor-version":[{"id":16222,"href":"https:\/\/www.electroluxprofessional.com\/no\/wp-json\/wp\/v2\/pages\/15488\/revisions\/16222"}],"wp:featuredmedia":[{"embeddable":true,"href":"https:\/\/www.electroluxprofessional.com\/no\/wp-json\/wp\/v2\/media\/15469"}],"wp:attachment":[{"href":"https:\/\/www.electroluxprofessional.com\/no\/wp-json\/wp\/v2\/media?parent=15488"}],"curies":[{"name":"wp","href":"https:\/\/api.w.org\/{rel}","templated":true}]}}