{"id":15485,"date":"2026-02-27T10:52:29","date_gmt":"2026-02-27T10:52:29","guid":{"rendered":"https:\/\/www.electroluxprofessional.com\/no\/?page_id=15485"},"modified":"2026-04-16T10:30:28","modified_gmt":"2026-04-16T10:30:28","slug":"baerekraftsvurderinger-og-sertifikater","status":"publish","type":"page","link":"https:\/\/www.electroluxprofessional.com\/no\/baerekraftige-losninger\/baerekraftsvurderinger-og-sertifikater\/","title":{"rendered":"B\u00e6rekraftsvurderinger og sertifikater"},"content":{"rendered":"<p>[vc_row full_width=&#8221;electroluxpro-full-width-no-padding&#8221;][vc_column][elx_image_block background_image=&#8221;15482&#8243; minimum_height=&#8221;400px&#8221;][\/vc_column][\/vc_row][vc_row][vc_column][vc_row_inner][vc_column_inner offset=&#8221;vc_hidden-sm vc_hidden-xs&#8221;][vc_empty_space height=&#8221;80px&#8221;][\/vc_column_inner][\/vc_row_inner][vc_row_inner][vc_column_inner offset=&#8221;vc_hidden-lg vc_hidden-md&#8221;][vc_empty_space][\/vc_column_inner][\/vc_row_inner][elx_heading font_container=&#8221;h1&#8243; text_color=&#8221;electrolux-blue&#8221; text_align=&#8221;text-center&#8221;]B\u00e6rekraftsvurderinger og sertifikater[\/elx_heading][vc_empty_space height=&#8221;14px&#8221;][vc_column_text]<\/p>\n<p style=\"text-align: center;\">Vi styrker v\u00e5rt engasjement for en b\u00e6rekraftig fremtid gjennom milj\u00f8messig \u00e5penhet.<\/p>\n<p>[\/vc_column_text][vc_row_inner][vc_column_inner offset=&#8221;vc_hidden-sm vc_hidden-xs&#8221;][vc_empty_space height=&#8221;80px&#8221;][\/vc_column_inner][\/vc_row_inner][vc_row_inner][vc_column_inner offset=&#8221;vc_hidden-lg vc_hidden-md&#8221;][vc_empty_space][\/vc_column_inner][\/vc_row_inner][\/vc_column][\/vc_row][vc_row css=&#8221;.vc_custom_1758284570657{background-color: #F5F5F5 !important;}&#8221;][vc_column][vc_empty_space height=&#8221;50px&#8221;][\/vc_column][\/vc_row][vc_row equal_height=&#8221;yes&#8221; css=&#8221;.vc_custom_1758802186212{background-color: #F5F5F5 !important;}&#8221;][vc_column width=&#8221;3\/5&#8243; el_class=&#8221;align-vertical-center&#8221;][elx_heading font_size=&#8221;h4&#8243; text_color=&#8221;electrolux-blue&#8221; text_align=&#8221;text-left&#8221;]I 2025 er vi stolte over \u00e5 ha blitt tildelt den prestisjetunge Gold Sustainability Rating fra EcoVadis, som plasserer oss blant de 5 % beste selskapene som er vurdert globalt.[\/elx_heading][vc_row_inner][vc_column_inner offset=&#8221;vc_hidden-lg vc_hidden-md vc_hidden-sm&#8221;][vc_empty_space][\/vc_column_inner][\/vc_row_inner][\/vc_column][vc_column width=&#8221;2\/5&#8243;][vc_single_image image=&#8221;15483&#8243; img_size=&#8221;200&#215;200&#8243; alignment=&#8221;center&#8221;][\/vc_column][\/vc_row][vc_row css=&#8221;.vc_custom_1771583221625{background-color: #f5f5f5 !important;}&#8221;][vc_column][vc_empty_space height=&#8221;50px&#8221;][\/vc_column][\/vc_row][vc_row][vc_column][vc_empty_space height=&#8221;80px&#8221;][\/vc_column][\/vc_row][vc_row css=&#8221;.vc_custom_1758794818846{background-image: url(https:\/\/eprdev.comunicazione21.com\/wp-content\/uploads\/2025\/09\/Screenshot-2025-09-25-115810.jpg?id=56214) !important;background-position: center !important;background-repeat: no-repeat !important;background-size: cover !important;}&#8221;][vc_column][vc_empty_space height=&#8221;64px&#8221;][vc_row_inner][vc_column_inner][vc_column_text]<\/p>\n<p style=\"text-align: center;\"><span style=\"color: #ffffff;\">HVA VI HAR OPPN\u00c5DD S\u00c5 LANGT<\/span><\/p>\n<p>[\/vc_column_text][vc_empty_space][elx_heading text_color=&#8221;white&#8221; text_align=&#8221;text-center&#8221;]I 2024 har vi oppn\u00e5dd betydelig fremgang p\u00e5<br \/>\nalle omr\u00e5der innen b\u00e6rekraft siden 2019.<br \/>\n[\/elx_heading][vc_empty_space][\/vc_column_inner][\/vc_row_inner][vc_row_inner][vc_column_inner width=&#8221;1\/3&#8243;][vc_column_text]<\/p>\n<p style=\"font-size: 83px; text-align: center;\"><span style=\"color: #ffffff;\"><strong>-70%<\/strong><\/span><\/p>\n<p>[\/vc_column_text][elx_heading font_container=&#8221;h3&#8243; font_size=&#8221;p&#8221; text_color=&#8221;white&#8221; text_align=&#8221;text-center&#8221;]CO2-utslipp scope 1 og 2[\/elx_heading][vc_empty_space][\/vc_column_inner][vc_column_inner width=&#8221;1\/3&#8243;][vc_column_text]<\/p>\n<p style=\"font-size: 83px; text-align: center;\"><span style=\"color: #ffffff;\"><strong>92%<\/strong><\/span><\/p>\n<p>[\/vc_column_text][elx_heading font_container=&#8221;h3&#8243; font_size=&#8221;p&#8221; text_color=&#8221;white&#8221; text_align=&#8221;text-center&#8221;]Fornybar energi[\/elx_heading][vc_empty_space][\/vc_column_inner][vc_column_inner width=&#8221;1\/3&#8243;][vc_column_text]<\/p>\n<p style=\"font-size: 83px; text-align: center;\"><span style=\"color: #ffffff;\"><strong>-41%<\/strong><\/span><\/p>\n<p>[\/vc_column_text][elx_heading font_container=&#8221;h3&#8243; font_size=&#8221;p&#8221; text_color=&#8221;white&#8221; text_align=&#8221;text-center&#8221;]CO2-utslipp scope 3[\/elx_heading][vc_empty_space][\/vc_column_inner][\/vc_row_inner][vc_empty_space height=&#8221;100px&#8221;][\/vc_column][\/vc_row][vc_row][vc_column offset=&#8221;vc_hidden-sm vc_hidden-xs&#8221;][vc_empty_space height=&#8221;80px&#8221;][\/vc_column][\/vc_row][vc_row][vc_column offset=&#8221;vc_hidden-lg vc_hidden-md&#8221;][vc_empty_space][\/vc_column][\/vc_row][vc_row][vc_column][elx_carousel_sust_ratings cards_bg_color=&#8221;card-bg-green&#8221; first_title=&#8221;Klimam\u00e5l&#8221; first_paragraph=&#8221;Electrolux Professional Group er b\u00e6rekraftsledende i v\u00e5r bransje. V\u00e5rt overordnede og ambisi\u00f8se m\u00e5l er \u00e5 bli kliman\u00f8ytrale i egen drift innen 2030.&#8221; card_1_image=&#8221;15514&#8243; card_1_title=&#8221;Redusere CO2-utslipp i scope 1 og 2 fra v\u00e5re industristed med 70 % fra 2019&#8243; card_1_number=&#8221;-70%&#8221; card_1_number_text=&#8221;M\u00e5l n\u00e5dd i 2025&#8243; card_2_image=&#8221;15514&#8243; card_2_title=&#8221;Redusere scope 3-utslipp fra bruk av solgte produkter&#8221; card_2_number=&#8221;-27,5%&#8221; card_2_number_text=&#8221;M\u00e5l n\u00e5dd i 2024&#8243;][vc_empty_space height=&#8221;64px&#8221;][elx_carousel_sust_ratings alignment=&#8221;right&#8221; first_title=&#8221;M\u00e5l for mennesker&#8221; first_paragraph=&#8221;V\u00e5r misjon er \u00e5 gj\u00f8re kundenes arbeidsliv enklere, mer l\u00f8nnsomt \u2013 og virkelig b\u00e6rekraftig hver dag. Dette kan kun oppn\u00e5s gjennom v\u00e5r st\u00f8rste ressurs \u2013 v\u00e5re ansatte.&#8221; card_1_title=&#8221;Helse- og sikkerhetsm\u00e5l for 2026&#8243; card_1_number=&#8221;0,5&#8243; card_1_number_text=&#8221;N\u00e5v\u00e6rende 1,6&#8243; card_2_title=&#8221;M\u00e5l for kj\u00f8nnsbalanse innen 2030&#8243; card_2_number=&#8221;40\/60&#8243; card_2_number_text=&#8221;N\u00e5v\u00e6rende 27\/73&#8243; card_1_paragraph=&#8221;M\u00e5lt i arbeidsrelaterte ulykker per 1 000 000 arbeidstimer&#8221; card_2_paragraph=&#8221;Fordeling menn\/kvinner eller kvinner\/menn&#8221;][\/vc_column][\/vc_row][vc_row][vc_column offset=&#8221;vc_hidden-sm vc_hidden-xs&#8221;][vc_empty_space height=&#8221;80px&#8221;][\/vc_column][\/vc_row][vc_row][vc_column offset=&#8221;vc_hidden-lg vc_hidden-md&#8221;][vc_empty_space][\/vc_column][\/vc_row][vc_row css=&#8221;.vc_custom_1758284570657{background-color: #F5F5F5 !important;}&#8221;][vc_column][vc_empty_space height=&#8221;50px&#8221;][\/vc_column][\/vc_row][vc_row content_placement=&#8221;middle&#8221; css=&#8221;.vc_custom_1758808799747{background-color: #F5F5F5 !important;}&#8221;][vc_column width=&#8221;1\/3&#8243; el_class=&#8221;align-vertical-center&#8221;][vc_row_inner][vc_column_inner][vc_empty_space height=&#8221;42px&#8221;][\/vc_column_inner][\/vc_row_inner][vc_single_image image=&#8221;15484&#8243; img_size=&#8221;400&#215;200&#8243; alignment=&#8221;center&#8221; el_class=&#8221;align-vertical-center&#8221;][\/vc_column][vc_column width=&#8221;2\/3&#8243;][elx_heading text_color=&#8221;electrolux-blue&#8221; text_align=&#8221;text-left&#8221;]Kliman\u00f8ytral innen 2030[\/elx_heading][vc_empty_space height=&#8221;16px&#8221;][vc_column_text]V\u00e5rt overordnede og ambisi\u00f8se m\u00e5l er \u00e5 bli kliman\u00f8ytrale i egen drift innen 2030.<br \/>\nVi st\u00f8tter FNs 2030-agenda og tilh\u00f8rende \u00abSustainable Development Goals\u00bb (SDG\u2019s) og <strong>har forpliktet oss til \u00e5 bli kliman\u00f8ytrale innen 2030<\/strong>.<strong><br \/>\n<\/strong>[\/vc_column_text][vc_empty_space height=&#8221;28px&#8221;][elx_button button_text=&#8221;V\u00c5RE B\u00c6REKRAFTIGE UTVIKLINGSM\u00c5L&#8221; button_display_block=&#8221;display_block_on&#8221; button_alignment_mobile=&#8221;text-left-mobile&#8221; button_link=&#8221;url:https%3A%2F%2Fwww.electroluxprofessionalgroup.com%2Fen%2Fsustainability%2Fsustainable-development-goals%2F|title:V%C3%85RE%20B%C3%86REKRAFTIGE%20UTVIKLINGSM%C3%85L|target:_blank&#8221;][\/vc_column][\/vc_row][vc_row css=&#8221;.vc_custom_1758284570657{background-color: #F5F5F5 !important;}&#8221;][vc_column][vc_empty_space height=&#8221;50px&#8221;][\/vc_column][\/vc_row][vc_row][vc_column][vc_empty_space height=&#8221;80px&#8221;][\/vc_column][\/vc_row][vc_row][vc_column][elx_double_banner_sust tag_title=&#8221;h2&#8243; left_title=&#8221;B\u00e6rekraftige storkj\u00f8kkenl\u00f8sninger&#8221; left_link=&#8221;url:https%3A%2F%2Fwww.electroluxprofessional.com%2Fno%2Fbaerekraftige-losninger%2Fbaerekraftige-storkjokkenlosninger%2F|title:Oppdag%20mer&#8221; right_title=&#8221;B\u00e6rekraftige vaskeri-l\u00f8sninger&#8221; right_link=&#8221;url:https%3A%2F%2Fwww.electroluxprofessional.com%2Fno%2Fbaerekraftige-losninger%2Fforme-den-baerekraftige-vaskeribransjen%2F|title:Oppdag%20mer&#8221; left_image_media_library=&#8221;15513&#8243; right_image_media_library=&#8221;15515&#8243;][\/vc_column][\/vc_row][vc_row][vc_column][vc_empty_space height=&#8221;80px&#8221;][\/vc_column][\/vc_row]<\/p>\n","protected":false},"excerpt":{"rendered":"<p>[vc_row full_width=&#8221;electroluxpro-full-width-no-padding&#8221;][vc_column][elx_image_block background_image=&#8221;15482&#8243; minimum_height=&#8221;400px&#8221;][\/vc_column][\/vc_row][vc_row][vc_column][vc_row_inner][vc_column_inner offset=&#8221;vc_hidden-sm vc_hidden-xs&#8221;][vc_empty_space height=&#8221;80px&#8221;][\/vc_column_inner][\/vc_row_inner][vc_row_inner][vc_column_inner offset=&#8221;vc_hidden-lg vc_hidden-md&#8221;][vc_empty_space][\/vc_column_inner][\/vc_row_inner][elx_heading font_container=&#8221;h1&#8243; text_color=&#8221;electrolux-blue&#8221; text_align=&#8221;text-center&#8221;]B\u00e6rekraftsvurderinger og sertifikater[\/elx_heading][vc_empty_space height=&#8221;14px&#8221;][vc_column_text] Vi styrker v\u00e5rt engasjement for en b\u00e6rekraftig fremtid gjennom milj\u00f8messig \u00e5penhet. [\/vc_column_text][vc_row_inner][vc_column_inner offset=&#8221;vc_hidden-sm vc_hidden-xs&#8221;][vc_empty_space height=&#8221;80px&#8221;][\/vc_column_inner][\/vc_row_inner][vc_row_inner][vc_column_inner offset=&#8221;vc_hidden-lg vc_hidden-md&#8221;][vc_empty_space][\/vc_column_inner][\/vc_row_inner][\/vc_column][\/vc_row][vc_row css=&#8221;.vc_custom_1758284570657{background-color: #F5F5F5 !important;}&#8221;][vc_column][vc_empty_space height=&#8221;50px&#8221;][\/vc_column][\/vc_row][vc_row equal_height=&#8221;yes&#8221; css=&#8221;.vc_custom_1758802186212{background-color: #F5F5F5 !important;}&#8221;][vc_column width=&#8221;3\/5&#8243; el_class=&#8221;align-vertical-center&#8221;][elx_heading font_size=&#8221;h4&#8243; text_color=&#8221;electrolux-blue&#8221; text_align=&#8221;text-left&#8221;]I 2025 er vi stolte over \u00e5 ha blitt tildelt den [&hellip;]<\/p>\n","protected":false},"author":1,"featured_media":15469,"parent":15488,"menu_order":0,"comment_status":"closed","ping_status":"closed","template":"","meta":{"footnotes":""},"class_list":["post-15485","page","type-page","status-publish","has-post-thumbnail","hentry"],"acf":[],"yoast_head":"<!-- This site is optimized with the Yoast SEO plugin v23.3 - https:\/\/yoast.com\/wordpress\/plugins\/seo\/ -->\n<title>B\u00e6rekraftsvurderinger og sertifikater - Electrolux Professional Norge<\/title>\n<meta name=\"description\" content=\"Electrolux Professional b\u00e6rekraftsrangeringer og sertifikater. Oppdag v\u00e5re klimam\u00e5l og anerkjennelser tildelt av ledende globale ratinginstitutter for v\u00e5r b\u00e6rekraftsytelse.\" \/>\n<meta name=\"robots\" content=\"index, follow, max-snippet:-1, max-image-preview:large, max-video-preview:-1\" \/>\n<link rel=\"canonical\" href=\"https:\/\/www.electroluxprofessional.com\/no\/baerekraftige-losninger\/baerekraftsvurderinger-og-sertifikater\/\" \/>\n<meta property=\"og:locale\" content=\"nb_NO\" \/>\n<meta property=\"og:type\" content=\"article\" \/>\n<meta property=\"og:title\" content=\"B\u00e6rekraftsvurderinger og sertifikater - Electrolux Professional Norge\" \/>\n<meta property=\"og:description\" content=\"Electrolux Professional b\u00e6rekraftsrangeringer og sertifikater. Oppdag v\u00e5re klimam\u00e5l og anerkjennelser tildelt av ledende globale ratinginstitutter for v\u00e5r b\u00e6rekraftsytelse.\" \/>\n<meta property=\"og:url\" content=\"https:\/\/www.electroluxprofessional.com\/no\/baerekraftige-losninger\/baerekraftsvurderinger-og-sertifikater\/\" \/>\n<meta property=\"og:site_name\" content=\"Electrolux Professional Norge\" \/>\n<meta property=\"article:modified_time\" content=\"2026-04-16T10:30:28+00:00\" \/>\n<meta property=\"og:image\" content=\"https:\/\/www.electroluxprofessional.com\/no\/wp-content\/uploads\/2026\/02\/A-sustainable-approach_1.jpeg\" \/>\n\t<meta property=\"og:image:width\" content=\"577\" \/>\n\t<meta property=\"og:image:height\" content=\"540\" \/>\n\t<meta property=\"og:image:type\" content=\"image\/jpeg\" \/>\n<meta name=\"twitter:card\" content=\"summary_large_image\" \/>\n<meta name=\"twitter:label1\" content=\"Ansl. lesetid\" \/>\n\t<meta name=\"twitter:data1\" content=\"4 minutter\" \/>\n<script type=\"application\/ld+json\" class=\"yoast-schema-graph\">{\"@context\":\"https:\/\/schema.org\",\"@graph\":[{\"@type\":\"WebPage\",\"@id\":\"https:\/\/www.electroluxprofessional.com\/no\/baerekraftige-losninger\/baerekraftsvurderinger-og-sertifikater\/\",\"url\":\"https:\/\/www.electroluxprofessional.com\/no\/baerekraftige-losninger\/baerekraftsvurderinger-og-sertifikater\/\",\"name\":\"B\u00e6rekraftsvurderinger og sertifikater - Electrolux Professional Norge\",\"isPartOf\":{\"@id\":\"https:\/\/www.electroluxprofessional.com\/no\/#website\"},\"primaryImageOfPage\":{\"@id\":\"https:\/\/www.electroluxprofessional.com\/no\/baerekraftige-losninger\/baerekraftsvurderinger-og-sertifikater\/#primaryimage\"},\"image\":{\"@id\":\"https:\/\/www.electroluxprofessional.com\/no\/baerekraftige-losninger\/baerekraftsvurderinger-og-sertifikater\/#primaryimage\"},\"thumbnailUrl\":\"https:\/\/www.electroluxprofessional.com\/no\/wp-content\/uploads\/2026\/02\/A-sustainable-approach_1.jpeg\",\"datePublished\":\"2026-02-27T10:52:29+00:00\",\"dateModified\":\"2026-04-16T10:30:28+00:00\",\"description\":\"Electrolux Professional b\u00e6rekraftsrangeringer og sertifikater. Oppdag v\u00e5re klimam\u00e5l og anerkjennelser tildelt av ledende globale ratinginstitutter for v\u00e5r b\u00e6rekraftsytelse.\",\"breadcrumb\":{\"@id\":\"https:\/\/www.electroluxprofessional.com\/no\/baerekraftige-losninger\/baerekraftsvurderinger-og-sertifikater\/#breadcrumb\"},\"inLanguage\":\"nb-NO\",\"potentialAction\":[{\"@type\":\"ReadAction\",\"target\":[\"https:\/\/www.electroluxprofessional.com\/no\/baerekraftige-losninger\/baerekraftsvurderinger-og-sertifikater\/\"]}]},{\"@type\":\"ImageObject\",\"inLanguage\":\"nb-NO\",\"@id\":\"https:\/\/www.electroluxprofessional.com\/no\/baerekraftige-losninger\/baerekraftsvurderinger-og-sertifikater\/#primaryimage\",\"url\":\"https:\/\/www.electroluxprofessional.com\/no\/wp-content\/uploads\/2026\/02\/A-sustainable-approach_1.jpeg\",\"contentUrl\":\"https:\/\/www.electroluxprofessional.com\/no\/wp-content\/uploads\/2026\/02\/A-sustainable-approach_1.jpeg\",\"width\":577,\"height\":540},{\"@type\":\"BreadcrumbList\",\"@id\":\"https:\/\/www.electroluxprofessional.com\/no\/baerekraftige-losninger\/baerekraftsvurderinger-og-sertifikater\/#breadcrumb\",\"itemListElement\":[{\"@type\":\"ListItem\",\"position\":1,\"name\":\"Home\",\"item\":\"https:\/\/www.electroluxprofessional.com\/no\/\"},{\"@type\":\"ListItem\",\"position\":2,\"name\":\"B\u00e6rekraftige l\u00f8sninger\",\"item\":\"https:\/\/www.electroluxprofessional.com\/no\/baerekraftige-losninger\/\"},{\"@type\":\"ListItem\",\"position\":3,\"name\":\"B\u00e6rekraftsvurderinger og sertifikater\"}]},{\"@type\":\"WebSite\",\"@id\":\"https:\/\/www.electroluxprofessional.com\/no\/#website\",\"url\":\"https:\/\/www.electroluxprofessional.com\/no\/\",\"name\":\"Electrolux Professional Norge\",\"description\":\"\",\"potentialAction\":[{\"@type\":\"SearchAction\",\"target\":{\"@type\":\"EntryPoint\",\"urlTemplate\":\"https:\/\/www.electroluxprofessional.com\/no\/?src={search_term_string}\"},\"query-input\":\"required name=search_term_string\"}],\"inLanguage\":\"nb-NO\"}]}<\/script>\n<!-- \/ Yoast SEO plugin. -->","yoast_head_json":{"title":"B\u00e6rekraftsvurderinger og sertifikater - Electrolux Professional Norge","description":"Electrolux Professional b\u00e6rekraftsrangeringer og sertifikater. Oppdag v\u00e5re klimam\u00e5l og anerkjennelser tildelt av ledende globale ratinginstitutter for v\u00e5r b\u00e6rekraftsytelse.","robots":{"index":"index","follow":"follow","max-snippet":"max-snippet:-1","max-image-preview":"max-image-preview:large","max-video-preview":"max-video-preview:-1"},"canonical":"https:\/\/www.electroluxprofessional.com\/no\/baerekraftige-losninger\/baerekraftsvurderinger-og-sertifikater\/","og_locale":"nb_NO","og_type":"article","og_title":"B\u00e6rekraftsvurderinger og sertifikater - Electrolux Professional Norge","og_description":"Electrolux Professional b\u00e6rekraftsrangeringer og sertifikater. Oppdag v\u00e5re klimam\u00e5l og anerkjennelser tildelt av ledende globale ratinginstitutter for v\u00e5r b\u00e6rekraftsytelse.","og_url":"https:\/\/www.electroluxprofessional.com\/no\/baerekraftige-losninger\/baerekraftsvurderinger-og-sertifikater\/","og_site_name":"Electrolux Professional Norge","article_modified_time":"2026-04-16T10:30:28+00:00","og_image":[{"width":577,"height":540,"url":"https:\/\/www.electroluxprofessional.com\/no\/wp-content\/uploads\/2026\/02\/A-sustainable-approach_1.jpeg","type":"image\/jpeg"}],"twitter_card":"summary_large_image","twitter_misc":{"Ansl. lesetid":"4 minutter"},"schema":{"@context":"https:\/\/schema.org","@graph":[{"@type":"WebPage","@id":"https:\/\/www.electroluxprofessional.com\/no\/baerekraftige-losninger\/baerekraftsvurderinger-og-sertifikater\/","url":"https:\/\/www.electroluxprofessional.com\/no\/baerekraftige-losninger\/baerekraftsvurderinger-og-sertifikater\/","name":"B\u00e6rekraftsvurderinger og sertifikater - Electrolux Professional Norge","isPartOf":{"@id":"https:\/\/www.electroluxprofessional.com\/no\/#website"},"primaryImageOfPage":{"@id":"https:\/\/www.electroluxprofessional.com\/no\/baerekraftige-losninger\/baerekraftsvurderinger-og-sertifikater\/#primaryimage"},"image":{"@id":"https:\/\/www.electroluxprofessional.com\/no\/baerekraftige-losninger\/baerekraftsvurderinger-og-sertifikater\/#primaryimage"},"thumbnailUrl":"https:\/\/www.electroluxprofessional.com\/no\/wp-content\/uploads\/2026\/02\/A-sustainable-approach_1.jpeg","datePublished":"2026-02-27T10:52:29+00:00","dateModified":"2026-04-16T10:30:28+00:00","description":"Electrolux Professional b\u00e6rekraftsrangeringer og sertifikater. Oppdag v\u00e5re klimam\u00e5l og anerkjennelser tildelt av ledende globale ratinginstitutter for v\u00e5r b\u00e6rekraftsytelse.","breadcrumb":{"@id":"https:\/\/www.electroluxprofessional.com\/no\/baerekraftige-losninger\/baerekraftsvurderinger-og-sertifikater\/#breadcrumb"},"inLanguage":"nb-NO","potentialAction":[{"@type":"ReadAction","target":["https:\/\/www.electroluxprofessional.com\/no\/baerekraftige-losninger\/baerekraftsvurderinger-og-sertifikater\/"]}]},{"@type":"ImageObject","inLanguage":"nb-NO","@id":"https:\/\/www.electroluxprofessional.com\/no\/baerekraftige-losninger\/baerekraftsvurderinger-og-sertifikater\/#primaryimage","url":"https:\/\/www.electroluxprofessional.com\/no\/wp-content\/uploads\/2026\/02\/A-sustainable-approach_1.jpeg","contentUrl":"https:\/\/www.electroluxprofessional.com\/no\/wp-content\/uploads\/2026\/02\/A-sustainable-approach_1.jpeg","width":577,"height":540},{"@type":"BreadcrumbList","@id":"https:\/\/www.electroluxprofessional.com\/no\/baerekraftige-losninger\/baerekraftsvurderinger-og-sertifikater\/#breadcrumb","itemListElement":[{"@type":"ListItem","position":1,"name":"Home","item":"https:\/\/www.electroluxprofessional.com\/no\/"},{"@type":"ListItem","position":2,"name":"B\u00e6rekraftige l\u00f8sninger","item":"https:\/\/www.electroluxprofessional.com\/no\/baerekraftige-losninger\/"},{"@type":"ListItem","position":3,"name":"B\u00e6rekraftsvurderinger og sertifikater"}]},{"@type":"WebSite","@id":"https:\/\/www.electroluxprofessional.com\/no\/#website","url":"https:\/\/www.electroluxprofessional.com\/no\/","name":"Electrolux Professional Norge","description":"","potentialAction":[{"@type":"SearchAction","target":{"@type":"EntryPoint","urlTemplate":"https:\/\/www.electroluxprofessional.com\/no\/?src={search_term_string}"},"query-input":"required name=search_term_string"}],"inLanguage":"nb-NO"}]}},"_links":{"self":[{"href":"https:\/\/www.electroluxprofessional.com\/no\/wp-json\/wp\/v2\/pages\/15485"}],"collection":[{"href":"https:\/\/www.electroluxprofessional.com\/no\/wp-json\/wp\/v2\/pages"}],"about":[{"href":"https:\/\/www.electroluxprofessional.com\/no\/wp-json\/wp\/v2\/types\/page"}],"author":[{"embeddable":true,"href":"https:\/\/www.electroluxprofessional.com\/no\/wp-json\/wp\/v2\/users\/1"}],"replies":[{"embeddable":true,"href":"https:\/\/www.electroluxprofessional.com\/no\/wp-json\/wp\/v2\/comments?post=15485"}],"version-history":[{"count":13,"href":"https:\/\/www.electroluxprofessional.com\/no\/wp-json\/wp\/v2\/pages\/15485\/revisions"}],"predecessor-version":[{"id":16221,"href":"https:\/\/www.electroluxprofessional.com\/no\/wp-json\/wp\/v2\/pages\/15485\/revisions\/16221"}],"up":[{"embeddable":true,"href":"https:\/\/www.electroluxprofessional.com\/no\/wp-json\/wp\/v2\/pages\/15488"}],"wp:featuredmedia":[{"embeddable":true,"href":"https:\/\/www.electroluxprofessional.com\/no\/wp-json\/wp\/v2\/media\/15469"}],"wp:attachment":[{"href":"https:\/\/www.electroluxprofessional.com\/no\/wp-json\/wp\/v2\/media?parent=15485"}],"curies":[{"name":"wp","href":"https:\/\/api.w.org\/{rel}","templated":true}]}}