{"id":1526,"date":"2017-01-25T10:44:03","date_gmt":"2017-01-25T10:44:03","guid":{"rendered":"https:\/\/www.electroluxprofessional.com\/no\/?page_id=1526"},"modified":"2025-11-05T13:40:38","modified_gmt":"2025-11-05T13:40:38","slug":"900xp-og-700xp-koke-stekelinje","status":"publish","type":"page","link":"https:\/\/www.electroluxprofessional.com\/no\/900xp-og-700xp-koke-stekelinje\/","title":{"rendered":"900XP og 700XP koke-\/stekelinje"},"content":{"rendered":"<p>[vc_row full_width=&#8221;electroluxpro-full-width-no-padding&#8221;][vc_column][elx_hero_slider label_text_color=&#8221;inherit&#8221; images=&#8221;706&#8243;][elx_heading font_container=&#8221;h1&#8243; font_size=&#8221;h2&#8243; text_color=&#8221;inherit&#8221;]900XP og 700XP koke- og stekelinje[\/elx_heading][vc_column_text]<\/p>\n<p>Stol p\u00e5 erfaringene.<\/p>\n<p>[\/vc_column_text][\/elx_hero_slider][\/vc_column][\/vc_row][vc_row][vc_column][vc_empty_space][\/vc_column][\/vc_row][vc_row][vc_column][elx_heading font_container=&#8221;h3&#8243; text_color=&#8221;inherit&#8221;]<\/p>\n<p style=\"text-align: center;\"><strong>900XP og 700XP koke- og stekelinjer<\/strong>\u00a0passer perfekt til b\u00e5de\u00a0<strong>fastfood restauranter<\/strong> og <strong>full service restauranter<\/strong><\/p>\n<p>[\/elx_heading][vc_single_image image=&#8221;862&#8243; img_size=&#8221;full&#8221; alignment=&#8221;center&#8221;][vc_empty_space][elx_heading font_container=&#8221;h3&#8243; text_color=&#8221;inherit&#8221;]<\/p>\n<p style=\"text-align: center;\">\u00a0900XP serien<\/p>\n<p>[\/elx_heading][vc_column_text]<\/p>\n<ul>\n<li><strong>Automatisk Pastakoker HP<\/strong>\u00a0er ekstremt allsidig. Ikke bare pasta, den koker kj\u00f8tt, gr\u00f8nnsaker, poteter, ris, b\u00f8nner m.m.<\/li>\n<li><strong>PowerGrill<\/strong>: h\u00f8yeffektivt grillsystem og f\u00f8rsteklasses varme egenskaper.<\/li>\n<li><strong>1200mm-bredde Fry TopHP<\/strong>: superb produktivitet og kvalitet.<\/li>\n<li><strong>Gass konveksjonsovn<\/strong>: \u00f8kt produktivitet ved tilberedning p\u00e5 2 niv\u00e5er og maksimal behandling.<\/li>\n<li><strong>\u201cFlower flame\u201d brennere<\/strong>: flammen justeres til kjeler og panner uansett diameter, varmer kun opp bunnen.<\/li>\n<\/ul>\n<p>[\/vc_column_text][\/vc_column][\/vc_row][vc_row][vc_column width=&#8221;1\/3&#8243;]<div class=\"product-list-item\"><div class=\"single-product-content\"><a href=\"https:\/\/www.electroluxprofessional.com\/no\/pd\/varmk\u00f6ksutrustning\/spisserie-e-xp-900\/spisar-gas\/spisar-gas-frist\u00e5ende\/modular-cooking-900xp-spis-gas-elugn-4-br\u00e4nnare-800-mm-391164\/\" target=\"_blank\"><figure class=\"wow fadeIn\"><img decoding=\"async\" src=\"https:\/\/tools.electroluxprofessional.com\/Mirror\/Doc\/PH_255x255%2FPH_391010_1_3_391010.jpg\" alt=\"Modular Cooking<br>900XP Spis, Gas, Elugn, 4 Br\u00e4nnare, 800 MM\"><\/figure><h3>Modular Cooking<br>900XP Spis, Gas, Elugn, 4 Br\u00e4nnare, 800 MM<\/h3><\/a><div class=\"product-code\">391164<\/div><div class=\"product-description\"><\/div><\/div><hr><div class=\"pre-actions\"><div class=\"reviews\"><\/div><\/div><div class=\"action\"><a href=\"https:\/\/www.electroluxprofessional.com\/no\/pd\/varmk\u00f6ksutrustning\/spisserie-e-xp-900\/spisar-gas\/spisar-gas-frist\u00e5ende\/modular-cooking-900xp-spis-gas-elugn-4-br\u00e4nnare-800-mm-391164\/\" target=\"_blank\" class=\"btn btn-primary\">More Info<\/a><\/div><\/div>[\/vc_column][vc_column width=&#8221;1\/3&#8243;][\/vc_column][vc_column width=&#8221;1\/3&#8243;]<div class=\"product-list-item\"><div class=\"single-product-content\"><a href=\"https:\/\/www.electroluxprofessional.com\/no\/pd\/varmk\u00f6ksutrustning\/spisserie-e-xp-900\/spisar-el\/spisar-el-frist\u00e5ende\/modular-cooking-900xp-spis-el-ugn.-4-plattor.-800-mm.-391041\/\" target=\"_blank\"><figure class=\"wow fadeIn\"><img decoding=\"async\" src=\"https:\/\/tools.electroluxprofessional.com\/Mirror\/Doc\/PH_255x255%2FPH_391041_1_4_391041.jpg\" alt=\"Modular Cooking<br>900XP Spis, El-, Ugn. 4 Plattor. 800 MM.\"><\/figure><h3>Modular Cooking<br>900XP Spis, El-, Ugn. 4 Plattor. 800 MM.<\/h3><\/a><div class=\"product-code\">391041<\/div><div class=\"product-description\">Elspis. Golvmodell. 800mm. 4 fyrkantiga gjutj\u00e4rnsplattor (4x4kW). Elugn (6kW).<\/div><\/div><hr><div class=\"pre-actions\"><div class=\"reviews\"><\/div><\/div><div class=\"action\"><a href=\"https:\/\/www.electroluxprofessional.com\/no\/pd\/varmk\u00f6ksutrustning\/spisserie-e-xp-900\/spisar-el\/spisar-el-frist\u00e5ende\/modular-cooking-900xp-spis-el-ugn.-4-plattor.-800-mm.-391041\/\" target=\"_blank\" class=\"btn btn-primary\">More Info<\/a><\/div><\/div>[\/vc_column][\/vc_row][vc_row][vc_column width=&#8221;1\/3&#8243;][\/vc_column][vc_column width=&#8221;1\/3&#8243;]<div class=\"product-list-item\"><div class=\"single-product-content\"><a href=\"https:\/\/www.electroluxprofessional.com\/no\/pd\/varmk\u00f6ksutrustning\/spisserie-e-xp-900\/frit\u00f6ser\/frit\u00f6s-el\/modular-cooking-range-line-900xp-frit\u00f6s-el-18+18l-400mm-391095\/\" target=\"_blank\"><figure class=\"wow fadeIn\"><img decoding=\"async\" src=\"https:\/\/tools.electroluxprofessional.com\/Mirror\/Doc\/PH_255x255%2FPH_391095_1_1_391095.jpg\" alt=\"Modular Cooking Range Line<br>900XP Frit\u00f6s, El, 18+18L, 400MM\"><\/figure><h3>Modular Cooking Range Line<br>900XP Frit\u00f6s, El, 18+18L, 400MM<\/h3><\/a><div class=\"product-code\">391095<\/div><div class=\"product-description\">Frit\u00f6s. El. Golvmodell. 800mm. 2 bass\u00e4nger (18+18L). Synliga element.<\/div><\/div><hr><div class=\"pre-actions\"><div class=\"reviews\"><\/div><\/div><div class=\"action\"><a href=\"https:\/\/www.electroluxprofessional.com\/no\/pd\/varmk\u00f6ksutrustning\/spisserie-e-xp-900\/frit\u00f6ser\/frit\u00f6s-el\/modular-cooking-range-line-900xp-frit\u00f6s-el-18+18l-400mm-391095\/\" target=\"_blank\" class=\"btn btn-primary\">More Info<\/a><\/div><\/div>[\/vc_column][vc_column width=&#8221;1\/3&#8243;][\/vc_column][\/vc_row][vc_row][vc_column width=&#8221;1\/3&#8243;]<div class=\"product-list-item\"><div class=\"single-product-content\"><a href=\"https:\/\/www.electroluxprofessional.com\/no\/pd\/varmk\u00f6ksutrustning\/spisserie-e-xp-900\/grillar\/grillar-el\/modular-cooking-elektrisk-grill-golvmodell-800-mm-391271\/\" target=\"_blank\"><figure class=\"wow fadeIn\"><img decoding=\"async\" src=\"https:\/\/tools.electroluxprofessional.com\/Mirror\/Doc\/PH_255x255%2FPH_391271_1_1_391271.jpg\" alt=\"Modular Cooking<br>Elektrisk Grill, Golvmodell, 800 mm\"><\/figure><h3>Modular Cooking<br>Elektrisk Grill, Golvmodell, 800 mm<\/h3><\/a><div class=\"product-code\">391271<\/div><div class=\"product-description\">Grill. El. Golvmodell. 800mm.<\/div><\/div><hr><div class=\"pre-actions\"><div class=\"reviews\"><\/div><\/div><div class=\"action\"><a href=\"https:\/\/www.electroluxprofessional.com\/no\/pd\/varmk\u00f6ksutrustning\/spisserie-e-xp-900\/grillar\/grillar-el\/modular-cooking-elektrisk-grill-golvmodell-800-mm-391271\/\" target=\"_blank\" class=\"btn btn-primary\">More Info<\/a><\/div><\/div>[\/vc_column][vc_column width=&#8221;1\/3&#8243;][\/vc_column][vc_column width=&#8221;1\/3&#8243;][\/vc_column][\/vc_row][vc_row][vc_column][vc_single_image image=&#8221;863&#8243; img_size=&#8221;full&#8221; alignment=&#8221;center&#8221;][vc_column_text]Vi har et bredt utvalg av produkter innen XP-serien. Nedenfor viser vi kun et lite utvalg. Kontakt oss for mer informasjon.[\/vc_column_text][elx_heading font_container=&#8221;h3&#8243; text_color=&#8221;inherit&#8221;]<\/p>\n<p style=\"text-align: center;\">700XP serien<\/p>\n<p>[\/elx_heading][vc_column_text]Den nye<strong> 700XP<\/strong>\u00a0linjen mikser en rekke smarte l\u00f8sninger for \u00e5 \u00f8ke effektiviteten og produktiviteten:<\/p>\n<ul>\n<li>Kraftig <strong>induksjontopp<\/strong>\u00a0og &#8211;<strong>wok \u00f8ker ytelsen<\/strong>\u00a0samtidig med lavt varmeutslipp og bedre arbeidsmilj\u00f8.<\/li>\n<\/ul>\n<ul>\n<li>Den\u00a0<strong>elektriske Hob Top<\/strong>\u00a0gir sm\u00e5, arbeidskrevende kj\u00f8kken \u00f8kt produktivitet sammenlignet med standard elektriske plater.<\/li>\n<\/ul>\n<ul>\n<li>Den eksklusive <strong>\u201cflower flame\u201d brennere garanterer fleksibilitet og h\u00f8y effektivitet.\u00a0<\/strong>\u00a0Den unike formen<strong>, gj\u00f8r at flammen justerer seg presis til pannen eller kjelens diameter.<\/strong><\/li>\n<\/ul>\n<p>[\/vc_column_text][\/vc_column][\/vc_row][vc_row][vc_column width=&#8221;1\/3&#8243;]<div class=\"product-list-item\"><div class=\"single-product-content\"><a href=\"https:\/\/www.electroluxprofessional.com\/no\/pd\/varmk\u00f6ksutrustning\/spisserie-e-xp-700\/spisar-gas\/spisar-gas-frist\u00e5ende\/modular-cooking-gasspis-4-br\u00e4nnare-+-elugn-800-mm-371125\/\" target=\"_blank\"><figure class=\"wow fadeIn\"><img decoding=\"async\" src=\"https:\/\/tools.electroluxprofessional.com\/Mirror\/Doc\/PH_255x255%2FPH_371003_1_1_371003.jpg\" alt=\"Modular Cooking<br>Gasspis 4 Br\u00e4nnare + Elugn, 800 MM\"><\/figure><h3>Modular Cooking<br>Gasspis 4 Br\u00e4nnare + Elugn, 800 MM<\/h3><\/a><div class=\"product-code\">371125<\/div><div class=\"product-description\"><\/div><\/div><hr><div class=\"pre-actions\"><div class=\"reviews\"><\/div><\/div><div class=\"action\"><a href=\"https:\/\/www.electroluxprofessional.com\/no\/pd\/varmk\u00f6ksutrustning\/spisserie-e-xp-700\/spisar-gas\/spisar-gas-frist\u00e5ende\/modular-cooking-gasspis-4-br\u00e4nnare-+-elugn-800-mm-371125\/\" target=\"_blank\" class=\"btn btn-primary\">More Info<\/a><\/div><\/div>[\/vc_column][vc_column width=&#8221;1\/3&#8243;]<div class=\"product-list-item\"><div class=\"single-product-content\"><a href=\"https:\/\/www.electroluxprofessional.com\/no\/pd\/varmk\u00f6ksutrustning\/spisserie-e-xp-700\/spisar-gas-frist\u00e5ende-med-hel-h\u00e4ll\/modular-cooking-700xp-gash\u00e4llspis.-golvmodell.-800mm.-h\u00e4llbr\u00e4nnare-371008\/\" target=\"_blank\"><figure class=\"wow fadeIn\"><img decoding=\"async\" src=\"https:\/\/tools.electroluxprofessional.com\/Mirror\/Doc\/PH_255x255%2FPH_371008_1_1_371008.jpg\" alt=\"Modular Cooking<br>700XP Gash\u00e4llspis. Golvmodell. 800mm. H\u00e4llbr\u00e4nnare\"><\/figure><h3>Modular Cooking<br>700XP Gash\u00e4llspis. Golvmodell. 800mm. H\u00e4llbr\u00e4nnare<\/h3><\/a><div class=\"product-code\">371008<\/div><div class=\"product-description\">Gash\u00e4llspis. Golvmodell. 800mm. H\u00e4llbr\u00e4nnare (7kW). Gasugn (6kW).<br\/><\/div><\/div><hr><div class=\"pre-actions\"><div class=\"reviews\"><\/div><\/div><div class=\"action\"><a href=\"https:\/\/www.electroluxprofessional.com\/no\/pd\/varmk\u00f6ksutrustning\/spisserie-e-xp-700\/spisar-gas-frist\u00e5ende-med-hel-h\u00e4ll\/modular-cooking-700xp-gash\u00e4llspis.-golvmodell.-800mm.-h\u00e4llbr\u00e4nnare-371008\/\" target=\"_blank\" class=\"btn btn-primary\">More Info<\/a><\/div><\/div>[\/vc_column][vc_column width=&#8221;1\/3&#8243;]<div class=\"product-list-item\"><div class=\"single-product-content\"><a href=\"https:\/\/www.electroluxprofessional.com\/no\/pd\/varmk\u00f6ksutrustning\/spisserie-e-xp-700\/spisar-el\/spisar-el-frist\u00e5ende\/modular-cooking-700xp-4-plattor-elspis.-golvmodell.-800mm-371018\/\" target=\"_blank\"><figure class=\"wow fadeIn\"><img decoding=\"async\" src=\"https:\/\/tools.electroluxprofessional.com\/Mirror\/Doc\/PH_255x255%2FPH_371018_1_1_371018.jpg\" alt=\"Modular Cooking<br>700XP 4-Plattor Elspis. Golvmodell. 800mm\"><\/figure><h3>Modular Cooking<br>700XP 4-Plattor Elspis. Golvmodell. 800mm<\/h3><\/a><div class=\"product-code\">371018<\/div><div class=\"product-description\">Elspis. Golvmodell. 800mm. 4 fyrkantiga plattor (4x2,6kW). Elugn (6kW).<\/div><\/div><hr><div class=\"pre-actions\"><div class=\"reviews\"><\/div><\/div><div class=\"action\"><a href=\"https:\/\/www.electroluxprofessional.com\/no\/pd\/varmk\u00f6ksutrustning\/spisserie-e-xp-700\/spisar-el\/spisar-el-frist\u00e5ende\/modular-cooking-700xp-4-plattor-elspis.-golvmodell.-800mm-371018\/\" target=\"_blank\" class=\"btn btn-primary\">More Info<\/a><\/div><\/div>[\/vc_column][\/vc_row][vc_row][vc_column width=&#8221;1\/3&#8243;]<div class=\"product-list-item\"><div class=\"single-product-content\"><a href=\"https:\/\/www.electroluxprofessional.com\/no\/pd\/varmk\u00f6ksutrustning\/spisserie-e-xp-700\/frit\u00f6ser-gas-och-el\/frist\u00f6s-el-frist\u00e5ende\/modular-cooking-range-line-700xp-frit\u00f6s.-el.-golvmodell.-800mm.-7+7l-371141\/\" target=\"_blank\"><figure class=\"wow fadeIn\"><img decoding=\"async\" src=\"https:\/\/tools.electroluxprofessional.com\/Mirror\/Doc\/PH_255x255%2FPH_371078_1_1_371078.jpg\" alt=\"Modular Cooking Range Line<br>700XP Frit\u00f6s. El. Golvmodell. 800mm. 7+7L\"><\/figure><h3>Modular Cooking Range Line<br>700XP Frit\u00f6s. El. Golvmodell. 800mm. 7+7L<\/h3><\/a><div class=\"product-code\">371141<\/div><div class=\"product-description\"><\/div><\/div><hr><div class=\"pre-actions\"><div class=\"reviews\"><\/div><\/div><div class=\"action\"><a href=\"https:\/\/www.electroluxprofessional.com\/no\/pd\/varmk\u00f6ksutrustning\/spisserie-e-xp-700\/frit\u00f6ser-gas-och-el\/frist\u00f6s-el-frist\u00e5ende\/modular-cooking-range-line-700xp-frit\u00f6s.-el.-golvmodell.-800mm.-7+7l-371141\/\" target=\"_blank\" class=\"btn btn-primary\">More Info<\/a><\/div><\/div>[\/vc_column][vc_column width=&#8221;1\/3&#8243;]<div class=\"product-list-item\"><div class=\"single-product-content\"><a href=\"https:\/\/www.electroluxprofessional.com\/no\/pd\/varmk\u00f6ksutrustning\/spisserie-e-xp-700\/frit\u00f6ser-gas-och-el\/frist\u00f6s-el-frist\u00e5ende\/modular-cooking-range-line-700xp-frit\u00f6s.-el.-golvmodell.-400mm.-15l.-371083\/\" target=\"_blank\"><figure class=\"wow fadeIn\"><img decoding=\"async\" src=\"https:\/\/tools.electroluxprofessional.com\/Mirror\/Doc\/PH_255x255%2FPH_371083_1_1_371083.jpg\" alt=\"Modular Cooking Range Line<br>700XP Frit\u00f6s. El. Golvmodell. 400mm. 15L.\"><\/figure><h3>Modular Cooking Range Line<br>700XP Frit\u00f6s. El. Golvmodell. 400mm. 15L.<\/h3><\/a><div class=\"product-code\">371083<\/div><div class=\"product-description\">Frit\u00f6s. El. Golvmodell. 400mm. 15L. V-formade bass\u00e4nger. Dolda element. Undersk\u00e5p. Programmerbar<\/div><\/div><hr><div class=\"pre-actions\"><div class=\"reviews\"><\/div><\/div><div class=\"action\"><a href=\"https:\/\/www.electroluxprofessional.com\/no\/pd\/varmk\u00f6ksutrustning\/spisserie-e-xp-700\/frit\u00f6ser-gas-och-el\/frist\u00f6s-el-frist\u00e5ende\/modular-cooking-range-line-700xp-frit\u00f6s.-el.-golvmodell.-400mm.-15l.-371083\/\" target=\"_blank\" class=\"btn btn-primary\">More Info<\/a><\/div><\/div>[\/vc_column][vc_column width=&#8221;1\/3&#8243;]<div class=\"product-list-item\"><div class=\"single-product-content\"><a href=\"https:\/\/www.electroluxprofessional.com\/no\/pd\/varmk\u00f6ksutrustning\/spisserie-e-xp-700\/grillar\/grillar-el-frist\u00e5ende\/modular-cooking-grill-el.-golvmodell.-400mm-371241\/\" target=\"_blank\"><figure class=\"wow fadeIn\"><img decoding=\"async\" src=\"https:\/\/tools.electroluxprofessional.com\/Mirror\/Doc\/PH_255x255%2FPH_371241_1_1_371241.jpg\" alt=\"Modular Cooking<br>Grill, el. Golvmodell. 400mm\"><\/figure><h3>Modular Cooking<br>Grill, el. Golvmodell. 400mm<\/h3><\/a><div class=\"product-code\">371241<\/div><div class=\"product-description\">Grill, el. Golvmodell. 400mm.<\/div><\/div><hr><div class=\"pre-actions\"><div class=\"reviews\"><\/div><\/div><div class=\"action\"><a href=\"https:\/\/www.electroluxprofessional.com\/no\/pd\/varmk\u00f6ksutrustning\/spisserie-e-xp-700\/grillar\/grillar-el-frist\u00e5ende\/modular-cooking-grill-el.-golvmodell.-400mm-371241\/\" target=\"_blank\" class=\"btn btn-primary\">More Info<\/a><\/div><\/div>[\/vc_column][\/vc_row][vc_row][vc_column width=&#8221;1\/3&#8243;][\/vc_column][vc_column width=&#8221;1\/3&#8243;][\/vc_column][vc_column width=&#8221;1\/3&#8243;][\/vc_column][\/vc_row][vc_row css=&#8221;.vc_custom_1466591161327{background-color: #041e41 !important;}&#8221;][vc_column][elx_heading text_color=&#8221;inherit&#8221;]Sp\u00f8rsm\u00e5l? Kontakt oss gjerne![\/elx_heading][elx_o2000_contact_us r=&#8221;Jeg \u00f8nsker \u00e5 vite mer om kommersielle kj\u00f8kken&#8221; s=&#8221;Request of information about commercial ranges&#8221; e=&#8221;storkjokken@electrolux.no&#8221; country=&#8221;Norway&#8221; l=&#8221;no&#8221; container=&#8221;elxcontactus1466427977&#8243;][\/vc_column][\/vc_row]<\/p>\n","protected":false},"excerpt":{"rendered":"<p>[vc_row full_width=&#8221;electroluxpro-full-width-no-padding&#8221;][vc_column][elx_hero_slider label_text_color=&#8221;inherit&#8221; images=&#8221;706&#8243;][elx_heading font_container=&#8221;h1&#8243; font_size=&#8221;h2&#8243; text_color=&#8221;inherit&#8221;]900XP og 700XP koke- og stekelinje[\/elx_heading][vc_column_text] Stol p\u00e5 erfaringene. [\/vc_column_text][\/elx_hero_slider][\/vc_column][\/vc_row][vc_row][vc_column][vc_empty_space][\/vc_column][\/vc_row][vc_row][vc_column][elx_heading font_container=&#8221;h3&#8243; text_color=&#8221;inherit&#8221;] 900XP og 700XP koke- og stekelinjer\u00a0passer perfekt til b\u00e5de\u00a0fastfood restauranter og full service restauranter [\/elx_heading][vc_single_image image=&#8221;862&#8243; img_size=&#8221;full&#8221; alignment=&#8221;center&#8221;][vc_empty_space][elx_heading font_container=&#8221;h3&#8243; text_color=&#8221;inherit&#8221;] \u00a0900XP serien [\/elx_heading][vc_column_text] Automatisk Pastakoker HP\u00a0er ekstremt allsidig. Ikke bare pasta, den koker kj\u00f8tt, gr\u00f8nnsaker, poteter, ris, [&hellip;]<\/p>\n","protected":false},"author":3,"featured_media":0,"parent":0,"menu_order":0,"comment_status":"closed","ping_status":"closed","template":"","meta":{"footnotes":""},"class_list":["post-1526","page","type-page","status-publish","hentry"],"acf":[],"yoast_head":"<!-- This site is optimized with the Yoast SEO plugin v23.3 - https:\/\/yoast.com\/wordpress\/plugins\/seo\/ -->\n<title>900XP og 700XP koke-\/stekelinje - Electrolux Professional Norge<\/title>\n<meta name=\"robots\" content=\"index, follow, max-snippet:-1, max-image-preview:large, max-video-preview:-1\" \/>\n<link rel=\"canonical\" href=\"https:\/\/www.electroluxprofessional.com\/no\/900xp-og-700xp-koke-stekelinje\/\" \/>\n<meta property=\"og:locale\" content=\"nb_NO\" \/>\n<meta property=\"og:type\" content=\"article\" \/>\n<meta property=\"og:title\" content=\"900XP og 700XP koke-\/stekelinje - Electrolux Professional Norge\" \/>\n<meta property=\"og:description\" content=\"[vc_row full_width=&#8221;electroluxpro-full-width-no-padding&#8221;][vc_column][elx_hero_slider label_text_color=&#8221;inherit&#8221; images=&#8221;706&#8243;][elx_heading font_container=&#8221;h1&#8243; font_size=&#8221;h2&#8243; text_color=&#8221;inherit&#8221;]900XP og 700XP koke- og stekelinje[\/elx_heading][vc_column_text] Stol p\u00e5 erfaringene. [\/vc_column_text][\/elx_hero_slider][\/vc_column][\/vc_row][vc_row][vc_column][vc_empty_space][\/vc_column][\/vc_row][vc_row][vc_column][elx_heading font_container=&#8221;h3&#8243; text_color=&#8221;inherit&#8221;] 900XP og 700XP koke- og stekelinjer\u00a0passer perfekt til b\u00e5de\u00a0fastfood restauranter og full service restauranter [\/elx_heading][vc_single_image image=&#8221;862&#8243; img_size=&#8221;full&#8221; alignment=&#8221;center&#8221;][vc_empty_space][elx_heading font_container=&#8221;h3&#8243; text_color=&#8221;inherit&#8221;] \u00a0900XP serien [\/elx_heading][vc_column_text] Automatisk Pastakoker HP\u00a0er ekstremt allsidig. Ikke bare pasta, den koker kj\u00f8tt, gr\u00f8nnsaker, poteter, ris, [&hellip;]\" \/>\n<meta property=\"og:url\" content=\"https:\/\/www.electroluxprofessional.com\/no\/900xp-og-700xp-koke-stekelinje\/\" \/>\n<meta property=\"og:site_name\" content=\"Electrolux Professional Norge\" \/>\n<meta property=\"article:modified_time\" content=\"2025-11-05T13:40:38+00:00\" \/>\n<meta name=\"twitter:card\" content=\"summary_large_image\" \/>\n<meta name=\"twitter:label1\" content=\"Ansl. lesetid\" \/>\n\t<meta name=\"twitter:data1\" content=\"2 minutter\" \/>\n<script type=\"application\/ld+json\" class=\"yoast-schema-graph\">{\"@context\":\"https:\/\/schema.org\",\"@graph\":[{\"@type\":\"WebPage\",\"@id\":\"https:\/\/www.electroluxprofessional.com\/no\/900xp-og-700xp-koke-stekelinje\/\",\"url\":\"https:\/\/www.electroluxprofessional.com\/no\/900xp-og-700xp-koke-stekelinje\/\",\"name\":\"900XP og 700XP koke-\/stekelinje - Electrolux Professional Norge\",\"isPartOf\":{\"@id\":\"https:\/\/www.electroluxprofessional.com\/no\/#website\"},\"datePublished\":\"2017-01-25T10:44:03+00:00\",\"dateModified\":\"2025-11-05T13:40:38+00:00\",\"breadcrumb\":{\"@id\":\"https:\/\/www.electroluxprofessional.com\/no\/900xp-og-700xp-koke-stekelinje\/#breadcrumb\"},\"inLanguage\":\"nb-NO\",\"potentialAction\":[{\"@type\":\"ReadAction\",\"target\":[\"https:\/\/www.electroluxprofessional.com\/no\/900xp-og-700xp-koke-stekelinje\/\"]}]},{\"@type\":\"BreadcrumbList\",\"@id\":\"https:\/\/www.electroluxprofessional.com\/no\/900xp-og-700xp-koke-stekelinje\/#breadcrumb\",\"itemListElement\":[{\"@type\":\"ListItem\",\"position\":1,\"name\":\"Home\",\"item\":\"https:\/\/www.electroluxprofessional.com\/no\/\"},{\"@type\":\"ListItem\",\"position\":2,\"name\":\"900XP og 700XP koke-\/stekelinje\"}]},{\"@type\":\"WebSite\",\"@id\":\"https:\/\/www.electroluxprofessional.com\/no\/#website\",\"url\":\"https:\/\/www.electroluxprofessional.com\/no\/\",\"name\":\"Electrolux Professional Norge\",\"description\":\"\",\"potentialAction\":[{\"@type\":\"SearchAction\",\"target\":{\"@type\":\"EntryPoint\",\"urlTemplate\":\"https:\/\/www.electroluxprofessional.com\/no\/?src={search_term_string}\"},\"query-input\":\"required name=search_term_string\"}],\"inLanguage\":\"nb-NO\"}]}<\/script>\n<!-- \/ Yoast SEO plugin. -->","yoast_head_json":{"title":"900XP og 700XP koke-\/stekelinje - Electrolux Professional Norge","robots":{"index":"index","follow":"follow","max-snippet":"max-snippet:-1","max-image-preview":"max-image-preview:large","max-video-preview":"max-video-preview:-1"},"canonical":"https:\/\/www.electroluxprofessional.com\/no\/900xp-og-700xp-koke-stekelinje\/","og_locale":"nb_NO","og_type":"article","og_title":"900XP og 700XP koke-\/stekelinje - Electrolux Professional Norge","og_description":"[vc_row full_width=&#8221;electroluxpro-full-width-no-padding&#8221;][vc_column][elx_hero_slider label_text_color=&#8221;inherit&#8221; images=&#8221;706&#8243;][elx_heading font_container=&#8221;h1&#8243; font_size=&#8221;h2&#8243; text_color=&#8221;inherit&#8221;]900XP og 700XP koke- og stekelinje[\/elx_heading][vc_column_text] Stol p\u00e5 erfaringene. [\/vc_column_text][\/elx_hero_slider][\/vc_column][\/vc_row][vc_row][vc_column][vc_empty_space][\/vc_column][\/vc_row][vc_row][vc_column][elx_heading font_container=&#8221;h3&#8243; text_color=&#8221;inherit&#8221;] 900XP og 700XP koke- og stekelinjer\u00a0passer perfekt til b\u00e5de\u00a0fastfood restauranter og full service restauranter [\/elx_heading][vc_single_image image=&#8221;862&#8243; img_size=&#8221;full&#8221; alignment=&#8221;center&#8221;][vc_empty_space][elx_heading font_container=&#8221;h3&#8243; text_color=&#8221;inherit&#8221;] \u00a0900XP serien [\/elx_heading][vc_column_text] Automatisk Pastakoker HP\u00a0er ekstremt allsidig. Ikke bare pasta, den koker kj\u00f8tt, gr\u00f8nnsaker, poteter, ris, [&hellip;]","og_url":"https:\/\/www.electroluxprofessional.com\/no\/900xp-og-700xp-koke-stekelinje\/","og_site_name":"Electrolux Professional Norge","article_modified_time":"2025-11-05T13:40:38+00:00","twitter_card":"summary_large_image","twitter_misc":{"Ansl. lesetid":"2 minutter"},"schema":{"@context":"https:\/\/schema.org","@graph":[{"@type":"WebPage","@id":"https:\/\/www.electroluxprofessional.com\/no\/900xp-og-700xp-koke-stekelinje\/","url":"https:\/\/www.electroluxprofessional.com\/no\/900xp-og-700xp-koke-stekelinje\/","name":"900XP og 700XP koke-\/stekelinje - Electrolux Professional Norge","isPartOf":{"@id":"https:\/\/www.electroluxprofessional.com\/no\/#website"},"datePublished":"2017-01-25T10:44:03+00:00","dateModified":"2025-11-05T13:40:38+00:00","breadcrumb":{"@id":"https:\/\/www.electroluxprofessional.com\/no\/900xp-og-700xp-koke-stekelinje\/#breadcrumb"},"inLanguage":"nb-NO","potentialAction":[{"@type":"ReadAction","target":["https:\/\/www.electroluxprofessional.com\/no\/900xp-og-700xp-koke-stekelinje\/"]}]},{"@type":"BreadcrumbList","@id":"https:\/\/www.electroluxprofessional.com\/no\/900xp-og-700xp-koke-stekelinje\/#breadcrumb","itemListElement":[{"@type":"ListItem","position":1,"name":"Home","item":"https:\/\/www.electroluxprofessional.com\/no\/"},{"@type":"ListItem","position":2,"name":"900XP og 700XP koke-\/stekelinje"}]},{"@type":"WebSite","@id":"https:\/\/www.electroluxprofessional.com\/no\/#website","url":"https:\/\/www.electroluxprofessional.com\/no\/","name":"Electrolux Professional Norge","description":"","potentialAction":[{"@type":"SearchAction","target":{"@type":"EntryPoint","urlTemplate":"https:\/\/www.electroluxprofessional.com\/no\/?src={search_term_string}"},"query-input":"required name=search_term_string"}],"inLanguage":"nb-NO"}]}},"_links":{"self":[{"href":"https:\/\/www.electroluxprofessional.com\/no\/wp-json\/wp\/v2\/pages\/1526"}],"collection":[{"href":"https:\/\/www.electroluxprofessional.com\/no\/wp-json\/wp\/v2\/pages"}],"about":[{"href":"https:\/\/www.electroluxprofessional.com\/no\/wp-json\/wp\/v2\/types\/page"}],"author":[{"embeddable":true,"href":"https:\/\/www.electroluxprofessional.com\/no\/wp-json\/wp\/v2\/users\/3"}],"replies":[{"embeddable":true,"href":"https:\/\/www.electroluxprofessional.com\/no\/wp-json\/wp\/v2\/comments?post=1526"}],"version-history":[{"count":11,"href":"https:\/\/www.electroluxprofessional.com\/no\/wp-json\/wp\/v2\/pages\/1526\/revisions"}],"predecessor-version":[{"id":14830,"href":"https:\/\/www.electroluxprofessional.com\/no\/wp-json\/wp\/v2\/pages\/1526\/revisions\/14830"}],"wp:attachment":[{"href":"https:\/\/www.electroluxprofessional.com\/no\/wp-json\/wp\/v2\/media?parent=1526"}],"curies":[{"name":"wp","href":"https:\/\/api.w.org\/{rel}","templated":true}]}}