{"id":14984,"date":"2025-11-26T11:58:20","date_gmt":"2025-11-26T11:58:20","guid":{"rendered":"https:\/\/www.electroluxprofessional.com\/no\/?page_id=14984"},"modified":"2026-01-13T12:07:35","modified_gmt":"2026-01-13T12:07:35","slug":"lagoon-vatrenssystem","status":"publish","type":"page","link":"https:\/\/www.electroluxprofessional.com\/no\/lagoon-vatrenssystem\/","title":{"rendered":"lagoon\u00ae Advanced Care"},"content":{"rendered":"<p>[vc_row full_width=&#8221;electroluxpro-full-width-no-padding&#8221;][vc_column][elx_image_block background_image=&#8221;14977&#8243; minimum_height=&#8221;400px&#8221;][vc_empty_space][\/vc_column][\/vc_row][vc_row][vc_column][elx_text_image style_image=&#8221;image_horizontal&#8221; bg_row=&#8221;bg-download-white&#8221; title=&#8221;lagoon\u00ae Advanced Care<br \/>\nEndringen innen profesjonell tekstilpleie&#8221; lists=&#8221;%5B%7B%7D%5D&#8221; single_image=&#8221;14978&#8243; values=&#8221;%5B%7B%22tag_icon_title%22%3A%20%22h4%22%7D%5D&#8221;]Delikate plagg, skinn og sko: lagoon<sup>\u00ae<\/sup> Advanced Care er det eneste v\u00e5trensesystemet som kan erstatte rensemaskiner 1:1 \u2013 med en virkelig b\u00e6rekraftig tiln\u00e6rming.<br \/>\nOppdag fordelene ved 20 \u00e5rs bransjeledende ekspertise.[\/elx_text_image][vc_empty_space][\/vc_column][\/vc_row][vc_row full_width=&#8221;electroluxpro-full-width-no-padding&#8221; css=&#8221;.vc_custom_1760693381960{border-top-width: 50px !important;border-right-width: 50px !important;border-bottom-width: 50px !important;border-left-width: 100px !important;background-color: #cfe5e9 !important;border-left-color: #cfe5e9 !important;border-right-color: #cfe5e9 !important;border-top-color: #cfe5e9 !important;border-bottom-color: #cfe5e9 !important;border-radius: 30px !important;}&#8221;][vc_column][vc_empty_space height=&#8221;40px&#8221;][elx_video_text link_video=&#8221;https:\/\/www.youtube.com\/watch?v=7K5bqGuzFgE&#8221; title=&#8221;Vi feirer 20 \u00e5r med innovasjon&#8221; bg_row=&#8221;bg-download-blue&#8221; color_text_row=&#8221;text-white&#8221; image_preview=&#8221;14979&#8243;]<\/p>\n<article class=\"text-token-text-primary w-full focus:outline-none [--shadow-height:45px] has-data-writing-block:pointer-events-none has-data-writing-block:-mt-(--shadow-height) has-data-writing-block:pt-(--shadow-height) [&amp;:has([data-writing-block])&gt;*]:pointer-events-auto [content-visibility:auto] supports-[content-visibility:auto]:[contain-intrinsic-size:auto_100lvh] scroll-mt-[calc(var(--header-height)+min(200px,max(70px,20svh)))]\" dir=\"auto\" tabindex=\"-1\" data-turn-id=\"request-68e39510-a14c-8326-a792-ca55390610cb-7\" data-testid=\"conversation-turn-196\" data-scroll-anchor=\"true\" data-turn=\"assistant\">\n<div class=\"text-base my-auto mx-auto pb-10 [--thread-content-margin:--spacing(4)] thread-sm:[--thread-content-margin:--spacing(6)] thread-lg:[--thread-content-margin:--spacing(16)] px-(--thread-content-margin)\">\n<div class=\"[--thread-content-max-width:40rem] thread-lg:[--thread-content-max-width:48rem] mx-auto max-w-(--thread-content-max-width) flex-1 group\/turn-messages focus-visible:outline-hidden relative flex w-full min-w-0 flex-col agent-turn\" tabindex=\"-1\">\n<div class=\"flex max-w-full flex-col grow\">\n<div class=\"min-h-8 text-message relative flex w-full flex-col items-end gap-2 text-start break-words whitespace-normal [.text-message+&amp;]:mt-1\" dir=\"auto\" data-message-author-role=\"assistant\" data-message-id=\"ee4d13e2-fd79-40cd-883a-4db77fa30f13\" data-message-model-slug=\"gpt-5-mini\">\n<div class=\"flex w-full flex-col gap-1 empty:hidden first:pt-[1px]\">\n<div class=\"markdown prose dark:prose-invert w-full break-words dark markdown-new-styling\">\n<p data-start=\"34\" data-end=\"321\" data-is-last-node=\"\" data-is-only-node=\"\">Alt startet p\u00e5 90-tallet, i samarbeid med bransjeeksperter for \u00e5 finne et alternativ til perkloretylen. I 2005 godkjente The Woolmark Company lagoon<sup>\u00ae<\/sup>, og siden den gang har vi perfeksjonert en v\u00e5trensl\u00f8sning som gir p\u00e5litelige og b\u00e6rekraftige resultater \u2013 for b\u00e5de tekstiler og virksomhet.<\/p>\n<\/div>\n<\/div>\n<\/div>\n<\/div>\n<\/div>\n<\/div>\n<\/article>\n<p>[\/elx_video_text][vc_empty_space height=&#8221;40px&#8221;][\/vc_column][\/vc_row][vc_row full_width=&#8221;electroluxpro-full-width-no-padding&#8221;][vc_column][vc_empty_space][elx_features_download title=&#8221;Sk\u00e5nsom pleie. Kraftfull effekt.&#8221; title_download=&#8221;Last ned&#8221; bg_row=&#8221;bg-row-light-blue&#8221; values=&#8221;%5B%7B%22select_type%22%3A%22pride%22%2C%22label_pride_document%22%3A%22lagoon%20Advanced%20Care%22%2C%22document_type%22%3A%22brochures%22%2C%22br_document_number%22%3A%22A0114%22%7D%5D&#8221; discover=&#8221;%5B%7B%7D%5D&#8221; features=&#8221;%5B%7B%22icon_electroluxpro%22%3A%22elx-icon%20icon-watch%22%2C%22title_icon%22%3A%22T%C3%B8rt-til-t%C3%B8rt%20p%C3%A5%2055%20minutter%22%2C%22tag_icon_title%22%3A%22h4%22%2C%22text_icon%22%3A%22Smarte%20vaskemidler%20og%20innovative%20prosesser%20gj%C3%B8r%20at%20plaggene%20kan%20t%C3%B8rkes%20i%20t%C3%B8rketrommel%20uten%20behov%20for%20henge%20opp%20plaggene%20til%20t%C3%B8rk.%20Ferdig%20t%C3%B8rkede%20plagg%20er%20fri%20for%20skrukker%20og%20enkle%20%C3%A5%20etterbehandle.%22%7D%2C%7B%22icon_electroluxpro%22%3A%22elx-icon%20icon-solvet%22%2C%22title_icon%22%3A%22Si%20farvel%20til%20l%C3%B8semiddelbasert%20rens%22%2C%22tag_icon_title%22%3A%22h4%22%2C%22text_icon%22%3A%22Alle%20typer%20plagg%20og%20tekstiler%2C%20de%20fleste%20typer%20skinn%20og%20til%20og%20med%20sko%20kan%20behandles%20med%20lagoon%3Csup%3E%C2%AE%3C%2Fsup%3E%20Advanced%20Care%20for%20optimal%20pleie%20%E2%80%93%20p%C3%A5%20en%20virkelig%20milj%C3%B8vennlig%20m%C3%A5te.%22%7D%2C%7B%22icon_electroluxpro%22%3A%22elx-icon%20icon-circle-graphic-blue%22%2C%22title_icon%22%3A%22Rask%20avkastning%20p%C3%A5%20investeringen%22%2C%22tag_icon_title%22%3A%22h4%22%2C%22text_icon%22%3A%22lagoon%3Csup%3E%C2%AE%3C%2Fsup%3E%20Advanced%20Care%20tar%20vare%20p%C3%A5%20virksomheten%20din%20med%20h%C3%B8yere%20kapasitet%2C%20mindre%20forbehandling%2C%20enklere%20etterbehandling%20og%20raskere%20prosess.%22%7D%5D&#8221;][\/elx_features_download][vc_empty_space][\/vc_column][\/vc_row][vc_row full_width=&#8221;electroluxpro-full-width-no-padding&#8221;][vc_column][vc_empty_space height=&#8221;40px&#8221;][\/vc_column][\/vc_row][vc_row][vc_column width=&#8221;2\/3&#8243;][vc_column_text]<\/p>\n<div style=\"max-height: 412px; width: 100%; display: flex; justify-content: center; align-items: center; background-color: #000;\"><video style=\"max-height: 412px; width: 100%; height: auto; max-width: 100%;\" poster=\"https:\/\/www.electroluxprofessional.com\/no\/\/wp-content\/uploads\/2025\/10\/cover-process-video-1.png\" controls=\"controls\" width=\"300\" height=\"150\"><source src=\"https:\/\/www.electroluxprofessional.com\/no\/\/wp-content\/uploads\/2025\/10\/EPR_lagoon_Advanced_Care_ENG_1-1_2.mp4\" type=\"video\/mp4\" \/><\/video><\/div>\n<p>[\/vc_column_text][\/vc_column][vc_column width=&#8221;1\/3&#8243;][elx_heading text_color=&#8221;inherit&#8221;]Perfekte og raske resultater[\/elx_heading][vc_column_text]<strong data-start=\"116\" data-end=\"141\">lagoon<sup>\u00ae<\/sup> Advanced Care<\/strong> gir feilfrie resultater p\u00e5 bare 55 minutter. Smarte vaskemidler og presis vannkontroll sikrer at plaggene kommer ut myke, friske og klare til bruk. Utformet for effektivitet og ytelse \u2013 \u00f8ker produktiviteten samtidig som kvaliteten holdes p\u00e5 topp.[\/vc_column_text][\/vc_column][\/vc_row][vc_row full_width=&#8221;electroluxpro-full-width-no-padding&#8221;][vc_column][vc_empty_space height=&#8221;40px&#8221;][\/vc_column][\/vc_row][vc_row][vc_column][elx_multiple_columns number_columns=&#8221;3&#8243; bg_row=&#8221;bg-download-white&#8221; title=&#8221;Smart pleie, sertifiserte resultater&#8221; values=&#8221;%5B%7B%22image_section%22%3A%2214980%22%2C%22title_section%22%3A%22Godkjent%20av%20Woolmark%20%E2%80%93%20trygghet%20garantert%22%2C%22text_section%22%3A%22Siden%202005%20har%20vi%20arbeidet%20side%20om%20side%20med%20The%20Woolmark%20Company%20%E2%80%93%20ledende%20innen%20ullbehandling.%20lagoon%3Csup%3E%C2%AE%3C%2Fsup%3E%20Advanced%20Care%20er%20l%C3%B8sningen%20som%20er%20utviklet%20for%20%C3%A5%20behandle%20delikate%20plagg%20trygt%20og%20b%C3%A6rekraftig.%22%2C%22button_style%22%3A%22primary%22%7D%2C%7B%22image_section%22%3A%2214981%22%2C%22title_section%22%3A%22Vitenskapelig%20testet%20%E2%80%93%20bevist%20av%20resultater%22%2C%22text_section%22%3A%22Uavhengige%20tester%20utf%C3%B8rt%20av%20Hohenstein%20Institute%20viste%20at%20lagoon%3Csup%3E%C2%AE%3C%2Fsup%3E%20Advanced%20Care%20matcher%20l%C3%B8semiddelrens%2C%20og%20bevarer%20tekstilenes%20form%2C%20farge%20og%20struktur%20selv%20etter%20flere%20sykluser.%22%2C%22button_style%22%3A%22primary%22%7D%2C%7B%22image_section%22%3A%2214982%22%2C%22title_section%22%3A%22Ergonomisertifisert%20av%20ErgoCert%22%2C%22text_section%22%3A%22Vaskemaskiner%20og%20t%C3%B8rketromler%20i%20lagoon%3Csup%3E%C2%AE%3C%2Fsup%3E%20Advanced%20Care-serien%20er%20ergonomisk%20utformet%20og%20sertifisert%20av%20ErgoCert%2C%20noe%20som%20sikrer%20at%20operat%C3%B8rer%20kan%20arbeide%20trygt%20og%20komfortabelt%20samtidig%20som%20produktiviteten%20%C3%B8kes.%22%2C%22button_style%22%3A%22primary%22%7D%2C%7B%22image_section%22%3A%2214983%22%2C%22title_section%22%3A%22Fra%20skinn%20til%20joggesko%20%E2%80%93%20alltid%20toppresultat%22%2C%22text_section%22%3A%22lagoon%3Csup%3E%C2%AE%3C%2Fsup%3E%C2%A0Advanced%20Care%20rengj%C3%B8r%20og%20frisker%20opp%20skinnsko%2C%20jakker%2C%20vesker%20og%20tilbeh%C3%B8r%20p%C3%A5%20en%20sk%C3%A5nsom%20m%C3%A5te%2C%20bevarer%20mykhet%2C%20farge%20og%20form%20og%20gir%20%C3%B8kt%20levetid.%22%2C%22button_style%22%3A%22primary%22%7D%5D&#8221;][\/elx_multiple_columns][\/vc_column][\/vc_row][vc_row full_width=&#8221;electroluxpro-full-width-no-padding&#8221;][vc_column][elx_features_download title=&#8221;Essentia: hjertet i v\u00e5r kundeservice&#8221; tag_title=&#8221;h2&#8243; class_title=&#8221;h4&#8243; title_download=&#8221;&#8221; bg_row=&#8221;bg-row-light-blue&#8221; values=&#8221;%5B%7B%22select_type%22%3A%22link%22%2C%22link_download%22%3A%22url%3Ahttps%253A%252F%252Fwww.electroluxprofessional.com%252Fno%252Fessentia-kundeservice%252F%7Ctitle%3AOppdag%2520Essentia%7Ctarget%3A_blank%22%7D%5D&#8221; discover=&#8221;%5B%7B%7D%5D&#8221; features=&#8221;%5B%7B%22tag_icon_title%22%3A%22h4%22%7D%5D&#8221;]Vi gir deg st\u00f8tten du trenger og tar vare p\u00e5 prosessene dine med et p\u00e5litelig servicenettverk, et stort utvalg av skreddersydde og eksklusive tjenester samt en nyskapende teknologi.[\/elx_features_download][vc_empty_space][\/vc_column][\/vc_row][vc_row full_width=&#8221;electroluxpro-full-width-no-padding&#8221;][vc_column][vc_empty_space height=&#8221;40px&#8221;][\/vc_column][\/vc_row][vc_row full_width=&#8221;electroluxpro-full-width-no-padding&#8221;][vc_column][vc_empty_space height=&#8221;40px&#8221;][\/vc_column][\/vc_row][vc_row][vc_column][elx_heading text_color=&#8221;inherit&#8221;]Ta gjerne kontakt med oss for mer informasjon![\/elx_heading][vc_empty_space height=&#8221;40px&#8221;][elx_o2000_contact_us s=&#8221;Henvendelse fra v\u00e5re nettsider&#8221; campaign=&#8221;7015p0000016EbKAAU&#8221; text_send_button=&#8221;Mer info om Lagoon Adv. Care&#8221; country=&#8221;Norway&#8221; b=&#8221;laundry&#8221; thanks=&#8221;Takk for interessen. Vi vil ta kontakt med deg s\u00e5 fort vi kan!&#8221; r=&#8221;Info om Lagoon Adv. Care&#8221;][\/vc_column][\/vc_row][vc_row][vc_column][\/vc_column][\/vc_row]<\/p>\n","protected":false},"excerpt":{"rendered":"<p>[vc_row full_width=&#8221;electroluxpro-full-width-no-padding&#8221;][vc_column][elx_image_block background_image=&#8221;14977&#8243; minimum_height=&#8221;400px&#8221;][vc_empty_space][\/vc_column][\/vc_row][vc_row][vc_column][elx_text_image style_image=&#8221;image_horizontal&#8221; bg_row=&#8221;bg-download-white&#8221; title=&#8221;lagoon\u00ae Advanced Care Endringen innen profesjonell tekstilpleie&#8221; lists=&#8221;%5B%7B%7D%5D&#8221; single_image=&#8221;14978&#8243; values=&#8221;%5B%7B%22tag_icon_title%22%3A%20%22h4%22%7D%5D&#8221;]Delikate plagg, skinn og sko: lagoon\u00ae Advanced Care er det eneste v\u00e5trensesystemet som kan erstatte rensemaskiner 1:1 \u2013 med en virkelig b\u00e6rekraftig tiln\u00e6rming. Oppdag fordelene ved 20 \u00e5rs bransjeledende ekspertise.[\/elx_text_image][vc_empty_space][\/vc_column][\/vc_row][vc_row full_width=&#8221;electroluxpro-full-width-no-padding&#8221; css=&#8221;.vc_custom_1760693381960{border-top-width: 50px !important;border-right-width: 50px !important;border-bottom-width: 50px !important;border-left-width: 100px !important;background-color: [&hellip;]<\/p>\n","protected":false},"author":3,"featured_media":9962,"parent":0,"menu_order":0,"comment_status":"closed","ping_status":"closed","template":"","meta":{"footnotes":""},"class_list":["post-14984","page","type-page","status-publish","has-post-thumbnail","hentry"],"acf":[],"yoast_head":"<!-- This site is optimized with the Yoast SEO plugin v23.3 - https:\/\/yoast.com\/wordpress\/plugins\/seo\/ -->\n<title>V\u00e5trens fra - Electrolux Professional<\/title>\n<meta name=\"description\" content=\"Lagoon Advanced Care er raskt, enkelt og milj\u00f8vennlig. Oppdag l\u00f8sningen for profesjonell tekstilpleie og delikate kl\u00e6r med v\u00e5trens.\" \/>\n<meta name=\"robots\" content=\"index, follow, max-snippet:-1, max-image-preview:large, max-video-preview:-1\" \/>\n<link rel=\"canonical\" href=\"https:\/\/www.electroluxprofessional.com\/no\/lagoon-vatrenssystem\/\" \/>\n<meta property=\"og:locale\" content=\"nb_NO\" \/>\n<meta property=\"og:type\" content=\"article\" \/>\n<meta property=\"og:title\" content=\"V\u00e5trens fra - Electrolux Professional\" \/>\n<meta property=\"og:description\" content=\"Lagoon Advanced Care er raskt, enkelt og milj\u00f8vennlig. Oppdag l\u00f8sningen for profesjonell tekstilpleie og delikate kl\u00e6r med v\u00e5trens.\" \/>\n<meta property=\"og:url\" content=\"https:\/\/www.electroluxprofessional.com\/no\/lagoon-vatrenssystem\/\" \/>\n<meta property=\"og:site_name\" content=\"Electrolux Professional Norge\" \/>\n<meta property=\"article:modified_time\" content=\"2026-01-13T12:07:35+00:00\" \/>\n<meta property=\"og:image\" content=\"https:\/\/www.electroluxprofessional.com\/no\/wp-content\/uploads\/2021\/06\/banner-top-lagoon.jpg\" \/>\n\t<meta property=\"og:image:width\" content=\"1920\" \/>\n\t<meta property=\"og:image:height\" content=\"581\" \/>\n\t<meta property=\"og:image:type\" content=\"image\/jpeg\" \/>\n<meta name=\"twitter:card\" content=\"summary_large_image\" \/>\n<meta name=\"twitter:label1\" content=\"Ansl. lesetid\" \/>\n\t<meta name=\"twitter:data1\" content=\"3 minutter\" \/>\n<script type=\"application\/ld+json\" class=\"yoast-schema-graph\">{\"@context\":\"https:\/\/schema.org\",\"@graph\":[{\"@type\":\"WebPage\",\"@id\":\"https:\/\/www.electroluxprofessional.com\/no\/lagoon-vatrenssystem\/\",\"url\":\"https:\/\/www.electroluxprofessional.com\/no\/lagoon-vatrenssystem\/\",\"name\":\"V\u00e5trens fra - Electrolux Professional\",\"isPartOf\":{\"@id\":\"https:\/\/www.electroluxprofessional.com\/no\/#website\"},\"primaryImageOfPage\":{\"@id\":\"https:\/\/www.electroluxprofessional.com\/no\/lagoon-vatrenssystem\/#primaryimage\"},\"image\":{\"@id\":\"https:\/\/www.electroluxprofessional.com\/no\/lagoon-vatrenssystem\/#primaryimage\"},\"thumbnailUrl\":\"https:\/\/www.electroluxprofessional.com\/no\/wp-content\/uploads\/2021\/06\/banner-top-lagoon.jpg\",\"datePublished\":\"2025-11-26T11:58:20+00:00\",\"dateModified\":\"2026-01-13T12:07:35+00:00\",\"description\":\"Lagoon Advanced Care er raskt, enkelt og milj\u00f8vennlig. Oppdag l\u00f8sningen for profesjonell tekstilpleie og delikate kl\u00e6r med v\u00e5trens.\",\"breadcrumb\":{\"@id\":\"https:\/\/www.electroluxprofessional.com\/no\/lagoon-vatrenssystem\/#breadcrumb\"},\"inLanguage\":\"nb-NO\",\"potentialAction\":[{\"@type\":\"ReadAction\",\"target\":[\"https:\/\/www.electroluxprofessional.com\/no\/lagoon-vatrenssystem\/\"]}]},{\"@type\":\"ImageObject\",\"inLanguage\":\"nb-NO\",\"@id\":\"https:\/\/www.electroluxprofessional.com\/no\/lagoon-vatrenssystem\/#primaryimage\",\"url\":\"https:\/\/www.electroluxprofessional.com\/no\/wp-content\/uploads\/2021\/06\/banner-top-lagoon.jpg\",\"contentUrl\":\"https:\/\/www.electroluxprofessional.com\/no\/wp-content\/uploads\/2021\/06\/banner-top-lagoon.jpg\",\"width\":1920,\"height\":581,\"caption\":\"banner-top-lagoon\"},{\"@type\":\"BreadcrumbList\",\"@id\":\"https:\/\/www.electroluxprofessional.com\/no\/lagoon-vatrenssystem\/#breadcrumb\",\"itemListElement\":[{\"@type\":\"ListItem\",\"position\":1,\"name\":\"Home\",\"item\":\"https:\/\/www.electroluxprofessional.com\/no\/\"},{\"@type\":\"ListItem\",\"position\":2,\"name\":\"lagoon\u00ae Advanced Care\"}]},{\"@type\":\"WebSite\",\"@id\":\"https:\/\/www.electroluxprofessional.com\/no\/#website\",\"url\":\"https:\/\/www.electroluxprofessional.com\/no\/\",\"name\":\"Electrolux Professional Norge\",\"description\":\"\",\"potentialAction\":[{\"@type\":\"SearchAction\",\"target\":{\"@type\":\"EntryPoint\",\"urlTemplate\":\"https:\/\/www.electroluxprofessional.com\/no\/?src={search_term_string}\"},\"query-input\":\"required name=search_term_string\"}],\"inLanguage\":\"nb-NO\"}]}<\/script>\n<!-- \/ Yoast SEO plugin. -->","yoast_head_json":{"title":"V\u00e5trens fra - Electrolux Professional","description":"Lagoon Advanced Care er raskt, enkelt og milj\u00f8vennlig. Oppdag l\u00f8sningen for profesjonell tekstilpleie og delikate kl\u00e6r med v\u00e5trens.","robots":{"index":"index","follow":"follow","max-snippet":"max-snippet:-1","max-image-preview":"max-image-preview:large","max-video-preview":"max-video-preview:-1"},"canonical":"https:\/\/www.electroluxprofessional.com\/no\/lagoon-vatrenssystem\/","og_locale":"nb_NO","og_type":"article","og_title":"V\u00e5trens fra - Electrolux Professional","og_description":"Lagoon Advanced Care er raskt, enkelt og milj\u00f8vennlig. Oppdag l\u00f8sningen for profesjonell tekstilpleie og delikate kl\u00e6r med v\u00e5trens.","og_url":"https:\/\/www.electroluxprofessional.com\/no\/lagoon-vatrenssystem\/","og_site_name":"Electrolux Professional Norge","article_modified_time":"2026-01-13T12:07:35+00:00","og_image":[{"width":1920,"height":581,"url":"https:\/\/www.electroluxprofessional.com\/no\/wp-content\/uploads\/2021\/06\/banner-top-lagoon.jpg","type":"image\/jpeg"}],"twitter_card":"summary_large_image","twitter_misc":{"Ansl. lesetid":"3 minutter"},"schema":{"@context":"https:\/\/schema.org","@graph":[{"@type":"WebPage","@id":"https:\/\/www.electroluxprofessional.com\/no\/lagoon-vatrenssystem\/","url":"https:\/\/www.electroluxprofessional.com\/no\/lagoon-vatrenssystem\/","name":"V\u00e5trens fra - Electrolux Professional","isPartOf":{"@id":"https:\/\/www.electroluxprofessional.com\/no\/#website"},"primaryImageOfPage":{"@id":"https:\/\/www.electroluxprofessional.com\/no\/lagoon-vatrenssystem\/#primaryimage"},"image":{"@id":"https:\/\/www.electroluxprofessional.com\/no\/lagoon-vatrenssystem\/#primaryimage"},"thumbnailUrl":"https:\/\/www.electroluxprofessional.com\/no\/wp-content\/uploads\/2021\/06\/banner-top-lagoon.jpg","datePublished":"2025-11-26T11:58:20+00:00","dateModified":"2026-01-13T12:07:35+00:00","description":"Lagoon Advanced Care er raskt, enkelt og milj\u00f8vennlig. Oppdag l\u00f8sningen for profesjonell tekstilpleie og delikate kl\u00e6r med v\u00e5trens.","breadcrumb":{"@id":"https:\/\/www.electroluxprofessional.com\/no\/lagoon-vatrenssystem\/#breadcrumb"},"inLanguage":"nb-NO","potentialAction":[{"@type":"ReadAction","target":["https:\/\/www.electroluxprofessional.com\/no\/lagoon-vatrenssystem\/"]}]},{"@type":"ImageObject","inLanguage":"nb-NO","@id":"https:\/\/www.electroluxprofessional.com\/no\/lagoon-vatrenssystem\/#primaryimage","url":"https:\/\/www.electroluxprofessional.com\/no\/wp-content\/uploads\/2021\/06\/banner-top-lagoon.jpg","contentUrl":"https:\/\/www.electroluxprofessional.com\/no\/wp-content\/uploads\/2021\/06\/banner-top-lagoon.jpg","width":1920,"height":581,"caption":"banner-top-lagoon"},{"@type":"BreadcrumbList","@id":"https:\/\/www.electroluxprofessional.com\/no\/lagoon-vatrenssystem\/#breadcrumb","itemListElement":[{"@type":"ListItem","position":1,"name":"Home","item":"https:\/\/www.electroluxprofessional.com\/no\/"},{"@type":"ListItem","position":2,"name":"lagoon\u00ae Advanced Care"}]},{"@type":"WebSite","@id":"https:\/\/www.electroluxprofessional.com\/no\/#website","url":"https:\/\/www.electroluxprofessional.com\/no\/","name":"Electrolux Professional Norge","description":"","potentialAction":[{"@type":"SearchAction","target":{"@type":"EntryPoint","urlTemplate":"https:\/\/www.electroluxprofessional.com\/no\/?src={search_term_string}"},"query-input":"required name=search_term_string"}],"inLanguage":"nb-NO"}]}},"_links":{"self":[{"href":"https:\/\/www.electroluxprofessional.com\/no\/wp-json\/wp\/v2\/pages\/14984"}],"collection":[{"href":"https:\/\/www.electroluxprofessional.com\/no\/wp-json\/wp\/v2\/pages"}],"about":[{"href":"https:\/\/www.electroluxprofessional.com\/no\/wp-json\/wp\/v2\/types\/page"}],"author":[{"embeddable":true,"href":"https:\/\/www.electroluxprofessional.com\/no\/wp-json\/wp\/v2\/users\/3"}],"replies":[{"embeddable":true,"href":"https:\/\/www.electroluxprofessional.com\/no\/wp-json\/wp\/v2\/comments?post=14984"}],"version-history":[{"count":12,"href":"https:\/\/www.electroluxprofessional.com\/no\/wp-json\/wp\/v2\/pages\/14984\/revisions"}],"predecessor-version":[{"id":15377,"href":"https:\/\/www.electroluxprofessional.com\/no\/wp-json\/wp\/v2\/pages\/14984\/revisions\/15377"}],"wp:featuredmedia":[{"embeddable":true,"href":"https:\/\/www.electroluxprofessional.com\/no\/wp-json\/wp\/v2\/media\/9962"}],"wp:attachment":[{"href":"https:\/\/www.electroluxprofessional.com\/no\/wp-json\/wp\/v2\/media?parent=14984"}],"curies":[{"name":"wp","href":"https:\/\/api.w.org\/{rel}","templated":true}]}}