{"id":14729,"date":"2025-10-20T11:51:26","date_gmt":"2025-10-20T11:51:26","guid":{"rendered":"https:\/\/www.electroluxprofessional.com\/no\/?page_id=14729"},"modified":"2025-10-21T11:51:27","modified_gmt":"2025-10-21T11:51:27","slug":"kontrollsystemer-og-programvare","status":"publish","type":"page","link":"https:\/\/www.electroluxprofessional.com\/no\/vaskeri\/kontrollsystemer-og-programvare\/","title":{"rendered":"Kontrollsystemer og programvare"},"content":{"rendered":"<p>[vc_row full_width=&#8221;electroluxpro-full-width-no-padding&#8221; css=&#8221;.vc_custom_1618197794536{margin-top: -40px !important;border-top-width: -40px !important;padding-top: -40px !important;}&#8221;][vc_column][elx_full_banner title=&#8221;Kontrollsystemer og programvare&#8221; set_as_h1=&#8221;true&#8221; background_image_media_library=&#8221;14727&#8243; background_image_media_library_mobile=&#8221;14728&#8243; link=&#8221;url:https%3A%2F%2Fwww.electroluxprofessional.com%2Fno%2Fkontakt-oss%2F|title:Kontakt%20oss%20for%20mer%20info!&#8221;][\/vc_column][\/vc_row][vc_row][vc_column][vc_empty_space][vc_column_text]Electrolux Professional har et bredt utvalg av styringssystemer og programvare som oppfyller de h\u00f8yeste kvalitetsstandarder for \u00e5 gi merverdi for v\u00e5re kunder[\/vc_column_text][vc_empty_space][\/vc_column][\/vc_row][vc_row][vc_column width=&#8221;1\/2&#8243;][elx_heading font_container=&#8221;h5&#8243; font_size=&#8221;h5&#8243; text_color=&#8221;inherit&#8221;]Laundry Program Manager[\/elx_heading][vc_column_text]<\/p>\n<p id=\"tw-target-text\" class=\"tw-data-text tw-text-large tw-ta\" dir=\"ltr\" tabindex=\"-1\" role=\"text\" data-placeholder=\"Oversettelse\" data-ved=\"2ahUKEwitq-7Zz7SQAxVm_7sIHcyuK8QQ3ewLegQIChAV\" aria-label=\"Oversatt tekst: Er et intuitivt og brukervennlig PC-verkt\u00f8y for \u00e5 opprette eller tilpasse Electrolux Professional vaskemaskin- eller t\u00f8rketrommelprogrammer fra PC-en. Det er kompatibelt med vaskemaskiner som bruker Compass Control, Compass Pro, Clarus Control og Clarus TS. Det er kompatibelt med t\u00f8rketromler som bruker Compass Pro-kontrollsystemet.\"><span class=\"Y2IQFc\" lang=\"no\">Er et intuitivt og brukervennlig PC-verkt\u00f8y for \u00e5 opprette eller tilpasse Electrolux Professional programmer<\/span><span class=\"Y2IQFc\" lang=\"no\">\u00a0til vaskemaskin- eller t\u00f8rketrommel fra PC-en. Det er kompatibelt med vaskemaskiner som bruker Compass Control, Compass Pro, Clarus Control og Clarus TS. Det er kompatibelt med t\u00f8rketromler som bruker Compass Pro-kontrollsystemet<\/span><\/p>\n<h3><\/h3>\n<p>[\/vc_column_text][vc_empty_space height=&#8221;20px&#8221;][elx_heading font_container=&#8221;h5&#8243; font_size=&#8221;h5&#8243; text_color=&#8221;inherit&#8221;]Certus Management Information System\u2122[\/elx_heading][vc_column_text]CMIS (Certus Management Information System\u2122) <span class=\"Y2IQFc\" lang=\"no\">er en programvare som gir profesjonelle vaskerier viktig informasjon om vaskemaskiner, t\u00f8rketromler og strykeruller. Alt for \u00e5 minimere kostnader og maksimere oppetiden til utstyret.<\/span>[\/vc_column_text][\/vc_column][vc_column width=&#8221;1\/2&#8243;][elx_image_block background_image=&#8221;14725&#8243; minimum_height=&#8221;500px&#8221;][\/vc_column][\/vc_row][vc_row disable_element=&#8221;yes&#8221;][vc_column width=&#8221;1\/2&#8243;][vc_empty_space height=&#8221;25px&#8221;][elx_image_block background_image=&#8221;772&#8243; minimum_height=&#8221;500px&#8221;][\/vc_column][vc_column width=&#8221;1\/2&#8243;][elx_heading font_container=&#8221;h5&#8243; font_size=&#8221;h5&#8243; text_color=&#8221;inherit&#8221;]Text Management Information System Stay in control[\/elx_heading][vc_empty_space height=&#8221;15px&#8221;][vc_column_text]<strong>Improving the concept of user-friendly laundries.<\/strong>[\/vc_column_text][vc_column_text]Costly downtime can be reduced and preventive maintenance is<strong> easier to plan<\/strong> with direct access to machine performance and service statistics.<\/p>\n<p>You gain<strong> increased control<\/strong> over both your machines and your time when the system informs directly of machine failure or maintenance requirements.[\/vc_column_text][\/vc_column][\/vc_row][vc_row][vc_column][vc_empty_space height=&#8221;50px&#8221;][\/vc_column][\/vc_row][vc_row css=&#8221;.vc_custom_1618197213110{background-color: #e5e5e5 !important;}&#8221;][vc_column][vc_empty_space][elx_heading text_color=&#8221;inherit&#8221; text_align=&#8221;text-center&#8221;]Praktiske og smarte tilleggsvalg[\/elx_heading][vc_empty_space][vc_row_inner][vc_column_inner width=&#8221;1\/3&#8243;][vc_single_image image=&#8221;7615&#8243; img_size=&#8221;100px&#8221; alignment=&#8221;center&#8221;][elx_heading font_container=&#8221;h6&#8243; font_size=&#8221;h6&#8243; text_color=&#8221;electrolux-blue&#8221; text_align=&#8221;text-center&#8221;]Myntinnkast[\/elx_heading][vc_column_text]<\/p>\n<p style=\"font-size: 16px; text-align: center;\">Polett eller mynt<\/p>\n<p>[\/vc_column_text][vc_empty_space][\/vc_column_inner][vc_column_inner width=&#8221;1\/3&#8243;][vc_single_image image=&#8221;7616&#8243; img_size=&#8221;100px&#8221; alignment=&#8221;center&#8221;][elx_heading font_container=&#8221;h6&#8243; font_size=&#8221;h6&#8243; text_color=&#8221;electrolux-blue&#8221; text_align=&#8221;text-center&#8221;]Kortleser[\/elx_heading][vc_column_text]<\/p>\n<p style=\"font-size: 16px; text-align: center;\">Forh\u00e5ndsbetalt kort (krever administrasjon)<br \/>\neller bankkort (outsourcet administrasjon<\/p>\n<p>[\/vc_column_text][vc_empty_space][\/vc_column_inner][vc_column_inner width=&#8221;1\/3&#8243;][vc_single_image image=&#8221;7617&#8243; img_size=&#8221;80px&#8221; alignment=&#8221;center&#8221;][elx_heading font_container=&#8221;h6&#8243; font_size=&#8221;h6&#8243; text_color=&#8221;electrolux-blue&#8221; text_align=&#8221;text-center&#8221;]Apps[\/elx_heading][vc_column_text]<\/p>\n<p id=\"tw-target-text\" class=\"tw-data-text tw-text-large tw-ta\" dir=\"ltr\" style=\"text-align: center;\" tabindex=\"-1\" role=\"text\" data-placeholder=\"Oversettelse\" data-ved=\"2ahUKEwitq-7Zz7SQAxVm_7sIHcyuK8QQ3ewLegQIChAV\" aria-label=\"Oversatt tekst: Frittst\u00e5ende Koblet til eksisterende betalingssystemer\">Frittst\u00e5ende<br \/>\nKobles til eksisterende betalingssystemer<\/p>\n<p>[\/vc_column_text][vc_empty_space][\/vc_column_inner][\/vc_row_inner][vc_row_inner][vc_column_inner width=&#8221;1\/3&#8243;][vc_single_image image=&#8221;7619&#8243; img_size=&#8221;100px&#8221; alignment=&#8221;center&#8221;][elx_heading font_container=&#8221;h6&#8243; font_size=&#8221;h6&#8243; text_color=&#8221;electrolux-blue&#8221; text_align=&#8221;text-center&#8221;]Sentralt<br \/>\nbetalingssystem<br \/>\n[\/elx_heading][vc_column_text]<\/p>\n<p style=\"font-size: 16px; text-align: center;\">Betalingssystem for styring av flere maskiner<\/p>\n<p>[\/vc_column_text][vc_empty_space][\/vc_column_inner][vc_column_inner width=&#8221;1\/3&#8243;][vc_single_image image=&#8221;7620&#8243; img_size=&#8221;100px&#8221; alignment=&#8221;center&#8221;][elx_heading font_container=&#8221;h6&#8243; font_size=&#8221;h6&#8243; text_color=&#8221;electrolux-blue&#8221; text_align=&#8221;text-center&#8221;]Reservasjonssystem<br \/>\nmed m\u00e5nedlig betaling[\/elx_heading][vc_column_text]<\/p>\n<p style=\"font-size: 16px; text-align: center;\">En enhet per vaskeri for reservasjon av maskiner. Flere mulige betalingsl\u00f8sninger<\/p>\n<p>[\/vc_column_text][vc_empty_space][\/vc_column_inner][\/vc_row_inner][vc_column_text][\/vc_column_text][\/vc_column][\/vc_row][vc_row el_id=&#8221;contact&#8221;][vc_column][vc_empty_space height=&#8221;50px&#8221;][elx_heading font_container=&#8221;h5&#8243; font_size=&#8221;h5&#8243; text_color=&#8221;inherit&#8221; text_align=&#8221;text-center&#8221;]Finn mer ut av hvordan Laundry Management Systems kan hjelpe i deres vaskeri[\/elx_heading][elx_o2000_contact_us s=&#8221;\u00d8nsker mer informasjon om kontrollsystemer_programvare&#8221; campaign=&#8221;701SX00000TQ3rDYAT&#8221; country=&#8221;Norway&#8221; b=&#8221;laundry&#8221; thanks=&#8221;Takk for interessen. Vi vil ta kontakt med deg s\u00e5 fort vi kan!&#8221; container=&#8221;elxcontactus1478709536&#8243; r=&#8221;Jeg vil gjerne vite mer om styringssystemer og programvare. Ta gjerne kontakt med meg&#8221;][vc_empty_space height=&#8221;50px&#8221;][\/vc_column][\/vc_row][vc_row disable_element=&#8221;yes&#8221; matched_labels=&#8221;&#8221; css=&#8221;.vc_custom_1761032020181{background-color: #eeeeee !important;}&#8221;][vc_column][elx_heading font_container=&#8221;h5&#8243; font_size=&#8221;h5&#8243; text_color=&#8221;inherit&#8221; text_align=&#8221;text-left&#8221;]En komplett l\u00f8sning for din bransje[\/elx_heading][\/vc_column][\/vc_row][vc_row disable_element=&#8221;yes&#8221; matched_labels=&#8221;&#8221; css=&#8221;.vc_custom_1761032035026{background-color: #eeeeee !important;}&#8221;][vc_column width=&#8221;1\/3&#8243;][elx_maylike_box id_box=&#8221;4514&#8243;][\/vc_column][vc_column width=&#8221;1\/3&#8243;][elx_maylike_box id_box=&#8221;4321&#8243;][\/vc_column][vc_column width=&#8221;1\/3&#8243;][elx_maylike_box id_box=&#8221;2304&#8243;][\/vc_column][\/vc_row]<\/p>\n","protected":false},"excerpt":{"rendered":"<p>[vc_row full_width=&#8221;electroluxpro-full-width-no-padding&#8221; css=&#8221;.vc_custom_1618197794536{margin-top: -40px !important;border-top-width: -40px !important;padding-top: -40px !important;}&#8221;][vc_column][elx_full_banner title=&#8221;Kontrollsystemer og programvare&#8221; set_as_h1=&#8221;true&#8221; background_image_media_library=&#8221;14727&#8243; background_image_media_library_mobile=&#8221;14728&#8243; link=&#8221;url:https%3A%2F%2Fwww.electroluxprofessional.com%2Fno%2Fkontakt-oss%2F|title:Kontakt%20oss%20for%20mer%20info!&#8221;][\/vc_column][\/vc_row][vc_row][vc_column][vc_empty_space][vc_column_text]Electrolux Professional har et bredt utvalg av styringssystemer og programvare som oppfyller de h\u00f8yeste kvalitetsstandarder for \u00e5 gi merverdi for v\u00e5re kunder[\/vc_column_text][vc_empty_space][\/vc_column][\/vc_row][vc_row][vc_column width=&#8221;1\/2&#8243;][elx_heading font_container=&#8221;h5&#8243; font_size=&#8221;h5&#8243; text_color=&#8221;inherit&#8221;]Laundry Program Manager[\/elx_heading][vc_column_text] Er et intuitivt og brukervennlig PC-verkt\u00f8y for \u00e5 opprette eller tilpasse Electrolux [&hellip;]<\/p>\n","protected":false},"author":3,"featured_media":0,"parent":1184,"menu_order":0,"comment_status":"closed","ping_status":"closed","template":"","meta":{"footnotes":""},"class_list":["post-14729","page","type-page","status-publish","hentry"],"acf":[],"yoast_head":"<!-- This site is optimized with the Yoast SEO plugin v23.3 - https:\/\/yoast.com\/wordpress\/plugins\/seo\/ -->\n<title>Kontrollsystemer og programvare - Electrolux Professional Norge<\/title>\n<meta name=\"description\" content=\"Et bredt utvalg av styringssystemer og programvare som oppfyller de h\u00f8yeste kvalitetsstandarder for \u00e5 gi merverdi for v\u00e5re kunder\" \/>\n<meta name=\"robots\" content=\"index, follow, max-snippet:-1, max-image-preview:large, max-video-preview:-1\" \/>\n<link rel=\"canonical\" href=\"https:\/\/www.electroluxprofessional.com\/no\/vaskeri\/kontrollsystemer-og-programvare\/\" \/>\n<meta property=\"og:locale\" content=\"nb_NO\" \/>\n<meta property=\"og:type\" content=\"article\" \/>\n<meta property=\"og:title\" content=\"Kontrollsystemer og programvare - Electrolux Professional Norge\" \/>\n<meta property=\"og:description\" content=\"Et bredt utvalg av styringssystemer og programvare som oppfyller de h\u00f8yeste kvalitetsstandarder for \u00e5 gi merverdi for v\u00e5re kunder\" \/>\n<meta property=\"og:url\" content=\"https:\/\/www.electroluxprofessional.com\/no\/vaskeri\/kontrollsystemer-og-programvare\/\" \/>\n<meta property=\"og:site_name\" content=\"Electrolux Professional Norge\" \/>\n<meta property=\"article:modified_time\" content=\"2025-10-21T11:51:27+00:00\" \/>\n<meta name=\"twitter:card\" content=\"summary_large_image\" \/>\n<meta name=\"twitter:label1\" content=\"Ansl. lesetid\" \/>\n\t<meta name=\"twitter:data1\" content=\"2 minutter\" \/>\n<script type=\"application\/ld+json\" class=\"yoast-schema-graph\">{\"@context\":\"https:\/\/schema.org\",\"@graph\":[{\"@type\":\"WebPage\",\"@id\":\"https:\/\/www.electroluxprofessional.com\/no\/vaskeri\/kontrollsystemer-og-programvare\/\",\"url\":\"https:\/\/www.electroluxprofessional.com\/no\/vaskeri\/kontrollsystemer-og-programvare\/\",\"name\":\"Kontrollsystemer og programvare - Electrolux Professional Norge\",\"isPartOf\":{\"@id\":\"https:\/\/www.electroluxprofessional.com\/no\/#website\"},\"datePublished\":\"2025-10-20T11:51:26+00:00\",\"dateModified\":\"2025-10-21T11:51:27+00:00\",\"description\":\"Et bredt utvalg av styringssystemer og programvare som oppfyller de h\u00f8yeste kvalitetsstandarder for \u00e5 gi merverdi for v\u00e5re kunder\",\"breadcrumb\":{\"@id\":\"https:\/\/www.electroluxprofessional.com\/no\/vaskeri\/kontrollsystemer-og-programvare\/#breadcrumb\"},\"inLanguage\":\"nb-NO\",\"potentialAction\":[{\"@type\":\"ReadAction\",\"target\":[\"https:\/\/www.electroluxprofessional.com\/no\/vaskeri\/kontrollsystemer-og-programvare\/\"]}]},{\"@type\":\"BreadcrumbList\",\"@id\":\"https:\/\/www.electroluxprofessional.com\/no\/vaskeri\/kontrollsystemer-og-programvare\/#breadcrumb\",\"itemListElement\":[{\"@type\":\"ListItem\",\"position\":1,\"name\":\"Home\",\"item\":\"https:\/\/www.electroluxprofessional.com\/no\/\"},{\"@type\":\"ListItem\",\"position\":2,\"name\":\"Vaskeri\",\"item\":\"https:\/\/www.electroluxprofessional.com\/no\/vaskeri\/\"},{\"@type\":\"ListItem\",\"position\":3,\"name\":\"Kontrollsystemer og programvare\"}]},{\"@type\":\"WebSite\",\"@id\":\"https:\/\/www.electroluxprofessional.com\/no\/#website\",\"url\":\"https:\/\/www.electroluxprofessional.com\/no\/\",\"name\":\"Electrolux Professional Norge\",\"description\":\"\",\"potentialAction\":[{\"@type\":\"SearchAction\",\"target\":{\"@type\":\"EntryPoint\",\"urlTemplate\":\"https:\/\/www.electroluxprofessional.com\/no\/?src={search_term_string}\"},\"query-input\":\"required name=search_term_string\"}],\"inLanguage\":\"nb-NO\"}]}<\/script>\n<!-- \/ Yoast SEO plugin. -->","yoast_head_json":{"title":"Kontrollsystemer og programvare - Electrolux Professional Norge","description":"Et bredt utvalg av styringssystemer og programvare som oppfyller de h\u00f8yeste kvalitetsstandarder for \u00e5 gi merverdi for v\u00e5re kunder","robots":{"index":"index","follow":"follow","max-snippet":"max-snippet:-1","max-image-preview":"max-image-preview:large","max-video-preview":"max-video-preview:-1"},"canonical":"https:\/\/www.electroluxprofessional.com\/no\/vaskeri\/kontrollsystemer-og-programvare\/","og_locale":"nb_NO","og_type":"article","og_title":"Kontrollsystemer og programvare - Electrolux Professional Norge","og_description":"Et bredt utvalg av styringssystemer og programvare som oppfyller de h\u00f8yeste kvalitetsstandarder for \u00e5 gi merverdi for v\u00e5re kunder","og_url":"https:\/\/www.electroluxprofessional.com\/no\/vaskeri\/kontrollsystemer-og-programvare\/","og_site_name":"Electrolux Professional Norge","article_modified_time":"2025-10-21T11:51:27+00:00","twitter_card":"summary_large_image","twitter_misc":{"Ansl. lesetid":"2 minutter"},"schema":{"@context":"https:\/\/schema.org","@graph":[{"@type":"WebPage","@id":"https:\/\/www.electroluxprofessional.com\/no\/vaskeri\/kontrollsystemer-og-programvare\/","url":"https:\/\/www.electroluxprofessional.com\/no\/vaskeri\/kontrollsystemer-og-programvare\/","name":"Kontrollsystemer og programvare - Electrolux Professional Norge","isPartOf":{"@id":"https:\/\/www.electroluxprofessional.com\/no\/#website"},"datePublished":"2025-10-20T11:51:26+00:00","dateModified":"2025-10-21T11:51:27+00:00","description":"Et bredt utvalg av styringssystemer og programvare som oppfyller de h\u00f8yeste kvalitetsstandarder for \u00e5 gi merverdi for v\u00e5re kunder","breadcrumb":{"@id":"https:\/\/www.electroluxprofessional.com\/no\/vaskeri\/kontrollsystemer-og-programvare\/#breadcrumb"},"inLanguage":"nb-NO","potentialAction":[{"@type":"ReadAction","target":["https:\/\/www.electroluxprofessional.com\/no\/vaskeri\/kontrollsystemer-og-programvare\/"]}]},{"@type":"BreadcrumbList","@id":"https:\/\/www.electroluxprofessional.com\/no\/vaskeri\/kontrollsystemer-og-programvare\/#breadcrumb","itemListElement":[{"@type":"ListItem","position":1,"name":"Home","item":"https:\/\/www.electroluxprofessional.com\/no\/"},{"@type":"ListItem","position":2,"name":"Vaskeri","item":"https:\/\/www.electroluxprofessional.com\/no\/vaskeri\/"},{"@type":"ListItem","position":3,"name":"Kontrollsystemer og programvare"}]},{"@type":"WebSite","@id":"https:\/\/www.electroluxprofessional.com\/no\/#website","url":"https:\/\/www.electroluxprofessional.com\/no\/","name":"Electrolux Professional Norge","description":"","potentialAction":[{"@type":"SearchAction","target":{"@type":"EntryPoint","urlTemplate":"https:\/\/www.electroluxprofessional.com\/no\/?src={search_term_string}"},"query-input":"required name=search_term_string"}],"inLanguage":"nb-NO"}]}},"_links":{"self":[{"href":"https:\/\/www.electroluxprofessional.com\/no\/wp-json\/wp\/v2\/pages\/14729"}],"collection":[{"href":"https:\/\/www.electroluxprofessional.com\/no\/wp-json\/wp\/v2\/pages"}],"about":[{"href":"https:\/\/www.electroluxprofessional.com\/no\/wp-json\/wp\/v2\/types\/page"}],"author":[{"embeddable":true,"href":"https:\/\/www.electroluxprofessional.com\/no\/wp-json\/wp\/v2\/users\/3"}],"replies":[{"embeddable":true,"href":"https:\/\/www.electroluxprofessional.com\/no\/wp-json\/wp\/v2\/comments?post=14729"}],"version-history":[{"count":15,"href":"https:\/\/www.electroluxprofessional.com\/no\/wp-json\/wp\/v2\/pages\/14729\/revisions"}],"predecessor-version":[{"id":14858,"href":"https:\/\/www.electroluxprofessional.com\/no\/wp-json\/wp\/v2\/pages\/14729\/revisions\/14858"}],"up":[{"embeddable":true,"href":"https:\/\/www.electroluxprofessional.com\/no\/wp-json\/wp\/v2\/pages\/1184"}],"wp:attachment":[{"href":"https:\/\/www.electroluxprofessional.com\/no\/wp-json\/wp\/v2\/media?parent=14729"}],"curies":[{"name":"wp","href":"https:\/\/api.w.org\/{rel}","templated":true}]}}