{"id":1390,"date":"2017-01-26T11:32:31","date_gmt":"2017-01-26T11:32:31","guid":{"rendered":"https:\/\/www.electroluxprofessional.com\/no\/?page_id=1390"},"modified":"2024-07-03T08:05:57","modified_gmt":"2024-07-03T08:05:57","slug":"restauranter","status":"publish","type":"page","link":"https:\/\/www.electroluxprofessional.com\/no\/restauranter\/","title":{"rendered":"Restauranter"},"content":{"rendered":"<p>[vc_row full_width=&#8221;electroluxpro-full-width-no-padding&#8221; equal_height=&#8221;yes&#8221;][vc_column reveal_effect=&#8221;&#8221; width=&#8221;1\/2&#8243;][elx_citation name=&#8221;Simon Hulstone, Chef Proprietor&#8221; company=&#8221;The Elephant &#8211; Michelin star Restaurant Devon, United Kingdom&#8221;][elx_heading text_color=&#8221;inherit&#8221;]Electrolux Professional har gitt meg meget god behandling og utstyret har v\u00e6rt bra for kj\u00f8kkenet mitt. Jeg vil ikke n\u00f8le med \u00e5 anbefale produktene til andre i bransjen.[\/elx_heading][\/elx_citation][\/vc_column][vc_column reveal_effect=&#8221;&#8221; width=&#8221;1\/2&#8243;][elx_image_block background_image=&#8221;595&#8243; minimum_height=&#8221;650px&#8221;][\/vc_column][\/vc_row][vc_row css=&#8221;.vc_custom_1464617547121{padding-bottom: 20px !important;}&#8221;][vc_column][elx_heading font_container=&#8221;h1&#8243; font_size=&#8221;h2&#8243; text_color=&#8221;inherit&#8221;]<\/p>\n<h1 style=\"text-align: center; color: #ed6952;\">Restauranter<\/h1>\n<p>[\/elx_heading][vc_column_text]<\/p>\n<h3 style=\"text-align: center;\">Noen ganger er det \u00e5 drive restaurant en t\u00f8ff oppgave. Det er derfor viktig \u00e5 velge den rette leverand\u00f8ren som ikke skuffer.<\/h3>\n<p>[\/vc_column_text][\/vc_column][\/vc_row][vc_row full_width=&#8221;electroluxpro-full-width-no-padding&#8221; equal_height=&#8221;yes&#8221; css=&#8221;.vc_custom_1464688891592{background-color: #f8f6f9 !important;}&#8221;][vc_column width=&#8221;1\/2&#8243; css=&#8221;.vc_custom_1464680696345{padding-top: 30px !important;}&#8221;][elx_simple_block background_color=&#8221;inherit&#8221;][elx_heading font_container=&#8221;h3&#8243; text_color=&#8221;inherit&#8221;]Ved \u00e5 velge <strong>Electrolux Professionals l\u00f8sninger<\/strong> f\u00e5r du akkurat den fleksiblitet, enkelhet og kraft du er p\u00e5 jakt etter.[\/elx_heading][\/elx_simple_block][\/vc_column][vc_column width=&#8221;1\/2&#8243;][elx_image_block background_image=&#8221;596&#8243; minimum_height=&#8221;660px&#8221;][\/vc_column][\/vc_row][vc_row full_width=&#8221;electroluxpro-full-width-no-padding&#8221;][vc_column width=&#8221;1\/2&#8243;][elx_image_block background_image=&#8221;597&#8243; minimum_height=&#8221;700px&#8221;][\/vc_column][vc_column width=&#8221;1\/2&#8243;][elx_simple_block background_color=&#8221;inherit&#8221;][elx_heading font_container=&#8221;h3&#8243; text_color=&#8221;inherit&#8221;]<\/p>\n<h3>Et kj\u00f8kken som hjelper deg \u00e5 \u00f8ke<\/h3>\n<p>[\/elx_heading][vc_column_text css_animation=&#8221;right-to-left&#8221;]Utviklet for \u00e5 v\u00e6re en proff partner til top chefs, <strong>therma<em>line og<\/em>\u00a0Molteni<em>\u00a0<\/em><\/strong>fra Electrolux Professional m\u00f8ter alle krav til en <strong>f\u00f8rsteklasses restaurant<\/strong>.[\/vc_column_text][\/elx_simple_block][\/vc_column][\/vc_row][vc_row full_width=&#8221;electroluxpro-full-width-no-padding&#8221; equal_height=&#8221;yes&#8221; css=&#8221;.vc_custom_1464688903664{background-color: #f8f6f9 !important;}&#8221;][vc_column width=&#8221;1\/2&#8243;][elx_simple_block background_color=&#8221;inherit&#8221;][elx_heading font_container=&#8221;h3&#8243; text_color=&#8221;inherit&#8221;]<\/p>\n<h3><strong>Alle behov<\/strong> ivaretas.<\/h3>\n<p>[\/elx_heading][vc_column_text css_animation=&#8221;left-to-right&#8221;]Enten du driver en <strong>restaurantkjede eller gatekj\u00f8kken, <\/strong><strong>\u00a0mindre spisested\u00a0<\/strong>\u00a0eller<strong> full service restaurant<\/strong>, \u00a0har Electrolux Professional utstyret som kan l\u00f8se selv de t\u00f8ffeste utfordringer.[\/vc_column_text][\/elx_simple_block][\/vc_column][vc_column width=&#8221;1\/2&#8243;][elx_image_block background_image=&#8221;598&#8243; minimum_height=&#8221;700px&#8221;][\/vc_column][\/vc_row][vc_row][vc_column css=&#8221;.vc_custom_1464681276221{padding-top: 30px !important;padding-bottom: 30px !important;}&#8221;][elx_heading text_color=&#8221;inherit&#8221;]<\/p>\n<p style=\"text-align: center;\">Vi har l\u00f8sningen for din business<\/p>\n<p>[\/elx_heading][\/vc_column][\/vc_row][vc_row equal_height=&#8221;yes&#8221; css=&#8221;.vc_custom_1465215712914{padding-top: 20px !important;padding-bottom: 10px !important;background-color: #f7f6f6 !important;}&#8221;][vc_column width=&#8221;1\/3&#8243;][elx_image_block background_image=&#8221;599&#8243; minimum_height=&#8221;298px&#8221;][elx_heading text_color=&#8221;inherit&#8221;]Fine dining restaurants[\/elx_heading][\/vc_column][vc_column width=&#8221;1\/3&#8243;][elx_image_block background_image=&#8221;600&#8243; minimum_height=&#8221;332px&#8221;][elx_heading text_color=&#8221;inherit&#8221;]Full service restaurants[\/elx_heading][\/vc_column][vc_column width=&#8221;1\/3&#8243;][elx_image_block background_image=&#8221;601&#8243; minimum_height=&#8221;332px&#8221;][elx_heading text_color=&#8221;inherit&#8221;]Chains and quick service restaurants[\/elx_heading][\/vc_column][\/vc_row][vc_row][vc_column][vc_empty_space][\/vc_column][\/vc_row][vc_row][vc_column][elx_heading text_color=&#8221;inherit&#8221;]Finn mer ut om hva Electrolux kan gj\u00f8re for din business. [\/elx_heading][elx_o2000_contact_us s=&#8221;Your request for information: restaurants&#8221; container=&#8221;elxcontactus1466432017&#8243; r=&#8221;I would like to find out more about solutions for restaurants, please get in touch with me.&#8221;][\/vc_column][\/vc_row][vc_row css=&#8221;.vc_custom_1464686680535{padding-bottom: 30px !important;}&#8221;][vc_column][elx_heading text_color=&#8221;inherit&#8221;]<\/p>\n<p style=\"text-align: center;\">Les mer om hva v\u00e5re kunder synes<\/p>\n<p>[\/elx_heading][\/vc_column][\/vc_row][vc_row full_width=&#8221;electroluxpro-full-width-no-padding&#8221; equal_height=&#8221;yes&#8221; css=&#8221;.vc_custom_1464688913589{background-color: #f8f6f9 !important;}&#8221;][vc_column width=&#8221;1\/2&#8243;][elx_video_block background_image=&#8221;602&#8243; minimum_height=&#8221;700px&#8221;][\/vc_column][vc_column width=&#8221;1\/2&#8243;][elx_simple_block background_color=&#8221;inherit&#8221;][elx_heading text_color=&#8221;inherit&#8221;]Priceless Milano[\/elx_heading][vc_column_text]<em>&#8220;There are so many advantages in cooking that I would certainly recommend Electrolux solutions to my colleagues, not only in Italy but worldwide&#8221;.<\/em><\/p>\n<p><strong>Christian Pircher, JRE chef from the Kirchsteiger Restaurant in Foiana<\/strong>[\/vc_column_text][\/elx_simple_block][\/vc_column][\/vc_row][vc_row css=&#8221;.vc_custom_1464687597749{padding-top: 50px !important;}&#8221;][vc_column width=&#8221;1\/2&#8243;][vc_single_image image=&#8221;603&#8243; img_size=&#8221;large&#8221;][\/vc_column][vc_column width=&#8221;1\/2&#8243;][elx_heading text_color=&#8221;inherit&#8221;]IYO[\/elx_heading][vc_column_text css_animation=&#8221;right-to-left&#8221; css=&#8221;.vc_custom_1464775370012{padding-top: 15px !important;}&#8221;]&#8221;<em>We choose Electrolux Professional because in terms of technology and functionality it is definetly a step forward. With thermaline, we are really good as it is a block that guarantees unmatched efficency and solidity<\/em>&#8220;.<\/p>\n<p><strong>Claudio Liu, Founder<\/strong><\/p>\n<p><strong>Iyo &#8211; Michelin star Restaurant Milan, Italy<\/strong>[\/vc_column_text][\/vc_column][\/vc_row][vc_row css=&#8221;.vc_custom_1464691641827{padding-top: 50px !important;padding-bottom: 50px !important;}&#8221;][vc_column width=&#8221;1\/2&#8243;][vc_single_image image=&#8221;604&#8243; img_size=&#8221;large&#8221;][\/vc_column][vc_column width=&#8221;1\/2&#8243;][elx_heading text_color=&#8221;inherit&#8221;]Tiergarten[\/elx_heading][vc_column_text css_animation=&#8221;right-to-left&#8221; css=&#8221;.vc_custom_1464775377082{padding-top: 15px !important;}&#8221;]<em>&#8220;The decision for Electrolux Professional appliances was the result of a tender. Electrolux Professional was chosen thanks to the good support, the reliability of the products and the price \/ performance ratio&#8221;.<\/em><\/p>\n<p><strong>Maikel Konrad, Head Chef<\/strong> <strong>at Restaurant Tiergarten<\/strong>[\/vc_column_text][\/vc_column][\/vc_row][vc_row][vc_column][vc_empty_space][\/vc_column][\/vc_row][vc_row][vc_column][elx_heading text_color=&#8221;inherit&#8221;]Finn mer ut om hva Electrolux kan gj\u00f8re for din business. [\/elx_heading][elx_o2000_contact_us s=&#8221;Your request for information: restaurants&#8221; country=&#8221;Norway&#8221; container=&#8221;elxcontactus1466432174&#8243; r=&#8221;Jeg \u00f8nsker \u00e5 vite mer om l\u00f8sninger for restaurant, vennligst ta kontakt med meg.&#8221;][\/vc_column][\/vc_row][vc_row][vc_column][vc_empty_space][\/vc_column][\/vc_row]<\/p>\n","protected":false},"excerpt":{"rendered":"<p>[vc_row full_width=&#8221;electroluxpro-full-width-no-padding&#8221; equal_height=&#8221;yes&#8221;][vc_column reveal_effect=&#8221;&#8221; width=&#8221;1\/2&#8243;][elx_citation name=&#8221;Simon Hulstone, Chef Proprietor&#8221; company=&#8221;The Elephant &#8211; Michelin star Restaurant Devon, United Kingdom&#8221;][elx_heading text_color=&#8221;inherit&#8221;]Electrolux Professional har gitt meg meget god behandling og utstyret har v\u00e6rt bra for kj\u00f8kkenet mitt. Jeg vil ikke n\u00f8le med \u00e5 anbefale produktene til andre i bransjen.[\/elx_heading][\/elx_citation][\/vc_column][vc_column reveal_effect=&#8221;&#8221; width=&#8221;1\/2&#8243;][elx_image_block background_image=&#8221;595&#8243; minimum_height=&#8221;650px&#8221;][\/vc_column][\/vc_row][vc_row css=&#8221;.vc_custom_1464617547121{padding-bottom: 20px !important;}&#8221;][vc_column][elx_heading font_container=&#8221;h1&#8243; font_size=&#8221;h2&#8243; [&hellip;]<\/p>\n","protected":false},"author":3,"featured_media":0,"parent":0,"menu_order":0,"comment_status":"closed","ping_status":"closed","template":"","meta":{"footnotes":""},"class_list":["post-1390","page","type-page","status-publish","hentry"],"acf":[],"yoast_head":"<!-- This site is optimized with the Yoast SEO plugin v23.3 - https:\/\/yoast.com\/wordpress\/plugins\/seo\/ -->\n<title>Restauranter - Electrolux Professional Norge<\/title>\n<meta name=\"robots\" content=\"index, follow, max-snippet:-1, max-image-preview:large, max-video-preview:-1\" \/>\n<link rel=\"canonical\" href=\"https:\/\/www.electroluxprofessional.com\/no\/restauranter\/\" \/>\n<meta property=\"og:locale\" content=\"nb_NO\" \/>\n<meta property=\"og:type\" content=\"article\" \/>\n<meta property=\"og:title\" content=\"Restauranter - Electrolux Professional Norge\" \/>\n<meta property=\"og:description\" content=\"[vc_row full_width=&#8221;electroluxpro-full-width-no-padding&#8221; equal_height=&#8221;yes&#8221;][vc_column reveal_effect=&#8221;&#8221; width=&#8221;1\/2&#8243;][elx_citation name=&#8221;Simon Hulstone, Chef Proprietor&#8221; company=&#8221;The Elephant &#8211; Michelin star Restaurant Devon, United Kingdom&#8221;][elx_heading text_color=&#8221;inherit&#8221;]Electrolux Professional har gitt meg meget god behandling og utstyret har v\u00e6rt bra for kj\u00f8kkenet mitt. Jeg vil ikke n\u00f8le med \u00e5 anbefale produktene til andre i bransjen.[\/elx_heading][\/elx_citation][\/vc_column][vc_column reveal_effect=&#8221;&#8221; width=&#8221;1\/2&#8243;][elx_image_block background_image=&#8221;595&#8243; minimum_height=&#8221;650px&#8221;][\/vc_column][\/vc_row][vc_row css=&#8221;.vc_custom_1464617547121{padding-bottom: 20px !important;}&#8221;][vc_column][elx_heading font_container=&#8221;h1&#8243; font_size=&#8221;h2&#8243; [&hellip;]\" \/>\n<meta property=\"og:url\" content=\"https:\/\/www.electroluxprofessional.com\/no\/restauranter\/\" \/>\n<meta property=\"og:site_name\" content=\"Electrolux Professional Norge\" \/>\n<meta property=\"article:modified_time\" content=\"2024-07-03T08:05:57+00:00\" \/>\n<meta name=\"twitter:card\" content=\"summary_large_image\" \/>\n<meta name=\"twitter:label1\" content=\"Ansl. lesetid\" \/>\n\t<meta name=\"twitter:data1\" content=\"3 minutter\" \/>\n<script type=\"application\/ld+json\" class=\"yoast-schema-graph\">{\"@context\":\"https:\/\/schema.org\",\"@graph\":[{\"@type\":\"WebPage\",\"@id\":\"https:\/\/www.electroluxprofessional.com\/no\/restauranter\/\",\"url\":\"https:\/\/www.electroluxprofessional.com\/no\/restauranter\/\",\"name\":\"Restauranter - Electrolux Professional Norge\",\"isPartOf\":{\"@id\":\"https:\/\/www.electroluxprofessional.com\/no\/#website\"},\"datePublished\":\"2017-01-26T11:32:31+00:00\",\"dateModified\":\"2024-07-03T08:05:57+00:00\",\"breadcrumb\":{\"@id\":\"https:\/\/www.electroluxprofessional.com\/no\/restauranter\/#breadcrumb\"},\"inLanguage\":\"nb-NO\",\"potentialAction\":[{\"@type\":\"ReadAction\",\"target\":[\"https:\/\/www.electroluxprofessional.com\/no\/restauranter\/\"]}]},{\"@type\":\"BreadcrumbList\",\"@id\":\"https:\/\/www.electroluxprofessional.com\/no\/restauranter\/#breadcrumb\",\"itemListElement\":[{\"@type\":\"ListItem\",\"position\":1,\"name\":\"Home\",\"item\":\"https:\/\/www.electroluxprofessional.com\/no\/\"},{\"@type\":\"ListItem\",\"position\":2,\"name\":\"Restauranter\"}]},{\"@type\":\"WebSite\",\"@id\":\"https:\/\/www.electroluxprofessional.com\/no\/#website\",\"url\":\"https:\/\/www.electroluxprofessional.com\/no\/\",\"name\":\"Electrolux Professional Norge\",\"description\":\"\",\"potentialAction\":[{\"@type\":\"SearchAction\",\"target\":{\"@type\":\"EntryPoint\",\"urlTemplate\":\"https:\/\/www.electroluxprofessional.com\/no\/?src={search_term_string}\"},\"query-input\":\"required name=search_term_string\"}],\"inLanguage\":\"nb-NO\"}]}<\/script>\n<!-- \/ Yoast SEO plugin. -->","yoast_head_json":{"title":"Restauranter - Electrolux Professional Norge","robots":{"index":"index","follow":"follow","max-snippet":"max-snippet:-1","max-image-preview":"max-image-preview:large","max-video-preview":"max-video-preview:-1"},"canonical":"https:\/\/www.electroluxprofessional.com\/no\/restauranter\/","og_locale":"nb_NO","og_type":"article","og_title":"Restauranter - Electrolux Professional Norge","og_description":"[vc_row full_width=&#8221;electroluxpro-full-width-no-padding&#8221; equal_height=&#8221;yes&#8221;][vc_column reveal_effect=&#8221;&#8221; width=&#8221;1\/2&#8243;][elx_citation name=&#8221;Simon Hulstone, Chef Proprietor&#8221; company=&#8221;The Elephant &#8211; Michelin star Restaurant Devon, United Kingdom&#8221;][elx_heading text_color=&#8221;inherit&#8221;]Electrolux Professional har gitt meg meget god behandling og utstyret har v\u00e6rt bra for kj\u00f8kkenet mitt. Jeg vil ikke n\u00f8le med \u00e5 anbefale produktene til andre i bransjen.[\/elx_heading][\/elx_citation][\/vc_column][vc_column reveal_effect=&#8221;&#8221; width=&#8221;1\/2&#8243;][elx_image_block background_image=&#8221;595&#8243; minimum_height=&#8221;650px&#8221;][\/vc_column][\/vc_row][vc_row css=&#8221;.vc_custom_1464617547121{padding-bottom: 20px !important;}&#8221;][vc_column][elx_heading font_container=&#8221;h1&#8243; font_size=&#8221;h2&#8243; [&hellip;]","og_url":"https:\/\/www.electroluxprofessional.com\/no\/restauranter\/","og_site_name":"Electrolux Professional Norge","article_modified_time":"2024-07-03T08:05:57+00:00","twitter_card":"summary_large_image","twitter_misc":{"Ansl. lesetid":"3 minutter"},"schema":{"@context":"https:\/\/schema.org","@graph":[{"@type":"WebPage","@id":"https:\/\/www.electroluxprofessional.com\/no\/restauranter\/","url":"https:\/\/www.electroluxprofessional.com\/no\/restauranter\/","name":"Restauranter - Electrolux Professional Norge","isPartOf":{"@id":"https:\/\/www.electroluxprofessional.com\/no\/#website"},"datePublished":"2017-01-26T11:32:31+00:00","dateModified":"2024-07-03T08:05:57+00:00","breadcrumb":{"@id":"https:\/\/www.electroluxprofessional.com\/no\/restauranter\/#breadcrumb"},"inLanguage":"nb-NO","potentialAction":[{"@type":"ReadAction","target":["https:\/\/www.electroluxprofessional.com\/no\/restauranter\/"]}]},{"@type":"BreadcrumbList","@id":"https:\/\/www.electroluxprofessional.com\/no\/restauranter\/#breadcrumb","itemListElement":[{"@type":"ListItem","position":1,"name":"Home","item":"https:\/\/www.electroluxprofessional.com\/no\/"},{"@type":"ListItem","position":2,"name":"Restauranter"}]},{"@type":"WebSite","@id":"https:\/\/www.electroluxprofessional.com\/no\/#website","url":"https:\/\/www.electroluxprofessional.com\/no\/","name":"Electrolux Professional Norge","description":"","potentialAction":[{"@type":"SearchAction","target":{"@type":"EntryPoint","urlTemplate":"https:\/\/www.electroluxprofessional.com\/no\/?src={search_term_string}"},"query-input":"required name=search_term_string"}],"inLanguage":"nb-NO"}]}},"_links":{"self":[{"href":"https:\/\/www.electroluxprofessional.com\/no\/wp-json\/wp\/v2\/pages\/1390"}],"collection":[{"href":"https:\/\/www.electroluxprofessional.com\/no\/wp-json\/wp\/v2\/pages"}],"about":[{"href":"https:\/\/www.electroluxprofessional.com\/no\/wp-json\/wp\/v2\/types\/page"}],"author":[{"embeddable":true,"href":"https:\/\/www.electroluxprofessional.com\/no\/wp-json\/wp\/v2\/users\/3"}],"replies":[{"embeddable":true,"href":"https:\/\/www.electroluxprofessional.com\/no\/wp-json\/wp\/v2\/comments?post=1390"}],"version-history":[{"count":16,"href":"https:\/\/www.electroluxprofessional.com\/no\/wp-json\/wp\/v2\/pages\/1390\/revisions"}],"predecessor-version":[{"id":13074,"href":"https:\/\/www.electroluxprofessional.com\/no\/wp-json\/wp\/v2\/pages\/1390\/revisions\/13074"}],"wp:attachment":[{"href":"https:\/\/www.electroluxprofessional.com\/no\/wp-json\/wp\/v2\/media?parent=1390"}],"curies":[{"name":"wp","href":"https:\/\/api.w.org\/{rel}","templated":true}]}}