{"id":1372,"date":"2017-01-24T08:04:07","date_gmt":"2017-01-24T08:04:07","guid":{"rendered":"https:\/\/www.electroluxprofessional.com\/no\/?page_id=1372"},"modified":"2017-08-01T11:16:47","modified_gmt":"2017-08-01T11:16:47","slug":"cookies-retningslinjer","status":"publish","type":"page","link":"https:\/\/www.electroluxprofessional.com\/no\/cookies-retningslinjer\/","title":{"rendered":"Cookies retningslinjer"},"content":{"rendered":"<p>[vc_row][vc_column][vc_column_text]<\/p>\n<p class=\"ingress\">Informasjonskapsler (ogs\u00e5 kjent som cookies) er sm\u00e5 tekstfiler som lagres p\u00e5 pc-en din, vanligvis gjennom bruk av en nettleser. De inneholder blant annet informasjon om hvilke sider du bes\u00f8ker p\u00e5 nettet.<\/p>\n<div>I henhold til Lov om elektronisk kommunikasjon (ekomloven), m\u00e5 alle bes\u00f8kende p\u00e5 et nettsted som benytter informasjonskapsler ha tilgang til informasjon om at nettstedet benytter informasjonskapsler. De m\u00e5 ogs\u00e5 ha tilgang til informasjon om \u00e5rsaken til at de blir brukt.<\/div>\n<div class=\"rte\">\n<p>Bes\u00f8kende m\u00e5 ogs\u00e5 godkjenne at informasjonskapsler blir benyttet. Godkjenningen gj\u00f8res gjennom innstillingene i nettleseren.<\/p>\n<p>Ved \u00e5 bruke v\u00e5rt nettsted, anses du \u00e5 samtykke til v\u00e5r bruk av informasjonskapsler som er beskrevet ovenfor.<\/p>\n<\/div>\n<h4>Hva er en cookie?<\/h4>\n<p>Cookiene er sm\u00e5 tekstfiler som genereres av nettsteder du bes\u00f8ker, og som inneholder \u00f8ktsdata som kan komme til nytte senere p\u00e5 nettstedet. Dataene gj\u00f8r det mulig for nettstedet \u00e5 ta vare p\u00e5 informasjon mens du blar mellom ulike sider og \u00e5 analysere hvordan du bruker nettstedet. Cookiene er sikre \u2013 de kan kun lagre opplysninger som legges inn av nettleseren, n\u00e6rmere bestemt den informasjonen du har skrevet inn i nettleseren, eller som er inkludert i sideforesp\u00f8rselen. \u00a0P\u00e5 dette nettstedet benyttes to\u00a0typer cookies: session og non-nession.<\/p>\n<p><strong>Session-cookie<\/strong> inneholder informasjon som brukes i den aktive nettleser\u00f8kten. Slike cookies slettes automatisk n\u00e5r du lukker nettleseren.\u00a0 Ingenting annet enn den tiden du bruker p\u00e5 nettstedet, blir lagret p\u00e5 datamaskinen.<\/p>\n<p><strong>Non-session-cookies<\/strong> brukes til \u00e5 ta vare p\u00e5 informasjon mellom bes\u00f8kene. Disse dataene gj\u00f8r det mulig for nettstedene \u00e5 se at du er en tilbakevendende kunde, og \u00e5 behandle deg deretter.<\/p>\n<h4>Hvorfor benytter vi cookies?<\/h4>\n<p>V\u00e5rt nettsted bruker informasjonskapsler blant annet for \u00e5 gi bes\u00f8kende tilgang til ulike funksjoner, samt \u00e5 skille de bes\u00f8kende av nettstedet fra hverandre. Dette hjelper oss \u00e5 forbedre nettstedet og gj\u00f8re v\u00e5r digitale kommunikasjon mer relevant.<\/p>\n<h4><\/h4>\n<h4>Webanalyse<\/h4>\n<p>Google Analytics er Googles analyseverkt\u00f8y. Det hjelper innehavere av nettsteder og apper med \u00e5 forst\u00e5 hvordan bes\u00f8kende bruker tjenestene deres. Dette verkt\u00f8yet kan bruke et sett med informasjonskapsler for \u00e5 samle informasjon og rapportere statistikk om bruk av nettsteder, uten at enkelte bes\u00f8kende identifiseres for Google.<\/p>\n<h4>Deaktivere og slette cookies<\/h4>\n<p>Alle nettlesere gj\u00f8r det mulig \u00e5 begrense cookieatferd eller \u00e5 deaktivere dem ved hjelp av nettleserens innstillinger. Fremgangsm\u00e5ten for \u00e5 gj\u00f8re dette varierer med hver enkelt nettleser, men du finner instrukser for dette under Hjelp-menyen i din nettleser. Nettleseren gir deg i tillegg oversikt over cookiene som er lagret p\u00e5 datamaskinen, og du kan slette enkeltcookies eller fjerne alle sammen. Cookies er rene tekstfiler, s\u00e5 du kan \u00e5pne dem og lese innholdet. Dataene inni dem er ofte kryptert eller best\u00e5r av en tallkode som tilsvarer en web\u00f8kt, s\u00e5 de betyr gjerne ikke noe for noen andre enn det nettstedet som skrev dem.<\/p>\n<p>Hvis du deaktiverer cookiene vil Optimera-nettstedet ikke kunne lage en reservasjon for deg. Hvis du sletter cookiene vil det ogs\u00e5 g\u00e5 ut over overv\u00e5kingen av din bevegelse gjennom nettstedet, selv om analysekoden fortsatt vil kunne se at du er inne p\u00e5 nettstedet.[\/vc_column_text][\/vc_column][\/vc_row]<\/p>\n","protected":false},"excerpt":{"rendered":"<p>[vc_row][vc_column][vc_column_text] Informasjonskapsler (ogs\u00e5 kjent som cookies) er sm\u00e5 tekstfiler som lagres p\u00e5 pc-en din, vanligvis gjennom bruk av en nettleser. De inneholder blant annet informasjon om hvilke sider du bes\u00f8ker p\u00e5 nettet. I henhold til Lov om elektronisk kommunikasjon (ekomloven), m\u00e5 alle bes\u00f8kende p\u00e5 et nettsted som benytter informasjonskapsler ha tilgang til informasjon om at [&hellip;]<\/p>\n","protected":false},"author":3,"featured_media":0,"parent":0,"menu_order":0,"comment_status":"closed","ping_status":"closed","template":"","meta":{"footnotes":""},"class_list":["post-1372","page","type-page","status-publish","hentry"],"acf":[],"yoast_head":"<!-- This site is optimized with the Yoast SEO plugin v23.3 - https:\/\/yoast.com\/wordpress\/plugins\/seo\/ -->\n<title>Cookies retningslinjer - Electrolux Professional Norge<\/title>\n<meta name=\"robots\" content=\"index, follow, max-snippet:-1, max-image-preview:large, max-video-preview:-1\" \/>\n<link rel=\"canonical\" href=\"https:\/\/www.electroluxprofessional.com\/no\/cookies-retningslinjer\/\" \/>\n<meta property=\"og:locale\" content=\"nb_NO\" \/>\n<meta property=\"og:type\" content=\"article\" \/>\n<meta property=\"og:title\" content=\"Cookies retningslinjer - Electrolux Professional Norge\" \/>\n<meta property=\"og:description\" content=\"[vc_row][vc_column][vc_column_text] Informasjonskapsler (ogs\u00e5 kjent som cookies) er sm\u00e5 tekstfiler som lagres p\u00e5 pc-en din, vanligvis gjennom bruk av en nettleser. De inneholder blant annet informasjon om hvilke sider du bes\u00f8ker p\u00e5 nettet. I henhold til Lov om elektronisk kommunikasjon (ekomloven), m\u00e5 alle bes\u00f8kende p\u00e5 et nettsted som benytter informasjonskapsler ha tilgang til informasjon om at [&hellip;]\" \/>\n<meta property=\"og:url\" content=\"https:\/\/www.electroluxprofessional.com\/no\/cookies-retningslinjer\/\" \/>\n<meta property=\"og:site_name\" content=\"Electrolux Professional Norge\" \/>\n<meta property=\"article:modified_time\" content=\"2017-08-01T11:16:47+00:00\" \/>\n<meta name=\"twitter:card\" content=\"summary_large_image\" \/>\n<meta name=\"twitter:label1\" content=\"Ansl. lesetid\" \/>\n\t<meta name=\"twitter:data1\" content=\"3 minutter\" \/>\n<script type=\"application\/ld+json\" class=\"yoast-schema-graph\">{\"@context\":\"https:\/\/schema.org\",\"@graph\":[{\"@type\":\"WebPage\",\"@id\":\"https:\/\/www.electroluxprofessional.com\/no\/cookies-retningslinjer\/\",\"url\":\"https:\/\/www.electroluxprofessional.com\/no\/cookies-retningslinjer\/\",\"name\":\"Cookies retningslinjer - Electrolux Professional Norge\",\"isPartOf\":{\"@id\":\"https:\/\/www.electroluxprofessional.com\/no\/#website\"},\"datePublished\":\"2017-01-24T08:04:07+00:00\",\"dateModified\":\"2017-08-01T11:16:47+00:00\",\"breadcrumb\":{\"@id\":\"https:\/\/www.electroluxprofessional.com\/no\/cookies-retningslinjer\/#breadcrumb\"},\"inLanguage\":\"nb-NO\",\"potentialAction\":[{\"@type\":\"ReadAction\",\"target\":[\"https:\/\/www.electroluxprofessional.com\/no\/cookies-retningslinjer\/\"]}]},{\"@type\":\"BreadcrumbList\",\"@id\":\"https:\/\/www.electroluxprofessional.com\/no\/cookies-retningslinjer\/#breadcrumb\",\"itemListElement\":[{\"@type\":\"ListItem\",\"position\":1,\"name\":\"Home\",\"item\":\"https:\/\/www.electroluxprofessional.com\/no\/\"},{\"@type\":\"ListItem\",\"position\":2,\"name\":\"Cookies retningslinjer\"}]},{\"@type\":\"WebSite\",\"@id\":\"https:\/\/www.electroluxprofessional.com\/no\/#website\",\"url\":\"https:\/\/www.electroluxprofessional.com\/no\/\",\"name\":\"Electrolux Professional Norge\",\"description\":\"\",\"potentialAction\":[{\"@type\":\"SearchAction\",\"target\":{\"@type\":\"EntryPoint\",\"urlTemplate\":\"https:\/\/www.electroluxprofessional.com\/no\/?src={search_term_string}\"},\"query-input\":\"required name=search_term_string\"}],\"inLanguage\":\"nb-NO\"}]}<\/script>\n<!-- \/ Yoast SEO plugin. -->","yoast_head_json":{"title":"Cookies retningslinjer - Electrolux Professional Norge","robots":{"index":"index","follow":"follow","max-snippet":"max-snippet:-1","max-image-preview":"max-image-preview:large","max-video-preview":"max-video-preview:-1"},"canonical":"https:\/\/www.electroluxprofessional.com\/no\/cookies-retningslinjer\/","og_locale":"nb_NO","og_type":"article","og_title":"Cookies retningslinjer - Electrolux Professional Norge","og_description":"[vc_row][vc_column][vc_column_text] Informasjonskapsler (ogs\u00e5 kjent som cookies) er sm\u00e5 tekstfiler som lagres p\u00e5 pc-en din, vanligvis gjennom bruk av en nettleser. De inneholder blant annet informasjon om hvilke sider du bes\u00f8ker p\u00e5 nettet. I henhold til Lov om elektronisk kommunikasjon (ekomloven), m\u00e5 alle bes\u00f8kende p\u00e5 et nettsted som benytter informasjonskapsler ha tilgang til informasjon om at [&hellip;]","og_url":"https:\/\/www.electroluxprofessional.com\/no\/cookies-retningslinjer\/","og_site_name":"Electrolux Professional Norge","article_modified_time":"2017-08-01T11:16:47+00:00","twitter_card":"summary_large_image","twitter_misc":{"Ansl. lesetid":"3 minutter"},"schema":{"@context":"https:\/\/schema.org","@graph":[{"@type":"WebPage","@id":"https:\/\/www.electroluxprofessional.com\/no\/cookies-retningslinjer\/","url":"https:\/\/www.electroluxprofessional.com\/no\/cookies-retningslinjer\/","name":"Cookies retningslinjer - Electrolux Professional Norge","isPartOf":{"@id":"https:\/\/www.electroluxprofessional.com\/no\/#website"},"datePublished":"2017-01-24T08:04:07+00:00","dateModified":"2017-08-01T11:16:47+00:00","breadcrumb":{"@id":"https:\/\/www.electroluxprofessional.com\/no\/cookies-retningslinjer\/#breadcrumb"},"inLanguage":"nb-NO","potentialAction":[{"@type":"ReadAction","target":["https:\/\/www.electroluxprofessional.com\/no\/cookies-retningslinjer\/"]}]},{"@type":"BreadcrumbList","@id":"https:\/\/www.electroluxprofessional.com\/no\/cookies-retningslinjer\/#breadcrumb","itemListElement":[{"@type":"ListItem","position":1,"name":"Home","item":"https:\/\/www.electroluxprofessional.com\/no\/"},{"@type":"ListItem","position":2,"name":"Cookies retningslinjer"}]},{"@type":"WebSite","@id":"https:\/\/www.electroluxprofessional.com\/no\/#website","url":"https:\/\/www.electroluxprofessional.com\/no\/","name":"Electrolux Professional Norge","description":"","potentialAction":[{"@type":"SearchAction","target":{"@type":"EntryPoint","urlTemplate":"https:\/\/www.electroluxprofessional.com\/no\/?src={search_term_string}"},"query-input":"required name=search_term_string"}],"inLanguage":"nb-NO"}]}},"_links":{"self":[{"href":"https:\/\/www.electroluxprofessional.com\/no\/wp-json\/wp\/v2\/pages\/1372"}],"collection":[{"href":"https:\/\/www.electroluxprofessional.com\/no\/wp-json\/wp\/v2\/pages"}],"about":[{"href":"https:\/\/www.electroluxprofessional.com\/no\/wp-json\/wp\/v2\/types\/page"}],"author":[{"embeddable":true,"href":"https:\/\/www.electroluxprofessional.com\/no\/wp-json\/wp\/v2\/users\/3"}],"replies":[{"embeddable":true,"href":"https:\/\/www.electroluxprofessional.com\/no\/wp-json\/wp\/v2\/comments?post=1372"}],"version-history":[{"count":6,"href":"https:\/\/www.electroluxprofessional.com\/no\/wp-json\/wp\/v2\/pages\/1372\/revisions"}],"predecessor-version":[{"id":2268,"href":"https:\/\/www.electroluxprofessional.com\/no\/wp-json\/wp\/v2\/pages\/1372\/revisions\/2268"}],"wp:attachment":[{"href":"https:\/\/www.electroluxprofessional.com\/no\/wp-json\/wp\/v2\/media?parent=1372"}],"curies":[{"name":"wp","href":"https:\/\/api.w.org\/{rel}","templated":true}]}}