{"id":1353,"date":"2017-01-25T10:53:43","date_gmt":"2017-01-25T10:53:43","guid":{"rendered":"https:\/\/www.electroluxprofessional.com\/no\/?page_id=1353"},"modified":"2020-09-03T14:20:24","modified_gmt":"2020-09-03T14:20:24","slug":"sykehus","status":"publish","type":"page","link":"https:\/\/www.electroluxprofessional.com\/no\/sykehus\/","title":{"rendered":"Sykehus"},"content":{"rendered":"<p>[vc_row full_width=&#8221;electroluxpro-full-width-no-padding&#8221; equal_height=&#8221;yes&#8221; content_placement=&#8221;top&#8221;][vc_column reveal_effect=&#8221;&#8221; width=&#8221;1\/2&#8243;][elx_citation name=&#8221;Daniel Bertrand &#8211; Laundry Operator&#8221; company=&#8221;Bourges, France&#8221;][elx_heading font_container=&#8221;h1&#8243; font_size=&#8221;h2&#8243; text_color=&#8221;inherit&#8221;]Vi ser forskjellen. V\u00e5re pasienter f\u00f8ler det. \u00a0Electrolux forst\u00e5r de spesifikke prosesser som gjelder for v\u00e5rt segment og tilbyr enest\u00e5ende l\u00f8sninger.[\/elx_heading][\/elx_citation][\/vc_column][vc_column reveal_effect=&#8221;&#8221; width=&#8221;1\/2&#8243;][elx_image_block background_image=&#8221;573&#8243; minimum_height=&#8221;670px&#8221;][\/vc_column][\/vc_row][vc_row full_width=&#8221;electroluxpro-container-no-padding&#8221;][vc_column][elx_heading text_color=&#8221;inherit&#8221;]<\/p>\n<p style=\"text-align: center;\"><span style=\"color: #019bbf;\">Sykehus: <\/span><span style=\"color: #000000;\">for total bakteriefri hygiene uten kompromiss<\/span><\/p>\n<p>[\/elx_heading][vc_column_text]<\/p>\n<p style=\"text-align: center;\">Sykehus og klinikker har<span style=\"color: #019bbf;\"> meget strenge hygienekrav<\/span> n\u00e5r det gjelder h\u00e5ndtering og\u00a0<span style=\"color: #019bbf;\">rengj\u00f8ring av senget\u00f8y, h\u00e5ndkl\u00e6r, tekstiler og arbeidst\u00f8y<\/span>.<\/p>\n<p>[\/vc_column_text][vc_empty_space height=&#8221;50px&#8221;][\/vc_column][\/vc_row][vc_row full_width=&#8221;electroluxpro-full-width-no-padding&#8221; equal_height=&#8221;yes&#8221; content_placement=&#8221;middle&#8221; video_bg=&#8221;yes&#8221; video_bg_parallax=&#8221;content-moving&#8221;][vc_column reveal_effect=&#8221;&#8221; width=&#8221;1\/2&#8243;][elx_image_block background_image=&#8221;574&#8243; minimum_height=&#8221;600px&#8221;][\/vc_column][vc_column width=&#8221;1\/2&#8243;][elx_simple_block background_color=&#8221;inherit&#8221;][vc_column_text]<\/p>\n<ul>\n<li>Profesjonell vaskeril\u00f8sning som sikrer de strengeste krav til <strong>sanit\u00e6r isolasjon<\/strong><\/li>\n<li>Globalt ledende innen\u00a0<strong>barriere vaskeril\u00f8sninger<\/strong>\u00a0med mer 500 installasjoner \u00e5rlig\u00a0<strong>\u00a0\u00a0<\/strong><\/li>\n<li>Intelligente funksjoner, slik som den unike Certus Management\u2122 Information System for maksimal\u00a0<strong>kontroll og sporbarhet<\/strong>\u00a0i hele vaskeriprosessen\u00a0<strong>\u00a0\u00a0<\/strong><\/li>\n<li>\u00d8kt effektivitet og produktivitet takket v\u00e6re flere omganger per dag\u00a0<strong>\u00a0\u00a0<\/strong><\/li>\n<li><strong>Service Excellence<\/strong>: et av verdens mest omfattende servicenettverk for installasjon, reservedeler og vedlikehold<\/li>\n<\/ul>\n<p>[\/vc_column_text][\/elx_simple_block][\/vc_column][\/vc_row][vc_row full_width=&#8221;electroluxpro-full-width-no-padding&#8221; equal_height=&#8221;yes&#8221;][vc_column width=&#8221;1\/2&#8243;][elx_simple_block background_color=&#8221;inherit&#8221;][elx_heading font_container=&#8221;h3&#8243; text_color=&#8221;inherit&#8221;]Peking Union Medical College Hospital[\/elx_heading][vc_column_text]Med den raske sosiale og urbane utviklingen i hele landet har PUMCH v\u00e6rt ute etter m\u00e5ter \u00e5 ligge i forkant av teknologien med \u00e5 ivareta sine vaskeribehov.[\/vc_column_text][\/elx_simple_block][\/vc_column][vc_column width=&#8221;1\/2&#8243;][elx_video_block background_image=&#8221;575&#8243; video_link=&#8221;https:\/\/www.youtube.com\/watch?v=dsOhbvScsz8&#8243; minimum_height=&#8221;600px&#8221;][\/vc_column][\/vc_row][vc_row full_width=&#8221;electroluxpro-container-no-padding&#8221;][vc_column][vc_empty_space height=&#8221;100px&#8221;][vc_column_text]<\/p>\n<h3 style=\"text-align: center;\">Dette krever dybdekunnskap og \u00a0<span style=\"color: #019bbf;\">spesialvaskeril\u00f8sninger <\/span>\u00a0for \u00e5 garantere sikker, bakteriefri vask og derigjennom \u00a0<span style=\"color: #019bbf;\">beskyttelse av pasienter<\/span>.<\/h3>\n<p>[\/vc_column_text][vc_empty_space height=&#8221;50px&#8221;][\/vc_column][\/vc_row][vc_row][vc_column][vc_empty_space height=&#8221;100px&#8221;][\/vc_column][\/vc_row][vc_row][vc_column][vc_tta_tabs active_section=&#8221;1&#8243; title=&#8221;Solutions for Hospitals&#8221;][vc_tta_section title=&#8221;Hospital Package&#8221; tab_id=&#8221;1465542896542-38a9f91e-2d02&#8243;][vc_row_inner][vc_column_inner width=&#8221;1\/2&#8243;][vc_single_image image=&#8221;577&#8243; img_size=&#8221;large&#8221;][\/vc_column_inner][vc_column_inner width=&#8221;1\/2&#8243;][elx_heading font_container=&#8221;h3&#8243; text_color=&#8221;inherit&#8221;]Beijing Union Hospital, Kina[\/elx_heading][vc_column_text]Fra 1000 kg to 5000 kg per skift. Installasjonen inkl.:<\/p>\n<ul>\n<li>12 WPB41100H Pullman Barrier Washer<\/li>\n<li>1 WPB4700H Pullman Barrier Washer<\/li>\n<li>1 WSB4250H Pullman Barrier Washer<\/li>\n<li>13 T41200 t\u00f8rketromler<\/li>\n<li>4 C-Flex 930-2\u00a0flatt\u00f8y ruller<\/li>\n<\/ul>\n<p>[\/vc_column_text][\/vc_column_inner][\/vc_row_inner][\/vc_tta_section][vc_tta_section title=&#8221;Hospital Kitchen Package&#8221; tab_id=&#8221;hospital-kitchen-package&#8221;][vc_row_inner][vc_column_inner width=&#8221;1\/2&#8243;][vc_single_image image=&#8221;578&#8243; img_size=&#8221;large&#8221;][\/vc_column_inner][vc_column_inner width=&#8221;1\/2&#8243;][elx_heading text_color=&#8221;inherit&#8221;]Burgos, France[\/elx_heading][vc_column_text]1000 senger. Installasjonen inkl.:<\/p>\n<ul>\n<li>Horizontal Cooking XP line.<\/li>\n<li>Electrolux air-o-steam Touchline ovner, hver med 40 brett som gir totalt 800 menyer per skift<\/li>\n<\/ul>\n<p>[\/vc_column_text][\/vc_column_inner][\/vc_row_inner][\/vc_tta_section][\/vc_tta_tabs][\/vc_column][\/vc_row][vc_row][vc_column][elx_heading text_color=&#8221;inherit&#8221;]Oppdag hva Electrolux kan gj\u00f8re for din business.[\/elx_heading][elx_o2000_contact_us r=&#8221;Jeg \u00f8nsker \u00e5 vite mer om l\u00f8sninger til min bransje.&#8221; s=&#8221;Your request: solutions for hospitals&#8221; e=&#8221;els.info@electrolux.no&#8221; country=&#8221;Norway&#8221; l=&#8221;no&#8221; b=&#8221;laundry&#8221; container=&#8221;elxcontactus1466429981&#8243;][\/vc_column][\/vc_row][vc_row][vc_column][vc_empty_space height=&#8221;100px&#8221;][\/vc_column][\/vc_row]<\/p>\n","protected":false},"excerpt":{"rendered":"<p>[vc_row full_width=&#8221;electroluxpro-full-width-no-padding&#8221; equal_height=&#8221;yes&#8221; content_placement=&#8221;top&#8221;][vc_column reveal_effect=&#8221;&#8221; width=&#8221;1\/2&#8243;][elx_citation name=&#8221;Daniel Bertrand &#8211; Laundry Operator&#8221; company=&#8221;Bourges, France&#8221;][elx_heading font_container=&#8221;h1&#8243; font_size=&#8221;h2&#8243; text_color=&#8221;inherit&#8221;]Vi ser forskjellen. V\u00e5re pasienter f\u00f8ler det. \u00a0Electrolux forst\u00e5r de spesifikke prosesser som gjelder for v\u00e5rt segment og tilbyr enest\u00e5ende l\u00f8sninger.[\/elx_heading][\/elx_citation][\/vc_column][vc_column reveal_effect=&#8221;&#8221; width=&#8221;1\/2&#8243;][elx_image_block background_image=&#8221;573&#8243; minimum_height=&#8221;670px&#8221;][\/vc_column][\/vc_row][vc_row full_width=&#8221;electroluxpro-container-no-padding&#8221;][vc_column][elx_heading text_color=&#8221;inherit&#8221;] Sykehus: for total bakteriefri hygiene uten kompromiss [\/elx_heading][vc_column_text] Sykehus og klinikker har meget [&hellip;]<\/p>\n","protected":false},"author":3,"featured_media":0,"parent":0,"menu_order":0,"comment_status":"closed","ping_status":"closed","template":"","meta":{"footnotes":""},"class_list":["post-1353","page","type-page","status-publish","hentry"],"acf":[],"yoast_head":"<!-- This site is optimized with the Yoast SEO plugin v23.3 - https:\/\/yoast.com\/wordpress\/plugins\/seo\/ -->\n<title>Sykehus - Electrolux Professional Norge<\/title>\n<meta name=\"robots\" content=\"index, follow, max-snippet:-1, max-image-preview:large, max-video-preview:-1\" \/>\n<link rel=\"canonical\" href=\"https:\/\/www.electroluxprofessional.com\/no\/sykehus\/\" \/>\n<meta property=\"og:locale\" content=\"nb_NO\" \/>\n<meta property=\"og:type\" content=\"article\" \/>\n<meta property=\"og:title\" content=\"Sykehus - Electrolux Professional Norge\" \/>\n<meta property=\"og:description\" content=\"[vc_row full_width=&#8221;electroluxpro-full-width-no-padding&#8221; equal_height=&#8221;yes&#8221; content_placement=&#8221;top&#8221;][vc_column reveal_effect=&#8221;&#8221; width=&#8221;1\/2&#8243;][elx_citation name=&#8221;Daniel Bertrand &#8211; Laundry Operator&#8221; company=&#8221;Bourges, France&#8221;][elx_heading font_container=&#8221;h1&#8243; font_size=&#8221;h2&#8243; text_color=&#8221;inherit&#8221;]Vi ser forskjellen. V\u00e5re pasienter f\u00f8ler det. \u00a0Electrolux forst\u00e5r de spesifikke prosesser som gjelder for v\u00e5rt segment og tilbyr enest\u00e5ende l\u00f8sninger.[\/elx_heading][\/elx_citation][\/vc_column][vc_column reveal_effect=&#8221;&#8221; width=&#8221;1\/2&#8243;][elx_image_block background_image=&#8221;573&#8243; minimum_height=&#8221;670px&#8221;][\/vc_column][\/vc_row][vc_row full_width=&#8221;electroluxpro-container-no-padding&#8221;][vc_column][elx_heading text_color=&#8221;inherit&#8221;] Sykehus: for total bakteriefri hygiene uten kompromiss [\/elx_heading][vc_column_text] Sykehus og klinikker har meget [&hellip;]\" \/>\n<meta property=\"og:url\" content=\"https:\/\/www.electroluxprofessional.com\/no\/sykehus\/\" \/>\n<meta property=\"og:site_name\" content=\"Electrolux Professional Norge\" \/>\n<meta property=\"article:modified_time\" content=\"2020-09-03T14:20:24+00:00\" \/>\n<meta name=\"twitter:card\" content=\"summary_large_image\" \/>\n<meta name=\"twitter:label1\" content=\"Ansl. lesetid\" \/>\n\t<meta name=\"twitter:data1\" content=\"3 minutter\" \/>\n<script type=\"application\/ld+json\" class=\"yoast-schema-graph\">{\"@context\":\"https:\/\/schema.org\",\"@graph\":[{\"@type\":\"WebPage\",\"@id\":\"https:\/\/www.electroluxprofessional.com\/no\/sykehus\/\",\"url\":\"https:\/\/www.electroluxprofessional.com\/no\/sykehus\/\",\"name\":\"Sykehus - Electrolux Professional Norge\",\"isPartOf\":{\"@id\":\"https:\/\/www.electroluxprofessional.com\/no\/#website\"},\"datePublished\":\"2017-01-25T10:53:43+00:00\",\"dateModified\":\"2020-09-03T14:20:24+00:00\",\"breadcrumb\":{\"@id\":\"https:\/\/www.electroluxprofessional.com\/no\/sykehus\/#breadcrumb\"},\"inLanguage\":\"nb-NO\",\"potentialAction\":[{\"@type\":\"ReadAction\",\"target\":[\"https:\/\/www.electroluxprofessional.com\/no\/sykehus\/\"]}]},{\"@type\":\"BreadcrumbList\",\"@id\":\"https:\/\/www.electroluxprofessional.com\/no\/sykehus\/#breadcrumb\",\"itemListElement\":[{\"@type\":\"ListItem\",\"position\":1,\"name\":\"Home\",\"item\":\"https:\/\/www.electroluxprofessional.com\/no\/\"},{\"@type\":\"ListItem\",\"position\":2,\"name\":\"Sykehus\"}]},{\"@type\":\"WebSite\",\"@id\":\"https:\/\/www.electroluxprofessional.com\/no\/#website\",\"url\":\"https:\/\/www.electroluxprofessional.com\/no\/\",\"name\":\"Electrolux Professional Norge\",\"description\":\"\",\"potentialAction\":[{\"@type\":\"SearchAction\",\"target\":{\"@type\":\"EntryPoint\",\"urlTemplate\":\"https:\/\/www.electroluxprofessional.com\/no\/?src={search_term_string}\"},\"query-input\":\"required name=search_term_string\"}],\"inLanguage\":\"nb-NO\"}]}<\/script>\n<!-- \/ Yoast SEO plugin. -->","yoast_head_json":{"title":"Sykehus - Electrolux Professional Norge","robots":{"index":"index","follow":"follow","max-snippet":"max-snippet:-1","max-image-preview":"max-image-preview:large","max-video-preview":"max-video-preview:-1"},"canonical":"https:\/\/www.electroluxprofessional.com\/no\/sykehus\/","og_locale":"nb_NO","og_type":"article","og_title":"Sykehus - Electrolux Professional Norge","og_description":"[vc_row full_width=&#8221;electroluxpro-full-width-no-padding&#8221; equal_height=&#8221;yes&#8221; content_placement=&#8221;top&#8221;][vc_column reveal_effect=&#8221;&#8221; width=&#8221;1\/2&#8243;][elx_citation name=&#8221;Daniel Bertrand &#8211; Laundry Operator&#8221; company=&#8221;Bourges, France&#8221;][elx_heading font_container=&#8221;h1&#8243; font_size=&#8221;h2&#8243; text_color=&#8221;inherit&#8221;]Vi ser forskjellen. V\u00e5re pasienter f\u00f8ler det. \u00a0Electrolux forst\u00e5r de spesifikke prosesser som gjelder for v\u00e5rt segment og tilbyr enest\u00e5ende l\u00f8sninger.[\/elx_heading][\/elx_citation][\/vc_column][vc_column reveal_effect=&#8221;&#8221; width=&#8221;1\/2&#8243;][elx_image_block background_image=&#8221;573&#8243; minimum_height=&#8221;670px&#8221;][\/vc_column][\/vc_row][vc_row full_width=&#8221;electroluxpro-container-no-padding&#8221;][vc_column][elx_heading text_color=&#8221;inherit&#8221;] Sykehus: for total bakteriefri hygiene uten kompromiss [\/elx_heading][vc_column_text] Sykehus og klinikker har meget [&hellip;]","og_url":"https:\/\/www.electroluxprofessional.com\/no\/sykehus\/","og_site_name":"Electrolux Professional Norge","article_modified_time":"2020-09-03T14:20:24+00:00","twitter_card":"summary_large_image","twitter_misc":{"Ansl. lesetid":"3 minutter"},"schema":{"@context":"https:\/\/schema.org","@graph":[{"@type":"WebPage","@id":"https:\/\/www.electroluxprofessional.com\/no\/sykehus\/","url":"https:\/\/www.electroluxprofessional.com\/no\/sykehus\/","name":"Sykehus - Electrolux Professional Norge","isPartOf":{"@id":"https:\/\/www.electroluxprofessional.com\/no\/#website"},"datePublished":"2017-01-25T10:53:43+00:00","dateModified":"2020-09-03T14:20:24+00:00","breadcrumb":{"@id":"https:\/\/www.electroluxprofessional.com\/no\/sykehus\/#breadcrumb"},"inLanguage":"nb-NO","potentialAction":[{"@type":"ReadAction","target":["https:\/\/www.electroluxprofessional.com\/no\/sykehus\/"]}]},{"@type":"BreadcrumbList","@id":"https:\/\/www.electroluxprofessional.com\/no\/sykehus\/#breadcrumb","itemListElement":[{"@type":"ListItem","position":1,"name":"Home","item":"https:\/\/www.electroluxprofessional.com\/no\/"},{"@type":"ListItem","position":2,"name":"Sykehus"}]},{"@type":"WebSite","@id":"https:\/\/www.electroluxprofessional.com\/no\/#website","url":"https:\/\/www.electroluxprofessional.com\/no\/","name":"Electrolux Professional Norge","description":"","potentialAction":[{"@type":"SearchAction","target":{"@type":"EntryPoint","urlTemplate":"https:\/\/www.electroluxprofessional.com\/no\/?src={search_term_string}"},"query-input":"required name=search_term_string"}],"inLanguage":"nb-NO"}]}},"_links":{"self":[{"href":"https:\/\/www.electroluxprofessional.com\/no\/wp-json\/wp\/v2\/pages\/1353"}],"collection":[{"href":"https:\/\/www.electroluxprofessional.com\/no\/wp-json\/wp\/v2\/pages"}],"about":[{"href":"https:\/\/www.electroluxprofessional.com\/no\/wp-json\/wp\/v2\/types\/page"}],"author":[{"embeddable":true,"href":"https:\/\/www.electroluxprofessional.com\/no\/wp-json\/wp\/v2\/users\/3"}],"replies":[{"embeddable":true,"href":"https:\/\/www.electroluxprofessional.com\/no\/wp-json\/wp\/v2\/comments?post=1353"}],"version-history":[{"count":11,"href":"https:\/\/www.electroluxprofessional.com\/no\/wp-json\/wp\/v2\/pages\/1353\/revisions"}],"predecessor-version":[{"id":1841,"href":"https:\/\/www.electroluxprofessional.com\/no\/wp-json\/wp\/v2\/pages\/1353\/revisions\/1841"}],"wp:attachment":[{"href":"https:\/\/www.electroluxprofessional.com\/no\/wp-json\/wp\/v2\/media?parent=1353"}],"curies":[{"name":"wp","href":"https:\/\/api.w.org\/{rel}","templated":true}]}}