{"id":1321,"date":"2017-01-23T15:43:39","date_gmt":"2017-01-23T15:43:39","guid":{"rendered":"https:\/\/www.electroluxprofessional.com\/no\/?page_id=1321"},"modified":"2022-09-29T13:52:45","modified_gmt":"2022-09-29T13:52:45","slug":"marineshipping","status":"publish","type":"page","link":"https:\/\/www.electroluxprofessional.com\/no\/marineshipping\/","title":{"rendered":"Marine\/shipping"},"content":{"rendered":"<p>[vc_row full_width=&#8221;electroluxpro-full-width-no-padding&#8221;][vc_column][elx_hero_slider label_text_color=&#8221;inherit&#8221; images=&#8221;10897&#8243;][elx_heading text_color=&#8221;orange&#8221; text_align=&#8221;text-left&#8221;]En ekspert<br \/>\ni hver havn[\/elx_heading][\/elx_hero_slider][\/vc_column][\/vc_row][vc_row full_width=&#8221;electroluxpro-container-no-padding&#8221; full_height=&#8221;yes&#8221; parallax=&#8221;content-moving&#8221;][vc_column css=&#8221;.vc_custom_1472030236138{padding-top: 20px !important;}&#8221;][elx_heading font_container=&#8221;h1&#8243; font_size=&#8221;h3&#8243; text_color=&#8221;inherit&#8221; text_align=&#8221;text-center&#8221;]Unike profesjonelle l\u00f8sninger innen storkj\u00f8kken og vaskeri<br \/>\nfor ethvert behov innen marine og shipping[\/elx_heading][\/vc_column][\/vc_row][vc_row][vc_column width=&#8221;1\/2&#8243;][elx_simple_block background_color=&#8221;inherit&#8221;][vc_column_text drop_caps=&#8221;big-first-letter&#8221;]<\/p>\n<p style=\"text-align: left;\">Denne maskinen, som er en Electrolux Professional, er bra &#8211; for meg og for milj\u00f8et (da jeg ikke m\u00e5 puste inn skadelige kjemikalier).<\/p>\n<p style=\"text-align: left;\">Electrolux Professional f\u00f8les enklere \u00e5 bruke.<br \/>\nlagoon\u00ae maskiner er bedre enn tradisjonelle rensemaskiner da det ikke tar lang tid \u00e5 l\u00e6re bruken av de.<\/p>\n<p style=\"text-align: left;\"><strong>Earl Gutierrez<\/strong><br \/>\nLaundry Master<br \/>\nSaga Sapphire passasjerskip<\/p>\n<p>[\/vc_column_text][\/elx_simple_block][\/vc_column][vc_column width=&#8221;1\/2&#8243;][elx_simple_block background_color=&#8221;inherit&#8221;][vc_single_image image=&#8221;833&#8243; img_size=&#8221;full&#8221; style=&#8221;vc_box_circle_2&#8243;][\/elx_simple_block][\/vc_column][\/vc_row][vc_row][vc_column width=&#8221;1\/2&#8243;][elx_simple_block background_color=&#8221;inherit&#8221;][vc_single_image image=&#8221;834&#8243; img_size=&#8221;full&#8221; style=&#8221;vc_box_circle_2&#8243;][\/elx_simple_block][\/vc_column][vc_column width=&#8221;1\/2&#8243;][elx_simple_block background_color=&#8221;inherit&#8221;][elx_heading font_size=&#8221;h5&#8243; text_color=&#8221;inherit&#8221;]Best produktivitet<br \/>\nper kvadratmeter<br \/>\nog mer robust[\/elx_heading][vc_column_text drop_caps=&#8221;big-first-letter&#8221;]<\/p>\n<p style=\"text-align: left;\">Ethvert skip har behov for \u00e5 vite at deres storkj\u00f8kken- og vaskeriutstyr fungerer p\u00e5 sj\u00f8en med kosteffektive prosesser, enkelt vedlikehold og fleksible program.<\/p>\n<p>[\/vc_column_text][\/elx_simple_block][\/vc_column][\/vc_row][vc_row][vc_column][vc_empty_space][\/vc_column][\/vc_row][vc_row full_width=&#8221;electroluxpro-container-no-padding&#8221;][vc_column][elx_heading font_container=&#8221;h3&#8243; text_color=&#8221;inherit&#8221; text_align=&#8221;text-center&#8221;]V\u00e5re l\u00f8sninger p\u00e5 alle verdens hav[\/elx_heading][elx_hero_slider text_color=&#8221;business&#8221; label_text_color=&#8221;business&#8221; images=&#8221;841&#8243;][elx_heading font_container=&#8221;h3&#8243; font_size=&#8221;h5&#8243; text_color=&#8221;inherit&#8221;]Unik servicekunnskap.<br \/>\nAlltid n\u00e6r.<br \/>\nAlltid der for deg.[\/elx_heading][vc_column_text]<\/p>\n<ul>\n<li>1.900 autoriserte servicesentere<\/li>\n<li>Over 7.000 teknikere<\/li>\n<li>44.000 tilgjengelige reservedeler p\u00e5 lager<\/li>\n<li>24 \u2013 48 timers levering<\/li>\n<\/ul>\n<p>[\/vc_column_text][\/elx_hero_slider][\/vc_column][\/vc_row][vc_row][vc_column][vc_empty_space height=&#8221;80px&#8221;][elx_heading font_container=&#8221;h3&#8243; text_color=&#8221;inherit&#8221; text_align=&#8221;text-center&#8221; css=&#8221;.vc_custom_1483016815523{padding-top: 50px !important;padding-bottom: 50px !important;}&#8221;]&#8230; og v\u00e5r service i hundrevis av havner.[\/elx_heading][\/vc_column][\/vc_row][vc_row][vc_column width=&#8221;1\/2&#8243;][elx_simple_block background_color=&#8221;inherit&#8221;][elx_heading font_container=&#8221;h3&#8243; font_size=&#8221;h4&#8243; text_color=&#8221;inherit&#8221; text_align=&#8221;text-left&#8221;]Globalt R&amp;D team: fra kundeinnsikt til &#8220;excellence&#8221; p\u00e5 innsiden[\/elx_heading][vc_column_text drop_caps=&#8221;big-first-letter&#8221;]Globale R&amp;D team utnytter synergier p\u00e5 tvers av interne designavdelinger for \u00e5 redusere lanseringstider samtidig som man leter nye muligheter og produkter.[\/vc_column_text][\/elx_simple_block][\/vc_column][vc_column width=&#8221;1\/2&#8243;][elx_simple_block background_color=&#8221;inherit&#8221;][elx_heading font_container=&#8221;h3&#8243; font_size=&#8221;h4&#8243; text_color=&#8221;inherit&#8221; text_align=&#8221;text-left&#8221;]Verdens mest omfattende nettverk av kundepleie[\/elx_heading][vc_column_text drop_caps=&#8221;big-first-letter&#8221;]Electrolux Professional har et av verdens mest omfattende \u00a0nettverk innen kundeservice, som igjen s\u00f8rger for lokal tilstedev\u00e6relse f\u00f8r, under og etter innkj\u00f8p.[\/vc_column_text][\/elx_simple_block][\/vc_column][\/vc_row][vc_row][vc_column][vc_empty_space][\/vc_column][\/vc_row][vc_row][vc_column width=&#8221;1\/2&#8243;][elx_simple_block background_color=&#8221;inherit&#8221;][elx_heading font_container=&#8221;h3&#8243; text_color=&#8221;inherit&#8221; text_align=&#8221;text-left&#8221; css=&#8221;.vc_custom_1483018214544{padding-top: 50px !important;padding-bottom: 50px !important;}&#8221;]Skreddersydde l\u00f8sninger[\/elx_heading][elx_heading font_container=&#8221;h5&#8243; text_color=&#8221;inherit&#8221; text_align=&#8221;text-left&#8221; css=&#8221;.vc_custom_1599483064031{padding-top: 50px !important;padding-bottom: 50px !important;}&#8221;]Mange handelsskip, oljerigger-\/plattformer og passasjerskip drar nytte av Electrolux Professional sin ekspertise innen vaskeri- og storkj\u00f8kkenl\u00f8sninger til marine\/shipping.<\/p>\n<p>For mer detaljert informasjon om marine l\u00f8sninger, vennligst kontakt din Electrolux Professional ekspert.[\/elx_heading][vc_single_image image=&#8221;835&#8243; img_size=&#8221;full&#8221; style=&#8221;vc_box_circle_2&#8243;][\/elx_simple_block][\/vc_column][vc_column width=&#8221;1\/2&#8243;][vc_empty_space][elx_o2000_contact_us r=&#8221;Jeg \u00f8nsker \u00e5 vite mer om Marine sektoren, vennligst ta kontakt med meg.&#8221; s=&#8221;Request of information about solutions for Marine sector&#8221; country=&#8221;Norway&#8221; b=&#8221;laundry&#8221; l=&#8221;no&#8221; e=&#8221;els.info@electrolux.no&#8221; container=&#8221;elxcontactus1476697611&#8243;][\/vc_column][\/vc_row][vc_row][vc_column][vc_empty_space height=&#8221;50px&#8221;][elx_heading font_container=&#8221;h3&#8243; text_color=&#8221;inherit&#8221; text_align=&#8221;text-center&#8221; css=&#8221;.vc_custom_1483019073074{padding-top: 50px !important;padding-bottom: 50px !important;}&#8221;]&#8221;Excellent&#8221; l\u00f8sninger skreddersydd dine behov[\/elx_heading][vc_empty_space height=&#8221;50px&#8221;][\/vc_column][\/vc_row][vc_row content_placement=&#8221;top&#8221;][vc_column width=&#8221;1\/4&#8243;][elx_heading font_container=&#8221;h4&#8243; text_color=&#8221;inherit&#8221; text_align=&#8221;text-left&#8221;]Lasteskip<br \/>\nStab 25[\/elx_heading][vc_single_image image=&#8221;836&#8243; img_size=&#8221;500&#215;354&#8243;][vc_column_text css=&#8221;.vc_custom_1483019190457{padding-bottom: 20px !important;}&#8221;]Gir skittent arbeidst\u00f8y den beste vask; fjerner olje, fett og st\u00f8v samtidig som kvaliteten blir ivaretatt.[\/vc_column_text][\/vc_column][vc_column width=&#8221;1\/4&#8243;][elx_heading font_container=&#8221;h4&#8243; text_color=&#8221;inherit&#8221; text_align=&#8221;text-left&#8221;]Oljeplattform\/-rigg<br \/>\nMannskap 300[\/elx_heading][vc_single_image image=&#8221;837&#8243; img_size=&#8221;500&#215;354&#8243;][vc_column_text css=&#8221;.vc_custom_1483019729097{padding-bottom: 20px !important;}&#8221;]Dersom du er p\u00e5 jakt etter vaskeriutstyr som er designet for arbeidere p\u00e5 plattform, er det behov for robuste maskiner med lang levetid og sikkerhetsfunksjoner som tar vare p\u00e5 helsen til arbeiderne.[\/vc_column_text][\/vc_column][vc_column width=&#8221;1\/4&#8243;][elx_heading font_container=&#8221;h4&#8243; text_color=&#8221;inherit&#8221; text_align=&#8221;text-left&#8221;]Passasjerskip<br \/>\nAntall passasjerer 1000 [\/elx_heading][vc_single_image image=&#8221;838&#8243; img_size=&#8221;500&#215;354&#8243;][vc_column_text]Har du store mengder ulike type vask hver dag?<\/p>\n<p>Da er et vaskeri p\u00e5 skipet \u00e5 foretrekke, mindre farlig og komplisert enn et renseri.[\/vc_column_text][\/vc_column][vc_column width=&#8221;1\/4&#8243;][elx_heading font_container=&#8221;h4&#8243; text_color=&#8221;inherit&#8221; text_align=&#8221;text-left&#8221;]lagoon\u00ae v\u00e5trens<br \/>\nAntall passasjerer 1000[\/elx_heading][vc_single_image image=&#8221;839&#8243; img_size=&#8221;500&#215;354&#8243; alignment=&#8221;center&#8221;][vc_column_text]lagoon\u00ae Advanced Care, den l\u00f8semiddelfrie l\u00f8sningen for delikate plagg og sk\u00e5nsom mot milj\u00f8et.<\/p>\n<p>Dine kunder vil se, f\u00f8le og lukte forskjellen.<\/p>\n<p>Dine ansatte vil sette pris p\u00e5 sikkerheten og den enkle prosessen.[\/vc_column_text][\/vc_column][\/vc_row][vc_row][vc_column][vc_empty_space height=&#8221;50px&#8221;][\/vc_column][\/vc_row][vc_row][vc_column][elx_heading font_container=&#8221;h4&#8243; text_color=&#8221;inherit&#8221;]F\u00e5 kontakt med en av v\u00e5re eksperter[\/elx_heading][elx_o2000_contact_us r=&#8221;Jeg \u00f8nsker \u00e5 vite mer om l\u00f8sninger for marine\/shipping. Vennligst ta kontakt med meg.&#8221; s=&#8221;Request of information about solutions for Marine sector&#8221; country=&#8221;Norway&#8221; b=&#8221;laundry&#8221; l=&#8221;no&#8221; e=&#8221;els.info@electrolux.no&#8221; container=&#8221;elxcontactus1472110569&#8243;][vc_empty_space height=&#8221;50px&#8221;][\/vc_column][\/vc_row]<\/p>\n","protected":false},"excerpt":{"rendered":"<p>[vc_row full_width=&#8221;electroluxpro-full-width-no-padding&#8221;][vc_column][elx_hero_slider label_text_color=&#8221;inherit&#8221; images=&#8221;10897&#8243;][elx_heading text_color=&#8221;orange&#8221; text_align=&#8221;text-left&#8221;]En ekspert i hver havn[\/elx_heading][\/elx_hero_slider][\/vc_column][\/vc_row][vc_row full_width=&#8221;electroluxpro-container-no-padding&#8221; full_height=&#8221;yes&#8221; parallax=&#8221;content-moving&#8221;][vc_column css=&#8221;.vc_custom_1472030236138{padding-top: 20px !important;}&#8221;][elx_heading font_container=&#8221;h1&#8243; font_size=&#8221;h3&#8243; text_color=&#8221;inherit&#8221; text_align=&#8221;text-center&#8221;]Unike profesjonelle l\u00f8sninger innen storkj\u00f8kken og vaskeri for ethvert behov innen marine og shipping[\/elx_heading][\/vc_column][\/vc_row][vc_row][vc_column width=&#8221;1\/2&#8243;][elx_simple_block background_color=&#8221;inherit&#8221;][vc_column_text drop_caps=&#8221;big-first-letter&#8221;] Denne maskinen, som er en Electrolux Professional, er bra &#8211; for meg og for milj\u00f8et (da jeg ikke m\u00e5 [&hellip;]<\/p>\n","protected":false},"author":3,"featured_media":0,"parent":0,"menu_order":0,"comment_status":"closed","ping_status":"closed","template":"","meta":{"footnotes":""},"class_list":["post-1321","page","type-page","status-publish","hentry"],"acf":[],"yoast_head":"<!-- This site is optimized with the Yoast SEO plugin v23.3 - https:\/\/yoast.com\/wordpress\/plugins\/seo\/ -->\n<title>Marine\/shipping - Electrolux Professional Norge<\/title>\n<meta name=\"robots\" content=\"index, follow, max-snippet:-1, max-image-preview:large, max-video-preview:-1\" \/>\n<link rel=\"canonical\" href=\"https:\/\/www.electroluxprofessional.com\/no\/marineshipping\/\" \/>\n<meta property=\"og:locale\" content=\"nb_NO\" \/>\n<meta property=\"og:type\" content=\"article\" \/>\n<meta property=\"og:title\" content=\"Marine\/shipping - Electrolux Professional Norge\" \/>\n<meta property=\"og:description\" content=\"[vc_row full_width=&#8221;electroluxpro-full-width-no-padding&#8221;][vc_column][elx_hero_slider label_text_color=&#8221;inherit&#8221; images=&#8221;10897&#8243;][elx_heading text_color=&#8221;orange&#8221; text_align=&#8221;text-left&#8221;]En ekspert i hver havn[\/elx_heading][\/elx_hero_slider][\/vc_column][\/vc_row][vc_row full_width=&#8221;electroluxpro-container-no-padding&#8221; full_height=&#8221;yes&#8221; parallax=&#8221;content-moving&#8221;][vc_column css=&#8221;.vc_custom_1472030236138{padding-top: 20px !important;}&#8221;][elx_heading font_container=&#8221;h1&#8243; font_size=&#8221;h3&#8243; text_color=&#8221;inherit&#8221; text_align=&#8221;text-center&#8221;]Unike profesjonelle l\u00f8sninger innen storkj\u00f8kken og vaskeri for ethvert behov innen marine og shipping[\/elx_heading][\/vc_column][\/vc_row][vc_row][vc_column width=&#8221;1\/2&#8243;][elx_simple_block background_color=&#8221;inherit&#8221;][vc_column_text drop_caps=&#8221;big-first-letter&#8221;] Denne maskinen, som er en Electrolux Professional, er bra &#8211; for meg og for milj\u00f8et (da jeg ikke m\u00e5 [&hellip;]\" \/>\n<meta property=\"og:url\" content=\"https:\/\/www.electroluxprofessional.com\/no\/marineshipping\/\" \/>\n<meta property=\"og:site_name\" content=\"Electrolux Professional Norge\" \/>\n<meta property=\"article:modified_time\" content=\"2022-09-29T13:52:45+00:00\" \/>\n<meta name=\"twitter:card\" content=\"summary_large_image\" \/>\n<meta name=\"twitter:label1\" content=\"Ansl. lesetid\" \/>\n\t<meta name=\"twitter:data1\" content=\"3 minutter\" \/>\n<script type=\"application\/ld+json\" class=\"yoast-schema-graph\">{\"@context\":\"https:\/\/schema.org\",\"@graph\":[{\"@type\":\"WebPage\",\"@id\":\"https:\/\/www.electroluxprofessional.com\/no\/marineshipping\/\",\"url\":\"https:\/\/www.electroluxprofessional.com\/no\/marineshipping\/\",\"name\":\"Marine\/shipping - Electrolux Professional Norge\",\"isPartOf\":{\"@id\":\"https:\/\/www.electroluxprofessional.com\/no\/#website\"},\"datePublished\":\"2017-01-23T15:43:39+00:00\",\"dateModified\":\"2022-09-29T13:52:45+00:00\",\"breadcrumb\":{\"@id\":\"https:\/\/www.electroluxprofessional.com\/no\/marineshipping\/#breadcrumb\"},\"inLanguage\":\"nb-NO\",\"potentialAction\":[{\"@type\":\"ReadAction\",\"target\":[\"https:\/\/www.electroluxprofessional.com\/no\/marineshipping\/\"]}]},{\"@type\":\"BreadcrumbList\",\"@id\":\"https:\/\/www.electroluxprofessional.com\/no\/marineshipping\/#breadcrumb\",\"itemListElement\":[{\"@type\":\"ListItem\",\"position\":1,\"name\":\"Home\",\"item\":\"https:\/\/www.electroluxprofessional.com\/no\/\"},{\"@type\":\"ListItem\",\"position\":2,\"name\":\"Marine\/shipping\"}]},{\"@type\":\"WebSite\",\"@id\":\"https:\/\/www.electroluxprofessional.com\/no\/#website\",\"url\":\"https:\/\/www.electroluxprofessional.com\/no\/\",\"name\":\"Electrolux Professional Norge\",\"description\":\"\",\"potentialAction\":[{\"@type\":\"SearchAction\",\"target\":{\"@type\":\"EntryPoint\",\"urlTemplate\":\"https:\/\/www.electroluxprofessional.com\/no\/?src={search_term_string}\"},\"query-input\":\"required name=search_term_string\"}],\"inLanguage\":\"nb-NO\"}]}<\/script>\n<!-- \/ Yoast SEO plugin. -->","yoast_head_json":{"title":"Marine\/shipping - Electrolux Professional Norge","robots":{"index":"index","follow":"follow","max-snippet":"max-snippet:-1","max-image-preview":"max-image-preview:large","max-video-preview":"max-video-preview:-1"},"canonical":"https:\/\/www.electroluxprofessional.com\/no\/marineshipping\/","og_locale":"nb_NO","og_type":"article","og_title":"Marine\/shipping - Electrolux Professional Norge","og_description":"[vc_row full_width=&#8221;electroluxpro-full-width-no-padding&#8221;][vc_column][elx_hero_slider label_text_color=&#8221;inherit&#8221; images=&#8221;10897&#8243;][elx_heading text_color=&#8221;orange&#8221; text_align=&#8221;text-left&#8221;]En ekspert i hver havn[\/elx_heading][\/elx_hero_slider][\/vc_column][\/vc_row][vc_row full_width=&#8221;electroluxpro-container-no-padding&#8221; full_height=&#8221;yes&#8221; parallax=&#8221;content-moving&#8221;][vc_column css=&#8221;.vc_custom_1472030236138{padding-top: 20px !important;}&#8221;][elx_heading font_container=&#8221;h1&#8243; font_size=&#8221;h3&#8243; text_color=&#8221;inherit&#8221; text_align=&#8221;text-center&#8221;]Unike profesjonelle l\u00f8sninger innen storkj\u00f8kken og vaskeri for ethvert behov innen marine og shipping[\/elx_heading][\/vc_column][\/vc_row][vc_row][vc_column width=&#8221;1\/2&#8243;][elx_simple_block background_color=&#8221;inherit&#8221;][vc_column_text drop_caps=&#8221;big-first-letter&#8221;] Denne maskinen, som er en Electrolux Professional, er bra &#8211; for meg og for milj\u00f8et (da jeg ikke m\u00e5 [&hellip;]","og_url":"https:\/\/www.electroluxprofessional.com\/no\/marineshipping\/","og_site_name":"Electrolux Professional Norge","article_modified_time":"2022-09-29T13:52:45+00:00","twitter_card":"summary_large_image","twitter_misc":{"Ansl. lesetid":"3 minutter"},"schema":{"@context":"https:\/\/schema.org","@graph":[{"@type":"WebPage","@id":"https:\/\/www.electroluxprofessional.com\/no\/marineshipping\/","url":"https:\/\/www.electroluxprofessional.com\/no\/marineshipping\/","name":"Marine\/shipping - Electrolux Professional Norge","isPartOf":{"@id":"https:\/\/www.electroluxprofessional.com\/no\/#website"},"datePublished":"2017-01-23T15:43:39+00:00","dateModified":"2022-09-29T13:52:45+00:00","breadcrumb":{"@id":"https:\/\/www.electroluxprofessional.com\/no\/marineshipping\/#breadcrumb"},"inLanguage":"nb-NO","potentialAction":[{"@type":"ReadAction","target":["https:\/\/www.electroluxprofessional.com\/no\/marineshipping\/"]}]},{"@type":"BreadcrumbList","@id":"https:\/\/www.electroluxprofessional.com\/no\/marineshipping\/#breadcrumb","itemListElement":[{"@type":"ListItem","position":1,"name":"Home","item":"https:\/\/www.electroluxprofessional.com\/no\/"},{"@type":"ListItem","position":2,"name":"Marine\/shipping"}]},{"@type":"WebSite","@id":"https:\/\/www.electroluxprofessional.com\/no\/#website","url":"https:\/\/www.electroluxprofessional.com\/no\/","name":"Electrolux Professional Norge","description":"","potentialAction":[{"@type":"SearchAction","target":{"@type":"EntryPoint","urlTemplate":"https:\/\/www.electroluxprofessional.com\/no\/?src={search_term_string}"},"query-input":"required name=search_term_string"}],"inLanguage":"nb-NO"}]}},"_links":{"self":[{"href":"https:\/\/www.electroluxprofessional.com\/no\/wp-json\/wp\/v2\/pages\/1321"}],"collection":[{"href":"https:\/\/www.electroluxprofessional.com\/no\/wp-json\/wp\/v2\/pages"}],"about":[{"href":"https:\/\/www.electroluxprofessional.com\/no\/wp-json\/wp\/v2\/types\/page"}],"author":[{"embeddable":true,"href":"https:\/\/www.electroluxprofessional.com\/no\/wp-json\/wp\/v2\/users\/3"}],"replies":[{"embeddable":true,"href":"https:\/\/www.electroluxprofessional.com\/no\/wp-json\/wp\/v2\/comments?post=1321"}],"version-history":[{"count":16,"href":"https:\/\/www.electroluxprofessional.com\/no\/wp-json\/wp\/v2\/pages\/1321\/revisions"}],"predecessor-version":[{"id":10910,"href":"https:\/\/www.electroluxprofessional.com\/no\/wp-json\/wp\/v2\/pages\/1321\/revisions\/10910"}],"wp:attachment":[{"href":"https:\/\/www.electroluxprofessional.com\/no\/wp-json\/wp\/v2\/media?parent=1321"}],"curies":[{"name":"wp","href":"https:\/\/api.w.org\/{rel}","templated":true}]}}