{"id":13047,"date":"2024-05-29T13:17:43","date_gmt":"2024-05-29T13:17:43","guid":{"rendered":"https:\/\/www.electroluxprofessional.com\/no\/?page_id=13047"},"modified":"2024-05-29T13:26:56","modified_gmt":"2024-05-29T13:26:56","slug":"produktregistrering","status":"publish","type":"page","link":"https:\/\/www.electroluxprofessional.com\/no\/produktregistrering\/","title":{"rendered":"Produktregistrering"},"content":{"rendered":"<p>[vc_row][vc_column][vc_empty_space height=&#8221;20px&#8221;][elx_menu menu_name=&#8221;myProfessional&#8221;][\/vc_column][\/vc_row][vc_row][vc_column width=&#8221;1\/6&#8243;][vc_single_image image=&#8221;2040&#8243; img_size=&#8221;full&#8221;][\/vc_column][vc_column width=&#8221;5\/6&#8243;][elx_heading font_container=&#8221;h1&#8243; font_size=&#8221;h3&#8243; text_color=&#8221;inherit&#8221;]Hvorfor skal jeg registrere produktet?[\/elx_heading][vc_column_text]<strong>Takk for at du har valgt et Electrolux Professional produkt.<\/strong><\/p>\n<p>Ved \u00e5 registrere produktet\/ene dine i dag, bidrar du til \u00e5 hjelpe oss i \u00e5 st\u00f8tte deg p\u00e5 beste mulige m\u00e5te. V\u00e5r kundeservice, ettermarked, service og partnernettverk er tilgjengelig for \u00e5 hjelpe deg i din daglige business og trygge deg i ditt valg av leverand\u00f8r.[\/vc_column_text][\/vc_column][\/vc_row][vc_row][vc_column][elx_o2000_product_registration l=&#8221;no&#8221; c=&#8221;Norway&#8221;][vc_empty_space][\/vc_column][\/vc_row]<\/p>\n","protected":false},"excerpt":{"rendered":"<p>[vc_row][vc_column][vc_empty_space height=&#8221;20px&#8221;][elx_menu menu_name=&#8221;myProfessional&#8221;][\/vc_column][\/vc_row][vc_row][vc_column width=&#8221;1\/6&#8243;][vc_single_image image=&#8221;2040&#8243; img_size=&#8221;full&#8221;][\/vc_column][vc_column width=&#8221;5\/6&#8243;][elx_heading font_container=&#8221;h1&#8243; font_size=&#8221;h3&#8243; text_color=&#8221;inherit&#8221;]Hvorfor skal jeg registrere produktet?[\/elx_heading][vc_column_text]Takk for at du har valgt et Electrolux Professional produkt. Ved \u00e5 registrere produktet\/ene dine i dag, bidrar du til \u00e5 hjelpe oss i \u00e5 st\u00f8tte deg p\u00e5 beste mulige m\u00e5te. V\u00e5r kundeservice, ettermarked, service og partnernettverk er tilgjengelig for \u00e5 hjelpe [&hellip;]<\/p>\n","protected":false},"author":3,"featured_media":0,"parent":0,"menu_order":0,"comment_status":"closed","ping_status":"closed","template":"","meta":{"footnotes":""},"class_list":["post-13047","page","type-page","status-publish","hentry"],"acf":[],"yoast_head":"<!-- This site is optimized with the Yoast SEO plugin v23.3 - https:\/\/yoast.com\/wordpress\/plugins\/seo\/ -->\n<title>Produktregistrering - Electrolux Professional Norge<\/title>\n<meta name=\"description\" content=\"Ved \u00e5 registrere produktet\/ene dine i dag, bidrar du til \u00e5 hjelpe oss i \u00e5 st\u00f8tte deg p\u00e5 beste mulige m\u00e5te.\" \/>\n<meta name=\"robots\" content=\"index, follow, max-snippet:-1, max-image-preview:large, max-video-preview:-1\" \/>\n<link rel=\"canonical\" href=\"https:\/\/www.electroluxprofessional.com\/no\/produktregistrering\/\" \/>\n<meta property=\"og:locale\" content=\"nb_NO\" \/>\n<meta property=\"og:type\" content=\"article\" \/>\n<meta property=\"og:title\" content=\"Produktregistrering - Electrolux Professional Norge\" \/>\n<meta property=\"og:description\" content=\"Ved \u00e5 registrere produktet\/ene dine i dag, bidrar du til \u00e5 hjelpe oss i \u00e5 st\u00f8tte deg p\u00e5 beste mulige m\u00e5te.\" \/>\n<meta property=\"og:url\" content=\"https:\/\/www.electroluxprofessional.com\/no\/produktregistrering\/\" \/>\n<meta property=\"og:site_name\" content=\"Electrolux Professional Norge\" \/>\n<meta property=\"article:modified_time\" content=\"2024-05-29T13:26:56+00:00\" \/>\n<meta name=\"twitter:card\" content=\"summary_large_image\" \/>\n<meta name=\"twitter:label1\" content=\"Ansl. lesetid\" \/>\n\t<meta name=\"twitter:data1\" content=\"1 minutt\" \/>\n<script type=\"application\/ld+json\" class=\"yoast-schema-graph\">{\"@context\":\"https:\/\/schema.org\",\"@graph\":[{\"@type\":\"WebPage\",\"@id\":\"https:\/\/www.electroluxprofessional.com\/no\/produktregistrering\/\",\"url\":\"https:\/\/www.electroluxprofessional.com\/no\/produktregistrering\/\",\"name\":\"Produktregistrering - Electrolux Professional Norge\",\"isPartOf\":{\"@id\":\"https:\/\/www.electroluxprofessional.com\/no\/#website\"},\"datePublished\":\"2024-05-29T13:17:43+00:00\",\"dateModified\":\"2024-05-29T13:26:56+00:00\",\"description\":\"Ved \u00e5 registrere produktet\/ene dine i dag, bidrar du til \u00e5 hjelpe oss i \u00e5 st\u00f8tte deg p\u00e5 beste mulige m\u00e5te.\",\"breadcrumb\":{\"@id\":\"https:\/\/www.electroluxprofessional.com\/no\/produktregistrering\/#breadcrumb\"},\"inLanguage\":\"nb-NO\",\"potentialAction\":[{\"@type\":\"ReadAction\",\"target\":[\"https:\/\/www.electroluxprofessional.com\/no\/produktregistrering\/\"]}]},{\"@type\":\"BreadcrumbList\",\"@id\":\"https:\/\/www.electroluxprofessional.com\/no\/produktregistrering\/#breadcrumb\",\"itemListElement\":[{\"@type\":\"ListItem\",\"position\":1,\"name\":\"Home\",\"item\":\"https:\/\/www.electroluxprofessional.com\/no\/\"},{\"@type\":\"ListItem\",\"position\":2,\"name\":\"Produktregistrering\"}]},{\"@type\":\"WebSite\",\"@id\":\"https:\/\/www.electroluxprofessional.com\/no\/#website\",\"url\":\"https:\/\/www.electroluxprofessional.com\/no\/\",\"name\":\"Electrolux Professional Norge\",\"description\":\"\",\"potentialAction\":[{\"@type\":\"SearchAction\",\"target\":{\"@type\":\"EntryPoint\",\"urlTemplate\":\"https:\/\/www.electroluxprofessional.com\/no\/?src={search_term_string}\"},\"query-input\":\"required name=search_term_string\"}],\"inLanguage\":\"nb-NO\"}]}<\/script>\n<!-- \/ Yoast SEO plugin. -->","yoast_head_json":{"title":"Produktregistrering - Electrolux Professional Norge","description":"Ved \u00e5 registrere produktet\/ene dine i dag, bidrar du til \u00e5 hjelpe oss i \u00e5 st\u00f8tte deg p\u00e5 beste mulige m\u00e5te.","robots":{"index":"index","follow":"follow","max-snippet":"max-snippet:-1","max-image-preview":"max-image-preview:large","max-video-preview":"max-video-preview:-1"},"canonical":"https:\/\/www.electroluxprofessional.com\/no\/produktregistrering\/","og_locale":"nb_NO","og_type":"article","og_title":"Produktregistrering - Electrolux Professional Norge","og_description":"Ved \u00e5 registrere produktet\/ene dine i dag, bidrar du til \u00e5 hjelpe oss i \u00e5 st\u00f8tte deg p\u00e5 beste mulige m\u00e5te.","og_url":"https:\/\/www.electroluxprofessional.com\/no\/produktregistrering\/","og_site_name":"Electrolux Professional Norge","article_modified_time":"2024-05-29T13:26:56+00:00","twitter_card":"summary_large_image","twitter_misc":{"Ansl. lesetid":"1 minutt"},"schema":{"@context":"https:\/\/schema.org","@graph":[{"@type":"WebPage","@id":"https:\/\/www.electroluxprofessional.com\/no\/produktregistrering\/","url":"https:\/\/www.electroluxprofessional.com\/no\/produktregistrering\/","name":"Produktregistrering - Electrolux Professional Norge","isPartOf":{"@id":"https:\/\/www.electroluxprofessional.com\/no\/#website"},"datePublished":"2024-05-29T13:17:43+00:00","dateModified":"2024-05-29T13:26:56+00:00","description":"Ved \u00e5 registrere produktet\/ene dine i dag, bidrar du til \u00e5 hjelpe oss i \u00e5 st\u00f8tte deg p\u00e5 beste mulige m\u00e5te.","breadcrumb":{"@id":"https:\/\/www.electroluxprofessional.com\/no\/produktregistrering\/#breadcrumb"},"inLanguage":"nb-NO","potentialAction":[{"@type":"ReadAction","target":["https:\/\/www.electroluxprofessional.com\/no\/produktregistrering\/"]}]},{"@type":"BreadcrumbList","@id":"https:\/\/www.electroluxprofessional.com\/no\/produktregistrering\/#breadcrumb","itemListElement":[{"@type":"ListItem","position":1,"name":"Home","item":"https:\/\/www.electroluxprofessional.com\/no\/"},{"@type":"ListItem","position":2,"name":"Produktregistrering"}]},{"@type":"WebSite","@id":"https:\/\/www.electroluxprofessional.com\/no\/#website","url":"https:\/\/www.electroluxprofessional.com\/no\/","name":"Electrolux Professional Norge","description":"","potentialAction":[{"@type":"SearchAction","target":{"@type":"EntryPoint","urlTemplate":"https:\/\/www.electroluxprofessional.com\/no\/?src={search_term_string}"},"query-input":"required name=search_term_string"}],"inLanguage":"nb-NO"}]}},"_links":{"self":[{"href":"https:\/\/www.electroluxprofessional.com\/no\/wp-json\/wp\/v2\/pages\/13047"}],"collection":[{"href":"https:\/\/www.electroluxprofessional.com\/no\/wp-json\/wp\/v2\/pages"}],"about":[{"href":"https:\/\/www.electroluxprofessional.com\/no\/wp-json\/wp\/v2\/types\/page"}],"author":[{"embeddable":true,"href":"https:\/\/www.electroluxprofessional.com\/no\/wp-json\/wp\/v2\/users\/3"}],"replies":[{"embeddable":true,"href":"https:\/\/www.electroluxprofessional.com\/no\/wp-json\/wp\/v2\/comments?post=13047"}],"version-history":[{"count":1,"href":"https:\/\/www.electroluxprofessional.com\/no\/wp-json\/wp\/v2\/pages\/13047\/revisions"}],"predecessor-version":[{"id":13048,"href":"https:\/\/www.electroluxprofessional.com\/no\/wp-json\/wp\/v2\/pages\/13047\/revisions\/13048"}],"wp:attachment":[{"href":"https:\/\/www.electroluxprofessional.com\/no\/wp-json\/wp\/v2\/media?parent=13047"}],"curies":[{"name":"wp","href":"https:\/\/api.w.org\/{rel}","templated":true}]}}