{"id":1296,"date":"2017-01-23T15:45:26","date_gmt":"2017-01-23T15:45:26","guid":{"rendered":"https:\/\/www.electroluxprofessional.com\/no\/?page_id=1296"},"modified":"2023-12-29T08:48:46","modified_gmt":"2023-12-29T08:48:46","slug":"kommersielle-vaskerier","status":"publish","type":"page","link":"https:\/\/www.electroluxprofessional.com\/no\/kommersielle-vaskerier\/","title":{"rendered":"Kommersielle vaskerier"},"content":{"rendered":"<p>[vc_row full_width=&#8221;electroluxpro-full-width-no-padding&#8221; equal_height=&#8221;yes&#8221;][vc_column reveal_effect=&#8221;&#8221; width=&#8221;1\/2&#8243;][elx_citation name=&#8221;Gianni Granzotto, director of International Tourist Village&#8221; company=&#8221;Bibione, Italy&#8221;][elx_heading font_container=&#8221;h1&#8243; font_size=&#8221;h2&#8243; text_color=&#8221;inherit&#8221;]V\u00e5re erfaringer med Electrolux Professional har v\u00e6rt meget positive helt fra begynnelsen. Fra design\/installasjonsfasen, deretter gjennom service og vedlikehold. Nedetiden er n\u00e5 vesentlig redusert.[\/elx_heading][\/elx_citation][\/vc_column][vc_column reveal_effect=&#8221;&#8221; width=&#8221;1\/2&#8243;][elx_image_block background_image=&#8221;708&#8243; minimum_height=&#8221;530px&#8221;][\/vc_column][\/vc_row][vc_row css=&#8221;.vc_custom_1464705995694{padding-top: 50px !important;padding-bottom: 50px !important;}&#8221;][vc_column][elx_heading text_color=&#8221;inherit&#8221;]<\/p>\n<p style=\"text-align: center;\"><span style=\"color: #46bcc8;\">Kommersielle vaskerier<\/span><\/p>\n<p>[\/elx_heading][vc_column_text]<\/p>\n<h3 style=\"text-align: center;\">bedre ytelse, h\u00f8yere produktivitet, lavere driftskostnader og maksimal oversikt p\u00e5 hele vaskeriprosessen.<\/h3>\n<p>[\/vc_column_text][\/vc_column][\/vc_row][vc_row full_width=&#8221;electroluxpro-full-width-no-padding&#8221; css=&#8221;.vc_custom_1464769735221{background-color: #f8f6f9 !important;}&#8221;][vc_column width=&#8221;1\/2&#8243;][elx_simple_block background_color=&#8221;inherit&#8221;][elx_heading font_container=&#8221;h3&#8243; text_color=&#8221;inherit&#8221;][\/elx_heading][vc_column_text css_animation=&#8221;left-to-right&#8221;]<\/p>\n<ul>\n<li>Optimalisert vann-, energi- og kjemiforbruk<br \/>\ntakket v\u00e6re intelligent teknologi<\/li>\n<li>Raskere syklustid<\/li>\n<li>Raskere og mer ergonomisk t\u00f8rkeprosess p\u00e5 grunn av mindre restfuktighet<\/li>\n<li>Markedets bredeste utvalg av ruller<\/li>\n<li>Et bredt utvalg av stryke- og rullel\u00f8sninger<\/li>\n<li>St\u00f8rre fleksibilitet innen service \u2013<br \/>\neksperter, oppl\u00e6ring og et stort servicenettverk over hele verden<\/li>\n<\/ul>\n<p>[\/vc_column_text][\/elx_simple_block][\/vc_column][vc_column width=&#8221;1\/2&#8243;][elx_image_block background_image=&#8221;709&#8243; minimum_height=&#8221;700px&#8221;][\/vc_column][\/vc_row][vc_row full_width=&#8221;electroluxpro-full-width-no-padding&#8221; equal_height=&#8221;yes&#8221; css=&#8221;.vc_custom_1464776797261{background-color: #f8f6f9 !important;}&#8221;][vc_column width=&#8221;1\/2&#8243;][elx_image_block background_image=&#8221;710&#8243; minimum_height=&#8221;700px&#8221;][\/vc_column][vc_column width=&#8221;1\/2&#8243;][elx_simple_block background_color=&#8221;inherit&#8221;][elx_heading text_color=&#8221;inherit&#8221;]Hovedvaskeriet[\/elx_heading][vc_column_text]<em>&#8220;Electrolux Professional har hjulpet oss opp et niv\u00e5&#8221;.<\/em><\/p>\n<p><strong>Eva-Maj Axelsson, Laundry Manager<\/strong><\/p>\n<p><strong>Eksjo, Sweden<\/strong>[\/vc_column_text][\/elx_simple_block][\/vc_column][\/vc_row][vc_row][vc_column][elx_heading text_color=&#8221;inherit&#8221;]<\/p>\n<p style=\"text-align: center;\">Konfigurert for dine \u00f8nsker. Velg aktuell l\u00f8sning for deg.<\/p>\n<p>[\/elx_heading][\/vc_column][\/vc_row][vc_row equal_height=&#8221;yes&#8221;][vc_column width=&#8221;1\/2&#8243;][elx_image_block background_image=&#8221;711&#8243; minimum_height=&#8221;350px&#8221;][\/vc_column][vc_column width=&#8221;1\/2&#8243;][elx_simple_block background_color=&#8221;inherit&#8221;][elx_heading text_color=&#8221;inherit&#8221;]Startl\u00f8sning[\/elx_heading][vc_column_text]<\/p>\n<ul>\n<li>Lavt vann- og energiforbruk og opptil <strong>50% vannbesparelse ved halv maskin<\/strong><\/li>\n<li><strong>30% kortere<\/strong>\u00a0t\u00f8rketid<\/li>\n<li>Spesiell pleiefunksjoner for flatt\u00f8y og <strong>rullebelter<\/strong>\u00a0designet for utvidet bruk p\u00e5 h\u00f8ye temperaturer<\/li>\n<\/ul>\n<p>[\/vc_column_text][elx_button button_text=&#8221;Vask&#8221; button_style=&#8221;icon&#8221; button_link=&#8221;url:https%3A%2F%2Fwww.electroluxprofessional.com%2Fno%2Fvaskeri%2Ffrontmatede-vaskemaskiner%2F|title:Line%206000%20frontmatede%20vaskerimaskiner&#8221;][elx_button button_text=&#8221;T\u00f8rketromler&#8221; button_style=&#8221;icon&#8221; button_link=&#8221;url:https%3A%2F%2Fwww.electroluxprofessional.com%2Fno%2Ftorketromler%2F|title:T%C3%B8rketromler&#8221;][elx_button button_text=&#8221;Ruller&#8221; button_style=&#8221;icon&#8221; button_link=&#8221;url:https%3A%2F%2Fwww.electroluxprofessional.com%2Fno%2Fruller%2F|title:Line%206000%20%E2%80%93%20ruller&#8221;][\/elx_simple_block][\/vc_column][\/vc_row][vc_row equal_height=&#8221;yes&#8221; css=&#8221;.vc_custom_1465207502266{padding-top: 30px !important;}&#8221;][vc_column width=&#8221;1\/2&#8243;][elx_image_block background_image=&#8221;712&#8243; minimum_height=&#8221;350px&#8221;][\/vc_column][vc_column width=&#8221;1\/2&#8243;][elx_simple_block background_color=&#8221;inherit&#8221;][elx_heading text_color=&#8221;inherit&#8221;]Avansert l\u00f8sning[\/elx_heading][vc_column_text]<\/p>\n<ul>\n<li><strong>&#8220;Excellent&#8221; vask<\/strong>, utmerket pleie takket v\u00e6re Integrated Saving\u00a0System for <strong>optimal opplasting av vaskemaskinen<\/strong><\/li>\n<li>T\u00f8rkeprosessen opp til <strong>10% raskere og 15% mer energieffektiv<\/strong><\/li>\n<li>Direct Ironer Advanced \u00a0Moisture Management System<\/li>\n<\/ul>\n<p>[\/vc_column_text][\/elx_simple_block][\/vc_column][\/vc_row][vc_row equal_height=&#8221;yes&#8221; css=&#8221;.vc_custom_1465208851809{padding-top: 30px !important;}&#8221;][vc_column width=&#8221;1\/2&#8243;][elx_image_block background_image=&#8221;713&#8243; minimum_height=&#8221;350px&#8221;][\/vc_column][vc_column width=&#8221;1\/2&#8243;][elx_simple_block background_color=&#8221;inherit&#8221;][elx_heading text_color=&#8221;inherit&#8221;]Superiorl\u00f8sning[\/elx_heading][vc_column_text]<\/p>\n<ul>\n<li><strong>&#8220;Excellent&#8221; vask<\/strong>\u00a0takket v\u00e6re Integrated Saving System for <strong>optimal opplasting av maskinen<\/strong>\u00a0og effektiv vann- og <strong>vaskemiddeldosering<\/strong><\/li>\n<li>Best ytelse og h\u00f8y produktivitet: opptil\u00a0<strong>10% raskere<\/strong>\u00a0og\u00a0<strong>15% mer energieffektiv<\/strong><\/li>\n<li><strong>Industrirulle<\/strong>\u00a0med mobil Super Flexible Chest og faste ruller, noe som gir <strong>konstant press og en maksimal rulleflate<\/strong>\u00a0for det beste resultat<\/li>\n<\/ul>\n<p>[\/vc_column_text][\/elx_simple_block][\/vc_column][\/vc_row][vc_row][vc_column][vc_empty_space][\/vc_column][\/vc_row][vc_row css=&#8221;.vc_custom_1466428094444{background-color: #f8f6f9 !important;}&#8221;][vc_column][elx_heading text_color=&#8221;inherit&#8221;]Kom i kontakt med oss, og finn mer ut om hva Electrolux Professional kan gj\u00f8re for din business.[\/elx_heading][elx_o2000_contact_us s=&#8221;\u00d8nsker mer info om kommersielle vaskerier&#8221; country=&#8221;Norway&#8221; b=&#8221;laundry&#8221; container=&#8221;elxcontactus1466427204&#8243; r=&#8221;Jeg \u00f8nsker \u00e5 finne mer ut om deres l\u00f8sninger.&#8221; e=&#8221;els.info@electrolux.no&#8221; l=&#8221;no&#8221;][\/vc_column][\/vc_row]<\/p>\n","protected":false},"excerpt":{"rendered":"<p>[vc_row full_width=&#8221;electroluxpro-full-width-no-padding&#8221; equal_height=&#8221;yes&#8221;][vc_column reveal_effect=&#8221;&#8221; width=&#8221;1\/2&#8243;][elx_citation name=&#8221;Gianni Granzotto, director of International Tourist Village&#8221; company=&#8221;Bibione, Italy&#8221;][elx_heading font_container=&#8221;h1&#8243; font_size=&#8221;h2&#8243; text_color=&#8221;inherit&#8221;]V\u00e5re erfaringer med Electrolux Professional har v\u00e6rt meget positive helt fra begynnelsen. Fra design\/installasjonsfasen, deretter gjennom service og vedlikehold. Nedetiden er n\u00e5 vesentlig redusert.[\/elx_heading][\/elx_citation][\/vc_column][vc_column reveal_effect=&#8221;&#8221; width=&#8221;1\/2&#8243;][elx_image_block background_image=&#8221;708&#8243; minimum_height=&#8221;530px&#8221;][\/vc_column][\/vc_row][vc_row css=&#8221;.vc_custom_1464705995694{padding-top: 50px !important;padding-bottom: 50px !important;}&#8221;][vc_column][elx_heading text_color=&#8221;inherit&#8221;] Kommersielle vaskerier [\/elx_heading][vc_column_text] bedre ytelse, [&hellip;]<\/p>\n","protected":false},"author":3,"featured_media":0,"parent":0,"menu_order":0,"comment_status":"closed","ping_status":"closed","template":"","meta":{"footnotes":""},"class_list":["post-1296","page","type-page","status-publish","hentry"],"acf":[],"yoast_head":"<!-- This site is optimized with the Yoast SEO plugin v23.3 - https:\/\/yoast.com\/wordpress\/plugins\/seo\/ -->\n<title>Kommersielle vaskerier - Electrolux Professional Norge<\/title>\n<meta name=\"description\" content=\"Kommersielle vaskerier har ulike behov for maskinst\u00f8rrelser. Ta kontakt med oss for \u00e5 f\u00e5 vite mer om en l\u00f8sning tilpasset dine behov.\" \/>\n<meta name=\"robots\" content=\"index, follow, max-snippet:-1, max-image-preview:large, max-video-preview:-1\" \/>\n<link rel=\"canonical\" href=\"https:\/\/www.electroluxprofessional.com\/no\/kommersielle-vaskerier\/\" \/>\n<meta property=\"og:locale\" content=\"nb_NO\" \/>\n<meta property=\"og:type\" content=\"article\" \/>\n<meta property=\"og:title\" content=\"Kommersielle vaskerier - Electrolux Professional Norge\" \/>\n<meta property=\"og:description\" content=\"Kommersielle vaskerier har ulike behov for maskinst\u00f8rrelser. Ta kontakt med oss for \u00e5 f\u00e5 vite mer om en l\u00f8sning tilpasset dine behov.\" \/>\n<meta property=\"og:url\" content=\"https:\/\/www.electroluxprofessional.com\/no\/kommersielle-vaskerier\/\" \/>\n<meta property=\"og:site_name\" content=\"Electrolux Professional Norge\" \/>\n<meta property=\"article:modified_time\" content=\"2023-12-29T08:48:46+00:00\" \/>\n<meta name=\"twitter:card\" content=\"summary_large_image\" \/>\n<meta name=\"twitter:label1\" content=\"Ansl. lesetid\" \/>\n\t<meta name=\"twitter:data1\" content=\"4 minutter\" \/>\n<script type=\"application\/ld+json\" class=\"yoast-schema-graph\">{\"@context\":\"https:\/\/schema.org\",\"@graph\":[{\"@type\":\"WebPage\",\"@id\":\"https:\/\/www.electroluxprofessional.com\/no\/kommersielle-vaskerier\/\",\"url\":\"https:\/\/www.electroluxprofessional.com\/no\/kommersielle-vaskerier\/\",\"name\":\"Kommersielle vaskerier - Electrolux Professional Norge\",\"isPartOf\":{\"@id\":\"https:\/\/www.electroluxprofessional.com\/no\/#website\"},\"datePublished\":\"2017-01-23T15:45:26+00:00\",\"dateModified\":\"2023-12-29T08:48:46+00:00\",\"description\":\"Kommersielle vaskerier har ulike behov for maskinst\u00f8rrelser. Ta kontakt med oss for \u00e5 f\u00e5 vite mer om en l\u00f8sning tilpasset dine behov.\",\"breadcrumb\":{\"@id\":\"https:\/\/www.electroluxprofessional.com\/no\/kommersielle-vaskerier\/#breadcrumb\"},\"inLanguage\":\"nb-NO\",\"potentialAction\":[{\"@type\":\"ReadAction\",\"target\":[\"https:\/\/www.electroluxprofessional.com\/no\/kommersielle-vaskerier\/\"]}]},{\"@type\":\"BreadcrumbList\",\"@id\":\"https:\/\/www.electroluxprofessional.com\/no\/kommersielle-vaskerier\/#breadcrumb\",\"itemListElement\":[{\"@type\":\"ListItem\",\"position\":1,\"name\":\"Home\",\"item\":\"https:\/\/www.electroluxprofessional.com\/no\/\"},{\"@type\":\"ListItem\",\"position\":2,\"name\":\"Kommersielle vaskerier\"}]},{\"@type\":\"WebSite\",\"@id\":\"https:\/\/www.electroluxprofessional.com\/no\/#website\",\"url\":\"https:\/\/www.electroluxprofessional.com\/no\/\",\"name\":\"Electrolux Professional Norge\",\"description\":\"\",\"potentialAction\":[{\"@type\":\"SearchAction\",\"target\":{\"@type\":\"EntryPoint\",\"urlTemplate\":\"https:\/\/www.electroluxprofessional.com\/no\/?src={search_term_string}\"},\"query-input\":\"required name=search_term_string\"}],\"inLanguage\":\"nb-NO\"}]}<\/script>\n<!-- \/ Yoast SEO plugin. -->","yoast_head_json":{"title":"Kommersielle vaskerier - Electrolux Professional Norge","description":"Kommersielle vaskerier har ulike behov for maskinst\u00f8rrelser. Ta kontakt med oss for \u00e5 f\u00e5 vite mer om en l\u00f8sning tilpasset dine behov.","robots":{"index":"index","follow":"follow","max-snippet":"max-snippet:-1","max-image-preview":"max-image-preview:large","max-video-preview":"max-video-preview:-1"},"canonical":"https:\/\/www.electroluxprofessional.com\/no\/kommersielle-vaskerier\/","og_locale":"nb_NO","og_type":"article","og_title":"Kommersielle vaskerier - Electrolux Professional Norge","og_description":"Kommersielle vaskerier har ulike behov for maskinst\u00f8rrelser. Ta kontakt med oss for \u00e5 f\u00e5 vite mer om en l\u00f8sning tilpasset dine behov.","og_url":"https:\/\/www.electroluxprofessional.com\/no\/kommersielle-vaskerier\/","og_site_name":"Electrolux Professional Norge","article_modified_time":"2023-12-29T08:48:46+00:00","twitter_card":"summary_large_image","twitter_misc":{"Ansl. lesetid":"4 minutter"},"schema":{"@context":"https:\/\/schema.org","@graph":[{"@type":"WebPage","@id":"https:\/\/www.electroluxprofessional.com\/no\/kommersielle-vaskerier\/","url":"https:\/\/www.electroluxprofessional.com\/no\/kommersielle-vaskerier\/","name":"Kommersielle vaskerier - Electrolux Professional Norge","isPartOf":{"@id":"https:\/\/www.electroluxprofessional.com\/no\/#website"},"datePublished":"2017-01-23T15:45:26+00:00","dateModified":"2023-12-29T08:48:46+00:00","description":"Kommersielle vaskerier har ulike behov for maskinst\u00f8rrelser. Ta kontakt med oss for \u00e5 f\u00e5 vite mer om en l\u00f8sning tilpasset dine behov.","breadcrumb":{"@id":"https:\/\/www.electroluxprofessional.com\/no\/kommersielle-vaskerier\/#breadcrumb"},"inLanguage":"nb-NO","potentialAction":[{"@type":"ReadAction","target":["https:\/\/www.electroluxprofessional.com\/no\/kommersielle-vaskerier\/"]}]},{"@type":"BreadcrumbList","@id":"https:\/\/www.electroluxprofessional.com\/no\/kommersielle-vaskerier\/#breadcrumb","itemListElement":[{"@type":"ListItem","position":1,"name":"Home","item":"https:\/\/www.electroluxprofessional.com\/no\/"},{"@type":"ListItem","position":2,"name":"Kommersielle vaskerier"}]},{"@type":"WebSite","@id":"https:\/\/www.electroluxprofessional.com\/no\/#website","url":"https:\/\/www.electroluxprofessional.com\/no\/","name":"Electrolux Professional Norge","description":"","potentialAction":[{"@type":"SearchAction","target":{"@type":"EntryPoint","urlTemplate":"https:\/\/www.electroluxprofessional.com\/no\/?src={search_term_string}"},"query-input":"required name=search_term_string"}],"inLanguage":"nb-NO"}]}},"_links":{"self":[{"href":"https:\/\/www.electroluxprofessional.com\/no\/wp-json\/wp\/v2\/pages\/1296"}],"collection":[{"href":"https:\/\/www.electroluxprofessional.com\/no\/wp-json\/wp\/v2\/pages"}],"about":[{"href":"https:\/\/www.electroluxprofessional.com\/no\/wp-json\/wp\/v2\/types\/page"}],"author":[{"embeddable":true,"href":"https:\/\/www.electroluxprofessional.com\/no\/wp-json\/wp\/v2\/users\/3"}],"replies":[{"embeddable":true,"href":"https:\/\/www.electroluxprofessional.com\/no\/wp-json\/wp\/v2\/comments?post=1296"}],"version-history":[{"count":10,"href":"https:\/\/www.electroluxprofessional.com\/no\/wp-json\/wp\/v2\/pages\/1296\/revisions"}],"predecessor-version":[{"id":12128,"href":"https:\/\/www.electroluxprofessional.com\/no\/wp-json\/wp\/v2\/pages\/1296\/revisions\/12128"}],"wp:attachment":[{"href":"https:\/\/www.electroluxprofessional.com\/no\/wp-json\/wp\/v2\/media?parent=1296"}],"curies":[{"name":"wp","href":"https:\/\/api.w.org\/{rel}","templated":true}]}}