{"id":1284,"date":"2017-01-24T10:16:06","date_gmt":"2017-01-24T10:16:06","guid":{"rendered":"https:\/\/www.electroluxprofessional.com\/no\/?page_id=1284"},"modified":"2023-10-20T07:39:15","modified_gmt":"2023-10-20T07:39:15","slug":"storkjokken","status":"publish","type":"page","link":"https:\/\/www.electroluxprofessional.com\/no\/storkjokken\/","title":{"rendered":"Storkj\u00f8kken"},"content":{"rendered":"<p>[vc_row full_width=&#8221;electroluxpro-full-width-no-padding&#8221;][vc_column][elx_hero_title label=&#8221;&#8221; label_background_color=&#8221;inherit&#8221; background_image=&#8221;719&#8243;][\/elx_hero_title][\/vc_column][\/vc_row][vc_row][vc_column][elx_heading font_container=&#8221;h1&#8243; font_size=&#8221;h2&#8243; text_color=&#8221;inherit&#8221;]<\/p>\n<p style=\"text-align: center;\"><span style=\"color: #000000;\">Velkommen til selskapet som i 100 \u00e5r har p\u00e5virket hvordan mat tilberedes og serveres profesjonelt.<\/span><\/p>\n<p>[\/elx_heading][\/vc_column][\/vc_row][vc_row][vc_column][vc_empty_space height=&#8221;50px&#8221;][\/vc_column][\/vc_row][vc_row][vc_column width=&#8221;1\/4&#8243;][elx_navigation_branch menu_list=&#8221;4375&#8243; image=&#8221;721&#8243;][\/vc_column][vc_column width=&#8221;1\/4&#8243;][elx_navigation_branch menu_list=&#8221;4397&#8243; image=&#8221;6253&#8243;][\/vc_column][vc_column width=&#8221;1\/4&#8243;][elx_navigation_branch menu_list=&#8221;4398&#8243; image=&#8221;2963&#8243;][\/vc_column][vc_column width=&#8221;1\/4&#8243;][elx_navigation_branch image=&#8221;6269&#8243; menu_list=&#8221;4399&#8243;][\/vc_column][\/vc_row][vc_row][vc_column][vc_empty_space height=&#8221;80px&#8221;][\/vc_column][\/vc_row][vc_row][vc_column width=&#8221;1\/4&#8243;][elx_navigation_branch image=&#8221;10769&#8243; menu_list=&#8221;10481&#8243;][\/vc_column][vc_column width=&#8221;1\/4&#8243;][elx_navigation_branch image=&#8221;11856&#8243; menu_list=&#8221;4400&#8243;][\/vc_column][vc_column width=&#8221;1\/4&#8243;][elx_navigation_branch menu_list=&#8221;4401&#8243; image=&#8221;906&#8243;][\/vc_column][vc_column width=&#8221;1\/4&#8243;][\/vc_column][\/vc_row][vc_row][vc_column][vc_empty_space height=&#8221;50px&#8221;][elx_heading font_size=&#8221;h3&#8243; text_color=&#8221;inherit&#8221;]Oppdag mer om kommersielt kj\u00f8kkenutstyr og matservicel\u00f8sninger[\/elx_heading][elx_o2000_contact_us s=&#8221;Foresp\u00f8rsel om informasjon om kommersielt kj\u00f8kkenutstyr og matservicel\u00f8sninger&#8221; country=&#8221;Norway&#8221; b=&#8221;food&#8221; postion_button=&#8221;text-left&#8221; postion_button_mobile=&#8221;text-left-mobile&#8221; r=&#8221;Jeg vil gjerne finne ut mer om ditt kommersielle kj\u00f8kkenutstyr og matservicel\u00f8sninger. Vennligst ta kontakt med meg. Takk.&#8221;][vc_empty_space height=&#8221;50px&#8221;][elx_heading font_size=&#8221;h3&#8243; text_color=&#8221;inherit&#8221; text_align=&#8221;text-center&#8221;]Sertifiseringer for din bransje[\/elx_heading][vc_empty_space height=&#8221;50px&#8221;][\/vc_column][\/vc_row][vc_row equal_height=&#8221;yes&#8221;][vc_column width=&#8221;1\/3&#8243;][elx_simple_link_block link=&#8221;url:https%3A%2F%2Fprofessional.electrolux.no%2Fhaccp%2F|title:haccp||&#8221; text_align=&#8221;text-left&#8221; text_color=&#8221;inherit&#8221; background_color=&#8221;inherit&#8221; background_hover_color=&#8221;darker-hover&#8221; extra_class=&#8221;&#8221; reveal_effect=&#8221;&#8221; reveal_duration=&#8221;&#8221; reveal_delay=&#8221;&#8221;][vc_single_image image=&#8221;668&#8243; img_size=&#8221;large&#8221;][elx_heading font_container=&#8221;h3&#8243; text_color=&#8221;inherit&#8221; text_align=&#8221;text-center&#8221;]HACCP [\/elx_heading][\/elx_simple_link_block][\/vc_column][\/vc_row]<\/p>\n","protected":false},"excerpt":{"rendered":"<p>[vc_row full_width=&#8221;electroluxpro-full-width-no-padding&#8221;][vc_column][elx_hero_title label=&#8221;&#8221; label_background_color=&#8221;inherit&#8221; background_image=&#8221;719&#8243;][\/elx_hero_title][\/vc_column][\/vc_row][vc_row][vc_column][elx_heading font_container=&#8221;h1&#8243; font_size=&#8221;h2&#8243; text_color=&#8221;inherit&#8221;] Velkommen til selskapet som i 100 \u00e5r har p\u00e5virket hvordan mat tilberedes og serveres profesjonelt. [\/elx_heading][\/vc_column][\/vc_row][vc_row][vc_column][vc_empty_space height=&#8221;50px&#8221;][\/vc_column][\/vc_row][vc_row][vc_column width=&#8221;1\/4&#8243;][elx_navigation_branch menu_list=&#8221;4375&#8243; image=&#8221;721&#8243;][\/vc_column][vc_column width=&#8221;1\/4&#8243;][elx_navigation_branch menu_list=&#8221;4397&#8243; image=&#8221;6253&#8243;][\/vc_column][vc_column width=&#8221;1\/4&#8243;][elx_navigation_branch menu_list=&#8221;4398&#8243; image=&#8221;2963&#8243;][\/vc_column][vc_column width=&#8221;1\/4&#8243;][elx_navigation_branch image=&#8221;6269&#8243; menu_list=&#8221;4399&#8243;][\/vc_column][\/vc_row][vc_row][vc_column][vc_empty_space height=&#8221;80px&#8221;][\/vc_column][\/vc_row][vc_row][vc_column width=&#8221;1\/4&#8243;][elx_navigation_branch image=&#8221;10769&#8243; menu_list=&#8221;10481&#8243;][\/vc_column][vc_column width=&#8221;1\/4&#8243;][elx_navigation_branch image=&#8221;11856&#8243; menu_list=&#8221;4400&#8243;][\/vc_column][vc_column width=&#8221;1\/4&#8243;][elx_navigation_branch menu_list=&#8221;4401&#8243; image=&#8221;906&#8243;][\/vc_column][vc_column width=&#8221;1\/4&#8243;][\/vc_column][\/vc_row][vc_row][vc_column][vc_empty_space height=&#8221;50px&#8221;][elx_heading font_size=&#8221;h3&#8243; text_color=&#8221;inherit&#8221;]Oppdag mer om kommersielt kj\u00f8kkenutstyr [&hellip;]<\/p>\n","protected":false},"author":3,"featured_media":0,"parent":0,"menu_order":0,"comment_status":"closed","ping_status":"closed","template":"","meta":{"footnotes":""},"class_list":["post-1284","page","type-page","status-publish","hentry"],"acf":[],"yoast_head":"<!-- This site is optimized with the Yoast SEO plugin v23.3 - https:\/\/yoast.com\/wordpress\/plugins\/seo\/ -->\n<title>Storkj\u00f8kken - Electrolux Professional Norge<\/title>\n<meta name=\"robots\" content=\"index, follow, max-snippet:-1, max-image-preview:large, max-video-preview:-1\" \/>\n<link rel=\"canonical\" href=\"https:\/\/www.electroluxprofessional.com\/no\/storkjokken\/\" \/>\n<meta property=\"og:locale\" content=\"nb_NO\" \/>\n<meta property=\"og:type\" content=\"article\" \/>\n<meta property=\"og:title\" content=\"Storkj\u00f8kken - Electrolux Professional Norge\" \/>\n<meta property=\"og:description\" content=\"[vc_row full_width=&#8221;electroluxpro-full-width-no-padding&#8221;][vc_column][elx_hero_title label=&#8221;&#8221; label_background_color=&#8221;inherit&#8221; background_image=&#8221;719&#8243;][\/elx_hero_title][\/vc_column][\/vc_row][vc_row][vc_column][elx_heading font_container=&#8221;h1&#8243; font_size=&#8221;h2&#8243; text_color=&#8221;inherit&#8221;] Velkommen til selskapet som i 100 \u00e5r har p\u00e5virket hvordan mat tilberedes og serveres profesjonelt. [\/elx_heading][\/vc_column][\/vc_row][vc_row][vc_column][vc_empty_space height=&#8221;50px&#8221;][\/vc_column][\/vc_row][vc_row][vc_column width=&#8221;1\/4&#8243;][elx_navigation_branch menu_list=&#8221;4375&#8243; image=&#8221;721&#8243;][\/vc_column][vc_column width=&#8221;1\/4&#8243;][elx_navigation_branch menu_list=&#8221;4397&#8243; image=&#8221;6253&#8243;][\/vc_column][vc_column width=&#8221;1\/4&#8243;][elx_navigation_branch menu_list=&#8221;4398&#8243; image=&#8221;2963&#8243;][\/vc_column][vc_column width=&#8221;1\/4&#8243;][elx_navigation_branch image=&#8221;6269&#8243; menu_list=&#8221;4399&#8243;][\/vc_column][\/vc_row][vc_row][vc_column][vc_empty_space height=&#8221;80px&#8221;][\/vc_column][\/vc_row][vc_row][vc_column width=&#8221;1\/4&#8243;][elx_navigation_branch image=&#8221;10769&#8243; menu_list=&#8221;10481&#8243;][\/vc_column][vc_column width=&#8221;1\/4&#8243;][elx_navigation_branch image=&#8221;11856&#8243; menu_list=&#8221;4400&#8243;][\/vc_column][vc_column width=&#8221;1\/4&#8243;][elx_navigation_branch menu_list=&#8221;4401&#8243; image=&#8221;906&#8243;][\/vc_column][vc_column width=&#8221;1\/4&#8243;][\/vc_column][\/vc_row][vc_row][vc_column][vc_empty_space height=&#8221;50px&#8221;][elx_heading font_size=&#8221;h3&#8243; text_color=&#8221;inherit&#8221;]Oppdag mer om kommersielt kj\u00f8kkenutstyr [&hellip;]\" \/>\n<meta property=\"og:url\" content=\"https:\/\/www.electroluxprofessional.com\/no\/storkjokken\/\" \/>\n<meta property=\"og:site_name\" content=\"Electrolux Professional Norge\" \/>\n<meta property=\"article:modified_time\" content=\"2023-10-20T07:39:15+00:00\" \/>\n<meta name=\"twitter:card\" content=\"summary_large_image\" \/>\n<meta name=\"twitter:label1\" content=\"Ansl. lesetid\" \/>\n\t<meta name=\"twitter:data1\" content=\"1 minutt\" \/>\n<script type=\"application\/ld+json\" class=\"yoast-schema-graph\">{\"@context\":\"https:\/\/schema.org\",\"@graph\":[{\"@type\":\"WebPage\",\"@id\":\"https:\/\/www.electroluxprofessional.com\/no\/storkjokken\/\",\"url\":\"https:\/\/www.electroluxprofessional.com\/no\/storkjokken\/\",\"name\":\"Storkj\u00f8kken - Electrolux Professional Norge\",\"isPartOf\":{\"@id\":\"https:\/\/www.electroluxprofessional.com\/no\/#website\"},\"datePublished\":\"2017-01-24T10:16:06+00:00\",\"dateModified\":\"2023-10-20T07:39:15+00:00\",\"breadcrumb\":{\"@id\":\"https:\/\/www.electroluxprofessional.com\/no\/storkjokken\/#breadcrumb\"},\"inLanguage\":\"nb-NO\",\"potentialAction\":[{\"@type\":\"ReadAction\",\"target\":[\"https:\/\/www.electroluxprofessional.com\/no\/storkjokken\/\"]}]},{\"@type\":\"BreadcrumbList\",\"@id\":\"https:\/\/www.electroluxprofessional.com\/no\/storkjokken\/#breadcrumb\",\"itemListElement\":[{\"@type\":\"ListItem\",\"position\":1,\"name\":\"Home\",\"item\":\"https:\/\/www.electroluxprofessional.com\/no\/\"},{\"@type\":\"ListItem\",\"position\":2,\"name\":\"Storkj\u00f8kken\"}]},{\"@type\":\"WebSite\",\"@id\":\"https:\/\/www.electroluxprofessional.com\/no\/#website\",\"url\":\"https:\/\/www.electroluxprofessional.com\/no\/\",\"name\":\"Electrolux Professional Norge\",\"description\":\"\",\"potentialAction\":[{\"@type\":\"SearchAction\",\"target\":{\"@type\":\"EntryPoint\",\"urlTemplate\":\"https:\/\/www.electroluxprofessional.com\/no\/?src={search_term_string}\"},\"query-input\":\"required name=search_term_string\"}],\"inLanguage\":\"nb-NO\"}]}<\/script>\n<!-- \/ Yoast SEO plugin. -->","yoast_head_json":{"title":"Storkj\u00f8kken - Electrolux Professional Norge","robots":{"index":"index","follow":"follow","max-snippet":"max-snippet:-1","max-image-preview":"max-image-preview:large","max-video-preview":"max-video-preview:-1"},"canonical":"https:\/\/www.electroluxprofessional.com\/no\/storkjokken\/","og_locale":"nb_NO","og_type":"article","og_title":"Storkj\u00f8kken - Electrolux Professional Norge","og_description":"[vc_row full_width=&#8221;electroluxpro-full-width-no-padding&#8221;][vc_column][elx_hero_title label=&#8221;&#8221; label_background_color=&#8221;inherit&#8221; background_image=&#8221;719&#8243;][\/elx_hero_title][\/vc_column][\/vc_row][vc_row][vc_column][elx_heading font_container=&#8221;h1&#8243; font_size=&#8221;h2&#8243; text_color=&#8221;inherit&#8221;] Velkommen til selskapet som i 100 \u00e5r har p\u00e5virket hvordan mat tilberedes og serveres profesjonelt. [\/elx_heading][\/vc_column][\/vc_row][vc_row][vc_column][vc_empty_space height=&#8221;50px&#8221;][\/vc_column][\/vc_row][vc_row][vc_column width=&#8221;1\/4&#8243;][elx_navigation_branch menu_list=&#8221;4375&#8243; image=&#8221;721&#8243;][\/vc_column][vc_column width=&#8221;1\/4&#8243;][elx_navigation_branch menu_list=&#8221;4397&#8243; image=&#8221;6253&#8243;][\/vc_column][vc_column width=&#8221;1\/4&#8243;][elx_navigation_branch menu_list=&#8221;4398&#8243; image=&#8221;2963&#8243;][\/vc_column][vc_column width=&#8221;1\/4&#8243;][elx_navigation_branch image=&#8221;6269&#8243; menu_list=&#8221;4399&#8243;][\/vc_column][\/vc_row][vc_row][vc_column][vc_empty_space height=&#8221;80px&#8221;][\/vc_column][\/vc_row][vc_row][vc_column width=&#8221;1\/4&#8243;][elx_navigation_branch image=&#8221;10769&#8243; menu_list=&#8221;10481&#8243;][\/vc_column][vc_column width=&#8221;1\/4&#8243;][elx_navigation_branch image=&#8221;11856&#8243; menu_list=&#8221;4400&#8243;][\/vc_column][vc_column width=&#8221;1\/4&#8243;][elx_navigation_branch menu_list=&#8221;4401&#8243; image=&#8221;906&#8243;][\/vc_column][vc_column width=&#8221;1\/4&#8243;][\/vc_column][\/vc_row][vc_row][vc_column][vc_empty_space height=&#8221;50px&#8221;][elx_heading font_size=&#8221;h3&#8243; text_color=&#8221;inherit&#8221;]Oppdag mer om kommersielt kj\u00f8kkenutstyr [&hellip;]","og_url":"https:\/\/www.electroluxprofessional.com\/no\/storkjokken\/","og_site_name":"Electrolux Professional Norge","article_modified_time":"2023-10-20T07:39:15+00:00","twitter_card":"summary_large_image","twitter_misc":{"Ansl. lesetid":"1 minutt"},"schema":{"@context":"https:\/\/schema.org","@graph":[{"@type":"WebPage","@id":"https:\/\/www.electroluxprofessional.com\/no\/storkjokken\/","url":"https:\/\/www.electroluxprofessional.com\/no\/storkjokken\/","name":"Storkj\u00f8kken - Electrolux Professional Norge","isPartOf":{"@id":"https:\/\/www.electroluxprofessional.com\/no\/#website"},"datePublished":"2017-01-24T10:16:06+00:00","dateModified":"2023-10-20T07:39:15+00:00","breadcrumb":{"@id":"https:\/\/www.electroluxprofessional.com\/no\/storkjokken\/#breadcrumb"},"inLanguage":"nb-NO","potentialAction":[{"@type":"ReadAction","target":["https:\/\/www.electroluxprofessional.com\/no\/storkjokken\/"]}]},{"@type":"BreadcrumbList","@id":"https:\/\/www.electroluxprofessional.com\/no\/storkjokken\/#breadcrumb","itemListElement":[{"@type":"ListItem","position":1,"name":"Home","item":"https:\/\/www.electroluxprofessional.com\/no\/"},{"@type":"ListItem","position":2,"name":"Storkj\u00f8kken"}]},{"@type":"WebSite","@id":"https:\/\/www.electroluxprofessional.com\/no\/#website","url":"https:\/\/www.electroluxprofessional.com\/no\/","name":"Electrolux Professional Norge","description":"","potentialAction":[{"@type":"SearchAction","target":{"@type":"EntryPoint","urlTemplate":"https:\/\/www.electroluxprofessional.com\/no\/?src={search_term_string}"},"query-input":"required name=search_term_string"}],"inLanguage":"nb-NO"}]}},"_links":{"self":[{"href":"https:\/\/www.electroluxprofessional.com\/no\/wp-json\/wp\/v2\/pages\/1284"}],"collection":[{"href":"https:\/\/www.electroluxprofessional.com\/no\/wp-json\/wp\/v2\/pages"}],"about":[{"href":"https:\/\/www.electroluxprofessional.com\/no\/wp-json\/wp\/v2\/types\/page"}],"author":[{"embeddable":true,"href":"https:\/\/www.electroluxprofessional.com\/no\/wp-json\/wp\/v2\/users\/3"}],"replies":[{"embeddable":true,"href":"https:\/\/www.electroluxprofessional.com\/no\/wp-json\/wp\/v2\/comments?post=1284"}],"version-history":[{"count":53,"href":"https:\/\/www.electroluxprofessional.com\/no\/wp-json\/wp\/v2\/pages\/1284\/revisions"}],"predecessor-version":[{"id":11855,"href":"https:\/\/www.electroluxprofessional.com\/no\/wp-json\/wp\/v2\/pages\/1284\/revisions\/11855"}],"wp:attachment":[{"href":"https:\/\/www.electroluxprofessional.com\/no\/wp-json\/wp\/v2\/media?parent=1284"}],"curies":[{"name":"wp","href":"https:\/\/api.w.org\/{rel}","templated":true}]}}