{"id":12805,"date":"2024-04-08T06:11:01","date_gmt":"2024-04-08T06:11:01","guid":{"rendered":"https:\/\/www.electroluxprofessional.com\/no\/?page_id=12805"},"modified":"2025-11-05T13:42:48","modified_gmt":"2025-11-05T13:42:48","slug":"herodry-torkeenhet-for-oppvask","status":"publish","type":"page","link":"https:\/\/www.electroluxprofessional.com\/no\/herodry-torkeenhet-for-oppvask\/","title":{"rendered":"HeroDry t\u00f8rkeenhet for oppvask"},"content":{"rendered":"<p>[vc_row full_width=&#8221;electroluxpro-full-width-no-padding&#8221;][vc_column][elx_image_block background_image=&#8221;12787&#8243; minimum_height=&#8221;400px&#8221;][vc_empty_space][\/vc_column][\/vc_row][vc_row full_width=&#8221;electroluxpro-container-no-padding&#8221;][vc_column][elx_text_image tag_title=&#8221;h1&#8243; class_title=&#8221;h1&#8243; style_image=&#8221;image_square&#8221; columns_proportion=&#8221;three_fifth&#8221; bg_row=&#8221;bg-download-white&#8221; title=&#8221;Vask, t\u00f8rk og gjenbruk mat-og drikke-emballasje med HeroDry &#8211; t\u00f8rkeenhet for oppvask&#8221; lists=&#8221;%5B%7B%7D%5D&#8221; values=&#8221;%5B%7B%7D%2C%7B%7D%5D&#8221; link=&#8221;url:%23contact_us|title:Kontakt%20oss&#8221; single_image=&#8221;12797&#8243;]I Electrolux Professional har vi et sterkt engasjement for \u00e5 ta vare p\u00e5 milj\u00f8et. <strong>HeroDry<\/strong>, t\u00f8rkeenhet for oppvask til gjenbrukbare mat- og drikkeforpakninger er en av de b\u00e6rekraftige l\u00f8sningene som inng\u00e5r i v\u00e5rt sirkul\u00e6re initiativ.<\/p>\n<p><strong>Internasjonale direktiver<\/strong> g\u00e5r mot en obligatorisk redusering av engangsartikler laget av plast. <strong>EU-direktivet 2019\/904<\/strong> krever at EUs medlemsland gj\u00f8r tiltak som kreves for \u00e5\u00a0 <strong>redusere forbruk av engangsartiklar i plast,<\/strong> som p\u00e5virker hele HoReCa-sektoren.[\/elx_text_image][\/vc_column][\/vc_row][vc_row full_width=&#8221;electroluxpro-full-width-no-padding&#8221;][vc_column][elx_features_download title=&#8221;HeroDry &#8211; t\u00f8rkeenhet for oppvask &#8211; egnet for alle profesjonelle storkj\u00f8kken&#8221; tag_title=&#8221;h2&#8243; class_title=&#8221;h2&#8243; title_download=&#8221;Last ned&#8221; title_discover=&#8221;Les mer!&#8221; bg_discover_color=&#8221;bg-download-white&#8221; link_discover_color=&#8221;download-text-blue&#8221; bg_row=&#8221;bg-row-light-blue&#8221; values=&#8221;%5B%7B%22select_type%22%3A%22link%22%2C%22link_download%22%3A%22url%3Ahttps%253A%252F%252Fwww.electroluxprofessional.com%252Fwp-content%252Fuploads%252F2023%252F06%252FCLF-9JE00307_1_5_1_6_EPR-HeroDry-flyer-EN-20230623-LR.pdf%7Ctitle%3AHeroDry%2520leaflet%7Ctarget%3A_blank%22%7D%5D&#8221; discover=&#8221;%5B%7B%22link_discover%22%3A%22url%3Ahttps%253A%252F%252Fwww.electroluxprofessional.com%252Fse%252Fpd%252Fdiskrumsutrustning%252Fhuvdiskmaskiner%252Fgreen-clean-hood-type-tork%252Fdisk-herodry-f%2525C3%2525B6r-green-clean-huvdiskmaskin-504350%252F%7Ctitle%3AHeroDry%2520t%25C3%25B8rkeenhet%2520oppvask%2520-%2520Produktinformasjon%7Ctarget%3A_blank%22%7D%2C%7B%22link_discover%22%3A%22url%3Ahttps%253A%252F%252Fwww.electroluxprofessional.com%252Fno%252Fkontakt-oss%252F%7Ctitle%3AKontakt%2520oss%2520for%2520mer%2520info!%22%7D%5D&#8221; features=&#8221;%5B%7B%22icon_electroluxpro%22%3A%22elx-icon%20icon-circle-star-perfomance-blue%22%2C%22title_icon%22%3A%22%3Ch3%3EDen%20beste%20t%C3%B8rk%3C%2Fh3%3E%22%2C%22text_icon%22%3A%22T%C3%B8rk%20opptil%20%3Cstrong%3E750%20kopper%2Ft.%3C%2Fstrong%3E%20P%C3%A5%20grunn%20av%20den%20innovative%20t%C3%B8rkemodulen%20er%20oppvasken%20klar%20rett%20fra%20vask%20til%20bruk%20p%C3%A5%20nytt.%22%7D%2C%7B%22icon_electroluxpro%22%3A%22elx-icon%20icon-circle-easy-blue%22%2C%22title_icon%22%3A%22%3Ch3%3ELett%20%C3%A5%20bruke%3C%2Fh3%3E%22%2C%22text_icon%22%3A%22Bedre%20effektivitet%20for%20brukeren%20med%20et%20smart%20betjeningspanel%22%7D%2C%7B%22icon_electroluxpro%22%3A%22elx-icon%20icon-circle-flexibility-blue%22%2C%22title_icon%22%3A%22%3Ch3%3EEnkel%20%C3%A5%20installere%3C%2Fh3%3E%22%2C%22text_icon%22%3A%22Utviklet%20for%20alle%20konfigurasjoner%20og%20kan%20tilpasses%20direkte%20p%C3%A5%20plass%22%7D%5D&#8221;][\/elx_features_download][\/vc_column][\/vc_row][vc_row full_width=&#8221;electroluxpro-full-width-no-padding&#8221;][vc_column][elx_features_download title=&#8221;&#8221; title_download=&#8221;Last ned&#8221; title_discover=&#8221;Les mer!&#8221; bg_row=&#8221;bg-row-sustainability-green&#8221; values=&#8221;%5B%7B%22select_type%22%3A%22link%22%7D%5D&#8221; discover=&#8221;%5B%7B%7D%5D&#8221; features=&#8221;%5B%7B%22icon_electroluxpro%22%3A%22elx-icon%20icon-circle-savings-green-blue%22%2C%22title_icon%22%3A%22%3Ch3%3EEnergibesparelser%3C%2Fh3%3E%22%2C%22text_icon%22%3A%22%3Ch4%20class%3D%5C%22h6%5C%22%3ESpar%20opptil%2060%25%20i%20energiforbruk*%20%3Cbr%3E%5Cnp%C3%A5%20grunn%20av%20den%20nye%20energibesparelsesfunksjonen%3C%2Fh4%3E%5Cn%3Csub%3E*%20Intern%20test%20gjort%20i%20Electrolux%20Professional%20R%26D%20laboratorie.%20Sammenlignet%20med%20de%20gjennomsnittlige%20standardprogram%20som%20er%20vanlige%20p%C3%A5%20markedet%20med%20HeroDry%20-%20t%C3%B8rkeenhet%20til%20oppvask&#8217;%20eco%20syklus-program.%5Cn%3Cbr%20%2F%3E%3C%2Fsub%3E%22%7D%5D&#8221;][\/elx_features_download][\/vc_column][\/vc_row][vc_row full_width=&#8221;electroluxpro-container-no-padding&#8221;][vc_column][elx_text_image number_images=&#8221;n&#8221; style_image=&#8221;image_square&#8221; bg_row=&#8221;bg-download-white&#8221; title=&#8221;Sjekk ut en energieffektiv t\u00f8rkel\u00f8sning&#8221; lists=&#8221;%5B%7B%22icon_electroluxpro%22%3A%22elx-icon%20icon-circle-checkmark-blue%22%2C%22title_list%22%3A%22Spar%20tid%20og%20penger%22%2C%22text_list%22%3A%22T%C3%B8rker%20raskt%20med%20et%20utmerket%20resultat%20p%C3%A5%20grunn%20av%20det%20innovative%20temperatsystemet.%20Reduser%20str%C3%B8mregningen%20og%20effektiviser%20arbeidsdagen%20for%20dine%20ansatte.%22%7D%2C%7B%22icon_electroluxpro%22%3A%22elx-icon%20icon-circle-checkmark-blue%22%2C%22title_list%22%3A%22Garantert%20hygienisk%22%2C%22text_list%22%3A%22Med%20%3Cstrong%3Elufttemperatur%20p%C3%A5%2050%C2%B0C%3C%2Fstrong%3E%20blir%20serviset%20helt%20t%C3%B8rt%20i%20sluttsyklusen%20og%20klar%20til%20direkte%20gjenbruk.%5Cn%5Cn%22%7D%5D&#8221; values=&#8221;%5B%7B%7D%5D&#8221; multi_images=&#8221;12801,12802,12803&#8243;]Blir det resirkulerbare servise brukt opp n\u00e5r det er som hektisk? Kan v\u00e6re smart \u00e5 sjekke ut om HeroDry frittst\u00e5ende t\u00f8rk kan v\u00e6re det perfekte supplement i oppvasken![\/elx_text_image][\/vc_column][\/vc_row][vc_row][vc_column][elx_video_text link_video=&#8221;https:\/\/youtu.be\/0ko3idU2pFg&#8221; title=&#8221;Sirkul\u00e6r \u00f8konomi&#8221; class_title=&#8221;h2&#8243; bg_row=&#8221;bg-download-white&#8221; image_preview=&#8221;12804&#8243;]Bli med i den <strong>sirkul\u00e6re revolusjonen<\/strong> med l\u00f8sningar fra Electrolux Professional.<\/p>\n<p><strong>Se videon<\/strong> om hvordan du kan <strong>gi dine resirkulerbare kopper og servise et nytt liv.<\/strong>[\/elx_video_text][vc_empty_space height=&#8221;50px&#8221;][\/vc_column][\/vc_row][vc_row full_width=&#8221;electroluxpro-container-no-padding&#8221;][vc_column content_position=&#8221;right&#8221;][elx_text_image style_image=&#8221;image_square&#8221; image_position=&#8221;image_left&#8221; bg_row=&#8221;bg-download-white&#8221; title=&#8221;Velg syklus etter ditt behov&#8221; lists=&#8221;%5B%7B%7D%5D&#8221; values=&#8221;%5B%7B%7D%5D&#8221; single_image=&#8221;12798&#8243;]HeroDry t\u00f8rkeenhet for oppvask er egnet for rask <strong>t\u00f8rking av alle typer resirkulerbart servise<\/strong>: glass, keramikk, aluminium, ja &#8211; til og med resirkulerbar plast.<\/p>\n<p>Du kan velge mellom programmene <strong>standard og eco syklus<\/strong>,<strong> avhengig av ditt behov<\/strong>. Det innovative grensesnittet gir deg oversikt og status p\u00e5 syklusen.[\/elx_text_image][\/vc_column][\/vc_row][vc_row full_width=&#8221;electroluxpro-container-no-padding&#8221;][vc_column content_position=&#8221;right&#8221;][elx_text_image number_images=&#8221;2&#8243; style_image=&#8221;image_horizontal&#8221; columns_proportion=&#8221;half&#8221; bg_row=&#8221;bg-download-white&#8221; title=&#8221;Design som passer de fleste oppvaskrom&#8221; lists=&#8221;%5B%7B%7D%5D&#8221; values=&#8221;%5B%7B%7D%5D&#8221; double_image_1=&#8221;12799&#8243; double_image_2=&#8221;12800&#8243;]Plasser\u00a0 HeroDry l\u00f8sningen i tilknytning til din<br \/>\ngreen&amp;clean oppvaskmaskin for et mer effektivt oppvaskrom.<\/p>\n<p>HeroDry t\u00f8rkeenhet for oppvask er kan <strong>tilpasses p\u00e5 plass<\/strong>, du kan velge innmating i front, fra h\u00f8yre eller venstre og hvis du \u00f8nsker hj\u00f8rneinstallasjon.[\/elx_text_image][vc_empty_space height=&#8221;50px&#8221;][vc_empty_space height=&#8221;50px&#8221;]<div class=\"product-list-item\"><div class=\"single-product-content\"><a href=\"https:\/\/www.electroluxprofessional.com\/no\/pd\/diskrumsutrustning\/huvdiskmaskiner\/green-clean-hood-type-tork\/disk-herodry-f\u00f6r-green-clean-huvdiskmaskin-504350\/\" target=\"_blank\"><figure class=\"wow fadeIn\"><img decoding=\"async\" src=\"https:\/\/tools.electroluxprofessional.com\/Mirror\/Doc\/PH_255x255%2FPH_504350_1_1_504350.jpg\" alt=\"Disk<br>HeroDry f\u00f6r green&clean huvdiskmaskin\"><\/figure><h3>Disk<br>HeroDry f\u00f6r green&clean huvdiskmaskin<\/h3><\/a><div class=\"product-code\">504350<\/div><div class=\"product-description\">HeroDry frist\u00e5ende tork f\u00f6r entanksmaskiner<\/div><\/div><hr><div class=\"pre-actions\"><div class=\"reviews\"><\/div><\/div><div class=\"action\"><a href=\"https:\/\/www.electroluxprofessional.com\/no\/pd\/diskrumsutrustning\/huvdiskmaskiner\/green-clean-hood-type-tork\/disk-herodry-f\u00f6r-green-clean-huvdiskmaskin-504350\/\" target=\"_blank\" class=\"btn btn-primary\">More Info<\/a><\/div><\/div>[vc_empty_space height=&#8221;50px&#8221;][\/vc_column][\/vc_row][vc_row full_width=&#8221;electroluxpro-container-no-padding&#8221;][vc_column][elx_heading text_color=&#8221;inherit&#8221;]Bruk riktig rengj\u00f8ring og tilbeh\u00f8r[\/elx_heading][vc_column_text]For <strong>best mulig resultat<\/strong> er det viktig at du velger riktig rengj\u00f8ring og tilbeh\u00f8r til din HeroDry t\u00f8rkeenhet til oppvask.[\/vc_column_text][\/vc_column][\/vc_row][vc_row full_width=&#8221;electroluxpro-container-no-padding&#8221;][vc_column width=&#8221;1\/3&#8243;][vc_single_image image=&#8221;12788&#8243; img_size=&#8221;medium&#8221; alignment=&#8221;center&#8221;][elx_heading font_container=&#8221;h3&#8243; font_size=&#8221;h4&#8243; text_color=&#8221;inherit&#8221; text_align=&#8221;text-center&#8221;]T\u00f8rkemiddel[\/elx_heading][elx_heading font_container=&#8221;h4&#8243; font_size=&#8221;h6&#8243; text_color=&#8221;inherit&#8221; text_align=&#8221;text-center&#8221;]C15[\/elx_heading][\/vc_column][vc_column width=&#8221;1\/3&#8243;][vc_single_image image=&#8221;12789&#8243; img_size=&#8221;medium&#8221; alignment=&#8221;center&#8221;][elx_heading font_container=&#8221;h3&#8243; font_size=&#8221;h4&#8243; text_color=&#8221;inherit&#8221; text_align=&#8221;text-center&#8221;]Oppvaskmiddel[\/elx_heading][elx_heading font_container=&#8221;h4&#8243; font_size=&#8221;h6&#8243; text_color=&#8221;inherit&#8221; text_align=&#8221;text-center&#8221;]C11[\/elx_heading][\/vc_column][vc_column width=&#8221;1\/3&#8243;][vc_single_image image=&#8221;12790&#8243; img_size=&#8221;medium&#8221; alignment=&#8221;center&#8221;][elx_heading font_container=&#8221;h3&#8243; font_size=&#8221;h4&#8243; text_color=&#8221;inherit&#8221; text_align=&#8221;text-center&#8221;]Kurv til beger\/kopper[\/elx_heading][elx_heading font_container=&#8221;h4&#8243; font_size=&#8221;h6&#8243; text_color=&#8221;inherit&#8221; text_align=&#8221;text-center&#8221;]1 stk inkludert[\/elx_heading][\/vc_column][\/vc_row][vc_row el_id=&#8221;product_filter&#8221;][vc_column][\/vc_column][\/vc_row][vc_row el_id=&#8221;kontakta_oss&#8221;][vc_column][elx_heading text_color=&#8221;inherit&#8221; text_align=&#8221;text-center&#8221;]Ble du nysgjerrig p\u00e5 produktet? Kontakt oss gjerne for mer info p\u00e5 HeroDry[\/elx_heading][vc_empty_space][elx_o2000_contact_us s=&#8221;Request of contact from the website &#8211; HeroDry&#8221; campaign=&#8221;701SX000005Lvq2YAC&#8221; flag_hide_request_type=&#8221;true&#8221; country=&#8221;Norway&#8221; b=&#8221;food&#8221; thanks=&#8221;Takk for din interesse. Vi vil ta kontakt med deg.&#8221; r=&#8221;Jeg \u00f8nsker \u00e5 vite mer om HeroDry. Vennligst kontakt meg!&#8221;][\/vc_column][\/vc_row]<\/p>\n","protected":false},"excerpt":{"rendered":"<p>[vc_row full_width=&#8221;electroluxpro-full-width-no-padding&#8221;][vc_column][elx_image_block background_image=&#8221;12787&#8243; minimum_height=&#8221;400px&#8221;][vc_empty_space][\/vc_column][\/vc_row][vc_row full_width=&#8221;electroluxpro-container-no-padding&#8221;][vc_column][elx_text_image tag_title=&#8221;h1&#8243; class_title=&#8221;h1&#8243; style_image=&#8221;image_square&#8221; columns_proportion=&#8221;three_fifth&#8221; bg_row=&#8221;bg-download-white&#8221; title=&#8221;Vask, t\u00f8rk og gjenbruk mat-og drikke-emballasje med HeroDry &#8211; t\u00f8rkeenhet for oppvask&#8221; lists=&#8221;%5B%7B%7D%5D&#8221; values=&#8221;%5B%7B%7D%2C%7B%7D%5D&#8221; link=&#8221;url:%23contact_us|title:Kontakt%20oss&#8221; single_image=&#8221;12797&#8243;]I Electrolux Professional har vi et sterkt engasjement for \u00e5 ta vare p\u00e5 milj\u00f8et. HeroDry, t\u00f8rkeenhet for oppvask til gjenbrukbare mat- og drikkeforpakninger er en av de b\u00e6rekraftige l\u00f8sningene som [&hellip;]<\/p>\n","protected":false},"author":3,"featured_media":12786,"parent":0,"menu_order":0,"comment_status":"closed","ping_status":"closed","template":"","meta":{"footnotes":""},"class_list":["post-12805","page","type-page","status-publish","has-post-thumbnail","hentry"],"acf":[],"yoast_head":"<!-- This site is optimized with the Yoast SEO plugin v23.3 - https:\/\/yoast.com\/wordpress\/plugins\/seo\/ -->\n<title>HeroDry \u2013 Electrolux Professional Norge<\/title>\n<meta name=\"description\" content=\"HeroDry, den frittst\u00e5ende t\u00f8rkeenheten til gjenbrukbare mat- og drikkeforpakninger er en v\u00e5re b\u00e6rekraftige l\u00f8sninger\" \/>\n<meta name=\"robots\" content=\"index, follow, max-snippet:-1, max-image-preview:large, max-video-preview:-1\" \/>\n<link rel=\"canonical\" href=\"https:\/\/www.electroluxprofessional.com\/no\/herodry-torkeenhet-for-oppvask\/\" \/>\n<meta property=\"og:locale\" content=\"nb_NO\" \/>\n<meta property=\"og:type\" content=\"article\" \/>\n<meta property=\"og:title\" content=\"HeroDry \u2013 Electrolux Professional Norge\" \/>\n<meta property=\"og:description\" content=\"HeroDry, den frittst\u00e5ende t\u00f8rkeenheten til gjenbrukbare mat- og drikkeforpakninger er en v\u00e5re b\u00e6rekraftige l\u00f8sninger\" \/>\n<meta property=\"og:url\" content=\"https:\/\/www.electroluxprofessional.com\/no\/herodry-torkeenhet-for-oppvask\/\" \/>\n<meta property=\"og:site_name\" content=\"Electrolux Professional Norge\" \/>\n<meta property=\"article:modified_time\" content=\"2025-11-05T13:42:48+00:00\" \/>\n<meta property=\"og:image\" content=\"https:\/\/www.electroluxprofessional.com\/no\/wp-content\/uploads\/2024\/04\/HD-featured-image-966x712-1.jpg\" \/>\n\t<meta property=\"og:image:width\" content=\"966\" \/>\n\t<meta property=\"og:image:height\" content=\"712\" \/>\n\t<meta property=\"og:image:type\" content=\"image\/jpeg\" \/>\n<meta name=\"twitter:card\" content=\"summary_large_image\" \/>\n<meta name=\"twitter:label1\" content=\"Ansl. lesetid\" \/>\n\t<meta name=\"twitter:data1\" content=\"3 minutter\" \/>\n<script type=\"application\/ld+json\" class=\"yoast-schema-graph\">{\"@context\":\"https:\/\/schema.org\",\"@graph\":[{\"@type\":\"WebPage\",\"@id\":\"https:\/\/www.electroluxprofessional.com\/no\/herodry-torkeenhet-for-oppvask\/\",\"url\":\"https:\/\/www.electroluxprofessional.com\/no\/herodry-torkeenhet-for-oppvask\/\",\"name\":\"HeroDry \u2013 Electrolux Professional Norge\",\"isPartOf\":{\"@id\":\"https:\/\/www.electroluxprofessional.com\/no\/#website\"},\"primaryImageOfPage\":{\"@id\":\"https:\/\/www.electroluxprofessional.com\/no\/herodry-torkeenhet-for-oppvask\/#primaryimage\"},\"image\":{\"@id\":\"https:\/\/www.electroluxprofessional.com\/no\/herodry-torkeenhet-for-oppvask\/#primaryimage\"},\"thumbnailUrl\":\"https:\/\/www.electroluxprofessional.com\/no\/wp-content\/uploads\/2024\/04\/HD-featured-image-966x712-1.jpg\",\"datePublished\":\"2024-04-08T06:11:01+00:00\",\"dateModified\":\"2025-11-05T13:42:48+00:00\",\"description\":\"HeroDry, den frittst\u00e5ende t\u00f8rkeenheten til gjenbrukbare mat- og drikkeforpakninger er en v\u00e5re b\u00e6rekraftige l\u00f8sninger\",\"breadcrumb\":{\"@id\":\"https:\/\/www.electroluxprofessional.com\/no\/herodry-torkeenhet-for-oppvask\/#breadcrumb\"},\"inLanguage\":\"nb-NO\",\"potentialAction\":[{\"@type\":\"ReadAction\",\"target\":[\"https:\/\/www.electroluxprofessional.com\/no\/herodry-torkeenhet-for-oppvask\/\"]}]},{\"@type\":\"ImageObject\",\"inLanguage\":\"nb-NO\",\"@id\":\"https:\/\/www.electroluxprofessional.com\/no\/herodry-torkeenhet-for-oppvask\/#primaryimage\",\"url\":\"https:\/\/www.electroluxprofessional.com\/no\/wp-content\/uploads\/2024\/04\/HD-featured-image-966x712-1.jpg\",\"contentUrl\":\"https:\/\/www.electroluxprofessional.com\/no\/wp-content\/uploads\/2024\/04\/HD-featured-image-966x712-1.jpg\",\"width\":966,\"height\":712,\"caption\":\"HeroDry frist\u00e5ende tork f\u00f6r \u00e5tervinningsbara muggar och servis.\"},{\"@type\":\"BreadcrumbList\",\"@id\":\"https:\/\/www.electroluxprofessional.com\/no\/herodry-torkeenhet-for-oppvask\/#breadcrumb\",\"itemListElement\":[{\"@type\":\"ListItem\",\"position\":1,\"name\":\"Home\",\"item\":\"https:\/\/www.electroluxprofessional.com\/no\/\"},{\"@type\":\"ListItem\",\"position\":2,\"name\":\"HeroDry t\u00f8rkeenhet for oppvask\"}]},{\"@type\":\"WebSite\",\"@id\":\"https:\/\/www.electroluxprofessional.com\/no\/#website\",\"url\":\"https:\/\/www.electroluxprofessional.com\/no\/\",\"name\":\"Electrolux Professional Norge\",\"description\":\"\",\"potentialAction\":[{\"@type\":\"SearchAction\",\"target\":{\"@type\":\"EntryPoint\",\"urlTemplate\":\"https:\/\/www.electroluxprofessional.com\/no\/?src={search_term_string}\"},\"query-input\":\"required name=search_term_string\"}],\"inLanguage\":\"nb-NO\"}]}<\/script>\n<!-- \/ Yoast SEO plugin. -->","yoast_head_json":{"title":"HeroDry \u2013 Electrolux Professional Norge","description":"HeroDry, den frittst\u00e5ende t\u00f8rkeenheten til gjenbrukbare mat- og drikkeforpakninger er en v\u00e5re b\u00e6rekraftige l\u00f8sninger","robots":{"index":"index","follow":"follow","max-snippet":"max-snippet:-1","max-image-preview":"max-image-preview:large","max-video-preview":"max-video-preview:-1"},"canonical":"https:\/\/www.electroluxprofessional.com\/no\/herodry-torkeenhet-for-oppvask\/","og_locale":"nb_NO","og_type":"article","og_title":"HeroDry \u2013 Electrolux Professional Norge","og_description":"HeroDry, den frittst\u00e5ende t\u00f8rkeenheten til gjenbrukbare mat- og drikkeforpakninger er en v\u00e5re b\u00e6rekraftige l\u00f8sninger","og_url":"https:\/\/www.electroluxprofessional.com\/no\/herodry-torkeenhet-for-oppvask\/","og_site_name":"Electrolux Professional Norge","article_modified_time":"2025-11-05T13:42:48+00:00","og_image":[{"width":966,"height":712,"url":"https:\/\/www.electroluxprofessional.com\/no\/wp-content\/uploads\/2024\/04\/HD-featured-image-966x712-1.jpg","type":"image\/jpeg"}],"twitter_card":"summary_large_image","twitter_misc":{"Ansl. lesetid":"3 minutter"},"schema":{"@context":"https:\/\/schema.org","@graph":[{"@type":"WebPage","@id":"https:\/\/www.electroluxprofessional.com\/no\/herodry-torkeenhet-for-oppvask\/","url":"https:\/\/www.electroluxprofessional.com\/no\/herodry-torkeenhet-for-oppvask\/","name":"HeroDry \u2013 Electrolux Professional Norge","isPartOf":{"@id":"https:\/\/www.electroluxprofessional.com\/no\/#website"},"primaryImageOfPage":{"@id":"https:\/\/www.electroluxprofessional.com\/no\/herodry-torkeenhet-for-oppvask\/#primaryimage"},"image":{"@id":"https:\/\/www.electroluxprofessional.com\/no\/herodry-torkeenhet-for-oppvask\/#primaryimage"},"thumbnailUrl":"https:\/\/www.electroluxprofessional.com\/no\/wp-content\/uploads\/2024\/04\/HD-featured-image-966x712-1.jpg","datePublished":"2024-04-08T06:11:01+00:00","dateModified":"2025-11-05T13:42:48+00:00","description":"HeroDry, den frittst\u00e5ende t\u00f8rkeenheten til gjenbrukbare mat- og drikkeforpakninger er en v\u00e5re b\u00e6rekraftige l\u00f8sninger","breadcrumb":{"@id":"https:\/\/www.electroluxprofessional.com\/no\/herodry-torkeenhet-for-oppvask\/#breadcrumb"},"inLanguage":"nb-NO","potentialAction":[{"@type":"ReadAction","target":["https:\/\/www.electroluxprofessional.com\/no\/herodry-torkeenhet-for-oppvask\/"]}]},{"@type":"ImageObject","inLanguage":"nb-NO","@id":"https:\/\/www.electroluxprofessional.com\/no\/herodry-torkeenhet-for-oppvask\/#primaryimage","url":"https:\/\/www.electroluxprofessional.com\/no\/wp-content\/uploads\/2024\/04\/HD-featured-image-966x712-1.jpg","contentUrl":"https:\/\/www.electroluxprofessional.com\/no\/wp-content\/uploads\/2024\/04\/HD-featured-image-966x712-1.jpg","width":966,"height":712,"caption":"HeroDry frist\u00e5ende tork f\u00f6r \u00e5tervinningsbara muggar och servis."},{"@type":"BreadcrumbList","@id":"https:\/\/www.electroluxprofessional.com\/no\/herodry-torkeenhet-for-oppvask\/#breadcrumb","itemListElement":[{"@type":"ListItem","position":1,"name":"Home","item":"https:\/\/www.electroluxprofessional.com\/no\/"},{"@type":"ListItem","position":2,"name":"HeroDry t\u00f8rkeenhet for oppvask"}]},{"@type":"WebSite","@id":"https:\/\/www.electroluxprofessional.com\/no\/#website","url":"https:\/\/www.electroluxprofessional.com\/no\/","name":"Electrolux Professional Norge","description":"","potentialAction":[{"@type":"SearchAction","target":{"@type":"EntryPoint","urlTemplate":"https:\/\/www.electroluxprofessional.com\/no\/?src={search_term_string}"},"query-input":"required name=search_term_string"}],"inLanguage":"nb-NO"}]}},"_links":{"self":[{"href":"https:\/\/www.electroluxprofessional.com\/no\/wp-json\/wp\/v2\/pages\/12805"}],"collection":[{"href":"https:\/\/www.electroluxprofessional.com\/no\/wp-json\/wp\/v2\/pages"}],"about":[{"href":"https:\/\/www.electroluxprofessional.com\/no\/wp-json\/wp\/v2\/types\/page"}],"author":[{"embeddable":true,"href":"https:\/\/www.electroluxprofessional.com\/no\/wp-json\/wp\/v2\/users\/3"}],"replies":[{"embeddable":true,"href":"https:\/\/www.electroluxprofessional.com\/no\/wp-json\/wp\/v2\/comments?post=12805"}],"version-history":[{"count":16,"href":"https:\/\/www.electroluxprofessional.com\/no\/wp-json\/wp\/v2\/pages\/12805\/revisions"}],"predecessor-version":[{"id":14837,"href":"https:\/\/www.electroluxprofessional.com\/no\/wp-json\/wp\/v2\/pages\/12805\/revisions\/14837"}],"wp:featuredmedia":[{"embeddable":true,"href":"https:\/\/www.electroluxprofessional.com\/no\/wp-json\/wp\/v2\/media\/12786"}],"wp:attachment":[{"href":"https:\/\/www.electroluxprofessional.com\/no\/wp-json\/wp\/v2\/media?parent=12805"}],"curies":[{"name":"wp","href":"https:\/\/api.w.org\/{rel}","templated":true}]}}