{"id":12710,"date":"2024-03-22T06:59:03","date_gmt":"2024-03-22T06:59:03","guid":{"rendered":"https:\/\/www.electroluxprofessional.com\/no\/?page_id=12710"},"modified":"2024-03-22T07:36:16","modified_gmt":"2024-03-22T07:36:16","slug":"wascator","status":"publish","type":"page","link":"https:\/\/www.electroluxprofessional.com\/no\/wascator\/","title":{"rendered":"Wascator &#8211; n\u00e5 heter vi Electrolux Professional"},"content":{"rendered":"<p>[vc_row full_width=&#8221;electroluxpro-full-width-no-padding&#8221;][vc_column][elx_hero_slider label_text_color=&#8221;inherit&#8221; images=&#8221;12701&#8243;][elx_heading font_container=&#8221;h1&#8243; font_size=&#8221;h2&#8243; text_color=&#8221;inherit&#8221;]<\/p>\n<h1>Leter du etter en vaskemaskin som heter Wascator?<\/h1>\n<p>Da har du kommet rett![\/elx_heading][\/elx_hero_slider][\/vc_column][\/vc_row][vc_row][vc_column css=&#8221;.vc_custom_1464253016404{padding-top: 30px !important;}&#8221;][\/vc_column][\/vc_row][vc_row equal_height=&#8221;yes&#8221;][vc_column width=&#8221;2\/3&#8243;][vc_column_text css=&#8221;.vc_custom_1711091535171{margin-bottom: 0px !important;border-bottom-width: 0px !important;padding-bottom: 0px !important;}&#8221;]<\/p>\n<h2>Wascator er n\u00e5 blitt Electrolux Professional<\/h2>\n<p>Wascator er et velkjent varemerke med en stolt historie. I dag eies varemerket av Electrolux Professional som fortsatt produserer sine profesjonelle vaskemaskiner i Wascators fabrikk i Sm\u00e5land, n\u00e6rmere bestemt i Ljungby. Maskinene kjennetegnes, da som n\u00e5, av <strong>h\u00f8y kvalitet, lang levetid og robust konstruksjon<\/strong>. Men idag har de betydelig lavere driftskostnader og merket med en ennen logo i front.<\/p>\n<p><strong>Mange kjenner til varemerket Wascator<\/strong> som fra 1970 produserte vaskeriprodukter til profesjonelt bruk under eget navn. Disse produktene har siden dengang hatt et meget godt rykte, ikke minst for den beviste levetid og h\u00f8ye kvalitet. Faktum er at det fortsatt st\u00e5r vaskemaskiner med Wascator logo i vaskerier rundt om i landet. Du kjenner kanskje igjen det klassiske modellnavnet, Electrolux-Wascator W365H (<a href=\"https:\/\/www.electroluxprofessional.com\/no\/vaskeri\/frontmatede-vaskemaskiner\/\">som i dag tilsvarer Electrolux Professional Line 6000 WH6-8).<\/a>[\/vc_column_text][vc_empty_space height=&#8221;64px&#8221;][vc_row_inner][vc_column_inner][vc_empty_space][\/vc_column_inner][\/vc_row_inner][\/vc_column][vc_column width=&#8221;1\/3&#8243;][vc_empty_space height=&#8221;64px&#8221;][vc_empty_space height=&#8221;64px&#8221;][vc_column_text]<\/p>\n<h2>Wascator vaskemaskiner<\/h2>\n<p>anno 1948, 1965 og 1971[\/vc_column_text][vc_single_image image=&#8221;12702&#8243; img_size=&#8221;medium&#8221;][vc_empty_space height=&#8221;64px&#8221;][vc_column_text][\/vc_column_text][\/vc_column][\/vc_row][vc_row equal_height=&#8221;yes&#8221;][vc_column width=&#8221;1\/3&#8243;][vc_empty_space height=&#8221;64px&#8221;][vc_single_image image=&#8221;12703&#8243; img_size=&#8221;medium&#8221;][vc_column_text][\/vc_column_text][\/vc_column][vc_column width=&#8221;2\/3&#8243;][vc_empty_space][vc_column_text css=&#8221;.vc_custom_1711091949164{margin-bottom: 0px !important;border-bottom-width: 0px !important;padding-bottom: 0px !important;}&#8221;]<\/p>\n<h3>V\u00e5re profesjonelle vaskemaskiner produseres fortsatt i Wascators fabrikk i Ljungby<\/h3>\n<p>Produktene har stadig blitt utviklet og <strong>idag er Electrolux Professional en av verdens ledende p\u00e5 vaskeriutstyr for profesjonelt bruk,<\/strong> ikke minst n\u00e5r det kommer til livssykluskostnader. De som idag har en eldre Wascator- eller Electroluxmaskin sparer store bel\u00f8p p\u00e5 de \u00e5rlige driftsutgiftene gjennom \u00e5 bytte opp til en mer moderne utviklet maskin.[\/vc_column_text][vc_empty_space height=&#8221;64px&#8221;][\/vc_column][\/vc_row][vc_row equal_height=&#8221;yes&#8221;][vc_column][vc_row_inner][vc_column_inner][vc_empty_space][\/vc_column_inner][\/vc_row_inner][vc_empty_space height=&#8221;64px&#8221;][vc_column_text][\/vc_column_text][vc_column_text css=&#8221;.vc_custom_1711092137701{margin-bottom: 0px !important;border-bottom-width: 0px !important;padding-bottom: 0px !important;}&#8221;]<\/p>\n<h3>Har dere en Wascator vaskemaskin idag og \u00f8nsker en oppgradering?<\/h3>\n<p>Kontakta oss gjerne ved \u00e5 fylle ut Kontakt oss-skjema eller ring oss p\u00e5 telefon 22 50 33 33 for en vaskeriprat med en av v\u00e5re distriktssjefer. Vi kommer ogs\u00e5 gjerne p\u00e5 befaring for \u00e5 hjelpe til med \u00e5 finne ut av hvilke modeller som kan egne seg for akkurat deres behov. Vi tilbyr ogs\u00e5 leasing. <span style=\"color: #ffffff;\">Vi\u00a0<\/span>[\/vc_column_text][vc_empty_space height=&#8221;64px&#8221;][vc_empty_space height=&#8221;64px&#8221;][\/vc_column][\/vc_row][vc_row][vc_column][vc_empty_space][\/vc_column][\/vc_row][vc_row][vc_column][vc_row_inner css=&#8221;.vc_custom_1599574782398{background-color: #efefef !important;}&#8221;][vc_column_inner width=&#8221;1\/2&#8243;][vc_empty_space][vc_column_text]<\/p>\n<h2><strong>Les mer om<\/strong><\/h2>\n<p>[\/vc_column_text][elx_button button_text=&#8221;Les mer om v\u00e5re frontmatede vaskemaskiner&#8221; button_style=&#8221;icon&#8221; button_link=&#8221;url:https%3A%2F%2Fwww.electroluxprofessional.com%2Fno%2Fvaskeri%2Ffrontmatede-vaskemaskiner%2F|title:Les%20mer%20om%20v%C3%A5re%20frontmatede%20vaskemaskiner&#8221;][elx_button button_text=&#8221;Les mer om betalingsl\u00f8sninger&#8221; button_style=&#8221;icon&#8221; button_link=&#8221;url:https%3A%2F%2Fwww.electroluxprofessional.com%2Fno%2Fbetalingslosninger-til-fellesvaskeri-airwallet%2F|title:Betalingsl%C3%B8sninger%20&#8243;][elx_button button_text=&#8221;Les mer om s\u00e5pedosering m.m.&#8221; button_style=&#8221;icon&#8221; button_link=&#8221;url:https%3A%2F%2Fwww.electroluxprofessional.com%2Fno%2Ftilleggsutstyr-og-forbruksartikler%2Fdoseringssystem-ekstrautstyr-vaskeri%2F|title:Les%20mer%20om%20automatisk%20s%C3%A5pedosering%20og%20hvorfor&#8221;][elx_button button_text=&#8221;Les mer om v\u00e5re t\u00f8rkeskap&#8221; button_style=&#8221;icon&#8221; button_link=&#8221;url:https%3A%2F%2Fwww.electroluxprofessional.com%2Fno%2Ftorkeskap%2F|title:T%C3%B8rkeskap&#8221;][elx_button button_text=&#8221;T\u00f8rketromler med varmepumpeteknologi&#8221; button_style=&#8221;icon&#8221; button_link=&#8221;url:https%3A%2F%2Fwww.electroluxprofessional.com%2Fno%2Fvarmepumpe-torketromler%2F|title:T%C3%B8rketromler%20med%20varmepumpe&#8221;][vc_empty_space][\/vc_column_inner][vc_column_inner width=&#8221;1\/2&#8243;][\/vc_column_inner][\/vc_row_inner][\/vc_column][vc_column][elx_heading text_color=&#8221;inherit&#8221; text_align=&#8221;text-justify&#8221;]<strong>Vi hjelper deg gjerne med oppgradering av din Wascator vaskemaskin?<\/strong>[\/elx_heading][elx_o2000_contact_us s=&#8221;Kontakt meg gjerne ved valg av ny vaskeril\u00f8sning&#8221; campaign=&#8221;701SX000004kY4TYAU&#8221; text_send_button=&#8221;\u00d8nske om mer informasjon om oppgradering fra Wascator&#8221; country=&#8221;Norway&#8221; b=&#8221;laundry&#8221; r=&#8221;Jeg \u00f8nsker mer informasjon om oppgradering av min Wascator maskin.&#8221; l=&#8221;se&#8221;][\/vc_column][\/vc_row]<\/p>\n","protected":false},"excerpt":{"rendered":"<p>[vc_row full_width=&#8221;electroluxpro-full-width-no-padding&#8221;][vc_column][elx_hero_slider label_text_color=&#8221;inherit&#8221; images=&#8221;12701&#8243;][elx_heading font_container=&#8221;h1&#8243; font_size=&#8221;h2&#8243; text_color=&#8221;inherit&#8221;] Leter du etter en vaskemaskin som heter Wascator? Da har du kommet rett![\/elx_heading][\/elx_hero_slider][\/vc_column][\/vc_row][vc_row][vc_column css=&#8221;.vc_custom_1464253016404{padding-top: 30px !important;}&#8221;][\/vc_column][\/vc_row][vc_row equal_height=&#8221;yes&#8221;][vc_column width=&#8221;2\/3&#8243;][vc_column_text css=&#8221;.vc_custom_1711091535171{margin-bottom: 0px !important;border-bottom-width: 0px !important;padding-bottom: 0px !important;}&#8221;] Wascator er n\u00e5 blitt Electrolux Professional Wascator er et velkjent varemerke med en stolt historie. I dag eies varemerket av Electrolux Professional som [&hellip;]<\/p>\n","protected":false},"author":3,"featured_media":0,"parent":0,"menu_order":0,"comment_status":"closed","ping_status":"closed","template":"","meta":{"footnotes":""},"class_list":["post-12710","page","type-page","status-publish","hentry"],"acf":[],"yoast_head":"<!-- This site is optimized with the Yoast SEO plugin v23.3 - https:\/\/yoast.com\/wordpress\/plugins\/seo\/ -->\n<title>Wascator heter n\u00e5 Electrolux Professional<\/title>\n<meta name=\"description\" content=\"Wascator er n\u00e5 blitt Electrolux Professional et velkjent varemerke med en stolt historie. I dag eies varemerket av Electrolux Professional\" \/>\n<meta name=\"robots\" content=\"index, follow, max-snippet:-1, max-image-preview:large, max-video-preview:-1\" \/>\n<link rel=\"canonical\" href=\"https:\/\/www.electroluxprofessional.com\/no\/wascator\/\" \/>\n<meta property=\"og:locale\" content=\"nb_NO\" \/>\n<meta property=\"og:type\" content=\"article\" \/>\n<meta property=\"og:title\" content=\"Wascator heter n\u00e5 Electrolux Professional\" \/>\n<meta property=\"og:description\" content=\"Wascator er n\u00e5 blitt Electrolux Professional et velkjent varemerke med en stolt historie. I dag eies varemerket av Electrolux Professional\" \/>\n<meta property=\"og:url\" content=\"https:\/\/www.electroluxprofessional.com\/no\/wascator\/\" \/>\n<meta property=\"og:site_name\" content=\"Electrolux Professional Norge\" \/>\n<meta property=\"article:modified_time\" content=\"2024-03-22T07:36:16+00:00\" \/>\n<meta name=\"twitter:card\" content=\"summary_large_image\" \/>\n<meta name=\"twitter:label1\" content=\"Ansl. lesetid\" \/>\n\t<meta name=\"twitter:data1\" content=\"4 minutter\" \/>\n<script type=\"application\/ld+json\" class=\"yoast-schema-graph\">{\"@context\":\"https:\/\/schema.org\",\"@graph\":[{\"@type\":\"WebPage\",\"@id\":\"https:\/\/www.electroluxprofessional.com\/no\/wascator\/\",\"url\":\"https:\/\/www.electroluxprofessional.com\/no\/wascator\/\",\"name\":\"Wascator heter n\u00e5 Electrolux Professional\",\"isPartOf\":{\"@id\":\"https:\/\/www.electroluxprofessional.com\/no\/#website\"},\"datePublished\":\"2024-03-22T06:59:03+00:00\",\"dateModified\":\"2024-03-22T07:36:16+00:00\",\"description\":\"Wascator er n\u00e5 blitt Electrolux Professional et velkjent varemerke med en stolt historie. I dag eies varemerket av Electrolux Professional\",\"breadcrumb\":{\"@id\":\"https:\/\/www.electroluxprofessional.com\/no\/wascator\/#breadcrumb\"},\"inLanguage\":\"nb-NO\",\"potentialAction\":[{\"@type\":\"ReadAction\",\"target\":[\"https:\/\/www.electroluxprofessional.com\/no\/wascator\/\"]}]},{\"@type\":\"BreadcrumbList\",\"@id\":\"https:\/\/www.electroluxprofessional.com\/no\/wascator\/#breadcrumb\",\"itemListElement\":[{\"@type\":\"ListItem\",\"position\":1,\"name\":\"Home\",\"item\":\"https:\/\/www.electroluxprofessional.com\/no\/\"},{\"@type\":\"ListItem\",\"position\":2,\"name\":\"Wascator &#8211; n\u00e5 heter vi Electrolux Professional\"}]},{\"@type\":\"WebSite\",\"@id\":\"https:\/\/www.electroluxprofessional.com\/no\/#website\",\"url\":\"https:\/\/www.electroluxprofessional.com\/no\/\",\"name\":\"Electrolux Professional Norge\",\"description\":\"\",\"potentialAction\":[{\"@type\":\"SearchAction\",\"target\":{\"@type\":\"EntryPoint\",\"urlTemplate\":\"https:\/\/www.electroluxprofessional.com\/no\/?src={search_term_string}\"},\"query-input\":\"required name=search_term_string\"}],\"inLanguage\":\"nb-NO\"}]}<\/script>\n<!-- \/ Yoast SEO plugin. -->","yoast_head_json":{"title":"Wascator heter n\u00e5 Electrolux Professional","description":"Wascator er n\u00e5 blitt Electrolux Professional et velkjent varemerke med en stolt historie. I dag eies varemerket av Electrolux Professional","robots":{"index":"index","follow":"follow","max-snippet":"max-snippet:-1","max-image-preview":"max-image-preview:large","max-video-preview":"max-video-preview:-1"},"canonical":"https:\/\/www.electroluxprofessional.com\/no\/wascator\/","og_locale":"nb_NO","og_type":"article","og_title":"Wascator heter n\u00e5 Electrolux Professional","og_description":"Wascator er n\u00e5 blitt Electrolux Professional et velkjent varemerke med en stolt historie. I dag eies varemerket av Electrolux Professional","og_url":"https:\/\/www.electroluxprofessional.com\/no\/wascator\/","og_site_name":"Electrolux Professional Norge","article_modified_time":"2024-03-22T07:36:16+00:00","twitter_card":"summary_large_image","twitter_misc":{"Ansl. lesetid":"4 minutter"},"schema":{"@context":"https:\/\/schema.org","@graph":[{"@type":"WebPage","@id":"https:\/\/www.electroluxprofessional.com\/no\/wascator\/","url":"https:\/\/www.electroluxprofessional.com\/no\/wascator\/","name":"Wascator heter n\u00e5 Electrolux Professional","isPartOf":{"@id":"https:\/\/www.electroluxprofessional.com\/no\/#website"},"datePublished":"2024-03-22T06:59:03+00:00","dateModified":"2024-03-22T07:36:16+00:00","description":"Wascator er n\u00e5 blitt Electrolux Professional et velkjent varemerke med en stolt historie. I dag eies varemerket av Electrolux Professional","breadcrumb":{"@id":"https:\/\/www.electroluxprofessional.com\/no\/wascator\/#breadcrumb"},"inLanguage":"nb-NO","potentialAction":[{"@type":"ReadAction","target":["https:\/\/www.electroluxprofessional.com\/no\/wascator\/"]}]},{"@type":"BreadcrumbList","@id":"https:\/\/www.electroluxprofessional.com\/no\/wascator\/#breadcrumb","itemListElement":[{"@type":"ListItem","position":1,"name":"Home","item":"https:\/\/www.electroluxprofessional.com\/no\/"},{"@type":"ListItem","position":2,"name":"Wascator &#8211; n\u00e5 heter vi Electrolux Professional"}]},{"@type":"WebSite","@id":"https:\/\/www.electroluxprofessional.com\/no\/#website","url":"https:\/\/www.electroluxprofessional.com\/no\/","name":"Electrolux Professional Norge","description":"","potentialAction":[{"@type":"SearchAction","target":{"@type":"EntryPoint","urlTemplate":"https:\/\/www.electroluxprofessional.com\/no\/?src={search_term_string}"},"query-input":"required name=search_term_string"}],"inLanguage":"nb-NO"}]}},"_links":{"self":[{"href":"https:\/\/www.electroluxprofessional.com\/no\/wp-json\/wp\/v2\/pages\/12710"}],"collection":[{"href":"https:\/\/www.electroluxprofessional.com\/no\/wp-json\/wp\/v2\/pages"}],"about":[{"href":"https:\/\/www.electroluxprofessional.com\/no\/wp-json\/wp\/v2\/types\/page"}],"author":[{"embeddable":true,"href":"https:\/\/www.electroluxprofessional.com\/no\/wp-json\/wp\/v2\/users\/3"}],"replies":[{"embeddable":true,"href":"https:\/\/www.electroluxprofessional.com\/no\/wp-json\/wp\/v2\/comments?post=12710"}],"version-history":[{"count":7,"href":"https:\/\/www.electroluxprofessional.com\/no\/wp-json\/wp\/v2\/pages\/12710\/revisions"}],"predecessor-version":[{"id":12741,"href":"https:\/\/www.electroluxprofessional.com\/no\/wp-json\/wp\/v2\/pages\/12710\/revisions\/12741"}],"wp:attachment":[{"href":"https:\/\/www.electroluxprofessional.com\/no\/wp-json\/wp\/v2\/media?parent=12710"}],"curies":[{"name":"wp","href":"https:\/\/api.w.org\/{rel}","templated":true}]}}