{"id":1244,"date":"2017-01-23T15:51:15","date_gmt":"2017-01-23T15:51:15","guid":{"rendered":"https:\/\/www.electroluxprofessional.com\/no\/?page_id=1244"},"modified":"2025-11-05T13:48:28","modified_gmt":"2025-11-05T13:48:28","slug":"finishing-equipment","status":"publish","type":"page","link":"https:\/\/www.electroluxprofessional.com\/no\/finishing-equipment\/","title":{"rendered":"Finisheringsutstyr"},"content":{"rendered":"<p>[vc_row full_width=&#8221;electroluxpro-full-width-no-padding&#8221;][vc_column][elx_hero_slider label_text_color=&#8221;inherit&#8221; images=&#8221;798&#8243;][elx_heading font_container=&#8221;h1&#8243; font_size=&#8221;h2&#8243; text_color=&#8221;inherit&#8221;]Finishingutstyr[\/elx_heading][vc_column_text]<\/p>\n<h3>Finisheringsutstyr som hever<br \/>\nniv\u00e5et p\u00e5 din business<\/h3>\n<p>[\/vc_column_text][\/elx_hero_slider][\/vc_column][\/vc_row][vc_row][vc_column][vc_empty_space][\/vc_column][\/vc_row][vc_row][vc_column width=&#8221;1\/2&#8243;][vc_column_text]Med Electrolux Professionals finisheringsutstyr kan du velge<strong> mellom en rekke produkter som er enkle i bruk, fra h\u00f8y-automatiske presser til enkle el-oppvarmede strykebrett<\/strong><\/p>\n<p>for mindre skala og for stor-produksjon basert p\u00e5 dine \u00f8nsker og behov<\/p>\n<p>I tillegg til \u00e5 \u00f8ke produktiviteten, sikrer det et topp resultat, plagg etter plagg.<\/p>\n<p><strong>Pene skjorter? \u2013 f\u00e5 de perfekte med den rette finisheringsl\u00f8sningen<\/strong><\/p>\n<p>V\u00e5r l\u00f8sning kan v\u00e6re f\u00f8lgende utstyr; strykebord, skjortefinisher, krage- og mansjettpresse.[\/vc_column_text][vc_column_text]<\/p>\n<p><strong>Skrukkete bukser, med rynker og manglende press<\/strong><\/p>\n<p>Electrolux Professionals system for buksepresser er designet<br \/>\nfor maksimal sikkerhet for operat\u00f8ren. Utstyret er ogs\u00e5 enkelt i bruk, noe som gj\u00f8r at operat\u00f8ren kan klargj\u00f8re flere plagg.<\/p>\n<p><strong>Jakker og frakker<\/strong><\/p>\n<p>Electrolux Professionals multi-finisher er s\u00e5 effektiv at en operat\u00f8r kan klargj\u00f8re opp til 40 jakker per time. En brukervennlig programkontroll lagrer opptil ni program og kontrollerer alle funksjoner.<\/p>\n<p>[\/vc_column_text][\/vc_column][vc_column width=&#8221;1\/2&#8243;][vc_single_image image=&#8221;891&#8243; img_size=&#8221;large&#8221;][\/vc_column][\/vc_row][vc_row][vc_column][\/vc_column][\/vc_row][vc_row][vc_column][elx_heading font_size=&#8221;h3&#8243; text_color=&#8221;inherit&#8221;]Kontakt oss for mer informasjon om hva Electrolux Professional kan gj\u00f8re for din business[\/elx_heading][elx_o2000_contact_us country=&#8221;Norway&#8221; b=&#8221;laundry&#8221; container=&#8221;elxcontactus1478705376&#8243; r=&#8221;Jeg \u00f8nsker \u00e5 vite mer om finisheringsutstyr, vennligst kontakt meg&#8221; l=&#8221;no&#8221; e=&#8221;els.info@electrolux.no&#8221;][\/vc_column][\/vc_row][vc_row][vc_column width=&#8221;1\/3&#8243;]<div class=\"product-list-item\"><div class=\"single-product-content\"><a href=\"https:\/\/www.electroluxprofessional.com\/no\/pd\/finishingutstyr\/finisher\/form-finisher\/FF3\/\" target=\"_blank\"><figure class=\"wow fadeIn\"><img decoding=\"async\" src=\"https:\/\/tools.electroluxprofessional.com\/Mirror\/Doc\/ELS%2FPH_255x255%2FFF3.jpg\" alt=\"FF3\"><\/figure><h3>FF3<\/h3><\/a><div class=\"product-description\">Damp finisher for jakker, frakker og kjoler. 1 Hk vifte. Innebygget dampkjele<\/div><\/div><hr><div class=\"pre-actions\"><div class=\"reviews\"><\/div><\/div><div class=\"action\"><a href=\"https:\/\/www.electroluxprofessional.com\/no\/pd\/finishingutstyr\/finisher\/form-finisher\/FF3\/\" target=\"_blank\" class=\"btn btn-primary\">More Info<\/a><\/div><\/div>[\/vc_column][vc_column width=&#8221;1\/3&#8243;]<div class=\"product-list-item\"><div class=\"single-product-content\"><a href=\"https:\/\/www.electroluxprofessional.com\/no\/pd\/finishingutstyr\/presser\/vaskeripresser\/luftopererte-presser\/FPA4-WC\/\" target=\"_blank\"><figure class=\"wow fadeIn\"><img decoding=\"async\" src=\"https:\/\/tools.electroluxprofessional.com\/Mirror\/Doc\/ELS%2FPH_255x255%2FFPA4-WC.jpg\" alt=\"FPA4-WC\"><\/figure><h3>FPA4-WC<\/h3><\/a><div class=\"product-description\">Rektangul\u00e6rt formet v\u00e5tpresse, luftoperert, dampoppvarmet<\/div><\/div><hr><div class=\"pre-actions\"><div class=\"reviews\"><\/div><\/div><div class=\"action\"><a href=\"https:\/\/www.electroluxprofessional.com\/no\/pd\/finishingutstyr\/presser\/vaskeripresser\/luftopererte-presser\/FPA4-WC\/\" target=\"_blank\" class=\"btn btn-primary\">More Info<\/a><\/div><\/div>[\/vc_column][vc_column width=&#8221;1\/3&#8243;]<div class=\"product-list-item\"><div class=\"single-product-content\"><a href=\"https:\/\/www.electroluxprofessional.com\/no\/pd\/finishingutstyr\/presser\/dry-work-presser\/luftopererte-presser\/FPA2-D\/\" target=\"_blank\"><figure class=\"wow fadeIn\"><img decoding=\"async\" src=\"https:\/\/tools.electroluxprofessional.com\/Mirror\/Doc\/ELS%2FPH_255x255%2FPHO_FPA2-D.jpg\" alt=\"FPA2-D\"><\/figure><h3>FPA2-D<\/h3><\/a><div class=\"product-description\">Universal\/leggformet, t\u00f8rrpresse, luft operert<\/div><\/div><hr><div class=\"pre-actions\"><div class=\"reviews\"><\/div><\/div><div class=\"action\"><a href=\"https:\/\/www.electroluxprofessional.com\/no\/pd\/finishingutstyr\/presser\/dry-work-presser\/luftopererte-presser\/FPA2-D\/\" target=\"_blank\" class=\"btn btn-primary\">More Info<\/a><\/div><\/div>[\/vc_column][\/vc_row][vc_row][vc_column width=&#8221;1\/3&#8243;]<div class=\"product-list-item\"><div class=\"single-product-content\"><a href=\"https:\/\/www.electroluxprofessional.com\/no\/pd\/finishingutstyr\/finisheringskabinett\/finisheringskabinett\/FC48\/\" target=\"_blank\"><figure class=\"wow fadeIn\"><img decoding=\"async\" src=\"https:\/\/tools.electroluxprofessional.com\/Mirror\/Doc\/ELS%2FPH_255x255%2FFC48.jpg\" alt=\"FC48\"><\/figure><h3>FC48<\/h3><\/a><div class=\"product-description\">Finisheringskabinett, total tid for fullt skap 6 min<\/div><\/div><hr><div class=\"pre-actions\"><div class=\"reviews\"><\/div><\/div><div class=\"action\"><a href=\"https:\/\/www.electroluxprofessional.com\/no\/pd\/finishingutstyr\/finisheringskabinett\/finisheringskabinett\/FC48\/\" target=\"_blank\" class=\"btn btn-primary\">More Info<\/a><\/div><\/div>[\/vc_column][vc_column width=&#8221;1\/3&#8243;]<div class=\"product-list-item\"><div class=\"single-product-content\"><a href=\"https:\/\/www.electroluxprofessional.com\/no\/pd\/finishingutstyr\/buksebehandler\/buksetopper\/FTT1\/\" target=\"_blank\"><figure class=\"wow fadeIn\"><img decoding=\"async\" src=\"https:\/\/tools.electroluxprofessional.com\/Mirror\/Doc\/ELS%2FPH_255x255%2FFTT1.jpg\" alt=\"FTT1\"><\/figure><h3>FTT1<\/h3><\/a><div class=\"product-description\">Buksetopper med side-by-side midjestrammer<\/div><\/div><hr><div class=\"pre-actions\"><div class=\"reviews\"><\/div><\/div><div class=\"action\"><a href=\"https:\/\/www.electroluxprofessional.com\/no\/pd\/finishingutstyr\/buksebehandler\/buksetopper\/FTT1\/\" target=\"_blank\" class=\"btn btn-primary\">More Info<\/a><\/div><\/div>[\/vc_column][vc_column width=&#8221;1\/3&#8243;]<div class=\"product-list-item\"><div class=\"single-product-content\"><a href=\"https:\/\/www.electroluxprofessional.com\/no\/pd\/finishingutstyr\/strykebord\/vakuum-strykebord\/FIT1\/\" target=\"_blank\"><figure class=\"wow fadeIn\"><img decoding=\"async\" src=\"https:\/\/tools.electroluxprofessional.com\/Mirror\/Doc\/ELS%2FPH_255x255%2FFIT1.jpg\" alt=\"FIT1\"><\/figure><h3>FIT1<\/h3><\/a><div class=\"product-description\">Sammenleggbart strykebord med liten dampkjele og vakuum. 850x380x250 mm. Justerbar h\u00f8yde.<\/div><\/div><hr><div class=\"pre-actions\"><div class=\"reviews\"><\/div><\/div><div class=\"action\"><a href=\"https:\/\/www.electroluxprofessional.com\/no\/pd\/finishingutstyr\/strykebord\/vakuum-strykebord\/FIT1\/\" target=\"_blank\" class=\"btn btn-primary\">More Info<\/a><\/div><\/div>[\/vc_column][\/vc_row]<\/p>\n","protected":false},"excerpt":{"rendered":"<p>[vc_row full_width=&#8221;electroluxpro-full-width-no-padding&#8221;][vc_column][elx_hero_slider label_text_color=&#8221;inherit&#8221; images=&#8221;798&#8243;][elx_heading font_container=&#8221;h1&#8243; font_size=&#8221;h2&#8243; text_color=&#8221;inherit&#8221;]Finishingutstyr[\/elx_heading][vc_column_text] Finisheringsutstyr som hever niv\u00e5et p\u00e5 din business [\/vc_column_text][\/elx_hero_slider][\/vc_column][\/vc_row][vc_row][vc_column][vc_empty_space][\/vc_column][\/vc_row][vc_row][vc_column width=&#8221;1\/2&#8243;][vc_column_text]Med Electrolux Professionals finisheringsutstyr kan du velge mellom en rekke produkter som er enkle i bruk, fra h\u00f8y-automatiske presser til enkle el-oppvarmede strykebrett for mindre skala og for stor-produksjon basert p\u00e5 dine \u00f8nsker og behov I tillegg til \u00e5 \u00f8ke [&hellip;]<\/p>\n","protected":false},"author":3,"featured_media":0,"parent":0,"menu_order":0,"comment_status":"closed","ping_status":"closed","template":"","meta":{"footnotes":""},"class_list":["post-1244","page","type-page","status-publish","hentry"],"acf":[],"yoast_head":"<!-- This site is optimized with the Yoast SEO plugin v23.3 - https:\/\/yoast.com\/wordpress\/plugins\/seo\/ -->\n<title>Finisheringsutstyr - Electrolux Professional Norge<\/title>\n<meta name=\"robots\" content=\"index, follow, max-snippet:-1, max-image-preview:large, max-video-preview:-1\" \/>\n<link rel=\"canonical\" href=\"https:\/\/www.electroluxprofessional.com\/no\/finishing-equipment\/\" \/>\n<meta property=\"og:locale\" content=\"nb_NO\" \/>\n<meta property=\"og:type\" content=\"article\" \/>\n<meta property=\"og:title\" content=\"Finisheringsutstyr - Electrolux Professional Norge\" \/>\n<meta property=\"og:description\" content=\"[vc_row full_width=&#8221;electroluxpro-full-width-no-padding&#8221;][vc_column][elx_hero_slider label_text_color=&#8221;inherit&#8221; images=&#8221;798&#8243;][elx_heading font_container=&#8221;h1&#8243; font_size=&#8221;h2&#8243; text_color=&#8221;inherit&#8221;]Finishingutstyr[\/elx_heading][vc_column_text] Finisheringsutstyr som hever niv\u00e5et p\u00e5 din business [\/vc_column_text][\/elx_hero_slider][\/vc_column][\/vc_row][vc_row][vc_column][vc_empty_space][\/vc_column][\/vc_row][vc_row][vc_column width=&#8221;1\/2&#8243;][vc_column_text]Med Electrolux Professionals finisheringsutstyr kan du velge mellom en rekke produkter som er enkle i bruk, fra h\u00f8y-automatiske presser til enkle el-oppvarmede strykebrett for mindre skala og for stor-produksjon basert p\u00e5 dine \u00f8nsker og behov I tillegg til \u00e5 \u00f8ke [&hellip;]\" \/>\n<meta property=\"og:url\" content=\"https:\/\/www.electroluxprofessional.com\/no\/finishing-equipment\/\" \/>\n<meta property=\"og:site_name\" content=\"Electrolux Professional Norge\" \/>\n<meta property=\"article:modified_time\" content=\"2025-11-05T13:48:28+00:00\" \/>\n<meta name=\"twitter:card\" content=\"summary_large_image\" \/>\n<meta name=\"twitter:label1\" content=\"Ansl. lesetid\" \/>\n\t<meta name=\"twitter:data1\" content=\"2 minutter\" \/>\n<script type=\"application\/ld+json\" class=\"yoast-schema-graph\">{\"@context\":\"https:\/\/schema.org\",\"@graph\":[{\"@type\":\"WebPage\",\"@id\":\"https:\/\/www.electroluxprofessional.com\/no\/finishing-equipment\/\",\"url\":\"https:\/\/www.electroluxprofessional.com\/no\/finishing-equipment\/\",\"name\":\"Finisheringsutstyr - Electrolux Professional Norge\",\"isPartOf\":{\"@id\":\"https:\/\/www.electroluxprofessional.com\/no\/#website\"},\"datePublished\":\"2017-01-23T15:51:15+00:00\",\"dateModified\":\"2025-11-05T13:48:28+00:00\",\"breadcrumb\":{\"@id\":\"https:\/\/www.electroluxprofessional.com\/no\/finishing-equipment\/#breadcrumb\"},\"inLanguage\":\"nb-NO\",\"potentialAction\":[{\"@type\":\"ReadAction\",\"target\":[\"https:\/\/www.electroluxprofessional.com\/no\/finishing-equipment\/\"]}]},{\"@type\":\"BreadcrumbList\",\"@id\":\"https:\/\/www.electroluxprofessional.com\/no\/finishing-equipment\/#breadcrumb\",\"itemListElement\":[{\"@type\":\"ListItem\",\"position\":1,\"name\":\"Home\",\"item\":\"https:\/\/www.electroluxprofessional.com\/no\/\"},{\"@type\":\"ListItem\",\"position\":2,\"name\":\"Finisheringsutstyr\"}]},{\"@type\":\"WebSite\",\"@id\":\"https:\/\/www.electroluxprofessional.com\/no\/#website\",\"url\":\"https:\/\/www.electroluxprofessional.com\/no\/\",\"name\":\"Electrolux Professional Norge\",\"description\":\"\",\"potentialAction\":[{\"@type\":\"SearchAction\",\"target\":{\"@type\":\"EntryPoint\",\"urlTemplate\":\"https:\/\/www.electroluxprofessional.com\/no\/?src={search_term_string}\"},\"query-input\":\"required name=search_term_string\"}],\"inLanguage\":\"nb-NO\"}]}<\/script>\n<!-- \/ Yoast SEO plugin. -->","yoast_head_json":{"title":"Finisheringsutstyr - Electrolux Professional Norge","robots":{"index":"index","follow":"follow","max-snippet":"max-snippet:-1","max-image-preview":"max-image-preview:large","max-video-preview":"max-video-preview:-1"},"canonical":"https:\/\/www.electroluxprofessional.com\/no\/finishing-equipment\/","og_locale":"nb_NO","og_type":"article","og_title":"Finisheringsutstyr - Electrolux Professional Norge","og_description":"[vc_row full_width=&#8221;electroluxpro-full-width-no-padding&#8221;][vc_column][elx_hero_slider label_text_color=&#8221;inherit&#8221; images=&#8221;798&#8243;][elx_heading font_container=&#8221;h1&#8243; font_size=&#8221;h2&#8243; text_color=&#8221;inherit&#8221;]Finishingutstyr[\/elx_heading][vc_column_text] Finisheringsutstyr som hever niv\u00e5et p\u00e5 din business [\/vc_column_text][\/elx_hero_slider][\/vc_column][\/vc_row][vc_row][vc_column][vc_empty_space][\/vc_column][\/vc_row][vc_row][vc_column width=&#8221;1\/2&#8243;][vc_column_text]Med Electrolux Professionals finisheringsutstyr kan du velge mellom en rekke produkter som er enkle i bruk, fra h\u00f8y-automatiske presser til enkle el-oppvarmede strykebrett for mindre skala og for stor-produksjon basert p\u00e5 dine \u00f8nsker og behov I tillegg til \u00e5 \u00f8ke [&hellip;]","og_url":"https:\/\/www.electroluxprofessional.com\/no\/finishing-equipment\/","og_site_name":"Electrolux Professional Norge","article_modified_time":"2025-11-05T13:48:28+00:00","twitter_card":"summary_large_image","twitter_misc":{"Ansl. lesetid":"2 minutter"},"schema":{"@context":"https:\/\/schema.org","@graph":[{"@type":"WebPage","@id":"https:\/\/www.electroluxprofessional.com\/no\/finishing-equipment\/","url":"https:\/\/www.electroluxprofessional.com\/no\/finishing-equipment\/","name":"Finisheringsutstyr - Electrolux Professional Norge","isPartOf":{"@id":"https:\/\/www.electroluxprofessional.com\/no\/#website"},"datePublished":"2017-01-23T15:51:15+00:00","dateModified":"2025-11-05T13:48:28+00:00","breadcrumb":{"@id":"https:\/\/www.electroluxprofessional.com\/no\/finishing-equipment\/#breadcrumb"},"inLanguage":"nb-NO","potentialAction":[{"@type":"ReadAction","target":["https:\/\/www.electroluxprofessional.com\/no\/finishing-equipment\/"]}]},{"@type":"BreadcrumbList","@id":"https:\/\/www.electroluxprofessional.com\/no\/finishing-equipment\/#breadcrumb","itemListElement":[{"@type":"ListItem","position":1,"name":"Home","item":"https:\/\/www.electroluxprofessional.com\/no\/"},{"@type":"ListItem","position":2,"name":"Finisheringsutstyr"}]},{"@type":"WebSite","@id":"https:\/\/www.electroluxprofessional.com\/no\/#website","url":"https:\/\/www.electroluxprofessional.com\/no\/","name":"Electrolux Professional Norge","description":"","potentialAction":[{"@type":"SearchAction","target":{"@type":"EntryPoint","urlTemplate":"https:\/\/www.electroluxprofessional.com\/no\/?src={search_term_string}"},"query-input":"required name=search_term_string"}],"inLanguage":"nb-NO"}]}},"_links":{"self":[{"href":"https:\/\/www.electroluxprofessional.com\/no\/wp-json\/wp\/v2\/pages\/1244"}],"collection":[{"href":"https:\/\/www.electroluxprofessional.com\/no\/wp-json\/wp\/v2\/pages"}],"about":[{"href":"https:\/\/www.electroluxprofessional.com\/no\/wp-json\/wp\/v2\/types\/page"}],"author":[{"embeddable":true,"href":"https:\/\/www.electroluxprofessional.com\/no\/wp-json\/wp\/v2\/users\/3"}],"replies":[{"embeddable":true,"href":"https:\/\/www.electroluxprofessional.com\/no\/wp-json\/wp\/v2\/comments?post=1244"}],"version-history":[{"count":21,"href":"https:\/\/www.electroluxprofessional.com\/no\/wp-json\/wp\/v2\/pages\/1244\/revisions"}],"predecessor-version":[{"id":14853,"href":"https:\/\/www.electroluxprofessional.com\/no\/wp-json\/wp\/v2\/pages\/1244\/revisions\/14853"}],"wp:attachment":[{"href":"https:\/\/www.electroluxprofessional.com\/no\/wp-json\/wp\/v2\/media?parent=1244"}],"curies":[{"name":"wp","href":"https:\/\/api.w.org\/{rel}","templated":true}]}}