{"id":12439,"date":"2024-02-27T07:25:32","date_gmt":"2024-02-27T07:25:32","guid":{"rendered":"https:\/\/www.electroluxprofessional.com\/no\/?page_id=12439"},"modified":"2024-04-19T08:06:48","modified_gmt":"2024-04-19T08:06:48","slug":"en-vaskerilosning-der-alt-er-inkludert","status":"publish","type":"page","link":"https:\/\/www.electroluxprofessional.com\/no\/en-vaskerilosning-der-alt-er-inkludert\/","title":{"rendered":"NCircl-U: En vaskeril\u00f8sning der alt er inkludert"},"content":{"rendered":"<p>[vc_row full_width=&#8221;electroluxpro-full-width-no-padding&#8221;][vc_column][elx_image_block background_image=&#8221;12434&#8243; minimum_height=&#8221;400px&#8221;][vc_empty_space][\/vc_column][\/vc_row][vc_row][vc_column][elx_text_image tag_title=&#8221;h1&#8243; style_image=&#8221;image_square&#8221; bg_row=&#8221;bg-download-white&#8221; title=&#8221;NCircl-U: Vi forenkler vaskeriet. Ro i sjelen for deg.&#8221; lists=&#8221;%5B%7B%7D%5D&#8221; values=&#8221;%5B%7B%7D%5D&#8221; link=&#8221;url:%23contactus|title:Kontakt%20oss&#8221; single_image=&#8221;12435&#8243;]<\/p>\n<ul>\n<li>La oss ta h\u00e5nd om vaskeriet mens du kan fokusere p\u00e5 din egen forretning.<\/li>\n<li>Fordelene ved b\u00e5de innkj\u00f8p og leie uten det daglige drifts- og maskinansvaret.<\/li>\n<li>Med en fast m\u00e5nedskostnad, dekkes <strong>alle<\/strong> utgifter \u2013 ingen skjulte kosntader.<\/li>\n<\/ul>\n<p>[\/elx_text_image][vc_empty_space][\/vc_column][\/vc_row][vc_row full_width=&#8221;electroluxpro-full-width-no-padding&#8221;][vc_column][elx_features_download title=&#8221;NCircl-U: det eneste vaskerikonseptet uten kostnadsoverraskelser&#8221; class_title=&#8221;h2&#8243; title_download=&#8221;Last ned&#8221; title_discover=&#8221;Les mer&#8221; bg_discover_color=&#8221;bg-download-white&#8221; link_discover_color=&#8221;download-text-blue&#8221; title_position=&#8221;top&#8221; bg_row=&#8221;bg-row-light-blue&#8221; values=&#8221;%5B%7B%22select_type%22%3A%22link%22%2C%22link_download%22%3A%22url%3Ahttps%253A%252F%252Fwww.electroluxprofessional.com%252Fno%252Fwp-content%252Fuploads%252F2024%252F02%252FEPR_Leaflet-NCircleU_NO_20231221_LR.pdf%7Ctitle%3ANCircl-U%2520leaflet%7Ctarget%3A_blank%22%2C%22label_pride_document%22%3A%22Line%206000%20Washers%20and%20Dryers%20brochure%22%2C%22document_type%22%3A%22brochures%22%2C%22br_document_number%22%3A%22A0109%22%7D%5D&#8221; discover=&#8221;%5B%7B%7D%5D&#8221; features=&#8221;%5B%7B%22icon_electroluxpro%22%3A%22elx-icon%20icon-circle-star-perfomance-blue%22%2C%22title_icon%22%3A%22Full%20st%C3%B8tte%20og%20service%22%2C%22text_icon%22%3A%22Inkludert%20maskinpark%2C%20installasjon%2C%20montasje%20og%20vedlikehold%22%7D%2C%7B%22icon_electroluxpro%22%3A%22elx-icon%20icon-circle-easy-blue%22%2C%22title_icon%22%3A%22En%20fast%20m%C3%A5nedskostnad%22%2C%22text_icon%22%3A%22Ingen%20skjulte%20utgifter%22%7D%2C%7B%22icon_electroluxpro%22%3A%22elx-icon%20icon-circle-laundry-productivity-blue%22%2C%22title_icon%22%3A%22Spesielle%20funksjoner%22%2C%22text_icon%22%3A%22Effektiv%20rengj%C3%B8ring%20av%20mikrofiberkluter%2F-mopper%22%7D%5D&#8221;][\/elx_features_download][vc_empty_space height=&#8221;40px&#8221;][\/vc_column][\/vc_row][vc_row][vc_column][elx_video_text link_video=&#8221;https:\/\/youtu.be\/yJT6vPyGLgE&#8221; title=&#8221;Full garanti i kontraktsperioden&#8221; bg_row=&#8221;bg-download-blue&#8221; color_text_row=&#8221;text-white&#8221; image_preview=&#8221;12438&#8243;]V\u00e5rt NCircl-U team hjelper til med planlegging av vaskeril\u00f8sning tilpasset rengj\u00f8ringsbehovet, deretter levering, montasje og programmering av alt utstyr. Vi kan kommisjonere i tre m\u00e5neder og reinstallere utstyret p\u00e5 egnet sted for \u00e5 avhjelpe ved endring i lokasjon m.m.[\/elx_video_text][\/vc_column][\/vc_row][vc_row][vc_column][vc_empty_space][elx_text_image style_image=&#8221;image_square&#8221; bg_row=&#8221;bg-download-white&#8221; title=&#8221;En fast m\u00e5nedskostnad&#8221; lists=&#8221;%5B%7B%7D%5D&#8221; values=&#8221;%5B%7B%7D%5D&#8221; single_image=&#8221;12443&#8243;]\u00d8nsker du en optimal l\u00f8sning som gir deg ro i sjelen uten \u00e5 bekymre deg for uforutsette kostnader? Vi kan tilby en l\u00f8sning som inkluderer montering, programmering, service og reservedeler, samt reparasjon og -kostnader.<\/p>\n<p>Dersom det oppst\u00e5r situasjon med en maskin det ikke er mulig \u00e5 reparere vil vi s\u00f8rge for en ny maskin <strong>uten ekstra kostnader eller endringer i kontrakten<\/strong>[\/elx_text_image][vc_empty_space][\/vc_column][\/vc_row][vc_row][vc_column][elx_text_image style_image=&#8221;image_square&#8221; image_position=&#8221;image_left&#8221; bg_row=&#8221;bg-download-white&#8221; title=&#8221;Profesjonelt og spesialisert utstyr&#8221; lists=&#8221;%5B%7B%7D%5D&#8221; values=&#8221;%5B%7B%7D%5D&#8221; single_image=&#8221;12437&#8243;]NCircl-U konseptet bruker <strong>profesjonelle vaskemaskiner og t\u00f8rketromler<\/strong> for effektiv rengj\u00f8ring av blant annet mikrofibermopper og -kluter.<\/p>\n<p>Profesjonelle maskiner s\u00f8rger ikke bare for hygienisk rent ved endt vaskesyklus, men ved bruk av korrekte program kan de ogs\u00e5 bidra til forlenget levetid p\u00e5 mikrofibermaterialet og redusere drifts- og investeringskosntadene p\u00e5 sikt.[\/elx_text_image][vc_empty_space][\/vc_column][\/vc_row][vc_row custom_color_row=&#8221;bg-row-light-blue&#8221; full_width=&#8221;electroluxpro-full-width-no-padding&#8221;][vc_column][elx_features_download title=&#8221;En &#8220;alt-inkludert-l\u00f8sning&#8220; bygget rundt deg&#8221; title_download=&#8221;&#8221; title_discover=&#8221;&#8221; bg_row=&#8221;bg-row-light-blue&#8221; values=&#8221;%5B%7B%22select_type%22%3A%22link%22%2C%22link_download%22%3A%22url%3Ahttps%253A%252F%252Fwww.electroluxprofessional.com%252Fno%252Fwp-content%252Fuploads%252F2024%252F02%252FEPR_Leaflet-NCircleU_NO_20231221_LR.pdf%7Ctitle%3ANCircl-U%2520leaflet%7Ctarget%3A_blank%22%7D%5D&#8221; discover=&#8221;%5B%7B%7D%5D&#8221; features=&#8221;%5B%7B%7D%5D&#8221;]<\/p>\n<p id=\"tw-target-text\" class=\"tw-data-text tw-text-large tw-ta\" dir=\"ltr\" data-placeholder=\"Translation\" data-ved=\"2ahUKEwi917bvvcuEAxXePhAIHSImAXAQ3ewLegQIDhAU\"><span class=\"Y2IQFc\" lang=\"no\">Oppdag fordelene med b\u00e5de kj\u00f8p og leasing, uten det daglige driftsansvaret.<\/span><\/p>\n<p>[\/elx_features_download][\/vc_column][\/vc_row][vc_row el_id=&#8221;contactus&#8221;][vc_column][vc_empty_space height=&#8221;32pt&#8221;][elx_heading font_container=&#8221;h1&#8243; text_color=&#8221;inherit&#8221; text_align=&#8221;text-center&#8221;]Kontakt meg gjerne om NCircle-U[\/elx_heading][vc_empty_space height=&#8221;15pt&#8221;][elx_o2000_contact_us s=&#8221;Kontakt via nettsider&#8221; campaign=&#8221;701SX0000041KlZYAU&#8221; text_send_button=&#8221;\u00d8nske om mer informasjon&#8221; flag_hide_request_type=&#8221;true&#8221; country=&#8221;Norway&#8221; b=&#8221;laundry&#8221; thanks=&#8221;Takk for din interesse. Vi vil ta kontakt&#8221; r=&#8221;Jeg \u00f8nsker \u00e5 vite mer om NCircl-U konseptet.&#8221;][vc_empty_space height=&#8221;32pt&#8221;][\/vc_column][\/vc_row]<\/p>\n","protected":false},"excerpt":{"rendered":"<p>[vc_row full_width=&#8221;electroluxpro-full-width-no-padding&#8221;][vc_column][elx_image_block background_image=&#8221;12434&#8243; minimum_height=&#8221;400px&#8221;][vc_empty_space][\/vc_column][\/vc_row][vc_row][vc_column][elx_text_image tag_title=&#8221;h1&#8243; style_image=&#8221;image_square&#8221; bg_row=&#8221;bg-download-white&#8221; title=&#8221;NCircl-U: Vi forenkler vaskeriet. Ro i sjelen for deg.&#8221; lists=&#8221;%5B%7B%7D%5D&#8221; values=&#8221;%5B%7B%7D%5D&#8221; link=&#8221;url:%23contactus|title:Kontakt%20oss&#8221; single_image=&#8221;12435&#8243;] La oss ta h\u00e5nd om vaskeriet mens du kan fokusere p\u00e5 din egen forretning. Fordelene ved b\u00e5de innkj\u00f8p og leie uten det daglige drifts- og maskinansvaret. Med en fast m\u00e5nedskostnad, dekkes alle utgifter \u2013 ingen [&hellip;]<\/p>\n","protected":false},"author":3,"featured_media":0,"parent":0,"menu_order":0,"comment_status":"closed","ping_status":"closed","template":"","meta":{"footnotes":""},"class_list":["post-12439","page","type-page","status-publish","hentry"],"acf":[],"yoast_head":"<!-- This site is optimized with the Yoast SEO plugin v23.3 - https:\/\/yoast.com\/wordpress\/plugins\/seo\/ -->\n<title>NCircl-U: En vaskeril\u00f8sning der alt er inkludert - Electrolux Professional Norge<\/title>\n<meta name=\"description\" content=\"V\u00e5r NCircl-U vaskeri abonnementsavtale En alt-inkluderende avtale som er bygget opp rundt deg og din bedrift.\" \/>\n<meta name=\"robots\" content=\"index, follow, max-snippet:-1, max-image-preview:large, max-video-preview:-1\" \/>\n<link rel=\"canonical\" href=\"https:\/\/www.electroluxprofessional.com\/no\/en-vaskerilosning-der-alt-er-inkludert\/\" \/>\n<meta property=\"og:locale\" content=\"nb_NO\" \/>\n<meta property=\"og:type\" content=\"article\" \/>\n<meta property=\"og:title\" content=\"NCircl-U: En vaskeril\u00f8sning der alt er inkludert - Electrolux Professional Norge\" \/>\n<meta property=\"og:description\" content=\"V\u00e5r NCircl-U vaskeri abonnementsavtale En alt-inkluderende avtale som er bygget opp rundt deg og din bedrift.\" \/>\n<meta property=\"og:url\" content=\"https:\/\/www.electroluxprofessional.com\/no\/en-vaskerilosning-der-alt-er-inkludert\/\" \/>\n<meta property=\"og:site_name\" content=\"Electrolux Professional Norge\" \/>\n<meta property=\"article:modified_time\" content=\"2024-04-19T08:06:48+00:00\" \/>\n<meta name=\"twitter:card\" content=\"summary_large_image\" \/>\n<meta name=\"twitter:label1\" content=\"Ansl. lesetid\" \/>\n\t<meta name=\"twitter:data1\" content=\"2 minutter\" \/>\n<script type=\"application\/ld+json\" class=\"yoast-schema-graph\">{\"@context\":\"https:\/\/schema.org\",\"@graph\":[{\"@type\":\"WebPage\",\"@id\":\"https:\/\/www.electroluxprofessional.com\/no\/en-vaskerilosning-der-alt-er-inkludert\/\",\"url\":\"https:\/\/www.electroluxprofessional.com\/no\/en-vaskerilosning-der-alt-er-inkludert\/\",\"name\":\"NCircl-U: En vaskeril\u00f8sning der alt er inkludert - Electrolux Professional Norge\",\"isPartOf\":{\"@id\":\"https:\/\/www.electroluxprofessional.com\/no\/#website\"},\"datePublished\":\"2024-02-27T07:25:32+00:00\",\"dateModified\":\"2024-04-19T08:06:48+00:00\",\"description\":\"V\u00e5r NCircl-U vaskeri abonnementsavtale En alt-inkluderende avtale som er bygget opp rundt deg og din bedrift.\",\"breadcrumb\":{\"@id\":\"https:\/\/www.electroluxprofessional.com\/no\/en-vaskerilosning-der-alt-er-inkludert\/#breadcrumb\"},\"inLanguage\":\"nb-NO\",\"potentialAction\":[{\"@type\":\"ReadAction\",\"target\":[\"https:\/\/www.electroluxprofessional.com\/no\/en-vaskerilosning-der-alt-er-inkludert\/\"]}]},{\"@type\":\"BreadcrumbList\",\"@id\":\"https:\/\/www.electroluxprofessional.com\/no\/en-vaskerilosning-der-alt-er-inkludert\/#breadcrumb\",\"itemListElement\":[{\"@type\":\"ListItem\",\"position\":1,\"name\":\"Home\",\"item\":\"https:\/\/www.electroluxprofessional.com\/no\/\"},{\"@type\":\"ListItem\",\"position\":2,\"name\":\"NCircl-U: En vaskeril\u00f8sning der alt er inkludert\"}]},{\"@type\":\"WebSite\",\"@id\":\"https:\/\/www.electroluxprofessional.com\/no\/#website\",\"url\":\"https:\/\/www.electroluxprofessional.com\/no\/\",\"name\":\"Electrolux Professional Norge\",\"description\":\"\",\"potentialAction\":[{\"@type\":\"SearchAction\",\"target\":{\"@type\":\"EntryPoint\",\"urlTemplate\":\"https:\/\/www.electroluxprofessional.com\/no\/?src={search_term_string}\"},\"query-input\":\"required name=search_term_string\"}],\"inLanguage\":\"nb-NO\"}]}<\/script>\n<!-- \/ Yoast SEO plugin. -->","yoast_head_json":{"title":"NCircl-U: En vaskeril\u00f8sning der alt er inkludert - Electrolux Professional Norge","description":"V\u00e5r NCircl-U vaskeri abonnementsavtale En alt-inkluderende avtale som er bygget opp rundt deg og din bedrift.","robots":{"index":"index","follow":"follow","max-snippet":"max-snippet:-1","max-image-preview":"max-image-preview:large","max-video-preview":"max-video-preview:-1"},"canonical":"https:\/\/www.electroluxprofessional.com\/no\/en-vaskerilosning-der-alt-er-inkludert\/","og_locale":"nb_NO","og_type":"article","og_title":"NCircl-U: En vaskeril\u00f8sning der alt er inkludert - Electrolux Professional Norge","og_description":"V\u00e5r NCircl-U vaskeri abonnementsavtale En alt-inkluderende avtale som er bygget opp rundt deg og din bedrift.","og_url":"https:\/\/www.electroluxprofessional.com\/no\/en-vaskerilosning-der-alt-er-inkludert\/","og_site_name":"Electrolux Professional Norge","article_modified_time":"2024-04-19T08:06:48+00:00","twitter_card":"summary_large_image","twitter_misc":{"Ansl. lesetid":"2 minutter"},"schema":{"@context":"https:\/\/schema.org","@graph":[{"@type":"WebPage","@id":"https:\/\/www.electroluxprofessional.com\/no\/en-vaskerilosning-der-alt-er-inkludert\/","url":"https:\/\/www.electroluxprofessional.com\/no\/en-vaskerilosning-der-alt-er-inkludert\/","name":"NCircl-U: En vaskeril\u00f8sning der alt er inkludert - Electrolux Professional Norge","isPartOf":{"@id":"https:\/\/www.electroluxprofessional.com\/no\/#website"},"datePublished":"2024-02-27T07:25:32+00:00","dateModified":"2024-04-19T08:06:48+00:00","description":"V\u00e5r NCircl-U vaskeri abonnementsavtale En alt-inkluderende avtale som er bygget opp rundt deg og din bedrift.","breadcrumb":{"@id":"https:\/\/www.electroluxprofessional.com\/no\/en-vaskerilosning-der-alt-er-inkludert\/#breadcrumb"},"inLanguage":"nb-NO","potentialAction":[{"@type":"ReadAction","target":["https:\/\/www.electroluxprofessional.com\/no\/en-vaskerilosning-der-alt-er-inkludert\/"]}]},{"@type":"BreadcrumbList","@id":"https:\/\/www.electroluxprofessional.com\/no\/en-vaskerilosning-der-alt-er-inkludert\/#breadcrumb","itemListElement":[{"@type":"ListItem","position":1,"name":"Home","item":"https:\/\/www.electroluxprofessional.com\/no\/"},{"@type":"ListItem","position":2,"name":"NCircl-U: En vaskeril\u00f8sning der alt er inkludert"}]},{"@type":"WebSite","@id":"https:\/\/www.electroluxprofessional.com\/no\/#website","url":"https:\/\/www.electroluxprofessional.com\/no\/","name":"Electrolux Professional Norge","description":"","potentialAction":[{"@type":"SearchAction","target":{"@type":"EntryPoint","urlTemplate":"https:\/\/www.electroluxprofessional.com\/no\/?src={search_term_string}"},"query-input":"required name=search_term_string"}],"inLanguage":"nb-NO"}]}},"_links":{"self":[{"href":"https:\/\/www.electroluxprofessional.com\/no\/wp-json\/wp\/v2\/pages\/12439"}],"collection":[{"href":"https:\/\/www.electroluxprofessional.com\/no\/wp-json\/wp\/v2\/pages"}],"about":[{"href":"https:\/\/www.electroluxprofessional.com\/no\/wp-json\/wp\/v2\/types\/page"}],"author":[{"embeddable":true,"href":"https:\/\/www.electroluxprofessional.com\/no\/wp-json\/wp\/v2\/users\/3"}],"replies":[{"embeddable":true,"href":"https:\/\/www.electroluxprofessional.com\/no\/wp-json\/wp\/v2\/comments?post=12439"}],"version-history":[{"count":11,"href":"https:\/\/www.electroluxprofessional.com\/no\/wp-json\/wp\/v2\/pages\/12439\/revisions"}],"predecessor-version":[{"id":12871,"href":"https:\/\/www.electroluxprofessional.com\/no\/wp-json\/wp\/v2\/pages\/12439\/revisions\/12871"}],"wp:attachment":[{"href":"https:\/\/www.electroluxprofessional.com\/no\/wp-json\/wp\/v2\/media?parent=12439"}],"curies":[{"name":"wp","href":"https:\/\/api.w.org\/{rel}","templated":true}]}}