{"id":12209,"date":"2024-01-09T13:38:06","date_gmt":"2024-01-09T13:38:06","guid":{"rendered":"https:\/\/www.electroluxprofessional.com\/no\/?page_id=12209"},"modified":"2025-11-05T13:44:05","modified_gmt":"2025-11-05T13:44:05","slug":"blasekjoler-fryser-crosswise","status":"publish","type":"page","link":"https:\/\/www.electroluxprofessional.com\/no\/blasekjoler-fryser-crosswise\/","title":{"rendered":"Bl\u00e5sekj\u00f8ler\/-fryser &#8211; crosswise"},"content":{"rendered":"<p>[vc_row full_width=&#8221;electroluxpro-full-width-no-padding&#8221;][vc_column][elx_image_block background_image=&#8221;13940&#8243; minimum_height=&#8221;350px&#8221;][vc_empty_space][\/vc_column][\/vc_row][vc_row full_width=&#8221;electroluxpro-container-no-padding&#8221;][vc_column][elx_text_image tag_title=&#8221;h1&#8243; class_title=&#8221;h1&#8243; number_images=&#8221;n&#8221; style_image=&#8221;image_square&#8221; button_style=&#8221;primary&#8221; columns_proportion=&#8221;three_fifth&#8221; bg_row=&#8221;bg-download-white&#8221; title=&#8221;Bl\u00e5sekj\u00f8ler-\/fryser Crosswise&#8221; lists=&#8221;%5B%7B%7D%5D&#8221; multi_images=&#8221;12205,12206,12207,12208&#8243; values=&#8221;%5B%7B%7D%5D&#8221; link=&#8221;url:%23kontakta_oss|title:Vil%20du%20vite%20mer%20om%20bl%C3%A5sekj%C3%B8ler%2F-fryser%20CW%3F%20Kontakt%20oss!&#8221;]Er du p\u00e5 jakt etter en <strong>robust<\/strong> og <strong>p\u00e5litelig bl\u00e5sekj\u00f8ler\/-fryser crosswise<\/strong> med et <strong>redusert <\/strong><strong>footprint<\/strong>, med blastchilling og fryseprogram i henhold til HACCP standard?<\/p>\n<p>Electrolux Professional bl\u00e5sekj\u00f8ler\/-fryser crosswise er utviklet for \u00e5 v\u00e6re en trygg del av ditt profesjonelle kj\u00f8kken.<\/p>\n<ul>\n<li>Brukervennlig panel gir enkel bruk<\/li>\n<li>S\u00f8rger for <strong>matsikkerheten<\/strong><\/li>\n<li>Gir enkel HACCP-h\u00e5ndtering gjennom connectivity<\/li>\n<li>Produsert med komponenter av h\u00f8y kvalitet.<\/li>\n<\/ul>\n<p>En bl\u00e5sekj\u00f8ler\/-fryser crosswise fra Electrolux Professional er et produkt som er enkel i bruk og som du kan <strong>forberede store mengder mat uten \u00e5 fire p\u00e5 kvaliteten eller matsikkerheten.<\/strong>[\/elx_text_image][\/vc_column][\/vc_row][vc_row full_width=&#8221;electroluxpro-full-width-no-padding&#8221;][vc_column][elx_features_download title=&#8221;Fordelen ligger i enkelheten &#8211; bl\u00e5sekj\u00f8ler\/-fryser crosswise&#8221; tag_title=&#8221;h2&#8243; class_title=&#8221;h2&#8243; title_download=&#8221;Last ned&#8221; title_discover=&#8221;Oppdag mer!&#8221; bg_discover_color=&#8221;bg-download-white&#8221; link_discover_color=&#8221;download-text-blue&#8221; bg_row=&#8221;bg-row-light-blue&#8221; values=&#8221;%5B%7B%22select_type%22%3A%22link%22%2C%22link_download%22%3A%22url%3Ahttps%253A%252F%252Fwww.electroluxprofessional.com%252Fwp-content%252Fuploads%252F2023%252F07%252FEPR-BlastChillerCrosswise-Bro-EN-230703rev-LR.pdf%7Ctitle%3ABl%25C3%25A5sekj%25C3%25B8ler%252F-fryser%2520crosswise%2520brosjyre%7Ctarget%3A_blank%22%7D%5D&#8221; discover=&#8221;%5B%7B%22link_discover%22%3A%22url%3A%2523Blast_chiller_freezer_crosswise%7Ctitle%3ASe%2520bl%25C3%25A5sekj%25C3%25B8ler%252F-fryser%2520produktene%22%7D%2C%7B%22link_discover%22%3A%22url%3Ahttps%253A%252F%252Fwww.electroluxprofessional.com%252Fno%252Fstorkjokken%252Fblasekjoler-og-frysere%252F%7Ctitle%3ASkyLine%2520bl%25C3%25A5sekj%25C3%25B8ler-%252Ffryser%2520produktene%7Ctarget%3A_blank%22%7D%2C%7B%22link_discover%22%3A%22url%3Ahttps%253A%252F%252Fwww.electroluxprofessional.com%252Fno%252Fkonveksjonsovn-crosswise%252F%7Ctitle%3AKonvektionsovn%2520Crosswise%7Ctarget%3A_blank%22%7D%5D&#8221; features=&#8221;%5B%7B%22icon_electroluxpro%22%3A%22elx-icon%20icon-circle-durability-reliability-blue%22%2C%22title_icon%22%3A%22Holdbarhet%22%2C%22text_icon%22%3A%22P%C3%A5litelig%20og%20robust%20design%20for%20langvarig%20ytelse%20hos%20din%20bl%C3%A5sekj%C3%B8ler%2F-fryser%20crosswise%20%22%7D%2C%7B%22icon_electroluxpro%22%3A%22elx-icon%20icon-circle-easy-blue%22%2C%22title_icon%22%3A%22Maksimal%20enkelhet%22%2C%22text_icon%22%3A%22Du%20har%20kjernefunksjoner%20lett%20tilgjengelig%5Cn%22%7D%2C%7B%22icon_electroluxpro%22%3A%22elx-icon%20icon-circle-flexibility-blue%22%2C%22title_icon%22%3A%22Kj%C3%B8l%20p%C3%A5%20begrenset%20plass%22%2C%22text_icon%22%3A%22Fleksiblitet%20ved%20installasjon%20er%20plassen%20er%20begrenset%22%7D%2C%7B%22icon_electroluxpro%22%3A%22elx-icon%20icon-circle-connected-blue%22%2C%22title_icon%22%3A%22Klar%20for%20OnE%20Connected%22%2C%22text_icon%22%3A%22Sanntidstilgang%20fra%20enhver%20smartenhet%22%7D%5D&#8221;][\/elx_features_download][vc_empty_space][\/vc_column][\/vc_row][vc_row full_width=&#8221;electroluxpro-container-no-padding&#8221;][vc_column][elx_text_image style_image=&#8221;image_square&#8221; bg_row=&#8221;bg-download-white&#8221; title=&#8221;Enkelt og sikkert!&#8221; lists=&#8221;%5B%7B%22icon_electroluxpro%22%3A%22elx-icon%20icon-circle-checkmark-blue%22%2C%22title_list%22%3A%22P%C3%A5litelig%20drift%20og%20brukervennlig%20digitalt%20brukerpanel%22%2C%22text_list%22%3A%22Et%20forenkelt%20display%20gj%C3%B8r%20det%20enkelt%20%C3%A5%20legge%20inn%20sykluser%2C%20%3Cb%3Ekontrollere%20omgivelsestemperaturer%20%3C%2Fb%3E%20og%20overv%C3%A5ke%20kj%C3%B8leprosessens%20status.%22%7D%2C%7B%22icon_electroluxpro%22%3A%22elx-icon%20icon-circle-checkmark-blue%22%2C%22title_list%22%3A%22Stor%20fleksibilitet%20%22%2C%22text_list%22%3A%22Electrolux%20Professional%20bl%C3%A5sekj%C3%B8ler%2F-fryser%20crosswise%20passer%20i%20de%20fleste%20kj%C3%B8kken%2C%20selv%20der%20det%20er%20begrenset%20med%20plass%20men%20fortsatt%20er%20behov%20for%20real%20ytelse.%20V%C3%A5r%20bl%C3%A5sekj%C3%B8ler%2F-fryser%20crosswise%20er%20et%20%3Cb%3Eallsidig%20produkt%3C%2Fb%3E%20p%C3%A5%20grunn%20av%20den%20store%20fleksibiliteten.%22%7D%2C%7B%22icon_electroluxpro%22%3A%22elx-icon%20icon-circle-checkmark-blue%22%2C%22title_list%22%3A%22Mindre%20stress%22%2C%22text_list%22%3A%22Connectivity%20gj%C3%B8r%20det%20mulig%20%C3%A5%20%3Cb%3Estyre%20og%20overv%C3%A5ke%20statusen%20p%C3%A5%20din%20bl%C3%A5sekj%C3%B8ler%2F-fryser%3C%2Fb%3E%2C%20du%20kan%20lagre%20HACCP-data%20og%20avstandsendre%20visse%20enheters%20parametere.%22%7D%2C%7B%22icon_electroluxpro%22%3A%22elx-icon%20icon-circle-checkmark-blue%22%2C%22title_list%22%3A%22Rask%20opptiningssyklus%22%2C%22text_list%22%3A%22Tin%20maten%20til%20tilberedningstemperatur%20p%C3%A5%20en%20sikker%20m%C3%A5te.%20%3Cb%3E%C3%98k%20produktiviteten%20%3C%2Fb%3E%20gjennom%20%C3%A5%20kj%C3%B8re%20opptiningssyklusen%20gjennom%20natten%20for%20%C3%A5%20unng%C3%A5%20de%20mest%20hektiske%20periodene%20p%C3%A5%20dagtid.%20Dette%20gir%20god%20%C3%B8konomi.%22%7D%5D&#8221; values=&#8221;%5B%7B%7D%5D&#8221; single_image=&#8221;12203&#8243;]Med v\u00e5r bl\u00e5sekj\u00f8ler\/-fryser crosswise f\u00e5r du et driftssikkert produkt hvor du kan jobbe <strong>enkelt p\u00e5 en sikker m\u00e5te.<\/strong><\/p>\n<p>[\/elx_text_image][\/vc_column][\/vc_row][vc_row full_width=&#8221;electroluxpro-container-no-padding&#8221;][vc_column][vc_column_text]<\/p>\n<h2 style=\"text-align: center;\">Ekstra b\u00e6rekraftig<\/h2>\n<p style=\"text-align: center;\">Banebrytende b\u00e6rekraftig virksomhet og<br \/>\nmilj\u00f8vennlige l\u00f8sninger gjennom innovasjon<\/p>\n<p>[\/vc_column_text][vc_row_inner gap=&#8221;30&#8243;][vc_column_inner width=&#8221;1\/2&#8243;][vc_empty_space height=&#8221;10px&#8221;][vc_column_text]<\/p>\n<h2>Teknologisk innovasjon er kjernen i Electrolux Professionals l\u00f8sninger. M\u00e5let er \u00e5 redusere energiforbruket og betydelig minske p\u00e5virkningen p\u00e5 milj\u00f8et.<\/h2>\n<p>[\/vc_column_text][\/vc_column_inner][vc_column_inner width=&#8221;1\/2&#8243;][vc_empty_space][elx_icons alignment=&#8221;left&#8221; icon_electroluxpro=&#8221;elx-icon icon-r290-green-leaves&#8221;][vc_empty_space height=&#8221;20px&#8221;][vc_column_text]<strong>&#8220;Gr\u00f8nnere&#8221; med R290<\/strong><br \/>\nKj\u00f8lemediegassen R290 oppfyller de strengeste reguleringene for global oppvarming.<br \/>\nV\u00e5re l\u00f8sninger, med et Global Warming Potential p\u00e5 3, er det b\u00e6rekraftige valget.<br \/>\nDette innovative kj\u00f8lekretsl\u00f8pet gir h\u00f8y effektivitet og lavere driftskostnader.[\/vc_column_text][\/vc_column_inner][vc_column_inner width=&#8221;1\/2&#8243;][\/vc_column_inner][vc_column_inner width=&#8221;1\/2&#8243;][\/vc_column_inner][\/vc_row_inner][vc_empty_space height=&#8221;60px&#8221;][\/vc_column][\/vc_row][vc_row full_width=&#8221;electroluxpro-container-no-padding&#8221;][vc_column][elx_text_image style_image=&#8221;image_horizontal&#8221; columns_proportion=&#8221;three_fifth&#8221; bg_row=&#8221;bg-download-white&#8221; title=&#8221;Holdbarhet og matsikkerhet med din bl\u00e5sekj\u00f8ler\/-fryser crosswise&#8221; lists=&#8221;%5B%7B%7D%5D&#8221; values=&#8221;%5B%7B%7D%5D&#8221; single_image=&#8221;12204&#8243;]<\/p>\n<h3>P\u00e5litelighet p\u00e5 sitt beste!<\/h3>\n<p id=\"tw-target-text\" class=\"tw-data-text tw-text-large tw-ta\" dir=\"ltr\" data-placeholder=\"Translation\" data-ved=\"2ahUKEwiYv7Xi3PODAxXOKBAIHSQXAjEQ3ewLegQIDxAQ\"><span class=\"Y2IQFc\" lang=\"no\">Med <strong>et robust design<\/strong> som gir kjerneytelse og med Climate Class 5, kan du v\u00e6re sikker p\u00e5 at v\u00e5r bl\u00e5sekj\u00f8ler\/- fryser crosswise gir p\u00e5litelig ytelse. I tillegg forhindrer den automatiske avrimingen isdannelse, noe som bidrar til levetid og holdbarhet p\u00e5 bl\u00e5sekj\u00f8leren\/-fryseren over tid<\/span><\/p>\n<p><strong>Hold det kaldt med kontinuerlig kj\u00f8ling.<\/strong> Du f\u00e5r kontinuerlig drift ved \u00f8nsket temperatur takket v\u00e6re turbokj\u00f8ling &#8211; perfekt for non-stop produksjon som sparer tid, energi og \u00f8ker effektiviteten.[\/elx_text_image][\/vc_column][\/vc_row][vc_row el_id=&#8221;Blast_chiller_freezer_crosswise&#8221;][vc_column][vc_empty_space][\/vc_column][\/vc_row][vc_row el_id=&#8221;kontakta_oss&#8221;][vc_column][elx_heading text_color=&#8221;inherit&#8221; text_align=&#8221;text-center&#8221;]Kontakt oss gjerne for mer info om Bl\u00e5sekj\u00f8ler-\/fryser Crosswise[\/elx_heading][vc_empty_space][elx_o2000_contact_us s=&#8221;\u00d8nsker om mer informasjon p\u00e5 Bl\u00e5sekj\u00f8ler-\/fryser crosswise&#8221; campaign=&#8221;701SX000002aiauYAA&#8221; text_send_button=&#8221;Kontakt oss gjerne!&#8221; flag_hide_request_type=&#8221;true&#8221; country=&#8221;Norway&#8221; b=&#8221;food&#8221; thanks=&#8221;Takk for din interesse. Vi vil ta kontakt med deg s\u00e5 raskt vi kan.&#8221; r=&#8221;Jeg \u00f8nsker \u00e5 vite mer om bl\u00e5sekj\u00f8ler\/-fryser crosswise. Vennligst kontakt meg.&#8221;][\/vc_column][\/vc_row][vc_row][vc_column][\/vc_column][\/vc_row]<\/p>\n","protected":false},"excerpt":{"rendered":"<p>[vc_row full_width=&#8221;electroluxpro-full-width-no-padding&#8221;][vc_column][elx_image_block background_image=&#8221;13940&#8243; minimum_height=&#8221;350px&#8221;][vc_empty_space][\/vc_column][\/vc_row][vc_row full_width=&#8221;electroluxpro-container-no-padding&#8221;][vc_column][elx_text_image tag_title=&#8221;h1&#8243; class_title=&#8221;h1&#8243; number_images=&#8221;n&#8221; style_image=&#8221;image_square&#8221; button_style=&#8221;primary&#8221; columns_proportion=&#8221;three_fifth&#8221; bg_row=&#8221;bg-download-white&#8221; title=&#8221;Bl\u00e5sekj\u00f8ler-\/fryser Crosswise&#8221; lists=&#8221;%5B%7B%7D%5D&#8221; multi_images=&#8221;12205,12206,12207,12208&#8243; values=&#8221;%5B%7B%7D%5D&#8221; link=&#8221;url:%23kontakta_oss|title:Vil%20du%20vite%20mer%20om%20bl%C3%A5sekj%C3%B8ler%2F-fryser%20CW%3F%20Kontakt%20oss!&#8221;]Er du p\u00e5 jakt etter en robust og p\u00e5litelig bl\u00e5sekj\u00f8ler\/-fryser crosswise med et redusert footprint, med blastchilling og fryseprogram i henhold til HACCP standard? Electrolux Professional bl\u00e5sekj\u00f8ler\/-fryser crosswise er utviklet for \u00e5 v\u00e6re en trygg del av ditt [&hellip;]<\/p>\n","protected":false},"author":3,"featured_media":0,"parent":0,"menu_order":0,"comment_status":"closed","ping_status":"closed","template":"","meta":{"footnotes":""},"class_list":["post-12209","page","type-page","status-publish","hentry"],"acf":[],"yoast_head":"<!-- This site is optimized with the Yoast SEO plugin v23.3 - https:\/\/yoast.com\/wordpress\/plugins\/seo\/ -->\n<title>Bl\u00e5sekj\u00f8ler\/-fryser - crosswise - Electrolux Professional Norge<\/title>\n<meta name=\"description\" content=\"Er du p\u00e5 jakt etter en robust bl\u00e5sekj\u00f8ler\/-fryser crosswise med et redusert footprint, med blastchilling og fryseprogram i henhold til HACCP standard?\" \/>\n<meta name=\"robots\" content=\"index, follow, max-snippet:-1, max-image-preview:large, max-video-preview:-1\" \/>\n<link rel=\"canonical\" href=\"https:\/\/www.electroluxprofessional.com\/no\/blasekjoler-fryser-crosswise\/\" \/>\n<meta property=\"og:locale\" content=\"nb_NO\" \/>\n<meta property=\"og:type\" content=\"article\" \/>\n<meta property=\"og:title\" content=\"Bl\u00e5sekj\u00f8ler\/-fryser - crosswise - Electrolux Professional Norge\" \/>\n<meta property=\"og:description\" content=\"Er du p\u00e5 jakt etter en robust bl\u00e5sekj\u00f8ler\/-fryser crosswise med et redusert footprint, med blastchilling og fryseprogram i henhold til HACCP standard?\" \/>\n<meta property=\"og:url\" content=\"https:\/\/www.electroluxprofessional.com\/no\/blasekjoler-fryser-crosswise\/\" \/>\n<meta property=\"og:site_name\" content=\"Electrolux Professional Norge\" \/>\n<meta property=\"article:modified_time\" content=\"2025-11-05T13:44:05+00:00\" \/>\n<meta name=\"twitter:card\" content=\"summary_large_image\" \/>\n<meta name=\"twitter:label1\" content=\"Ansl. lesetid\" \/>\n\t<meta name=\"twitter:data1\" content=\"4 minutter\" \/>\n<script type=\"application\/ld+json\" class=\"yoast-schema-graph\">{\"@context\":\"https:\/\/schema.org\",\"@graph\":[{\"@type\":\"WebPage\",\"@id\":\"https:\/\/www.electroluxprofessional.com\/no\/blasekjoler-fryser-crosswise\/\",\"url\":\"https:\/\/www.electroluxprofessional.com\/no\/blasekjoler-fryser-crosswise\/\",\"name\":\"Bl\u00e5sekj\u00f8ler\/-fryser - crosswise - Electrolux Professional Norge\",\"isPartOf\":{\"@id\":\"https:\/\/www.electroluxprofessional.com\/no\/#website\"},\"datePublished\":\"2024-01-09T13:38:06+00:00\",\"dateModified\":\"2025-11-05T13:44:05+00:00\",\"description\":\"Er du p\u00e5 jakt etter en robust bl\u00e5sekj\u00f8ler\/-fryser crosswise med et redusert footprint, med blastchilling og fryseprogram i henhold til HACCP standard?\",\"breadcrumb\":{\"@id\":\"https:\/\/www.electroluxprofessional.com\/no\/blasekjoler-fryser-crosswise\/#breadcrumb\"},\"inLanguage\":\"nb-NO\",\"potentialAction\":[{\"@type\":\"ReadAction\",\"target\":[\"https:\/\/www.electroluxprofessional.com\/no\/blasekjoler-fryser-crosswise\/\"]}]},{\"@type\":\"BreadcrumbList\",\"@id\":\"https:\/\/www.electroluxprofessional.com\/no\/blasekjoler-fryser-crosswise\/#breadcrumb\",\"itemListElement\":[{\"@type\":\"ListItem\",\"position\":1,\"name\":\"Home\",\"item\":\"https:\/\/www.electroluxprofessional.com\/no\/\"},{\"@type\":\"ListItem\",\"position\":2,\"name\":\"Bl\u00e5sekj\u00f8ler\/-fryser &#8211; crosswise\"}]},{\"@type\":\"WebSite\",\"@id\":\"https:\/\/www.electroluxprofessional.com\/no\/#website\",\"url\":\"https:\/\/www.electroluxprofessional.com\/no\/\",\"name\":\"Electrolux Professional Norge\",\"description\":\"\",\"potentialAction\":[{\"@type\":\"SearchAction\",\"target\":{\"@type\":\"EntryPoint\",\"urlTemplate\":\"https:\/\/www.electroluxprofessional.com\/no\/?src={search_term_string}\"},\"query-input\":\"required name=search_term_string\"}],\"inLanguage\":\"nb-NO\"}]}<\/script>\n<!-- \/ Yoast SEO plugin. -->","yoast_head_json":{"title":"Bl\u00e5sekj\u00f8ler\/-fryser - crosswise - Electrolux Professional Norge","description":"Er du p\u00e5 jakt etter en robust bl\u00e5sekj\u00f8ler\/-fryser crosswise med et redusert footprint, med blastchilling og fryseprogram i henhold til HACCP standard?","robots":{"index":"index","follow":"follow","max-snippet":"max-snippet:-1","max-image-preview":"max-image-preview:large","max-video-preview":"max-video-preview:-1"},"canonical":"https:\/\/www.electroluxprofessional.com\/no\/blasekjoler-fryser-crosswise\/","og_locale":"nb_NO","og_type":"article","og_title":"Bl\u00e5sekj\u00f8ler\/-fryser - crosswise - Electrolux Professional Norge","og_description":"Er du p\u00e5 jakt etter en robust bl\u00e5sekj\u00f8ler\/-fryser crosswise med et redusert footprint, med blastchilling og fryseprogram i henhold til HACCP standard?","og_url":"https:\/\/www.electroluxprofessional.com\/no\/blasekjoler-fryser-crosswise\/","og_site_name":"Electrolux Professional Norge","article_modified_time":"2025-11-05T13:44:05+00:00","twitter_card":"summary_large_image","twitter_misc":{"Ansl. lesetid":"4 minutter"},"schema":{"@context":"https:\/\/schema.org","@graph":[{"@type":"WebPage","@id":"https:\/\/www.electroluxprofessional.com\/no\/blasekjoler-fryser-crosswise\/","url":"https:\/\/www.electroluxprofessional.com\/no\/blasekjoler-fryser-crosswise\/","name":"Bl\u00e5sekj\u00f8ler\/-fryser - crosswise - Electrolux Professional Norge","isPartOf":{"@id":"https:\/\/www.electroluxprofessional.com\/no\/#website"},"datePublished":"2024-01-09T13:38:06+00:00","dateModified":"2025-11-05T13:44:05+00:00","description":"Er du p\u00e5 jakt etter en robust bl\u00e5sekj\u00f8ler\/-fryser crosswise med et redusert footprint, med blastchilling og fryseprogram i henhold til HACCP standard?","breadcrumb":{"@id":"https:\/\/www.electroluxprofessional.com\/no\/blasekjoler-fryser-crosswise\/#breadcrumb"},"inLanguage":"nb-NO","potentialAction":[{"@type":"ReadAction","target":["https:\/\/www.electroluxprofessional.com\/no\/blasekjoler-fryser-crosswise\/"]}]},{"@type":"BreadcrumbList","@id":"https:\/\/www.electroluxprofessional.com\/no\/blasekjoler-fryser-crosswise\/#breadcrumb","itemListElement":[{"@type":"ListItem","position":1,"name":"Home","item":"https:\/\/www.electroluxprofessional.com\/no\/"},{"@type":"ListItem","position":2,"name":"Bl\u00e5sekj\u00f8ler\/-fryser &#8211; crosswise"}]},{"@type":"WebSite","@id":"https:\/\/www.electroluxprofessional.com\/no\/#website","url":"https:\/\/www.electroluxprofessional.com\/no\/","name":"Electrolux Professional Norge","description":"","potentialAction":[{"@type":"SearchAction","target":{"@type":"EntryPoint","urlTemplate":"https:\/\/www.electroluxprofessional.com\/no\/?src={search_term_string}"},"query-input":"required name=search_term_string"}],"inLanguage":"nb-NO"}]}},"_links":{"self":[{"href":"https:\/\/www.electroluxprofessional.com\/no\/wp-json\/wp\/v2\/pages\/12209"}],"collection":[{"href":"https:\/\/www.electroluxprofessional.com\/no\/wp-json\/wp\/v2\/pages"}],"about":[{"href":"https:\/\/www.electroluxprofessional.com\/no\/wp-json\/wp\/v2\/types\/page"}],"author":[{"embeddable":true,"href":"https:\/\/www.electroluxprofessional.com\/no\/wp-json\/wp\/v2\/users\/3"}],"replies":[{"embeddable":true,"href":"https:\/\/www.electroluxprofessional.com\/no\/wp-json\/wp\/v2\/comments?post=12209"}],"version-history":[{"count":29,"href":"https:\/\/www.electroluxprofessional.com\/no\/wp-json\/wp\/v2\/pages\/12209\/revisions"}],"predecessor-version":[{"id":14840,"href":"https:\/\/www.electroluxprofessional.com\/no\/wp-json\/wp\/v2\/pages\/12209\/revisions\/14840"}],"wp:attachment":[{"href":"https:\/\/www.electroluxprofessional.com\/no\/wp-json\/wp\/v2\/media?parent=12209"}],"curies":[{"name":"wp","href":"https:\/\/api.w.org\/{rel}","templated":true}]}}