{"id":1212,"date":"2017-01-27T11:47:53","date_gmt":"2017-01-27T11:47:53","guid":{"rendered":"https:\/\/www.electroluxprofessional.com\/no\/?page_id=1212"},"modified":"2022-09-26T12:20:17","modified_gmt":"2022-09-26T12:20:17","slug":"betalingssystem","status":"publish","type":"page","link":"https:\/\/www.electroluxprofessional.com\/no\/betalingssystem\/","title":{"rendered":"Betalingssystem"},"content":{"rendered":"<p>[vc_row full_width=&#8221;electroluxpro-full-width-no-padding&#8221;][vc_column][elx_hero_slider text_position=&#8221;hero_slider_text_align_right&#8221; label_text_color=&#8221;inherit&#8221; images=&#8221;904&#8243;][elx_heading font_container=&#8221;h1&#8243; font_size=&#8221;h3&#8243; text_color=&#8221;inherit&#8221;]Betalingssystem[\/elx_heading][vc_column_text]<\/p>\n<h4>Vi har mange ulike betalingssystem, ta kontakt med oss for \u00e5 f\u00e5 vite mer om de ulike l\u00f8sningene<\/h4>\n<p>[\/vc_column_text][\/elx_hero_slider][\/vc_column][\/vc_row][vc_row][vc_column][vc_empty_space][elx_heading font_size=&#8221;h3&#8243; text_color=&#8221;inherit&#8221;]Flere betalingssystem \u00e5 velge mellom[\/elx_heading][\/vc_column][\/vc_row][vc_row][vc_column width=&#8221;1\/2&#8243;][vc_empty_space][vc_column_text]Betalingssystem for vaskemaskiner og t\u00f8rketromler er tilgjengelige som;<\/p>\n<ul>\n<li>Mynt- eller polettbetaling<\/li>\n<li>Chipkort &#8211; oppladbar<\/li>\n<li>EPR Control System &#8211; adgangs- og betalingskontroll<\/li>\n<li>Betaling med bankkort<\/li>\n<li>Betaling med app-l\u00f8sning<\/li>\n<li><a href=\"https:\/\/www.electroluxprofessional.com\/no\/betalingslosninger-til-fellesvaskeri-airwallet\/\">AirWallet<\/a><\/li>\n<\/ul>\n<p>Kontakt oss slik at vi kan komme med v\u00e5r anbefalte l\u00f8sning.[\/vc_column_text][\/vc_column][vc_column width=&#8221;1\/2&#8243;][vc_single_image image=&#8221;771&#8243; img_size=&#8221;300px&#8221;][\/vc_column][\/vc_row][vc_row][vc_column][elx_heading font_size=&#8221;h3&#8243; text_color=&#8221;inherit&#8221;]Finn mer ut om hva Electrolux Professional kan gj\u00f8re for din business[\/elx_heading][elx_o2000_contact_us r=&#8221;Jeg \u00f8nsker \u00e5 vite mer om betalingssystem, vennligst ta kontakt med meg&#8221; s=&#8221;\u00d8nsker info om betalingssystemer&#8221; campaign=&#8221;7015p0000016Gp0AAE&#8221; text_send_button=&#8221;Ja, jeg \u00f8nsker mer info!&#8221; country=&#8221;Norway&#8221; b=&#8221;laundry&#8221; l=&#8221;no&#8221; e=&#8221;els.info@electrolux.no&#8221; container=&#8221;elxcontactus1478764167&#8243;][\/vc_column][\/vc_row]<\/p>\n","protected":false},"excerpt":{"rendered":"<p>[vc_row full_width=&#8221;electroluxpro-full-width-no-padding&#8221;][vc_column][elx_hero_slider text_position=&#8221;hero_slider_text_align_right&#8221; label_text_color=&#8221;inherit&#8221; images=&#8221;904&#8243;][elx_heading font_container=&#8221;h1&#8243; font_size=&#8221;h3&#8243; text_color=&#8221;inherit&#8221;]Betalingssystem[\/elx_heading][vc_column_text] Vi har mange ulike betalingssystem, ta kontakt med oss for \u00e5 f\u00e5 vite mer om de ulike l\u00f8sningene [\/vc_column_text][\/elx_hero_slider][\/vc_column][\/vc_row][vc_row][vc_column][vc_empty_space][elx_heading font_size=&#8221;h3&#8243; text_color=&#8221;inherit&#8221;]Flere betalingssystem \u00e5 velge mellom[\/elx_heading][\/vc_column][\/vc_row][vc_row][vc_column width=&#8221;1\/2&#8243;][vc_empty_space][vc_column_text]Betalingssystem for vaskemaskiner og t\u00f8rketromler er tilgjengelige som; Mynt- eller polettbetaling Chipkort &#8211; oppladbar EPR Control System &#8211; adgangs- og betalingskontroll Betaling [&hellip;]<\/p>\n","protected":false},"author":3,"featured_media":0,"parent":0,"menu_order":0,"comment_status":"closed","ping_status":"closed","template":"","meta":{"footnotes":""},"class_list":["post-1212","page","type-page","status-publish","hentry"],"acf":[],"yoast_head":"<!-- This site is optimized with the Yoast SEO plugin v23.3 - https:\/\/yoast.com\/wordpress\/plugins\/seo\/ -->\n<title>Betalingssystem - Electrolux Professional Norge<\/title>\n<meta name=\"description\" content=\"Betalingssystem. Vi har mange ulike systemer, ta kontakt med oss for \u00e5 f\u00e5 vite mer om de ulike l\u00f8sningene for vaskemaskiner og t\u00f8rketromler.\" \/>\n<meta name=\"robots\" content=\"index, follow, max-snippet:-1, max-image-preview:large, max-video-preview:-1\" \/>\n<link rel=\"canonical\" href=\"https:\/\/www.electroluxprofessional.com\/no\/betalingssystem\/\" \/>\n<meta property=\"og:locale\" content=\"nb_NO\" \/>\n<meta property=\"og:type\" content=\"article\" \/>\n<meta property=\"og:title\" content=\"Betalingssystem - Electrolux Professional Norge\" \/>\n<meta property=\"og:description\" content=\"Betalingssystem. Vi har mange ulike systemer, ta kontakt med oss for \u00e5 f\u00e5 vite mer om de ulike l\u00f8sningene for vaskemaskiner og t\u00f8rketromler.\" \/>\n<meta property=\"og:url\" content=\"https:\/\/www.electroluxprofessional.com\/no\/betalingssystem\/\" \/>\n<meta property=\"og:site_name\" content=\"Electrolux Professional Norge\" \/>\n<meta property=\"article:modified_time\" content=\"2022-09-26T12:20:17+00:00\" \/>\n<meta name=\"twitter:card\" content=\"summary_large_image\" \/>\n<meta name=\"twitter:label1\" content=\"Ansl. lesetid\" \/>\n\t<meta name=\"twitter:data1\" content=\"1 minutt\" \/>\n<script type=\"application\/ld+json\" class=\"yoast-schema-graph\">{\"@context\":\"https:\/\/schema.org\",\"@graph\":[{\"@type\":\"WebPage\",\"@id\":\"https:\/\/www.electroluxprofessional.com\/no\/betalingssystem\/\",\"url\":\"https:\/\/www.electroluxprofessional.com\/no\/betalingssystem\/\",\"name\":\"Betalingssystem - Electrolux Professional Norge\",\"isPartOf\":{\"@id\":\"https:\/\/www.electroluxprofessional.com\/no\/#website\"},\"datePublished\":\"2017-01-27T11:47:53+00:00\",\"dateModified\":\"2022-09-26T12:20:17+00:00\",\"description\":\"Betalingssystem. Vi har mange ulike systemer, ta kontakt med oss for \u00e5 f\u00e5 vite mer om de ulike l\u00f8sningene for vaskemaskiner og t\u00f8rketromler.\",\"breadcrumb\":{\"@id\":\"https:\/\/www.electroluxprofessional.com\/no\/betalingssystem\/#breadcrumb\"},\"inLanguage\":\"nb-NO\",\"potentialAction\":[{\"@type\":\"ReadAction\",\"target\":[\"https:\/\/www.electroluxprofessional.com\/no\/betalingssystem\/\"]}]},{\"@type\":\"BreadcrumbList\",\"@id\":\"https:\/\/www.electroluxprofessional.com\/no\/betalingssystem\/#breadcrumb\",\"itemListElement\":[{\"@type\":\"ListItem\",\"position\":1,\"name\":\"Home\",\"item\":\"https:\/\/www.electroluxprofessional.com\/no\/\"},{\"@type\":\"ListItem\",\"position\":2,\"name\":\"Betalingssystem\"}]},{\"@type\":\"WebSite\",\"@id\":\"https:\/\/www.electroluxprofessional.com\/no\/#website\",\"url\":\"https:\/\/www.electroluxprofessional.com\/no\/\",\"name\":\"Electrolux Professional Norge\",\"description\":\"\",\"potentialAction\":[{\"@type\":\"SearchAction\",\"target\":{\"@type\":\"EntryPoint\",\"urlTemplate\":\"https:\/\/www.electroluxprofessional.com\/no\/?src={search_term_string}\"},\"query-input\":\"required name=search_term_string\"}],\"inLanguage\":\"nb-NO\"}]}<\/script>\n<!-- \/ Yoast SEO plugin. -->","yoast_head_json":{"title":"Betalingssystem - Electrolux Professional Norge","description":"Betalingssystem. Vi har mange ulike systemer, ta kontakt med oss for \u00e5 f\u00e5 vite mer om de ulike l\u00f8sningene for vaskemaskiner og t\u00f8rketromler.","robots":{"index":"index","follow":"follow","max-snippet":"max-snippet:-1","max-image-preview":"max-image-preview:large","max-video-preview":"max-video-preview:-1"},"canonical":"https:\/\/www.electroluxprofessional.com\/no\/betalingssystem\/","og_locale":"nb_NO","og_type":"article","og_title":"Betalingssystem - Electrolux Professional Norge","og_description":"Betalingssystem. Vi har mange ulike systemer, ta kontakt med oss for \u00e5 f\u00e5 vite mer om de ulike l\u00f8sningene for vaskemaskiner og t\u00f8rketromler.","og_url":"https:\/\/www.electroluxprofessional.com\/no\/betalingssystem\/","og_site_name":"Electrolux Professional Norge","article_modified_time":"2022-09-26T12:20:17+00:00","twitter_card":"summary_large_image","twitter_misc":{"Ansl. lesetid":"1 minutt"},"schema":{"@context":"https:\/\/schema.org","@graph":[{"@type":"WebPage","@id":"https:\/\/www.electroluxprofessional.com\/no\/betalingssystem\/","url":"https:\/\/www.electroluxprofessional.com\/no\/betalingssystem\/","name":"Betalingssystem - Electrolux Professional Norge","isPartOf":{"@id":"https:\/\/www.electroluxprofessional.com\/no\/#website"},"datePublished":"2017-01-27T11:47:53+00:00","dateModified":"2022-09-26T12:20:17+00:00","description":"Betalingssystem. Vi har mange ulike systemer, ta kontakt med oss for \u00e5 f\u00e5 vite mer om de ulike l\u00f8sningene for vaskemaskiner og t\u00f8rketromler.","breadcrumb":{"@id":"https:\/\/www.electroluxprofessional.com\/no\/betalingssystem\/#breadcrumb"},"inLanguage":"nb-NO","potentialAction":[{"@type":"ReadAction","target":["https:\/\/www.electroluxprofessional.com\/no\/betalingssystem\/"]}]},{"@type":"BreadcrumbList","@id":"https:\/\/www.electroluxprofessional.com\/no\/betalingssystem\/#breadcrumb","itemListElement":[{"@type":"ListItem","position":1,"name":"Home","item":"https:\/\/www.electroluxprofessional.com\/no\/"},{"@type":"ListItem","position":2,"name":"Betalingssystem"}]},{"@type":"WebSite","@id":"https:\/\/www.electroluxprofessional.com\/no\/#website","url":"https:\/\/www.electroluxprofessional.com\/no\/","name":"Electrolux Professional Norge","description":"","potentialAction":[{"@type":"SearchAction","target":{"@type":"EntryPoint","urlTemplate":"https:\/\/www.electroluxprofessional.com\/no\/?src={search_term_string}"},"query-input":"required name=search_term_string"}],"inLanguage":"nb-NO"}]}},"_links":{"self":[{"href":"https:\/\/www.electroluxprofessional.com\/no\/wp-json\/wp\/v2\/pages\/1212"}],"collection":[{"href":"https:\/\/www.electroluxprofessional.com\/no\/wp-json\/wp\/v2\/pages"}],"about":[{"href":"https:\/\/www.electroluxprofessional.com\/no\/wp-json\/wp\/v2\/types\/page"}],"author":[{"embeddable":true,"href":"https:\/\/www.electroluxprofessional.com\/no\/wp-json\/wp\/v2\/users\/3"}],"replies":[{"embeddable":true,"href":"https:\/\/www.electroluxprofessional.com\/no\/wp-json\/wp\/v2\/comments?post=1212"}],"version-history":[{"count":19,"href":"https:\/\/www.electroluxprofessional.com\/no\/wp-json\/wp\/v2\/pages\/1212\/revisions"}],"predecessor-version":[{"id":10875,"href":"https:\/\/www.electroluxprofessional.com\/no\/wp-json\/wp\/v2\/pages\/1212\/revisions\/10875"}],"wp:attachment":[{"href":"https:\/\/www.electroluxprofessional.com\/no\/wp-json\/wp\/v2\/media?parent=1212"}],"curies":[{"name":"wp","href":"https:\/\/api.w.org\/{rel}","templated":true}]}}