{"id":1184,"date":"2017-01-23T15:49:53","date_gmt":"2017-01-23T15:49:53","guid":{"rendered":"https:\/\/www.electroluxprofessional.com\/no\/?page_id=1184"},"modified":"2025-03-06T07:36:20","modified_gmt":"2025-03-06T07:36:20","slug":"vaskeri","status":"publish","type":"page","link":"https:\/\/www.electroluxprofessional.com\/no\/vaskeri\/","title":{"rendered":"Vaskeri"},"content":{"rendered":"<p>[vc_row full_width=&#8221;electroluxpro-full-width-no-padding&#8221;][vc_column][elx_hero_title label=&#8221;&#8221; label_background_color=&#8221;inherit&#8221; background_image=&#8221;10929&#8243;][\/elx_hero_title][elx_download_block text=&#8221;Last ned v\u00e5r totale produktsortimentsbrosjyre her!&#8221; document_type=&#8221;range-overviews&#8221; background_color=&#8221;electrolux-blue&#8221; ro_document_number=&#8221;RAN-9JE00031&#8243;][\/vc_column][\/vc_row][vc_row][vc_column][elx_heading font_container=&#8221;h1&#8243; font_size=&#8221;h3&#8243; text_color=&#8221;inherit&#8221;]<\/p>\n<p style=\"text-align: center;\">Electrolux Professional utvikler b\u00e6rekraftige og fleksible vaskeril\u00f8sninger basert p\u00e5 v\u00e5re kunders innspill for \u00e5 bedre funksjonalitet, produktivitet og ergonomi.<\/p>\n<p>[\/elx_heading][vc_empty_space height=&#8221;50px&#8221;][\/vc_column][\/vc_row][vc_row][vc_column width=&#8221;1\/4&#8243;][elx_navigation_branch image=&#8221;14066&#8243; menu_list=&#8221;12541&#8243;][\/vc_column][vc_column width=&#8221;1\/4&#8243;][elx_navigation_branch image=&#8221;14072&#8243; menu_list=&#8221;12545&#8243;][\/vc_column][vc_column width=&#8221;1\/4&#8243;][elx_navigation_branch image=&#8221;14070&#8243; menu_list=&#8221;12548&#8243;][\/vc_column][vc_column width=&#8221;1\/4&#8243;][elx_navigation_branch title_link=&#8221;title-linkable&#8221; image=&#8221;14069&#8243; menu_list=&#8221;12550&#8243;][\/vc_column][\/vc_row][vc_row][vc_column][vc_empty_space height=&#8221;80px&#8221;][\/vc_column][\/vc_row][vc_row][vc_column width=&#8221;1\/4&#8243;][elx_navigation_branch image=&#8221;14065&#8243; menu_list=&#8221;12551&#8243;][\/vc_column][vc_column width=&#8221;1\/4&#8243;][elx_navigation_branch image=&#8221;11860&#8243; menu_list=&#8221;12553&#8243;][\/vc_column][vc_column width=&#8221;1\/4&#8243;][elx_navigation_branch menu_list=&#8221;12556&#8243; image=&#8221;14063&#8243;][\/vc_column][vc_column width=&#8221;1\/4&#8243;][elx_navigation_branch title_link=&#8221;title-linkable&#8221; image=&#8221;14064&#8243; menu_list=&#8221;12560&#8243;][\/vc_column][\/vc_row][vc_row][vc_column][vc_empty_space height=&#8221;80px&#8221;][\/vc_column][\/vc_row][vc_row][vc_column width=&#8221;1\/4&#8243;][elx_navigation_branch image=&#8221;14067&#8243; menu_list=&#8221;12561&#8243;][\/vc_column][vc_column width=&#8221;1\/4&#8243;][\/vc_column][vc_column width=&#8221;1\/4&#8243;][\/vc_column][vc_column width=&#8221;1\/4&#8243;][\/vc_column][\/vc_row][vc_row][vc_column][vc_empty_space height=&#8221;70px&#8221;][elx_heading font_size=&#8221;h3&#8243; text_color=&#8221;inherit&#8221;]Oppdag mer om kommersielle vaskeril\u00f8sninger[\/elx_heading][elx_o2000_contact_us s=&#8221;Foresp\u00f8rsel om informasjon om kommersielle vaskeril\u00f8sninger&#8221; r=&#8221;Jeg vil gjerne finne ut mer om dine kommersielle vaskeril\u00f8sninger. Vennligst ta kontakt med meg. Takk.&#8221;][vc_empty_space height=&#8221;80px&#8221;][\/vc_column][\/vc_row][vc_row][vc_column][elx_heading font_size=&#8221;h3&#8243; text_color=&#8221;inherit&#8221; text_align=&#8221;text-center&#8221;]Finn din komplette l\u00f8sning[\/elx_heading][\/vc_column][\/vc_row][vc_row][vc_column][vc_empty_space][\/vc_column][\/vc_row][vc_row][vc_column width=&#8221;1\/3&#8243;][elx_maylike_box id_box=&#8221;1822&#8243;][\/vc_column][vc_column width=&#8221;1\/3&#8243;][elx_maylike_box id_box=&#8221;1544&#8243;][\/vc_column][vc_column width=&#8221;1\/3&#8243;][elx_maylike_box id_box=&#8221;1570&#8243;][\/vc_column][\/vc_row][vc_row][vc_column width=&#8221;1\/3&#8243;][elx_maylike_box id_box=&#8221;1859&#8243;][\/vc_column][vc_column width=&#8221;1\/3&#8243;][elx_maylike_box id_box=&#8221;1527&#8243;][\/vc_column][vc_column width=&#8221;1\/3&#8243;][elx_maylike_box id_box=&#8221;1826&#8243;][\/vc_column][\/vc_row][vc_row][vc_column width=&#8221;1\/3&#8243;][elx_maylike_box id_box=&#8221;1824&#8243;][\/vc_column][vc_column width=&#8221;1\/3&#8243;][elx_maylike_box id_box=&#8221;1553&#8243;][\/vc_column][\/vc_row]<\/p>\n","protected":false},"excerpt":{"rendered":"<p>[vc_row full_width=&#8221;electroluxpro-full-width-no-padding&#8221;][vc_column][elx_hero_title label=&#8221;&#8221; label_background_color=&#8221;inherit&#8221; background_image=&#8221;10929&#8243;][\/elx_hero_title][elx_download_block text=&#8221;Last ned v\u00e5r totale produktsortimentsbrosjyre her!&#8221; document_type=&#8221;range-overviews&#8221; background_color=&#8221;electrolux-blue&#8221; ro_document_number=&#8221;RAN-9JE00031&#8243;][\/vc_column][\/vc_row][vc_row][vc_column][elx_heading font_container=&#8221;h1&#8243; font_size=&#8221;h3&#8243; text_color=&#8221;inherit&#8221;] Electrolux Professional utvikler b\u00e6rekraftige og fleksible vaskeril\u00f8sninger basert p\u00e5 v\u00e5re kunders innspill for \u00e5 bedre funksjonalitet, produktivitet og ergonomi. [\/elx_heading][vc_empty_space height=&#8221;50px&#8221;][\/vc_column][\/vc_row][vc_row][vc_column width=&#8221;1\/4&#8243;][elx_navigation_branch image=&#8221;14066&#8243; menu_list=&#8221;12541&#8243;][\/vc_column][vc_column width=&#8221;1\/4&#8243;][elx_navigation_branch image=&#8221;14072&#8243; menu_list=&#8221;12545&#8243;][\/vc_column][vc_column width=&#8221;1\/4&#8243;][elx_navigation_branch image=&#8221;14070&#8243; menu_list=&#8221;12548&#8243;][\/vc_column][vc_column width=&#8221;1\/4&#8243;][elx_navigation_branch title_link=&#8221;title-linkable&#8221; image=&#8221;14069&#8243; menu_list=&#8221;12550&#8243;][\/vc_column][\/vc_row][vc_row][vc_column][vc_empty_space height=&#8221;80px&#8221;][\/vc_column][\/vc_row][vc_row][vc_column width=&#8221;1\/4&#8243;][elx_navigation_branch image=&#8221;14065&#8243; menu_list=&#8221;12551&#8243;][\/vc_column][vc_column [&hellip;]<\/p>\n","protected":false},"author":3,"featured_media":0,"parent":0,"menu_order":0,"comment_status":"closed","ping_status":"closed","template":"","meta":{"footnotes":""},"class_list":["post-1184","page","type-page","status-publish","hentry"],"acf":[],"yoast_head":"<!-- This site is optimized with the Yoast SEO plugin v23.3 - https:\/\/yoast.com\/wordpress\/plugins\/seo\/ -->\n<title>Vaskeri - Electrolux Professional Norge<\/title>\n<meta name=\"description\" content=\"Electrolux Professional utvikler profesjonelle vaskeril\u00f8sninger innen ulike segment som felles-\/sameie-\/studentvaskerier, alders- og sykehjem, kommersielle vaskerier og selvbetjente-\/myntvaskerier.\" \/>\n<meta name=\"robots\" content=\"index, follow, max-snippet:-1, max-image-preview:large, max-video-preview:-1\" \/>\n<link rel=\"canonical\" href=\"https:\/\/www.electroluxprofessional.com\/no\/vaskeri\/\" \/>\n<meta property=\"og:locale\" content=\"nb_NO\" \/>\n<meta property=\"og:type\" content=\"article\" \/>\n<meta property=\"og:title\" content=\"Vaskeri - Electrolux Professional Norge\" \/>\n<meta property=\"og:description\" content=\"Electrolux Professional utvikler profesjonelle vaskeril\u00f8sninger innen ulike segment som felles-\/sameie-\/studentvaskerier, alders- og sykehjem, kommersielle vaskerier og selvbetjente-\/myntvaskerier.\" \/>\n<meta property=\"og:url\" content=\"https:\/\/www.electroluxprofessional.com\/no\/vaskeri\/\" \/>\n<meta property=\"og:site_name\" content=\"Electrolux Professional Norge\" \/>\n<meta property=\"article:modified_time\" content=\"2025-03-06T07:36:20+00:00\" \/>\n<meta name=\"twitter:card\" content=\"summary_large_image\" \/>\n<meta name=\"twitter:label1\" content=\"Ansl. lesetid\" \/>\n\t<meta name=\"twitter:data1\" content=\"1 minutt\" \/>\n<script type=\"application\/ld+json\" class=\"yoast-schema-graph\">{\"@context\":\"https:\/\/schema.org\",\"@graph\":[{\"@type\":\"WebPage\",\"@id\":\"https:\/\/www.electroluxprofessional.com\/no\/vaskeri\/\",\"url\":\"https:\/\/www.electroluxprofessional.com\/no\/vaskeri\/\",\"name\":\"Vaskeri - Electrolux Professional Norge\",\"isPartOf\":{\"@id\":\"https:\/\/www.electroluxprofessional.com\/no\/#website\"},\"datePublished\":\"2017-01-23T15:49:53+00:00\",\"dateModified\":\"2025-03-06T07:36:20+00:00\",\"description\":\"Electrolux Professional utvikler profesjonelle vaskeril\u00f8sninger innen ulike segment som felles-\/sameie-\/studentvaskerier, alders- og sykehjem, kommersielle vaskerier og selvbetjente-\/myntvaskerier.\",\"breadcrumb\":{\"@id\":\"https:\/\/www.electroluxprofessional.com\/no\/vaskeri\/#breadcrumb\"},\"inLanguage\":\"nb-NO\",\"potentialAction\":[{\"@type\":\"ReadAction\",\"target\":[\"https:\/\/www.electroluxprofessional.com\/no\/vaskeri\/\"]}]},{\"@type\":\"BreadcrumbList\",\"@id\":\"https:\/\/www.electroluxprofessional.com\/no\/vaskeri\/#breadcrumb\",\"itemListElement\":[{\"@type\":\"ListItem\",\"position\":1,\"name\":\"Home\",\"item\":\"https:\/\/www.electroluxprofessional.com\/no\/\"},{\"@type\":\"ListItem\",\"position\":2,\"name\":\"Vaskeri\"}]},{\"@type\":\"WebSite\",\"@id\":\"https:\/\/www.electroluxprofessional.com\/no\/#website\",\"url\":\"https:\/\/www.electroluxprofessional.com\/no\/\",\"name\":\"Electrolux Professional Norge\",\"description\":\"\",\"potentialAction\":[{\"@type\":\"SearchAction\",\"target\":{\"@type\":\"EntryPoint\",\"urlTemplate\":\"https:\/\/www.electroluxprofessional.com\/no\/?src={search_term_string}\"},\"query-input\":\"required name=search_term_string\"}],\"inLanguage\":\"nb-NO\"}]}<\/script>\n<!-- \/ Yoast SEO plugin. -->","yoast_head_json":{"title":"Vaskeri - Electrolux Professional Norge","description":"Electrolux Professional utvikler profesjonelle vaskeril\u00f8sninger innen ulike segment som felles-\/sameie-\/studentvaskerier, alders- og sykehjem, kommersielle vaskerier og selvbetjente-\/myntvaskerier.","robots":{"index":"index","follow":"follow","max-snippet":"max-snippet:-1","max-image-preview":"max-image-preview:large","max-video-preview":"max-video-preview:-1"},"canonical":"https:\/\/www.electroluxprofessional.com\/no\/vaskeri\/","og_locale":"nb_NO","og_type":"article","og_title":"Vaskeri - Electrolux Professional Norge","og_description":"Electrolux Professional utvikler profesjonelle vaskeril\u00f8sninger innen ulike segment som felles-\/sameie-\/studentvaskerier, alders- og sykehjem, kommersielle vaskerier og selvbetjente-\/myntvaskerier.","og_url":"https:\/\/www.electroluxprofessional.com\/no\/vaskeri\/","og_site_name":"Electrolux Professional Norge","article_modified_time":"2025-03-06T07:36:20+00:00","twitter_card":"summary_large_image","twitter_misc":{"Ansl. lesetid":"1 minutt"},"schema":{"@context":"https:\/\/schema.org","@graph":[{"@type":"WebPage","@id":"https:\/\/www.electroluxprofessional.com\/no\/vaskeri\/","url":"https:\/\/www.electroluxprofessional.com\/no\/vaskeri\/","name":"Vaskeri - Electrolux Professional Norge","isPartOf":{"@id":"https:\/\/www.electroluxprofessional.com\/no\/#website"},"datePublished":"2017-01-23T15:49:53+00:00","dateModified":"2025-03-06T07:36:20+00:00","description":"Electrolux Professional utvikler profesjonelle vaskeril\u00f8sninger innen ulike segment som felles-\/sameie-\/studentvaskerier, alders- og sykehjem, kommersielle vaskerier og selvbetjente-\/myntvaskerier.","breadcrumb":{"@id":"https:\/\/www.electroluxprofessional.com\/no\/vaskeri\/#breadcrumb"},"inLanguage":"nb-NO","potentialAction":[{"@type":"ReadAction","target":["https:\/\/www.electroluxprofessional.com\/no\/vaskeri\/"]}]},{"@type":"BreadcrumbList","@id":"https:\/\/www.electroluxprofessional.com\/no\/vaskeri\/#breadcrumb","itemListElement":[{"@type":"ListItem","position":1,"name":"Home","item":"https:\/\/www.electroluxprofessional.com\/no\/"},{"@type":"ListItem","position":2,"name":"Vaskeri"}]},{"@type":"WebSite","@id":"https:\/\/www.electroluxprofessional.com\/no\/#website","url":"https:\/\/www.electroluxprofessional.com\/no\/","name":"Electrolux Professional Norge","description":"","potentialAction":[{"@type":"SearchAction","target":{"@type":"EntryPoint","urlTemplate":"https:\/\/www.electroluxprofessional.com\/no\/?src={search_term_string}"},"query-input":"required name=search_term_string"}],"inLanguage":"nb-NO"}]}},"_links":{"self":[{"href":"https:\/\/www.electroluxprofessional.com\/no\/wp-json\/wp\/v2\/pages\/1184"}],"collection":[{"href":"https:\/\/www.electroluxprofessional.com\/no\/wp-json\/wp\/v2\/pages"}],"about":[{"href":"https:\/\/www.electroluxprofessional.com\/no\/wp-json\/wp\/v2\/types\/page"}],"author":[{"embeddable":true,"href":"https:\/\/www.electroluxprofessional.com\/no\/wp-json\/wp\/v2\/users\/3"}],"replies":[{"embeddable":true,"href":"https:\/\/www.electroluxprofessional.com\/no\/wp-json\/wp\/v2\/comments?post=1184"}],"version-history":[{"count":63,"href":"https:\/\/www.electroluxprofessional.com\/no\/wp-json\/wp\/v2\/pages\/1184\/revisions"}],"predecessor-version":[{"id":11859,"href":"https:\/\/www.electroluxprofessional.com\/no\/wp-json\/wp\/v2\/pages\/1184\/revisions\/11859"}],"wp:attachment":[{"href":"https:\/\/www.electroluxprofessional.com\/no\/wp-json\/wp\/v2\/media?parent=1184"}],"curies":[{"name":"wp","href":"https:\/\/api.w.org\/{rel}","templated":true}]}}