{"id":1127,"date":"2017-01-24T09:48:10","date_gmt":"2017-01-24T09:48:10","guid":{"rendered":"https:\/\/www.electroluxprofessional.com\/no\/?page_id=1127"},"modified":"2021-11-30T07:28:19","modified_gmt":"2021-11-30T07:28:19","slug":"helse-og-pleie","status":"publish","type":"page","link":"https:\/\/www.electroluxprofessional.com\/no\/helse-og-pleie\/","title":{"rendered":"Helse og pleie"},"content":{"rendered":"<p>[vc_row full_width=&#8221;electroluxpro-full-width-no-padding&#8221; equal_height=&#8221;yes&#8221;][vc_column reveal_effect=&#8221;&#8221; width=&#8221;1\/2&#8243;][elx_citation name=&#8221;Elke Nekes, Laundry Manager&#8221; company=&#8221;Carolinenhohe &#8211; Ingelhelm, Germany&#8221;][elx_heading font_container=&#8221;h1&#8243; font_size=&#8221;h2&#8243; text_color=&#8221;inherit&#8221;]Det viktigste for oss var utstyr som var kompakt og lett \u00e5 bruke, og som leverte enest\u00e5ende vaskeresultater.[\/elx_heading][\/elx_citation][\/vc_column][vc_column reveal_effect=&#8221;&#8221; width=&#8221;1\/2&#8243;][elx_image_block background_image=&#8221;585&#8243; minimum_height=&#8221;650px&#8221;][\/vc_column][\/vc_row][vc_row full_width=&#8221;electroluxpro-container-no-padding&#8221; parallax=&#8221;content-moving-fade&#8221;][vc_column reveal_effect=&#8221;&#8221;][elx_heading text_color=&#8221;inherit&#8221; text_align=&#8221;text-center&#8221;]<strong>Pleie- og omsorgssektoren:<\/strong> total hygienkontroll<\/p>\n<p>[\/elx_heading][vc_column_text css_animation=&#8221;top-to-bottom&#8221; css=&#8221;.vc_custom_1480939432433{padding-top: 20px !important;padding-right: 20px !important;padding-bottom: 20px !important;padding-left: 20px !important;}&#8221;]<\/p>\n<p style=\"text-align: center;\">Total hygienekontroll i vaskeriprosessen er av avgj\u00f8rende betydning innen helse- og pleiesektoren<\/p>\n<p>[\/vc_column_text][vc_empty_space height=&#8221;50px&#8221;][\/vc_column][\/vc_row][vc_row full_width=&#8221;electroluxpro-full-width-no-padding&#8221;][vc_column width=&#8221;1\/2&#8243;][elx_image_block background_image=&#8221;586&#8243; minimum_height=&#8221;600px&#8221;][\/vc_column][vc_column width=&#8221;1\/2&#8243;][elx_simple_block background_color=&#8221;inherit&#8221;][vc_column_text css_animation=&#8221;left-to-right&#8221; css=&#8221;.vc_custom_1480937268082{padding-top: 20px !important;}&#8221;]<\/p>\n<ul>\n<li>Mer enn 500 barriereinstallasjoner hvert \u00e5r<\/li>\n<li>Tilpasset hygiene vaskeril\u00f8sninger<\/li>\n<li>Maksimal kontroll og sporbarhet i hele vaskeprosessen<\/li>\n<li>Fullt samsvar med de strengeste hygienestandarder<\/li>\n<li>Sk\u00e5nsom mot det delikate med lagoon\u00ae, det f\u00f8rste v\u00e5trenssystemet godkjent av The Woolmark\u00ae Company<\/li>\n<\/ul>\n<p>[\/vc_column_text][\/elx_simple_block][\/vc_column][\/vc_row][vc_row full_width=&#8221;electroluxpro-full-width-no-padding&#8221; equal_height=&#8221;yes&#8221;][vc_column width=&#8221;1\/2&#8243;][\/vc_column][\/vc_row][vc_row][vc_column][vc_empty_space height=&#8221;100px&#8221;][vc_column_text]<\/p>\n<h3 style=\"text-align: center;\">Senget\u00f8y, h\u00e5ndkl\u00e6r, servietter og t\u00f8y krever spesielle rengj\u00f8ringsprosesser som minsker risikoen for infeksjon og kryss-smitte.<\/h3>\n<p>[\/vc_column_text][vc_empty_space height=&#8221;50px&#8221;][\/vc_column][\/vc_row][vc_row][vc_column][vc_empty_space height=&#8221;100px&#8221;][\/vc_column][\/vc_row][vc_row full_width=&#8221;electroluxpro-full-width&#8221;][vc_column width=&#8221;1\/2&#8243;][vc_single_image image=&#8221;1779&#8243; img_size=&#8221;full&#8221;][elx_heading font_container=&#8221;h3&#8243; text_color=&#8221;inherit&#8221;]<\/p>\n<p style=\"text-align: center;\">Vaskeriflyt<\/p>\n<p>[\/elx_heading][vc_column_text drop_caps=&#8221;big-first-letter&#8221;]S\u00f8rg for at pasienter og beboere opplever den beste komfort og hygiene samtidig med full kostnadskontroll.[\/vc_column_text][\/vc_column][\/vc_row][vc_row][vc_column][vc_empty_space height=&#8221;100px&#8221;][\/vc_column][\/vc_row][vc_row][vc_column][vc_tta_tabs active_section=&#8221;1&#8243; title=&#8221;L\u00f8sninger for alders- og sykehjem, helse og pleie&#8221;][vc_tta_section title=&#8221;Kommunevaskeri&#8221; tab_id=&#8221;care-home-package&#8221;][vc_row_inner][vc_column_inner width=&#8221;1\/2&#8243;][elx_image_block is_full_height=&#8221;full-height&#8221; background_image=&#8221;1925&#8243; minimum_height=&#8221;300px&#8221;][\/vc_column_inner][vc_column_inner width=&#8221;1\/2&#8243;][elx_heading font_container=&#8221;h3&#8243; text_color=&#8221;inherit&#8221;]Kl\u00f8vningsten, Sarpsborg kommune[\/elx_heading][vc_column_text]<strong>Fellesvaskeri for hele kommunen. Vasker for fem sykehjem, fire bosentre og ca 70 hjemmeboende.<\/strong><\/p>\n<p><strong>Installasjonen inkluderer:<\/strong><\/p>\n<ul>\n<li>2 WPB 4700H Pullmann barrieremaskiner<\/li>\n<li>2 WSB 4250H barrieremaskiner<\/li>\n<li>1 WSB 4500H barrieremaskin<\/li>\n<li>1 WB 4180H pocket barriere<\/li>\n<li>1 W4240H vaskemaskin<\/li>\n<li>3 T4550 t\u00f8rketromler<\/li>\n<li>3 T41200 t\u00f8rketromler med tilt<\/li>\n<\/ul>\n<p>[\/vc_column_text][\/vc_column_inner][\/vc_row_inner][\/vc_tta_section][vc_tta_section title=&#8221;Alders- og sykehjem&#8221; tab_id=&#8221;1488288172348-583bf39e-df97&#8243;][vc_row_inner][vc_column_inner width=&#8221;1\/2&#8243;][elx_image_block background_image=&#8221;588&#8243; minimum_height=&#8221;300px&#8221;][\/vc_column_inner][vc_column_inner width=&#8221;1\/2&#8243;][elx_heading font_container=&#8221;h3&#8243; text_color=&#8221;inherit&#8221;]Carolinenhohe, Germany[\/elx_heading][vc_column_text]<strong>100 beboere<\/strong><\/p>\n<p><strong>Installasjonen inkluderer:<\/strong><\/p>\n<ul>\n<li>2 WB4130H Barrieremaskiner med 13 kg kapasitet<\/li>\n<li>2 T4300LE varmepumpetrommel med 13 kg kapasitet<\/li>\n<li>1 FIT3 strykebord<\/li>\n<\/ul>\n<p>[\/vc_column_text][\/vc_column_inner][\/vc_row_inner][\/vc_tta_section][vc_tta_section title=&#8221;Pleiehjem&#8221; tab_id=&#8221;small-care-package&#8221;][vc_row_inner][vc_column_inner width=&#8221;1\/2&#8243;][vc_single_image image=&#8221;593&#8243; img_size=&#8221;large&#8221;][\/vc_column_inner][vc_column_inner width=&#8221;1\/2&#8243;][elx_heading font_container=&#8221;h3&#8243; text_color=&#8221;inherit&#8221;]Fondazione San Rocco, Italy[\/elx_heading][vc_column_text]<strong>50 senger<\/strong><\/p>\n<p>Installasjonen inkluderer:<\/p>\n<ul>\n<li>2 W5105H Barrieremaskiner<\/li>\n<li>1 T5250 T\u00f8rketrommel<\/li>\n<\/ul>\n<p>[\/vc_column_text][\/vc_column_inner][\/vc_row_inner][\/vc_tta_section][vc_tta_section title=&#8221;Tab&#8221; tab_id=&#8221;1488288166671-16a13ce9-2fcc&#8221;][\/vc_tta_section][\/vc_tta_tabs][\/vc_column][\/vc_row][vc_row][vc_column][vc_empty_space height=&#8221;70px&#8221;][\/vc_column][\/vc_row][vc_row css=&#8221;.vc_custom_1466152798385{background-color: #f8f6f9 !important;}&#8221;][vc_column][elx_heading text_color=&#8221;inherit&#8221;]Finn mer ut om hva Electrolux Professional kan gj\u00f8re for din business.[\/elx_heading][elx_o2000_contact_us r=&#8221;Jeg \u00f8nsker \u00e5 vite mer om l\u00f8sninger til pleie- og helsesektoren.&#8221; s=&#8221;Info om l\u00f8sninger til helse og pleie&#8221; country=&#8221;Norway&#8221; b=&#8221;laundry&#8221; e=&#8221;els.info@electrolux.no&#8221; l=&#8221;no&#8221; container=&#8221;elxcontactus1466166272&#8243;][\/vc_column][\/vc_row][vc_row][vc_column][vc_empty_space height=&#8221;70px&#8221;][elx_heading text_color=&#8221;inherit&#8221;]Se hva noen av v\u00e5re kunder rundt om i verden forteller om sine l\u00f8sninger[\/elx_heading][\/vc_column][\/vc_row][vc_row equal_height=&#8221;yes&#8221;][vc_column width=&#8221;1\/2&#8243; css=&#8221;.vc_custom_1463471750873{padding-top: 30px !important;padding-bottom: 30px !important;}&#8221;][elx_image_block background_image=&#8221;590&#8243; minimum_height=&#8221;400px&#8221;][\/vc_column][vc_column width=&#8221;1\/2&#8243;][elx_simple_block background_color=&#8221;inherit&#8221;][elx_heading text_color=&#8221;inherit&#8221;]Kingfisher Court ivaretar de h\u00f8yeste hygiene standarder<\/p>\n<h3><\/h3>\n<p>[\/elx_heading][vc_column_text]<b>Hertfordshire, UK<\/b><\/p>\n<p><em>&#8220;Vi visste hva slags type vaskeriutstyr vi var p\u00e5 jakt etter og Electrolux Professional passet v\u00e5r kriterier. V\u00e5rt barrierevaskeri er en av v\u00e5re viktigste \u00a0enhter og s\u00f8rger for total vaskerikontroll og ro i sjelen hos v\u00e5re ansatte<\/em>&#8220;.<\/p>\n<p>Lisa \u00a0Wellings, Project Manager[\/vc_column_text][\/elx_simple_block][\/vc_column][\/vc_row][vc_row][vc_column width=&#8221;1\/2&#8243;][elx_image_block background_image=&#8221;592&#8243; minimum_height=&#8221;401px&#8221;][\/vc_column][vc_column width=&#8221;1\/2&#8243;][elx_simple_block background_color=&#8221;inherit&#8221;][elx_heading text_color=&#8221;inherit&#8221;]DPS Syrena fikk kontroll p\u00e5 vasken[\/elx_heading][vc_column_text]<strong>Warsawa, Polen<\/strong><\/p>\n<p><em>&#8220;For et par \u00e5r siden startet jeg med \u00e5 renovere pleiehjemmet. Mitt m\u00e5l var \u00e5 skape en varmt og hjemmekoselig sted for v\u00e5re beboere, i et moderne milj\u00f8&#8221;.<\/em><\/p>\n<p>Ms. Malgorzata Slomian, Director of DPS Syrena[\/vc_column_text][\/elx_simple_block][\/vc_column][\/vc_row][vc_row][vc_column][vc_column_text css_animation=&#8221;appear&#8221;]<\/p>\n<h3>Klikk p\u00e5 knappene\u00a0for brosjyrer:<\/h3>\n<p>[\/vc_column_text][\/vc_column][\/vc_row][vc_row][vc_column width=&#8221;1\/3&#8243;][elx_download_block text=&#8221;Care Homes Brochure&#8221; link=&#8221;files.professional.electrolux.com\/docs\/?n=A0022&amp;t=BR&amp;l=1&#8243; reveal_effect=&#8221;fadeIn&#8221; reveal_duration=&#8221;&#8221; reveal_delay=&#8221;&#8221;][\/vc_column][vc_column width=&#8221;1\/3&#8243;][elx_download_block text=&#8221;Hyvolution Barrier Washer Brochure&#8221; link=&#8221;https:\/\/www.electroluxprofessional.com\/no\/wp-content\/uploads\/2017\/02\/Evolution_Barrier_Launch_Leaflet_210x105mm_NO_low.pdf&#8221; reveal_effect=&#8221;fadeIn&#8221; reveal_duration=&#8221;&#8221; reveal_delay=&#8221;&#8221;][\/vc_column][\/vc_row][vc_row css=&#8221;.vc_custom_1466166777896{background-color: #f8f6f9 !important;}&#8221;][vc_column][elx_heading text_color=&#8221;inherit&#8221;]Oppdag hva Electrolux Professional kan gj\u00f8re for din business.[\/elx_heading][elx_o2000_contact_us r=&#8221;Jeg \u00f8nsker \u00e5 vite mer om deres l\u00f8sninger. Vennligst kontakt meg.&#8221; s=&#8221;Info om l\u00f8sninger til helse og pleiesektoren&#8221; country=&#8221;Norway&#8221; b=&#8221;laundry&#8221; e=&#8221;els.info@electrolux.no&#8221; l=&#8221;no&#8221; container=&#8221;elxcontactus1466166319&#8243;][\/vc_column][\/vc_row]<\/p>\n","protected":false},"excerpt":{"rendered":"<p>[vc_row full_width=&#8221;electroluxpro-full-width-no-padding&#8221; equal_height=&#8221;yes&#8221;][vc_column reveal_effect=&#8221;&#8221; width=&#8221;1\/2&#8243;][elx_citation name=&#8221;Elke Nekes, Laundry Manager&#8221; company=&#8221;Carolinenhohe &#8211; Ingelhelm, Germany&#8221;][elx_heading font_container=&#8221;h1&#8243; font_size=&#8221;h2&#8243; text_color=&#8221;inherit&#8221;]Det viktigste for oss var utstyr som var kompakt og lett \u00e5 bruke, og som leverte enest\u00e5ende vaskeresultater.[\/elx_heading][\/elx_citation][\/vc_column][vc_column reveal_effect=&#8221;&#8221; width=&#8221;1\/2&#8243;][elx_image_block background_image=&#8221;585&#8243; minimum_height=&#8221;650px&#8221;][\/vc_column][\/vc_row][vc_row full_width=&#8221;electroluxpro-container-no-padding&#8221; parallax=&#8221;content-moving-fade&#8221;][vc_column reveal_effect=&#8221;&#8221;][elx_heading text_color=&#8221;inherit&#8221; text_align=&#8221;text-center&#8221;]Pleie- og omsorgssektoren: total hygienkontroll [\/elx_heading][vc_column_text css_animation=&#8221;top-to-bottom&#8221; css=&#8221;.vc_custom_1480939432433{padding-top: 20px !important;padding-right: 20px !important;padding-bottom: 20px !important;padding-left: [&hellip;]<\/p>\n","protected":false},"author":3,"featured_media":0,"parent":0,"menu_order":0,"comment_status":"closed","ping_status":"closed","template":"","meta":{"footnotes":""},"class_list":["post-1127","page","type-page","status-publish","hentry"],"acf":[],"yoast_head":"<!-- This site is optimized with the Yoast SEO plugin v23.3 - https:\/\/yoast.com\/wordpress\/plugins\/seo\/ -->\n<title>Helse og pleie - Electrolux Professional Norge<\/title>\n<meta name=\"robots\" content=\"index, follow, max-snippet:-1, max-image-preview:large, max-video-preview:-1\" \/>\n<link rel=\"canonical\" href=\"https:\/\/www.electroluxprofessional.com\/no\/helse-og-pleie\/\" \/>\n<meta property=\"og:locale\" content=\"nb_NO\" \/>\n<meta property=\"og:type\" content=\"article\" \/>\n<meta property=\"og:title\" content=\"Helse og pleie - Electrolux Professional Norge\" \/>\n<meta property=\"og:description\" content=\"[vc_row full_width=&#8221;electroluxpro-full-width-no-padding&#8221; equal_height=&#8221;yes&#8221;][vc_column reveal_effect=&#8221;&#8221; width=&#8221;1\/2&#8243;][elx_citation name=&#8221;Elke Nekes, Laundry Manager&#8221; company=&#8221;Carolinenhohe &#8211; Ingelhelm, Germany&#8221;][elx_heading font_container=&#8221;h1&#8243; font_size=&#8221;h2&#8243; text_color=&#8221;inherit&#8221;]Det viktigste for oss var utstyr som var kompakt og lett \u00e5 bruke, og som leverte enest\u00e5ende vaskeresultater.[\/elx_heading][\/elx_citation][\/vc_column][vc_column reveal_effect=&#8221;&#8221; width=&#8221;1\/2&#8243;][elx_image_block background_image=&#8221;585&#8243; minimum_height=&#8221;650px&#8221;][\/vc_column][\/vc_row][vc_row full_width=&#8221;electroluxpro-container-no-padding&#8221; parallax=&#8221;content-moving-fade&#8221;][vc_column reveal_effect=&#8221;&#8221;][elx_heading text_color=&#8221;inherit&#8221; text_align=&#8221;text-center&#8221;]Pleie- og omsorgssektoren: total hygienkontroll [\/elx_heading][vc_column_text css_animation=&#8221;top-to-bottom&#8221; css=&#8221;.vc_custom_1480939432433{padding-top: 20px !important;padding-right: 20px !important;padding-bottom: 20px !important;padding-left: [&hellip;]\" \/>\n<meta property=\"og:url\" content=\"https:\/\/www.electroluxprofessional.com\/no\/helse-og-pleie\/\" \/>\n<meta property=\"og:site_name\" content=\"Electrolux Professional Norge\" \/>\n<meta property=\"article:modified_time\" content=\"2021-11-30T07:28:19+00:00\" \/>\n<meta name=\"twitter:card\" content=\"summary_large_image\" \/>\n<meta name=\"twitter:label1\" content=\"Ansl. lesetid\" \/>\n\t<meta name=\"twitter:data1\" content=\"6 minutter\" \/>\n<script type=\"application\/ld+json\" class=\"yoast-schema-graph\">{\"@context\":\"https:\/\/schema.org\",\"@graph\":[{\"@type\":\"WebPage\",\"@id\":\"https:\/\/www.electroluxprofessional.com\/no\/helse-og-pleie\/\",\"url\":\"https:\/\/www.electroluxprofessional.com\/no\/helse-og-pleie\/\",\"name\":\"Helse og pleie - Electrolux Professional Norge\",\"isPartOf\":{\"@id\":\"https:\/\/www.electroluxprofessional.com\/no\/#website\"},\"datePublished\":\"2017-01-24T09:48:10+00:00\",\"dateModified\":\"2021-11-30T07:28:19+00:00\",\"breadcrumb\":{\"@id\":\"https:\/\/www.electroluxprofessional.com\/no\/helse-og-pleie\/#breadcrumb\"},\"inLanguage\":\"nb-NO\",\"potentialAction\":[{\"@type\":\"ReadAction\",\"target\":[\"https:\/\/www.electroluxprofessional.com\/no\/helse-og-pleie\/\"]}]},{\"@type\":\"BreadcrumbList\",\"@id\":\"https:\/\/www.electroluxprofessional.com\/no\/helse-og-pleie\/#breadcrumb\",\"itemListElement\":[{\"@type\":\"ListItem\",\"position\":1,\"name\":\"Home\",\"item\":\"https:\/\/www.electroluxprofessional.com\/no\/\"},{\"@type\":\"ListItem\",\"position\":2,\"name\":\"Helse og pleie\"}]},{\"@type\":\"WebSite\",\"@id\":\"https:\/\/www.electroluxprofessional.com\/no\/#website\",\"url\":\"https:\/\/www.electroluxprofessional.com\/no\/\",\"name\":\"Electrolux Professional Norge\",\"description\":\"\",\"potentialAction\":[{\"@type\":\"SearchAction\",\"target\":{\"@type\":\"EntryPoint\",\"urlTemplate\":\"https:\/\/www.electroluxprofessional.com\/no\/?src={search_term_string}\"},\"query-input\":\"required name=search_term_string\"}],\"inLanguage\":\"nb-NO\"}]}<\/script>\n<!-- \/ Yoast SEO plugin. -->","yoast_head_json":{"title":"Helse og pleie - Electrolux Professional Norge","robots":{"index":"index","follow":"follow","max-snippet":"max-snippet:-1","max-image-preview":"max-image-preview:large","max-video-preview":"max-video-preview:-1"},"canonical":"https:\/\/www.electroluxprofessional.com\/no\/helse-og-pleie\/","og_locale":"nb_NO","og_type":"article","og_title":"Helse og pleie - Electrolux Professional Norge","og_description":"[vc_row full_width=&#8221;electroluxpro-full-width-no-padding&#8221; equal_height=&#8221;yes&#8221;][vc_column reveal_effect=&#8221;&#8221; width=&#8221;1\/2&#8243;][elx_citation name=&#8221;Elke Nekes, Laundry Manager&#8221; company=&#8221;Carolinenhohe &#8211; Ingelhelm, Germany&#8221;][elx_heading font_container=&#8221;h1&#8243; font_size=&#8221;h2&#8243; text_color=&#8221;inherit&#8221;]Det viktigste for oss var utstyr som var kompakt og lett \u00e5 bruke, og som leverte enest\u00e5ende vaskeresultater.[\/elx_heading][\/elx_citation][\/vc_column][vc_column reveal_effect=&#8221;&#8221; width=&#8221;1\/2&#8243;][elx_image_block background_image=&#8221;585&#8243; minimum_height=&#8221;650px&#8221;][\/vc_column][\/vc_row][vc_row full_width=&#8221;electroluxpro-container-no-padding&#8221; parallax=&#8221;content-moving-fade&#8221;][vc_column reveal_effect=&#8221;&#8221;][elx_heading text_color=&#8221;inherit&#8221; text_align=&#8221;text-center&#8221;]Pleie- og omsorgssektoren: total hygienkontroll [\/elx_heading][vc_column_text css_animation=&#8221;top-to-bottom&#8221; css=&#8221;.vc_custom_1480939432433{padding-top: 20px !important;padding-right: 20px !important;padding-bottom: 20px !important;padding-left: [&hellip;]","og_url":"https:\/\/www.electroluxprofessional.com\/no\/helse-og-pleie\/","og_site_name":"Electrolux Professional Norge","article_modified_time":"2021-11-30T07:28:19+00:00","twitter_card":"summary_large_image","twitter_misc":{"Ansl. lesetid":"6 minutter"},"schema":{"@context":"https:\/\/schema.org","@graph":[{"@type":"WebPage","@id":"https:\/\/www.electroluxprofessional.com\/no\/helse-og-pleie\/","url":"https:\/\/www.electroluxprofessional.com\/no\/helse-og-pleie\/","name":"Helse og pleie - Electrolux Professional Norge","isPartOf":{"@id":"https:\/\/www.electroluxprofessional.com\/no\/#website"},"datePublished":"2017-01-24T09:48:10+00:00","dateModified":"2021-11-30T07:28:19+00:00","breadcrumb":{"@id":"https:\/\/www.electroluxprofessional.com\/no\/helse-og-pleie\/#breadcrumb"},"inLanguage":"nb-NO","potentialAction":[{"@type":"ReadAction","target":["https:\/\/www.electroluxprofessional.com\/no\/helse-og-pleie\/"]}]},{"@type":"BreadcrumbList","@id":"https:\/\/www.electroluxprofessional.com\/no\/helse-og-pleie\/#breadcrumb","itemListElement":[{"@type":"ListItem","position":1,"name":"Home","item":"https:\/\/www.electroluxprofessional.com\/no\/"},{"@type":"ListItem","position":2,"name":"Helse og pleie"}]},{"@type":"WebSite","@id":"https:\/\/www.electroluxprofessional.com\/no\/#website","url":"https:\/\/www.electroluxprofessional.com\/no\/","name":"Electrolux Professional Norge","description":"","potentialAction":[{"@type":"SearchAction","target":{"@type":"EntryPoint","urlTemplate":"https:\/\/www.electroluxprofessional.com\/no\/?src={search_term_string}"},"query-input":"required name=search_term_string"}],"inLanguage":"nb-NO"}]}},"_links":{"self":[{"href":"https:\/\/www.electroluxprofessional.com\/no\/wp-json\/wp\/v2\/pages\/1127"}],"collection":[{"href":"https:\/\/www.electroluxprofessional.com\/no\/wp-json\/wp\/v2\/pages"}],"about":[{"href":"https:\/\/www.electroluxprofessional.com\/no\/wp-json\/wp\/v2\/types\/page"}],"author":[{"embeddable":true,"href":"https:\/\/www.electroluxprofessional.com\/no\/wp-json\/wp\/v2\/users\/3"}],"replies":[{"embeddable":true,"href":"https:\/\/www.electroluxprofessional.com\/no\/wp-json\/wp\/v2\/comments?post=1127"}],"version-history":[{"count":20,"href":"https:\/\/www.electroluxprofessional.com\/no\/wp-json\/wp\/v2\/pages\/1127\/revisions"}],"predecessor-version":[{"id":9086,"href":"https:\/\/www.electroluxprofessional.com\/no\/wp-json\/wp\/v2\/pages\/1127\/revisions\/9086"}],"wp:attachment":[{"href":"https:\/\/www.electroluxprofessional.com\/no\/wp-json\/wp\/v2\/media?parent=1127"}],"curies":[{"name":"wp","href":"https:\/\/api.w.org\/{rel}","templated":true}]}}