{"id":10784,"date":"2022-07-26T13:18:55","date_gmt":"2022-07-26T13:18:55","guid":{"rendered":"https:\/\/www.electroluxprofessional.com\/no\/?page_id=10784"},"modified":"2025-11-05T13:58:28","modified_gmt":"2025-11-05T13:58:28","slug":"sykehus-og-aldershjem","status":"publish","type":"page","link":"https:\/\/www.electroluxprofessional.com\/no\/sykehus-og-aldershjem\/","title":{"rendered":"Sykehus og aldershjem"},"content":{"rendered":"<p>[vc_row full_width=&#8221;electroluxpro-full-width-no-padding&#8221; css=&#8221;.vc_custom_1649420665358{margin-top: 0px !important;padding-top: 0px !important;}&#8221;][vc_column][elx_full_banner title=&#8221;Sykehus og aldershjem&#8221; set_as_h1=&#8221;true&#8221; link=&#8221;url:%23book|title:Be%20om%20en%20Laundry%20Cycle%20Virtual%20demo&#8221; background_image_media_library=&#8221;10783&#8243; background_image_media_library_mobile=&#8221;10780&#8243;][\/vc_column][\/vc_row][vc_row][vc_column][vc_empty_space][elx_heading text_color=&#8221;inherit&#8221; text_align=&#8221;text-center&#8221;]For komplett hygiene<br \/>\nuten kompromisser[\/elx_heading][vc_empty_space][vc_column_text]<\/p>\n<p style=\"text-align: center;\"><strong>Sykehus, klinikker og sykehjem har sv\u00e6rt strenge hygieneforskrifter<\/strong><br \/>\n<strong>som gjelder for h\u00e5ndtering og vask av senget\u00f8y, kl\u00e6r, h\u00e5ndkl\u00e6r og uniformer.<\/strong><\/p>\n<p>[\/vc_column_text][vc_empty_space][\/vc_column][\/vc_row][vc_row css=&#8221;.vc_custom_1649421294586{padding-top: 30px !important;padding-bottom: 30px !important;background-color: #f9f9f9 !important;}&#8221;][vc_column width=&#8221;1\/4&#8243;][vc_column_text]<\/p>\n<h2><strong>Med Electrolux Professional <\/strong><strong>f\u00e5r du:<\/strong><\/h2>\n<p>[\/vc_column_text][\/vc_column][vc_column width=&#8221;3\/4&#8243;][vc_column_text]<\/p>\n<ul>\n<li>Profesjonelle vaskeril\u00f8sninger som im\u00f8tekommer de strengeste krav til hygiene ved helse- og pleieinstituasjoner<\/li>\n<\/ul>\n<ul>\n<li>Global leder innen barrierevaskerier, med mer enn 500 installasjoner hvert \u00e5r<\/li>\n<\/ul>\n<ul>\n<li>Intelligente funksjoner, slik som det unike Certus Management\u2122 Information System for maksimal kontroll og sporbarhet i alle vaskeriprosesser<\/li>\n<\/ul>\n<ul>\n<li>Forbedret effektivitet og produktivitet takket v\u00e6re flere ladninger per dag<\/li>\n<\/ul>\n<ul>\n<li>Service Excellence: verdens mest omfattende nettverk for installasjon, reservedeler og vedlikehold<\/li>\n<\/ul>\n<p>[\/vc_column_text][\/vc_column][\/vc_row][vc_row][vc_column][vc_empty_space][\/vc_column][\/vc_row][vc_row css=&#8221;.vc_custom_1652169859222{padding-top: 30px !important;padding-bottom: 30px !important;background-color: #ffffff !important;}&#8221;][vc_column width=&#8221;1\/2&#8243;][elx_heading text_color=&#8221;inherit&#8221;]Line 6000 Barrieremaskiner[\/elx_heading][vc_empty_space][vc_column_text]De <strong>nye <a href=\"https:\/\/www.electroluxprofessional.com\/no\/vaskeri\/barrieremaskiner\/\">Line 6000 barrieremaskinene<\/a><\/strong> forebygger <strong>kryssmitte<\/strong> mellom rent og skittent t\u00f8y ved \u00e5 levere uovertruffen <strong>produktivitet<\/strong> og <strong>enest\u00e5ende ytelse<\/strong>. <strong>Barrierekonseptet<\/strong> er viktig for \u00e5 garantere maksimal hygiene i <strong>alle trinn av vaskeprosessen<\/strong> for \u00e5 gi beskyttelse for dine pasienter, beboere og ansatte.[\/vc_column_text][vc_empty_space][elx_button button_text=&#8221;Les mer om v\u00e5re barrierel\u00f8sninger&#8221; button_link=&#8221;url:https%3A%2F%2Fwww.electroluxprofessional.com%2Fno%2Fvaskeri%2Fbarrieremaskiner%2F|title:Les%20mer%20her&#8221;][\/vc_column][vc_column width=&#8221;1\/2&#8243;][vc_single_image image=&#8221;6848&#8243; img_size=&#8221;full&#8221; alignment=&#8221;center&#8221;][\/vc_column][\/vc_row][vc_row][vc_column][vc_empty_space][\/vc_column][\/vc_row][vc_row][vc_column width=&#8221;2\/3&#8243;][vc_column_text]<\/p>\n<h3>En av v\u00e5re kunder<\/h3>\n<p>[\/vc_column_text][vc_empty_space height=&#8221;15px&#8221;][vc_single_image image=&#8221;10606&#8243; img_size=&#8221;large&#8221; alignment=&#8221;center&#8221;][\/vc_column][vc_column width=&#8221;1\/3&#8243;][vc_empty_space][vc_empty_space][vc_column_text]<strong>Vilberg kompetansesenter for helse og omsorg, Eidsvoll<\/strong><\/p>\n<p>Hygienekrav og arbeidsmilj\u00f8 er oppgradert med nye barrieremaskiner og lyse, pene lokaler.[\/vc_column_text][vc_empty_space][elx_button button_text=&#8221;Les bloggen om prosjektet&#8221; button_link=&#8221;url:https%3A%2F%2Fwww.electroluxprofessional.com%2Fno%2Fnytt-barrierevaskeri-i-eidsvoll%2F|title:Se%20f%C3%B8r-%20og-etter-bilder|target:_blank&#8221;][\/vc_column][\/vc_row][vc_row][vc_column][vc_empty_space][\/vc_column][\/vc_row][vc_row css=&#8221;.vc_custom_1649421613004{padding-top: 50px !important;padding-bottom: 50px !important;background-color: #f9f9f9 !important;}&#8221;][vc_column][vc_column_text]<\/p>\n<h2 style=\"text-align: center;\">Laundry Cycle Management<br \/>\nHvordan forebygge smitte i t\u00f8y i helsesektoren gjennom \u00e5tte enkle trinn<\/h2>\n<p>[\/vc_column_text][vc_empty_space][vc_column_text]<\/p>\n<p style=\"text-align: center;\">En effektiv l\u00f8sning for deg. En tryggere tilv\u00e6relse for pasienter og beboere.<br \/>\nGi dine beboere best mulig komfort, sikkerhet og de h\u00f8yeste hygieneniv\u00e5er samtidig som du opprettholder full kostnadskontroll. Senget\u00f8y, h\u00e5ndkl\u00e6r, servietter og kl\u00e6r krever spesielle vaskel\u00f8sninger som fjerner risikoen for infeksjon og kryssmitte.<\/p>\n<p>[\/vc_column_text][\/vc_column][vc_column][elx_image align=&#8221;text-center&#8221; image_media_library=&#8221;41805&#8243; image_media_library_mobile=&#8221;41468&#8243;][\/vc_column][\/vc_row][vc_row][vc_column][vc_empty_space][vc_column_text]<\/p>\n<h2 style=\"text-align: center;\">Opplev v\u00e5r Laundry Cycle Management<\/h2>\n<p>[\/vc_column_text][vc_empty_space height=&#8221;20px&#8221;][elx_video_block background_image=&#8221;10782&#8243; video_link=&#8221;https:\/\/www.youtube.com\/watch?v=__vZMg1Y_6Q&#8221; minimum_height=&#8221;350px&#8221;][vc_empty_space height=&#8221;20px&#8221;][vc_column_text]<\/p>\n<p style=\"text-align: center;\">Oppdag alle trinnene for \u00e5 h\u00e5ndtere urene tekstiler og hygiene p\u00e5 best mulig m\u00e5te gjennom v\u00e5r LCM.<br \/>\nGrip muligheten n\u00e5!<\/p>\n<p>[\/vc_column_text][\/vc_column][\/vc_row][vc_row el_id=&#8221;book&#8221;][vc_column][vc_empty_space][vc_column_text]<\/p>\n<h2 style=\"text-align: center;\">Bestill en virtuell demo av en vaskerisyklus<\/h2>\n<p>[\/vc_column_text][vc_empty_space][elx_o2000_contact_us s=&#8221;\u00d8nsker informasjon om sykehus- og aldershjem vaskeri&#8221; campaign=&#8221;7015p0000016PeuAAE&#8221; text_send_button=&#8221;Demo eller befaring &#8211; klikk her!&#8221; request_type=&#8221;Other&#8221; country=&#8221;Norway&#8221; b=&#8221;laundry&#8221; r=&#8221;Jeg \u00f8nsker \u00e5 vite mer om hygienel\u00f8sninger innen vaskeri&#8221;][vc_empty_space][\/vc_column][\/vc_row][vc_row][vc_column][elx_download_block text=&#8221;Last ned v\u00e5r totale produktsortimentsbrosjyre her!&#8221; document_type=&#8221;range-overviews&#8221; background_color=&#8221;electrolux-blue&#8221; ro_document_number=&#8221;RAN-9JE00031&#8243;][\/vc_column][\/vc_row]<\/p>\n","protected":false},"excerpt":{"rendered":"<p>[vc_row full_width=&#8221;electroluxpro-full-width-no-padding&#8221; css=&#8221;.vc_custom_1649420665358{margin-top: 0px !important;padding-top: 0px !important;}&#8221;][vc_column][elx_full_banner title=&#8221;Sykehus og aldershjem&#8221; set_as_h1=&#8221;true&#8221; link=&#8221;url:%23book|title:Be%20om%20en%20Laundry%20Cycle%20Virtual%20demo&#8221; background_image_media_library=&#8221;10783&#8243; background_image_media_library_mobile=&#8221;10780&#8243;][\/vc_column][\/vc_row][vc_row][vc_column][vc_empty_space][elx_heading text_color=&#8221;inherit&#8221; text_align=&#8221;text-center&#8221;]For komplett hygiene uten kompromisser[\/elx_heading][vc_empty_space][vc_column_text] Sykehus, klinikker og sykehjem har sv\u00e6rt strenge hygieneforskrifter som gjelder for h\u00e5ndtering og vask av senget\u00f8y, kl\u00e6r, h\u00e5ndkl\u00e6r og uniformer. [\/vc_column_text][vc_empty_space][\/vc_column][\/vc_row][vc_row css=&#8221;.vc_custom_1649421294586{padding-top: 30px !important;padding-bottom: 30px !important;background-color: #f9f9f9 !important;}&#8221;][vc_column width=&#8221;1\/4&#8243;][vc_column_text] Med Electrolux Professional f\u00e5r du: [\/vc_column_text][\/vc_column][vc_column [&hellip;]<\/p>\n","protected":false},"author":3,"featured_media":10780,"parent":0,"menu_order":0,"comment_status":"closed","ping_status":"closed","template":"","meta":{"footnotes":""},"class_list":["post-10784","page","type-page","status-publish","has-post-thumbnail","hentry"],"acf":[],"yoast_head":"<!-- This site is optimized with the Yoast SEO plugin v23.3 - https:\/\/yoast.com\/wordpress\/plugins\/seo\/ -->\n<title>Sykehus og aldershjem - Electrolux Professional Norge<\/title>\n<meta name=\"description\" content=\"Hvordan forebygge smitte i t\u00f8y i helsesektoren gjennom \u00e5tte enkle trinn. En effektiv l\u00f8sning for deg. En tryggere tilv\u00e6relse for pasienter og beboere p\u00e5 institusjonen.\" \/>\n<meta name=\"robots\" content=\"index, follow, max-snippet:-1, max-image-preview:large, max-video-preview:-1\" \/>\n<link rel=\"canonical\" href=\"https:\/\/www.electroluxprofessional.com\/no\/sykehus-og-aldershjem\/\" \/>\n<meta property=\"og:locale\" content=\"nb_NO\" \/>\n<meta property=\"og:type\" content=\"article\" \/>\n<meta property=\"og:title\" content=\"Sykehus og aldershjem - Electrolux Professional Norge\" \/>\n<meta property=\"og:description\" content=\"Hvordan forebygge smitte i t\u00f8y i helsesektoren gjennom \u00e5tte enkle trinn. En effektiv l\u00f8sning for deg. En tryggere tilv\u00e6relse for pasienter og beboere p\u00e5 institusjonen.\" \/>\n<meta property=\"og:url\" content=\"https:\/\/www.electroluxprofessional.com\/no\/sykehus-og-aldershjem\/\" \/>\n<meta property=\"og:site_name\" content=\"Electrolux Professional Norge\" \/>\n<meta property=\"article:modified_time\" content=\"2025-11-05T13:58:28+00:00\" \/>\n<meta property=\"og:image\" content=\"https:\/\/www.electroluxprofessional.com\/no\/wp-content\/uploads\/2022\/07\/EU8Q1359_LCM_banner_mobile.jpg\" \/>\n\t<meta property=\"og:image:width\" content=\"1125\" \/>\n\t<meta property=\"og:image:height\" content=\"1583\" \/>\n\t<meta property=\"og:image:type\" content=\"image\/jpeg\" \/>\n<meta name=\"twitter:card\" content=\"summary_large_image\" \/>\n<meta name=\"twitter:label1\" content=\"Ansl. lesetid\" \/>\n\t<meta name=\"twitter:data1\" content=\"3 minutter\" \/>\n<script type=\"application\/ld+json\" class=\"yoast-schema-graph\">{\"@context\":\"https:\/\/schema.org\",\"@graph\":[{\"@type\":\"WebPage\",\"@id\":\"https:\/\/www.electroluxprofessional.com\/no\/sykehus-og-aldershjem\/\",\"url\":\"https:\/\/www.electroluxprofessional.com\/no\/sykehus-og-aldershjem\/\",\"name\":\"Sykehus og aldershjem - Electrolux Professional Norge\",\"isPartOf\":{\"@id\":\"https:\/\/www.electroluxprofessional.com\/no\/#website\"},\"primaryImageOfPage\":{\"@id\":\"https:\/\/www.electroluxprofessional.com\/no\/sykehus-og-aldershjem\/#primaryimage\"},\"image\":{\"@id\":\"https:\/\/www.electroluxprofessional.com\/no\/sykehus-og-aldershjem\/#primaryimage\"},\"thumbnailUrl\":\"https:\/\/www.electroluxprofessional.com\/no\/wp-content\/uploads\/2022\/07\/EU8Q1359_LCM_banner_mobile.jpg\",\"datePublished\":\"2022-07-26T13:18:55+00:00\",\"dateModified\":\"2025-11-05T13:58:28+00:00\",\"description\":\"Hvordan forebygge smitte i t\u00f8y i helsesektoren gjennom \u00e5tte enkle trinn. En effektiv l\u00f8sning for deg. En tryggere tilv\u00e6relse for pasienter og beboere p\u00e5 institusjonen.\",\"breadcrumb\":{\"@id\":\"https:\/\/www.electroluxprofessional.com\/no\/sykehus-og-aldershjem\/#breadcrumb\"},\"inLanguage\":\"nb-NO\",\"potentialAction\":[{\"@type\":\"ReadAction\",\"target\":[\"https:\/\/www.electroluxprofessional.com\/no\/sykehus-og-aldershjem\/\"]}]},{\"@type\":\"ImageObject\",\"inLanguage\":\"nb-NO\",\"@id\":\"https:\/\/www.electroluxprofessional.com\/no\/sykehus-og-aldershjem\/#primaryimage\",\"url\":\"https:\/\/www.electroluxprofessional.com\/no\/wp-content\/uploads\/2022\/07\/EU8Q1359_LCM_banner_mobile.jpg\",\"contentUrl\":\"https:\/\/www.electroluxprofessional.com\/no\/wp-content\/uploads\/2022\/07\/EU8Q1359_LCM_banner_mobile.jpg\",\"width\":1125,\"height\":1583,\"caption\":\"EU8Q1359_LCM_banner_mobile\"},{\"@type\":\"BreadcrumbList\",\"@id\":\"https:\/\/www.electroluxprofessional.com\/no\/sykehus-og-aldershjem\/#breadcrumb\",\"itemListElement\":[{\"@type\":\"ListItem\",\"position\":1,\"name\":\"Home\",\"item\":\"https:\/\/www.electroluxprofessional.com\/no\/\"},{\"@type\":\"ListItem\",\"position\":2,\"name\":\"Sykehus og aldershjem\"}]},{\"@type\":\"WebSite\",\"@id\":\"https:\/\/www.electroluxprofessional.com\/no\/#website\",\"url\":\"https:\/\/www.electroluxprofessional.com\/no\/\",\"name\":\"Electrolux Professional Norge\",\"description\":\"\",\"potentialAction\":[{\"@type\":\"SearchAction\",\"target\":{\"@type\":\"EntryPoint\",\"urlTemplate\":\"https:\/\/www.electroluxprofessional.com\/no\/?src={search_term_string}\"},\"query-input\":\"required name=search_term_string\"}],\"inLanguage\":\"nb-NO\"}]}<\/script>\n<!-- \/ Yoast SEO plugin. -->","yoast_head_json":{"title":"Sykehus og aldershjem - Electrolux Professional Norge","description":"Hvordan forebygge smitte i t\u00f8y i helsesektoren gjennom \u00e5tte enkle trinn. En effektiv l\u00f8sning for deg. En tryggere tilv\u00e6relse for pasienter og beboere p\u00e5 institusjonen.","robots":{"index":"index","follow":"follow","max-snippet":"max-snippet:-1","max-image-preview":"max-image-preview:large","max-video-preview":"max-video-preview:-1"},"canonical":"https:\/\/www.electroluxprofessional.com\/no\/sykehus-og-aldershjem\/","og_locale":"nb_NO","og_type":"article","og_title":"Sykehus og aldershjem - Electrolux Professional Norge","og_description":"Hvordan forebygge smitte i t\u00f8y i helsesektoren gjennom \u00e5tte enkle trinn. En effektiv l\u00f8sning for deg. En tryggere tilv\u00e6relse for pasienter og beboere p\u00e5 institusjonen.","og_url":"https:\/\/www.electroluxprofessional.com\/no\/sykehus-og-aldershjem\/","og_site_name":"Electrolux Professional Norge","article_modified_time":"2025-11-05T13:58:28+00:00","og_image":[{"width":1125,"height":1583,"url":"https:\/\/www.electroluxprofessional.com\/no\/wp-content\/uploads\/2022\/07\/EU8Q1359_LCM_banner_mobile.jpg","type":"image\/jpeg"}],"twitter_card":"summary_large_image","twitter_misc":{"Ansl. lesetid":"3 minutter"},"schema":{"@context":"https:\/\/schema.org","@graph":[{"@type":"WebPage","@id":"https:\/\/www.electroluxprofessional.com\/no\/sykehus-og-aldershjem\/","url":"https:\/\/www.electroluxprofessional.com\/no\/sykehus-og-aldershjem\/","name":"Sykehus og aldershjem - Electrolux Professional Norge","isPartOf":{"@id":"https:\/\/www.electroluxprofessional.com\/no\/#website"},"primaryImageOfPage":{"@id":"https:\/\/www.electroluxprofessional.com\/no\/sykehus-og-aldershjem\/#primaryimage"},"image":{"@id":"https:\/\/www.electroluxprofessional.com\/no\/sykehus-og-aldershjem\/#primaryimage"},"thumbnailUrl":"https:\/\/www.electroluxprofessional.com\/no\/wp-content\/uploads\/2022\/07\/EU8Q1359_LCM_banner_mobile.jpg","datePublished":"2022-07-26T13:18:55+00:00","dateModified":"2025-11-05T13:58:28+00:00","description":"Hvordan forebygge smitte i t\u00f8y i helsesektoren gjennom \u00e5tte enkle trinn. En effektiv l\u00f8sning for deg. En tryggere tilv\u00e6relse for pasienter og beboere p\u00e5 institusjonen.","breadcrumb":{"@id":"https:\/\/www.electroluxprofessional.com\/no\/sykehus-og-aldershjem\/#breadcrumb"},"inLanguage":"nb-NO","potentialAction":[{"@type":"ReadAction","target":["https:\/\/www.electroluxprofessional.com\/no\/sykehus-og-aldershjem\/"]}]},{"@type":"ImageObject","inLanguage":"nb-NO","@id":"https:\/\/www.electroluxprofessional.com\/no\/sykehus-og-aldershjem\/#primaryimage","url":"https:\/\/www.electroluxprofessional.com\/no\/wp-content\/uploads\/2022\/07\/EU8Q1359_LCM_banner_mobile.jpg","contentUrl":"https:\/\/www.electroluxprofessional.com\/no\/wp-content\/uploads\/2022\/07\/EU8Q1359_LCM_banner_mobile.jpg","width":1125,"height":1583,"caption":"EU8Q1359_LCM_banner_mobile"},{"@type":"BreadcrumbList","@id":"https:\/\/www.electroluxprofessional.com\/no\/sykehus-og-aldershjem\/#breadcrumb","itemListElement":[{"@type":"ListItem","position":1,"name":"Home","item":"https:\/\/www.electroluxprofessional.com\/no\/"},{"@type":"ListItem","position":2,"name":"Sykehus og aldershjem"}]},{"@type":"WebSite","@id":"https:\/\/www.electroluxprofessional.com\/no\/#website","url":"https:\/\/www.electroluxprofessional.com\/no\/","name":"Electrolux Professional Norge","description":"","potentialAction":[{"@type":"SearchAction","target":{"@type":"EntryPoint","urlTemplate":"https:\/\/www.electroluxprofessional.com\/no\/?src={search_term_string}"},"query-input":"required name=search_term_string"}],"inLanguage":"nb-NO"}]}},"_links":{"self":[{"href":"https:\/\/www.electroluxprofessional.com\/no\/wp-json\/wp\/v2\/pages\/10784"}],"collection":[{"href":"https:\/\/www.electroluxprofessional.com\/no\/wp-json\/wp\/v2\/pages"}],"about":[{"href":"https:\/\/www.electroluxprofessional.com\/no\/wp-json\/wp\/v2\/types\/page"}],"author":[{"embeddable":true,"href":"https:\/\/www.electroluxprofessional.com\/no\/wp-json\/wp\/v2\/users\/3"}],"replies":[{"embeddable":true,"href":"https:\/\/www.electroluxprofessional.com\/no\/wp-json\/wp\/v2\/comments?post=10784"}],"version-history":[{"count":13,"href":"https:\/\/www.electroluxprofessional.com\/no\/wp-json\/wp\/v2\/pages\/10784\/revisions"}],"predecessor-version":[{"id":15426,"href":"https:\/\/www.electroluxprofessional.com\/no\/wp-json\/wp\/v2\/pages\/10784\/revisions\/15426"}],"wp:featuredmedia":[{"embeddable":true,"href":"https:\/\/www.electroluxprofessional.com\/no\/wp-json\/wp\/v2\/media\/10780"}],"wp:attachment":[{"href":"https:\/\/www.electroluxprofessional.com\/no\/wp-json\/wp\/v2\/media?parent=10784"}],"curies":[{"name":"wp","href":"https:\/\/api.w.org\/{rel}","templated":true}]}}