{"id":10691,"date":"2022-05-25T08:48:53","date_gmt":"2022-05-25T08:48:53","guid":{"rendered":"https:\/\/www.electroluxprofessional.com\/no\/?page_id=10691"},"modified":"2025-11-05T13:40:52","modified_gmt":"2025-11-05T13:40:52","slug":"speedelight-snack-grill","status":"publish","type":"page","link":"https:\/\/www.electroluxprofessional.com\/no\/storkjokken\/speedelight-snack-grill\/","title":{"rendered":"SpeeDelight snack grill"},"content":{"rendered":"<p>[vc_row full_width=&#8221;electroluxpro-full-width-no-padding&#8221;][vc_column][elx_image_block background_image=&#8221;10720&#8243; minimum_height=&#8221;350px&#8221;][\/vc_column][\/vc_row][vc_row][vc_column][elx_heading font_container=&#8221;h1&#8243; text_color=&#8221;inherit&#8221; text_align=&#8221;text-center&#8221;]SpeeDelight<br \/>\nsnack grill[\/elx_heading][elx_heading font_container=&#8221;h3&#8243; text_color=&#8221;inherit&#8221; text_align=&#8221;text-center&#8221;]Hurtigmat, uten kompromiss p\u00e5 smak[\/elx_heading][vc_empty_space][vc_empty_space][\/vc_column][\/vc_row][vc_row][vc_column width=&#8221;1\/6&#8243;][vc_empty_space][\/vc_column][vc_column width=&#8221;2\/6&#8243;][vc_column_text]<strong>SpeeDelight<\/strong> gir deg muligheten til \u00e5 <strong>kombinere hurtighet, kvalitet og kreativitet<\/strong>: bli en sprinter innen kjapphet og en ener innen l\u00f8nnsom forretning.<\/p>\n<p>&nbsp;<\/p>\n<h2 data-ccp-props=\"{&quot;335551550&quot;:1,&quot;335551620&quot;:1,&quot;335559683&quot;:0,&quot;335559685&quot;:0,&quot;335559731&quot;:0,&quot;335559737&quot;:0,&quot;335562764&quot;:2,&quot;335562765&quot;:1,&quot;335562766&quot;:4,&quot;335562767&quot;:0,&quot;335562768&quot;:4,&quot;335562769&quot;:0}\"><b><span data-scheme-color=\"@FFFFFF,0,\" data-usefontface=\"true\" data-contrast=\"none\">Opptil 1000 sykluser\/dag!<\/span><\/b>\u200b<\/h2>\n<p>&nbsp;<\/p>\n<p><b><span data-scheme-color=\"@FFFFFF,0,\" data-usefontface=\"true\" data-contrast=\"none\">P\u00e5litelig.<\/span><\/b><b><span data-scheme-color=\"@FFFFFF,0,\" data-usefontface=\"true\" data-contrast=\"none\">\u00a0<\/span><\/b><span data-scheme-color=\"@FFFFFF,0,\" data-usefontface=\"true\" data-contrast=\"none\">Enkel rengj\u00f8ringsoperasjon og lavere betjeningskostnader takket v\u00e6re det nye <\/span><span data-scheme-color=\"@FFFFFF,0,\" data-usefontface=\"true\" data-contrast=\"none\"><strong>non-stick brettet<\/strong>. En liten detalj som sikrer en p\u00e5litelig og enkel betjening<\/span><span data-scheme-color=\"@FFFFFF,0,\" data-usefontface=\"true\" data-contrast=\"none\">.\u00a0<\/span>[\/vc_column_text][\/vc_column][vc_column width=&#8221;2\/6&#8243;][vc_single_image image=&#8221;5922&#8243; img_size=&#8221;medium&#8221; alignment=&#8221;center&#8221;][vc_empty_space][vc_empty_space][elx_download_block text=&#8221;SpeeDelight brosjyre&#8221; document_type=&#8221;brochures&#8221; background_color=&#8221;electrolux-blue&#8221; br_document_number=&#8221;BR-9JE00128&#8243;][\/vc_column][vc_column width=&#8221;1\/6&#8243;][vc_empty_space][\/vc_column][\/vc_row][vc_row][vc_column width=&#8221;1\/6&#8243;][vc_empty_space][\/vc_column][vc_column width=&#8221;4\/6&#8243;][\/vc_column][vc_column width=&#8221;1\/6&#8243;][vc_empty_space][\/vc_column][\/vc_row][vc_row][vc_column][vc_empty_space][\/vc_column][\/vc_row][vc_row][vc_column width=&#8221;1\/3&#8243;][vc_single_image image=&#8221;10680&#8243; img_size=&#8221;140&#215;140&#8243; alignment=&#8221;center&#8221;][elx_heading font_size=&#8221;h3&#8243; text_color=&#8221;inherit&#8221; text_align=&#8221;text-center&#8221;]ALLE GODE TING<br \/>\nER TRE<br \/>\n[\/elx_heading][vc_empty_space][vc_column_text]<\/p>\n<h5><strong>Perfekte stekeresultater<\/strong><\/h5>\n<p>Kvalitet og perfekt hurtigmat takket v\u00e6re kombinasjonen av tre ulike tilberedningsteknologier: <strong>kontaktplate<\/strong>,<strong> infrar\u00f8d str\u00e5ling<\/strong> og <strong>mikrob\u00f8lger<\/strong>.<\/p>\n<p><strong>Betydning for deg:<\/strong><br \/>\nspr\u00f8 p\u00e5 utsiden og perfekt tilberedt p\u00e5 innsiden.[\/vc_column_text][\/vc_column][vc_column width=&#8221;1\/3&#8243;][vc_single_image image=&#8221;10681&#8243; img_size=&#8221;140&#215;140&#8243; alignment=&#8221;center&#8221;][elx_heading font_size=&#8221;h3&#8243; text_color=&#8221;inherit&#8221; text_align=&#8221;text-center&#8221;]PASSER P\u00c5<br \/>\nFOR DEG[\/elx_heading][vc_empty_space][vc_column_text]<\/p>\n<h5><strong>Bekymringsfri<br \/>\nfinish<\/strong><\/h5>\n<p>Trykk p\u00e5 knappen og da er jobben din gjort:<strong> lokket vil \u00e5pne seg automatisk<\/strong> n\u00e5r maten er ferdig tilberedt.<\/p>\n<p><strong>Betydning for deg:<br \/>\n<\/strong>Maten brenner seg ikke og du kan trygt gj\u00f8re noe annet mens du venter![\/vc_column_text][\/vc_column][vc_column width=&#8221;1\/3&#8243;][vc_single_image image=&#8221;10682&#8243; img_size=&#8221;140&#215;140&#8243; alignment=&#8221;center&#8221;][elx_heading font_size=&#8221;h3&#8243; text_color=&#8221;inherit&#8221; text_align=&#8221;text-center&#8221;]PERFEKT<br \/>\n&#8220;KLEM&#8221;[\/elx_heading][vc_empty_space][vc_column_text]<\/p>\n<h5><strong>En smart<br \/>\n&#8220;klem&#8221;<\/strong><\/h5>\n<p>Det \u00f8verste lokket legger automatisk korrekt trykk tilpasset det du skal tillage.<\/p>\n<p><strong>Betydning for deg:<\/strong><br \/>\nsi farvel til sandwicher som er trykket flate og som ikke oppleves som spr\u00f8 og fristende.[\/vc_column_text][\/vc_column][\/vc_row][vc_row css=&#8221;.vc_custom_1555332382634{margin-right: 0px !important;border-right-width: 0px !important;padding-right: 0px !important;}&#8221;][vc_column][vc_empty_space][elx_heading font_size=&#8221;h3&#8243; text_color=&#8221;inherit&#8221; text_align=&#8221;text-center&#8221;]Electrolux Professionals SpeeDelight utmerkelser![\/elx_heading][vc_column_text]<\/p>\n<p style=\"text-align: center;\">I l\u00f8pet av lanserings\u00e5ret har SpeeDelight f\u00e5tt flere utmerkelser<\/p>\n<p>[\/vc_column_text][vc_empty_space][vc_row_inner][vc_column_inner width=&#8221;1\/4&#8243;][vc_single_image image=&#8221;10683&#8243; img_size=&#8221;medium&#8221; css=&#8221;.vc_custom_1555332742720{margin-right: 20px !important;border-right-width: 20px !important;padding-right: 20px !important;}&#8221;][\/vc_column_inner][vc_column_inner width=&#8221;1\/4&#8243;][vc_empty_space][vc_empty_space][vc_single_image image=&#8221;10684&#8243; img_size=&#8221;full&#8221; css=&#8221;.vc_custom_1555332751408{margin-right: 20px !important;border-right-width: 20px !important;padding-right: 20px !important;}&#8221;][\/vc_column_inner][vc_column_inner width=&#8221;1\/4&#8243;][vc_single_image image=&#8221;10685&#8243; img_size=&#8221;medium&#8221; css=&#8221;.vc_custom_1555332759996{margin-right: 20px !important;border-right-width: 20px !important;padding-right: 20px !important;}&#8221;][\/vc_column_inner][vc_column_inner width=&#8221;1\/4&#8243;][vc_single_image image=&#8221;10686&#8243; img_size=&#8221;medium&#8221; css=&#8221;.vc_custom_1555332768544{margin-right: 20px !important;border-right-width: 20px !important;padding-right: 20px !important;}&#8221;][\/vc_column_inner][\/vc_row_inner][vc_row_inner][vc_column_inner width=&#8221;1\/4&#8243;][vc_empty_space][elx_button button_text=&#8221;SpeeDelight Plus X award&#8221; button_link=&#8221;url:https%3A%2F%2Fwww.electroluxprofessional.com%2Fspeedelight-takes-top-prize-plus-x-awards%2F|title:SpeeDelight%20Plus%20X%20award&#8221;][vc_empty_space][\/vc_column_inner][vc_column_inner width=&#8221;1\/4&#8243;][vc_empty_space][elx_button button_text=&#8221;SpeeDelight Good Design award 2017&#8243; button_link=&#8221;url:https%3A%2F%2Fwww.electroluxprofessional.com%2Fspeedelight-achieved-good-design-award-2017%2F|title:SpeeDelight%20Good%20Design%20award%202017&#8243;][vc_empty_space][\/vc_column_inner][vc_column_inner width=&#8221;1\/4&#8243;][vc_empty_space][elx_button button_text=&#8221;SpeeDelight Janus De L&#8217;Industrie award 2017&#8243; button_link=&#8221;url:https%3A%2F%2Fwww.electroluxprofessional.com%2Fspeedelight-janus-de-lindustrie-winner%2F|title:SpeeDelight%20Janus%20De%20L&#8217;Industrie%20award%202017&#8243;][vc_empty_space][\/vc_column_inner][vc_column_inner width=&#8221;1\/4&#8243;][vc_empty_space][elx_button button_text=&#8221;SpeeDelight Product Excellence award 2017&#8243; button_link=&#8221;url:https%3A%2F%2Fwww.electroluxprofessional.com%2Fspeedelight-wins-product-excellence-awards-2017%2F|title:SpeeDelight%20Product%20Excellence%20award%202017&#8243;][vc_empty_space][\/vc_column_inner][\/vc_row_inner][\/vc_column][\/vc_row][vc_row][vc_column][vc_empty_space][elx_heading font_size=&#8221;h3&#8243; text_color=&#8221;inherit&#8221; text_align=&#8221;text-center&#8221;]Hurtiggrilling<br \/>\nhar aldri v\u00e6rt enklere[\/elx_heading][vc_empty_space][\/vc_column][\/vc_row][vc_row content_placement=&#8221;top&#8221;][vc_column width=&#8221;1\/4&#8243;][vc_empty_space][\/vc_column][vc_column width=&#8221;1\/4&#8243;][vc_empty_space][vc_single_image image=&#8221;10687&#8243; img_size=&#8221;medium&#8221; alignment=&#8221;center&#8221; style=&#8221;vc_box_circle_2&#8243;][elx_heading font_size=&#8221;h5&#8243; text_color=&#8221;cat-cook&#8221; text_align=&#8221;text-center&#8221;]SpeeDelight menyeditor[\/elx_heading][vc_column_text]<\/p>\n<p style=\"text-align: center;\">Det er mulig \u00e5 endre ikonene og bildene p\u00e5 din SpeeDelight for at det skal v\u00e6re enklere \u00e5 finne den korrekte menyen &#8211; hver gang! Sp\u00f8r oss gjerne.<\/p>\n<p>[\/vc_column_text][\/vc_column][vc_column width=&#8221;1\/4&#8243;][vc_empty_space][elx_simple_link_block link=&#8221;url:https%3A%2F%2Fwww.electroluxprofessional.com%2Fcommercial-kitchen-equipment%2Fspeedelight-high-speed-cooking-solution%2Fspeedelight-productivity-savings%2F|title:SpeeDelight%20calculate%20savings|target:_blank&#8221; text_align=&#8221;text-left&#8221; text_color=&#8221;inherit&#8221; background_color=&#8221;inherit&#8221; background_hover_color=&#8221;darker-hover&#8221; extra_class=&#8221;&#8221; reveal_effect=&#8221;&#8221; reveal_duration=&#8221;&#8221; reveal_delay=&#8221;&#8221;][vc_single_image image=&#8221;10688&#8243; img_size=&#8221;150&#215;150&#8243; alignment=&#8221;center&#8221; style=&#8221;vc_box_circle_2&#8243;][elx_heading font_size=&#8221;h5&#8243; text_color=&#8221;cat-cook&#8221; text_align=&#8221;text-center&#8221;]Minimal innsats med maksimal ytelse[\/elx_heading][vc_column_text]<\/p>\n<p style=\"text-align: center;\">Kalkuler produktivet og besparelser med SpeeDelight.<\/p>\n<p>[\/vc_column_text][\/elx_simple_link_block][vc_empty_space][vc_empty_space][elx_button button_text=&#8221;Kalkuler n\u00e5&#8221; button_link=&#8221;url:https%3A%2F%2Fwww.electroluxprofessional.com%2Fcommercial-kitchen-equipment%2Fspeedelight-high-speed-cooking-solution%2Fspeedelight-productivity-savings%2F|title:speedelight%20productivity%20savings&#8221;][\/vc_column][vc_column width=&#8221;1\/4&#8243;][vc_empty_space][\/vc_column][\/vc_row][vc_row][vc_column][vc_empty_space][\/vc_column][\/vc_row][vc_row][vc_column][vc_empty_space height=&#8221;50px&#8221;][elx_heading font_size=&#8221;h3&#8243; text_color=&#8221;inherit&#8221; text_align=&#8221;text-left&#8221;]<strong>Tilbeh\u00f8r og forbruksvarer<\/strong><br \/>\nfor optimalt vedlikehold og bruk<br \/>\n[\/elx_heading][vc_empty_space][vc_row_inner css=&#8221;.vc_custom_1484554869336{margin-left: 0px !important;border-left-width: 0px !important;padding-left: 0px !important;}&#8221;][vc_column_inner width=&#8221;1\/3&#8243; css=&#8221;.vc_custom_1484554876152{margin-left: 0px !important;border-left-width: 0px !important;padding-left: 0px !important;}&#8221;][elx_heading font_container=&#8221;h3&#8243; font_size=&#8221;h5&#8243; text_color=&#8221;inherit&#8221; text_align=&#8221;text-left&#8221;]Prikken over &#8220;i-en&#8221;<br \/>\nDiverse pakkel\u00f8sninger for ettermarked og vedlikehold[\/elx_heading][vc_column_text]Dette kit&#8217;et vil holde din SpeeDelight hurtiggrill i toppform slik at den kan gj\u00f8re det den er best til. Kit&#8217;et best\u00e5r av: b\u00f8rste, slikkepott, skrape, avtagbar teflonplate, bakepapir, silikonbeskytter, rengj\u00f8ringsl\u00f8sninger, hurtigfett[\/vc_column_text][vc_empty_space][vc_empty_space][\/vc_column_inner][vc_column_inner width=&#8221;1\/3&#8243;][vc_single_image image=&#8221;10690&#8243; img_size=&#8221;full&#8221;][\/vc_column_inner][vc_column_inner width=&#8221;1\/3&#8243;][elx_video_block background_image=&#8221;10679&#8243; video_link=&#8221;https:\/\/www.youtube.com\/embed\/jMBqOrptfTQ&#8221; minimum_height=&#8221;200px&#8221;][elx_heading text_color=&#8221;inherit&#8221;]F\u00e5 rengj\u00f8ringstips<br \/>\ni videoen. Klikk her![\/elx_heading][\/vc_column_inner][\/vc_row_inner][vc_empty_space height=&#8221;50px&#8221;][\/vc_column][\/vc_row][vc_row disable_element=&#8221;yes&#8221;][vc_column width=&#8221;1\/2&#8243;][elx_heading text_color=&#8221;inherit&#8221; text_align=&#8221;text-left&#8221;]Tutorial videos[\/elx_heading][elx_video_block background_image=&#8221;2129&#8243; video_link=&#8221;https:\/\/www.youtube.com\/watch?v=MOMy6oeay_I&amp;list=PLn-GI5LWCZdSIQ75TtHvUSGHNPA-L_7AH&#8221; minimum_height=&#8221;350px&#8221;][vc_column_text]Watch and find out more on how to set and clean your SpeeDelight.[\/vc_column_text][\/vc_column][vc_column width=&#8221;1\/2&#8243;][elx_heading text_color=&#8221;inherit&#8221; text_align=&#8221;text-left&#8221;]Cleaning tutorial[\/elx_heading][elx_video_block background_image=&#8221;10679&#8243; video_link=&#8221;https:\/\/www.youtube.com\/watch?v=lKtZd5NSDIk&#8221; minimum_height=&#8221;350px&#8221;][vc_column_text]Watch and find out how to clean properly your SpeeDelight.[\/vc_column_text][\/vc_column][\/vc_row][vc_row][vc_column css=&#8221;.vc_custom_1484036190001{margin-top: 0px !important;border-top-width: 0px !important;padding-top: 0px !important;}&#8221;][elx_heading font_container=&#8221;h3&#8243; text_color=&#8221;inherit&#8221; text_align=&#8221;text-left&#8221;]Interessert i \u00e5 h\u00f8re mer om SpeeDelight? Kontakt oss gjerne![\/elx_heading][elx_o2000_contact_us r=&#8221;Jeg \u00f8nsker \u00e5 vite mer om SpeeDelight. Vennligst ta kontakt med meg.&#8221; s=&#8221;Informasjon om SpeeDelight&#8221; campaign=&#8221;7015p000001IWlmAAG&#8221; text_send_button=&#8221;Mer info&#8221; country=&#8221;Norway&#8221; b=&#8221;food&#8221; container=&#8221;elxcontactus1481115393&#8243;][\/vc_column][\/vc_row][vc_row disable_element=&#8221;yes&#8221;][vc_column][vc_empty_space height=&#8221;50px&#8221;][elx_heading font_size=&#8221;h3&#8243; text_color=&#8221;inherit&#8221;]SpeeDelight[\/elx_heading][vc_empty_space][\/vc_column][\/vc_row]<\/p>\n","protected":false},"excerpt":{"rendered":"<p>[vc_row full_width=&#8221;electroluxpro-full-width-no-padding&#8221;][vc_column][elx_image_block background_image=&#8221;10720&#8243; minimum_height=&#8221;350px&#8221;][\/vc_column][\/vc_row][vc_row][vc_column][elx_heading font_container=&#8221;h1&#8243; text_color=&#8221;inherit&#8221; text_align=&#8221;text-center&#8221;]SpeeDelight snack grill[\/elx_heading][elx_heading font_container=&#8221;h3&#8243; text_color=&#8221;inherit&#8221; text_align=&#8221;text-center&#8221;]Hurtigmat, uten kompromiss p\u00e5 smak[\/elx_heading][vc_empty_space][vc_empty_space][\/vc_column][\/vc_row][vc_row][vc_column width=&#8221;1\/6&#8243;][vc_empty_space][\/vc_column][vc_column width=&#8221;2\/6&#8243;][vc_column_text]SpeeDelight gir deg muligheten til \u00e5 kombinere hurtighet, kvalitet og kreativitet: bli en sprinter innen kjapphet og en ener innen l\u00f8nnsom forretning. &nbsp; Opptil 1000 sykluser\/dag!\u200b &nbsp; P\u00e5litelig.\u00a0Enkel rengj\u00f8ringsoperasjon og lavere betjeningskostnader takket v\u00e6re det nye non-stick brettet. [&hellip;]<\/p>\n","protected":false},"author":3,"featured_media":2126,"parent":1284,"menu_order":0,"comment_status":"closed","ping_status":"closed","template":"","meta":{"footnotes":""},"class_list":["post-10691","page","type-page","status-publish","has-post-thumbnail","hentry"],"acf":[],"yoast_head":"<!-- This site is optimized with the Yoast SEO plugin v23.3 - https:\/\/yoast.com\/wordpress\/plugins\/seo\/ -->\n<title>SpeeDelight snack grill - Electrolux Professional Norge<\/title>\n<meta name=\"description\" content=\"SpeeDelight hurtiggrill gir muligheter for raskere, spr\u00f8ere og like resultater hver gang. Bli en toppidrettsut\u00f8ver innen hurtigmat.\" \/>\n<meta name=\"robots\" content=\"index, follow, max-snippet:-1, max-image-preview:large, max-video-preview:-1\" \/>\n<link rel=\"canonical\" href=\"https:\/\/www.electroluxprofessional.com\/no\/storkjokken\/speedelight-snack-grill\/\" \/>\n<meta property=\"og:locale\" content=\"nb_NO\" \/>\n<meta property=\"og:type\" content=\"article\" \/>\n<meta property=\"og:title\" content=\"SpeeDelight snack grill - Electrolux Professional Norge\" \/>\n<meta property=\"og:description\" content=\"SpeeDelight hurtiggrill gir muligheter for raskere, spr\u00f8ere og like resultater hver gang. Bli en toppidrettsut\u00f8ver innen hurtigmat.\" \/>\n<meta property=\"og:url\" content=\"https:\/\/www.electroluxprofessional.com\/no\/storkjokken\/speedelight-snack-grill\/\" \/>\n<meta property=\"og:site_name\" content=\"Electrolux Professional Norge\" \/>\n<meta property=\"article:modified_time\" content=\"2025-11-05T13:40:52+00:00\" \/>\n<meta name=\"twitter:card\" content=\"summary_large_image\" \/>\n<meta name=\"twitter:image\" content=\"https:\/\/www.electroluxprofessional.com\/no\/wp-content\/uploads\/2017\/01\/speedelight.jpg\" \/>\n<meta name=\"twitter:label1\" content=\"Ansl. lesetid\" \/>\n\t<meta name=\"twitter:data1\" content=\"4 minutter\" \/>\n<script type=\"application\/ld+json\" class=\"yoast-schema-graph\">{\"@context\":\"https:\/\/schema.org\",\"@graph\":[{\"@type\":\"WebPage\",\"@id\":\"https:\/\/www.electroluxprofessional.com\/no\/storkjokken\/speedelight-snack-grill\/\",\"url\":\"https:\/\/www.electroluxprofessional.com\/no\/storkjokken\/speedelight-snack-grill\/\",\"name\":\"SpeeDelight snack grill - Electrolux Professional Norge\",\"isPartOf\":{\"@id\":\"https:\/\/www.electroluxprofessional.com\/no\/#website\"},\"primaryImageOfPage\":{\"@id\":\"https:\/\/www.electroluxprofessional.com\/no\/storkjokken\/speedelight-snack-grill\/#primaryimage\"},\"image\":{\"@id\":\"https:\/\/www.electroluxprofessional.com\/no\/storkjokken\/speedelight-snack-grill\/#primaryimage\"},\"thumbnailUrl\":\"https:\/\/www.electroluxprofessional.com\/no\/wp-content\/uploads\/2017\/01\/speedelight.jpg\",\"datePublished\":\"2022-05-25T08:48:53+00:00\",\"dateModified\":\"2025-11-05T13:40:52+00:00\",\"description\":\"SpeeDelight hurtiggrill gir muligheter for raskere, spr\u00f8ere og like resultater hver gang. Bli en toppidrettsut\u00f8ver innen hurtigmat.\",\"breadcrumb\":{\"@id\":\"https:\/\/www.electroluxprofessional.com\/no\/storkjokken\/speedelight-snack-grill\/#breadcrumb\"},\"inLanguage\":\"nb-NO\",\"potentialAction\":[{\"@type\":\"ReadAction\",\"target\":[\"https:\/\/www.electroluxprofessional.com\/no\/storkjokken\/speedelight-snack-grill\/\"]}]},{\"@type\":\"ImageObject\",\"inLanguage\":\"nb-NO\",\"@id\":\"https:\/\/www.electroluxprofessional.com\/no\/storkjokken\/speedelight-snack-grill\/#primaryimage\",\"url\":\"https:\/\/www.electroluxprofessional.com\/no\/wp-content\/uploads\/2017\/01\/speedelight.jpg\",\"contentUrl\":\"https:\/\/www.electroluxprofessional.com\/no\/wp-content\/uploads\/2017\/01\/speedelight.jpg\",\"width\":1918,\"height\":928,\"caption\":\"SpeeDelight snack grill\"},{\"@type\":\"BreadcrumbList\",\"@id\":\"https:\/\/www.electroluxprofessional.com\/no\/storkjokken\/speedelight-snack-grill\/#breadcrumb\",\"itemListElement\":[{\"@type\":\"ListItem\",\"position\":1,\"name\":\"Home\",\"item\":\"https:\/\/www.electroluxprofessional.com\/no\/\"},{\"@type\":\"ListItem\",\"position\":2,\"name\":\"Storkj\u00f8kken\",\"item\":\"https:\/\/www.electroluxprofessional.com\/no\/storkjokken\/\"},{\"@type\":\"ListItem\",\"position\":3,\"name\":\"SpeeDelight snack grill\"}]},{\"@type\":\"WebSite\",\"@id\":\"https:\/\/www.electroluxprofessional.com\/no\/#website\",\"url\":\"https:\/\/www.electroluxprofessional.com\/no\/\",\"name\":\"Electrolux Professional Norge\",\"description\":\"\",\"potentialAction\":[{\"@type\":\"SearchAction\",\"target\":{\"@type\":\"EntryPoint\",\"urlTemplate\":\"https:\/\/www.electroluxprofessional.com\/no\/?src={search_term_string}\"},\"query-input\":\"required name=search_term_string\"}],\"inLanguage\":\"nb-NO\"}]}<\/script>\n<!-- \/ Yoast SEO plugin. -->","yoast_head_json":{"title":"SpeeDelight snack grill - Electrolux Professional Norge","description":"SpeeDelight hurtiggrill gir muligheter for raskere, spr\u00f8ere og like resultater hver gang. Bli en toppidrettsut\u00f8ver innen hurtigmat.","robots":{"index":"index","follow":"follow","max-snippet":"max-snippet:-1","max-image-preview":"max-image-preview:large","max-video-preview":"max-video-preview:-1"},"canonical":"https:\/\/www.electroluxprofessional.com\/no\/storkjokken\/speedelight-snack-grill\/","og_locale":"nb_NO","og_type":"article","og_title":"SpeeDelight snack grill - Electrolux Professional Norge","og_description":"SpeeDelight hurtiggrill gir muligheter for raskere, spr\u00f8ere og like resultater hver gang. Bli en toppidrettsut\u00f8ver innen hurtigmat.","og_url":"https:\/\/www.electroluxprofessional.com\/no\/storkjokken\/speedelight-snack-grill\/","og_site_name":"Electrolux Professional Norge","article_modified_time":"2025-11-05T13:40:52+00:00","twitter_card":"summary_large_image","twitter_image":"https:\/\/www.electroluxprofessional.com\/no\/wp-content\/uploads\/2017\/01\/speedelight.jpg","twitter_misc":{"Ansl. lesetid":"4 minutter"},"schema":{"@context":"https:\/\/schema.org","@graph":[{"@type":"WebPage","@id":"https:\/\/www.electroluxprofessional.com\/no\/storkjokken\/speedelight-snack-grill\/","url":"https:\/\/www.electroluxprofessional.com\/no\/storkjokken\/speedelight-snack-grill\/","name":"SpeeDelight snack grill - Electrolux Professional Norge","isPartOf":{"@id":"https:\/\/www.electroluxprofessional.com\/no\/#website"},"primaryImageOfPage":{"@id":"https:\/\/www.electroluxprofessional.com\/no\/storkjokken\/speedelight-snack-grill\/#primaryimage"},"image":{"@id":"https:\/\/www.electroluxprofessional.com\/no\/storkjokken\/speedelight-snack-grill\/#primaryimage"},"thumbnailUrl":"https:\/\/www.electroluxprofessional.com\/no\/wp-content\/uploads\/2017\/01\/speedelight.jpg","datePublished":"2022-05-25T08:48:53+00:00","dateModified":"2025-11-05T13:40:52+00:00","description":"SpeeDelight hurtiggrill gir muligheter for raskere, spr\u00f8ere og like resultater hver gang. Bli en toppidrettsut\u00f8ver innen hurtigmat.","breadcrumb":{"@id":"https:\/\/www.electroluxprofessional.com\/no\/storkjokken\/speedelight-snack-grill\/#breadcrumb"},"inLanguage":"nb-NO","potentialAction":[{"@type":"ReadAction","target":["https:\/\/www.electroluxprofessional.com\/no\/storkjokken\/speedelight-snack-grill\/"]}]},{"@type":"ImageObject","inLanguage":"nb-NO","@id":"https:\/\/www.electroluxprofessional.com\/no\/storkjokken\/speedelight-snack-grill\/#primaryimage","url":"https:\/\/www.electroluxprofessional.com\/no\/wp-content\/uploads\/2017\/01\/speedelight.jpg","contentUrl":"https:\/\/www.electroluxprofessional.com\/no\/wp-content\/uploads\/2017\/01\/speedelight.jpg","width":1918,"height":928,"caption":"SpeeDelight snack grill"},{"@type":"BreadcrumbList","@id":"https:\/\/www.electroluxprofessional.com\/no\/storkjokken\/speedelight-snack-grill\/#breadcrumb","itemListElement":[{"@type":"ListItem","position":1,"name":"Home","item":"https:\/\/www.electroluxprofessional.com\/no\/"},{"@type":"ListItem","position":2,"name":"Storkj\u00f8kken","item":"https:\/\/www.electroluxprofessional.com\/no\/storkjokken\/"},{"@type":"ListItem","position":3,"name":"SpeeDelight snack grill"}]},{"@type":"WebSite","@id":"https:\/\/www.electroluxprofessional.com\/no\/#website","url":"https:\/\/www.electroluxprofessional.com\/no\/","name":"Electrolux Professional Norge","description":"","potentialAction":[{"@type":"SearchAction","target":{"@type":"EntryPoint","urlTemplate":"https:\/\/www.electroluxprofessional.com\/no\/?src={search_term_string}"},"query-input":"required name=search_term_string"}],"inLanguage":"nb-NO"}]}},"_links":{"self":[{"href":"https:\/\/www.electroluxprofessional.com\/no\/wp-json\/wp\/v2\/pages\/10691"}],"collection":[{"href":"https:\/\/www.electroluxprofessional.com\/no\/wp-json\/wp\/v2\/pages"}],"about":[{"href":"https:\/\/www.electroluxprofessional.com\/no\/wp-json\/wp\/v2\/types\/page"}],"author":[{"embeddable":true,"href":"https:\/\/www.electroluxprofessional.com\/no\/wp-json\/wp\/v2\/users\/3"}],"replies":[{"embeddable":true,"href":"https:\/\/www.electroluxprofessional.com\/no\/wp-json\/wp\/v2\/comments?post=10691"}],"version-history":[{"count":54,"href":"https:\/\/www.electroluxprofessional.com\/no\/wp-json\/wp\/v2\/pages\/10691\/revisions"}],"predecessor-version":[{"id":14831,"href":"https:\/\/www.electroluxprofessional.com\/no\/wp-json\/wp\/v2\/pages\/10691\/revisions\/14831"}],"up":[{"embeddable":true,"href":"https:\/\/www.electroluxprofessional.com\/no\/wp-json\/wp\/v2\/pages\/1284"}],"wp:featuredmedia":[{"embeddable":true,"href":"https:\/\/www.electroluxprofessional.com\/no\/wp-json\/wp\/v2\/media\/2126"}],"wp:attachment":[{"href":"https:\/\/www.electroluxprofessional.com\/no\/wp-json\/wp\/v2\/media?parent=10691"}],"curies":[{"name":"wp","href":"https:\/\/api.w.org\/{rel}","templated":true}]}}