{"id":16174,"date":"2025-10-06T07:39:48","date_gmt":"2025-10-06T07:39:48","guid":{"rendered":"https:\/\/www.electroluxprofessional.com\/nl\/?page_id=16174"},"modified":"2025-11-25T13:23:55","modified_gmt":"2025-11-25T13:23:55","slug":"doorschuifmachines","status":"publish","type":"page","link":"https:\/\/www.electroluxprofessional.com\/nl\/keuken\/doorschuifmachines\/","title":{"rendered":"Doorschuif Vaatwasser"},"content":{"rendered":"<p>[vc_row full_width=&#8221;electroluxpro-full-width-no-padding&#8221;][vc_column][elx_image_block background_image=&#8221;16170&#8243; vert_back_position=&#8221;top&#8221; minimum_height=&#8221;400px&#8221;][\/vc_column][\/vc_row][vc_row][vc_column][vc_empty_space height=&#8221;50px&#8221;][elx_text_image tag_title=&#8221;h1&#8243; class_title=&#8221;h1&#8243; style_image=&#8221;image_square&#8221; bg_row=&#8221;bg-download-white&#8221; lists=&#8221;%5B%7B%7D%5D&#8221; single_image=&#8221;16171&#8243; values=&#8221;%5B%7B%22tag_icon_title%22%3A%22h4%22%7D%5D&#8221; title=&#8221;Altijd met iets extra\u2019s:<br \/>\ngroene &amp; schone doorschuif vaatwasser&#8221;]<\/p>\n<p data-start=\"0\" data-end=\"306\">Als u op zoek bent naar een commerci\u00eble<strong> doorschuif vaatwasser<\/strong> die effici\u00ebntie biedt met maximale betrouwbaarheid, gebruiksgemak gecombineerd met<strong> innovatieve technologie, superieure prestaties \u00e9n besparingen op water, energie en vaatwasmiddel,<\/strong> dan heeft Electrolux Professional de juiste oplossing voor u.<\/p>\n<p data-start=\"308\" data-end=\"629\" data-is-last-node=\"\" data-is-only-node=\"\">Onze specialisatie in vaatwassystemen gaat ver terug, en in deze gevallen is ervaring de sleutel tot<strong> uitmuntendheid.<\/strong> Onze green&amp;clean doorschuif vaatwassers zorgen voor<strong> lagere gebruikskosten<\/strong> en een lager energieverbruik in vergelijking met standaardproducten op de markt van vandaag, met als doel een<strong> betere leefomgeving<\/strong>.<\/p>\n<p>[\/elx_text_image][elx_o2000_contact_us country=&#8221;Netherlands&#8221; b=&#8221;food&#8221; button_mode=&#8221;true&#8221; button_style=&#8221;secondary-bordered&#8221; postion_button=&#8221;text-left&#8221; postion_button_mobile=&#8221;text-left-mobile&#8221; text_btn_contact=&#8221;Neem contact op&#8221;][vc_empty_space][\/vc_column][\/vc_row][vc_row full_width=&#8221;electroluxpro-full-width-no-padding&#8221; css=&#8221;.vc_custom_1743666205203{background-color: #c4d69a !important;}&#8221;][vc_column][elx_features_download title=&#8221;&#8221; title_discover=&#8221;Ontdek&#8221; title_position=&#8221;top&#8221; bg_row=&#8221;bg-row-sustainability-green&#8221; values=&#8221;%5B%7B%22select_type%22%3A%22link%22%7D%5D&#8221; discover=&#8221;%5B%7B%7D%5D&#8221; features=&#8221;%5B%7B%22icon_electroluxpro%22%3A%22elx-icon%20icon-60-energy-savings-white%22%2C%22title_icon%22%3A%22Bespaar%20water%2C%20energie%20en%20red%20het%20milieu%22%2C%22tag_icon_title%22%3A%22h2%22%2C%22class_icon_title%22%3A%22h4%22%2C%22text_icon%22%3A%22Verminder%20het%20verbruik%20met%20tot%20wel%2060%25%2C%20met%2034%25*%20besparing%20op%20chemicali%C3%ABn%20dankzij%20het%20lage%20spoelwaterverbruik%20en%20de%20geoptimaliseerde%20waskuip.%20Minder%20verbruik%20van%20water%2C%20energie%2C%20vaatwasmiddel%20en%20naglansmiddel%20betekent%20lagere%20gebruikskosten%20en%20minder%20impact%20op%20het%20milieu.%5Cn%5Cn%3Cbr%3E%3Cp%20style%3D%5C%22font-size%3A%20small%3B%5C%22%3E*De%20kostenbesparingen%20zijn%20het%20resultaat%20van%20berekeningen%20uitgevoerd%20door%20het%20Electrolux%20Professional%20LAB%2C%20dat%20gecertificeerd%20is%20door%20IMQ%20en%20INTERTEK.%20De%20vergelijking%20is%20gemaakt%20tussen%20een%20green%26clean%20doorschuif%20vaatwasser%20en%20een%20equivalente%20conventionele%20machine%20met%203%20l%2Fcyclus%20voor%20het%20spoelen%2C%20100%20cycli%2Fdag%2C%20300%20werkdagen%2Fjaar%20en%20aanvoerwater.%3C%2Fp%3E%22%7D%5D&#8221;][\/elx_features_download][\/vc_column][\/vc_row][vc_row full_width=&#8221;electroluxpro-full-width-no-padding&#8221; css=&#8221;.vc_custom_1698245562412{background-color: #e9eff5 !important;}&#8221;][vc_column][elx_features_download title=&#8221;Gemaakt om uw bedrijf te verbeteren en het milieu te beschermen&#8221; tag_title=&#8221;h2&#8243; class_title=&#8221;h1&#8243; download_tag_title=&#8221;h3&#8243; download_class_title=&#8221;h4&#8243; title_discover=&#8221;Ontdek&#8221; discover_tag_title=&#8221;h3&#8243; discover_class_title=&#8221;h4&#8243; title_position=&#8221;top&#8221; bg_row=&#8221;bg-row-light-blue&#8221; values=&#8221;%5B%7B%22select_type%22%3A%22pride%22%2C%22label_pride_document%22%3A%22green%26clean%20Doorschuif%20Vaatwasser%20Brochure%22%2C%22document_type%22%3A%22brochures%22%2C%22br_document_number%22%3A%22BR-9JE00159%22%7D%5D&#8221; discover=&#8221;%5B%7B%7D%5D&#8221; features=&#8221;%5B%7B%22icon_electroluxpro%22%3A%22elx-icon%20icon-circle-clean-blue%22%2C%22title_icon%22%3A%22Uitstekende%20was-%20en%20spoelprestaties%22%2C%22tag_icon_title%22%3A%22h3%22%2C%22class_icon_title%22%3A%22h4%22%2C%22text_icon%22%3A%22De%20ideale%20vaatwasser%20voor%20het%20reinigen%20van%20borden%2C%20kopjes%2C%20bestek%2C%20trays%2C%20gastronormbakken%20en%20bestek%20met%20%3Cb%3Evolledige%20verwijdering%20van%20vaatwasmiddel%3C%2Fb%3E.%22%7D%2C%7B%22icon_electroluxpro%22%3A%22elx-icon%20icon-circle-safe-blue%22%2C%22title_icon%22%3A%22Veiligheid%20staat%20voorop%22%2C%22tag_icon_title%22%3A%22h3%22%2C%22class_icon_title%22%3A%22h4%22%2C%22text_icon%22%3A%22Uniek%20WASH%C2%B7SAFE%20CONTROL-systeem%20voor%20een%20%3Cb%3Econstante%20nominale%20spoeltemperatuur%3C%2Fb%3E%20van%2084%20%C2%B0C.%22%7D%2C%7B%22icon_electroluxpro%22%3A%22elx-icon%20icon-circle-easy-blue%22%2C%22title_icon%22%3A%22Gemakkelijk%20voor%20u%20gemaakt%22%2C%22tag_icon_title%22%3A%22h3%22%2C%22class_icon_title%22%3A%22h4%22%2C%22text_icon%22%3A%22ChatGPT%20said%3A%5Cn%5CnDe%20green%26clean%20doorschuif%20vaatwasser%20%E2%80%93%20ontwikkeld%20met%20een%20hoekbedieningspaneel%20voor%20%3Cb%3Emaximale%20zichtbaarheid%20en%20bediening%3C%2Fb%3E.%22%7D%5D&#8221;][\/elx_features_download][vc_empty_space height=&#8221;20px&#8221;][\/vc_column][\/vc_row][vc_row][vc_column][vc_empty_space height=&#8221;50px&#8221;][elx_text_image class_title=&#8221;h1&#8243; style_image=&#8221;image_square&#8221; bg_row=&#8221;bg-download-white&#8221; lists=&#8221;%5B%7B%7D%5D&#8221; single_image=&#8221;796&#8243; values=&#8221;%5B%7B%22tag_icon_title%22%3A%22h4%22%7D%5D&#8221;]<\/p>\n<h2>Perfecte hygi\u00ebne<\/h2>\n<p data-start=\"0\" data-end=\"217\">Geen zorgen meer, <strong>de hygi\u00ebne<\/strong> is altijd onder controle.<br data-start=\"54\" data-end=\"57\" \/><strong>Wash-Safe Control<\/strong>: de spoelkwaliteit is gegarandeerd dankzij de constante spoeltemperatuur van 84 \u00b0C en de waterdruk die onafhankelijk is van de waterleiding.<\/p>\n<p data-start=\"219\" data-end=\"468\" data-is-last-node=\"\" data-is-only-node=\"\">De green&amp;clean doorschuif vaatwasser garandeert een <strong>constante spoeltemperatuur van 84 \u00b0C<\/strong>, waardoor perfecte hygi\u00ebnische omstandigheden en volledige verwijdering van vaatwasmiddel worden verzekerd, in overeenstemming met de hoogste veiligheidsnormen.<\/p>\n<p>[\/elx_text_image][vc_empty_space height=&#8221;70px&#8221;][\/vc_column][\/vc_row][vc_row disable_element=&#8221;yes&#8221;][vc_column][elx_video_text title=&#8221;Always with<br \/>\nsomething extra to<br \/>\nobtain the most for<br \/>\nyour business.&#8221; bg_row=&#8221;bg-download-blue&#8221; color_text_row=&#8221;text-white&#8221; image_preview=&#8221;16173&#8243;]Check the video to discover all the details about the green&amp;clean Hood Type Dishwasher.[\/elx_video_text][\/vc_column][\/vc_row][vc_row][vc_column][elx_text_image class_title=&#8221;h1&#8243; style_image=&#8221;image_horizontal&#8221; button_style=&#8221;secondary-bordered&#8221; bg_row=&#8221;bg-download-white&#8221; title=&#8221;Briljante resultaten en optimale prestaties&#8221; lists=&#8221;%5B%7B%7D%5D&#8221; single_image=&#8221;16172&#8243; values=&#8221;%5B%7B%22tag_icon_title%22%3A%22h4%22%7D%5D&#8221; link=&#8221;url:https%3A%2F%2Fwww.electroluxprofessional.com%2Fnl%2Faccessoires-en-verbruiksproducten%2Fvaatwas%2F|title:ONTDEK%20DE%20OPLOSSINGEN|target:_blank&#8221;]<\/p>\n<article class=\"text-token-text-primary w-full focus:outline-none scroll-mt-[calc(var(--header-height)+min(200px,max(70px,20svh)))]\" dir=\"auto\" tabindex=\"-1\" data-turn-id=\"request-WEB:66d06c8f-1b8f-45f9-ac02-3ac5d02811b8-11\" data-testid=\"conversation-turn-24\" data-scroll-anchor=\"true\" data-turn=\"assistant\">\n<div class=\"text-base my-auto mx-auto pb-10 [--thread-content-margin:--spacing(4)] thread-sm:[--thread-content-margin:--spacing(6)] thread-lg:[--thread-content-margin:--spacing(16)] px-(--thread-content-margin)\">\n<div class=\"[--thread-content-max-width:40rem] thread-lg:[--thread-content-max-width:48rem] mx-auto max-w-(--thread-content-max-width) flex-1 group\/turn-messages focus-visible:outline-hidden relative flex w-full min-w-0 flex-col agent-turn\" tabindex=\"-1\">\n<div class=\"flex max-w-full flex-col grow\">\n<div class=\"min-h-8 text-message relative flex w-full flex-col items-end gap-2 text-start break-words whitespace-normal [.text-message+&amp;]:mt-5\" dir=\"auto\" data-message-author-role=\"assistant\" data-message-id=\"8d4fb177-06c6-48ae-a5f7-f1c47ec480b2\" data-message-model-slug=\"gpt-5-mini\">\n<div class=\"flex w-full flex-col gap-1 empty:hidden first:pt-[1px]\">\n<div class=\"markdown prose dark:prose-invert w-full break-words light markdown-new-styling\">\n<p data-start=\"0\" data-end=\"302\" data-is-last-node=\"\" data-is-only-node=\"\">Gebruik de juiste <strong>desinfecterende vloeibare vaatwas detergenten <\/strong>om de beste resultaten voor uw bedrijf te behalen.<br data-start=\"110\" data-end=\"113\" \/>Voor glanzende glazen verwijderen deze middelen volledig druppels en vlekken, waardoor alles<strong> perfect droog en schoon blijft.<\/strong> Dankzij een specifieke formule voorkomen we de vorming van kalk.<\/p>\n<\/div>\n<\/div>\n<\/div>\n<\/div>\n<\/div>\n<\/div>\n<\/article>\n<p>[\/elx_text_image][vc_empty_space height=&#8221;15px&#8221;][elx_heading font_size=&#8221;h3&#8243; text_color=&#8221;inherit&#8221;]Vind uw complete oplossing[\/elx_heading][\/vc_column][\/vc_row][vc_row][vc_column width=&#8221;1\/3&#8243;][elx_maylike_box id_box=&#8221;5551&#8243;][\/vc_column][vc_column width=&#8221;1\/3&#8243;][elx_maylike_box id_box=&#8221;3304&#8243;][\/vc_column][vc_column width=&#8221;1\/3&#8243;][elx_maylike_box id_box=&#8221;3207&#8243;][\/vc_column][\/vc_row][vc_row el_id=&#8221;products&#8221;][vc_column][\/vc_column][\/vc_row]<\/p>\n","protected":false},"excerpt":{"rendered":"<p>[vc_row full_width=&#8221;electroluxpro-full-width-no-padding&#8221;][vc_column][elx_image_block background_image=&#8221;16170&#8243; vert_back_position=&#8221;top&#8221; minimum_height=&#8221;400px&#8221;][\/vc_column][\/vc_row][vc_row][vc_column][vc_empty_space height=&#8221;50px&#8221;][elx_text_image tag_title=&#8221;h1&#8243; class_title=&#8221;h1&#8243; style_image=&#8221;image_square&#8221; bg_row=&#8221;bg-download-white&#8221; lists=&#8221;%5B%7B%7D%5D&#8221; single_image=&#8221;16171&#8243; values=&#8221;%5B%7B%22tag_icon_title%22%3A%22h4%22%7D%5D&#8221; title=&#8221;Altijd met iets extra\u2019s: groene &amp; schone doorschuif vaatwasser&#8221;] Als u op zoek bent naar een commerci\u00eble doorschuif vaatwasser die effici\u00ebntie biedt met maximale betrouwbaarheid, gebruiksgemak gecombineerd met innovatieve technologie, superieure prestaties \u00e9n besparingen op water, energie en vaatwasmiddel, dan heeft Electrolux [&hellip;]<\/p>\n","protected":false},"author":182,"featured_media":16169,"parent":2179,"menu_order":0,"comment_status":"closed","ping_status":"closed","template":"","meta":{"footnotes":""},"class_list":["post-16174","page","type-page","status-publish","has-post-thumbnail","hentry"],"acf":[],"yoast_head":"<!-- This site is optimized with the Yoast SEO plugin v23.3 - https:\/\/yoast.com\/wordpress\/plugins\/seo\/ -->\n<title>Doorschuif Vaatwasser - Electrolux Professional Nederland<\/title>\n<meta name=\"description\" content=\"Electrolux Professional Hood Type Dishwasher guarantees low consumption of fresh water, savings in energy and detergent, ease of use together with innovative technology.\" \/>\n<meta name=\"robots\" content=\"index, follow, max-snippet:-1, max-image-preview:large, max-video-preview:-1\" \/>\n<link rel=\"canonical\" href=\"https:\/\/www.electroluxprofessional.com\/nl\/keuken\/doorschuifmachines\/\" \/>\n<meta property=\"og:locale\" content=\"nl_NL\" \/>\n<meta property=\"og:type\" content=\"article\" \/>\n<meta property=\"og:title\" content=\"Doorschuif Vaatwasser - Electrolux Professional Nederland\" \/>\n<meta property=\"og:description\" content=\"Electrolux Professional Hood Type Dishwasher guarantees low consumption of fresh water, savings in energy and detergent, ease of use together with innovative technology.\" \/>\n<meta property=\"og:url\" content=\"https:\/\/www.electroluxprofessional.com\/nl\/keuken\/doorschuifmachines\/\" \/>\n<meta property=\"og:site_name\" content=\"Electrolux Professional Nederland\" \/>\n<meta property=\"article:modified_time\" content=\"2025-11-25T13:23:55+00:00\" \/>\n<meta property=\"og:image\" content=\"https:\/\/www.electroluxprofessional.com\/nl\/wp-content\/uploads\/2025\/10\/Hood-Type-category-featured.webp\" \/>\n\t<meta property=\"og:image:width\" content=\"966\" \/>\n\t<meta property=\"og:image:height\" content=\"712\" \/>\n\t<meta property=\"og:image:type\" content=\"image\/webp\" \/>\n<meta name=\"twitter:card\" content=\"summary_large_image\" \/>\n<meta name=\"twitter:label1\" content=\"Geschatte leestijd\" \/>\n\t<meta name=\"twitter:data1\" content=\"3 minuten\" \/>\n<script type=\"application\/ld+json\" class=\"yoast-schema-graph\">{\"@context\":\"https:\/\/schema.org\",\"@graph\":[{\"@type\":\"WebPage\",\"@id\":\"https:\/\/www.electroluxprofessional.com\/nl\/keuken\/doorschuifmachines\/\",\"url\":\"https:\/\/www.electroluxprofessional.com\/nl\/keuken\/doorschuifmachines\/\",\"name\":\"Doorschuif Vaatwasser - Electrolux Professional Nederland\",\"isPartOf\":{\"@id\":\"https:\/\/www.electroluxprofessional.com\/nl\/#website\"},\"primaryImageOfPage\":{\"@id\":\"https:\/\/www.electroluxprofessional.com\/nl\/keuken\/doorschuifmachines\/#primaryimage\"},\"image\":{\"@id\":\"https:\/\/www.electroluxprofessional.com\/nl\/keuken\/doorschuifmachines\/#primaryimage\"},\"thumbnailUrl\":\"https:\/\/www.electroluxprofessional.com\/nl\/wp-content\/uploads\/2025\/10\/Hood-Type-category-featured.webp\",\"datePublished\":\"2025-10-06T07:39:48+00:00\",\"dateModified\":\"2025-11-25T13:23:55+00:00\",\"description\":\"Electrolux Professional Hood Type Dishwasher guarantees low consumption of fresh water, savings in energy and detergent, ease of use together with innovative technology.\",\"breadcrumb\":{\"@id\":\"https:\/\/www.electroluxprofessional.com\/nl\/keuken\/doorschuifmachines\/#breadcrumb\"},\"inLanguage\":\"nl-NL\",\"potentialAction\":[{\"@type\":\"ReadAction\",\"target\":[\"https:\/\/www.electroluxprofessional.com\/nl\/keuken\/doorschuifmachines\/\"]}]},{\"@type\":\"ImageObject\",\"inLanguage\":\"nl-NL\",\"@id\":\"https:\/\/www.electroluxprofessional.com\/nl\/keuken\/doorschuifmachines\/#primaryimage\",\"url\":\"https:\/\/www.electroluxprofessional.com\/nl\/wp-content\/uploads\/2025\/10\/Hood-Type-category-featured.webp\",\"contentUrl\":\"https:\/\/www.electroluxprofessional.com\/nl\/wp-content\/uploads\/2025\/10\/Hood-Type-category-featured.webp\",\"width\":966,\"height\":712},{\"@type\":\"BreadcrumbList\",\"@id\":\"https:\/\/www.electroluxprofessional.com\/nl\/keuken\/doorschuifmachines\/#breadcrumb\",\"itemListElement\":[{\"@type\":\"ListItem\",\"position\":1,\"name\":\"Home\",\"item\":\"https:\/\/www.electroluxprofessional.com\/nl\/\"},{\"@type\":\"ListItem\",\"position\":2,\"name\":\"Keuken\",\"item\":\"https:\/\/www.electroluxprofessional.com\/nl\/keuken\/\"},{\"@type\":\"ListItem\",\"position\":3,\"name\":\"Doorschuif Vaatwasser\"}]},{\"@type\":\"WebSite\",\"@id\":\"https:\/\/www.electroluxprofessional.com\/nl\/#website\",\"url\":\"https:\/\/www.electroluxprofessional.com\/nl\/\",\"name\":\"Electrolux Professional Nederland\",\"description\":\"Professionele wasserij- en keukenapparatuur\",\"potentialAction\":[{\"@type\":\"SearchAction\",\"target\":{\"@type\":\"EntryPoint\",\"urlTemplate\":\"https:\/\/www.electroluxprofessional.com\/nl\/?src={search_term_string}\"},\"query-input\":\"required name=search_term_string\"}],\"inLanguage\":\"nl-NL\"}]}<\/script>\n<!-- \/ Yoast SEO plugin. -->","yoast_head_json":{"title":"Doorschuif Vaatwasser - Electrolux Professional Nederland","description":"Electrolux Professional Hood Type Dishwasher guarantees low consumption of fresh water, savings in energy and detergent, ease of use together with innovative technology.","robots":{"index":"index","follow":"follow","max-snippet":"max-snippet:-1","max-image-preview":"max-image-preview:large","max-video-preview":"max-video-preview:-1"},"canonical":"https:\/\/www.electroluxprofessional.com\/nl\/keuken\/doorschuifmachines\/","og_locale":"nl_NL","og_type":"article","og_title":"Doorschuif Vaatwasser - Electrolux Professional Nederland","og_description":"Electrolux Professional Hood Type Dishwasher guarantees low consumption of fresh water, savings in energy and detergent, ease of use together with innovative technology.","og_url":"https:\/\/www.electroluxprofessional.com\/nl\/keuken\/doorschuifmachines\/","og_site_name":"Electrolux Professional Nederland","article_modified_time":"2025-11-25T13:23:55+00:00","og_image":[{"width":966,"height":712,"url":"https:\/\/www.electroluxprofessional.com\/nl\/wp-content\/uploads\/2025\/10\/Hood-Type-category-featured.webp","type":"image\/webp"}],"twitter_card":"summary_large_image","twitter_misc":{"Geschatte leestijd":"3 minuten"},"schema":{"@context":"https:\/\/schema.org","@graph":[{"@type":"WebPage","@id":"https:\/\/www.electroluxprofessional.com\/nl\/keuken\/doorschuifmachines\/","url":"https:\/\/www.electroluxprofessional.com\/nl\/keuken\/doorschuifmachines\/","name":"Doorschuif Vaatwasser - Electrolux Professional Nederland","isPartOf":{"@id":"https:\/\/www.electroluxprofessional.com\/nl\/#website"},"primaryImageOfPage":{"@id":"https:\/\/www.electroluxprofessional.com\/nl\/keuken\/doorschuifmachines\/#primaryimage"},"image":{"@id":"https:\/\/www.electroluxprofessional.com\/nl\/keuken\/doorschuifmachines\/#primaryimage"},"thumbnailUrl":"https:\/\/www.electroluxprofessional.com\/nl\/wp-content\/uploads\/2025\/10\/Hood-Type-category-featured.webp","datePublished":"2025-10-06T07:39:48+00:00","dateModified":"2025-11-25T13:23:55+00:00","description":"Electrolux Professional Hood Type Dishwasher guarantees low consumption of fresh water, savings in energy and detergent, ease of use together with innovative technology.","breadcrumb":{"@id":"https:\/\/www.electroluxprofessional.com\/nl\/keuken\/doorschuifmachines\/#breadcrumb"},"inLanguage":"nl-NL","potentialAction":[{"@type":"ReadAction","target":["https:\/\/www.electroluxprofessional.com\/nl\/keuken\/doorschuifmachines\/"]}]},{"@type":"ImageObject","inLanguage":"nl-NL","@id":"https:\/\/www.electroluxprofessional.com\/nl\/keuken\/doorschuifmachines\/#primaryimage","url":"https:\/\/www.electroluxprofessional.com\/nl\/wp-content\/uploads\/2025\/10\/Hood-Type-category-featured.webp","contentUrl":"https:\/\/www.electroluxprofessional.com\/nl\/wp-content\/uploads\/2025\/10\/Hood-Type-category-featured.webp","width":966,"height":712},{"@type":"BreadcrumbList","@id":"https:\/\/www.electroluxprofessional.com\/nl\/keuken\/doorschuifmachines\/#breadcrumb","itemListElement":[{"@type":"ListItem","position":1,"name":"Home","item":"https:\/\/www.electroluxprofessional.com\/nl\/"},{"@type":"ListItem","position":2,"name":"Keuken","item":"https:\/\/www.electroluxprofessional.com\/nl\/keuken\/"},{"@type":"ListItem","position":3,"name":"Doorschuif Vaatwasser"}]},{"@type":"WebSite","@id":"https:\/\/www.electroluxprofessional.com\/nl\/#website","url":"https:\/\/www.electroluxprofessional.com\/nl\/","name":"Electrolux Professional Nederland","description":"Professionele wasserij- en keukenapparatuur","potentialAction":[{"@type":"SearchAction","target":{"@type":"EntryPoint","urlTemplate":"https:\/\/www.electroluxprofessional.com\/nl\/?src={search_term_string}"},"query-input":"required name=search_term_string"}],"inLanguage":"nl-NL"}]}},"_links":{"self":[{"href":"https:\/\/www.electroluxprofessional.com\/nl\/wp-json\/wp\/v2\/pages\/16174"}],"collection":[{"href":"https:\/\/www.electroluxprofessional.com\/nl\/wp-json\/wp\/v2\/pages"}],"about":[{"href":"https:\/\/www.electroluxprofessional.com\/nl\/wp-json\/wp\/v2\/types\/page"}],"author":[{"embeddable":true,"href":"https:\/\/www.electroluxprofessional.com\/nl\/wp-json\/wp\/v2\/users\/182"}],"replies":[{"embeddable":true,"href":"https:\/\/www.electroluxprofessional.com\/nl\/wp-json\/wp\/v2\/comments?post=16174"}],"version-history":[{"count":20,"href":"https:\/\/www.electroluxprofessional.com\/nl\/wp-json\/wp\/v2\/pages\/16174\/revisions"}],"predecessor-version":[{"id":16582,"href":"https:\/\/www.electroluxprofessional.com\/nl\/wp-json\/wp\/v2\/pages\/16174\/revisions\/16582"}],"up":[{"embeddable":true,"href":"https:\/\/www.electroluxprofessional.com\/nl\/wp-json\/wp\/v2\/pages\/2179"}],"wp:featuredmedia":[{"embeddable":true,"href":"https:\/\/www.electroluxprofessional.com\/nl\/wp-json\/wp\/v2\/media\/16169"}],"wp:attachment":[{"href":"https:\/\/www.electroluxprofessional.com\/nl\/wp-json\/wp\/v2\/media?parent=16174"}],"curies":[{"name":"wp","href":"https:\/\/api.w.org\/{rel}","templated":true}]}}